{"id":8841,"date":"2021-11-04T18:54:34","date_gmt":"2021-11-04T17:54:34","guid":{"rendered":"https:\/\/zapateneo.net\/wordpress\/?post_type=product&#038;p=8841"},"modified":"2021-11-04T18:54:38","modified_gmt":"2021-11-04T17:54:38","slug":"no-es-una-estafa-es-una-crisis-de-civilizacion","status":"publish","type":"product","link":"https:\/\/zapateneo.net\/wordpress\/index.php\/producto\/no-es-una-estafa-es-una-crisis-de-civilizacion\/","title":{"rendered":"No es una estafa, es una crisis (de civilizaci\u00f3n)"},"content":{"rendered":"<p>Un conocimiento b\u00e1sico sobre el estado de la cuesti\u00f3n energ\u00e9tica es suficiente para determinar, con solvencia, que de esta crisis no se puede salir seg\u00fan los par\u00e1metros habituales a los que la econom\u00eda nos ha acostumbrado en los \u00faltimos 250 a\u00f1os. Y si ampliamos la mirada m\u00e1s all\u00e1 de la energ\u00eda, esta afirmaci\u00f3n no hace sino coger m\u00e1s fuerza. Sencillamente, la era del crecimiento econ\u00f3mico, al menos de un crecimiento econ\u00f3mico global y simult\u00e1neo en todas las regiones del planeta, se ha terminado. O est\u00e1 presentando, a lo sumo, los \u00faltimos estertores de su agon\u00eda.<\/p>\n<p>El libro, tras una primera parte dedicada espec\u00edficamente al pico del petr\u00f3leo y a una puesta en situaci\u00f3n de las energ\u00edas f\u00f3siles y alternativas, ahonda en el an\u00e1lisis de la crisis civilizatoria en curso, y en sus vertientes y oportunidades pol\u00edticas.<\/p>\n<p>Aunque la crisis de civilizaci\u00f3n y su impacto se calibran en lenguaje energ\u00e9tico, no son producto de un problema energ\u00e9tico. El agotamiento del petr\u00f3leo se presenta como una grave encrucijada solo en relaci\u00f3n al modelo de sociedad imperante. La fractura metab\u00f3lica capitalista no es simplemente una ruptura con los principios m\u00e1s b\u00e1sicos de la termodin\u00e1mica. Es tambi\u00e9n un divorcio de nuestros sistemas de pensamiento respecto a la realidad, la raz\u00f3n y el sentido com\u00fan. Y sobre todo, el resultado de un proceso hist\u00f3rico de extrav\u00edo y degradaci\u00f3n de nuestros v\u00ednculos sociales: la aparici\u00f3n de sociedades de mercado autorregulado, donde cada vez m\u00e1s la vida social es reducida a un intercambio incesante de riqueza abstracta (dinero) en t\u00e9rminos competitivos. Es el imperativo capitalista de transformar toda riqueza real en riqueza abstracta, de hacer pasar todo lo que puede servir para satisfacer necesidades humanas por unos par\u00e1metros de rentabilidad y productividad que son impuestos de forma an\u00f3nima y coercitiva por la competencia, lo que obliga a cada agente econ\u00f3mico a obtener beneficios o morir.<\/p>\n<p>El socialismo que tenemos que construir es un socialismo sustancialmente distinto. De primeras, debe estar ecol\u00f3gicamente fundamentado, con la mirada puesta en la Sostenibilidad, y ser por tanto un eco-socialismo. Tambi\u00e9n debe aceptar, como sustrato pol\u00edtico fundamental, la extensi\u00f3n del pluralismo, de la participaci\u00f3n democr\u00e1tica directa y la organizaci\u00f3n autogestionaria de abajo-arriba en todo el orden social. Ser por tanto un eco-socialismo de fuerte inspiraci\u00f3n libertaria.<\/p>\n","protected":false},"excerpt":{"rendered":"<p><strong>Emilio Santiago Mui\u00f1o<\/strong><br \/>\n9788494270888 &#8211; Enclave de libros &#8211; 2015 &#8211; 288 p\u00e1ginas \/orri.<\/p>\n","protected":false},"featured_media":8846,"template":"","meta":[],"product_brand":[],"product_cat":[180,16],"product_tag":[4699,631],"class_list":{"0":"post-8841","1":"product","2":"type-product","3":"status-publish","4":"has-post-thumbnail","6":"product_cat-ekologia-ecologia","7":"product_cat-libros","8":"product_tag-emilio-santiago-muino","9":"product_tag-enclave-de-libros","11":"first","12":"instock","13":"sold-individually","14":"shipping-taxable","15":"purchasable","16":"product-type-simple"},"yoast_head":"<!-- This site is optimized with the Yoast SEO plugin v27.3 - https:\/\/yoast.com\/product\/yoast-seo-wordpress\/ -->\n<title>No es una estafa, es una crisis (de civilizaci\u00f3n) &#8212; Zapateneo<\/title>\n<meta name=\"robots\" content=\"index, follow, max-snippet:-1, max-image-preview:large, max-video-preview:-1\" \/>\n<link rel=\"canonical\" href=\"https:\/\/zapateneo.net\/wordpress\/index.php\/producto\/no-es-una-estafa-es-una-crisis-de-civilizacion\/\" \/>\n<meta property=\"og:locale\" content=\"es_ES\" \/>\n<meta property=\"og:type\" content=\"article\" \/>\n<meta property=\"og:title\" content=\"No es una estafa, es una crisis (de civilizaci\u00f3n) &#8212; Zapateneo\" \/>\n<meta property=\"og:description\" content=\"Emilio Santiago Mui\u00f1o 9788494270888 - Enclave de libros - 2015 - 288 p\u00e1ginas \/orri.\" \/>\n<meta property=\"og:url\" content=\"https:\/\/zapateneo.net\/wordpress\/index.php\/producto\/no-es-una-estafa-es-una-crisis-de-civilizacion\/\" \/>\n<meta property=\"og:site_name\" content=\"Zapateneo\" \/>\n<meta property=\"article:modified_time\" content=\"2021-11-04T17:54:38+00:00\" \/>\n<meta property=\"og:image\" content=\"https:\/\/zapateneo.net\/wordpress\/wp-content\/uploads\/2021\/11\/9788494270888.png\" \/>\n\t<meta property=\"og:image:width\" content=\"282\" \/>\n\t<meta property=\"og:image:height\" content=\"400\" \/>\n\t<meta property=\"og:image:type\" content=\"image\/png\" \/>\n<meta name=\"twitter:card\" content=\"summary_large_image\" \/>\n<meta name=\"twitter:site\" content=\"@zapateneo\" \/>\n<meta name=\"twitter:label1\" content=\"Tiempo de lectura\" \/>\n\t<meta name=\"twitter:data1\" content=\"2 minutos\" \/>\n<script type=\"application\/ld+json\" class=\"yoast-schema-graph\">{\"@context\":\"https:\\\/\\\/schema.org\",\"@graph\":[{\"@type\":\"WebPage\",\"@id\":\"https:\\\/\\\/zapateneo.net\\\/wordpress\\\/index.php\\\/producto\\\/no-es-una-estafa-es-una-crisis-de-civilizacion\\\/\",\"url\":\"https:\\\/\\\/zapateneo.net\\\/wordpress\\\/index.php\\\/producto\\\/no-es-una-estafa-es-una-crisis-de-civilizacion\\\/\",\"name\":\"No es una estafa, es una crisis (de civilizaci\u00f3n) &#8212; Zapateneo\",\"isPartOf\":{\"@id\":\"https:\\\/\\\/zapateneo.net\\\/wordpress\\\/#website\"},\"primaryImageOfPage\":{\"@id\":\"https:\\\/\\\/zapateneo.net\\\/wordpress\\\/index.php\\\/producto\\\/no-es-una-estafa-es-una-crisis-de-civilizacion\\\/#primaryimage\"},\"image\":{\"@id\":\"https:\\\/\\\/zapateneo.net\\\/wordpress\\\/index.php\\\/producto\\\/no-es-una-estafa-es-una-crisis-de-civilizacion\\\/#primaryimage\"},\"thumbnailUrl\":\"https:\\\/\\\/zapateneo.net\\\/wordpress\\\/wp-content\\\/uploads\\\/2021\\\/11\\\/9788494270888.png\",\"datePublished\":\"2021-11-04T17:54:34+00:00\",\"dateModified\":\"2021-11-04T17:54:38+00:00\",\"breadcrumb\":{\"@id\":\"https:\\\/\\\/zapateneo.net\\\/wordpress\\\/index.php\\\/producto\\\/no-es-una-estafa-es-una-crisis-de-civilizacion\\\/#breadcrumb\"},\"inLanguage\":\"es\",\"potentialAction\":[{\"@type\":\"ReadAction\",\"target\":[\"https:\\\/\\\/zapateneo.net\\\/wordpress\\\/index.php\\\/producto\\\/no-es-una-estafa-es-una-crisis-de-civilizacion\\\/\"]}]},{\"@type\":\"ImageObject\",\"inLanguage\":\"es\",\"@id\":\"https:\\\/\\\/zapateneo.net\\\/wordpress\\\/index.php\\\/producto\\\/no-es-una-estafa-es-una-crisis-de-civilizacion\\\/#primaryimage\",\"url\":\"https:\\\/\\\/zapateneo.net\\\/wordpress\\\/wp-content\\\/uploads\\\/2021\\\/11\\\/9788494270888.png\",\"contentUrl\":\"https:\\\/\\\/zapateneo.net\\\/wordpress\\\/wp-content\\\/uploads\\\/2021\\\/11\\\/9788494270888.png\",\"width\":282,\"height\":400},{\"@type\":\"BreadcrumbList\",\"@id\":\"https:\\\/\\\/zapateneo.net\\\/wordpress\\\/index.php\\\/producto\\\/no-es-una-estafa-es-una-crisis-de-civilizacion\\\/#breadcrumb\",\"itemListElement\":[{\"@type\":\"ListItem\",\"position\":1,\"name\":\"Portada\",\"item\":\"https:\\\/\\\/zapateneo.net\\\/wordpress\\\/\"},{\"@type\":\"ListItem\",\"position\":2,\"name\":\"Tienda\",\"item\":\"https:\\\/\\\/zapateneo.net\\\/wordpress\\\/\"},{\"@type\":\"ListItem\",\"position\":3,\"name\":\"No es una estafa, es una crisis (de civilizaci\u00f3n)\"}]},{\"@type\":\"WebSite\",\"@id\":\"https:\\\/\\\/zapateneo.net\\\/wordpress\\\/#website\",\"url\":\"https:\\\/\\\/zapateneo.net\\\/wordpress\\\/\",\"name\":\"Zapateneo\",\"description\":\"Zapateneoaren webgunea\",\"publisher\":{\"@id\":\"https:\\\/\\\/zapateneo.net\\\/wordpress\\\/#organization\"},\"potentialAction\":[{\"@type\":\"SearchAction\",\"target\":{\"@type\":\"EntryPoint\",\"urlTemplate\":\"https:\\\/\\\/zapateneo.net\\\/wordpress\\\/?s={search_term_string}\"},\"query-input\":{\"@type\":\"PropertyValueSpecification\",\"valueRequired\":true,\"valueName\":\"search_term_string\"}}],\"inLanguage\":\"es\"},{\"@type\":\"Organization\",\"@id\":\"https:\\\/\\\/zapateneo.net\\\/wordpress\\\/#organization\",\"name\":\"Zapateneo Kultur Elkartea\",\"url\":\"https:\\\/\\\/zapateneo.net\\\/wordpress\\\/\",\"logo\":{\"@type\":\"ImageObject\",\"inLanguage\":\"es\",\"@id\":\"https:\\\/\\\/zapateneo.net\\\/wordpress\\\/#\\\/schema\\\/logo\\\/image\\\/\",\"url\":\"https:\\\/\\\/zapateneo.net\\\/wordpress\\\/wp-content\\\/uploads\\\/2021\\\/04\\\/zap-libu-kolec.jpg\",\"contentUrl\":\"https:\\\/\\\/zapateneo.net\\\/wordpress\\\/wp-content\\\/uploads\\\/2021\\\/04\\\/zap-libu-kolec.jpg\",\"width\":2234,\"height\":398,\"caption\":\"Zapateneo Kultur Elkartea\"},\"image\":{\"@id\":\"https:\\\/\\\/zapateneo.net\\\/wordpress\\\/#\\\/schema\\\/logo\\\/image\\\/\"},\"sameAs\":[\"https:\\\/\\\/x.com\\\/zapateneo\"]}]}<\/script>\n<!-- \/ Yoast SEO plugin. -->","yoast_head_json":{"title":"No es una estafa, es una crisis (de civilizaci\u00f3n) &#8212; Zapateneo","robots":{"index":"index","follow":"follow","max-snippet":"max-snippet:-1","max-image-preview":"max-image-preview:large","max-video-preview":"max-video-preview:-1"},"canonical":"https:\/\/zapateneo.net\/wordpress\/index.php\/producto\/no-es-una-estafa-es-una-crisis-de-civilizacion\/","og_locale":"es_ES","og_type":"article","og_title":"No es una estafa, es una crisis (de civilizaci\u00f3n) &#8212; Zapateneo","og_description":"Emilio Santiago Mui\u00f1o 9788494270888 - Enclave de libros - 2015 - 288 p\u00e1ginas \/orri.","og_url":"https:\/\/zapateneo.net\/wordpress\/index.php\/producto\/no-es-una-estafa-es-una-crisis-de-civilizacion\/","og_site_name":"Zapateneo","article_modified_time":"2021-11-04T17:54:38+00:00","og_image":[{"width":282,"height":400,"url":"https:\/\/zapateneo.net\/wordpress\/wp-content\/uploads\/2021\/11\/9788494270888.png","type":"image\/png"}],"twitter_card":"summary_large_image","twitter_site":"@zapateneo","twitter_misc":{"Tiempo de lectura":"2 minutos"},"schema":{"@context":"https:\/\/schema.org","@graph":[{"@type":"WebPage","@id":"https:\/\/zapateneo.net\/wordpress\/index.php\/producto\/no-es-una-estafa-es-una-crisis-de-civilizacion\/","url":"https:\/\/zapateneo.net\/wordpress\/index.php\/producto\/no-es-una-estafa-es-una-crisis-de-civilizacion\/","name":"No es una estafa, es una crisis (de civilizaci\u00f3n) &#8212; Zapateneo","isPartOf":{"@id":"https:\/\/zapateneo.net\/wordpress\/#website"},"primaryImageOfPage":{"@id":"https:\/\/zapateneo.net\/wordpress\/index.php\/producto\/no-es-una-estafa-es-una-crisis-de-civilizacion\/#primaryimage"},"image":{"@id":"https:\/\/zapateneo.net\/wordpress\/index.php\/producto\/no-es-una-estafa-es-una-crisis-de-civilizacion\/#primaryimage"},"thumbnailUrl":"https:\/\/zapateneo.net\/wordpress\/wp-content\/uploads\/2021\/11\/9788494270888.png","datePublished":"2021-11-04T17:54:34+00:00","dateModified":"2021-11-04T17:54:38+00:00","breadcrumb":{"@id":"https:\/\/zapateneo.net\/wordpress\/index.php\/producto\/no-es-una-estafa-es-una-crisis-de-civilizacion\/#breadcrumb"},"inLanguage":"es","potentialAction":[{"@type":"ReadAction","target":["https:\/\/zapateneo.net\/wordpress\/index.php\/producto\/no-es-una-estafa-es-una-crisis-de-civilizacion\/"]}]},{"@type":"ImageObject","inLanguage":"es","@id":"https:\/\/zapateneo.net\/wordpress\/index.php\/producto\/no-es-una-estafa-es-una-crisis-de-civilizacion\/#primaryimage","url":"https:\/\/zapateneo.net\/wordpress\/wp-content\/uploads\/2021\/11\/9788494270888.png","contentUrl":"https:\/\/zapateneo.net\/wordpress\/wp-content\/uploads\/2021\/11\/9788494270888.png","width":282,"height":400},{"@type":"BreadcrumbList","@id":"https:\/\/zapateneo.net\/wordpress\/index.php\/producto\/no-es-una-estafa-es-una-crisis-de-civilizacion\/#breadcrumb","itemListElement":[{"@type":"ListItem","position":1,"name":"Portada","item":"https:\/\/zapateneo.net\/wordpress\/"},{"@type":"ListItem","position":2,"name":"Tienda","item":"https:\/\/zapateneo.net\/wordpress\/"},{"@type":"ListItem","position":3,"name":"No es una estafa, es una crisis (de civilizaci\u00f3n)"}]},{"@type":"WebSite","@id":"https:\/\/zapateneo.net\/wordpress\/#website","url":"https:\/\/zapateneo.net\/wordpress\/","name":"Zapateneo","description":"Zapateneoaren webgunea","publisher":{"@id":"https:\/\/zapateneo.net\/wordpress\/#organization"},"potentialAction":[{"@type":"SearchAction","target":{"@type":"EntryPoint","urlTemplate":"https:\/\/zapateneo.net\/wordpress\/?s={search_term_string}"},"query-input":{"@type":"PropertyValueSpecification","valueRequired":true,"valueName":"search_term_string"}}],"inLanguage":"es"},{"@type":"Organization","@id":"https:\/\/zapateneo.net\/wordpress\/#organization","name":"Zapateneo Kultur Elkartea","url":"https:\/\/zapateneo.net\/wordpress\/","logo":{"@type":"ImageObject","inLanguage":"es","@id":"https:\/\/zapateneo.net\/wordpress\/#\/schema\/logo\/image\/","url":"https:\/\/zapateneo.net\/wordpress\/wp-content\/uploads\/2021\/04\/zap-libu-kolec.jpg","contentUrl":"https:\/\/zapateneo.net\/wordpress\/wp-content\/uploads\/2021\/04\/zap-libu-kolec.jpg","width":2234,"height":398,"caption":"Zapateneo Kultur Elkartea"},"image":{"@id":"https:\/\/zapateneo.net\/wordpress\/#\/schema\/logo\/image\/"},"sameAs":["https:\/\/x.com\/zapateneo"]}]}},"_links":{"self":[{"href":"https:\/\/zapateneo.net\/wordpress\/index.php\/wp-json\/wp\/v2\/product\/8841","targetHints":{"allow":["GET"]}}],"collection":[{"href":"https:\/\/zapateneo.net\/wordpress\/index.php\/wp-json\/wp\/v2\/product"}],"about":[{"href":"https:\/\/zapateneo.net\/wordpress\/index.php\/wp-json\/wp\/v2\/types\/product"}],"wp:featuredmedia":[{"embeddable":true,"href":"https:\/\/zapateneo.net\/wordpress\/index.php\/wp-json\/wp\/v2\/media\/8846"}],"wp:attachment":[{"href":"https:\/\/zapateneo.net\/wordpress\/index.php\/wp-json\/wp\/v2\/media?parent=8841"}],"wp:term":[{"taxonomy":"product_brand","embeddable":true,"href":"https:\/\/zapateneo.net\/wordpress\/index.php\/wp-json\/wp\/v2\/product_brand?post=8841"},{"taxonomy":"product_cat","embeddable":true,"href":"https:\/\/zapateneo.net\/wordpress\/index.php\/wp-json\/wp\/v2\/product_cat?post=8841"},{"taxonomy":"product_tag","embeddable":true,"href":"https:\/\/zapateneo.net\/wordpress\/index.php\/wp-json\/wp\/v2\/product_tag?post=8841"}],"curies":[{"name":"wp","href":"https:\/\/api.w.org\/{rel}","templated":true}]}}