{"id":8770,"date":"2021-10-31T19:57:13","date_gmt":"2021-10-31T18:57:13","guid":{"rendered":"https:\/\/zapateneo.net\/wordpress\/?post_type=product&#038;p=8770"},"modified":"2023-03-05T12:33:22","modified_gmt":"2023-03-05T11:33:22","slug":"en-el-vientre-de-mari-las-raices-preindoeuropeas-de-la-mitologia-vasca","status":"publish","type":"product","link":"https:\/\/zapateneo.net\/wordpress\/index.php\/producto\/en-el-vientre-de-mari-las-raices-preindoeuropeas-de-la-mitologia-vasca\/","title":{"rendered":"En el vientre de Mari. Las ra\u00edces preindoeuropeas de la mitolog\u00eda vasca"},"content":{"rendered":"<p>Guillermo Piquero nos invita a un nuevo recorrido por el universo simbolico aborigen europeo, tomando en esta ocasion como hilo conductor de su relato a al numen principal de la mitologia vasca: Mari. Los atributos miticos de Mari, gran deidad femenina que habita en las cuevas donde adopta aspectos zoomorfos y tiene diversos numenes animales a su servicio, encuentra su correlato en l a primera gran cultura simbolica de nuestro continente: el arte franco-cantabrico que ha llegado hasta nuestros dias a traves de las pinturas rupestres de animales y las famosas estatuillas femeninas conocidas como ?gvenus?h. En la misma area geog.afica se conservo durante siglos la antigua espiritualidad naturalista vasca donde, junto a Mari, tambien desempenaron un papel central sus consortes Akerbeltz y Sugaar, demonizados en el imaginario mitico catolico bajo las figuras del diablo y el dragon, pero cuyo significado originario como simbolos del principio de fertilidad de la naturaleza aun es recordado.<\/p>\n","protected":false},"excerpt":{"rendered":"<p><strong>Guillermo Piquero<\/strong><br \/>\n9788412203653 &#8211; Cauac &#8211; 2021 &#8211; 222 p\u00e1ginas \/orri.<\/p>\n","protected":false},"featured_media":8779,"template":"","meta":[],"product_brand":[],"product_cat":[185,16],"product_tag":[1473,4680],"class_list":{"0":"post-8770","1":"product","2":"type-product","3":"status-publish","4":"has-post-thumbnail","6":"product_cat-historia","7":"product_cat-libros","8":"product_tag-cauac","9":"product_tag-guillermo-piquero","11":"first","12":"outofstock","13":"sold-individually","14":"shipping-taxable","15":"purchasable","16":"product-type-simple"},"yoast_head":"<!-- This site is optimized with the Yoast SEO plugin v27.3 - https:\/\/yoast.com\/product\/yoast-seo-wordpress\/ -->\n<title>En el vientre de Mari. Las ra\u00edces preindoeuropeas de la mitolog\u00eda vasca &#8212; Zapateneo<\/title>\n<meta name=\"robots\" content=\"index, follow, max-snippet:-1, max-image-preview:large, max-video-preview:-1\" \/>\n<link rel=\"canonical\" href=\"https:\/\/zapateneo.net\/wordpress\/index.php\/producto\/en-el-vientre-de-mari-las-raices-preindoeuropeas-de-la-mitologia-vasca\/\" \/>\n<meta property=\"og:locale\" content=\"es_ES\" \/>\n<meta property=\"og:type\" content=\"article\" \/>\n<meta property=\"og:title\" content=\"En el vientre de Mari. Las ra\u00edces preindoeuropeas de la mitolog\u00eda vasca &#8212; Zapateneo\" \/>\n<meta property=\"og:description\" content=\"Guillermo Piquero 9788412203653 - Cauac - 2021 - 222 p\u00e1ginas \/orri.\" \/>\n<meta property=\"og:url\" content=\"https:\/\/zapateneo.net\/wordpress\/index.php\/producto\/en-el-vientre-de-mari-las-raices-preindoeuropeas-de-la-mitologia-vasca\/\" \/>\n<meta property=\"og:site_name\" content=\"Zapateneo\" \/>\n<meta property=\"article:modified_time\" content=\"2023-03-05T11:33:22+00:00\" \/>\n<meta property=\"og:image\" content=\"https:\/\/zapateneo.net\/wordpress\/wp-content\/uploads\/2021\/10\/9788412203653.jpg\" \/>\n\t<meta property=\"og:image:width\" content=\"282\" \/>\n\t<meta property=\"og:image:height\" content=\"400\" \/>\n\t<meta property=\"og:image:type\" content=\"image\/jpeg\" \/>\n<meta name=\"twitter:card\" content=\"summary_large_image\" \/>\n<meta name=\"twitter:site\" content=\"@zapateneo\" \/>\n<meta name=\"twitter:label1\" content=\"Tiempo de lectura\" \/>\n\t<meta name=\"twitter:data1\" content=\"1 minuto\" \/>\n<script type=\"application\/ld+json\" class=\"yoast-schema-graph\">{\"@context\":\"https:\\\/\\\/schema.org\",\"@graph\":[{\"@type\":\"WebPage\",\"@id\":\"https:\\\/\\\/zapateneo.net\\\/wordpress\\\/index.php\\\/producto\\\/en-el-vientre-de-mari-las-raices-preindoeuropeas-de-la-mitologia-vasca\\\/\",\"url\":\"https:\\\/\\\/zapateneo.net\\\/wordpress\\\/index.php\\\/producto\\\/en-el-vientre-de-mari-las-raices-preindoeuropeas-de-la-mitologia-vasca\\\/\",\"name\":\"En el vientre de Mari. Las ra\u00edces preindoeuropeas de la mitolog\u00eda vasca &#8212; Zapateneo\",\"isPartOf\":{\"@id\":\"https:\\\/\\\/zapateneo.net\\\/wordpress\\\/#website\"},\"primaryImageOfPage\":{\"@id\":\"https:\\\/\\\/zapateneo.net\\\/wordpress\\\/index.php\\\/producto\\\/en-el-vientre-de-mari-las-raices-preindoeuropeas-de-la-mitologia-vasca\\\/#primaryimage\"},\"image\":{\"@id\":\"https:\\\/\\\/zapateneo.net\\\/wordpress\\\/index.php\\\/producto\\\/en-el-vientre-de-mari-las-raices-preindoeuropeas-de-la-mitologia-vasca\\\/#primaryimage\"},\"thumbnailUrl\":\"https:\\\/\\\/zapateneo.net\\\/wordpress\\\/wp-content\\\/uploads\\\/2021\\\/10\\\/9788412203653.jpg\",\"datePublished\":\"2021-10-31T18:57:13+00:00\",\"dateModified\":\"2023-03-05T11:33:22+00:00\",\"breadcrumb\":{\"@id\":\"https:\\\/\\\/zapateneo.net\\\/wordpress\\\/index.php\\\/producto\\\/en-el-vientre-de-mari-las-raices-preindoeuropeas-de-la-mitologia-vasca\\\/#breadcrumb\"},\"inLanguage\":\"es\",\"potentialAction\":[{\"@type\":\"ReadAction\",\"target\":[\"https:\\\/\\\/zapateneo.net\\\/wordpress\\\/index.php\\\/producto\\\/en-el-vientre-de-mari-las-raices-preindoeuropeas-de-la-mitologia-vasca\\\/\"]}]},{\"@type\":\"ImageObject\",\"inLanguage\":\"es\",\"@id\":\"https:\\\/\\\/zapateneo.net\\\/wordpress\\\/index.php\\\/producto\\\/en-el-vientre-de-mari-las-raices-preindoeuropeas-de-la-mitologia-vasca\\\/#primaryimage\",\"url\":\"https:\\\/\\\/zapateneo.net\\\/wordpress\\\/wp-content\\\/uploads\\\/2021\\\/10\\\/9788412203653.jpg\",\"contentUrl\":\"https:\\\/\\\/zapateneo.net\\\/wordpress\\\/wp-content\\\/uploads\\\/2021\\\/10\\\/9788412203653.jpg\",\"width\":282,\"height\":400},{\"@type\":\"BreadcrumbList\",\"@id\":\"https:\\\/\\\/zapateneo.net\\\/wordpress\\\/index.php\\\/producto\\\/en-el-vientre-de-mari-las-raices-preindoeuropeas-de-la-mitologia-vasca\\\/#breadcrumb\",\"itemListElement\":[{\"@type\":\"ListItem\",\"position\":1,\"name\":\"Portada\",\"item\":\"https:\\\/\\\/zapateneo.net\\\/wordpress\\\/\"},{\"@type\":\"ListItem\",\"position\":2,\"name\":\"Tienda\",\"item\":\"https:\\\/\\\/zapateneo.net\\\/wordpress\\\/\"},{\"@type\":\"ListItem\",\"position\":3,\"name\":\"En el vientre de Mari. Las ra\u00edces preindoeuropeas de la mitolog\u00eda vasca\"}]},{\"@type\":\"WebSite\",\"@id\":\"https:\\\/\\\/zapateneo.net\\\/wordpress\\\/#website\",\"url\":\"https:\\\/\\\/zapateneo.net\\\/wordpress\\\/\",\"name\":\"Zapateneo\",\"description\":\"Zapateneoaren webgunea\",\"publisher\":{\"@id\":\"https:\\\/\\\/zapateneo.net\\\/wordpress\\\/#organization\"},\"potentialAction\":[{\"@type\":\"SearchAction\",\"target\":{\"@type\":\"EntryPoint\",\"urlTemplate\":\"https:\\\/\\\/zapateneo.net\\\/wordpress\\\/?s={search_term_string}\"},\"query-input\":{\"@type\":\"PropertyValueSpecification\",\"valueRequired\":true,\"valueName\":\"search_term_string\"}}],\"inLanguage\":\"es\"},{\"@type\":\"Organization\",\"@id\":\"https:\\\/\\\/zapateneo.net\\\/wordpress\\\/#organization\",\"name\":\"Zapateneo Kultur Elkartea\",\"url\":\"https:\\\/\\\/zapateneo.net\\\/wordpress\\\/\",\"logo\":{\"@type\":\"ImageObject\",\"inLanguage\":\"es\",\"@id\":\"https:\\\/\\\/zapateneo.net\\\/wordpress\\\/#\\\/schema\\\/logo\\\/image\\\/\",\"url\":\"https:\\\/\\\/zapateneo.net\\\/wordpress\\\/wp-content\\\/uploads\\\/2021\\\/04\\\/zap-libu-kolec.jpg\",\"contentUrl\":\"https:\\\/\\\/zapateneo.net\\\/wordpress\\\/wp-content\\\/uploads\\\/2021\\\/04\\\/zap-libu-kolec.jpg\",\"width\":2234,\"height\":398,\"caption\":\"Zapateneo Kultur Elkartea\"},\"image\":{\"@id\":\"https:\\\/\\\/zapateneo.net\\\/wordpress\\\/#\\\/schema\\\/logo\\\/image\\\/\"},\"sameAs\":[\"https:\\\/\\\/x.com\\\/zapateneo\"]}]}<\/script>\n<!-- \/ Yoast SEO plugin. -->","yoast_head_json":{"title":"En el vientre de Mari. Las ra\u00edces preindoeuropeas de la mitolog\u00eda vasca &#8212; Zapateneo","robots":{"index":"index","follow":"follow","max-snippet":"max-snippet:-1","max-image-preview":"max-image-preview:large","max-video-preview":"max-video-preview:-1"},"canonical":"https:\/\/zapateneo.net\/wordpress\/index.php\/producto\/en-el-vientre-de-mari-las-raices-preindoeuropeas-de-la-mitologia-vasca\/","og_locale":"es_ES","og_type":"article","og_title":"En el vientre de Mari. Las ra\u00edces preindoeuropeas de la mitolog\u00eda vasca &#8212; Zapateneo","og_description":"Guillermo Piquero 9788412203653 - Cauac - 2021 - 222 p\u00e1ginas \/orri.","og_url":"https:\/\/zapateneo.net\/wordpress\/index.php\/producto\/en-el-vientre-de-mari-las-raices-preindoeuropeas-de-la-mitologia-vasca\/","og_site_name":"Zapateneo","article_modified_time":"2023-03-05T11:33:22+00:00","og_image":[{"width":282,"height":400,"url":"https:\/\/zapateneo.net\/wordpress\/wp-content\/uploads\/2021\/10\/9788412203653.jpg","type":"image\/jpeg"}],"twitter_card":"summary_large_image","twitter_site":"@zapateneo","twitter_misc":{"Tiempo de lectura":"1 minuto"},"schema":{"@context":"https:\/\/schema.org","@graph":[{"@type":"WebPage","@id":"https:\/\/zapateneo.net\/wordpress\/index.php\/producto\/en-el-vientre-de-mari-las-raices-preindoeuropeas-de-la-mitologia-vasca\/","url":"https:\/\/zapateneo.net\/wordpress\/index.php\/producto\/en-el-vientre-de-mari-las-raices-preindoeuropeas-de-la-mitologia-vasca\/","name":"En el vientre de Mari. Las ra\u00edces preindoeuropeas de la mitolog\u00eda vasca &#8212; Zapateneo","isPartOf":{"@id":"https:\/\/zapateneo.net\/wordpress\/#website"},"primaryImageOfPage":{"@id":"https:\/\/zapateneo.net\/wordpress\/index.php\/producto\/en-el-vientre-de-mari-las-raices-preindoeuropeas-de-la-mitologia-vasca\/#primaryimage"},"image":{"@id":"https:\/\/zapateneo.net\/wordpress\/index.php\/producto\/en-el-vientre-de-mari-las-raices-preindoeuropeas-de-la-mitologia-vasca\/#primaryimage"},"thumbnailUrl":"https:\/\/zapateneo.net\/wordpress\/wp-content\/uploads\/2021\/10\/9788412203653.jpg","datePublished":"2021-10-31T18:57:13+00:00","dateModified":"2023-03-05T11:33:22+00:00","breadcrumb":{"@id":"https:\/\/zapateneo.net\/wordpress\/index.php\/producto\/en-el-vientre-de-mari-las-raices-preindoeuropeas-de-la-mitologia-vasca\/#breadcrumb"},"inLanguage":"es","potentialAction":[{"@type":"ReadAction","target":["https:\/\/zapateneo.net\/wordpress\/index.php\/producto\/en-el-vientre-de-mari-las-raices-preindoeuropeas-de-la-mitologia-vasca\/"]}]},{"@type":"ImageObject","inLanguage":"es","@id":"https:\/\/zapateneo.net\/wordpress\/index.php\/producto\/en-el-vientre-de-mari-las-raices-preindoeuropeas-de-la-mitologia-vasca\/#primaryimage","url":"https:\/\/zapateneo.net\/wordpress\/wp-content\/uploads\/2021\/10\/9788412203653.jpg","contentUrl":"https:\/\/zapateneo.net\/wordpress\/wp-content\/uploads\/2021\/10\/9788412203653.jpg","width":282,"height":400},{"@type":"BreadcrumbList","@id":"https:\/\/zapateneo.net\/wordpress\/index.php\/producto\/en-el-vientre-de-mari-las-raices-preindoeuropeas-de-la-mitologia-vasca\/#breadcrumb","itemListElement":[{"@type":"ListItem","position":1,"name":"Portada","item":"https:\/\/zapateneo.net\/wordpress\/"},{"@type":"ListItem","position":2,"name":"Tienda","item":"https:\/\/zapateneo.net\/wordpress\/"},{"@type":"ListItem","position":3,"name":"En el vientre de Mari. Las ra\u00edces preindoeuropeas de la mitolog\u00eda vasca"}]},{"@type":"WebSite","@id":"https:\/\/zapateneo.net\/wordpress\/#website","url":"https:\/\/zapateneo.net\/wordpress\/","name":"Zapateneo","description":"Zapateneoaren webgunea","publisher":{"@id":"https:\/\/zapateneo.net\/wordpress\/#organization"},"potentialAction":[{"@type":"SearchAction","target":{"@type":"EntryPoint","urlTemplate":"https:\/\/zapateneo.net\/wordpress\/?s={search_term_string}"},"query-input":{"@type":"PropertyValueSpecification","valueRequired":true,"valueName":"search_term_string"}}],"inLanguage":"es"},{"@type":"Organization","@id":"https:\/\/zapateneo.net\/wordpress\/#organization","name":"Zapateneo Kultur Elkartea","url":"https:\/\/zapateneo.net\/wordpress\/","logo":{"@type":"ImageObject","inLanguage":"es","@id":"https:\/\/zapateneo.net\/wordpress\/#\/schema\/logo\/image\/","url":"https:\/\/zapateneo.net\/wordpress\/wp-content\/uploads\/2021\/04\/zap-libu-kolec.jpg","contentUrl":"https:\/\/zapateneo.net\/wordpress\/wp-content\/uploads\/2021\/04\/zap-libu-kolec.jpg","width":2234,"height":398,"caption":"Zapateneo Kultur Elkartea"},"image":{"@id":"https:\/\/zapateneo.net\/wordpress\/#\/schema\/logo\/image\/"},"sameAs":["https:\/\/x.com\/zapateneo"]}]}},"_links":{"self":[{"href":"https:\/\/zapateneo.net\/wordpress\/index.php\/wp-json\/wp\/v2\/product\/8770","targetHints":{"allow":["GET"]}}],"collection":[{"href":"https:\/\/zapateneo.net\/wordpress\/index.php\/wp-json\/wp\/v2\/product"}],"about":[{"href":"https:\/\/zapateneo.net\/wordpress\/index.php\/wp-json\/wp\/v2\/types\/product"}],"wp:featuredmedia":[{"embeddable":true,"href":"https:\/\/zapateneo.net\/wordpress\/index.php\/wp-json\/wp\/v2\/media\/8779"}],"wp:attachment":[{"href":"https:\/\/zapateneo.net\/wordpress\/index.php\/wp-json\/wp\/v2\/media?parent=8770"}],"wp:term":[{"taxonomy":"product_brand","embeddable":true,"href":"https:\/\/zapateneo.net\/wordpress\/index.php\/wp-json\/wp\/v2\/product_brand?post=8770"},{"taxonomy":"product_cat","embeddable":true,"href":"https:\/\/zapateneo.net\/wordpress\/index.php\/wp-json\/wp\/v2\/product_cat?post=8770"},{"taxonomy":"product_tag","embeddable":true,"href":"https:\/\/zapateneo.net\/wordpress\/index.php\/wp-json\/wp\/v2\/product_tag?post=8770"}],"curies":[{"name":"wp","href":"https:\/\/api.w.org\/{rel}","templated":true}]}}