{"id":8751,"date":"2021-10-31T07:29:13","date_gmt":"2021-10-31T06:29:13","guid":{"rendered":"https:\/\/zapateneo.net\/wordpress\/?post_type=product&#038;p=8751"},"modified":"2021-10-31T07:29:18","modified_gmt":"2021-10-31T06:29:18","slug":"el-sahel-occidental-frente-a-los-objetivos-del-desarrollo-sostenible","status":"publish","type":"product","link":"https:\/\/zapateneo.net\/wordpress\/index.php\/producto\/el-sahel-occidental-frente-a-los-objetivos-del-desarrollo-sostenible\/","title":{"rendered":"EL SAHEL OCCIDENTAL FRENTE A LOS OBJETIVOS DEL DESARROLLO SOSTENIBLE"},"content":{"rendered":"<p>Logros y desaf\u00edos de una regi\u00f3n en efervescencia<\/p>\n<p>\u00c1frica es, hoy, el continente m\u00e1s joven del mundo. Si se respira el ambiente de las ciudades de un \u00c1frica inmersa en un proceso de r\u00e1pida urbanizaci\u00f3n o se escuchan las conversaciones en las apacibles calles de aldeas y pueblos, se adquiere una certeza: los j\u00f3venes africanos tienen altas expectativas y los pol\u00edticos empiezan a preocuparse por c\u00f3mo responder a sus demandas. En este contexto, en el que la regi\u00f3n se enfrenta a m\u00faltiples desaf\u00edos, como las pandemias, el cambio clim\u00e1tico, la pobreza o los conflictos, nos decidimos a situar una l\u00ednea que rodee a los seis estados que conforman el Sahel Occidental y analizar los desaf\u00edos y los logros que han experimentado de cara a la consecuci\u00f3n de la Agenda 2030 en los \u00faltimos a\u00f1os. Nuestra conclusi\u00f3n: aunque queda mucho trabajo para poder alcanzar los Objetivos del Desarrollo Sostenible, tambi\u00e9n se puede presumir de algunos logros y avances. Incluso en un territorio tan olvidado, complejo y con el viento en contra como el Sahel. Un territorio que est\u00e1 a la vera de Canarias, parte de su vecindario inmediato, y cuya prosperidad y bienestar tienen que redundar, necesariamente, en la prosperidad y bienestar de quienes lo rodean. Dagauh Komenan es un historiador marfile\u00f1o especializado en Relaciones Internacionales, que actualmente completa su doctorado en la Universidad de Las Palmas de Gran Canaria (ULPGC). Es coordinador, editor, traductor y autor de dos cap\u00edtulos del libro colectivo Guerra y paz en \u00c1frica, publicado por Casa \u00c1frica y La Catarata en 2020. Tambi\u00e9n es autor del ensayo La Fran\u00e7afrique vista desde el sur, finalista del premio de ensayo La Catarata en 2014 y publicado por la ULPGC en 2016.<\/p>\n","protected":false},"excerpt":{"rendered":"<p><strong>Dagauh Komenan<\/strong><br \/>\n9788418826276 &#8211; Icaria &#8211; 2021 &#8211; 144 p\u00e1ginas \/orri.<\/p>\n","protected":false},"featured_media":8762,"template":"","meta":[],"product_brand":[],"product_cat":[180,16],"product_tag":[4672,643],"class_list":{"0":"post-8751","1":"product","2":"type-product","3":"status-publish","4":"has-post-thumbnail","6":"product_cat-ekologia-ecologia","7":"product_cat-libros","8":"product_tag-dagauh-komenan","9":"product_tag-icaria","11":"first","12":"instock","13":"sold-individually","14":"shipping-taxable","15":"purchasable","16":"product-type-simple"},"yoast_head":"<!-- This site is optimized with the Yoast SEO plugin v27.4 - https:\/\/yoast.com\/product\/yoast-seo-wordpress\/ -->\n<title>EL SAHEL OCCIDENTAL FRENTE A LOS OBJETIVOS DEL DESARROLLO SOSTENIBLE &#8212; Zapateneo<\/title>\n<meta name=\"robots\" content=\"index, follow, max-snippet:-1, max-image-preview:large, max-video-preview:-1\" \/>\n<link rel=\"canonical\" href=\"https:\/\/zapateneo.net\/wordpress\/index.php\/producto\/el-sahel-occidental-frente-a-los-objetivos-del-desarrollo-sostenible\/\" \/>\n<meta property=\"og:locale\" content=\"es_ES\" \/>\n<meta property=\"og:type\" content=\"article\" \/>\n<meta property=\"og:title\" content=\"EL SAHEL OCCIDENTAL FRENTE A LOS OBJETIVOS DEL DESARROLLO SOSTENIBLE &#8212; Zapateneo\" \/>\n<meta property=\"og:description\" content=\"Dagauh Komenan 9788418826276 - Icaria - 2021 - 144 p\u00e1ginas \/orri.\" \/>\n<meta property=\"og:url\" content=\"https:\/\/zapateneo.net\/wordpress\/index.php\/producto\/el-sahel-occidental-frente-a-los-objetivos-del-desarrollo-sostenible\/\" \/>\n<meta property=\"og:site_name\" content=\"Zapateneo\" \/>\n<meta property=\"article:modified_time\" content=\"2021-10-31T06:29:18+00:00\" \/>\n<meta property=\"og:image\" content=\"https:\/\/zapateneo.net\/wordpress\/wp-content\/uploads\/2021\/10\/el-sahel-occiental-frente.jpg\" \/>\n\t<meta property=\"og:image:width\" content=\"230\" \/>\n\t<meta property=\"og:image:height\" content=\"400\" \/>\n\t<meta property=\"og:image:type\" content=\"image\/jpeg\" \/>\n<meta name=\"twitter:card\" content=\"summary_large_image\" \/>\n<meta name=\"twitter:site\" content=\"@zapateneo\" \/>\n<meta name=\"twitter:label1\" content=\"Tiempo de lectura\" \/>\n\t<meta name=\"twitter:data1\" content=\"2 minutos\" \/>\n<script type=\"application\/ld+json\" class=\"yoast-schema-graph\">{\"@context\":\"https:\\\/\\\/schema.org\",\"@graph\":[{\"@type\":\"WebPage\",\"@id\":\"https:\\\/\\\/zapateneo.net\\\/wordpress\\\/index.php\\\/producto\\\/el-sahel-occidental-frente-a-los-objetivos-del-desarrollo-sostenible\\\/\",\"url\":\"https:\\\/\\\/zapateneo.net\\\/wordpress\\\/index.php\\\/producto\\\/el-sahel-occidental-frente-a-los-objetivos-del-desarrollo-sostenible\\\/\",\"name\":\"EL SAHEL OCCIDENTAL FRENTE A LOS OBJETIVOS DEL DESARROLLO SOSTENIBLE &#8212; Zapateneo\",\"isPartOf\":{\"@id\":\"https:\\\/\\\/zapateneo.net\\\/wordpress\\\/#website\"},\"primaryImageOfPage\":{\"@id\":\"https:\\\/\\\/zapateneo.net\\\/wordpress\\\/index.php\\\/producto\\\/el-sahel-occidental-frente-a-los-objetivos-del-desarrollo-sostenible\\\/#primaryimage\"},\"image\":{\"@id\":\"https:\\\/\\\/zapateneo.net\\\/wordpress\\\/index.php\\\/producto\\\/el-sahel-occidental-frente-a-los-objetivos-del-desarrollo-sostenible\\\/#primaryimage\"},\"thumbnailUrl\":\"https:\\\/\\\/zapateneo.net\\\/wordpress\\\/wp-content\\\/uploads\\\/2021\\\/10\\\/el-sahel-occiental-frente.jpg\",\"datePublished\":\"2021-10-31T06:29:13+00:00\",\"dateModified\":\"2021-10-31T06:29:18+00:00\",\"breadcrumb\":{\"@id\":\"https:\\\/\\\/zapateneo.net\\\/wordpress\\\/index.php\\\/producto\\\/el-sahel-occidental-frente-a-los-objetivos-del-desarrollo-sostenible\\\/#breadcrumb\"},\"inLanguage\":\"es\",\"potentialAction\":[{\"@type\":\"ReadAction\",\"target\":[\"https:\\\/\\\/zapateneo.net\\\/wordpress\\\/index.php\\\/producto\\\/el-sahel-occidental-frente-a-los-objetivos-del-desarrollo-sostenible\\\/\"]}]},{\"@type\":\"ImageObject\",\"inLanguage\":\"es\",\"@id\":\"https:\\\/\\\/zapateneo.net\\\/wordpress\\\/index.php\\\/producto\\\/el-sahel-occidental-frente-a-los-objetivos-del-desarrollo-sostenible\\\/#primaryimage\",\"url\":\"https:\\\/\\\/zapateneo.net\\\/wordpress\\\/wp-content\\\/uploads\\\/2021\\\/10\\\/el-sahel-occiental-frente.jpg\",\"contentUrl\":\"https:\\\/\\\/zapateneo.net\\\/wordpress\\\/wp-content\\\/uploads\\\/2021\\\/10\\\/el-sahel-occiental-frente.jpg\",\"width\":230,\"height\":400},{\"@type\":\"BreadcrumbList\",\"@id\":\"https:\\\/\\\/zapateneo.net\\\/wordpress\\\/index.php\\\/producto\\\/el-sahel-occidental-frente-a-los-objetivos-del-desarrollo-sostenible\\\/#breadcrumb\",\"itemListElement\":[{\"@type\":\"ListItem\",\"position\":1,\"name\":\"Portada\",\"item\":\"https:\\\/\\\/zapateneo.net\\\/wordpress\\\/\"},{\"@type\":\"ListItem\",\"position\":2,\"name\":\"Tienda\",\"item\":\"https:\\\/\\\/zapateneo.net\\\/wordpress\\\/\"},{\"@type\":\"ListItem\",\"position\":3,\"name\":\"EL SAHEL OCCIDENTAL FRENTE A LOS OBJETIVOS DEL DESARROLLO SOSTENIBLE\"}]},{\"@type\":\"WebSite\",\"@id\":\"https:\\\/\\\/zapateneo.net\\\/wordpress\\\/#website\",\"url\":\"https:\\\/\\\/zapateneo.net\\\/wordpress\\\/\",\"name\":\"Zapateneo\",\"description\":\"Zapateneoaren webgunea\",\"publisher\":{\"@id\":\"https:\\\/\\\/zapateneo.net\\\/wordpress\\\/#organization\"},\"potentialAction\":[{\"@type\":\"SearchAction\",\"target\":{\"@type\":\"EntryPoint\",\"urlTemplate\":\"https:\\\/\\\/zapateneo.net\\\/wordpress\\\/?s={search_term_string}\"},\"query-input\":{\"@type\":\"PropertyValueSpecification\",\"valueRequired\":true,\"valueName\":\"search_term_string\"}}],\"inLanguage\":\"es\"},{\"@type\":\"Organization\",\"@id\":\"https:\\\/\\\/zapateneo.net\\\/wordpress\\\/#organization\",\"name\":\"Zapateneo Kultur Elkartea\",\"url\":\"https:\\\/\\\/zapateneo.net\\\/wordpress\\\/\",\"logo\":{\"@type\":\"ImageObject\",\"inLanguage\":\"es\",\"@id\":\"https:\\\/\\\/zapateneo.net\\\/wordpress\\\/#\\\/schema\\\/logo\\\/image\\\/\",\"url\":\"https:\\\/\\\/zapateneo.net\\\/wordpress\\\/wp-content\\\/uploads\\\/2021\\\/04\\\/zap-libu-kolec.jpg\",\"contentUrl\":\"https:\\\/\\\/zapateneo.net\\\/wordpress\\\/wp-content\\\/uploads\\\/2021\\\/04\\\/zap-libu-kolec.jpg\",\"width\":2234,\"height\":398,\"caption\":\"Zapateneo Kultur Elkartea\"},\"image\":{\"@id\":\"https:\\\/\\\/zapateneo.net\\\/wordpress\\\/#\\\/schema\\\/logo\\\/image\\\/\"},\"sameAs\":[\"https:\\\/\\\/x.com\\\/zapateneo\"]}]}<\/script>\n<!-- \/ Yoast SEO plugin. -->","yoast_head_json":{"title":"EL SAHEL OCCIDENTAL FRENTE A LOS OBJETIVOS DEL DESARROLLO SOSTENIBLE &#8212; Zapateneo","robots":{"index":"index","follow":"follow","max-snippet":"max-snippet:-1","max-image-preview":"max-image-preview:large","max-video-preview":"max-video-preview:-1"},"canonical":"https:\/\/zapateneo.net\/wordpress\/index.php\/producto\/el-sahel-occidental-frente-a-los-objetivos-del-desarrollo-sostenible\/","og_locale":"es_ES","og_type":"article","og_title":"EL SAHEL OCCIDENTAL FRENTE A LOS OBJETIVOS DEL DESARROLLO SOSTENIBLE &#8212; Zapateneo","og_description":"Dagauh Komenan 9788418826276 - Icaria - 2021 - 144 p\u00e1ginas \/orri.","og_url":"https:\/\/zapateneo.net\/wordpress\/index.php\/producto\/el-sahel-occidental-frente-a-los-objetivos-del-desarrollo-sostenible\/","og_site_name":"Zapateneo","article_modified_time":"2021-10-31T06:29:18+00:00","og_image":[{"width":230,"height":400,"url":"https:\/\/zapateneo.net\/wordpress\/wp-content\/uploads\/2021\/10\/el-sahel-occiental-frente.jpg","type":"image\/jpeg"}],"twitter_card":"summary_large_image","twitter_site":"@zapateneo","twitter_misc":{"Tiempo de lectura":"2 minutos"},"schema":{"@context":"https:\/\/schema.org","@graph":[{"@type":"WebPage","@id":"https:\/\/zapateneo.net\/wordpress\/index.php\/producto\/el-sahel-occidental-frente-a-los-objetivos-del-desarrollo-sostenible\/","url":"https:\/\/zapateneo.net\/wordpress\/index.php\/producto\/el-sahel-occidental-frente-a-los-objetivos-del-desarrollo-sostenible\/","name":"EL SAHEL OCCIDENTAL FRENTE A LOS OBJETIVOS DEL DESARROLLO SOSTENIBLE &#8212; Zapateneo","isPartOf":{"@id":"https:\/\/zapateneo.net\/wordpress\/#website"},"primaryImageOfPage":{"@id":"https:\/\/zapateneo.net\/wordpress\/index.php\/producto\/el-sahel-occidental-frente-a-los-objetivos-del-desarrollo-sostenible\/#primaryimage"},"image":{"@id":"https:\/\/zapateneo.net\/wordpress\/index.php\/producto\/el-sahel-occidental-frente-a-los-objetivos-del-desarrollo-sostenible\/#primaryimage"},"thumbnailUrl":"https:\/\/zapateneo.net\/wordpress\/wp-content\/uploads\/2021\/10\/el-sahel-occiental-frente.jpg","datePublished":"2021-10-31T06:29:13+00:00","dateModified":"2021-10-31T06:29:18+00:00","breadcrumb":{"@id":"https:\/\/zapateneo.net\/wordpress\/index.php\/producto\/el-sahel-occidental-frente-a-los-objetivos-del-desarrollo-sostenible\/#breadcrumb"},"inLanguage":"es","potentialAction":[{"@type":"ReadAction","target":["https:\/\/zapateneo.net\/wordpress\/index.php\/producto\/el-sahel-occidental-frente-a-los-objetivos-del-desarrollo-sostenible\/"]}]},{"@type":"ImageObject","inLanguage":"es","@id":"https:\/\/zapateneo.net\/wordpress\/index.php\/producto\/el-sahel-occidental-frente-a-los-objetivos-del-desarrollo-sostenible\/#primaryimage","url":"https:\/\/zapateneo.net\/wordpress\/wp-content\/uploads\/2021\/10\/el-sahel-occiental-frente.jpg","contentUrl":"https:\/\/zapateneo.net\/wordpress\/wp-content\/uploads\/2021\/10\/el-sahel-occiental-frente.jpg","width":230,"height":400},{"@type":"BreadcrumbList","@id":"https:\/\/zapateneo.net\/wordpress\/index.php\/producto\/el-sahel-occidental-frente-a-los-objetivos-del-desarrollo-sostenible\/#breadcrumb","itemListElement":[{"@type":"ListItem","position":1,"name":"Portada","item":"https:\/\/zapateneo.net\/wordpress\/"},{"@type":"ListItem","position":2,"name":"Tienda","item":"https:\/\/zapateneo.net\/wordpress\/"},{"@type":"ListItem","position":3,"name":"EL SAHEL OCCIDENTAL FRENTE A LOS OBJETIVOS DEL DESARROLLO SOSTENIBLE"}]},{"@type":"WebSite","@id":"https:\/\/zapateneo.net\/wordpress\/#website","url":"https:\/\/zapateneo.net\/wordpress\/","name":"Zapateneo","description":"Zapateneoaren webgunea","publisher":{"@id":"https:\/\/zapateneo.net\/wordpress\/#organization"},"potentialAction":[{"@type":"SearchAction","target":{"@type":"EntryPoint","urlTemplate":"https:\/\/zapateneo.net\/wordpress\/?s={search_term_string}"},"query-input":{"@type":"PropertyValueSpecification","valueRequired":true,"valueName":"search_term_string"}}],"inLanguage":"es"},{"@type":"Organization","@id":"https:\/\/zapateneo.net\/wordpress\/#organization","name":"Zapateneo Kultur Elkartea","url":"https:\/\/zapateneo.net\/wordpress\/","logo":{"@type":"ImageObject","inLanguage":"es","@id":"https:\/\/zapateneo.net\/wordpress\/#\/schema\/logo\/image\/","url":"https:\/\/zapateneo.net\/wordpress\/wp-content\/uploads\/2021\/04\/zap-libu-kolec.jpg","contentUrl":"https:\/\/zapateneo.net\/wordpress\/wp-content\/uploads\/2021\/04\/zap-libu-kolec.jpg","width":2234,"height":398,"caption":"Zapateneo Kultur Elkartea"},"image":{"@id":"https:\/\/zapateneo.net\/wordpress\/#\/schema\/logo\/image\/"},"sameAs":["https:\/\/x.com\/zapateneo"]}]}},"_links":{"self":[{"href":"https:\/\/zapateneo.net\/wordpress\/index.php\/wp-json\/wp\/v2\/product\/8751","targetHints":{"allow":["GET"]}}],"collection":[{"href":"https:\/\/zapateneo.net\/wordpress\/index.php\/wp-json\/wp\/v2\/product"}],"about":[{"href":"https:\/\/zapateneo.net\/wordpress\/index.php\/wp-json\/wp\/v2\/types\/product"}],"wp:featuredmedia":[{"embeddable":true,"href":"https:\/\/zapateneo.net\/wordpress\/index.php\/wp-json\/wp\/v2\/media\/8762"}],"wp:attachment":[{"href":"https:\/\/zapateneo.net\/wordpress\/index.php\/wp-json\/wp\/v2\/media?parent=8751"}],"wp:term":[{"taxonomy":"product_brand","embeddable":true,"href":"https:\/\/zapateneo.net\/wordpress\/index.php\/wp-json\/wp\/v2\/product_brand?post=8751"},{"taxonomy":"product_cat","embeddable":true,"href":"https:\/\/zapateneo.net\/wordpress\/index.php\/wp-json\/wp\/v2\/product_cat?post=8751"},{"taxonomy":"product_tag","embeddable":true,"href":"https:\/\/zapateneo.net\/wordpress\/index.php\/wp-json\/wp\/v2\/product_tag?post=8751"}],"curies":[{"name":"wp","href":"https:\/\/api.w.org\/{rel}","templated":true}]}}