{"id":8303,"date":"2021-09-25T20:06:08","date_gmt":"2021-09-25T19:06:08","guid":{"rendered":"https:\/\/zapateneo.net\/wordpress\/?post_type=product&#038;p=8303"},"modified":"2021-09-25T20:12:26","modified_gmt":"2021-09-25T19:12:26","slug":"sin-poder-construyendo-colectivamenente-la-autogestion-de-la-vida-cotidiana-2","status":"publish","type":"product","link":"https:\/\/zapateneo.net\/wordpress\/index.php\/producto\/sin-poder-construyendo-colectivamenente-la-autogestion-de-la-vida-cotidiana-2\/","title":{"rendered":"Sin poder. Construyendo colectivamenente la autogesti\u00f3n de la vida cotidiana."},"content":{"rendered":"<p>El Poder nos conduce y, al mismo tiempo, nos dejamos conducir; impregn\u00e1ndonos as\u00ed de su conducta, de su l\u00f3gica? Esta frase, que puede resumir el pensamiento de Michel Foucault sobre el asunto y que marca sus propios l\u00edmites pues no va m\u00e1s all\u00e1 de la descripci\u00f3n, es el punto de partida de nuestro pensar\/sentir\/hacer: el desempoderamiento.<br \/>\nIgual que en otros periodos hist\u00f3ricos pod\u00edamos afirmar que las relaciones sociales se explicar\u00edan, fundamentalmente, por la Religi\u00f3n o la Econom\u00eda; en esta sociedad en transici\u00f3n la explicaci\u00f3n en \u00faltimo t\u00e9rmino nos viene de la mano, o de la garra, del Poder: Patriarcado, Estado, Mercado, Escuela centr\u00edpeta, Idioma? y sus alternativas: Empoderamiento, toma del Poder, Contrapoder, Emprendimiento, Escuela p\u00fablica, Cultura nacional? toman como centro de explicaci\u00f3n, de batalla, de deseo: el Poder.<br \/>\nToda alusi\u00f3n a hacer dejaci\u00f3n del Poder que tenemos cada persona, hacer dejaci\u00f3n hacia abajo (desempoderamiento), nunca hacia arriba (autodesapoderamiento) es contestada con fuerza por discursos prosistema yalternativos.<br \/>\nHay miles de personas, sobre todo mujeres, que estamos viviendo la construcci\u00f3n colectiva de una sociedad sin poderes. En este libro intentaremos compartir nuestros pensares\/sentires\/haceres.<\/p>\n<p>Los coordinadores de esta publicaci\u00f3n y autores de algunos de sus textos, Javier Encina y Ainhoa Ezeiza, combinan escritos de diversas firmas que dan contenido y ponen ejemplo a estos desempoderamientos a poderes concretos y actuales: comunitario, cient\u00edfico, educativo, ling\u00fc\u00edstico, sanitario, desarrollismo, servicios sociales, cuerpo en relaci\u00f3n&#8230; muchas veces dando respuesta desde las propias culturas populares, viviendo la construcci\u00f3n de un nuevo mundo sin Poder. As\u00ed, encontramos escritos y aportaciones de: Isabel Escudero, Agust\u00edn Garc\u00eda Calvo, Carlos Taibo, Ivan Illich, Ra\u00fal Zibechi, John Holloway, Karmele Mitxelena, Mar\u00eda \u00c1ngeles \u00c1vila, Gustavo Esteva, Felipe Garc\u00eda Leiva, Nahia Delgado, Estefan\u00eda Zardoya, Emilia Negrete, Bego\u00f1a Louren\u00e7o, Nayeli Moreno, Fel\u00edcitas Ovalle, Carmen P\u00e9rez, Emiliano Urteaga, Arturo Padilla, Adri\u00e1n Alejandro Morales, Julieta Santos, Erika Garrido Baz\u00e1n, Raffran, etc.<\/p>\n","protected":false},"excerpt":{"rendered":"<p><strong>Encina, Javier &#8211; Ezeiza, Ainhoa<\/strong><br \/>\n9788494085277 &#8211; Volapuk Ediciones &#8211; 2017 &#8211; 462 p\u00e1ginas \/orri.<\/p>\n","protected":false},"featured_media":8306,"template":"","meta":[],"product_brand":[],"product_cat":[177,16],"product_tag":[4623,4624,1511],"class_list":{"0":"post-8303","1":"product","2":"type-product","3":"status-publish","4":"has-post-thumbnail","6":"product_cat-gizarte-mugimenduak-movimientos-sociales","7":"product_cat-libros","8":"product_tag-encina","9":"product_tag-javier-ezeiza","10":"product_tag-volapuk-ediciones","12":"first","13":"instock","14":"sold-individually","15":"shipping-taxable","16":"purchasable","17":"product-type-simple"},"yoast_head":"<!-- This site is optimized with the Yoast SEO plugin v27.3 - https:\/\/yoast.com\/product\/yoast-seo-wordpress\/ -->\n<title>Sin poder. Construyendo colectivamenente la autogesti\u00f3n de la vida cotidiana. &#8212; Zapateneo<\/title>\n<meta name=\"description\" content=\"Sin poder. Construyendo colectivamenente la autogesti\u00f3n de la salud; Javier Encina; Ainhoa Ezeiza; 9788494085277; Volapuk\" \/>\n<meta name=\"robots\" content=\"index, follow, max-snippet:-1, max-image-preview:large, max-video-preview:-1\" \/>\n<link rel=\"canonical\" href=\"https:\/\/zapateneo.net\/wordpress\/index.php\/producto\/sin-poder-construyendo-colectivamenente-la-autogestion-de-la-vida-cotidiana-2\/\" \/>\n<meta property=\"og:locale\" content=\"es_ES\" \/>\n<meta property=\"og:type\" content=\"article\" \/>\n<meta property=\"og:title\" content=\"Sin poder. Construyendo colectivamenente la autogesti\u00f3n de la vida cotidiana. &#8212; Zapateneo\" \/>\n<meta property=\"og:description\" content=\"Sin poder. Construyendo colectivamenente la autogesti\u00f3n de la salud; Javier Encina; Ainhoa Ezeiza; 9788494085277; Volapuk\" \/>\n<meta property=\"og:url\" content=\"https:\/\/zapateneo.net\/wordpress\/index.php\/producto\/sin-poder-construyendo-colectivamenente-la-autogestion-de-la-vida-cotidiana-2\/\" \/>\n<meta property=\"og:site_name\" content=\"Zapateneo\" \/>\n<meta property=\"article:modified_time\" content=\"2021-09-25T19:12:26+00:00\" \/>\n<meta property=\"og:image\" content=\"https:\/\/zapateneo.net\/wordpress\/wp-content\/uploads\/2021\/09\/sinpoder.jpg\" \/>\n\t<meta property=\"og:image:width\" content=\"259\" \/>\n\t<meta property=\"og:image:height\" content=\"400\" \/>\n\t<meta property=\"og:image:type\" content=\"image\/jpeg\" \/>\n<meta name=\"twitter:card\" content=\"summary_large_image\" \/>\n<meta name=\"twitter:site\" content=\"@zapateneo\" \/>\n<meta name=\"twitter:label1\" content=\"Tiempo de lectura\" \/>\n\t<meta name=\"twitter:data1\" content=\"2 minutos\" \/>\n<script type=\"application\/ld+json\" class=\"yoast-schema-graph\">{\"@context\":\"https:\\\/\\\/schema.org\",\"@graph\":[{\"@type\":\"WebPage\",\"@id\":\"https:\\\/\\\/zapateneo.net\\\/wordpress\\\/index.php\\\/producto\\\/sin-poder-construyendo-colectivamenente-la-autogestion-de-la-vida-cotidiana-2\\\/\",\"url\":\"https:\\\/\\\/zapateneo.net\\\/wordpress\\\/index.php\\\/producto\\\/sin-poder-construyendo-colectivamenente-la-autogestion-de-la-vida-cotidiana-2\\\/\",\"name\":\"Sin poder. Construyendo colectivamenente la autogesti\u00f3n de la vida cotidiana. &#8212; Zapateneo\",\"isPartOf\":{\"@id\":\"https:\\\/\\\/zapateneo.net\\\/wordpress\\\/#website\"},\"primaryImageOfPage\":{\"@id\":\"https:\\\/\\\/zapateneo.net\\\/wordpress\\\/index.php\\\/producto\\\/sin-poder-construyendo-colectivamenente-la-autogestion-de-la-vida-cotidiana-2\\\/#primaryimage\"},\"image\":{\"@id\":\"https:\\\/\\\/zapateneo.net\\\/wordpress\\\/index.php\\\/producto\\\/sin-poder-construyendo-colectivamenente-la-autogestion-de-la-vida-cotidiana-2\\\/#primaryimage\"},\"thumbnailUrl\":\"https:\\\/\\\/zapateneo.net\\\/wordpress\\\/wp-content\\\/uploads\\\/2021\\\/09\\\/sinpoder.jpg\",\"datePublished\":\"2021-09-25T19:06:08+00:00\",\"dateModified\":\"2021-09-25T19:12:26+00:00\",\"description\":\"Sin poder. Construyendo colectivamenente la autogesti\u00f3n de la salud; Javier Encina; Ainhoa Ezeiza; 9788494085277; Volapuk\",\"breadcrumb\":{\"@id\":\"https:\\\/\\\/zapateneo.net\\\/wordpress\\\/index.php\\\/producto\\\/sin-poder-construyendo-colectivamenente-la-autogestion-de-la-vida-cotidiana-2\\\/#breadcrumb\"},\"inLanguage\":\"es\",\"potentialAction\":[{\"@type\":\"ReadAction\",\"target\":[\"https:\\\/\\\/zapateneo.net\\\/wordpress\\\/index.php\\\/producto\\\/sin-poder-construyendo-colectivamenente-la-autogestion-de-la-vida-cotidiana-2\\\/\"]}]},{\"@type\":\"ImageObject\",\"inLanguage\":\"es\",\"@id\":\"https:\\\/\\\/zapateneo.net\\\/wordpress\\\/index.php\\\/producto\\\/sin-poder-construyendo-colectivamenente-la-autogestion-de-la-vida-cotidiana-2\\\/#primaryimage\",\"url\":\"https:\\\/\\\/zapateneo.net\\\/wordpress\\\/wp-content\\\/uploads\\\/2021\\\/09\\\/sinpoder.jpg\",\"contentUrl\":\"https:\\\/\\\/zapateneo.net\\\/wordpress\\\/wp-content\\\/uploads\\\/2021\\\/09\\\/sinpoder.jpg\",\"width\":259,\"height\":400},{\"@type\":\"BreadcrumbList\",\"@id\":\"https:\\\/\\\/zapateneo.net\\\/wordpress\\\/index.php\\\/producto\\\/sin-poder-construyendo-colectivamenente-la-autogestion-de-la-vida-cotidiana-2\\\/#breadcrumb\",\"itemListElement\":[{\"@type\":\"ListItem\",\"position\":1,\"name\":\"Portada\",\"item\":\"https:\\\/\\\/zapateneo.net\\\/wordpress\\\/\"},{\"@type\":\"ListItem\",\"position\":2,\"name\":\"Tienda\",\"item\":\"https:\\\/\\\/zapateneo.net\\\/wordpress\\\/\"},{\"@type\":\"ListItem\",\"position\":3,\"name\":\"Sin poder. Construyendo colectivamenente la autogesti\u00f3n de la vida cotidiana.\"}]},{\"@type\":\"WebSite\",\"@id\":\"https:\\\/\\\/zapateneo.net\\\/wordpress\\\/#website\",\"url\":\"https:\\\/\\\/zapateneo.net\\\/wordpress\\\/\",\"name\":\"Zapateneo\",\"description\":\"Zapateneoaren webgunea\",\"publisher\":{\"@id\":\"https:\\\/\\\/zapateneo.net\\\/wordpress\\\/#organization\"},\"potentialAction\":[{\"@type\":\"SearchAction\",\"target\":{\"@type\":\"EntryPoint\",\"urlTemplate\":\"https:\\\/\\\/zapateneo.net\\\/wordpress\\\/?s={search_term_string}\"},\"query-input\":{\"@type\":\"PropertyValueSpecification\",\"valueRequired\":true,\"valueName\":\"search_term_string\"}}],\"inLanguage\":\"es\"},{\"@type\":\"Organization\",\"@id\":\"https:\\\/\\\/zapateneo.net\\\/wordpress\\\/#organization\",\"name\":\"Zapateneo Kultur Elkartea\",\"url\":\"https:\\\/\\\/zapateneo.net\\\/wordpress\\\/\",\"logo\":{\"@type\":\"ImageObject\",\"inLanguage\":\"es\",\"@id\":\"https:\\\/\\\/zapateneo.net\\\/wordpress\\\/#\\\/schema\\\/logo\\\/image\\\/\",\"url\":\"https:\\\/\\\/zapateneo.net\\\/wordpress\\\/wp-content\\\/uploads\\\/2021\\\/04\\\/zap-libu-kolec.jpg\",\"contentUrl\":\"https:\\\/\\\/zapateneo.net\\\/wordpress\\\/wp-content\\\/uploads\\\/2021\\\/04\\\/zap-libu-kolec.jpg\",\"width\":2234,\"height\":398,\"caption\":\"Zapateneo Kultur Elkartea\"},\"image\":{\"@id\":\"https:\\\/\\\/zapateneo.net\\\/wordpress\\\/#\\\/schema\\\/logo\\\/image\\\/\"},\"sameAs\":[\"https:\\\/\\\/x.com\\\/zapateneo\"]}]}<\/script>\n<!-- \/ Yoast SEO plugin. -->","yoast_head_json":{"title":"Sin poder. Construyendo colectivamenente la autogesti\u00f3n de la vida cotidiana. &#8212; Zapateneo","description":"Sin poder. Construyendo colectivamenente la autogesti\u00f3n de la salud; Javier Encina; Ainhoa Ezeiza; 9788494085277; Volapuk","robots":{"index":"index","follow":"follow","max-snippet":"max-snippet:-1","max-image-preview":"max-image-preview:large","max-video-preview":"max-video-preview:-1"},"canonical":"https:\/\/zapateneo.net\/wordpress\/index.php\/producto\/sin-poder-construyendo-colectivamenente-la-autogestion-de-la-vida-cotidiana-2\/","og_locale":"es_ES","og_type":"article","og_title":"Sin poder. Construyendo colectivamenente la autogesti\u00f3n de la vida cotidiana. &#8212; Zapateneo","og_description":"Sin poder. Construyendo colectivamenente la autogesti\u00f3n de la salud; Javier Encina; Ainhoa Ezeiza; 9788494085277; Volapuk","og_url":"https:\/\/zapateneo.net\/wordpress\/index.php\/producto\/sin-poder-construyendo-colectivamenente-la-autogestion-de-la-vida-cotidiana-2\/","og_site_name":"Zapateneo","article_modified_time":"2021-09-25T19:12:26+00:00","og_image":[{"width":259,"height":400,"url":"https:\/\/zapateneo.net\/wordpress\/wp-content\/uploads\/2021\/09\/sinpoder.jpg","type":"image\/jpeg"}],"twitter_card":"summary_large_image","twitter_site":"@zapateneo","twitter_misc":{"Tiempo de lectura":"2 minutos"},"schema":{"@context":"https:\/\/schema.org","@graph":[{"@type":"WebPage","@id":"https:\/\/zapateneo.net\/wordpress\/index.php\/producto\/sin-poder-construyendo-colectivamenente-la-autogestion-de-la-vida-cotidiana-2\/","url":"https:\/\/zapateneo.net\/wordpress\/index.php\/producto\/sin-poder-construyendo-colectivamenente-la-autogestion-de-la-vida-cotidiana-2\/","name":"Sin poder. Construyendo colectivamenente la autogesti\u00f3n de la vida cotidiana. &#8212; Zapateneo","isPartOf":{"@id":"https:\/\/zapateneo.net\/wordpress\/#website"},"primaryImageOfPage":{"@id":"https:\/\/zapateneo.net\/wordpress\/index.php\/producto\/sin-poder-construyendo-colectivamenente-la-autogestion-de-la-vida-cotidiana-2\/#primaryimage"},"image":{"@id":"https:\/\/zapateneo.net\/wordpress\/index.php\/producto\/sin-poder-construyendo-colectivamenente-la-autogestion-de-la-vida-cotidiana-2\/#primaryimage"},"thumbnailUrl":"https:\/\/zapateneo.net\/wordpress\/wp-content\/uploads\/2021\/09\/sinpoder.jpg","datePublished":"2021-09-25T19:06:08+00:00","dateModified":"2021-09-25T19:12:26+00:00","description":"Sin poder. Construyendo colectivamenente la autogesti\u00f3n de la salud; Javier Encina; Ainhoa Ezeiza; 9788494085277; Volapuk","breadcrumb":{"@id":"https:\/\/zapateneo.net\/wordpress\/index.php\/producto\/sin-poder-construyendo-colectivamenente-la-autogestion-de-la-vida-cotidiana-2\/#breadcrumb"},"inLanguage":"es","potentialAction":[{"@type":"ReadAction","target":["https:\/\/zapateneo.net\/wordpress\/index.php\/producto\/sin-poder-construyendo-colectivamenente-la-autogestion-de-la-vida-cotidiana-2\/"]}]},{"@type":"ImageObject","inLanguage":"es","@id":"https:\/\/zapateneo.net\/wordpress\/index.php\/producto\/sin-poder-construyendo-colectivamenente-la-autogestion-de-la-vida-cotidiana-2\/#primaryimage","url":"https:\/\/zapateneo.net\/wordpress\/wp-content\/uploads\/2021\/09\/sinpoder.jpg","contentUrl":"https:\/\/zapateneo.net\/wordpress\/wp-content\/uploads\/2021\/09\/sinpoder.jpg","width":259,"height":400},{"@type":"BreadcrumbList","@id":"https:\/\/zapateneo.net\/wordpress\/index.php\/producto\/sin-poder-construyendo-colectivamenente-la-autogestion-de-la-vida-cotidiana-2\/#breadcrumb","itemListElement":[{"@type":"ListItem","position":1,"name":"Portada","item":"https:\/\/zapateneo.net\/wordpress\/"},{"@type":"ListItem","position":2,"name":"Tienda","item":"https:\/\/zapateneo.net\/wordpress\/"},{"@type":"ListItem","position":3,"name":"Sin poder. Construyendo colectivamenente la autogesti\u00f3n de la vida cotidiana."}]},{"@type":"WebSite","@id":"https:\/\/zapateneo.net\/wordpress\/#website","url":"https:\/\/zapateneo.net\/wordpress\/","name":"Zapateneo","description":"Zapateneoaren webgunea","publisher":{"@id":"https:\/\/zapateneo.net\/wordpress\/#organization"},"potentialAction":[{"@type":"SearchAction","target":{"@type":"EntryPoint","urlTemplate":"https:\/\/zapateneo.net\/wordpress\/?s={search_term_string}"},"query-input":{"@type":"PropertyValueSpecification","valueRequired":true,"valueName":"search_term_string"}}],"inLanguage":"es"},{"@type":"Organization","@id":"https:\/\/zapateneo.net\/wordpress\/#organization","name":"Zapateneo Kultur Elkartea","url":"https:\/\/zapateneo.net\/wordpress\/","logo":{"@type":"ImageObject","inLanguage":"es","@id":"https:\/\/zapateneo.net\/wordpress\/#\/schema\/logo\/image\/","url":"https:\/\/zapateneo.net\/wordpress\/wp-content\/uploads\/2021\/04\/zap-libu-kolec.jpg","contentUrl":"https:\/\/zapateneo.net\/wordpress\/wp-content\/uploads\/2021\/04\/zap-libu-kolec.jpg","width":2234,"height":398,"caption":"Zapateneo Kultur Elkartea"},"image":{"@id":"https:\/\/zapateneo.net\/wordpress\/#\/schema\/logo\/image\/"},"sameAs":["https:\/\/x.com\/zapateneo"]}]}},"_links":{"self":[{"href":"https:\/\/zapateneo.net\/wordpress\/index.php\/wp-json\/wp\/v2\/product\/8303","targetHints":{"allow":["GET"]}}],"collection":[{"href":"https:\/\/zapateneo.net\/wordpress\/index.php\/wp-json\/wp\/v2\/product"}],"about":[{"href":"https:\/\/zapateneo.net\/wordpress\/index.php\/wp-json\/wp\/v2\/types\/product"}],"wp:featuredmedia":[{"embeddable":true,"href":"https:\/\/zapateneo.net\/wordpress\/index.php\/wp-json\/wp\/v2\/media\/8306"}],"wp:attachment":[{"href":"https:\/\/zapateneo.net\/wordpress\/index.php\/wp-json\/wp\/v2\/media?parent=8303"}],"wp:term":[{"taxonomy":"product_brand","embeddable":true,"href":"https:\/\/zapateneo.net\/wordpress\/index.php\/wp-json\/wp\/v2\/product_brand?post=8303"},{"taxonomy":"product_cat","embeddable":true,"href":"https:\/\/zapateneo.net\/wordpress\/index.php\/wp-json\/wp\/v2\/product_cat?post=8303"},{"taxonomy":"product_tag","embeddable":true,"href":"https:\/\/zapateneo.net\/wordpress\/index.php\/wp-json\/wp\/v2\/product_tag?post=8303"}],"curies":[{"name":"wp","href":"https:\/\/api.w.org\/{rel}","templated":true}]}}