{"id":8301,"date":"2021-09-25T20:05:57","date_gmt":"2021-09-25T19:05:57","guid":{"rendered":"https:\/\/zapateneo.net\/wordpress\/?post_type=product&#038;p=8301"},"modified":"2021-10-19T15:17:40","modified_gmt":"2021-10-19T14:17:40","slug":"autogestion-cotidiana-de-la-salud","status":"publish","type":"product","link":"https:\/\/zapateneo.net\/wordpress\/index.php\/producto\/autogestion-cotidiana-de-la-salud\/","title":{"rendered":"AUTOGESTI\u00d3N COTIDIANA DE LA SALUD"},"content":{"rendered":"<p>Autogesti\u00f3n cotidiana de la salud es el relato coherente de un conjunto de experiencias y reflexiones, casi siempre colectivas, que se enra\u00edzan en los saberes de las culturas populares, en las propuestas alternativas que surgen en lo local y en los conocimientos cient\u00edficos con dimensi\u00f3n \u00e9tica, para lograr la autonom\u00eda al momento de procurarnos cuidados y atenci\u00f3n a nuestro bienestar y proporcionar una salud comunitaria y natural, sin tener que estar conducida por el dominio imperante. Se pone atenci\u00f3n a pr\u00e1cticas preventinas de \u00edndole social, yendo a la ra\u00edz del malestar y enfermedad provocados por la exigencia misma del Sistema y el mundo que las necesita, obedeciendo muchas veces a intereses espurios.<br \/>\nNo es trivializaci\u00f3n del conocimiento cient\u00edfico, es un libro contra la pretendida infalibilidad de la Ciencia que anula otros saberes. Por eso, es necesario resituar la Medicina, entrelazando saberes populares, cient\u00edficos y otros saberes de forma horizontal, para ir generando cultivos sociales que ayuden a construir colectivamente satisfactores que den respuesta a nuestras necesidades.<br \/>\nLa autogesti\u00f3n cotidiana de la salud es encontrar formas de hacer que superen las rigidices y simplificaciones de las metodolog\u00edas, los protocolos del Estado y la reducci\u00f3n de las relaciones sociales al patr\u00f3n Dinero y a la jerarqu\u00eda del Patriarcado. Trabajar la salud ser\u00eda encontrar el equilibrio individual, grupal y colectivo con el entorno social y natural pr\u00f3ximo y con otros entornos, trabajando con y desde la gente de forma dial\u00e9ctica, dinamizando y generando mediaciones sociales deseadas; por lo que es parte intr\u00ednseca de la autogesti\u00f3n de la vida cotidiana.<\/p>\n","protected":false},"excerpt":{"rendered":"<p><strong>ENCINA RODR\u00cdGUEZ, JAVIER &#8211; URTEAGA, EMILIANO &#8211; EZEIZA, AINHOA<\/strong><br \/>\n978-84-947515-2-3 &#8211; Volap\u00fck &#8211; 2018 &#8211; 583 p\u00e1ginas \/orri.<\/p>\n","protected":false},"featured_media":8304,"template":"","meta":[],"product_brand":[],"product_cat":[16,182],"product_tag":[4623,4656,4657,3769],"class_list":{"0":"post-8301","1":"product","2":"type-product","3":"status-publish","4":"has-post-thumbnail","6":"product_cat-libros","7":"product_cat-osasuna-salud","8":"product_tag-encina","9":"product_tag-ezeiza","10":"product_tag-urteaga","11":"product_tag-volapuk","13":"first","14":"instock","15":"sold-individually","16":"shipping-taxable","17":"purchasable","18":"product-type-simple"},"yoast_head":"<!-- This site is optimized with the Yoast SEO plugin v27.3 - https:\/\/yoast.com\/product\/yoast-seo-wordpress\/ -->\n<title>AUTOGESTI\u00d3N COTIDIANA DE LA SALUD &#8212; Zapateneo<\/title>\n<meta name=\"robots\" content=\"index, follow, max-snippet:-1, max-image-preview:large, max-video-preview:-1\" \/>\n<link rel=\"canonical\" href=\"https:\/\/zapateneo.net\/wordpress\/index.php\/producto\/autogestion-cotidiana-de-la-salud\/\" \/>\n<meta property=\"og:locale\" content=\"es_ES\" \/>\n<meta property=\"og:type\" content=\"article\" \/>\n<meta property=\"og:title\" content=\"AUTOGESTI\u00d3N COTIDIANA DE LA SALUD &#8212; Zapateneo\" \/>\n<meta property=\"og:description\" content=\"ENCINA RODR\u00cdGUEZ, JAVIER - URTEAGA, EMILIANO - EZEIZA, AINHOA 978-84-947515-2-3 - Volap\u00fck - 2018 - 583 p\u00e1ginas \/orri.\" \/>\n<meta property=\"og:url\" content=\"https:\/\/zapateneo.net\/wordpress\/index.php\/producto\/autogestion-cotidiana-de-la-salud\/\" \/>\n<meta property=\"og:site_name\" content=\"Zapateneo\" \/>\n<meta property=\"article:modified_time\" content=\"2021-10-19T14:17:40+00:00\" \/>\n<meta property=\"og:image\" content=\"https:\/\/zapateneo.net\/wordpress\/wp-content\/uploads\/2021\/09\/autogestion_salud.jpg\" \/>\n\t<meta property=\"og:image:width\" content=\"251\" \/>\n\t<meta property=\"og:image:height\" content=\"400\" \/>\n\t<meta property=\"og:image:type\" content=\"image\/jpeg\" \/>\n<meta name=\"twitter:card\" content=\"summary_large_image\" \/>\n<meta name=\"twitter:site\" content=\"@zapateneo\" \/>\n<meta name=\"twitter:label1\" content=\"Tiempo de lectura\" \/>\n\t<meta name=\"twitter:data1\" content=\"1 minuto\" \/>\n<script type=\"application\/ld+json\" class=\"yoast-schema-graph\">{\"@context\":\"https:\\\/\\\/schema.org\",\"@graph\":[{\"@type\":\"WebPage\",\"@id\":\"https:\\\/\\\/zapateneo.net\\\/wordpress\\\/index.php\\\/producto\\\/autogestion-cotidiana-de-la-salud\\\/\",\"url\":\"https:\\\/\\\/zapateneo.net\\\/wordpress\\\/index.php\\\/producto\\\/autogestion-cotidiana-de-la-salud\\\/\",\"name\":\"AUTOGESTI\u00d3N COTIDIANA DE LA SALUD &#8212; Zapateneo\",\"isPartOf\":{\"@id\":\"https:\\\/\\\/zapateneo.net\\\/wordpress\\\/#website\"},\"primaryImageOfPage\":{\"@id\":\"https:\\\/\\\/zapateneo.net\\\/wordpress\\\/index.php\\\/producto\\\/autogestion-cotidiana-de-la-salud\\\/#primaryimage\"},\"image\":{\"@id\":\"https:\\\/\\\/zapateneo.net\\\/wordpress\\\/index.php\\\/producto\\\/autogestion-cotidiana-de-la-salud\\\/#primaryimage\"},\"thumbnailUrl\":\"https:\\\/\\\/zapateneo.net\\\/wordpress\\\/wp-content\\\/uploads\\\/2021\\\/09\\\/autogestion_salud.jpg\",\"datePublished\":\"2021-09-25T19:05:57+00:00\",\"dateModified\":\"2021-10-19T14:17:40+00:00\",\"breadcrumb\":{\"@id\":\"https:\\\/\\\/zapateneo.net\\\/wordpress\\\/index.php\\\/producto\\\/autogestion-cotidiana-de-la-salud\\\/#breadcrumb\"},\"inLanguage\":\"es\",\"potentialAction\":[{\"@type\":\"ReadAction\",\"target\":[\"https:\\\/\\\/zapateneo.net\\\/wordpress\\\/index.php\\\/producto\\\/autogestion-cotidiana-de-la-salud\\\/\"]}]},{\"@type\":\"ImageObject\",\"inLanguage\":\"es\",\"@id\":\"https:\\\/\\\/zapateneo.net\\\/wordpress\\\/index.php\\\/producto\\\/autogestion-cotidiana-de-la-salud\\\/#primaryimage\",\"url\":\"https:\\\/\\\/zapateneo.net\\\/wordpress\\\/wp-content\\\/uploads\\\/2021\\\/09\\\/autogestion_salud.jpg\",\"contentUrl\":\"https:\\\/\\\/zapateneo.net\\\/wordpress\\\/wp-content\\\/uploads\\\/2021\\\/09\\\/autogestion_salud.jpg\",\"width\":251,\"height\":400},{\"@type\":\"BreadcrumbList\",\"@id\":\"https:\\\/\\\/zapateneo.net\\\/wordpress\\\/index.php\\\/producto\\\/autogestion-cotidiana-de-la-salud\\\/#breadcrumb\",\"itemListElement\":[{\"@type\":\"ListItem\",\"position\":1,\"name\":\"Portada\",\"item\":\"https:\\\/\\\/zapateneo.net\\\/wordpress\\\/\"},{\"@type\":\"ListItem\",\"position\":2,\"name\":\"Tienda\",\"item\":\"https:\\\/\\\/zapateneo.net\\\/wordpress\\\/\"},{\"@type\":\"ListItem\",\"position\":3,\"name\":\"AUTOGESTI\u00d3N COTIDIANA DE LA SALUD\"}]},{\"@type\":\"WebSite\",\"@id\":\"https:\\\/\\\/zapateneo.net\\\/wordpress\\\/#website\",\"url\":\"https:\\\/\\\/zapateneo.net\\\/wordpress\\\/\",\"name\":\"Zapateneo\",\"description\":\"Zapateneoaren webgunea\",\"publisher\":{\"@id\":\"https:\\\/\\\/zapateneo.net\\\/wordpress\\\/#organization\"},\"potentialAction\":[{\"@type\":\"SearchAction\",\"target\":{\"@type\":\"EntryPoint\",\"urlTemplate\":\"https:\\\/\\\/zapateneo.net\\\/wordpress\\\/?s={search_term_string}\"},\"query-input\":{\"@type\":\"PropertyValueSpecification\",\"valueRequired\":true,\"valueName\":\"search_term_string\"}}],\"inLanguage\":\"es\"},{\"@type\":\"Organization\",\"@id\":\"https:\\\/\\\/zapateneo.net\\\/wordpress\\\/#organization\",\"name\":\"Zapateneo Kultur Elkartea\",\"url\":\"https:\\\/\\\/zapateneo.net\\\/wordpress\\\/\",\"logo\":{\"@type\":\"ImageObject\",\"inLanguage\":\"es\",\"@id\":\"https:\\\/\\\/zapateneo.net\\\/wordpress\\\/#\\\/schema\\\/logo\\\/image\\\/\",\"url\":\"https:\\\/\\\/zapateneo.net\\\/wordpress\\\/wp-content\\\/uploads\\\/2021\\\/04\\\/zap-libu-kolec.jpg\",\"contentUrl\":\"https:\\\/\\\/zapateneo.net\\\/wordpress\\\/wp-content\\\/uploads\\\/2021\\\/04\\\/zap-libu-kolec.jpg\",\"width\":2234,\"height\":398,\"caption\":\"Zapateneo Kultur Elkartea\"},\"image\":{\"@id\":\"https:\\\/\\\/zapateneo.net\\\/wordpress\\\/#\\\/schema\\\/logo\\\/image\\\/\"},\"sameAs\":[\"https:\\\/\\\/x.com\\\/zapateneo\"]}]}<\/script>\n<!-- \/ Yoast SEO plugin. -->","yoast_head_json":{"title":"AUTOGESTI\u00d3N COTIDIANA DE LA SALUD &#8212; Zapateneo","robots":{"index":"index","follow":"follow","max-snippet":"max-snippet:-1","max-image-preview":"max-image-preview:large","max-video-preview":"max-video-preview:-1"},"canonical":"https:\/\/zapateneo.net\/wordpress\/index.php\/producto\/autogestion-cotidiana-de-la-salud\/","og_locale":"es_ES","og_type":"article","og_title":"AUTOGESTI\u00d3N COTIDIANA DE LA SALUD &#8212; Zapateneo","og_description":"ENCINA RODR\u00cdGUEZ, JAVIER - URTEAGA, EMILIANO - EZEIZA, AINHOA 978-84-947515-2-3 - Volap\u00fck - 2018 - 583 p\u00e1ginas \/orri.","og_url":"https:\/\/zapateneo.net\/wordpress\/index.php\/producto\/autogestion-cotidiana-de-la-salud\/","og_site_name":"Zapateneo","article_modified_time":"2021-10-19T14:17:40+00:00","og_image":[{"width":251,"height":400,"url":"https:\/\/zapateneo.net\/wordpress\/wp-content\/uploads\/2021\/09\/autogestion_salud.jpg","type":"image\/jpeg"}],"twitter_card":"summary_large_image","twitter_site":"@zapateneo","twitter_misc":{"Tiempo de lectura":"1 minuto"},"schema":{"@context":"https:\/\/schema.org","@graph":[{"@type":"WebPage","@id":"https:\/\/zapateneo.net\/wordpress\/index.php\/producto\/autogestion-cotidiana-de-la-salud\/","url":"https:\/\/zapateneo.net\/wordpress\/index.php\/producto\/autogestion-cotidiana-de-la-salud\/","name":"AUTOGESTI\u00d3N COTIDIANA DE LA SALUD &#8212; Zapateneo","isPartOf":{"@id":"https:\/\/zapateneo.net\/wordpress\/#website"},"primaryImageOfPage":{"@id":"https:\/\/zapateneo.net\/wordpress\/index.php\/producto\/autogestion-cotidiana-de-la-salud\/#primaryimage"},"image":{"@id":"https:\/\/zapateneo.net\/wordpress\/index.php\/producto\/autogestion-cotidiana-de-la-salud\/#primaryimage"},"thumbnailUrl":"https:\/\/zapateneo.net\/wordpress\/wp-content\/uploads\/2021\/09\/autogestion_salud.jpg","datePublished":"2021-09-25T19:05:57+00:00","dateModified":"2021-10-19T14:17:40+00:00","breadcrumb":{"@id":"https:\/\/zapateneo.net\/wordpress\/index.php\/producto\/autogestion-cotidiana-de-la-salud\/#breadcrumb"},"inLanguage":"es","potentialAction":[{"@type":"ReadAction","target":["https:\/\/zapateneo.net\/wordpress\/index.php\/producto\/autogestion-cotidiana-de-la-salud\/"]}]},{"@type":"ImageObject","inLanguage":"es","@id":"https:\/\/zapateneo.net\/wordpress\/index.php\/producto\/autogestion-cotidiana-de-la-salud\/#primaryimage","url":"https:\/\/zapateneo.net\/wordpress\/wp-content\/uploads\/2021\/09\/autogestion_salud.jpg","contentUrl":"https:\/\/zapateneo.net\/wordpress\/wp-content\/uploads\/2021\/09\/autogestion_salud.jpg","width":251,"height":400},{"@type":"BreadcrumbList","@id":"https:\/\/zapateneo.net\/wordpress\/index.php\/producto\/autogestion-cotidiana-de-la-salud\/#breadcrumb","itemListElement":[{"@type":"ListItem","position":1,"name":"Portada","item":"https:\/\/zapateneo.net\/wordpress\/"},{"@type":"ListItem","position":2,"name":"Tienda","item":"https:\/\/zapateneo.net\/wordpress\/"},{"@type":"ListItem","position":3,"name":"AUTOGESTI\u00d3N COTIDIANA DE LA SALUD"}]},{"@type":"WebSite","@id":"https:\/\/zapateneo.net\/wordpress\/#website","url":"https:\/\/zapateneo.net\/wordpress\/","name":"Zapateneo","description":"Zapateneoaren webgunea","publisher":{"@id":"https:\/\/zapateneo.net\/wordpress\/#organization"},"potentialAction":[{"@type":"SearchAction","target":{"@type":"EntryPoint","urlTemplate":"https:\/\/zapateneo.net\/wordpress\/?s={search_term_string}"},"query-input":{"@type":"PropertyValueSpecification","valueRequired":true,"valueName":"search_term_string"}}],"inLanguage":"es"},{"@type":"Organization","@id":"https:\/\/zapateneo.net\/wordpress\/#organization","name":"Zapateneo Kultur Elkartea","url":"https:\/\/zapateneo.net\/wordpress\/","logo":{"@type":"ImageObject","inLanguage":"es","@id":"https:\/\/zapateneo.net\/wordpress\/#\/schema\/logo\/image\/","url":"https:\/\/zapateneo.net\/wordpress\/wp-content\/uploads\/2021\/04\/zap-libu-kolec.jpg","contentUrl":"https:\/\/zapateneo.net\/wordpress\/wp-content\/uploads\/2021\/04\/zap-libu-kolec.jpg","width":2234,"height":398,"caption":"Zapateneo Kultur Elkartea"},"image":{"@id":"https:\/\/zapateneo.net\/wordpress\/#\/schema\/logo\/image\/"},"sameAs":["https:\/\/x.com\/zapateneo"]}]}},"_links":{"self":[{"href":"https:\/\/zapateneo.net\/wordpress\/index.php\/wp-json\/wp\/v2\/product\/8301","targetHints":{"allow":["GET"]}}],"collection":[{"href":"https:\/\/zapateneo.net\/wordpress\/index.php\/wp-json\/wp\/v2\/product"}],"about":[{"href":"https:\/\/zapateneo.net\/wordpress\/index.php\/wp-json\/wp\/v2\/types\/product"}],"wp:featuredmedia":[{"embeddable":true,"href":"https:\/\/zapateneo.net\/wordpress\/index.php\/wp-json\/wp\/v2\/media\/8304"}],"wp:attachment":[{"href":"https:\/\/zapateneo.net\/wordpress\/index.php\/wp-json\/wp\/v2\/media?parent=8301"}],"wp:term":[{"taxonomy":"product_brand","embeddable":true,"href":"https:\/\/zapateneo.net\/wordpress\/index.php\/wp-json\/wp\/v2\/product_brand?post=8301"},{"taxonomy":"product_cat","embeddable":true,"href":"https:\/\/zapateneo.net\/wordpress\/index.php\/wp-json\/wp\/v2\/product_cat?post=8301"},{"taxonomy":"product_tag","embeddable":true,"href":"https:\/\/zapateneo.net\/wordpress\/index.php\/wp-json\/wp\/v2\/product_tag?post=8301"}],"curies":[{"name":"wp","href":"https:\/\/api.w.org\/{rel}","templated":true}]}}