{"id":8239,"date":"2021-09-15T20:48:24","date_gmt":"2021-09-15T19:48:24","guid":{"rendered":"https:\/\/zapateneo.net\/wordpress\/?post_type=product&#038;p=8239"},"modified":"2022-05-29T17:43:16","modified_gmt":"2022-05-29T16:43:16","slug":"juego-de-mesa-autonomia-zapatista-contruccion-colectiva-del-territorio-autonomo","status":"publish","type":"product","link":"https:\/\/zapateneo.net\/wordpress\/index.php\/producto\/juego-de-mesa-autonomia-zapatista-contruccion-colectiva-del-territorio-autonomo\/","title":{"rendered":"Juego de mesa: Autonom\u00eda Zapatista Contrucci\u00f3n colectiva del territorio aut\u00f3nomo"},"content":{"rendered":"<p>UN JUEGO SOLIDARIO Y POL\u00cdTICAMENTE COMPROMETIDO<\/p>\n<p>\u00abZapatistas\u00bb est\u00e1 siendo elaborado desde el movimiento social europeo de apoyo a lxs zapatistas. Todo el trabajo para producir y vender el juego ha sido voluntario y desinteresado. El precio unitario de cada juego ser\u00e1 de 40\u20ac y el 100% de los beneficios obtenidos ser\u00e1 destinado a apoyar el viaje zapatista a Europa en 2021.<\/p>\n<p>\u00abZapatistas\u00bb es un juego de mesa en el que colaboramos para construir la autonom\u00eda en un caracol zapatista. Durante las partidas nos enfrentaremos a las pol\u00edticas del gobierno mexicano, desactivaremos los ataques paramilitares y lucharemos contra la implementaci\u00f3n de infraestructuras y megaproyectos que pretenden robar el territorio a los pueblos ind\u00edgenas.<\/p>\n<p>Pero sobre todo deberemos organizarnos para lograr el cumplimiento de las 13 demandas zapatistas en nuestro caracol. Estas son tierra, trabajo, techo, alimentaci\u00f3n, salud, educaci\u00f3n, democracia, libertad, justicia, independencia, paz, informaci\u00f3n y cultura. Para ello, contaremos con compas bases de apoyo, pero tendremos que organizar las distintas \u00e1reas y trabajos de la autonom\u00eda. \u00a1Tendremos ventaja si logramos la paridad de g\u00e9nero en cada una de las \u00e1reas de trabajo!<\/p>\n","protected":false},"excerpt":{"rendered":"<p><strong>Colectivos de solidaridad con la gira por la vida del EZLN<\/strong><br \/>\n2021082300015 &#8211; Colectivos de solidaridad con la gira por la vida del EZLN &#8211; &#8211; p\u00e1ginas \/orri.<\/p>\n","protected":false},"featured_media":8263,"template":"","meta":[],"product_brand":[],"product_cat":[177,15],"product_tag":[4618],"class_list":{"0":"post-8239","1":"product","2":"type-product","3":"status-publish","4":"has-post-thumbnail","6":"product_cat-gizarte-mugimenduak-movimientos-sociales","7":"product_cat-otros-bestelakoak","8":"product_tag-colectivos-de-solidaridad-con-la-gira-por-la-vida-del-ezln","10":"first","11":"instock","12":"sold-individually","13":"shipping-taxable","14":"purchasable","15":"product-type-simple"},"yoast_head":"<!-- This site is optimized with the Yoast SEO plugin v27.3 - https:\/\/yoast.com\/product\/yoast-seo-wordpress\/ -->\n<title>Juego de mesa: Autonom\u00eda Zapatista Contrucci\u00f3n colectiva del territorio aut\u00f3nomo &#8212; Zapateneo<\/title>\n<meta name=\"robots\" content=\"index, follow, max-snippet:-1, max-image-preview:large, max-video-preview:-1\" \/>\n<link rel=\"canonical\" href=\"https:\/\/zapateneo.net\/wordpress\/index.php\/producto\/juego-de-mesa-autonomia-zapatista-contruccion-colectiva-del-territorio-autonomo\/\" \/>\n<meta property=\"og:locale\" content=\"es_ES\" \/>\n<meta property=\"og:type\" content=\"article\" \/>\n<meta property=\"og:title\" content=\"Juego de mesa: Autonom\u00eda Zapatista Contrucci\u00f3n colectiva del territorio aut\u00f3nomo &#8212; Zapateneo\" \/>\n<meta property=\"og:description\" content=\"Colectivos de solidaridad con la gira por la vida del EZLN 2021082300015 - Colectivos de solidaridad con la gira por la vida del EZLN - - p\u00e1ginas \/orri.\" \/>\n<meta property=\"og:url\" content=\"https:\/\/zapateneo.net\/wordpress\/index.php\/producto\/juego-de-mesa-autonomia-zapatista-contruccion-colectiva-del-territorio-autonomo\/\" \/>\n<meta property=\"og:site_name\" content=\"Zapateneo\" \/>\n<meta property=\"article:modified_time\" content=\"2022-05-29T16:43:16+00:00\" \/>\n<meta property=\"og:image\" content=\"https:\/\/zapateneo.net\/wordpress\/wp-content\/uploads\/2021\/09\/img_5752.jpg\" \/>\n\t<meta property=\"og:image:width\" content=\"400\" \/>\n\t<meta property=\"og:image:height\" content=\"300\" \/>\n\t<meta property=\"og:image:type\" content=\"image\/jpeg\" \/>\n<meta name=\"twitter:card\" content=\"summary_large_image\" \/>\n<meta name=\"twitter:site\" content=\"@zapateneo\" \/>\n<meta name=\"twitter:label1\" content=\"Tiempo de lectura\" \/>\n\t<meta name=\"twitter:data1\" content=\"1 minuto\" \/>\n<script type=\"application\/ld+json\" class=\"yoast-schema-graph\">{\"@context\":\"https:\\\/\\\/schema.org\",\"@graph\":[{\"@type\":\"WebPage\",\"@id\":\"https:\\\/\\\/zapateneo.net\\\/wordpress\\\/index.php\\\/producto\\\/juego-de-mesa-autonomia-zapatista-contruccion-colectiva-del-territorio-autonomo\\\/\",\"url\":\"https:\\\/\\\/zapateneo.net\\\/wordpress\\\/index.php\\\/producto\\\/juego-de-mesa-autonomia-zapatista-contruccion-colectiva-del-territorio-autonomo\\\/\",\"name\":\"Juego de mesa: Autonom\u00eda Zapatista Contrucci\u00f3n colectiva del territorio aut\u00f3nomo &#8212; Zapateneo\",\"isPartOf\":{\"@id\":\"https:\\\/\\\/zapateneo.net\\\/wordpress\\\/#website\"},\"primaryImageOfPage\":{\"@id\":\"https:\\\/\\\/zapateneo.net\\\/wordpress\\\/index.php\\\/producto\\\/juego-de-mesa-autonomia-zapatista-contruccion-colectiva-del-territorio-autonomo\\\/#primaryimage\"},\"image\":{\"@id\":\"https:\\\/\\\/zapateneo.net\\\/wordpress\\\/index.php\\\/producto\\\/juego-de-mesa-autonomia-zapatista-contruccion-colectiva-del-territorio-autonomo\\\/#primaryimage\"},\"thumbnailUrl\":\"https:\\\/\\\/zapateneo.net\\\/wordpress\\\/wp-content\\\/uploads\\\/2021\\\/09\\\/img_5752.jpg\",\"datePublished\":\"2021-09-15T19:48:24+00:00\",\"dateModified\":\"2022-05-29T16:43:16+00:00\",\"breadcrumb\":{\"@id\":\"https:\\\/\\\/zapateneo.net\\\/wordpress\\\/index.php\\\/producto\\\/juego-de-mesa-autonomia-zapatista-contruccion-colectiva-del-territorio-autonomo\\\/#breadcrumb\"},\"inLanguage\":\"es\",\"potentialAction\":[{\"@type\":\"ReadAction\",\"target\":[\"https:\\\/\\\/zapateneo.net\\\/wordpress\\\/index.php\\\/producto\\\/juego-de-mesa-autonomia-zapatista-contruccion-colectiva-del-territorio-autonomo\\\/\"]}]},{\"@type\":\"ImageObject\",\"inLanguage\":\"es\",\"@id\":\"https:\\\/\\\/zapateneo.net\\\/wordpress\\\/index.php\\\/producto\\\/juego-de-mesa-autonomia-zapatista-contruccion-colectiva-del-territorio-autonomo\\\/#primaryimage\",\"url\":\"https:\\\/\\\/zapateneo.net\\\/wordpress\\\/wp-content\\\/uploads\\\/2021\\\/09\\\/img_5752.jpg\",\"contentUrl\":\"https:\\\/\\\/zapateneo.net\\\/wordpress\\\/wp-content\\\/uploads\\\/2021\\\/09\\\/img_5752.jpg\",\"width\":400,\"height\":300},{\"@type\":\"BreadcrumbList\",\"@id\":\"https:\\\/\\\/zapateneo.net\\\/wordpress\\\/index.php\\\/producto\\\/juego-de-mesa-autonomia-zapatista-contruccion-colectiva-del-territorio-autonomo\\\/#breadcrumb\",\"itemListElement\":[{\"@type\":\"ListItem\",\"position\":1,\"name\":\"Portada\",\"item\":\"https:\\\/\\\/zapateneo.net\\\/wordpress\\\/\"},{\"@type\":\"ListItem\",\"position\":2,\"name\":\"Tienda\",\"item\":\"https:\\\/\\\/zapateneo.net\\\/wordpress\\\/\"},{\"@type\":\"ListItem\",\"position\":3,\"name\":\"Juego de mesa: Autonom\u00eda Zapatista Contrucci\u00f3n colectiva del territorio aut\u00f3nomo\"}]},{\"@type\":\"WebSite\",\"@id\":\"https:\\\/\\\/zapateneo.net\\\/wordpress\\\/#website\",\"url\":\"https:\\\/\\\/zapateneo.net\\\/wordpress\\\/\",\"name\":\"Zapateneo\",\"description\":\"Zapateneoaren webgunea\",\"publisher\":{\"@id\":\"https:\\\/\\\/zapateneo.net\\\/wordpress\\\/#organization\"},\"potentialAction\":[{\"@type\":\"SearchAction\",\"target\":{\"@type\":\"EntryPoint\",\"urlTemplate\":\"https:\\\/\\\/zapateneo.net\\\/wordpress\\\/?s={search_term_string}\"},\"query-input\":{\"@type\":\"PropertyValueSpecification\",\"valueRequired\":true,\"valueName\":\"search_term_string\"}}],\"inLanguage\":\"es\"},{\"@type\":\"Organization\",\"@id\":\"https:\\\/\\\/zapateneo.net\\\/wordpress\\\/#organization\",\"name\":\"Zapateneo Kultur Elkartea\",\"url\":\"https:\\\/\\\/zapateneo.net\\\/wordpress\\\/\",\"logo\":{\"@type\":\"ImageObject\",\"inLanguage\":\"es\",\"@id\":\"https:\\\/\\\/zapateneo.net\\\/wordpress\\\/#\\\/schema\\\/logo\\\/image\\\/\",\"url\":\"https:\\\/\\\/zapateneo.net\\\/wordpress\\\/wp-content\\\/uploads\\\/2021\\\/04\\\/zap-libu-kolec.jpg\",\"contentUrl\":\"https:\\\/\\\/zapateneo.net\\\/wordpress\\\/wp-content\\\/uploads\\\/2021\\\/04\\\/zap-libu-kolec.jpg\",\"width\":2234,\"height\":398,\"caption\":\"Zapateneo Kultur Elkartea\"},\"image\":{\"@id\":\"https:\\\/\\\/zapateneo.net\\\/wordpress\\\/#\\\/schema\\\/logo\\\/image\\\/\"},\"sameAs\":[\"https:\\\/\\\/x.com\\\/zapateneo\"]}]}<\/script>\n<!-- \/ Yoast SEO plugin. -->","yoast_head_json":{"title":"Juego de mesa: Autonom\u00eda Zapatista Contrucci\u00f3n colectiva del territorio aut\u00f3nomo &#8212; Zapateneo","robots":{"index":"index","follow":"follow","max-snippet":"max-snippet:-1","max-image-preview":"max-image-preview:large","max-video-preview":"max-video-preview:-1"},"canonical":"https:\/\/zapateneo.net\/wordpress\/index.php\/producto\/juego-de-mesa-autonomia-zapatista-contruccion-colectiva-del-territorio-autonomo\/","og_locale":"es_ES","og_type":"article","og_title":"Juego de mesa: Autonom\u00eda Zapatista Contrucci\u00f3n colectiva del territorio aut\u00f3nomo &#8212; Zapateneo","og_description":"Colectivos de solidaridad con la gira por la vida del EZLN 2021082300015 - Colectivos de solidaridad con la gira por la vida del EZLN - - p\u00e1ginas \/orri.","og_url":"https:\/\/zapateneo.net\/wordpress\/index.php\/producto\/juego-de-mesa-autonomia-zapatista-contruccion-colectiva-del-territorio-autonomo\/","og_site_name":"Zapateneo","article_modified_time":"2022-05-29T16:43:16+00:00","og_image":[{"width":400,"height":300,"url":"https:\/\/zapateneo.net\/wordpress\/wp-content\/uploads\/2021\/09\/img_5752.jpg","type":"image\/jpeg"}],"twitter_card":"summary_large_image","twitter_site":"@zapateneo","twitter_misc":{"Tiempo de lectura":"1 minuto"},"schema":{"@context":"https:\/\/schema.org","@graph":[{"@type":"WebPage","@id":"https:\/\/zapateneo.net\/wordpress\/index.php\/producto\/juego-de-mesa-autonomia-zapatista-contruccion-colectiva-del-territorio-autonomo\/","url":"https:\/\/zapateneo.net\/wordpress\/index.php\/producto\/juego-de-mesa-autonomia-zapatista-contruccion-colectiva-del-territorio-autonomo\/","name":"Juego de mesa: Autonom\u00eda Zapatista Contrucci\u00f3n colectiva del territorio aut\u00f3nomo &#8212; Zapateneo","isPartOf":{"@id":"https:\/\/zapateneo.net\/wordpress\/#website"},"primaryImageOfPage":{"@id":"https:\/\/zapateneo.net\/wordpress\/index.php\/producto\/juego-de-mesa-autonomia-zapatista-contruccion-colectiva-del-territorio-autonomo\/#primaryimage"},"image":{"@id":"https:\/\/zapateneo.net\/wordpress\/index.php\/producto\/juego-de-mesa-autonomia-zapatista-contruccion-colectiva-del-territorio-autonomo\/#primaryimage"},"thumbnailUrl":"https:\/\/zapateneo.net\/wordpress\/wp-content\/uploads\/2021\/09\/img_5752.jpg","datePublished":"2021-09-15T19:48:24+00:00","dateModified":"2022-05-29T16:43:16+00:00","breadcrumb":{"@id":"https:\/\/zapateneo.net\/wordpress\/index.php\/producto\/juego-de-mesa-autonomia-zapatista-contruccion-colectiva-del-territorio-autonomo\/#breadcrumb"},"inLanguage":"es","potentialAction":[{"@type":"ReadAction","target":["https:\/\/zapateneo.net\/wordpress\/index.php\/producto\/juego-de-mesa-autonomia-zapatista-contruccion-colectiva-del-territorio-autonomo\/"]}]},{"@type":"ImageObject","inLanguage":"es","@id":"https:\/\/zapateneo.net\/wordpress\/index.php\/producto\/juego-de-mesa-autonomia-zapatista-contruccion-colectiva-del-territorio-autonomo\/#primaryimage","url":"https:\/\/zapateneo.net\/wordpress\/wp-content\/uploads\/2021\/09\/img_5752.jpg","contentUrl":"https:\/\/zapateneo.net\/wordpress\/wp-content\/uploads\/2021\/09\/img_5752.jpg","width":400,"height":300},{"@type":"BreadcrumbList","@id":"https:\/\/zapateneo.net\/wordpress\/index.php\/producto\/juego-de-mesa-autonomia-zapatista-contruccion-colectiva-del-territorio-autonomo\/#breadcrumb","itemListElement":[{"@type":"ListItem","position":1,"name":"Portada","item":"https:\/\/zapateneo.net\/wordpress\/"},{"@type":"ListItem","position":2,"name":"Tienda","item":"https:\/\/zapateneo.net\/wordpress\/"},{"@type":"ListItem","position":3,"name":"Juego de mesa: Autonom\u00eda Zapatista Contrucci\u00f3n colectiva del territorio aut\u00f3nomo"}]},{"@type":"WebSite","@id":"https:\/\/zapateneo.net\/wordpress\/#website","url":"https:\/\/zapateneo.net\/wordpress\/","name":"Zapateneo","description":"Zapateneoaren webgunea","publisher":{"@id":"https:\/\/zapateneo.net\/wordpress\/#organization"},"potentialAction":[{"@type":"SearchAction","target":{"@type":"EntryPoint","urlTemplate":"https:\/\/zapateneo.net\/wordpress\/?s={search_term_string}"},"query-input":{"@type":"PropertyValueSpecification","valueRequired":true,"valueName":"search_term_string"}}],"inLanguage":"es"},{"@type":"Organization","@id":"https:\/\/zapateneo.net\/wordpress\/#organization","name":"Zapateneo Kultur Elkartea","url":"https:\/\/zapateneo.net\/wordpress\/","logo":{"@type":"ImageObject","inLanguage":"es","@id":"https:\/\/zapateneo.net\/wordpress\/#\/schema\/logo\/image\/","url":"https:\/\/zapateneo.net\/wordpress\/wp-content\/uploads\/2021\/04\/zap-libu-kolec.jpg","contentUrl":"https:\/\/zapateneo.net\/wordpress\/wp-content\/uploads\/2021\/04\/zap-libu-kolec.jpg","width":2234,"height":398,"caption":"Zapateneo Kultur Elkartea"},"image":{"@id":"https:\/\/zapateneo.net\/wordpress\/#\/schema\/logo\/image\/"},"sameAs":["https:\/\/x.com\/zapateneo"]}]}},"_links":{"self":[{"href":"https:\/\/zapateneo.net\/wordpress\/index.php\/wp-json\/wp\/v2\/product\/8239","targetHints":{"allow":["GET"]}}],"collection":[{"href":"https:\/\/zapateneo.net\/wordpress\/index.php\/wp-json\/wp\/v2\/product"}],"about":[{"href":"https:\/\/zapateneo.net\/wordpress\/index.php\/wp-json\/wp\/v2\/types\/product"}],"wp:featuredmedia":[{"embeddable":true,"href":"https:\/\/zapateneo.net\/wordpress\/index.php\/wp-json\/wp\/v2\/media\/8263"}],"wp:attachment":[{"href":"https:\/\/zapateneo.net\/wordpress\/index.php\/wp-json\/wp\/v2\/media?parent=8239"}],"wp:term":[{"taxonomy":"product_brand","embeddable":true,"href":"https:\/\/zapateneo.net\/wordpress\/index.php\/wp-json\/wp\/v2\/product_brand?post=8239"},{"taxonomy":"product_cat","embeddable":true,"href":"https:\/\/zapateneo.net\/wordpress\/index.php\/wp-json\/wp\/v2\/product_cat?post=8239"},{"taxonomy":"product_tag","embeddable":true,"href":"https:\/\/zapateneo.net\/wordpress\/index.php\/wp-json\/wp\/v2\/product_tag?post=8239"}],"curies":[{"name":"wp","href":"https:\/\/api.w.org\/{rel}","templated":true}]}}