{"id":8216,"date":"2021-09-15T20:45:20","date_gmt":"2021-09-15T19:45:20","guid":{"rendered":"https:\/\/zapateneo.net\/wordpress\/?post_type=product&#038;p=8216"},"modified":"2021-09-15T20:50:47","modified_gmt":"2021-09-15T19:50:47","slug":"ekintza-zuzena-47","status":"publish","type":"product","link":"https:\/\/zapateneo.net\/wordpress\/index.php\/producto\/ekintza-zuzena-47\/","title":{"rendered":"Ekintza Zuzena # 47"},"content":{"rendered":"<p>La veterana revista libertaria bilba\u00edna Ekintza Zuzena se hace de rogar pero cuando por fin llega nos llena de satisfacciones a quienes esperamos con impaciencia su olor a tinta y sus textos llenos de reflexi\u00f3n y an\u00e1lisis. No apta para cerebros s\u00f3lo capaces de leer cosas del tama\u00f1o de un twit. Esto es combustible para nuestros cerebros. Con motivo del 150\u00ba aniversario de la Comuna de Paris, la revista nos incluye un mapa\/poster confeccionado para la ocasi\u00f3n. Vive la Commune!!! A continuaci\u00f3n incluimos el extenso sumario de lo que nos trae esta nueva edici\u00f3n de la revista Ekintza Zuzena a lo largo de sus 184 p\u00e1ginas:<\/p>\n<p>Portada: Nahia Iglesias Pamparacuatro \u2013 Marrabila ilustrazioak<\/p>\n<p>Capitalismo patol\u00f3gico.<\/p>\n<p>EHk 2021. Activar la mayor\u00eda social en malestar.<\/p>\n<p>Crisis, trabajo y heridas morales.<\/p>\n<p>La nueva normalidad.<\/p>\n<p>\u00bfVerde y digital?<\/p>\n<p>Las reglas del dinero.<\/p>\n<p>La insurrecci\u00f3n ilegible.<\/p>\n<p>Panfleto para la descivilizaci\u00f3n.<\/p>\n<p>Propuesta concreta para la conversi\u00f3n de la industria militar.<\/p>\n<p>Donostian metroa gelditzearen aldeko manifestua.<\/p>\n<p>Salud mental y pandemia.<\/p>\n<p>Orgullo loco.<\/p>\n<p>C\u00f3mic \u00abAnarquistas\u00bb.<\/p>\n<p>La \u00abSalud P\u00fablica\u00bb como herramienta totalitaria de la Dictadura M\u00e9dica Industrial.<\/p>\n<p>Lo que es la izquierda y lo que queremos que sea.<\/p>\n<p>Autonom\u00eda y liberaci\u00f3n.<\/p>\n<p>C\u00f3mic: \u00abAngela Davis contra los reformadores liberales\u00bb<\/p>\n<p>Entrevista con el colectivo Crimeth Inc.<\/p>\n<p>La pelota no se mancha.<\/p>\n<p>La Comuna de Par\u00eds.<\/p>\n<p>C\u00f3mic: \u00abAnarchy in the UK\u00bb<\/p>\n<p>Isaac Puente. Un hombre de nuestro tiempo.<\/p>\n<p>C\u00f3mic: \u00abNavidad 1914\u00bb.<\/p>\n<p>Naves. Biograf\u00eda del \u00abotro\u00bb movimiento obrero.<\/p>\n<p>Estoy en deuda con David Graeber.<\/p>\n<p>De la experiencia de la confusi\u00f3n moral.<\/p>\n<p>Relato: Porman.<\/p>\n<p>Rese\u00f1as de libros.<\/p>\n<p>Nostalgia de futuro.<\/p>\n<p>Literatura: \u00abFikzioaren garraio poltsaren teoria\u00bb<\/p>\n<p>Citas.<\/p>\n<p>Contraportada: Manu Guayre<\/p>\n<p>Incluye adem\u00e1s el suplemento humor\u00edstico \u00abLSD\u2008Herald Tribune\u00bb en las p\u00e1ginas centrales<\/p>\n","protected":false},"excerpt":{"rendered":"<p><strong>Ekintza Zuzena<\/strong><br \/>\n2021071600010 &#8211; Ekintza Zuzena &#8211; 2021 &#8211; 178 p\u00e1ginas \/orri.<\/p>\n","protected":false},"featured_media":8254,"template":"","meta":[],"product_brand":[],"product_cat":[185,164],"product_tag":[4209],"class_list":{"0":"post-8216","1":"product","2":"type-product","3":"status-publish","4":"has-post-thumbnail","6":"product_cat-historia","7":"product_cat-revistas-aldizkariak","8":"product_tag-ekintza-zuzena","10":"first","11":"instock","12":"sold-individually","13":"shipping-taxable","14":"purchasable","15":"product-type-simple"},"yoast_head":"<!-- This site is optimized with the Yoast SEO plugin v27.3 - https:\/\/yoast.com\/product\/yoast-seo-wordpress\/ -->\n<title>Ekintza Zuzena # 47 &#8212; Zapateneo<\/title>\n<meta name=\"robots\" content=\"index, follow, max-snippet:-1, max-image-preview:large, max-video-preview:-1\" \/>\n<link rel=\"canonical\" href=\"https:\/\/zapateneo.net\/wordpress\/index.php\/producto\/ekintza-zuzena-47\/\" \/>\n<meta property=\"og:locale\" content=\"es_ES\" \/>\n<meta property=\"og:type\" content=\"article\" \/>\n<meta property=\"og:title\" content=\"Ekintza Zuzena # 47 &#8212; Zapateneo\" \/>\n<meta property=\"og:description\" content=\"Ekintza Zuzena 2021071600010 - Ekintza Zuzena - 2021 - 178 p\u00e1ginas \/orri.\" \/>\n<meta property=\"og:url\" content=\"https:\/\/zapateneo.net\/wordpress\/index.php\/producto\/ekintza-zuzena-47\/\" \/>\n<meta property=\"og:site_name\" content=\"Zapateneo\" \/>\n<meta property=\"article:modified_time\" content=\"2021-09-15T19:50:47+00:00\" \/>\n<meta property=\"og:image\" content=\"https:\/\/zapateneo.net\/wordpress\/wp-content\/uploads\/2021\/09\/ekintza-zuzena-47.jpg\" \/>\n\t<meta property=\"og:image:width\" content=\"212\" \/>\n\t<meta property=\"og:image:height\" content=\"300\" \/>\n\t<meta property=\"og:image:type\" content=\"image\/jpeg\" \/>\n<meta name=\"twitter:card\" content=\"summary_large_image\" \/>\n<meta name=\"twitter:site\" content=\"@zapateneo\" \/>\n<meta name=\"twitter:label1\" content=\"Tiempo de lectura\" \/>\n\t<meta name=\"twitter:data1\" content=\"2 minutos\" \/>\n<script type=\"application\/ld+json\" class=\"yoast-schema-graph\">{\"@context\":\"https:\\\/\\\/schema.org\",\"@graph\":[{\"@type\":\"WebPage\",\"@id\":\"https:\\\/\\\/zapateneo.net\\\/wordpress\\\/index.php\\\/producto\\\/ekintza-zuzena-47\\\/\",\"url\":\"https:\\\/\\\/zapateneo.net\\\/wordpress\\\/index.php\\\/producto\\\/ekintza-zuzena-47\\\/\",\"name\":\"Ekintza Zuzena # 47 &#8212; Zapateneo\",\"isPartOf\":{\"@id\":\"https:\\\/\\\/zapateneo.net\\\/wordpress\\\/#website\"},\"primaryImageOfPage\":{\"@id\":\"https:\\\/\\\/zapateneo.net\\\/wordpress\\\/index.php\\\/producto\\\/ekintza-zuzena-47\\\/#primaryimage\"},\"image\":{\"@id\":\"https:\\\/\\\/zapateneo.net\\\/wordpress\\\/index.php\\\/producto\\\/ekintza-zuzena-47\\\/#primaryimage\"},\"thumbnailUrl\":\"https:\\\/\\\/zapateneo.net\\\/wordpress\\\/wp-content\\\/uploads\\\/2021\\\/09\\\/ekintza-zuzena-47.jpg\",\"datePublished\":\"2021-09-15T19:45:20+00:00\",\"dateModified\":\"2021-09-15T19:50:47+00:00\",\"breadcrumb\":{\"@id\":\"https:\\\/\\\/zapateneo.net\\\/wordpress\\\/index.php\\\/producto\\\/ekintza-zuzena-47\\\/#breadcrumb\"},\"inLanguage\":\"es\",\"potentialAction\":[{\"@type\":\"ReadAction\",\"target\":[\"https:\\\/\\\/zapateneo.net\\\/wordpress\\\/index.php\\\/producto\\\/ekintza-zuzena-47\\\/\"]}]},{\"@type\":\"ImageObject\",\"inLanguage\":\"es\",\"@id\":\"https:\\\/\\\/zapateneo.net\\\/wordpress\\\/index.php\\\/producto\\\/ekintza-zuzena-47\\\/#primaryimage\",\"url\":\"https:\\\/\\\/zapateneo.net\\\/wordpress\\\/wp-content\\\/uploads\\\/2021\\\/09\\\/ekintza-zuzena-47.jpg\",\"contentUrl\":\"https:\\\/\\\/zapateneo.net\\\/wordpress\\\/wp-content\\\/uploads\\\/2021\\\/09\\\/ekintza-zuzena-47.jpg\",\"width\":212,\"height\":300},{\"@type\":\"BreadcrumbList\",\"@id\":\"https:\\\/\\\/zapateneo.net\\\/wordpress\\\/index.php\\\/producto\\\/ekintza-zuzena-47\\\/#breadcrumb\",\"itemListElement\":[{\"@type\":\"ListItem\",\"position\":1,\"name\":\"Portada\",\"item\":\"https:\\\/\\\/zapateneo.net\\\/wordpress\\\/\"},{\"@type\":\"ListItem\",\"position\":2,\"name\":\"Tienda\",\"item\":\"https:\\\/\\\/zapateneo.net\\\/wordpress\\\/\"},{\"@type\":\"ListItem\",\"position\":3,\"name\":\"Ekintza Zuzena # 47\"}]},{\"@type\":\"WebSite\",\"@id\":\"https:\\\/\\\/zapateneo.net\\\/wordpress\\\/#website\",\"url\":\"https:\\\/\\\/zapateneo.net\\\/wordpress\\\/\",\"name\":\"Zapateneo\",\"description\":\"Zapateneoaren webgunea\",\"publisher\":{\"@id\":\"https:\\\/\\\/zapateneo.net\\\/wordpress\\\/#organization\"},\"potentialAction\":[{\"@type\":\"SearchAction\",\"target\":{\"@type\":\"EntryPoint\",\"urlTemplate\":\"https:\\\/\\\/zapateneo.net\\\/wordpress\\\/?s={search_term_string}\"},\"query-input\":{\"@type\":\"PropertyValueSpecification\",\"valueRequired\":true,\"valueName\":\"search_term_string\"}}],\"inLanguage\":\"es\"},{\"@type\":\"Organization\",\"@id\":\"https:\\\/\\\/zapateneo.net\\\/wordpress\\\/#organization\",\"name\":\"Zapateneo Kultur Elkartea\",\"url\":\"https:\\\/\\\/zapateneo.net\\\/wordpress\\\/\",\"logo\":{\"@type\":\"ImageObject\",\"inLanguage\":\"es\",\"@id\":\"https:\\\/\\\/zapateneo.net\\\/wordpress\\\/#\\\/schema\\\/logo\\\/image\\\/\",\"url\":\"https:\\\/\\\/zapateneo.net\\\/wordpress\\\/wp-content\\\/uploads\\\/2021\\\/04\\\/zap-libu-kolec.jpg\",\"contentUrl\":\"https:\\\/\\\/zapateneo.net\\\/wordpress\\\/wp-content\\\/uploads\\\/2021\\\/04\\\/zap-libu-kolec.jpg\",\"width\":2234,\"height\":398,\"caption\":\"Zapateneo Kultur Elkartea\"},\"image\":{\"@id\":\"https:\\\/\\\/zapateneo.net\\\/wordpress\\\/#\\\/schema\\\/logo\\\/image\\\/\"},\"sameAs\":[\"https:\\\/\\\/x.com\\\/zapateneo\"]}]}<\/script>\n<!-- \/ Yoast SEO plugin. -->","yoast_head_json":{"title":"Ekintza Zuzena # 47 &#8212; Zapateneo","robots":{"index":"index","follow":"follow","max-snippet":"max-snippet:-1","max-image-preview":"max-image-preview:large","max-video-preview":"max-video-preview:-1"},"canonical":"https:\/\/zapateneo.net\/wordpress\/index.php\/producto\/ekintza-zuzena-47\/","og_locale":"es_ES","og_type":"article","og_title":"Ekintza Zuzena # 47 &#8212; Zapateneo","og_description":"Ekintza Zuzena 2021071600010 - Ekintza Zuzena - 2021 - 178 p\u00e1ginas \/orri.","og_url":"https:\/\/zapateneo.net\/wordpress\/index.php\/producto\/ekintza-zuzena-47\/","og_site_name":"Zapateneo","article_modified_time":"2021-09-15T19:50:47+00:00","og_image":[{"width":212,"height":300,"url":"https:\/\/zapateneo.net\/wordpress\/wp-content\/uploads\/2021\/09\/ekintza-zuzena-47.jpg","type":"image\/jpeg"}],"twitter_card":"summary_large_image","twitter_site":"@zapateneo","twitter_misc":{"Tiempo de lectura":"2 minutos"},"schema":{"@context":"https:\/\/schema.org","@graph":[{"@type":"WebPage","@id":"https:\/\/zapateneo.net\/wordpress\/index.php\/producto\/ekintza-zuzena-47\/","url":"https:\/\/zapateneo.net\/wordpress\/index.php\/producto\/ekintza-zuzena-47\/","name":"Ekintza Zuzena # 47 &#8212; Zapateneo","isPartOf":{"@id":"https:\/\/zapateneo.net\/wordpress\/#website"},"primaryImageOfPage":{"@id":"https:\/\/zapateneo.net\/wordpress\/index.php\/producto\/ekintza-zuzena-47\/#primaryimage"},"image":{"@id":"https:\/\/zapateneo.net\/wordpress\/index.php\/producto\/ekintza-zuzena-47\/#primaryimage"},"thumbnailUrl":"https:\/\/zapateneo.net\/wordpress\/wp-content\/uploads\/2021\/09\/ekintza-zuzena-47.jpg","datePublished":"2021-09-15T19:45:20+00:00","dateModified":"2021-09-15T19:50:47+00:00","breadcrumb":{"@id":"https:\/\/zapateneo.net\/wordpress\/index.php\/producto\/ekintza-zuzena-47\/#breadcrumb"},"inLanguage":"es","potentialAction":[{"@type":"ReadAction","target":["https:\/\/zapateneo.net\/wordpress\/index.php\/producto\/ekintza-zuzena-47\/"]}]},{"@type":"ImageObject","inLanguage":"es","@id":"https:\/\/zapateneo.net\/wordpress\/index.php\/producto\/ekintza-zuzena-47\/#primaryimage","url":"https:\/\/zapateneo.net\/wordpress\/wp-content\/uploads\/2021\/09\/ekintza-zuzena-47.jpg","contentUrl":"https:\/\/zapateneo.net\/wordpress\/wp-content\/uploads\/2021\/09\/ekintza-zuzena-47.jpg","width":212,"height":300},{"@type":"BreadcrumbList","@id":"https:\/\/zapateneo.net\/wordpress\/index.php\/producto\/ekintza-zuzena-47\/#breadcrumb","itemListElement":[{"@type":"ListItem","position":1,"name":"Portada","item":"https:\/\/zapateneo.net\/wordpress\/"},{"@type":"ListItem","position":2,"name":"Tienda","item":"https:\/\/zapateneo.net\/wordpress\/"},{"@type":"ListItem","position":3,"name":"Ekintza Zuzena # 47"}]},{"@type":"WebSite","@id":"https:\/\/zapateneo.net\/wordpress\/#website","url":"https:\/\/zapateneo.net\/wordpress\/","name":"Zapateneo","description":"Zapateneoaren webgunea","publisher":{"@id":"https:\/\/zapateneo.net\/wordpress\/#organization"},"potentialAction":[{"@type":"SearchAction","target":{"@type":"EntryPoint","urlTemplate":"https:\/\/zapateneo.net\/wordpress\/?s={search_term_string}"},"query-input":{"@type":"PropertyValueSpecification","valueRequired":true,"valueName":"search_term_string"}}],"inLanguage":"es"},{"@type":"Organization","@id":"https:\/\/zapateneo.net\/wordpress\/#organization","name":"Zapateneo Kultur Elkartea","url":"https:\/\/zapateneo.net\/wordpress\/","logo":{"@type":"ImageObject","inLanguage":"es","@id":"https:\/\/zapateneo.net\/wordpress\/#\/schema\/logo\/image\/","url":"https:\/\/zapateneo.net\/wordpress\/wp-content\/uploads\/2021\/04\/zap-libu-kolec.jpg","contentUrl":"https:\/\/zapateneo.net\/wordpress\/wp-content\/uploads\/2021\/04\/zap-libu-kolec.jpg","width":2234,"height":398,"caption":"Zapateneo Kultur Elkartea"},"image":{"@id":"https:\/\/zapateneo.net\/wordpress\/#\/schema\/logo\/image\/"},"sameAs":["https:\/\/x.com\/zapateneo"]}]}},"_links":{"self":[{"href":"https:\/\/zapateneo.net\/wordpress\/index.php\/wp-json\/wp\/v2\/product\/8216","targetHints":{"allow":["GET"]}}],"collection":[{"href":"https:\/\/zapateneo.net\/wordpress\/index.php\/wp-json\/wp\/v2\/product"}],"about":[{"href":"https:\/\/zapateneo.net\/wordpress\/index.php\/wp-json\/wp\/v2\/types\/product"}],"wp:featuredmedia":[{"embeddable":true,"href":"https:\/\/zapateneo.net\/wordpress\/index.php\/wp-json\/wp\/v2\/media\/8254"}],"wp:attachment":[{"href":"https:\/\/zapateneo.net\/wordpress\/index.php\/wp-json\/wp\/v2\/media?parent=8216"}],"wp:term":[{"taxonomy":"product_brand","embeddable":true,"href":"https:\/\/zapateneo.net\/wordpress\/index.php\/wp-json\/wp\/v2\/product_brand?post=8216"},{"taxonomy":"product_cat","embeddable":true,"href":"https:\/\/zapateneo.net\/wordpress\/index.php\/wp-json\/wp\/v2\/product_cat?post=8216"},{"taxonomy":"product_tag","embeddable":true,"href":"https:\/\/zapateneo.net\/wordpress\/index.php\/wp-json\/wp\/v2\/product_tag?post=8216"}],"curies":[{"name":"wp","href":"https:\/\/api.w.org\/{rel}","templated":true}]}}