{"id":8203,"date":"2021-09-15T20:43:43","date_gmt":"2021-09-15T19:43:43","guid":{"rendered":"https:\/\/zapateneo.net\/wordpress\/?post_type=product&#038;p=8203"},"modified":"2021-09-15T20:49:40","modified_gmt":"2021-09-15T19:49:40","slug":"vacaciones-en-polonia-9-fugas","status":"publish","type":"product","link":"https:\/\/zapateneo.net\/wordpress\/index.php\/producto\/vacaciones-en-polonia-9-fugas\/","title":{"rendered":"Vacaciones en Polonia # 9 Fugas"},"content":{"rendered":"<p>Vacaciones en Polonia es, probablemente, uno de los fanzines de combate m\u00e1s longevos y cuidadosamente editados de cuantos han aparecido en la pen\u00ednsula Ib\u00e9rica. Tras un largo tiempo de incertidumbre y confinamiento, todxs a merced de la Covid (enti\u00e9ndase bien: el bicho y quienes lo gestionan), ve la luz un nuevo n\u00famero de VP, el 9, esta vez dedicado a la Fuga, en parte como di\u00e1logo al VP8 Reclusi\u00f3n (Literaturas a la Sombra) y en gran medida como necesidad de pensar c\u00f3mo escapar de esta movida tan siniestra que llaman \u201cnueva normalidad\u201d y que no es sino una vuelta de tuerca al \u201cesto es lo que hay\u201d, la sacrosanta y obligada Realidad. A nadie se le escapa que vivimos en un mundo estrechamente vigilado por los algoritmos de Dios, el Dinero, abocados a la cat\u00e1strofe medioambiental a una velocidad cada vez mayor, atrapados en la red virtual, geolocalizados, rastreados, registrados&#8230; \u00bfC\u00f3mo desaparecer al ojo del Gran Hermano, de la exigida puesta en escena de nuestra individualidad y del exhibicionismo generalizado? \u00bfEn qu\u00e9 medida estamos dispuestos a llevar a cabo una desconexi\u00f3n tecnol\u00f3gica que nos permita recuperar parcelas de vida arrancadas por la productividad in\u00fatil y nuestro sometimiento constante a la pantalla intermediante?, \u00bfque nos permita recuperar lo poco que va quedando de un planeta esquilmado por el af\u00e1n de recursos y de lucro?Tantos puntos de fuga tiene la Fuga que apenas caben en este n\u00famero. Presos que escapan, artistas que huyen, lectores que se evaden&#8230; La literatura, tambi\u00e9n, como Gran Evasi\u00f3n. Innumerables pistas, rastros de fugas y conspiraciones contra la Realidad. Desde las peque\u00f1as fugas cotidianas a las grandes gestas de quienes consiguieron escapar de la esclavitud y las instituciones de control. M\u00e9todo supremo de defensa, escapar es una de las actividades esenciales de todo ser viviente. Huir del peligro es lo que hace cualquier animal que se percibe como presa f\u00e1cil. La historia de la humanidad no es sino un sucederse de gente que huye en masa de situaciones de conflicto b\u00e9lico, de la pobreza y la justicia de reg\u00edmenes autoritarios y est\u00fapidos. El hombre moderno no es sino un ser en fuga. Huye de su destino, con demasiada frecuencia tr\u00e1gico y miserable, forzado a un trabajo para un amo ingrato y cruel que solo busca su propia afirmaci\u00f3n en su propio privilegio, y cuya justicia es b\u00e1sicamente castigar. De ah\u00ed que la esencia del hombre moderno sea la huida de esa realidad y el arte verdadero de su vida sea el arte de la fuga hacia m\u00e1s all\u00e1 de los l\u00edmites y las fronteras que el sistema del amo, estamento o estado privilegiado, le marca. Frente al sistema del Estado-Capital atrincherado que afirma su asfixia, el lugar de la apertura, la incertidumbre del paso hacia afuera, hacia el exilio del dogma y la certeza nunca suficientemente apuntalada. Ahora que tan dif\u00edcil se nos presenta la posibilidad de escapar en tiempos de control global del movimiento de la poblaci\u00f3n, es preciso abandonar ese sistema basado en la ganancia y la vigilancia y crear una nueva semiosis contra cualquier identidad impuesta por el r\u00e9gimen opresor. Transgredir los g\u00e9neros, ensayar m\u00faltiples fugas de la normatividad clasificatoria y reduccion.<\/p>\n","protected":false},"excerpt":{"rendered":"<p><strong>vvaa<\/strong><br \/>\n2021062100017 &#8211; Corazones Blindados &#8211; 2021 &#8211; 192 p\u00e1ginas \/orri.<\/p>\n","protected":false},"featured_media":8247,"template":"","meta":[],"product_brand":[],"product_cat":[185,164],"product_tag":[824],"class_list":{"0":"post-8203","1":"product","2":"type-product","3":"status-publish","4":"has-post-thumbnail","6":"product_cat-historia","7":"product_cat-revistas-aldizkariak","8":"product_tag-corazones-blindados","10":"first","11":"instock","12":"sold-individually","13":"shipping-taxable","14":"purchasable","15":"product-type-simple"},"yoast_head":"<!-- This site is optimized with the Yoast SEO plugin v27.3 - https:\/\/yoast.com\/product\/yoast-seo-wordpress\/ -->\n<title>Vacaciones en Polonia # 9 Fugas &#8212; Zapateneo<\/title>\n<meta name=\"robots\" content=\"index, follow, max-snippet:-1, max-image-preview:large, max-video-preview:-1\" \/>\n<link rel=\"canonical\" href=\"https:\/\/zapateneo.net\/wordpress\/index.php\/producto\/vacaciones-en-polonia-9-fugas\/\" \/>\n<meta property=\"og:locale\" content=\"es_ES\" \/>\n<meta property=\"og:type\" content=\"article\" \/>\n<meta property=\"og:title\" content=\"Vacaciones en Polonia # 9 Fugas &#8212; Zapateneo\" \/>\n<meta property=\"og:description\" content=\"vvaa 2021062100017 - Corazones Blindados - 2021 - 192 p\u00e1ginas \/orri.\" \/>\n<meta property=\"og:url\" content=\"https:\/\/zapateneo.net\/wordpress\/index.php\/producto\/vacaciones-en-polonia-9-fugas\/\" \/>\n<meta property=\"og:site_name\" content=\"Zapateneo\" \/>\n<meta property=\"article:modified_time\" content=\"2021-09-15T19:49:40+00:00\" \/>\n<meta property=\"og:image\" content=\"https:\/\/zapateneo.net\/wordpress\/wp-content\/uploads\/2021\/09\/vacaciones-en-polonia-9.jpg\" \/>\n\t<meta property=\"og:image:width\" content=\"318\" \/>\n\t<meta property=\"og:image:height\" content=\"400\" \/>\n\t<meta property=\"og:image:type\" content=\"image\/jpeg\" \/>\n<meta name=\"twitter:card\" content=\"summary_large_image\" \/>\n<meta name=\"twitter:site\" content=\"@zapateneo\" \/>\n<meta name=\"twitter:label1\" content=\"Tiempo de lectura\" \/>\n\t<meta name=\"twitter:data1\" content=\"3 minutos\" \/>\n<script type=\"application\/ld+json\" class=\"yoast-schema-graph\">{\"@context\":\"https:\\\/\\\/schema.org\",\"@graph\":[{\"@type\":\"WebPage\",\"@id\":\"https:\\\/\\\/zapateneo.net\\\/wordpress\\\/index.php\\\/producto\\\/vacaciones-en-polonia-9-fugas\\\/\",\"url\":\"https:\\\/\\\/zapateneo.net\\\/wordpress\\\/index.php\\\/producto\\\/vacaciones-en-polonia-9-fugas\\\/\",\"name\":\"Vacaciones en Polonia # 9 Fugas &#8212; Zapateneo\",\"isPartOf\":{\"@id\":\"https:\\\/\\\/zapateneo.net\\\/wordpress\\\/#website\"},\"primaryImageOfPage\":{\"@id\":\"https:\\\/\\\/zapateneo.net\\\/wordpress\\\/index.php\\\/producto\\\/vacaciones-en-polonia-9-fugas\\\/#primaryimage\"},\"image\":{\"@id\":\"https:\\\/\\\/zapateneo.net\\\/wordpress\\\/index.php\\\/producto\\\/vacaciones-en-polonia-9-fugas\\\/#primaryimage\"},\"thumbnailUrl\":\"https:\\\/\\\/zapateneo.net\\\/wordpress\\\/wp-content\\\/uploads\\\/2021\\\/09\\\/vacaciones-en-polonia-9.jpg\",\"datePublished\":\"2021-09-15T19:43:43+00:00\",\"dateModified\":\"2021-09-15T19:49:40+00:00\",\"breadcrumb\":{\"@id\":\"https:\\\/\\\/zapateneo.net\\\/wordpress\\\/index.php\\\/producto\\\/vacaciones-en-polonia-9-fugas\\\/#breadcrumb\"},\"inLanguage\":\"es\",\"potentialAction\":[{\"@type\":\"ReadAction\",\"target\":[\"https:\\\/\\\/zapateneo.net\\\/wordpress\\\/index.php\\\/producto\\\/vacaciones-en-polonia-9-fugas\\\/\"]}]},{\"@type\":\"ImageObject\",\"inLanguage\":\"es\",\"@id\":\"https:\\\/\\\/zapateneo.net\\\/wordpress\\\/index.php\\\/producto\\\/vacaciones-en-polonia-9-fugas\\\/#primaryimage\",\"url\":\"https:\\\/\\\/zapateneo.net\\\/wordpress\\\/wp-content\\\/uploads\\\/2021\\\/09\\\/vacaciones-en-polonia-9.jpg\",\"contentUrl\":\"https:\\\/\\\/zapateneo.net\\\/wordpress\\\/wp-content\\\/uploads\\\/2021\\\/09\\\/vacaciones-en-polonia-9.jpg\",\"width\":318,\"height\":400},{\"@type\":\"BreadcrumbList\",\"@id\":\"https:\\\/\\\/zapateneo.net\\\/wordpress\\\/index.php\\\/producto\\\/vacaciones-en-polonia-9-fugas\\\/#breadcrumb\",\"itemListElement\":[{\"@type\":\"ListItem\",\"position\":1,\"name\":\"Portada\",\"item\":\"https:\\\/\\\/zapateneo.net\\\/wordpress\\\/\"},{\"@type\":\"ListItem\",\"position\":2,\"name\":\"Tienda\",\"item\":\"https:\\\/\\\/zapateneo.net\\\/wordpress\\\/\"},{\"@type\":\"ListItem\",\"position\":3,\"name\":\"Vacaciones en Polonia # 9 Fugas\"}]},{\"@type\":\"WebSite\",\"@id\":\"https:\\\/\\\/zapateneo.net\\\/wordpress\\\/#website\",\"url\":\"https:\\\/\\\/zapateneo.net\\\/wordpress\\\/\",\"name\":\"Zapateneo\",\"description\":\"Zapateneoaren webgunea\",\"publisher\":{\"@id\":\"https:\\\/\\\/zapateneo.net\\\/wordpress\\\/#organization\"},\"potentialAction\":[{\"@type\":\"SearchAction\",\"target\":{\"@type\":\"EntryPoint\",\"urlTemplate\":\"https:\\\/\\\/zapateneo.net\\\/wordpress\\\/?s={search_term_string}\"},\"query-input\":{\"@type\":\"PropertyValueSpecification\",\"valueRequired\":true,\"valueName\":\"search_term_string\"}}],\"inLanguage\":\"es\"},{\"@type\":\"Organization\",\"@id\":\"https:\\\/\\\/zapateneo.net\\\/wordpress\\\/#organization\",\"name\":\"Zapateneo Kultur Elkartea\",\"url\":\"https:\\\/\\\/zapateneo.net\\\/wordpress\\\/\",\"logo\":{\"@type\":\"ImageObject\",\"inLanguage\":\"es\",\"@id\":\"https:\\\/\\\/zapateneo.net\\\/wordpress\\\/#\\\/schema\\\/logo\\\/image\\\/\",\"url\":\"https:\\\/\\\/zapateneo.net\\\/wordpress\\\/wp-content\\\/uploads\\\/2021\\\/04\\\/zap-libu-kolec.jpg\",\"contentUrl\":\"https:\\\/\\\/zapateneo.net\\\/wordpress\\\/wp-content\\\/uploads\\\/2021\\\/04\\\/zap-libu-kolec.jpg\",\"width\":2234,\"height\":398,\"caption\":\"Zapateneo Kultur Elkartea\"},\"image\":{\"@id\":\"https:\\\/\\\/zapateneo.net\\\/wordpress\\\/#\\\/schema\\\/logo\\\/image\\\/\"},\"sameAs\":[\"https:\\\/\\\/x.com\\\/zapateneo\"]}]}<\/script>\n<!-- \/ Yoast SEO plugin. -->","yoast_head_json":{"title":"Vacaciones en Polonia # 9 Fugas &#8212; Zapateneo","robots":{"index":"index","follow":"follow","max-snippet":"max-snippet:-1","max-image-preview":"max-image-preview:large","max-video-preview":"max-video-preview:-1"},"canonical":"https:\/\/zapateneo.net\/wordpress\/index.php\/producto\/vacaciones-en-polonia-9-fugas\/","og_locale":"es_ES","og_type":"article","og_title":"Vacaciones en Polonia # 9 Fugas &#8212; Zapateneo","og_description":"vvaa 2021062100017 - Corazones Blindados - 2021 - 192 p\u00e1ginas \/orri.","og_url":"https:\/\/zapateneo.net\/wordpress\/index.php\/producto\/vacaciones-en-polonia-9-fugas\/","og_site_name":"Zapateneo","article_modified_time":"2021-09-15T19:49:40+00:00","og_image":[{"width":318,"height":400,"url":"https:\/\/zapateneo.net\/wordpress\/wp-content\/uploads\/2021\/09\/vacaciones-en-polonia-9.jpg","type":"image\/jpeg"}],"twitter_card":"summary_large_image","twitter_site":"@zapateneo","twitter_misc":{"Tiempo de lectura":"3 minutos"},"schema":{"@context":"https:\/\/schema.org","@graph":[{"@type":"WebPage","@id":"https:\/\/zapateneo.net\/wordpress\/index.php\/producto\/vacaciones-en-polonia-9-fugas\/","url":"https:\/\/zapateneo.net\/wordpress\/index.php\/producto\/vacaciones-en-polonia-9-fugas\/","name":"Vacaciones en Polonia # 9 Fugas &#8212; Zapateneo","isPartOf":{"@id":"https:\/\/zapateneo.net\/wordpress\/#website"},"primaryImageOfPage":{"@id":"https:\/\/zapateneo.net\/wordpress\/index.php\/producto\/vacaciones-en-polonia-9-fugas\/#primaryimage"},"image":{"@id":"https:\/\/zapateneo.net\/wordpress\/index.php\/producto\/vacaciones-en-polonia-9-fugas\/#primaryimage"},"thumbnailUrl":"https:\/\/zapateneo.net\/wordpress\/wp-content\/uploads\/2021\/09\/vacaciones-en-polonia-9.jpg","datePublished":"2021-09-15T19:43:43+00:00","dateModified":"2021-09-15T19:49:40+00:00","breadcrumb":{"@id":"https:\/\/zapateneo.net\/wordpress\/index.php\/producto\/vacaciones-en-polonia-9-fugas\/#breadcrumb"},"inLanguage":"es","potentialAction":[{"@type":"ReadAction","target":["https:\/\/zapateneo.net\/wordpress\/index.php\/producto\/vacaciones-en-polonia-9-fugas\/"]}]},{"@type":"ImageObject","inLanguage":"es","@id":"https:\/\/zapateneo.net\/wordpress\/index.php\/producto\/vacaciones-en-polonia-9-fugas\/#primaryimage","url":"https:\/\/zapateneo.net\/wordpress\/wp-content\/uploads\/2021\/09\/vacaciones-en-polonia-9.jpg","contentUrl":"https:\/\/zapateneo.net\/wordpress\/wp-content\/uploads\/2021\/09\/vacaciones-en-polonia-9.jpg","width":318,"height":400},{"@type":"BreadcrumbList","@id":"https:\/\/zapateneo.net\/wordpress\/index.php\/producto\/vacaciones-en-polonia-9-fugas\/#breadcrumb","itemListElement":[{"@type":"ListItem","position":1,"name":"Portada","item":"https:\/\/zapateneo.net\/wordpress\/"},{"@type":"ListItem","position":2,"name":"Tienda","item":"https:\/\/zapateneo.net\/wordpress\/"},{"@type":"ListItem","position":3,"name":"Vacaciones en Polonia # 9 Fugas"}]},{"@type":"WebSite","@id":"https:\/\/zapateneo.net\/wordpress\/#website","url":"https:\/\/zapateneo.net\/wordpress\/","name":"Zapateneo","description":"Zapateneoaren webgunea","publisher":{"@id":"https:\/\/zapateneo.net\/wordpress\/#organization"},"potentialAction":[{"@type":"SearchAction","target":{"@type":"EntryPoint","urlTemplate":"https:\/\/zapateneo.net\/wordpress\/?s={search_term_string}"},"query-input":{"@type":"PropertyValueSpecification","valueRequired":true,"valueName":"search_term_string"}}],"inLanguage":"es"},{"@type":"Organization","@id":"https:\/\/zapateneo.net\/wordpress\/#organization","name":"Zapateneo Kultur Elkartea","url":"https:\/\/zapateneo.net\/wordpress\/","logo":{"@type":"ImageObject","inLanguage":"es","@id":"https:\/\/zapateneo.net\/wordpress\/#\/schema\/logo\/image\/","url":"https:\/\/zapateneo.net\/wordpress\/wp-content\/uploads\/2021\/04\/zap-libu-kolec.jpg","contentUrl":"https:\/\/zapateneo.net\/wordpress\/wp-content\/uploads\/2021\/04\/zap-libu-kolec.jpg","width":2234,"height":398,"caption":"Zapateneo Kultur Elkartea"},"image":{"@id":"https:\/\/zapateneo.net\/wordpress\/#\/schema\/logo\/image\/"},"sameAs":["https:\/\/x.com\/zapateneo"]}]}},"_links":{"self":[{"href":"https:\/\/zapateneo.net\/wordpress\/index.php\/wp-json\/wp\/v2\/product\/8203","targetHints":{"allow":["GET"]}}],"collection":[{"href":"https:\/\/zapateneo.net\/wordpress\/index.php\/wp-json\/wp\/v2\/product"}],"about":[{"href":"https:\/\/zapateneo.net\/wordpress\/index.php\/wp-json\/wp\/v2\/types\/product"}],"wp:featuredmedia":[{"embeddable":true,"href":"https:\/\/zapateneo.net\/wordpress\/index.php\/wp-json\/wp\/v2\/media\/8247"}],"wp:attachment":[{"href":"https:\/\/zapateneo.net\/wordpress\/index.php\/wp-json\/wp\/v2\/media?parent=8203"}],"wp:term":[{"taxonomy":"product_brand","embeddable":true,"href":"https:\/\/zapateneo.net\/wordpress\/index.php\/wp-json\/wp\/v2\/product_brand?post=8203"},{"taxonomy":"product_cat","embeddable":true,"href":"https:\/\/zapateneo.net\/wordpress\/index.php\/wp-json\/wp\/v2\/product_cat?post=8203"},{"taxonomy":"product_tag","embeddable":true,"href":"https:\/\/zapateneo.net\/wordpress\/index.php\/wp-json\/wp\/v2\/product_tag?post=8203"}],"curies":[{"name":"wp","href":"https:\/\/api.w.org\/{rel}","templated":true}]}}