{"id":8196,"date":"2021-09-15T20:42:48","date_gmt":"2021-09-15T19:42:48","guid":{"rendered":"https:\/\/zapateneo.net\/wordpress\/?post_type=product&#038;p=8196"},"modified":"2021-09-15T20:49:06","modified_gmt":"2021-09-15T19:49:06","slug":"divine-la-historia-de-la-mujer-mas-hermosa-del-mundo-casi","status":"publish","type":"product","link":"https:\/\/zapateneo.net\/wordpress\/index.php\/producto\/divine-la-historia-de-la-mujer-mas-hermosa-del-mundo-casi\/","title":{"rendered":"Divine. La historia de la mujer m\u00e1s hermosa del mundo (casi)"},"content":{"rendered":"<p>Divine es mucho m\u00e1s que aquello que sabemos de \u00e9l. Su historia es la de un chaval de Baltimore acosado por otros ni\u00f1os que tuvo la suerte de toparse un d\u00eda con otros marginados (el cineasta John Waters y su troupe cinematogr\u00e1fica) que le aceptaron y le quisieron sin condiciones. Tambi\u00e9n es el relato de alguien que consigui\u00f3 tirar de disciplina y sentido del humor para exagerar todo aquello que los dem\u00e1s odiaban de \u00e9l y proyectar su ira contenida en los revolucionarios e inolvidables personajes a los que dio vida durante su carrera. Pero, sobre todo, es la historia de un artista serio y perseverante que deseaba con todas sus fuerzas ser famoso y lo logr\u00f3, revolucionando por completo la cultura pop del siglo XX.<\/p>\n<p>?La figura de Divine, en todo su concepto, sigue siendo hoy un revulsivo, m\u00e1s a\u00fan si tenemos en cuenta que una parte del colectivo LGTBQ camina hacia lo puramente normativo. Su imagen, con la lengua fuera o gui\u00f1ando un ojo, nos sigue diciendo que se puede ser bella con m\u00e1s de cien kilos. Que el exceso de maquillaje nunca es exceso y que la libertad no deber\u00eda de tener l\u00edmites. Le bast\u00f3 tan solo una decena de largometrajes y unas cuantas canciones para dejar huella. Una huella imborrable que ahora \u00c1lex Ander logra reivindicar, con cari\u00f1o y meticulosidad. No lo duden, Divine es inmortal.?<\/p>\n<p>Del pr\u00f3logo de Valeria Vegas<\/p>\n","protected":false},"excerpt":{"rendered":"<p><strong>Ander, \u00c1lex<\/strong><br \/>\n9788418501135 &#8211; Egales &#8211; 2021 &#8211; 291 p\u00e1ginas \/orri.<\/p>\n","protected":false},"featured_media":8243,"template":"","meta":[],"product_brand":[],"product_cat":[160,16],"product_tag":[1199],"class_list":{"0":"post-8196","1":"product","2":"type-product","3":"status-publish","4":"has-post-thumbnail","6":"product_cat-biografiak-biografias","7":"product_cat-libros","8":"product_tag-egales","10":"first","11":"instock","12":"sold-individually","13":"shipping-taxable","14":"purchasable","15":"product-type-simple"},"yoast_head":"<!-- This site is optimized with the Yoast SEO plugin v27.3 - https:\/\/yoast.com\/product\/yoast-seo-wordpress\/ -->\n<title>Divine. La historia de la mujer m\u00e1s hermosa del mundo (casi) &#8212; Zapateneo<\/title>\n<meta name=\"robots\" content=\"index, follow, max-snippet:-1, max-image-preview:large, max-video-preview:-1\" \/>\n<link rel=\"canonical\" href=\"https:\/\/zapateneo.net\/wordpress\/index.php\/producto\/divine-la-historia-de-la-mujer-mas-hermosa-del-mundo-casi\/\" \/>\n<meta property=\"og:locale\" content=\"es_ES\" \/>\n<meta property=\"og:type\" content=\"article\" \/>\n<meta property=\"og:title\" content=\"Divine. La historia de la mujer m\u00e1s hermosa del mundo (casi) &#8212; Zapateneo\" \/>\n<meta property=\"og:description\" content=\"Ander, \u00c1lex 9788418501135 - Egales - 2021 - 291 p\u00e1ginas \/orri.\" \/>\n<meta property=\"og:url\" content=\"https:\/\/zapateneo.net\/wordpress\/index.php\/producto\/divine-la-historia-de-la-mujer-mas-hermosa-del-mundo-casi\/\" \/>\n<meta property=\"og:site_name\" content=\"Zapateneo\" \/>\n<meta property=\"article:modified_time\" content=\"2021-09-15T19:49:06+00:00\" \/>\n<meta property=\"og:image\" content=\"https:\/\/zapateneo.net\/wordpress\/wp-content\/uploads\/2021\/09\/divine.gif\" \/>\n\t<meta property=\"og:image:width\" content=\"240\" \/>\n\t<meta property=\"og:image:height\" content=\"324\" \/>\n\t<meta property=\"og:image:type\" content=\"image\/gif\" \/>\n<meta name=\"twitter:card\" content=\"summary_large_image\" \/>\n<meta name=\"twitter:site\" content=\"@zapateneo\" \/>\n<meta name=\"twitter:label1\" content=\"Tiempo de lectura\" \/>\n\t<meta name=\"twitter:data1\" content=\"1 minuto\" \/>\n<script type=\"application\/ld+json\" class=\"yoast-schema-graph\">{\"@context\":\"https:\\\/\\\/schema.org\",\"@graph\":[{\"@type\":\"WebPage\",\"@id\":\"https:\\\/\\\/zapateneo.net\\\/wordpress\\\/index.php\\\/producto\\\/divine-la-historia-de-la-mujer-mas-hermosa-del-mundo-casi\\\/\",\"url\":\"https:\\\/\\\/zapateneo.net\\\/wordpress\\\/index.php\\\/producto\\\/divine-la-historia-de-la-mujer-mas-hermosa-del-mundo-casi\\\/\",\"name\":\"Divine. La historia de la mujer m\u00e1s hermosa del mundo (casi) &#8212; Zapateneo\",\"isPartOf\":{\"@id\":\"https:\\\/\\\/zapateneo.net\\\/wordpress\\\/#website\"},\"primaryImageOfPage\":{\"@id\":\"https:\\\/\\\/zapateneo.net\\\/wordpress\\\/index.php\\\/producto\\\/divine-la-historia-de-la-mujer-mas-hermosa-del-mundo-casi\\\/#primaryimage\"},\"image\":{\"@id\":\"https:\\\/\\\/zapateneo.net\\\/wordpress\\\/index.php\\\/producto\\\/divine-la-historia-de-la-mujer-mas-hermosa-del-mundo-casi\\\/#primaryimage\"},\"thumbnailUrl\":\"https:\\\/\\\/zapateneo.net\\\/wordpress\\\/wp-content\\\/uploads\\\/2021\\\/09\\\/divine.gif\",\"datePublished\":\"2021-09-15T19:42:48+00:00\",\"dateModified\":\"2021-09-15T19:49:06+00:00\",\"breadcrumb\":{\"@id\":\"https:\\\/\\\/zapateneo.net\\\/wordpress\\\/index.php\\\/producto\\\/divine-la-historia-de-la-mujer-mas-hermosa-del-mundo-casi\\\/#breadcrumb\"},\"inLanguage\":\"es\",\"potentialAction\":[{\"@type\":\"ReadAction\",\"target\":[\"https:\\\/\\\/zapateneo.net\\\/wordpress\\\/index.php\\\/producto\\\/divine-la-historia-de-la-mujer-mas-hermosa-del-mundo-casi\\\/\"]}]},{\"@type\":\"ImageObject\",\"inLanguage\":\"es\",\"@id\":\"https:\\\/\\\/zapateneo.net\\\/wordpress\\\/index.php\\\/producto\\\/divine-la-historia-de-la-mujer-mas-hermosa-del-mundo-casi\\\/#primaryimage\",\"url\":\"https:\\\/\\\/zapateneo.net\\\/wordpress\\\/wp-content\\\/uploads\\\/2021\\\/09\\\/divine.gif\",\"contentUrl\":\"https:\\\/\\\/zapateneo.net\\\/wordpress\\\/wp-content\\\/uploads\\\/2021\\\/09\\\/divine.gif\",\"width\":240,\"height\":324},{\"@type\":\"BreadcrumbList\",\"@id\":\"https:\\\/\\\/zapateneo.net\\\/wordpress\\\/index.php\\\/producto\\\/divine-la-historia-de-la-mujer-mas-hermosa-del-mundo-casi\\\/#breadcrumb\",\"itemListElement\":[{\"@type\":\"ListItem\",\"position\":1,\"name\":\"Portada\",\"item\":\"https:\\\/\\\/zapateneo.net\\\/wordpress\\\/\"},{\"@type\":\"ListItem\",\"position\":2,\"name\":\"Tienda\",\"item\":\"https:\\\/\\\/zapateneo.net\\\/wordpress\\\/\"},{\"@type\":\"ListItem\",\"position\":3,\"name\":\"Divine. La historia de la mujer m\u00e1s hermosa del mundo (casi)\"}]},{\"@type\":\"WebSite\",\"@id\":\"https:\\\/\\\/zapateneo.net\\\/wordpress\\\/#website\",\"url\":\"https:\\\/\\\/zapateneo.net\\\/wordpress\\\/\",\"name\":\"Zapateneo\",\"description\":\"Zapateneoaren webgunea\",\"publisher\":{\"@id\":\"https:\\\/\\\/zapateneo.net\\\/wordpress\\\/#organization\"},\"potentialAction\":[{\"@type\":\"SearchAction\",\"target\":{\"@type\":\"EntryPoint\",\"urlTemplate\":\"https:\\\/\\\/zapateneo.net\\\/wordpress\\\/?s={search_term_string}\"},\"query-input\":{\"@type\":\"PropertyValueSpecification\",\"valueRequired\":true,\"valueName\":\"search_term_string\"}}],\"inLanguage\":\"es\"},{\"@type\":\"Organization\",\"@id\":\"https:\\\/\\\/zapateneo.net\\\/wordpress\\\/#organization\",\"name\":\"Zapateneo Kultur Elkartea\",\"url\":\"https:\\\/\\\/zapateneo.net\\\/wordpress\\\/\",\"logo\":{\"@type\":\"ImageObject\",\"inLanguage\":\"es\",\"@id\":\"https:\\\/\\\/zapateneo.net\\\/wordpress\\\/#\\\/schema\\\/logo\\\/image\\\/\",\"url\":\"https:\\\/\\\/zapateneo.net\\\/wordpress\\\/wp-content\\\/uploads\\\/2021\\\/04\\\/zap-libu-kolec.jpg\",\"contentUrl\":\"https:\\\/\\\/zapateneo.net\\\/wordpress\\\/wp-content\\\/uploads\\\/2021\\\/04\\\/zap-libu-kolec.jpg\",\"width\":2234,\"height\":398,\"caption\":\"Zapateneo Kultur Elkartea\"},\"image\":{\"@id\":\"https:\\\/\\\/zapateneo.net\\\/wordpress\\\/#\\\/schema\\\/logo\\\/image\\\/\"},\"sameAs\":[\"https:\\\/\\\/x.com\\\/zapateneo\"]}]}<\/script>\n<!-- \/ Yoast SEO plugin. -->","yoast_head_json":{"title":"Divine. La historia de la mujer m\u00e1s hermosa del mundo (casi) &#8212; Zapateneo","robots":{"index":"index","follow":"follow","max-snippet":"max-snippet:-1","max-image-preview":"max-image-preview:large","max-video-preview":"max-video-preview:-1"},"canonical":"https:\/\/zapateneo.net\/wordpress\/index.php\/producto\/divine-la-historia-de-la-mujer-mas-hermosa-del-mundo-casi\/","og_locale":"es_ES","og_type":"article","og_title":"Divine. La historia de la mujer m\u00e1s hermosa del mundo (casi) &#8212; Zapateneo","og_description":"Ander, \u00c1lex 9788418501135 - Egales - 2021 - 291 p\u00e1ginas \/orri.","og_url":"https:\/\/zapateneo.net\/wordpress\/index.php\/producto\/divine-la-historia-de-la-mujer-mas-hermosa-del-mundo-casi\/","og_site_name":"Zapateneo","article_modified_time":"2021-09-15T19:49:06+00:00","og_image":[{"width":240,"height":324,"url":"https:\/\/zapateneo.net\/wordpress\/wp-content\/uploads\/2021\/09\/divine.gif","type":"image\/gif"}],"twitter_card":"summary_large_image","twitter_site":"@zapateneo","twitter_misc":{"Tiempo de lectura":"1 minuto"},"schema":{"@context":"https:\/\/schema.org","@graph":[{"@type":"WebPage","@id":"https:\/\/zapateneo.net\/wordpress\/index.php\/producto\/divine-la-historia-de-la-mujer-mas-hermosa-del-mundo-casi\/","url":"https:\/\/zapateneo.net\/wordpress\/index.php\/producto\/divine-la-historia-de-la-mujer-mas-hermosa-del-mundo-casi\/","name":"Divine. La historia de la mujer m\u00e1s hermosa del mundo (casi) &#8212; Zapateneo","isPartOf":{"@id":"https:\/\/zapateneo.net\/wordpress\/#website"},"primaryImageOfPage":{"@id":"https:\/\/zapateneo.net\/wordpress\/index.php\/producto\/divine-la-historia-de-la-mujer-mas-hermosa-del-mundo-casi\/#primaryimage"},"image":{"@id":"https:\/\/zapateneo.net\/wordpress\/index.php\/producto\/divine-la-historia-de-la-mujer-mas-hermosa-del-mundo-casi\/#primaryimage"},"thumbnailUrl":"https:\/\/zapateneo.net\/wordpress\/wp-content\/uploads\/2021\/09\/divine.gif","datePublished":"2021-09-15T19:42:48+00:00","dateModified":"2021-09-15T19:49:06+00:00","breadcrumb":{"@id":"https:\/\/zapateneo.net\/wordpress\/index.php\/producto\/divine-la-historia-de-la-mujer-mas-hermosa-del-mundo-casi\/#breadcrumb"},"inLanguage":"es","potentialAction":[{"@type":"ReadAction","target":["https:\/\/zapateneo.net\/wordpress\/index.php\/producto\/divine-la-historia-de-la-mujer-mas-hermosa-del-mundo-casi\/"]}]},{"@type":"ImageObject","inLanguage":"es","@id":"https:\/\/zapateneo.net\/wordpress\/index.php\/producto\/divine-la-historia-de-la-mujer-mas-hermosa-del-mundo-casi\/#primaryimage","url":"https:\/\/zapateneo.net\/wordpress\/wp-content\/uploads\/2021\/09\/divine.gif","contentUrl":"https:\/\/zapateneo.net\/wordpress\/wp-content\/uploads\/2021\/09\/divine.gif","width":240,"height":324},{"@type":"BreadcrumbList","@id":"https:\/\/zapateneo.net\/wordpress\/index.php\/producto\/divine-la-historia-de-la-mujer-mas-hermosa-del-mundo-casi\/#breadcrumb","itemListElement":[{"@type":"ListItem","position":1,"name":"Portada","item":"https:\/\/zapateneo.net\/wordpress\/"},{"@type":"ListItem","position":2,"name":"Tienda","item":"https:\/\/zapateneo.net\/wordpress\/"},{"@type":"ListItem","position":3,"name":"Divine. La historia de la mujer m\u00e1s hermosa del mundo (casi)"}]},{"@type":"WebSite","@id":"https:\/\/zapateneo.net\/wordpress\/#website","url":"https:\/\/zapateneo.net\/wordpress\/","name":"Zapateneo","description":"Zapateneoaren webgunea","publisher":{"@id":"https:\/\/zapateneo.net\/wordpress\/#organization"},"potentialAction":[{"@type":"SearchAction","target":{"@type":"EntryPoint","urlTemplate":"https:\/\/zapateneo.net\/wordpress\/?s={search_term_string}"},"query-input":{"@type":"PropertyValueSpecification","valueRequired":true,"valueName":"search_term_string"}}],"inLanguage":"es"},{"@type":"Organization","@id":"https:\/\/zapateneo.net\/wordpress\/#organization","name":"Zapateneo Kultur Elkartea","url":"https:\/\/zapateneo.net\/wordpress\/","logo":{"@type":"ImageObject","inLanguage":"es","@id":"https:\/\/zapateneo.net\/wordpress\/#\/schema\/logo\/image\/","url":"https:\/\/zapateneo.net\/wordpress\/wp-content\/uploads\/2021\/04\/zap-libu-kolec.jpg","contentUrl":"https:\/\/zapateneo.net\/wordpress\/wp-content\/uploads\/2021\/04\/zap-libu-kolec.jpg","width":2234,"height":398,"caption":"Zapateneo Kultur Elkartea"},"image":{"@id":"https:\/\/zapateneo.net\/wordpress\/#\/schema\/logo\/image\/"},"sameAs":["https:\/\/x.com\/zapateneo"]}]}},"_links":{"self":[{"href":"https:\/\/zapateneo.net\/wordpress\/index.php\/wp-json\/wp\/v2\/product\/8196","targetHints":{"allow":["GET"]}}],"collection":[{"href":"https:\/\/zapateneo.net\/wordpress\/index.php\/wp-json\/wp\/v2\/product"}],"about":[{"href":"https:\/\/zapateneo.net\/wordpress\/index.php\/wp-json\/wp\/v2\/types\/product"}],"wp:featuredmedia":[{"embeddable":true,"href":"https:\/\/zapateneo.net\/wordpress\/index.php\/wp-json\/wp\/v2\/media\/8243"}],"wp:attachment":[{"href":"https:\/\/zapateneo.net\/wordpress\/index.php\/wp-json\/wp\/v2\/media?parent=8196"}],"wp:term":[{"taxonomy":"product_brand","embeddable":true,"href":"https:\/\/zapateneo.net\/wordpress\/index.php\/wp-json\/wp\/v2\/product_brand?post=8196"},{"taxonomy":"product_cat","embeddable":true,"href":"https:\/\/zapateneo.net\/wordpress\/index.php\/wp-json\/wp\/v2\/product_cat?post=8196"},{"taxonomy":"product_tag","embeddable":true,"href":"https:\/\/zapateneo.net\/wordpress\/index.php\/wp-json\/wp\/v2\/product_tag?post=8196"}],"curies":[{"name":"wp","href":"https:\/\/api.w.org\/{rel}","templated":true}]}}