{"id":8191,"date":"2021-09-15T20:42:06","date_gmt":"2021-09-15T19:42:06","guid":{"rendered":"https:\/\/zapateneo.net\/wordpress\/?post_type=product&#038;p=8191"},"modified":"2021-09-15T20:48:45","modified_gmt":"2021-09-15T19:48:45","slug":"george-orwell-la-biografia","status":"publish","type":"product","link":"https:\/\/zapateneo.net\/wordpress\/index.php\/producto\/george-orwell-la-biografia\/","title":{"rendered":"George Orwell. La biograf\u00eda"},"content":{"rendered":"<p>Presentar por primera vez en castellano la biograf\u00eda de George Orwell escrita por Bernard Crick, publicada en 1980 y que nunca ha dejado de reeditarse desde entonces, representa para Ediciones El Salm\u00f3n un honor. En primer lugar, porque se trata del mejor estudio sobre la vida y la obra de Orwell: un relato objetivo y detallado gracias a un profundo esp\u00edritu cr\u00edtico y a un enorme trabajo de documentaci\u00f3n a partir de los papeles personales del escritor, cartas, cuadernos, etc. Crick examina el contexto en que se gest\u00f3 su carrera de escritor y sus principales obras, arrojando luz sobre su relaci\u00f3n con la izquierda, su temprana conciencia antitotalitaria y su compromiso con los ideales socialistas, que, contra lo que suele pensarse, jam\u00e1s abandon\u00f3.<\/p>\n<p>En segundo lugar, porque las ideas de Orwell han ejercido una enorme influencia en este proyecto editorial. Muchos de sus valores morales y pol\u00edticos, su feroz independencia y su estilo sencillo de escritura suponen para nosotros un referente fundamental. Y ahora, en este 2020 en el que se cumplen setenta a\u00f1os de su fallecimiento, m\u00e1s que nunca: en estos d\u00edas de nueva normalidad en que pol\u00edticos y medios de comunicaci\u00f3n cierran filas en un consenso sin fisuras, y en la que peque\u00f1os ministerios de la verdad se afanan en mu\u00f1ir cu\u00e1les son las certezas aceptadas y cu\u00e1les son bulos, se vuelve a\u00fan m\u00e1s apremiante la existencia de inteligencias libres como Orwell, \u00abun tipo de individuo odiado por igual por todas las peque\u00f1as ortodoxias\u00bb, que entiende que \u00absi la libertad significa algo, es el derecho a decirle a la gente lo que no quiere o\u00edr\u00bb.<\/p>\n<p>Para esta edici\u00f3n, hemos a\u00f1adido como ap\u00e9ndice el texto \u00abGeorge Orwell ante sus calumniadores\u00bb. En 1996, un art\u00edculo del peri\u00f3dico The Guardian supuestamente revelaba que Orwell hab\u00eda colaborado con los servicios secretos denunciando a comunistas. La burda falsedad de esa \u00abinformaci\u00f3n\u00bb no impidi\u00f3 que medios de todo el mundo le dieran p\u00e1bulo, por lo que, un a\u00f1o despu\u00e9s, los editores franceses de The Collected Essays, Journalism and Letters de Orwell, \u00c9ditions de L\u2019Encyclop\u00e9die des Nuisances y \u00c9ditions Ivrea, consideraron necesario defender a su autor de semejantes calumnias. Una primera traducci\u00f3n castellana del texto apareci\u00f3 como pasqu\u00edn en 2003 con la iniciativa y la traducci\u00f3n de Javier Rodr\u00edguez Hidalgo, y en 2014 Ed. El Salm\u00f3n lo public\u00f3 como libro en coedici\u00f3n con DDT Banaketak. Dado que el libro est\u00e1 ahora agotado, y como Crick no le dedica a este asunto m\u00e1s que un p\u00e1rrafo, hemos considerado pertinente incluirlo en nuestra edici\u00f3n de la biograf\u00eda, con la esperanza de impugnar de una vez por todas esa mentira.<\/p>\n<p>Hemos a\u00f1adido asimismo el pr\u00f3logo a la edici\u00f3n italiana de 1991de esta biograf\u00eda, escrito por Alfonso Berardinelli \u2015de quien ya publicamos El intelectual es un mis\u00e1ntropo (2014)\u2015, quien que encarna como pocos escritores contempor\u00e1neos la heterodoxia y arrojo intelectual de los que hizo gala durante toda su vida George Orwell.<\/p>\n","protected":false},"excerpt":{"rendered":"<p><strong>Bernard Crick<\/strong><br \/>\n978-84-120322-5-3 &#8211; Ediciones El Salm\u00f3n &#8211; 2020 &#8211; 555 p\u00e1ginas \/orri.<\/p>\n","protected":false},"featured_media":8242,"template":"","meta":[],"product_brand":[],"product_cat":[160,16],"product_tag":[4603,443],"class_list":{"0":"post-8191","1":"product","2":"type-product","3":"status-publish","4":"has-post-thumbnail","6":"product_cat-biografiak-biografias","7":"product_cat-libros","8":"product_tag-bernard-crick","9":"product_tag-ediciones-el-salmon","11":"first","12":"instock","13":"sold-individually","14":"shipping-taxable","15":"purchasable","16":"product-type-simple"},"yoast_head":"<!-- This site is optimized with the Yoast SEO plugin v27.3 - https:\/\/yoast.com\/product\/yoast-seo-wordpress\/ -->\n<title>George Orwell. La biograf\u00eda &#8212; Zapateneo<\/title>\n<meta name=\"robots\" content=\"index, follow, max-snippet:-1, max-image-preview:large, max-video-preview:-1\" \/>\n<link rel=\"canonical\" href=\"https:\/\/zapateneo.net\/wordpress\/index.php\/producto\/george-orwell-la-biografia\/\" \/>\n<meta property=\"og:locale\" content=\"es_ES\" \/>\n<meta property=\"og:type\" content=\"article\" \/>\n<meta property=\"og:title\" content=\"George Orwell. La biograf\u00eda &#8212; Zapateneo\" \/>\n<meta property=\"og:description\" content=\"Bernard Crick 978-84-120322-5-3 - Ediciones El Salm\u00f3n - 2020 - 555 p\u00e1ginas \/orri.\" \/>\n<meta property=\"og:url\" content=\"https:\/\/zapateneo.net\/wordpress\/index.php\/producto\/george-orwell-la-biografia\/\" \/>\n<meta property=\"og:site_name\" content=\"Zapateneo\" \/>\n<meta property=\"article:modified_time\" content=\"2021-09-15T19:48:45+00:00\" \/>\n<meta property=\"og:image\" content=\"https:\/\/zapateneo.net\/wordpress\/wp-content\/uploads\/2021\/09\/portada-orwell-scaled-1.jpg\" \/>\n\t<meta property=\"og:image:width\" content=\"254\" \/>\n\t<meta property=\"og:image:height\" content=\"400\" \/>\n\t<meta property=\"og:image:type\" content=\"image\/jpeg\" \/>\n<meta name=\"twitter:card\" content=\"summary_large_image\" \/>\n<meta name=\"twitter:site\" content=\"@zapateneo\" \/>\n<meta name=\"twitter:label1\" content=\"Tiempo de lectura\" \/>\n\t<meta name=\"twitter:data1\" content=\"3 minutos\" \/>\n<script type=\"application\/ld+json\" class=\"yoast-schema-graph\">{\"@context\":\"https:\\\/\\\/schema.org\",\"@graph\":[{\"@type\":\"WebPage\",\"@id\":\"https:\\\/\\\/zapateneo.net\\\/wordpress\\\/index.php\\\/producto\\\/george-orwell-la-biografia\\\/\",\"url\":\"https:\\\/\\\/zapateneo.net\\\/wordpress\\\/index.php\\\/producto\\\/george-orwell-la-biografia\\\/\",\"name\":\"George Orwell. La biograf\u00eda &#8212; Zapateneo\",\"isPartOf\":{\"@id\":\"https:\\\/\\\/zapateneo.net\\\/wordpress\\\/#website\"},\"primaryImageOfPage\":{\"@id\":\"https:\\\/\\\/zapateneo.net\\\/wordpress\\\/index.php\\\/producto\\\/george-orwell-la-biografia\\\/#primaryimage\"},\"image\":{\"@id\":\"https:\\\/\\\/zapateneo.net\\\/wordpress\\\/index.php\\\/producto\\\/george-orwell-la-biografia\\\/#primaryimage\"},\"thumbnailUrl\":\"https:\\\/\\\/zapateneo.net\\\/wordpress\\\/wp-content\\\/uploads\\\/2021\\\/09\\\/portada-orwell-scaled-1.jpg\",\"datePublished\":\"2021-09-15T19:42:06+00:00\",\"dateModified\":\"2021-09-15T19:48:45+00:00\",\"breadcrumb\":{\"@id\":\"https:\\\/\\\/zapateneo.net\\\/wordpress\\\/index.php\\\/producto\\\/george-orwell-la-biografia\\\/#breadcrumb\"},\"inLanguage\":\"es\",\"potentialAction\":[{\"@type\":\"ReadAction\",\"target\":[\"https:\\\/\\\/zapateneo.net\\\/wordpress\\\/index.php\\\/producto\\\/george-orwell-la-biografia\\\/\"]}]},{\"@type\":\"ImageObject\",\"inLanguage\":\"es\",\"@id\":\"https:\\\/\\\/zapateneo.net\\\/wordpress\\\/index.php\\\/producto\\\/george-orwell-la-biografia\\\/#primaryimage\",\"url\":\"https:\\\/\\\/zapateneo.net\\\/wordpress\\\/wp-content\\\/uploads\\\/2021\\\/09\\\/portada-orwell-scaled-1.jpg\",\"contentUrl\":\"https:\\\/\\\/zapateneo.net\\\/wordpress\\\/wp-content\\\/uploads\\\/2021\\\/09\\\/portada-orwell-scaled-1.jpg\",\"width\":254,\"height\":400},{\"@type\":\"BreadcrumbList\",\"@id\":\"https:\\\/\\\/zapateneo.net\\\/wordpress\\\/index.php\\\/producto\\\/george-orwell-la-biografia\\\/#breadcrumb\",\"itemListElement\":[{\"@type\":\"ListItem\",\"position\":1,\"name\":\"Portada\",\"item\":\"https:\\\/\\\/zapateneo.net\\\/wordpress\\\/\"},{\"@type\":\"ListItem\",\"position\":2,\"name\":\"Tienda\",\"item\":\"https:\\\/\\\/zapateneo.net\\\/wordpress\\\/\"},{\"@type\":\"ListItem\",\"position\":3,\"name\":\"George Orwell. La biograf\u00eda\"}]},{\"@type\":\"WebSite\",\"@id\":\"https:\\\/\\\/zapateneo.net\\\/wordpress\\\/#website\",\"url\":\"https:\\\/\\\/zapateneo.net\\\/wordpress\\\/\",\"name\":\"Zapateneo\",\"description\":\"Zapateneoaren webgunea\",\"publisher\":{\"@id\":\"https:\\\/\\\/zapateneo.net\\\/wordpress\\\/#organization\"},\"potentialAction\":[{\"@type\":\"SearchAction\",\"target\":{\"@type\":\"EntryPoint\",\"urlTemplate\":\"https:\\\/\\\/zapateneo.net\\\/wordpress\\\/?s={search_term_string}\"},\"query-input\":{\"@type\":\"PropertyValueSpecification\",\"valueRequired\":true,\"valueName\":\"search_term_string\"}}],\"inLanguage\":\"es\"},{\"@type\":\"Organization\",\"@id\":\"https:\\\/\\\/zapateneo.net\\\/wordpress\\\/#organization\",\"name\":\"Zapateneo Kultur Elkartea\",\"url\":\"https:\\\/\\\/zapateneo.net\\\/wordpress\\\/\",\"logo\":{\"@type\":\"ImageObject\",\"inLanguage\":\"es\",\"@id\":\"https:\\\/\\\/zapateneo.net\\\/wordpress\\\/#\\\/schema\\\/logo\\\/image\\\/\",\"url\":\"https:\\\/\\\/zapateneo.net\\\/wordpress\\\/wp-content\\\/uploads\\\/2021\\\/04\\\/zap-libu-kolec.jpg\",\"contentUrl\":\"https:\\\/\\\/zapateneo.net\\\/wordpress\\\/wp-content\\\/uploads\\\/2021\\\/04\\\/zap-libu-kolec.jpg\",\"width\":2234,\"height\":398,\"caption\":\"Zapateneo Kultur Elkartea\"},\"image\":{\"@id\":\"https:\\\/\\\/zapateneo.net\\\/wordpress\\\/#\\\/schema\\\/logo\\\/image\\\/\"},\"sameAs\":[\"https:\\\/\\\/x.com\\\/zapateneo\"]}]}<\/script>\n<!-- \/ Yoast SEO plugin. -->","yoast_head_json":{"title":"George Orwell. La biograf\u00eda &#8212; Zapateneo","robots":{"index":"index","follow":"follow","max-snippet":"max-snippet:-1","max-image-preview":"max-image-preview:large","max-video-preview":"max-video-preview:-1"},"canonical":"https:\/\/zapateneo.net\/wordpress\/index.php\/producto\/george-orwell-la-biografia\/","og_locale":"es_ES","og_type":"article","og_title":"George Orwell. La biograf\u00eda &#8212; Zapateneo","og_description":"Bernard Crick 978-84-120322-5-3 - Ediciones El Salm\u00f3n - 2020 - 555 p\u00e1ginas \/orri.","og_url":"https:\/\/zapateneo.net\/wordpress\/index.php\/producto\/george-orwell-la-biografia\/","og_site_name":"Zapateneo","article_modified_time":"2021-09-15T19:48:45+00:00","og_image":[{"width":254,"height":400,"url":"https:\/\/zapateneo.net\/wordpress\/wp-content\/uploads\/2021\/09\/portada-orwell-scaled-1.jpg","type":"image\/jpeg"}],"twitter_card":"summary_large_image","twitter_site":"@zapateneo","twitter_misc":{"Tiempo de lectura":"3 minutos"},"schema":{"@context":"https:\/\/schema.org","@graph":[{"@type":"WebPage","@id":"https:\/\/zapateneo.net\/wordpress\/index.php\/producto\/george-orwell-la-biografia\/","url":"https:\/\/zapateneo.net\/wordpress\/index.php\/producto\/george-orwell-la-biografia\/","name":"George Orwell. La biograf\u00eda &#8212; Zapateneo","isPartOf":{"@id":"https:\/\/zapateneo.net\/wordpress\/#website"},"primaryImageOfPage":{"@id":"https:\/\/zapateneo.net\/wordpress\/index.php\/producto\/george-orwell-la-biografia\/#primaryimage"},"image":{"@id":"https:\/\/zapateneo.net\/wordpress\/index.php\/producto\/george-orwell-la-biografia\/#primaryimage"},"thumbnailUrl":"https:\/\/zapateneo.net\/wordpress\/wp-content\/uploads\/2021\/09\/portada-orwell-scaled-1.jpg","datePublished":"2021-09-15T19:42:06+00:00","dateModified":"2021-09-15T19:48:45+00:00","breadcrumb":{"@id":"https:\/\/zapateneo.net\/wordpress\/index.php\/producto\/george-orwell-la-biografia\/#breadcrumb"},"inLanguage":"es","potentialAction":[{"@type":"ReadAction","target":["https:\/\/zapateneo.net\/wordpress\/index.php\/producto\/george-orwell-la-biografia\/"]}]},{"@type":"ImageObject","inLanguage":"es","@id":"https:\/\/zapateneo.net\/wordpress\/index.php\/producto\/george-orwell-la-biografia\/#primaryimage","url":"https:\/\/zapateneo.net\/wordpress\/wp-content\/uploads\/2021\/09\/portada-orwell-scaled-1.jpg","contentUrl":"https:\/\/zapateneo.net\/wordpress\/wp-content\/uploads\/2021\/09\/portada-orwell-scaled-1.jpg","width":254,"height":400},{"@type":"BreadcrumbList","@id":"https:\/\/zapateneo.net\/wordpress\/index.php\/producto\/george-orwell-la-biografia\/#breadcrumb","itemListElement":[{"@type":"ListItem","position":1,"name":"Portada","item":"https:\/\/zapateneo.net\/wordpress\/"},{"@type":"ListItem","position":2,"name":"Tienda","item":"https:\/\/zapateneo.net\/wordpress\/"},{"@type":"ListItem","position":3,"name":"George Orwell. La biograf\u00eda"}]},{"@type":"WebSite","@id":"https:\/\/zapateneo.net\/wordpress\/#website","url":"https:\/\/zapateneo.net\/wordpress\/","name":"Zapateneo","description":"Zapateneoaren webgunea","publisher":{"@id":"https:\/\/zapateneo.net\/wordpress\/#organization"},"potentialAction":[{"@type":"SearchAction","target":{"@type":"EntryPoint","urlTemplate":"https:\/\/zapateneo.net\/wordpress\/?s={search_term_string}"},"query-input":{"@type":"PropertyValueSpecification","valueRequired":true,"valueName":"search_term_string"}}],"inLanguage":"es"},{"@type":"Organization","@id":"https:\/\/zapateneo.net\/wordpress\/#organization","name":"Zapateneo Kultur Elkartea","url":"https:\/\/zapateneo.net\/wordpress\/","logo":{"@type":"ImageObject","inLanguage":"es","@id":"https:\/\/zapateneo.net\/wordpress\/#\/schema\/logo\/image\/","url":"https:\/\/zapateneo.net\/wordpress\/wp-content\/uploads\/2021\/04\/zap-libu-kolec.jpg","contentUrl":"https:\/\/zapateneo.net\/wordpress\/wp-content\/uploads\/2021\/04\/zap-libu-kolec.jpg","width":2234,"height":398,"caption":"Zapateneo Kultur Elkartea"},"image":{"@id":"https:\/\/zapateneo.net\/wordpress\/#\/schema\/logo\/image\/"},"sameAs":["https:\/\/x.com\/zapateneo"]}]}},"_links":{"self":[{"href":"https:\/\/zapateneo.net\/wordpress\/index.php\/wp-json\/wp\/v2\/product\/8191","targetHints":{"allow":["GET"]}}],"collection":[{"href":"https:\/\/zapateneo.net\/wordpress\/index.php\/wp-json\/wp\/v2\/product"}],"about":[{"href":"https:\/\/zapateneo.net\/wordpress\/index.php\/wp-json\/wp\/v2\/types\/product"}],"wp:featuredmedia":[{"embeddable":true,"href":"https:\/\/zapateneo.net\/wordpress\/index.php\/wp-json\/wp\/v2\/media\/8242"}],"wp:attachment":[{"href":"https:\/\/zapateneo.net\/wordpress\/index.php\/wp-json\/wp\/v2\/media?parent=8191"}],"wp:term":[{"taxonomy":"product_brand","embeddable":true,"href":"https:\/\/zapateneo.net\/wordpress\/index.php\/wp-json\/wp\/v2\/product_brand?post=8191"},{"taxonomy":"product_cat","embeddable":true,"href":"https:\/\/zapateneo.net\/wordpress\/index.php\/wp-json\/wp\/v2\/product_cat?post=8191"},{"taxonomy":"product_tag","embeddable":true,"href":"https:\/\/zapateneo.net\/wordpress\/index.php\/wp-json\/wp\/v2\/product_tag?post=8191"}],"curies":[{"name":"wp","href":"https:\/\/api.w.org\/{rel}","templated":true}]}}