{"id":8152,"date":"2021-09-15T20:37:27","date_gmt":"2021-09-15T19:37:27","guid":{"rendered":"https:\/\/zapateneo.net\/wordpress\/?post_type=product&#038;p=8152"},"modified":"2023-04-12T16:50:24","modified_gmt":"2023-04-12T15:50:24","slug":"penultimos-dias-de-la-humanidad-los","status":"publish","type":"product","link":"https:\/\/zapateneo.net\/wordpress\/index.php\/producto\/penultimos-dias-de-la-humanidad-los\/","title":{"rendered":"Penultimos dias de la humanidad, los"},"content":{"rendered":"<p>Los pen\u00faltimos d\u00edas de la humanidad<br \/>\nAnder Berrojalbiz, Javier Rodr\u00edguez Hidalgo<\/p>\n<p>La desposesi\u00f3n avanza desaforada. En 2020, adem\u00e1s de encerrar a toda la poblaci\u00f3n en sus casas, restringir los movimientos a su antojo y barrer los restos de las libertades civiles que a\u00fan quedaban en pie, ha logrado situar toda disensi\u00f3n, a cualquiera que planteara una sola duda, en el terreno de la locura o, en el mejor de los casos, de la majader\u00eda.<\/p>\n<p>La colecci\u00f3n de Pepitas Tenemos que hablar aporta con Los pen\u00faltimos d\u00edas de la humanidad un texto b\u00e1sico para una discusi\u00f3n que no se puede postergar m\u00e1s.<\/p>\n<p>    [\u2026] Quiz\u00e1 sea necesario justificar c\u00f3mo, no siendo vir\u00f3logos ni epidemi\u00f3logos, podemos permitirnos opinar sobre SARS-CoV-2, covid-19, ffp2, kn95 o BNT162b2. Pues bien, no tenemos justificaci\u00f3n. Sin embargo, quienes piensen que este prop\u00f3sito es disparatado estar\u00e1n defendiendo una posici\u00f3n pol\u00edtica tan n\u00edtida como la nuestra, y desde luego mucho m\u00e1s dogm\u00e1tica. Pero, como vivimos en Durango y Poitiers, es decir, lejos de los centros donde se toman las decisiones y se crea la opini\u00f3n, pensamos que tenemos la legitimidad necesaria para expresar nuestro rechazo a la forma en que est\u00e1 trat\u00e1ndose la enfermedad causada por el virus, as\u00ed como a la anuencia general que rodea esta gesti\u00f3n. Nuestra idea es sencilla: la gravedad de la epidemia, innegable, no basta para amparar el recorte de libertades por todas partes, y mucho menos a\u00fan el crimen que est\u00e1 cometi\u00e9ndose contra los m\u00e1s j\u00f3venes. Estamos convencidos, por lo dem\u00e1s, de que muchas personas compartir\u00e1n gran parte de lo que diremos a continuaci\u00f3n, aunque se trate de ideas que cuesta encontrar en la opini\u00f3n publicada por culpa de un consenso viscoso que sirve para coartar todo tipo de debate. [\u2026]<\/p>\n","protected":false},"excerpt":{"rendered":"<p><strong>Berrojalbiz, A., Rodriguez Hidalgo, J.<\/strong><br \/>\n978841786900 &#8211; pepitas de calabaza &#8211; 2020 &#8211;  p\u00e1ginas \/orri.<\/p>\n","protected":false},"featured_media":8202,"template":"","meta":[],"product_brand":[],"product_cat":[16,173],"product_tag":[5191,973,47],"class_list":{"0":"post-8152","1":"product","2":"type-product","3":"status-publish","4":"has-post-thumbnail","6":"product_cat-libros","7":"product_cat-saiakera-ensayo","8":"product_tag-ander-berrojalbiz","9":"product_tag-javier-rodriguez-hidalgo","10":"product_tag-pepitas-de-calabaza","12":"first","13":"instock","14":"sold-individually","15":"shipping-taxable","16":"purchasable","17":"product-type-simple"},"yoast_head":"<!-- This site is optimized with the Yoast SEO plugin v27.3 - https:\/\/yoast.com\/product\/yoast-seo-wordpress\/ -->\n<title>Penultimos dias de la humanidad, los &#8212; Zapateneo<\/title>\n<meta name=\"robots\" content=\"index, follow, max-snippet:-1, max-image-preview:large, max-video-preview:-1\" \/>\n<link rel=\"canonical\" href=\"https:\/\/zapateneo.net\/wordpress\/index.php\/producto\/penultimos-dias-de-la-humanidad-los\/\" \/>\n<meta property=\"og:locale\" content=\"es_ES\" \/>\n<meta property=\"og:type\" content=\"article\" \/>\n<meta property=\"og:title\" content=\"Penultimos dias de la humanidad, los &#8212; Zapateneo\" \/>\n<meta property=\"og:description\" content=\"Berrojalbiz, A., Rodriguez Hidalgo, J. 978841786900 - pepitas de calabaza - 2020 - p\u00e1ginas \/orri.\" \/>\n<meta property=\"og:url\" content=\"https:\/\/zapateneo.net\/wordpress\/index.php\/producto\/penultimos-dias-de-la-humanidad-los\/\" \/>\n<meta property=\"og:site_name\" content=\"Zapateneo\" \/>\n<meta property=\"article:modified_time\" content=\"2023-04-12T15:50:24+00:00\" \/>\n<meta property=\"og:image\" content=\"https:\/\/zapateneo.net\/wordpress\/wp-content\/uploads\/2021\/09\/humanidad.jpeg\" \/>\n\t<meta property=\"og:image:width\" content=\"186\" \/>\n\t<meta property=\"og:image:height\" content=\"271\" \/>\n\t<meta property=\"og:image:type\" content=\"image\/jpeg\" \/>\n<meta name=\"twitter:card\" content=\"summary_large_image\" \/>\n<meta name=\"twitter:site\" content=\"@zapateneo\" \/>\n<meta name=\"twitter:label1\" content=\"Tiempo de lectura\" \/>\n\t<meta name=\"twitter:data1\" content=\"2 minutos\" \/>\n<script type=\"application\/ld+json\" class=\"yoast-schema-graph\">{\"@context\":\"https:\\\/\\\/schema.org\",\"@graph\":[{\"@type\":\"WebPage\",\"@id\":\"https:\\\/\\\/zapateneo.net\\\/wordpress\\\/index.php\\\/producto\\\/penultimos-dias-de-la-humanidad-los\\\/\",\"url\":\"https:\\\/\\\/zapateneo.net\\\/wordpress\\\/index.php\\\/producto\\\/penultimos-dias-de-la-humanidad-los\\\/\",\"name\":\"Penultimos dias de la humanidad, los &#8212; Zapateneo\",\"isPartOf\":{\"@id\":\"https:\\\/\\\/zapateneo.net\\\/wordpress\\\/#website\"},\"primaryImageOfPage\":{\"@id\":\"https:\\\/\\\/zapateneo.net\\\/wordpress\\\/index.php\\\/producto\\\/penultimos-dias-de-la-humanidad-los\\\/#primaryimage\"},\"image\":{\"@id\":\"https:\\\/\\\/zapateneo.net\\\/wordpress\\\/index.php\\\/producto\\\/penultimos-dias-de-la-humanidad-los\\\/#primaryimage\"},\"thumbnailUrl\":\"https:\\\/\\\/zapateneo.net\\\/wordpress\\\/wp-content\\\/uploads\\\/2021\\\/09\\\/humanidad.jpeg\",\"datePublished\":\"2021-09-15T19:37:27+00:00\",\"dateModified\":\"2023-04-12T15:50:24+00:00\",\"breadcrumb\":{\"@id\":\"https:\\\/\\\/zapateneo.net\\\/wordpress\\\/index.php\\\/producto\\\/penultimos-dias-de-la-humanidad-los\\\/#breadcrumb\"},\"inLanguage\":\"es\",\"potentialAction\":[{\"@type\":\"ReadAction\",\"target\":[\"https:\\\/\\\/zapateneo.net\\\/wordpress\\\/index.php\\\/producto\\\/penultimos-dias-de-la-humanidad-los\\\/\"]}]},{\"@type\":\"ImageObject\",\"inLanguage\":\"es\",\"@id\":\"https:\\\/\\\/zapateneo.net\\\/wordpress\\\/index.php\\\/producto\\\/penultimos-dias-de-la-humanidad-los\\\/#primaryimage\",\"url\":\"https:\\\/\\\/zapateneo.net\\\/wordpress\\\/wp-content\\\/uploads\\\/2021\\\/09\\\/humanidad.jpeg\",\"contentUrl\":\"https:\\\/\\\/zapateneo.net\\\/wordpress\\\/wp-content\\\/uploads\\\/2021\\\/09\\\/humanidad.jpeg\",\"width\":186,\"height\":271},{\"@type\":\"BreadcrumbList\",\"@id\":\"https:\\\/\\\/zapateneo.net\\\/wordpress\\\/index.php\\\/producto\\\/penultimos-dias-de-la-humanidad-los\\\/#breadcrumb\",\"itemListElement\":[{\"@type\":\"ListItem\",\"position\":1,\"name\":\"Portada\",\"item\":\"https:\\\/\\\/zapateneo.net\\\/wordpress\\\/\"},{\"@type\":\"ListItem\",\"position\":2,\"name\":\"Tienda\",\"item\":\"https:\\\/\\\/zapateneo.net\\\/wordpress\\\/\"},{\"@type\":\"ListItem\",\"position\":3,\"name\":\"Penultimos dias de la humanidad, los\"}]},{\"@type\":\"WebSite\",\"@id\":\"https:\\\/\\\/zapateneo.net\\\/wordpress\\\/#website\",\"url\":\"https:\\\/\\\/zapateneo.net\\\/wordpress\\\/\",\"name\":\"Zapateneo\",\"description\":\"Zapateneoaren webgunea\",\"publisher\":{\"@id\":\"https:\\\/\\\/zapateneo.net\\\/wordpress\\\/#organization\"},\"potentialAction\":[{\"@type\":\"SearchAction\",\"target\":{\"@type\":\"EntryPoint\",\"urlTemplate\":\"https:\\\/\\\/zapateneo.net\\\/wordpress\\\/?s={search_term_string}\"},\"query-input\":{\"@type\":\"PropertyValueSpecification\",\"valueRequired\":true,\"valueName\":\"search_term_string\"}}],\"inLanguage\":\"es\"},{\"@type\":\"Organization\",\"@id\":\"https:\\\/\\\/zapateneo.net\\\/wordpress\\\/#organization\",\"name\":\"Zapateneo Kultur Elkartea\",\"url\":\"https:\\\/\\\/zapateneo.net\\\/wordpress\\\/\",\"logo\":{\"@type\":\"ImageObject\",\"inLanguage\":\"es\",\"@id\":\"https:\\\/\\\/zapateneo.net\\\/wordpress\\\/#\\\/schema\\\/logo\\\/image\\\/\",\"url\":\"https:\\\/\\\/zapateneo.net\\\/wordpress\\\/wp-content\\\/uploads\\\/2021\\\/04\\\/zap-libu-kolec.jpg\",\"contentUrl\":\"https:\\\/\\\/zapateneo.net\\\/wordpress\\\/wp-content\\\/uploads\\\/2021\\\/04\\\/zap-libu-kolec.jpg\",\"width\":2234,\"height\":398,\"caption\":\"Zapateneo Kultur Elkartea\"},\"image\":{\"@id\":\"https:\\\/\\\/zapateneo.net\\\/wordpress\\\/#\\\/schema\\\/logo\\\/image\\\/\"},\"sameAs\":[\"https:\\\/\\\/x.com\\\/zapateneo\"]}]}<\/script>\n<!-- \/ Yoast SEO plugin. -->","yoast_head_json":{"title":"Penultimos dias de la humanidad, los &#8212; Zapateneo","robots":{"index":"index","follow":"follow","max-snippet":"max-snippet:-1","max-image-preview":"max-image-preview:large","max-video-preview":"max-video-preview:-1"},"canonical":"https:\/\/zapateneo.net\/wordpress\/index.php\/producto\/penultimos-dias-de-la-humanidad-los\/","og_locale":"es_ES","og_type":"article","og_title":"Penultimos dias de la humanidad, los &#8212; Zapateneo","og_description":"Berrojalbiz, A., Rodriguez Hidalgo, J. 978841786900 - pepitas de calabaza - 2020 - p\u00e1ginas \/orri.","og_url":"https:\/\/zapateneo.net\/wordpress\/index.php\/producto\/penultimos-dias-de-la-humanidad-los\/","og_site_name":"Zapateneo","article_modified_time":"2023-04-12T15:50:24+00:00","og_image":[{"width":186,"height":271,"url":"https:\/\/zapateneo.net\/wordpress\/wp-content\/uploads\/2021\/09\/humanidad.jpeg","type":"image\/jpeg"}],"twitter_card":"summary_large_image","twitter_site":"@zapateneo","twitter_misc":{"Tiempo de lectura":"2 minutos"},"schema":{"@context":"https:\/\/schema.org","@graph":[{"@type":"WebPage","@id":"https:\/\/zapateneo.net\/wordpress\/index.php\/producto\/penultimos-dias-de-la-humanidad-los\/","url":"https:\/\/zapateneo.net\/wordpress\/index.php\/producto\/penultimos-dias-de-la-humanidad-los\/","name":"Penultimos dias de la humanidad, los &#8212; Zapateneo","isPartOf":{"@id":"https:\/\/zapateneo.net\/wordpress\/#website"},"primaryImageOfPage":{"@id":"https:\/\/zapateneo.net\/wordpress\/index.php\/producto\/penultimos-dias-de-la-humanidad-los\/#primaryimage"},"image":{"@id":"https:\/\/zapateneo.net\/wordpress\/index.php\/producto\/penultimos-dias-de-la-humanidad-los\/#primaryimage"},"thumbnailUrl":"https:\/\/zapateneo.net\/wordpress\/wp-content\/uploads\/2021\/09\/humanidad.jpeg","datePublished":"2021-09-15T19:37:27+00:00","dateModified":"2023-04-12T15:50:24+00:00","breadcrumb":{"@id":"https:\/\/zapateneo.net\/wordpress\/index.php\/producto\/penultimos-dias-de-la-humanidad-los\/#breadcrumb"},"inLanguage":"es","potentialAction":[{"@type":"ReadAction","target":["https:\/\/zapateneo.net\/wordpress\/index.php\/producto\/penultimos-dias-de-la-humanidad-los\/"]}]},{"@type":"ImageObject","inLanguage":"es","@id":"https:\/\/zapateneo.net\/wordpress\/index.php\/producto\/penultimos-dias-de-la-humanidad-los\/#primaryimage","url":"https:\/\/zapateneo.net\/wordpress\/wp-content\/uploads\/2021\/09\/humanidad.jpeg","contentUrl":"https:\/\/zapateneo.net\/wordpress\/wp-content\/uploads\/2021\/09\/humanidad.jpeg","width":186,"height":271},{"@type":"BreadcrumbList","@id":"https:\/\/zapateneo.net\/wordpress\/index.php\/producto\/penultimos-dias-de-la-humanidad-los\/#breadcrumb","itemListElement":[{"@type":"ListItem","position":1,"name":"Portada","item":"https:\/\/zapateneo.net\/wordpress\/"},{"@type":"ListItem","position":2,"name":"Tienda","item":"https:\/\/zapateneo.net\/wordpress\/"},{"@type":"ListItem","position":3,"name":"Penultimos dias de la humanidad, los"}]},{"@type":"WebSite","@id":"https:\/\/zapateneo.net\/wordpress\/#website","url":"https:\/\/zapateneo.net\/wordpress\/","name":"Zapateneo","description":"Zapateneoaren webgunea","publisher":{"@id":"https:\/\/zapateneo.net\/wordpress\/#organization"},"potentialAction":[{"@type":"SearchAction","target":{"@type":"EntryPoint","urlTemplate":"https:\/\/zapateneo.net\/wordpress\/?s={search_term_string}"},"query-input":{"@type":"PropertyValueSpecification","valueRequired":true,"valueName":"search_term_string"}}],"inLanguage":"es"},{"@type":"Organization","@id":"https:\/\/zapateneo.net\/wordpress\/#organization","name":"Zapateneo Kultur Elkartea","url":"https:\/\/zapateneo.net\/wordpress\/","logo":{"@type":"ImageObject","inLanguage":"es","@id":"https:\/\/zapateneo.net\/wordpress\/#\/schema\/logo\/image\/","url":"https:\/\/zapateneo.net\/wordpress\/wp-content\/uploads\/2021\/04\/zap-libu-kolec.jpg","contentUrl":"https:\/\/zapateneo.net\/wordpress\/wp-content\/uploads\/2021\/04\/zap-libu-kolec.jpg","width":2234,"height":398,"caption":"Zapateneo Kultur Elkartea"},"image":{"@id":"https:\/\/zapateneo.net\/wordpress\/#\/schema\/logo\/image\/"},"sameAs":["https:\/\/x.com\/zapateneo"]}]}},"_links":{"self":[{"href":"https:\/\/zapateneo.net\/wordpress\/index.php\/wp-json\/wp\/v2\/product\/8152","targetHints":{"allow":["GET"]}}],"collection":[{"href":"https:\/\/zapateneo.net\/wordpress\/index.php\/wp-json\/wp\/v2\/product"}],"about":[{"href":"https:\/\/zapateneo.net\/wordpress\/index.php\/wp-json\/wp\/v2\/types\/product"}],"wp:featuredmedia":[{"embeddable":true,"href":"https:\/\/zapateneo.net\/wordpress\/index.php\/wp-json\/wp\/v2\/media\/8202"}],"wp:attachment":[{"href":"https:\/\/zapateneo.net\/wordpress\/index.php\/wp-json\/wp\/v2\/media?parent=8152"}],"wp:term":[{"taxonomy":"product_brand","embeddable":true,"href":"https:\/\/zapateneo.net\/wordpress\/index.php\/wp-json\/wp\/v2\/product_brand?post=8152"},{"taxonomy":"product_cat","embeddable":true,"href":"https:\/\/zapateneo.net\/wordpress\/index.php\/wp-json\/wp\/v2\/product_cat?post=8152"},{"taxonomy":"product_tag","embeddable":true,"href":"https:\/\/zapateneo.net\/wordpress\/index.php\/wp-json\/wp\/v2\/product_tag?post=8152"}],"curies":[{"name":"wp","href":"https:\/\/api.w.org\/{rel}","templated":true}]}}