{"id":8138,"date":"2021-09-15T20:36:14","date_gmt":"2021-09-15T19:36:14","guid":{"rendered":"https:\/\/zapateneo.net\/wordpress\/?post_type=product&#038;p=8138"},"modified":"2021-09-15T20:41:45","modified_gmt":"2021-09-15T19:41:45","slug":"interseccionalidad-desigualdades-hogares-y-emociones","status":"publish","type":"product","link":"https:\/\/zapateneo.net\/wordpress\/index.php\/producto\/interseccionalidad-desigualdades-hogares-y-emociones\/","title":{"rendered":"Interseccionalidad. Desigualdades, hogares y emociones"},"content":{"rendered":"<p>La interseccionalidad es una propuesta surgida del feminismo Negro de los Estados Unidos en los a\u00f1os ochenta que ha influido de forma central en la concepci\u00f3n sobre las desigualdades sociales y la discriminaci\u00f3n tanto en la investigaci\u00f3n en ciencias sociales como en los movimientos sociales y las administraciones p\u00fablicas.Su premisa b\u00e1sica es que no se puede entender la desigualdad desde un solo marco explicativo (como el g\u00e9nero, la raza, la clase o la edad) y que hace falta considerar la interrelaci\u00f3n entre ellos para entender c\u00f3mo se configura.<\/p>\n<p>Con este libro se traen a nuestro contexto los debates existentes a nivel internacional sobre el concepto y se propone una aproximaci\u00f3n propia: la consideraci\u00f3n del lugar como elemento constitutivo de las din\u00e1micas interseccionales y la incorporaci\u00f3n de la dimensi\u00f3n emocional en el an\u00e1lisis de las desigualdades. Se aportan herramientas concretas para aplicar marcos interseccionales en la investigaci\u00f3n, nuevos conceptos para reflexionar sobre las propias posiciones de opresi\u00f3n y privilegio y elementos para afrontar algunos de los retos pol\u00edticos actuales: las exclusiones dentro de los feminismos, la relaci\u00f3n entre la lucha de clases y otros ejes de desigualdad, la cr\u00edtica antirracista en los movimientos feministas y de izquierdas o el surgimiento de nuevos sujetos pol\u00edticos.<\/p>\n<p>maria-rodo-zarate-9788418684166<\/p>\n<p>Maria Rod\u00f3 Z\u00e1rate. Activista feminista y doctora en geograf\u00eda, actualmente es profesora Serra H\u00fanter en la Universidad de Barcelona y miembro del grupo de investigaci\u00f3n GREDI.<\/p>\n<p>Su trabajo se centra en el estudio de las desigualdades sociales desde una perspectiva interseccional, espacial y emocional aplicada a cuestiones como el derecho a la ciudad, la violencia de g\u00e9nero o la LGTBIfobia.<\/p>\n<p>Es coautora de Rebels amb causa: manifest juvenil contra el poder adult (Tigre de Paper, 2014) y coeditora de Tierra de nadie. Perspectivas feministas sobre la independencia (Pol\u00b7len edicions, 2018).<\/p>\n","protected":false},"excerpt":{"rendered":"<p><strong>Maria Rodo Zarate&#038;  Filigrana,  Pastora<\/strong><br \/>\n9788418684166 &#8211; Bellaterra &#8211; 2021 &#8211; 200 p\u00e1ginas \/orri.<\/p>\n","protected":false},"featured_media":8189,"template":"","meta":[],"product_brand":[],"product_cat":[16,173],"product_tag":[92,4560],"class_list":{"0":"post-8138","1":"product","2":"type-product","3":"status-publish","4":"has-post-thumbnail","6":"product_cat-libros","7":"product_cat-saiakera-ensayo","8":"product_tag-bellaterra","9":"product_tag-maria-rodo-zarate-filigrana","11":"first","12":"instock","13":"sold-individually","14":"shipping-taxable","15":"purchasable","16":"product-type-simple"},"yoast_head":"<!-- This site is optimized with the Yoast SEO plugin v27.3 - https:\/\/yoast.com\/product\/yoast-seo-wordpress\/ -->\n<title>Interseccionalidad. Desigualdades, hogares y emociones &#8212; Zapateneo<\/title>\n<meta name=\"robots\" content=\"index, follow, max-snippet:-1, max-image-preview:large, max-video-preview:-1\" \/>\n<link rel=\"canonical\" href=\"https:\/\/zapateneo.net\/wordpress\/index.php\/producto\/interseccionalidad-desigualdades-hogares-y-emociones\/\" \/>\n<meta property=\"og:locale\" content=\"es_ES\" \/>\n<meta property=\"og:type\" content=\"article\" \/>\n<meta property=\"og:title\" content=\"Interseccionalidad. Desigualdades, hogares y emociones &#8212; Zapateneo\" \/>\n<meta property=\"og:description\" content=\"Maria Rodo Zarate&amp; Filigrana, Pastora 9788418684166 - Bellaterra - 2021 - 200 p\u00e1ginas \/orri.\" \/>\n<meta property=\"og:url\" content=\"https:\/\/zapateneo.net\/wordpress\/index.php\/producto\/interseccionalidad-desigualdades-hogares-y-emociones\/\" \/>\n<meta property=\"og:site_name\" content=\"Zapateneo\" \/>\n<meta property=\"article:modified_time\" content=\"2021-09-15T19:41:45+00:00\" \/>\n<meta property=\"og:image\" content=\"https:\/\/zapateneo.net\/wordpress\/wp-content\/uploads\/2021\/09\/9788418684166.gif\" \/>\n\t<meta property=\"og:image:width\" content=\"228\" \/>\n\t<meta property=\"og:image:height\" content=\"350\" \/>\n\t<meta property=\"og:image:type\" content=\"image\/gif\" \/>\n<meta name=\"twitter:card\" content=\"summary_large_image\" \/>\n<meta name=\"twitter:site\" content=\"@zapateneo\" \/>\n<meta name=\"twitter:label1\" content=\"Tiempo de lectura\" \/>\n\t<meta name=\"twitter:data1\" content=\"2 minutos\" \/>\n<script type=\"application\/ld+json\" class=\"yoast-schema-graph\">{\"@context\":\"https:\\\/\\\/schema.org\",\"@graph\":[{\"@type\":\"WebPage\",\"@id\":\"https:\\\/\\\/zapateneo.net\\\/wordpress\\\/index.php\\\/producto\\\/interseccionalidad-desigualdades-hogares-y-emociones\\\/\",\"url\":\"https:\\\/\\\/zapateneo.net\\\/wordpress\\\/index.php\\\/producto\\\/interseccionalidad-desigualdades-hogares-y-emociones\\\/\",\"name\":\"Interseccionalidad. Desigualdades, hogares y emociones &#8212; Zapateneo\",\"isPartOf\":{\"@id\":\"https:\\\/\\\/zapateneo.net\\\/wordpress\\\/#website\"},\"primaryImageOfPage\":{\"@id\":\"https:\\\/\\\/zapateneo.net\\\/wordpress\\\/index.php\\\/producto\\\/interseccionalidad-desigualdades-hogares-y-emociones\\\/#primaryimage\"},\"image\":{\"@id\":\"https:\\\/\\\/zapateneo.net\\\/wordpress\\\/index.php\\\/producto\\\/interseccionalidad-desigualdades-hogares-y-emociones\\\/#primaryimage\"},\"thumbnailUrl\":\"https:\\\/\\\/zapateneo.net\\\/wordpress\\\/wp-content\\\/uploads\\\/2021\\\/09\\\/9788418684166.gif\",\"datePublished\":\"2021-09-15T19:36:14+00:00\",\"dateModified\":\"2021-09-15T19:41:45+00:00\",\"breadcrumb\":{\"@id\":\"https:\\\/\\\/zapateneo.net\\\/wordpress\\\/index.php\\\/producto\\\/interseccionalidad-desigualdades-hogares-y-emociones\\\/#breadcrumb\"},\"inLanguage\":\"es\",\"potentialAction\":[{\"@type\":\"ReadAction\",\"target\":[\"https:\\\/\\\/zapateneo.net\\\/wordpress\\\/index.php\\\/producto\\\/interseccionalidad-desigualdades-hogares-y-emociones\\\/\"]}]},{\"@type\":\"ImageObject\",\"inLanguage\":\"es\",\"@id\":\"https:\\\/\\\/zapateneo.net\\\/wordpress\\\/index.php\\\/producto\\\/interseccionalidad-desigualdades-hogares-y-emociones\\\/#primaryimage\",\"url\":\"https:\\\/\\\/zapateneo.net\\\/wordpress\\\/wp-content\\\/uploads\\\/2021\\\/09\\\/9788418684166.gif\",\"contentUrl\":\"https:\\\/\\\/zapateneo.net\\\/wordpress\\\/wp-content\\\/uploads\\\/2021\\\/09\\\/9788418684166.gif\",\"width\":228,\"height\":350},{\"@type\":\"BreadcrumbList\",\"@id\":\"https:\\\/\\\/zapateneo.net\\\/wordpress\\\/index.php\\\/producto\\\/interseccionalidad-desigualdades-hogares-y-emociones\\\/#breadcrumb\",\"itemListElement\":[{\"@type\":\"ListItem\",\"position\":1,\"name\":\"Portada\",\"item\":\"https:\\\/\\\/zapateneo.net\\\/wordpress\\\/\"},{\"@type\":\"ListItem\",\"position\":2,\"name\":\"Tienda\",\"item\":\"https:\\\/\\\/zapateneo.net\\\/wordpress\\\/\"},{\"@type\":\"ListItem\",\"position\":3,\"name\":\"Interseccionalidad. Desigualdades, hogares y emociones\"}]},{\"@type\":\"WebSite\",\"@id\":\"https:\\\/\\\/zapateneo.net\\\/wordpress\\\/#website\",\"url\":\"https:\\\/\\\/zapateneo.net\\\/wordpress\\\/\",\"name\":\"Zapateneo\",\"description\":\"Zapateneoaren webgunea\",\"publisher\":{\"@id\":\"https:\\\/\\\/zapateneo.net\\\/wordpress\\\/#organization\"},\"potentialAction\":[{\"@type\":\"SearchAction\",\"target\":{\"@type\":\"EntryPoint\",\"urlTemplate\":\"https:\\\/\\\/zapateneo.net\\\/wordpress\\\/?s={search_term_string}\"},\"query-input\":{\"@type\":\"PropertyValueSpecification\",\"valueRequired\":true,\"valueName\":\"search_term_string\"}}],\"inLanguage\":\"es\"},{\"@type\":\"Organization\",\"@id\":\"https:\\\/\\\/zapateneo.net\\\/wordpress\\\/#organization\",\"name\":\"Zapateneo Kultur Elkartea\",\"url\":\"https:\\\/\\\/zapateneo.net\\\/wordpress\\\/\",\"logo\":{\"@type\":\"ImageObject\",\"inLanguage\":\"es\",\"@id\":\"https:\\\/\\\/zapateneo.net\\\/wordpress\\\/#\\\/schema\\\/logo\\\/image\\\/\",\"url\":\"https:\\\/\\\/zapateneo.net\\\/wordpress\\\/wp-content\\\/uploads\\\/2021\\\/04\\\/zap-libu-kolec.jpg\",\"contentUrl\":\"https:\\\/\\\/zapateneo.net\\\/wordpress\\\/wp-content\\\/uploads\\\/2021\\\/04\\\/zap-libu-kolec.jpg\",\"width\":2234,\"height\":398,\"caption\":\"Zapateneo Kultur Elkartea\"},\"image\":{\"@id\":\"https:\\\/\\\/zapateneo.net\\\/wordpress\\\/#\\\/schema\\\/logo\\\/image\\\/\"},\"sameAs\":[\"https:\\\/\\\/x.com\\\/zapateneo\"]}]}<\/script>\n<!-- \/ Yoast SEO plugin. -->","yoast_head_json":{"title":"Interseccionalidad. Desigualdades, hogares y emociones &#8212; Zapateneo","robots":{"index":"index","follow":"follow","max-snippet":"max-snippet:-1","max-image-preview":"max-image-preview:large","max-video-preview":"max-video-preview:-1"},"canonical":"https:\/\/zapateneo.net\/wordpress\/index.php\/producto\/interseccionalidad-desigualdades-hogares-y-emociones\/","og_locale":"es_ES","og_type":"article","og_title":"Interseccionalidad. Desigualdades, hogares y emociones &#8212; Zapateneo","og_description":"Maria Rodo Zarate& Filigrana, Pastora 9788418684166 - Bellaterra - 2021 - 200 p\u00e1ginas \/orri.","og_url":"https:\/\/zapateneo.net\/wordpress\/index.php\/producto\/interseccionalidad-desigualdades-hogares-y-emociones\/","og_site_name":"Zapateneo","article_modified_time":"2021-09-15T19:41:45+00:00","og_image":[{"width":228,"height":350,"url":"https:\/\/zapateneo.net\/wordpress\/wp-content\/uploads\/2021\/09\/9788418684166.gif","type":"image\/gif"}],"twitter_card":"summary_large_image","twitter_site":"@zapateneo","twitter_misc":{"Tiempo de lectura":"2 minutos"},"schema":{"@context":"https:\/\/schema.org","@graph":[{"@type":"WebPage","@id":"https:\/\/zapateneo.net\/wordpress\/index.php\/producto\/interseccionalidad-desigualdades-hogares-y-emociones\/","url":"https:\/\/zapateneo.net\/wordpress\/index.php\/producto\/interseccionalidad-desigualdades-hogares-y-emociones\/","name":"Interseccionalidad. Desigualdades, hogares y emociones &#8212; Zapateneo","isPartOf":{"@id":"https:\/\/zapateneo.net\/wordpress\/#website"},"primaryImageOfPage":{"@id":"https:\/\/zapateneo.net\/wordpress\/index.php\/producto\/interseccionalidad-desigualdades-hogares-y-emociones\/#primaryimage"},"image":{"@id":"https:\/\/zapateneo.net\/wordpress\/index.php\/producto\/interseccionalidad-desigualdades-hogares-y-emociones\/#primaryimage"},"thumbnailUrl":"https:\/\/zapateneo.net\/wordpress\/wp-content\/uploads\/2021\/09\/9788418684166.gif","datePublished":"2021-09-15T19:36:14+00:00","dateModified":"2021-09-15T19:41:45+00:00","breadcrumb":{"@id":"https:\/\/zapateneo.net\/wordpress\/index.php\/producto\/interseccionalidad-desigualdades-hogares-y-emociones\/#breadcrumb"},"inLanguage":"es","potentialAction":[{"@type":"ReadAction","target":["https:\/\/zapateneo.net\/wordpress\/index.php\/producto\/interseccionalidad-desigualdades-hogares-y-emociones\/"]}]},{"@type":"ImageObject","inLanguage":"es","@id":"https:\/\/zapateneo.net\/wordpress\/index.php\/producto\/interseccionalidad-desigualdades-hogares-y-emociones\/#primaryimage","url":"https:\/\/zapateneo.net\/wordpress\/wp-content\/uploads\/2021\/09\/9788418684166.gif","contentUrl":"https:\/\/zapateneo.net\/wordpress\/wp-content\/uploads\/2021\/09\/9788418684166.gif","width":228,"height":350},{"@type":"BreadcrumbList","@id":"https:\/\/zapateneo.net\/wordpress\/index.php\/producto\/interseccionalidad-desigualdades-hogares-y-emociones\/#breadcrumb","itemListElement":[{"@type":"ListItem","position":1,"name":"Portada","item":"https:\/\/zapateneo.net\/wordpress\/"},{"@type":"ListItem","position":2,"name":"Tienda","item":"https:\/\/zapateneo.net\/wordpress\/"},{"@type":"ListItem","position":3,"name":"Interseccionalidad. Desigualdades, hogares y emociones"}]},{"@type":"WebSite","@id":"https:\/\/zapateneo.net\/wordpress\/#website","url":"https:\/\/zapateneo.net\/wordpress\/","name":"Zapateneo","description":"Zapateneoaren webgunea","publisher":{"@id":"https:\/\/zapateneo.net\/wordpress\/#organization"},"potentialAction":[{"@type":"SearchAction","target":{"@type":"EntryPoint","urlTemplate":"https:\/\/zapateneo.net\/wordpress\/?s={search_term_string}"},"query-input":{"@type":"PropertyValueSpecification","valueRequired":true,"valueName":"search_term_string"}}],"inLanguage":"es"},{"@type":"Organization","@id":"https:\/\/zapateneo.net\/wordpress\/#organization","name":"Zapateneo Kultur Elkartea","url":"https:\/\/zapateneo.net\/wordpress\/","logo":{"@type":"ImageObject","inLanguage":"es","@id":"https:\/\/zapateneo.net\/wordpress\/#\/schema\/logo\/image\/","url":"https:\/\/zapateneo.net\/wordpress\/wp-content\/uploads\/2021\/04\/zap-libu-kolec.jpg","contentUrl":"https:\/\/zapateneo.net\/wordpress\/wp-content\/uploads\/2021\/04\/zap-libu-kolec.jpg","width":2234,"height":398,"caption":"Zapateneo Kultur Elkartea"},"image":{"@id":"https:\/\/zapateneo.net\/wordpress\/#\/schema\/logo\/image\/"},"sameAs":["https:\/\/x.com\/zapateneo"]}]}},"_links":{"self":[{"href":"https:\/\/zapateneo.net\/wordpress\/index.php\/wp-json\/wp\/v2\/product\/8138","targetHints":{"allow":["GET"]}}],"collection":[{"href":"https:\/\/zapateneo.net\/wordpress\/index.php\/wp-json\/wp\/v2\/product"}],"about":[{"href":"https:\/\/zapateneo.net\/wordpress\/index.php\/wp-json\/wp\/v2\/types\/product"}],"wp:featuredmedia":[{"embeddable":true,"href":"https:\/\/zapateneo.net\/wordpress\/index.php\/wp-json\/wp\/v2\/media\/8189"}],"wp:attachment":[{"href":"https:\/\/zapateneo.net\/wordpress\/index.php\/wp-json\/wp\/v2\/media?parent=8138"}],"wp:term":[{"taxonomy":"product_brand","embeddable":true,"href":"https:\/\/zapateneo.net\/wordpress\/index.php\/wp-json\/wp\/v2\/product_brand?post=8138"},{"taxonomy":"product_cat","embeddable":true,"href":"https:\/\/zapateneo.net\/wordpress\/index.php\/wp-json\/wp\/v2\/product_cat?post=8138"},{"taxonomy":"product_tag","embeddable":true,"href":"https:\/\/zapateneo.net\/wordpress\/index.php\/wp-json\/wp\/v2\/product_tag?post=8138"}],"curies":[{"name":"wp","href":"https:\/\/api.w.org\/{rel}","templated":true}]}}