{"id":8123,"date":"2021-09-15T20:34:54","date_gmt":"2021-09-15T19:34:54","guid":{"rendered":"https:\/\/zapateneo.net\/wordpress\/?post_type=product&#038;p=8123"},"modified":"2021-09-15T20:39:23","modified_gmt":"2021-09-15T19:39:23","slug":"armas-de-destruccion-matematica","status":"publish","type":"product","link":"https:\/\/zapateneo.net\/wordpress\/index.php\/producto\/armas-de-destruccion-matematica\/","title":{"rendered":"Armas de destrucci\u00f3n matem\u00e1tica."},"content":{"rendered":"<p>Vivimos en la edad del algoritmo. Las decisiones que afectan a nuestras vidas no est\u00e1n hechas por humanos, sino por modelos matem\u00e1ticos. En teor\u00eda, esto deber\u00eda conducir a una mayor equidad: todos son juzgados de acuerdo con las mismas reglas, sin sesgo. Pero en realidad, ocurre exactamente lo contrario. Los modelos que se utilizan en la actualidad son opacos, no regulados e incontestables, incluso cuando est\u00e1n equivocados.<br \/>\nEsto deriva en un refuerzo de la discriminaci\u00f3n: si un estudiante pobre no puede obtener un pr\u00e9stamo porque un modelo de pr\u00e9stamo lo considera demasiado arriesgado (en virtud de su c\u00f3digo postal), quedar\u00e1 excluido del tipo de educaci\u00f3n que podr\u00eda sacarlo de la pobreza, produci\u00e9ndose una espiral viciosa. Los modelos apuntalan a los afortunados y castigan a los oprimidos: bienvenido al lado oscuro del big data. O\u2019Neil expone los modelos que dan forma a nuestro futuro, como individuos y como sociedad.<br \/>\nEstas \u00abarmas de destrucci\u00f3n matem\u00e1tica\u00bb califican a maestros y estudiantes, ordenan curr\u00edculos, conceden (o niegan) pr\u00e9stamos, eval\u00faan a los trabajadores, se dirigen a los votantes, fijan la libertad condicional y monitorean nuestra salud.<\/p>\n<p>armas-destruccion-matematica-9788494740848<\/p>\n<p>Cathy O&#8217;neil obtuvo un Ph.D. en Matem\u00e1ticas de Harvard, fue postdoctorada en el departamento de Matem\u00e1ticas del MIT y profesora en el Barnard College, donde public\u00f3 una serie de trabajos de investigaci\u00f3n en geometr\u00eda algebraica aritm\u00e9tica. Luego se cambi\u00f3 al sector privado, trabajando como experta en an\u00e1lisis y gesti\u00f3n de informaci\u00f3n cuantitativa para el fondo de cobertura D. E. Shaw en medio de la crisis crediticia, y luego para RiskMetrics, una compa\u00f1\u00eda de software de riesgo que eval\u00faa el riesgo para las tenencias de fondos de cobertura y bancos. Tras desencantarse del mundo de las finanzas, O\u2019Neil se involucr\u00f3 con el movimiento Occupy Wall Street, participando en su Grupo de Banca Alternativa. Dej\u00f3 las finanzas definitivamente en 2011 y comenz\u00f3 a trabajar como cient\u00edfica de datos en el sector de start-ups de Nueva York, creando modelos que predec\u00edan las compras y los clics de las personas. Es una invitada semanal en el podcast Slate Money. Es coautora (con Rachel Schutt) de Doing Data Science: Straight Talk from the Frontline. Tambi\u00e9n escribi\u00f3 el libro electr\u00f3nico Being a Data Skeptic. Su libro Armas de destrucci\u00f3n matem\u00e1tica fue publicado en Estados Unidos en 2016 y fue nominado para el National Book Award 2016 en la categor\u00eda de no ficci\u00f3n. Cathy mantiene el blog mathbabe.org, donde opina sobre todo lo cuantitativo. En \u00e9l espera encontrar una respuesta mejor a la pregunta: \u00ab\u00bfQu\u00e9 puede hacer un matem\u00e1tico no acad\u00e9mico para que el mundo sea un lugar mejor?\u00bb.<\/p>\n","protected":false},"excerpt":{"rendered":"<p><strong>O\u00b4Neil, Cathy<\/strong><br \/>\n9788494740848 &#8211; Capit\u00e1n Swing &#8211; 2021 &#8211; 270 p\u00e1ginas \/orri.<\/p>\n","protected":false},"featured_media":8171,"template":"","meta":[],"product_brand":[],"product_cat":[16,173],"product_tag":[102,4549],"class_list":{"0":"post-8123","1":"product","2":"type-product","3":"status-publish","4":"has-post-thumbnail","6":"product_cat-libros","7":"product_cat-saiakera-ensayo","8":"product_tag-capitan-swing","9":"product_tag-oneil","11":"first","12":"instock","13":"sold-individually","14":"shipping-taxable","15":"purchasable","16":"product-type-simple"},"yoast_head":"<!-- This site is optimized with the Yoast SEO plugin v27.3 - https:\/\/yoast.com\/product\/yoast-seo-wordpress\/ -->\n<title>Armas de destrucci\u00f3n matem\u00e1tica. &#8212; Zapateneo<\/title>\n<meta name=\"robots\" content=\"index, follow, max-snippet:-1, max-image-preview:large, max-video-preview:-1\" \/>\n<link rel=\"canonical\" href=\"https:\/\/zapateneo.net\/wordpress\/index.php\/producto\/armas-de-destruccion-matematica\/\" \/>\n<meta property=\"og:locale\" content=\"es_ES\" \/>\n<meta property=\"og:type\" content=\"article\" \/>\n<meta property=\"og:title\" content=\"Armas de destrucci\u00f3n matem\u00e1tica. &#8212; Zapateneo\" \/>\n<meta property=\"og:description\" content=\"O\u00b4Neil, Cathy 9788494740848 - Capit\u00e1n Swing - 2021 - 270 p\u00e1ginas \/orri.\" \/>\n<meta property=\"og:url\" content=\"https:\/\/zapateneo.net\/wordpress\/index.php\/producto\/armas-de-destruccion-matematica\/\" \/>\n<meta property=\"og:site_name\" content=\"Zapateneo\" \/>\n<meta property=\"article:modified_time\" content=\"2021-09-15T19:39:23+00:00\" \/>\n<meta property=\"og:image\" content=\"https:\/\/zapateneo.net\/wordpress\/wp-content\/uploads\/2021\/09\/9788494740848.jpg\" \/>\n\t<meta property=\"og:image:width\" content=\"120\" \/>\n\t<meta property=\"og:image:height\" content=\"187\" \/>\n\t<meta property=\"og:image:type\" content=\"image\/jpeg\" \/>\n<meta name=\"twitter:card\" content=\"summary_large_image\" \/>\n<meta name=\"twitter:site\" content=\"@zapateneo\" \/>\n<meta name=\"twitter:label1\" content=\"Tiempo de lectura\" \/>\n\t<meta name=\"twitter:data1\" content=\"2 minutos\" \/>\n<script type=\"application\/ld+json\" class=\"yoast-schema-graph\">{\"@context\":\"https:\\\/\\\/schema.org\",\"@graph\":[{\"@type\":\"WebPage\",\"@id\":\"https:\\\/\\\/zapateneo.net\\\/wordpress\\\/index.php\\\/producto\\\/armas-de-destruccion-matematica\\\/\",\"url\":\"https:\\\/\\\/zapateneo.net\\\/wordpress\\\/index.php\\\/producto\\\/armas-de-destruccion-matematica\\\/\",\"name\":\"Armas de destrucci\u00f3n matem\u00e1tica. &#8212; Zapateneo\",\"isPartOf\":{\"@id\":\"https:\\\/\\\/zapateneo.net\\\/wordpress\\\/#website\"},\"primaryImageOfPage\":{\"@id\":\"https:\\\/\\\/zapateneo.net\\\/wordpress\\\/index.php\\\/producto\\\/armas-de-destruccion-matematica\\\/#primaryimage\"},\"image\":{\"@id\":\"https:\\\/\\\/zapateneo.net\\\/wordpress\\\/index.php\\\/producto\\\/armas-de-destruccion-matematica\\\/#primaryimage\"},\"thumbnailUrl\":\"https:\\\/\\\/zapateneo.net\\\/wordpress\\\/wp-content\\\/uploads\\\/2021\\\/09\\\/9788494740848.jpg\",\"datePublished\":\"2021-09-15T19:34:54+00:00\",\"dateModified\":\"2021-09-15T19:39:23+00:00\",\"breadcrumb\":{\"@id\":\"https:\\\/\\\/zapateneo.net\\\/wordpress\\\/index.php\\\/producto\\\/armas-de-destruccion-matematica\\\/#breadcrumb\"},\"inLanguage\":\"es\",\"potentialAction\":[{\"@type\":\"ReadAction\",\"target\":[\"https:\\\/\\\/zapateneo.net\\\/wordpress\\\/index.php\\\/producto\\\/armas-de-destruccion-matematica\\\/\"]}]},{\"@type\":\"ImageObject\",\"inLanguage\":\"es\",\"@id\":\"https:\\\/\\\/zapateneo.net\\\/wordpress\\\/index.php\\\/producto\\\/armas-de-destruccion-matematica\\\/#primaryimage\",\"url\":\"https:\\\/\\\/zapateneo.net\\\/wordpress\\\/wp-content\\\/uploads\\\/2021\\\/09\\\/9788494740848.jpg\",\"contentUrl\":\"https:\\\/\\\/zapateneo.net\\\/wordpress\\\/wp-content\\\/uploads\\\/2021\\\/09\\\/9788494740848.jpg\",\"width\":120,\"height\":187},{\"@type\":\"BreadcrumbList\",\"@id\":\"https:\\\/\\\/zapateneo.net\\\/wordpress\\\/index.php\\\/producto\\\/armas-de-destruccion-matematica\\\/#breadcrumb\",\"itemListElement\":[{\"@type\":\"ListItem\",\"position\":1,\"name\":\"Portada\",\"item\":\"https:\\\/\\\/zapateneo.net\\\/wordpress\\\/\"},{\"@type\":\"ListItem\",\"position\":2,\"name\":\"Tienda\",\"item\":\"https:\\\/\\\/zapateneo.net\\\/wordpress\\\/\"},{\"@type\":\"ListItem\",\"position\":3,\"name\":\"Armas de destrucci\u00f3n matem\u00e1tica.\"}]},{\"@type\":\"WebSite\",\"@id\":\"https:\\\/\\\/zapateneo.net\\\/wordpress\\\/#website\",\"url\":\"https:\\\/\\\/zapateneo.net\\\/wordpress\\\/\",\"name\":\"Zapateneo\",\"description\":\"Zapateneoaren webgunea\",\"publisher\":{\"@id\":\"https:\\\/\\\/zapateneo.net\\\/wordpress\\\/#organization\"},\"potentialAction\":[{\"@type\":\"SearchAction\",\"target\":{\"@type\":\"EntryPoint\",\"urlTemplate\":\"https:\\\/\\\/zapateneo.net\\\/wordpress\\\/?s={search_term_string}\"},\"query-input\":{\"@type\":\"PropertyValueSpecification\",\"valueRequired\":true,\"valueName\":\"search_term_string\"}}],\"inLanguage\":\"es\"},{\"@type\":\"Organization\",\"@id\":\"https:\\\/\\\/zapateneo.net\\\/wordpress\\\/#organization\",\"name\":\"Zapateneo Kultur Elkartea\",\"url\":\"https:\\\/\\\/zapateneo.net\\\/wordpress\\\/\",\"logo\":{\"@type\":\"ImageObject\",\"inLanguage\":\"es\",\"@id\":\"https:\\\/\\\/zapateneo.net\\\/wordpress\\\/#\\\/schema\\\/logo\\\/image\\\/\",\"url\":\"https:\\\/\\\/zapateneo.net\\\/wordpress\\\/wp-content\\\/uploads\\\/2021\\\/04\\\/zap-libu-kolec.jpg\",\"contentUrl\":\"https:\\\/\\\/zapateneo.net\\\/wordpress\\\/wp-content\\\/uploads\\\/2021\\\/04\\\/zap-libu-kolec.jpg\",\"width\":2234,\"height\":398,\"caption\":\"Zapateneo Kultur Elkartea\"},\"image\":{\"@id\":\"https:\\\/\\\/zapateneo.net\\\/wordpress\\\/#\\\/schema\\\/logo\\\/image\\\/\"},\"sameAs\":[\"https:\\\/\\\/x.com\\\/zapateneo\"]}]}<\/script>\n<!-- \/ Yoast SEO plugin. -->","yoast_head_json":{"title":"Armas de destrucci\u00f3n matem\u00e1tica. &#8212; Zapateneo","robots":{"index":"index","follow":"follow","max-snippet":"max-snippet:-1","max-image-preview":"max-image-preview:large","max-video-preview":"max-video-preview:-1"},"canonical":"https:\/\/zapateneo.net\/wordpress\/index.php\/producto\/armas-de-destruccion-matematica\/","og_locale":"es_ES","og_type":"article","og_title":"Armas de destrucci\u00f3n matem\u00e1tica. &#8212; Zapateneo","og_description":"O\u00b4Neil, Cathy 9788494740848 - Capit\u00e1n Swing - 2021 - 270 p\u00e1ginas \/orri.","og_url":"https:\/\/zapateneo.net\/wordpress\/index.php\/producto\/armas-de-destruccion-matematica\/","og_site_name":"Zapateneo","article_modified_time":"2021-09-15T19:39:23+00:00","og_image":[{"width":120,"height":187,"url":"https:\/\/zapateneo.net\/wordpress\/wp-content\/uploads\/2021\/09\/9788494740848.jpg","type":"image\/jpeg"}],"twitter_card":"summary_large_image","twitter_site":"@zapateneo","twitter_misc":{"Tiempo de lectura":"2 minutos"},"schema":{"@context":"https:\/\/schema.org","@graph":[{"@type":"WebPage","@id":"https:\/\/zapateneo.net\/wordpress\/index.php\/producto\/armas-de-destruccion-matematica\/","url":"https:\/\/zapateneo.net\/wordpress\/index.php\/producto\/armas-de-destruccion-matematica\/","name":"Armas de destrucci\u00f3n matem\u00e1tica. &#8212; Zapateneo","isPartOf":{"@id":"https:\/\/zapateneo.net\/wordpress\/#website"},"primaryImageOfPage":{"@id":"https:\/\/zapateneo.net\/wordpress\/index.php\/producto\/armas-de-destruccion-matematica\/#primaryimage"},"image":{"@id":"https:\/\/zapateneo.net\/wordpress\/index.php\/producto\/armas-de-destruccion-matematica\/#primaryimage"},"thumbnailUrl":"https:\/\/zapateneo.net\/wordpress\/wp-content\/uploads\/2021\/09\/9788494740848.jpg","datePublished":"2021-09-15T19:34:54+00:00","dateModified":"2021-09-15T19:39:23+00:00","breadcrumb":{"@id":"https:\/\/zapateneo.net\/wordpress\/index.php\/producto\/armas-de-destruccion-matematica\/#breadcrumb"},"inLanguage":"es","potentialAction":[{"@type":"ReadAction","target":["https:\/\/zapateneo.net\/wordpress\/index.php\/producto\/armas-de-destruccion-matematica\/"]}]},{"@type":"ImageObject","inLanguage":"es","@id":"https:\/\/zapateneo.net\/wordpress\/index.php\/producto\/armas-de-destruccion-matematica\/#primaryimage","url":"https:\/\/zapateneo.net\/wordpress\/wp-content\/uploads\/2021\/09\/9788494740848.jpg","contentUrl":"https:\/\/zapateneo.net\/wordpress\/wp-content\/uploads\/2021\/09\/9788494740848.jpg","width":120,"height":187},{"@type":"BreadcrumbList","@id":"https:\/\/zapateneo.net\/wordpress\/index.php\/producto\/armas-de-destruccion-matematica\/#breadcrumb","itemListElement":[{"@type":"ListItem","position":1,"name":"Portada","item":"https:\/\/zapateneo.net\/wordpress\/"},{"@type":"ListItem","position":2,"name":"Tienda","item":"https:\/\/zapateneo.net\/wordpress\/"},{"@type":"ListItem","position":3,"name":"Armas de destrucci\u00f3n matem\u00e1tica."}]},{"@type":"WebSite","@id":"https:\/\/zapateneo.net\/wordpress\/#website","url":"https:\/\/zapateneo.net\/wordpress\/","name":"Zapateneo","description":"Zapateneoaren webgunea","publisher":{"@id":"https:\/\/zapateneo.net\/wordpress\/#organization"},"potentialAction":[{"@type":"SearchAction","target":{"@type":"EntryPoint","urlTemplate":"https:\/\/zapateneo.net\/wordpress\/?s={search_term_string}"},"query-input":{"@type":"PropertyValueSpecification","valueRequired":true,"valueName":"search_term_string"}}],"inLanguage":"es"},{"@type":"Organization","@id":"https:\/\/zapateneo.net\/wordpress\/#organization","name":"Zapateneo Kultur Elkartea","url":"https:\/\/zapateneo.net\/wordpress\/","logo":{"@type":"ImageObject","inLanguage":"es","@id":"https:\/\/zapateneo.net\/wordpress\/#\/schema\/logo\/image\/","url":"https:\/\/zapateneo.net\/wordpress\/wp-content\/uploads\/2021\/04\/zap-libu-kolec.jpg","contentUrl":"https:\/\/zapateneo.net\/wordpress\/wp-content\/uploads\/2021\/04\/zap-libu-kolec.jpg","width":2234,"height":398,"caption":"Zapateneo Kultur Elkartea"},"image":{"@id":"https:\/\/zapateneo.net\/wordpress\/#\/schema\/logo\/image\/"},"sameAs":["https:\/\/x.com\/zapateneo"]}]}},"_links":{"self":[{"href":"https:\/\/zapateneo.net\/wordpress\/index.php\/wp-json\/wp\/v2\/product\/8123","targetHints":{"allow":["GET"]}}],"collection":[{"href":"https:\/\/zapateneo.net\/wordpress\/index.php\/wp-json\/wp\/v2\/product"}],"about":[{"href":"https:\/\/zapateneo.net\/wordpress\/index.php\/wp-json\/wp\/v2\/types\/product"}],"wp:featuredmedia":[{"embeddable":true,"href":"https:\/\/zapateneo.net\/wordpress\/index.php\/wp-json\/wp\/v2\/media\/8171"}],"wp:attachment":[{"href":"https:\/\/zapateneo.net\/wordpress\/index.php\/wp-json\/wp\/v2\/media?parent=8123"}],"wp:term":[{"taxonomy":"product_brand","embeddable":true,"href":"https:\/\/zapateneo.net\/wordpress\/index.php\/wp-json\/wp\/v2\/product_brand?post=8123"},{"taxonomy":"product_cat","embeddable":true,"href":"https:\/\/zapateneo.net\/wordpress\/index.php\/wp-json\/wp\/v2\/product_cat?post=8123"},{"taxonomy":"product_tag","embeddable":true,"href":"https:\/\/zapateneo.net\/wordpress\/index.php\/wp-json\/wp\/v2\/product_tag?post=8123"}],"curies":[{"name":"wp","href":"https:\/\/api.w.org\/{rel}","templated":true}]}}