{"id":8115,"date":"2021-09-15T20:34:17","date_gmt":"2021-09-15T19:34:17","guid":{"rendered":"https:\/\/zapateneo.net\/wordpress\/?post_type=product&#038;p=8115"},"modified":"2021-09-15T20:38:27","modified_gmt":"2021-09-15T19:38:27","slug":"republicanismo-nacionalismo-y-populismo-como-formas-de-la-politi","status":"publish","type":"product","link":"https:\/\/zapateneo.net\/wordpress\/index.php\/producto\/republicanismo-nacionalismo-y-populismo-como-formas-de-la-politi\/","title":{"rendered":"Republicanismo, Nacionalismo y Populismo como formas de la pol\u00edti"},"content":{"rendered":"<p>Las sociedades democr\u00e1ticas, si quieren sobrevivir en medio de las luchas de futuro, ya no pueden ser descritas con el adjetivo de liberales. Si quieren proteger la libertad gen\u00e9rica, la libertad compartida, la libertad defendida en com\u00fan, deben poner en primer plano la libertad que da razones de su sentido. No se trata tanto de que sea una libertad com\u00fan, sino de que implique formas de gozar y de praxis justificadas en com\u00fan.<\/p>\n<p>La decisi\u00f3n por la democracia no implica la lucha por una homogeneidad que abre el camino regio a la victoria del mercado, sino m\u00e1s bien por la disposici\u00f3n de medios materiales para producir v\u00ednculos sociales compartidos. No vemos la necesidad de insistir en la continua producci\u00f3n de diferencias como forma fenom\u00e9nica de la libertad. Pensamos m\u00e1s bien en una libertad volcada a la producci\u00f3n de semejanzas entregadas al goce abierto de la m\u00edmesis en tanto praxis enraizada en deseos, afectos, sentimientos y experiencias. Libertad no quiere decir hacer lo que nadie hace, sino sencillamente tener el poder de hacer lo que otros.<\/p>\n<p>En este horizonte cobra significado la revisi\u00f3n de las grandes formas de la pol\u00edtica actual que hemos cifrado en el nacionalismo, el populismo y el republicanismo. Y las hemos escogido precisamente porque no tienen bases liberales. Cada una de esas formas parte de una ontolog\u00eda de la comunidad, aunque cada una la interprete de maneras diferentes en su traducci\u00f3n pol\u00edtica. Por supuesto, todas ellas afirman tambi\u00e9n la libertad, pero le ponen condiciones que conciernen a la constituci\u00f3n misma del grupo humano, cuyo seno brinda al singular las razones compartidas para actuar.<\/p>\n","protected":false},"excerpt":{"rendered":"<p><strong>Garrido, Anxo  Villaca\u00f1as. Berlanga, Jose Luis<\/strong><br \/>\n9788412123241 &#8211; Dado ediciones &#8211; 2021 &#8211; 562 p\u00e1ginas \/orri.<\/p>\n","protected":false},"featured_media":8163,"template":"","meta":[],"product_brand":[],"product_cat":[16,173],"product_tag":[4543,459,4542],"class_list":{"0":"post-8115","1":"product","2":"type-product","3":"status-publish","4":"has-post-thumbnail","6":"product_cat-libros","7":"product_cat-saiakera-ensayo","8":"product_tag-anxo-villacanas-berlanga","9":"product_tag-dado-ediciones","10":"product_tag-garrido","12":"first","13":"instock","14":"sold-individually","15":"shipping-taxable","16":"purchasable","17":"product-type-simple"},"yoast_head":"<!-- This site is optimized with the Yoast SEO plugin v27.3 - https:\/\/yoast.com\/product\/yoast-seo-wordpress\/ -->\n<title>Republicanismo, Nacionalismo y Populismo como formas de la pol\u00edti &#8212; Zapateneo<\/title>\n<meta name=\"robots\" content=\"index, follow, max-snippet:-1, max-image-preview:large, max-video-preview:-1\" \/>\n<link rel=\"canonical\" href=\"https:\/\/zapateneo.net\/wordpress\/index.php\/producto\/republicanismo-nacionalismo-y-populismo-como-formas-de-la-politi\/\" \/>\n<meta property=\"og:locale\" content=\"es_ES\" \/>\n<meta property=\"og:type\" content=\"article\" \/>\n<meta property=\"og:title\" content=\"Republicanismo, Nacionalismo y Populismo como formas de la pol\u00edti &#8212; Zapateneo\" \/>\n<meta property=\"og:description\" content=\"Garrido, Anxo Villaca\u00f1as. Berlanga, Jose Luis 9788412123241 - Dado ediciones - 2021 - 562 p\u00e1ginas \/orri.\" \/>\n<meta property=\"og:url\" content=\"https:\/\/zapateneo.net\/wordpress\/index.php\/producto\/republicanismo-nacionalismo-y-populismo-como-formas-de-la-politi\/\" \/>\n<meta property=\"og:site_name\" content=\"Zapateneo\" \/>\n<meta property=\"article:modified_time\" content=\"2021-09-15T19:38:27+00:00\" \/>\n<meta property=\"og:image\" content=\"https:\/\/zapateneo.net\/wordpress\/wp-content\/uploads\/2021\/09\/republicanismo.jpg\" \/>\n\t<meta property=\"og:image:width\" content=\"285\" \/>\n\t<meta property=\"og:image:height\" content=\"400\" \/>\n\t<meta property=\"og:image:type\" content=\"image\/jpeg\" \/>\n<meta name=\"twitter:card\" content=\"summary_large_image\" \/>\n<meta name=\"twitter:site\" content=\"@zapateneo\" \/>\n<meta name=\"twitter:label1\" content=\"Tiempo de lectura\" \/>\n\t<meta name=\"twitter:data1\" content=\"1 minuto\" \/>\n<script type=\"application\/ld+json\" class=\"yoast-schema-graph\">{\"@context\":\"https:\\\/\\\/schema.org\",\"@graph\":[{\"@type\":\"WebPage\",\"@id\":\"https:\\\/\\\/zapateneo.net\\\/wordpress\\\/index.php\\\/producto\\\/republicanismo-nacionalismo-y-populismo-como-formas-de-la-politi\\\/\",\"url\":\"https:\\\/\\\/zapateneo.net\\\/wordpress\\\/index.php\\\/producto\\\/republicanismo-nacionalismo-y-populismo-como-formas-de-la-politi\\\/\",\"name\":\"Republicanismo, Nacionalismo y Populismo como formas de la pol\u00edti &#8212; Zapateneo\",\"isPartOf\":{\"@id\":\"https:\\\/\\\/zapateneo.net\\\/wordpress\\\/#website\"},\"primaryImageOfPage\":{\"@id\":\"https:\\\/\\\/zapateneo.net\\\/wordpress\\\/index.php\\\/producto\\\/republicanismo-nacionalismo-y-populismo-como-formas-de-la-politi\\\/#primaryimage\"},\"image\":{\"@id\":\"https:\\\/\\\/zapateneo.net\\\/wordpress\\\/index.php\\\/producto\\\/republicanismo-nacionalismo-y-populismo-como-formas-de-la-politi\\\/#primaryimage\"},\"thumbnailUrl\":\"https:\\\/\\\/zapateneo.net\\\/wordpress\\\/wp-content\\\/uploads\\\/2021\\\/09\\\/republicanismo.jpg\",\"datePublished\":\"2021-09-15T19:34:17+00:00\",\"dateModified\":\"2021-09-15T19:38:27+00:00\",\"breadcrumb\":{\"@id\":\"https:\\\/\\\/zapateneo.net\\\/wordpress\\\/index.php\\\/producto\\\/republicanismo-nacionalismo-y-populismo-como-formas-de-la-politi\\\/#breadcrumb\"},\"inLanguage\":\"es\",\"potentialAction\":[{\"@type\":\"ReadAction\",\"target\":[\"https:\\\/\\\/zapateneo.net\\\/wordpress\\\/index.php\\\/producto\\\/republicanismo-nacionalismo-y-populismo-como-formas-de-la-politi\\\/\"]}]},{\"@type\":\"ImageObject\",\"inLanguage\":\"es\",\"@id\":\"https:\\\/\\\/zapateneo.net\\\/wordpress\\\/index.php\\\/producto\\\/republicanismo-nacionalismo-y-populismo-como-formas-de-la-politi\\\/#primaryimage\",\"url\":\"https:\\\/\\\/zapateneo.net\\\/wordpress\\\/wp-content\\\/uploads\\\/2021\\\/09\\\/republicanismo.jpg\",\"contentUrl\":\"https:\\\/\\\/zapateneo.net\\\/wordpress\\\/wp-content\\\/uploads\\\/2021\\\/09\\\/republicanismo.jpg\",\"width\":285,\"height\":400},{\"@type\":\"BreadcrumbList\",\"@id\":\"https:\\\/\\\/zapateneo.net\\\/wordpress\\\/index.php\\\/producto\\\/republicanismo-nacionalismo-y-populismo-como-formas-de-la-politi\\\/#breadcrumb\",\"itemListElement\":[{\"@type\":\"ListItem\",\"position\":1,\"name\":\"Portada\",\"item\":\"https:\\\/\\\/zapateneo.net\\\/wordpress\\\/\"},{\"@type\":\"ListItem\",\"position\":2,\"name\":\"Tienda\",\"item\":\"https:\\\/\\\/zapateneo.net\\\/wordpress\\\/\"},{\"@type\":\"ListItem\",\"position\":3,\"name\":\"Republicanismo, Nacionalismo y Populismo como formas de la pol\u00edti\"}]},{\"@type\":\"WebSite\",\"@id\":\"https:\\\/\\\/zapateneo.net\\\/wordpress\\\/#website\",\"url\":\"https:\\\/\\\/zapateneo.net\\\/wordpress\\\/\",\"name\":\"Zapateneo\",\"description\":\"Zapateneoaren webgunea\",\"publisher\":{\"@id\":\"https:\\\/\\\/zapateneo.net\\\/wordpress\\\/#organization\"},\"potentialAction\":[{\"@type\":\"SearchAction\",\"target\":{\"@type\":\"EntryPoint\",\"urlTemplate\":\"https:\\\/\\\/zapateneo.net\\\/wordpress\\\/?s={search_term_string}\"},\"query-input\":{\"@type\":\"PropertyValueSpecification\",\"valueRequired\":true,\"valueName\":\"search_term_string\"}}],\"inLanguage\":\"es\"},{\"@type\":\"Organization\",\"@id\":\"https:\\\/\\\/zapateneo.net\\\/wordpress\\\/#organization\",\"name\":\"Zapateneo Kultur Elkartea\",\"url\":\"https:\\\/\\\/zapateneo.net\\\/wordpress\\\/\",\"logo\":{\"@type\":\"ImageObject\",\"inLanguage\":\"es\",\"@id\":\"https:\\\/\\\/zapateneo.net\\\/wordpress\\\/#\\\/schema\\\/logo\\\/image\\\/\",\"url\":\"https:\\\/\\\/zapateneo.net\\\/wordpress\\\/wp-content\\\/uploads\\\/2021\\\/04\\\/zap-libu-kolec.jpg\",\"contentUrl\":\"https:\\\/\\\/zapateneo.net\\\/wordpress\\\/wp-content\\\/uploads\\\/2021\\\/04\\\/zap-libu-kolec.jpg\",\"width\":2234,\"height\":398,\"caption\":\"Zapateneo Kultur Elkartea\"},\"image\":{\"@id\":\"https:\\\/\\\/zapateneo.net\\\/wordpress\\\/#\\\/schema\\\/logo\\\/image\\\/\"},\"sameAs\":[\"https:\\\/\\\/x.com\\\/zapateneo\"]}]}<\/script>\n<!-- \/ Yoast SEO plugin. -->","yoast_head_json":{"title":"Republicanismo, Nacionalismo y Populismo como formas de la pol\u00edti &#8212; Zapateneo","robots":{"index":"index","follow":"follow","max-snippet":"max-snippet:-1","max-image-preview":"max-image-preview:large","max-video-preview":"max-video-preview:-1"},"canonical":"https:\/\/zapateneo.net\/wordpress\/index.php\/producto\/republicanismo-nacionalismo-y-populismo-como-formas-de-la-politi\/","og_locale":"es_ES","og_type":"article","og_title":"Republicanismo, Nacionalismo y Populismo como formas de la pol\u00edti &#8212; Zapateneo","og_description":"Garrido, Anxo Villaca\u00f1as. Berlanga, Jose Luis 9788412123241 - Dado ediciones - 2021 - 562 p\u00e1ginas \/orri.","og_url":"https:\/\/zapateneo.net\/wordpress\/index.php\/producto\/republicanismo-nacionalismo-y-populismo-como-formas-de-la-politi\/","og_site_name":"Zapateneo","article_modified_time":"2021-09-15T19:38:27+00:00","og_image":[{"width":285,"height":400,"url":"https:\/\/zapateneo.net\/wordpress\/wp-content\/uploads\/2021\/09\/republicanismo.jpg","type":"image\/jpeg"}],"twitter_card":"summary_large_image","twitter_site":"@zapateneo","twitter_misc":{"Tiempo de lectura":"1 minuto"},"schema":{"@context":"https:\/\/schema.org","@graph":[{"@type":"WebPage","@id":"https:\/\/zapateneo.net\/wordpress\/index.php\/producto\/republicanismo-nacionalismo-y-populismo-como-formas-de-la-politi\/","url":"https:\/\/zapateneo.net\/wordpress\/index.php\/producto\/republicanismo-nacionalismo-y-populismo-como-formas-de-la-politi\/","name":"Republicanismo, Nacionalismo y Populismo como formas de la pol\u00edti &#8212; Zapateneo","isPartOf":{"@id":"https:\/\/zapateneo.net\/wordpress\/#website"},"primaryImageOfPage":{"@id":"https:\/\/zapateneo.net\/wordpress\/index.php\/producto\/republicanismo-nacionalismo-y-populismo-como-formas-de-la-politi\/#primaryimage"},"image":{"@id":"https:\/\/zapateneo.net\/wordpress\/index.php\/producto\/republicanismo-nacionalismo-y-populismo-como-formas-de-la-politi\/#primaryimage"},"thumbnailUrl":"https:\/\/zapateneo.net\/wordpress\/wp-content\/uploads\/2021\/09\/republicanismo.jpg","datePublished":"2021-09-15T19:34:17+00:00","dateModified":"2021-09-15T19:38:27+00:00","breadcrumb":{"@id":"https:\/\/zapateneo.net\/wordpress\/index.php\/producto\/republicanismo-nacionalismo-y-populismo-como-formas-de-la-politi\/#breadcrumb"},"inLanguage":"es","potentialAction":[{"@type":"ReadAction","target":["https:\/\/zapateneo.net\/wordpress\/index.php\/producto\/republicanismo-nacionalismo-y-populismo-como-formas-de-la-politi\/"]}]},{"@type":"ImageObject","inLanguage":"es","@id":"https:\/\/zapateneo.net\/wordpress\/index.php\/producto\/republicanismo-nacionalismo-y-populismo-como-formas-de-la-politi\/#primaryimage","url":"https:\/\/zapateneo.net\/wordpress\/wp-content\/uploads\/2021\/09\/republicanismo.jpg","contentUrl":"https:\/\/zapateneo.net\/wordpress\/wp-content\/uploads\/2021\/09\/republicanismo.jpg","width":285,"height":400},{"@type":"BreadcrumbList","@id":"https:\/\/zapateneo.net\/wordpress\/index.php\/producto\/republicanismo-nacionalismo-y-populismo-como-formas-de-la-politi\/#breadcrumb","itemListElement":[{"@type":"ListItem","position":1,"name":"Portada","item":"https:\/\/zapateneo.net\/wordpress\/"},{"@type":"ListItem","position":2,"name":"Tienda","item":"https:\/\/zapateneo.net\/wordpress\/"},{"@type":"ListItem","position":3,"name":"Republicanismo, Nacionalismo y Populismo como formas de la pol\u00edti"}]},{"@type":"WebSite","@id":"https:\/\/zapateneo.net\/wordpress\/#website","url":"https:\/\/zapateneo.net\/wordpress\/","name":"Zapateneo","description":"Zapateneoaren webgunea","publisher":{"@id":"https:\/\/zapateneo.net\/wordpress\/#organization"},"potentialAction":[{"@type":"SearchAction","target":{"@type":"EntryPoint","urlTemplate":"https:\/\/zapateneo.net\/wordpress\/?s={search_term_string}"},"query-input":{"@type":"PropertyValueSpecification","valueRequired":true,"valueName":"search_term_string"}}],"inLanguage":"es"},{"@type":"Organization","@id":"https:\/\/zapateneo.net\/wordpress\/#organization","name":"Zapateneo Kultur Elkartea","url":"https:\/\/zapateneo.net\/wordpress\/","logo":{"@type":"ImageObject","inLanguage":"es","@id":"https:\/\/zapateneo.net\/wordpress\/#\/schema\/logo\/image\/","url":"https:\/\/zapateneo.net\/wordpress\/wp-content\/uploads\/2021\/04\/zap-libu-kolec.jpg","contentUrl":"https:\/\/zapateneo.net\/wordpress\/wp-content\/uploads\/2021\/04\/zap-libu-kolec.jpg","width":2234,"height":398,"caption":"Zapateneo Kultur Elkartea"},"image":{"@id":"https:\/\/zapateneo.net\/wordpress\/#\/schema\/logo\/image\/"},"sameAs":["https:\/\/x.com\/zapateneo"]}]}},"_links":{"self":[{"href":"https:\/\/zapateneo.net\/wordpress\/index.php\/wp-json\/wp\/v2\/product\/8115","targetHints":{"allow":["GET"]}}],"collection":[{"href":"https:\/\/zapateneo.net\/wordpress\/index.php\/wp-json\/wp\/v2\/product"}],"about":[{"href":"https:\/\/zapateneo.net\/wordpress\/index.php\/wp-json\/wp\/v2\/types\/product"}],"wp:featuredmedia":[{"embeddable":true,"href":"https:\/\/zapateneo.net\/wordpress\/index.php\/wp-json\/wp\/v2\/media\/8163"}],"wp:attachment":[{"href":"https:\/\/zapateneo.net\/wordpress\/index.php\/wp-json\/wp\/v2\/media?parent=8115"}],"wp:term":[{"taxonomy":"product_brand","embeddable":true,"href":"https:\/\/zapateneo.net\/wordpress\/index.php\/wp-json\/wp\/v2\/product_brand?post=8115"},{"taxonomy":"product_cat","embeddable":true,"href":"https:\/\/zapateneo.net\/wordpress\/index.php\/wp-json\/wp\/v2\/product_cat?post=8115"},{"taxonomy":"product_tag","embeddable":true,"href":"https:\/\/zapateneo.net\/wordpress\/index.php\/wp-json\/wp\/v2\/product_tag?post=8115"}],"curies":[{"name":"wp","href":"https:\/\/api.w.org\/{rel}","templated":true}]}}