{"id":8114,"date":"2021-09-15T20:34:14","date_gmt":"2021-09-15T19:34:14","guid":{"rendered":"https:\/\/zapateneo.net\/wordpress\/?post_type=product&#038;p=8114"},"modified":"2023-04-11T16:01:45","modified_gmt":"2023-04-11T15:01:45","slug":"la-vida-en-la-tierra-reflexiones-sobre-el-poco-porvenir-de-estos-tiempos","status":"publish","type":"product","link":"https:\/\/zapateneo.net\/wordpress\/index.php\/producto\/la-vida-en-la-tierra-reflexiones-sobre-el-poco-porvenir-de-estos-tiempos\/","title":{"rendered":"La vida en la tierra. Reflexiones sobre el poco porvenir de estos tiempos"},"content":{"rendered":"<p>Escrito a finales de los 90, La vida en la tierra es una denuncia de la vida contempor\u00e1nea high-tech, un inventario de la barbarie industrial de la sociedad en que vivimos. Definido como una \u00abbomba filos\u00f3fica\u00bb, Bodinat nos muestra en una lengua elegante y sutil el poco porvenir que contienen los tiempos modernos.<\/p>\n<p>\u00abCada ma\u00f1ana reco\u00adbramos la conciencia en un mundo un poco m\u00e1s angosto y vi\u00adciado que el d\u00eda anterior: los horizontes se estrechan y senti\u00admos que su confusi\u00f3n se cierra sobre nosotros; la b\u00f3veda del cielo est\u00e1 un poco m\u00e1s solidificada de \u00f3xido de carbono, de co\u00adrredores a\u00e9reos, de ondas hertzianas. Cada ma\u00f1ana, al abrir la ventana nos encontramos con que el mundo sigue repleto de comercios gi\u00adgantescos con sus parkings, de salidas de autopista, de bancos de datos, de residuos dom\u00e9sticos imputrescibles; un poco m\u00e1s abarrotado de c\u00e1maras de seguridad, de cajeros autom\u00e1ticos que nos tutean, de canales de televisi\u00f3n especializa\u00addos, de fungicidas mut\u00e1genos, de metales pesados, de herpes, de c\u00e1nceres de mama, de hemorragias intestinales; cada ma\u00f1ana resucitamos a un mundo manchado de fuel que se queda sin \u00e1r\u00adboles y se reseca, en el que a la naturaleza decr\u00e9pita y en ruinas se le extrav\u00edan los tifones por las zonas templadas, en el que los vuelos ch\u00e1rter del turismo de masas hacen a\u00f1icos el ozono de la estratosfera, en el que los arrastreros informatizados se disputan entre los pl\u00e1sticos y todas las mierdas flotantes del futuro moderno hecho realidad los \u00faltimos atunes rojos locali\u00adzados v\u00eda sat\u00e9lite. Cada ma\u00f1ana nos despertamos en un mundo que la mayor\u00eda no ha conocido m\u00e1s que por estos d\u00edas sin leja\u00adn\u00edas, sin espacio terrestre por delante y por muchos a\u00f1os y en el que nada hay inscrito todav\u00eda\u00bb.<\/p>\n","protected":false},"excerpt":{"rendered":"<p><strong>Baudouin de Bodinat<\/strong><br \/>\n978-84-120322-8-4 &#8211; Pepitas &#038; El Salm\u00f3n &#8211; 2020 &#8211; 215 p\u00e1ginas \/orri.<\/p>\n","protected":false},"featured_media":8162,"template":"","meta":[],"product_brand":[],"product_cat":[16,173],"product_tag":[4541,443,47],"class_list":{"0":"post-8114","1":"product","2":"type-product","3":"status-publish","4":"has-post-thumbnail","6":"product_cat-libros","7":"product_cat-saiakera-ensayo","8":"product_tag-baudouin-de-bodinat","9":"product_tag-ediciones-el-salmon","10":"product_tag-pepitas-de-calabaza","12":"first","13":"instock","14":"sold-individually","15":"shipping-taxable","16":"purchasable","17":"product-type-simple"},"yoast_head":"<!-- This site is optimized with the Yoast SEO plugin v27.3 - https:\/\/yoast.com\/product\/yoast-seo-wordpress\/ -->\n<title>La vida en la tierra. Reflexiones sobre el poco porvenir de estos tiempos &#8212; Zapateneo<\/title>\n<meta name=\"robots\" content=\"index, follow, max-snippet:-1, max-image-preview:large, max-video-preview:-1\" \/>\n<link rel=\"canonical\" href=\"https:\/\/zapateneo.net\/wordpress\/index.php\/producto\/la-vida-en-la-tierra-reflexiones-sobre-el-poco-porvenir-de-estos-tiempos\/\" \/>\n<meta property=\"og:locale\" content=\"es_ES\" \/>\n<meta property=\"og:type\" content=\"article\" \/>\n<meta property=\"og:title\" content=\"La vida en la tierra. Reflexiones sobre el poco porvenir de estos tiempos &#8212; Zapateneo\" \/>\n<meta property=\"og:description\" content=\"Baudouin de Bodinat 978-84-120322-8-4 - Pepitas &amp; El Salm\u00f3n - 2020 - 215 p\u00e1ginas \/orri.\" \/>\n<meta property=\"og:url\" content=\"https:\/\/zapateneo.net\/wordpress\/index.php\/producto\/la-vida-en-la-tierra-reflexiones-sobre-el-poco-porvenir-de-estos-tiempos\/\" \/>\n<meta property=\"og:site_name\" content=\"Zapateneo\" \/>\n<meta property=\"article:modified_time\" content=\"2023-04-11T15:01:45+00:00\" \/>\n<meta property=\"og:image\" content=\"https:\/\/zapateneo.net\/wordpress\/wp-content\/uploads\/2021\/09\/la_vida_en-la-tierra-01-652x1024-1.jpg\" \/>\n\t<meta property=\"og:image:width\" content=\"254\" \/>\n\t<meta property=\"og:image:height\" content=\"400\" \/>\n\t<meta property=\"og:image:type\" content=\"image\/jpeg\" \/>\n<meta name=\"twitter:card\" content=\"summary_large_image\" \/>\n<meta name=\"twitter:site\" content=\"@zapateneo\" \/>\n<meta name=\"twitter:label1\" content=\"Tiempo de lectura\" \/>\n\t<meta name=\"twitter:data1\" content=\"2 minutos\" \/>\n<script type=\"application\/ld+json\" class=\"yoast-schema-graph\">{\"@context\":\"https:\\\/\\\/schema.org\",\"@graph\":[{\"@type\":\"WebPage\",\"@id\":\"https:\\\/\\\/zapateneo.net\\\/wordpress\\\/index.php\\\/producto\\\/la-vida-en-la-tierra-reflexiones-sobre-el-poco-porvenir-de-estos-tiempos\\\/\",\"url\":\"https:\\\/\\\/zapateneo.net\\\/wordpress\\\/index.php\\\/producto\\\/la-vida-en-la-tierra-reflexiones-sobre-el-poco-porvenir-de-estos-tiempos\\\/\",\"name\":\"La vida en la tierra. Reflexiones sobre el poco porvenir de estos tiempos &#8212; Zapateneo\",\"isPartOf\":{\"@id\":\"https:\\\/\\\/zapateneo.net\\\/wordpress\\\/#website\"},\"primaryImageOfPage\":{\"@id\":\"https:\\\/\\\/zapateneo.net\\\/wordpress\\\/index.php\\\/producto\\\/la-vida-en-la-tierra-reflexiones-sobre-el-poco-porvenir-de-estos-tiempos\\\/#primaryimage\"},\"image\":{\"@id\":\"https:\\\/\\\/zapateneo.net\\\/wordpress\\\/index.php\\\/producto\\\/la-vida-en-la-tierra-reflexiones-sobre-el-poco-porvenir-de-estos-tiempos\\\/#primaryimage\"},\"thumbnailUrl\":\"https:\\\/\\\/zapateneo.net\\\/wordpress\\\/wp-content\\\/uploads\\\/2021\\\/09\\\/la_vida_en-la-tierra-01-652x1024-1.jpg\",\"datePublished\":\"2021-09-15T19:34:14+00:00\",\"dateModified\":\"2023-04-11T15:01:45+00:00\",\"breadcrumb\":{\"@id\":\"https:\\\/\\\/zapateneo.net\\\/wordpress\\\/index.php\\\/producto\\\/la-vida-en-la-tierra-reflexiones-sobre-el-poco-porvenir-de-estos-tiempos\\\/#breadcrumb\"},\"inLanguage\":\"es\",\"potentialAction\":[{\"@type\":\"ReadAction\",\"target\":[\"https:\\\/\\\/zapateneo.net\\\/wordpress\\\/index.php\\\/producto\\\/la-vida-en-la-tierra-reflexiones-sobre-el-poco-porvenir-de-estos-tiempos\\\/\"]}]},{\"@type\":\"ImageObject\",\"inLanguage\":\"es\",\"@id\":\"https:\\\/\\\/zapateneo.net\\\/wordpress\\\/index.php\\\/producto\\\/la-vida-en-la-tierra-reflexiones-sobre-el-poco-porvenir-de-estos-tiempos\\\/#primaryimage\",\"url\":\"https:\\\/\\\/zapateneo.net\\\/wordpress\\\/wp-content\\\/uploads\\\/2021\\\/09\\\/la_vida_en-la-tierra-01-652x1024-1.jpg\",\"contentUrl\":\"https:\\\/\\\/zapateneo.net\\\/wordpress\\\/wp-content\\\/uploads\\\/2021\\\/09\\\/la_vida_en-la-tierra-01-652x1024-1.jpg\",\"width\":254,\"height\":400},{\"@type\":\"BreadcrumbList\",\"@id\":\"https:\\\/\\\/zapateneo.net\\\/wordpress\\\/index.php\\\/producto\\\/la-vida-en-la-tierra-reflexiones-sobre-el-poco-porvenir-de-estos-tiempos\\\/#breadcrumb\",\"itemListElement\":[{\"@type\":\"ListItem\",\"position\":1,\"name\":\"Portada\",\"item\":\"https:\\\/\\\/zapateneo.net\\\/wordpress\\\/\"},{\"@type\":\"ListItem\",\"position\":2,\"name\":\"Tienda\",\"item\":\"https:\\\/\\\/zapateneo.net\\\/wordpress\\\/\"},{\"@type\":\"ListItem\",\"position\":3,\"name\":\"La vida en la tierra. Reflexiones sobre el poco porvenir de estos tiempos\"}]},{\"@type\":\"WebSite\",\"@id\":\"https:\\\/\\\/zapateneo.net\\\/wordpress\\\/#website\",\"url\":\"https:\\\/\\\/zapateneo.net\\\/wordpress\\\/\",\"name\":\"Zapateneo\",\"description\":\"Zapateneoaren webgunea\",\"publisher\":{\"@id\":\"https:\\\/\\\/zapateneo.net\\\/wordpress\\\/#organization\"},\"potentialAction\":[{\"@type\":\"SearchAction\",\"target\":{\"@type\":\"EntryPoint\",\"urlTemplate\":\"https:\\\/\\\/zapateneo.net\\\/wordpress\\\/?s={search_term_string}\"},\"query-input\":{\"@type\":\"PropertyValueSpecification\",\"valueRequired\":true,\"valueName\":\"search_term_string\"}}],\"inLanguage\":\"es\"},{\"@type\":\"Organization\",\"@id\":\"https:\\\/\\\/zapateneo.net\\\/wordpress\\\/#organization\",\"name\":\"Zapateneo Kultur Elkartea\",\"url\":\"https:\\\/\\\/zapateneo.net\\\/wordpress\\\/\",\"logo\":{\"@type\":\"ImageObject\",\"inLanguage\":\"es\",\"@id\":\"https:\\\/\\\/zapateneo.net\\\/wordpress\\\/#\\\/schema\\\/logo\\\/image\\\/\",\"url\":\"https:\\\/\\\/zapateneo.net\\\/wordpress\\\/wp-content\\\/uploads\\\/2021\\\/04\\\/zap-libu-kolec.jpg\",\"contentUrl\":\"https:\\\/\\\/zapateneo.net\\\/wordpress\\\/wp-content\\\/uploads\\\/2021\\\/04\\\/zap-libu-kolec.jpg\",\"width\":2234,\"height\":398,\"caption\":\"Zapateneo Kultur Elkartea\"},\"image\":{\"@id\":\"https:\\\/\\\/zapateneo.net\\\/wordpress\\\/#\\\/schema\\\/logo\\\/image\\\/\"},\"sameAs\":[\"https:\\\/\\\/x.com\\\/zapateneo\"]}]}<\/script>\n<!-- \/ Yoast SEO plugin. -->","yoast_head_json":{"title":"La vida en la tierra. Reflexiones sobre el poco porvenir de estos tiempos &#8212; Zapateneo","robots":{"index":"index","follow":"follow","max-snippet":"max-snippet:-1","max-image-preview":"max-image-preview:large","max-video-preview":"max-video-preview:-1"},"canonical":"https:\/\/zapateneo.net\/wordpress\/index.php\/producto\/la-vida-en-la-tierra-reflexiones-sobre-el-poco-porvenir-de-estos-tiempos\/","og_locale":"es_ES","og_type":"article","og_title":"La vida en la tierra. Reflexiones sobre el poco porvenir de estos tiempos &#8212; Zapateneo","og_description":"Baudouin de Bodinat 978-84-120322-8-4 - Pepitas & El Salm\u00f3n - 2020 - 215 p\u00e1ginas \/orri.","og_url":"https:\/\/zapateneo.net\/wordpress\/index.php\/producto\/la-vida-en-la-tierra-reflexiones-sobre-el-poco-porvenir-de-estos-tiempos\/","og_site_name":"Zapateneo","article_modified_time":"2023-04-11T15:01:45+00:00","og_image":[{"width":254,"height":400,"url":"https:\/\/zapateneo.net\/wordpress\/wp-content\/uploads\/2021\/09\/la_vida_en-la-tierra-01-652x1024-1.jpg","type":"image\/jpeg"}],"twitter_card":"summary_large_image","twitter_site":"@zapateneo","twitter_misc":{"Tiempo de lectura":"2 minutos"},"schema":{"@context":"https:\/\/schema.org","@graph":[{"@type":"WebPage","@id":"https:\/\/zapateneo.net\/wordpress\/index.php\/producto\/la-vida-en-la-tierra-reflexiones-sobre-el-poco-porvenir-de-estos-tiempos\/","url":"https:\/\/zapateneo.net\/wordpress\/index.php\/producto\/la-vida-en-la-tierra-reflexiones-sobre-el-poco-porvenir-de-estos-tiempos\/","name":"La vida en la tierra. Reflexiones sobre el poco porvenir de estos tiempos &#8212; Zapateneo","isPartOf":{"@id":"https:\/\/zapateneo.net\/wordpress\/#website"},"primaryImageOfPage":{"@id":"https:\/\/zapateneo.net\/wordpress\/index.php\/producto\/la-vida-en-la-tierra-reflexiones-sobre-el-poco-porvenir-de-estos-tiempos\/#primaryimage"},"image":{"@id":"https:\/\/zapateneo.net\/wordpress\/index.php\/producto\/la-vida-en-la-tierra-reflexiones-sobre-el-poco-porvenir-de-estos-tiempos\/#primaryimage"},"thumbnailUrl":"https:\/\/zapateneo.net\/wordpress\/wp-content\/uploads\/2021\/09\/la_vida_en-la-tierra-01-652x1024-1.jpg","datePublished":"2021-09-15T19:34:14+00:00","dateModified":"2023-04-11T15:01:45+00:00","breadcrumb":{"@id":"https:\/\/zapateneo.net\/wordpress\/index.php\/producto\/la-vida-en-la-tierra-reflexiones-sobre-el-poco-porvenir-de-estos-tiempos\/#breadcrumb"},"inLanguage":"es","potentialAction":[{"@type":"ReadAction","target":["https:\/\/zapateneo.net\/wordpress\/index.php\/producto\/la-vida-en-la-tierra-reflexiones-sobre-el-poco-porvenir-de-estos-tiempos\/"]}]},{"@type":"ImageObject","inLanguage":"es","@id":"https:\/\/zapateneo.net\/wordpress\/index.php\/producto\/la-vida-en-la-tierra-reflexiones-sobre-el-poco-porvenir-de-estos-tiempos\/#primaryimage","url":"https:\/\/zapateneo.net\/wordpress\/wp-content\/uploads\/2021\/09\/la_vida_en-la-tierra-01-652x1024-1.jpg","contentUrl":"https:\/\/zapateneo.net\/wordpress\/wp-content\/uploads\/2021\/09\/la_vida_en-la-tierra-01-652x1024-1.jpg","width":254,"height":400},{"@type":"BreadcrumbList","@id":"https:\/\/zapateneo.net\/wordpress\/index.php\/producto\/la-vida-en-la-tierra-reflexiones-sobre-el-poco-porvenir-de-estos-tiempos\/#breadcrumb","itemListElement":[{"@type":"ListItem","position":1,"name":"Portada","item":"https:\/\/zapateneo.net\/wordpress\/"},{"@type":"ListItem","position":2,"name":"Tienda","item":"https:\/\/zapateneo.net\/wordpress\/"},{"@type":"ListItem","position":3,"name":"La vida en la tierra. Reflexiones sobre el poco porvenir de estos tiempos"}]},{"@type":"WebSite","@id":"https:\/\/zapateneo.net\/wordpress\/#website","url":"https:\/\/zapateneo.net\/wordpress\/","name":"Zapateneo","description":"Zapateneoaren webgunea","publisher":{"@id":"https:\/\/zapateneo.net\/wordpress\/#organization"},"potentialAction":[{"@type":"SearchAction","target":{"@type":"EntryPoint","urlTemplate":"https:\/\/zapateneo.net\/wordpress\/?s={search_term_string}"},"query-input":{"@type":"PropertyValueSpecification","valueRequired":true,"valueName":"search_term_string"}}],"inLanguage":"es"},{"@type":"Organization","@id":"https:\/\/zapateneo.net\/wordpress\/#organization","name":"Zapateneo Kultur Elkartea","url":"https:\/\/zapateneo.net\/wordpress\/","logo":{"@type":"ImageObject","inLanguage":"es","@id":"https:\/\/zapateneo.net\/wordpress\/#\/schema\/logo\/image\/","url":"https:\/\/zapateneo.net\/wordpress\/wp-content\/uploads\/2021\/04\/zap-libu-kolec.jpg","contentUrl":"https:\/\/zapateneo.net\/wordpress\/wp-content\/uploads\/2021\/04\/zap-libu-kolec.jpg","width":2234,"height":398,"caption":"Zapateneo Kultur Elkartea"},"image":{"@id":"https:\/\/zapateneo.net\/wordpress\/#\/schema\/logo\/image\/"},"sameAs":["https:\/\/x.com\/zapateneo"]}]}},"_links":{"self":[{"href":"https:\/\/zapateneo.net\/wordpress\/index.php\/wp-json\/wp\/v2\/product\/8114","targetHints":{"allow":["GET"]}}],"collection":[{"href":"https:\/\/zapateneo.net\/wordpress\/index.php\/wp-json\/wp\/v2\/product"}],"about":[{"href":"https:\/\/zapateneo.net\/wordpress\/index.php\/wp-json\/wp\/v2\/types\/product"}],"wp:featuredmedia":[{"embeddable":true,"href":"https:\/\/zapateneo.net\/wordpress\/index.php\/wp-json\/wp\/v2\/media\/8162"}],"wp:attachment":[{"href":"https:\/\/zapateneo.net\/wordpress\/index.php\/wp-json\/wp\/v2\/media?parent=8114"}],"wp:term":[{"taxonomy":"product_brand","embeddable":true,"href":"https:\/\/zapateneo.net\/wordpress\/index.php\/wp-json\/wp\/v2\/product_brand?post=8114"},{"taxonomy":"product_cat","embeddable":true,"href":"https:\/\/zapateneo.net\/wordpress\/index.php\/wp-json\/wp\/v2\/product_cat?post=8114"},{"taxonomy":"product_tag","embeddable":true,"href":"https:\/\/zapateneo.net\/wordpress\/index.php\/wp-json\/wp\/v2\/product_tag?post=8114"}],"curies":[{"name":"wp","href":"https:\/\/api.w.org\/{rel}","templated":true}]}}