{"id":8098,"date":"2021-09-15T20:32:54","date_gmt":"2021-09-15T19:32:54","guid":{"rendered":"https:\/\/zapateneo.net\/wordpress\/?post_type=product&#038;p=8098"},"modified":"2021-09-15T20:36:58","modified_gmt":"2021-09-15T19:36:58","slug":"saqueadores-de-espuma-la-ciudad-y-sus-grietas","status":"publish","type":"product","link":"https:\/\/zapateneo.net\/wordpress\/index.php\/producto\/saqueadores-de-espuma-la-ciudad-y-sus-grietas\/","title":{"rendered":"Saqueadores de espuma. La ciudad y sus grietas"},"content":{"rendered":"<p>La nueva ciudad carece no s\u00f3lo de capas sucesivas de acontecimientos sedimentados a lo largo del tiempo capaces de animar a sus moradores; se halla igualmente desprovista de miradas que puedan vivirla, pues el capital humano disponible para construir el devenir hist\u00f3rico de tal distop\u00eda es una mir\u00edada de seres indiferentes al descalabro de la ciudad hist\u00f3rica. Inmersos en un delirio as\u00e9ptico, cobijados y guarecidos de los peligros de la vida en sus coches y casas, aislados e inmovilizados ante el teclado y la pantalla, \u00bfpueden los incidentes desfallecidos de sus vidas dejar alguna huella en las piedras de la ciudad? <\/p>\n<p>Si la ciudad se ha forjado con las alegr\u00edas y tragedias de quienes la habitan, si ha sido caja de resonancia donde reverbera el eco de lo humano y su heterog\u00e9nea historia, adentrarse en la ciudad de la mercanc\u00eda es encarar una realidad opuesta. A un espacio adocenado corresponde una experiencia anestesiada: el aire de la ciudad ya no nos hace libres. Muy al contrario, la sociedad tecnol\u00f3gica que conecta desde el aislamiento origina desarraigo y disgregaci\u00f3n social, o bien una cohesi\u00f3n perversa que se vale de la mercanc\u00eda a cuyo falso calor nos congregamos. Consecuencia de todo ello es que la tensi\u00f3n, el p\u00e1lpito y la sensualidad de la vida social pierdan fuerza y se aminore el riesgo del encuentro, el desaf\u00edo de la mirada directa, el roce del juego en la calle o la carnalidad del abrazo.<\/p>\n<p>Ruinas intangibles del pasado, los lugares de la ciudad aco\u00adsada que a\u00fan resisten milagrosamente la amenaza de la piqueta, diseminados aqu\u00ed y all\u00e1, restos del campo de batalla de una des\u00adtrucci\u00f3n infligida a sangre y fuego, son ciertas calles y rincones, establecimientos comerciales o bares; campos cultivados en medio del paisaje postindustrial; fragmentos de naturaleza in\u00add\u00f3mita, aut\u00e9nticas islas del tesoro en el oc\u00e9ano de cemento; f\u00e1\u00adbricas abandonadas o antiguos almacenes y talleres en desuso. Plenos de soberana inactualidad y afirmativa inutilidad, se cargan de propiedades y significaciones in\u00e9ditas e insospechadas, entrado en funcionamiento todo un bagaje com\u00fan al ser hu\u00admano, que se halla habitualmente amordazado por las exigen\u00adcias productivas y por el ritmo alienante de la vida cotidiana. Lejos de todo reduccionismo, tales cualidades contribuyen a dilatar la experiencia de lo real al desencadenar el pensa\u00admiento anal\u00f3gico, el delirio interpretativo o el desbordamien\u00adto po\u00e9tico. A trav\u00e9s de estos estados de suspensi\u00f3n es posible adentrarse en lo desconocido y experimentar una expansi\u00f3n del sentido de lo real.<\/p>\n","protected":false},"excerpt":{"rendered":"<p><strong>Lurdes Mart\u00ednez<\/strong><br \/>\n9788412032260 &#8211; Ediciones El Salm\u00f3n &#8211; 2020 &#8211; 172 p\u00e1ginas \/orri.<\/p>\n","protected":false},"featured_media":8147,"template":"","meta":[],"product_brand":[],"product_cat":[16,173],"product_tag":[443,4534],"class_list":{"0":"post-8098","1":"product","2":"type-product","3":"status-publish","4":"has-post-thumbnail","6":"product_cat-libros","7":"product_cat-saiakera-ensayo","8":"product_tag-ediciones-el-salmon","9":"product_tag-lurdes-martinez","11":"first","12":"instock","13":"sold-individually","14":"shipping-taxable","15":"purchasable","16":"product-type-simple"},"yoast_head":"<!-- This site is optimized with the Yoast SEO plugin v27.3 - https:\/\/yoast.com\/product\/yoast-seo-wordpress\/ -->\n<title>Saqueadores de espuma. La ciudad y sus grietas &#8212; Zapateneo<\/title>\n<meta name=\"robots\" content=\"index, follow, max-snippet:-1, max-image-preview:large, max-video-preview:-1\" \/>\n<link rel=\"canonical\" href=\"https:\/\/zapateneo.net\/wordpress\/index.php\/producto\/saqueadores-de-espuma-la-ciudad-y-sus-grietas\/\" \/>\n<meta property=\"og:locale\" content=\"es_ES\" \/>\n<meta property=\"og:type\" content=\"article\" \/>\n<meta property=\"og:title\" content=\"Saqueadores de espuma. La ciudad y sus grietas &#8212; Zapateneo\" \/>\n<meta property=\"og:description\" content=\"Lurdes Mart\u00ednez 9788412032260 - Ediciones El Salm\u00f3n - 2020 - 172 p\u00e1ginas \/orri.\" \/>\n<meta property=\"og:url\" content=\"https:\/\/zapateneo.net\/wordpress\/index.php\/producto\/saqueadores-de-espuma-la-ciudad-y-sus-grietas\/\" \/>\n<meta property=\"og:site_name\" content=\"Zapateneo\" \/>\n<meta property=\"article:modified_time\" content=\"2021-09-15T19:36:58+00:00\" \/>\n<meta property=\"og:image\" content=\"https:\/\/zapateneo.net\/wordpress\/wp-content\/uploads\/2021\/09\/saque_espu.jpg\" \/>\n\t<meta property=\"og:image:width\" content=\"254\" \/>\n\t<meta property=\"og:image:height\" content=\"400\" \/>\n\t<meta property=\"og:image:type\" content=\"image\/jpeg\" \/>\n<meta name=\"twitter:card\" content=\"summary_large_image\" \/>\n<meta name=\"twitter:site\" content=\"@zapateneo\" \/>\n<meta name=\"twitter:label1\" content=\"Tiempo de lectura\" \/>\n\t<meta name=\"twitter:data1\" content=\"2 minutos\" \/>\n<script type=\"application\/ld+json\" class=\"yoast-schema-graph\">{\"@context\":\"https:\\\/\\\/schema.org\",\"@graph\":[{\"@type\":\"WebPage\",\"@id\":\"https:\\\/\\\/zapateneo.net\\\/wordpress\\\/index.php\\\/producto\\\/saqueadores-de-espuma-la-ciudad-y-sus-grietas\\\/\",\"url\":\"https:\\\/\\\/zapateneo.net\\\/wordpress\\\/index.php\\\/producto\\\/saqueadores-de-espuma-la-ciudad-y-sus-grietas\\\/\",\"name\":\"Saqueadores de espuma. La ciudad y sus grietas &#8212; Zapateneo\",\"isPartOf\":{\"@id\":\"https:\\\/\\\/zapateneo.net\\\/wordpress\\\/#website\"},\"primaryImageOfPage\":{\"@id\":\"https:\\\/\\\/zapateneo.net\\\/wordpress\\\/index.php\\\/producto\\\/saqueadores-de-espuma-la-ciudad-y-sus-grietas\\\/#primaryimage\"},\"image\":{\"@id\":\"https:\\\/\\\/zapateneo.net\\\/wordpress\\\/index.php\\\/producto\\\/saqueadores-de-espuma-la-ciudad-y-sus-grietas\\\/#primaryimage\"},\"thumbnailUrl\":\"https:\\\/\\\/zapateneo.net\\\/wordpress\\\/wp-content\\\/uploads\\\/2021\\\/09\\\/saque_espu.jpg\",\"datePublished\":\"2021-09-15T19:32:54+00:00\",\"dateModified\":\"2021-09-15T19:36:58+00:00\",\"breadcrumb\":{\"@id\":\"https:\\\/\\\/zapateneo.net\\\/wordpress\\\/index.php\\\/producto\\\/saqueadores-de-espuma-la-ciudad-y-sus-grietas\\\/#breadcrumb\"},\"inLanguage\":\"es\",\"potentialAction\":[{\"@type\":\"ReadAction\",\"target\":[\"https:\\\/\\\/zapateneo.net\\\/wordpress\\\/index.php\\\/producto\\\/saqueadores-de-espuma-la-ciudad-y-sus-grietas\\\/\"]}]},{\"@type\":\"ImageObject\",\"inLanguage\":\"es\",\"@id\":\"https:\\\/\\\/zapateneo.net\\\/wordpress\\\/index.php\\\/producto\\\/saqueadores-de-espuma-la-ciudad-y-sus-grietas\\\/#primaryimage\",\"url\":\"https:\\\/\\\/zapateneo.net\\\/wordpress\\\/wp-content\\\/uploads\\\/2021\\\/09\\\/saque_espu.jpg\",\"contentUrl\":\"https:\\\/\\\/zapateneo.net\\\/wordpress\\\/wp-content\\\/uploads\\\/2021\\\/09\\\/saque_espu.jpg\",\"width\":254,\"height\":400},{\"@type\":\"BreadcrumbList\",\"@id\":\"https:\\\/\\\/zapateneo.net\\\/wordpress\\\/index.php\\\/producto\\\/saqueadores-de-espuma-la-ciudad-y-sus-grietas\\\/#breadcrumb\",\"itemListElement\":[{\"@type\":\"ListItem\",\"position\":1,\"name\":\"Portada\",\"item\":\"https:\\\/\\\/zapateneo.net\\\/wordpress\\\/\"},{\"@type\":\"ListItem\",\"position\":2,\"name\":\"Tienda\",\"item\":\"https:\\\/\\\/zapateneo.net\\\/wordpress\\\/\"},{\"@type\":\"ListItem\",\"position\":3,\"name\":\"Saqueadores de espuma. La ciudad y sus grietas\"}]},{\"@type\":\"WebSite\",\"@id\":\"https:\\\/\\\/zapateneo.net\\\/wordpress\\\/#website\",\"url\":\"https:\\\/\\\/zapateneo.net\\\/wordpress\\\/\",\"name\":\"Zapateneo\",\"description\":\"Zapateneoaren webgunea\",\"publisher\":{\"@id\":\"https:\\\/\\\/zapateneo.net\\\/wordpress\\\/#organization\"},\"potentialAction\":[{\"@type\":\"SearchAction\",\"target\":{\"@type\":\"EntryPoint\",\"urlTemplate\":\"https:\\\/\\\/zapateneo.net\\\/wordpress\\\/?s={search_term_string}\"},\"query-input\":{\"@type\":\"PropertyValueSpecification\",\"valueRequired\":true,\"valueName\":\"search_term_string\"}}],\"inLanguage\":\"es\"},{\"@type\":\"Organization\",\"@id\":\"https:\\\/\\\/zapateneo.net\\\/wordpress\\\/#organization\",\"name\":\"Zapateneo Kultur Elkartea\",\"url\":\"https:\\\/\\\/zapateneo.net\\\/wordpress\\\/\",\"logo\":{\"@type\":\"ImageObject\",\"inLanguage\":\"es\",\"@id\":\"https:\\\/\\\/zapateneo.net\\\/wordpress\\\/#\\\/schema\\\/logo\\\/image\\\/\",\"url\":\"https:\\\/\\\/zapateneo.net\\\/wordpress\\\/wp-content\\\/uploads\\\/2021\\\/04\\\/zap-libu-kolec.jpg\",\"contentUrl\":\"https:\\\/\\\/zapateneo.net\\\/wordpress\\\/wp-content\\\/uploads\\\/2021\\\/04\\\/zap-libu-kolec.jpg\",\"width\":2234,\"height\":398,\"caption\":\"Zapateneo Kultur Elkartea\"},\"image\":{\"@id\":\"https:\\\/\\\/zapateneo.net\\\/wordpress\\\/#\\\/schema\\\/logo\\\/image\\\/\"},\"sameAs\":[\"https:\\\/\\\/x.com\\\/zapateneo\"]}]}<\/script>\n<!-- \/ Yoast SEO plugin. -->","yoast_head_json":{"title":"Saqueadores de espuma. La ciudad y sus grietas &#8212; Zapateneo","robots":{"index":"index","follow":"follow","max-snippet":"max-snippet:-1","max-image-preview":"max-image-preview:large","max-video-preview":"max-video-preview:-1"},"canonical":"https:\/\/zapateneo.net\/wordpress\/index.php\/producto\/saqueadores-de-espuma-la-ciudad-y-sus-grietas\/","og_locale":"es_ES","og_type":"article","og_title":"Saqueadores de espuma. La ciudad y sus grietas &#8212; Zapateneo","og_description":"Lurdes Mart\u00ednez 9788412032260 - Ediciones El Salm\u00f3n - 2020 - 172 p\u00e1ginas \/orri.","og_url":"https:\/\/zapateneo.net\/wordpress\/index.php\/producto\/saqueadores-de-espuma-la-ciudad-y-sus-grietas\/","og_site_name":"Zapateneo","article_modified_time":"2021-09-15T19:36:58+00:00","og_image":[{"width":254,"height":400,"url":"https:\/\/zapateneo.net\/wordpress\/wp-content\/uploads\/2021\/09\/saque_espu.jpg","type":"image\/jpeg"}],"twitter_card":"summary_large_image","twitter_site":"@zapateneo","twitter_misc":{"Tiempo de lectura":"2 minutos"},"schema":{"@context":"https:\/\/schema.org","@graph":[{"@type":"WebPage","@id":"https:\/\/zapateneo.net\/wordpress\/index.php\/producto\/saqueadores-de-espuma-la-ciudad-y-sus-grietas\/","url":"https:\/\/zapateneo.net\/wordpress\/index.php\/producto\/saqueadores-de-espuma-la-ciudad-y-sus-grietas\/","name":"Saqueadores de espuma. La ciudad y sus grietas &#8212; Zapateneo","isPartOf":{"@id":"https:\/\/zapateneo.net\/wordpress\/#website"},"primaryImageOfPage":{"@id":"https:\/\/zapateneo.net\/wordpress\/index.php\/producto\/saqueadores-de-espuma-la-ciudad-y-sus-grietas\/#primaryimage"},"image":{"@id":"https:\/\/zapateneo.net\/wordpress\/index.php\/producto\/saqueadores-de-espuma-la-ciudad-y-sus-grietas\/#primaryimage"},"thumbnailUrl":"https:\/\/zapateneo.net\/wordpress\/wp-content\/uploads\/2021\/09\/saque_espu.jpg","datePublished":"2021-09-15T19:32:54+00:00","dateModified":"2021-09-15T19:36:58+00:00","breadcrumb":{"@id":"https:\/\/zapateneo.net\/wordpress\/index.php\/producto\/saqueadores-de-espuma-la-ciudad-y-sus-grietas\/#breadcrumb"},"inLanguage":"es","potentialAction":[{"@type":"ReadAction","target":["https:\/\/zapateneo.net\/wordpress\/index.php\/producto\/saqueadores-de-espuma-la-ciudad-y-sus-grietas\/"]}]},{"@type":"ImageObject","inLanguage":"es","@id":"https:\/\/zapateneo.net\/wordpress\/index.php\/producto\/saqueadores-de-espuma-la-ciudad-y-sus-grietas\/#primaryimage","url":"https:\/\/zapateneo.net\/wordpress\/wp-content\/uploads\/2021\/09\/saque_espu.jpg","contentUrl":"https:\/\/zapateneo.net\/wordpress\/wp-content\/uploads\/2021\/09\/saque_espu.jpg","width":254,"height":400},{"@type":"BreadcrumbList","@id":"https:\/\/zapateneo.net\/wordpress\/index.php\/producto\/saqueadores-de-espuma-la-ciudad-y-sus-grietas\/#breadcrumb","itemListElement":[{"@type":"ListItem","position":1,"name":"Portada","item":"https:\/\/zapateneo.net\/wordpress\/"},{"@type":"ListItem","position":2,"name":"Tienda","item":"https:\/\/zapateneo.net\/wordpress\/"},{"@type":"ListItem","position":3,"name":"Saqueadores de espuma. La ciudad y sus grietas"}]},{"@type":"WebSite","@id":"https:\/\/zapateneo.net\/wordpress\/#website","url":"https:\/\/zapateneo.net\/wordpress\/","name":"Zapateneo","description":"Zapateneoaren webgunea","publisher":{"@id":"https:\/\/zapateneo.net\/wordpress\/#organization"},"potentialAction":[{"@type":"SearchAction","target":{"@type":"EntryPoint","urlTemplate":"https:\/\/zapateneo.net\/wordpress\/?s={search_term_string}"},"query-input":{"@type":"PropertyValueSpecification","valueRequired":true,"valueName":"search_term_string"}}],"inLanguage":"es"},{"@type":"Organization","@id":"https:\/\/zapateneo.net\/wordpress\/#organization","name":"Zapateneo Kultur Elkartea","url":"https:\/\/zapateneo.net\/wordpress\/","logo":{"@type":"ImageObject","inLanguage":"es","@id":"https:\/\/zapateneo.net\/wordpress\/#\/schema\/logo\/image\/","url":"https:\/\/zapateneo.net\/wordpress\/wp-content\/uploads\/2021\/04\/zap-libu-kolec.jpg","contentUrl":"https:\/\/zapateneo.net\/wordpress\/wp-content\/uploads\/2021\/04\/zap-libu-kolec.jpg","width":2234,"height":398,"caption":"Zapateneo Kultur Elkartea"},"image":{"@id":"https:\/\/zapateneo.net\/wordpress\/#\/schema\/logo\/image\/"},"sameAs":["https:\/\/x.com\/zapateneo"]}]}},"_links":{"self":[{"href":"https:\/\/zapateneo.net\/wordpress\/index.php\/wp-json\/wp\/v2\/product\/8098","targetHints":{"allow":["GET"]}}],"collection":[{"href":"https:\/\/zapateneo.net\/wordpress\/index.php\/wp-json\/wp\/v2\/product"}],"about":[{"href":"https:\/\/zapateneo.net\/wordpress\/index.php\/wp-json\/wp\/v2\/types\/product"}],"wp:featuredmedia":[{"embeddable":true,"href":"https:\/\/zapateneo.net\/wordpress\/index.php\/wp-json\/wp\/v2\/media\/8147"}],"wp:attachment":[{"href":"https:\/\/zapateneo.net\/wordpress\/index.php\/wp-json\/wp\/v2\/media?parent=8098"}],"wp:term":[{"taxonomy":"product_brand","embeddable":true,"href":"https:\/\/zapateneo.net\/wordpress\/index.php\/wp-json\/wp\/v2\/product_brand?post=8098"},{"taxonomy":"product_cat","embeddable":true,"href":"https:\/\/zapateneo.net\/wordpress\/index.php\/wp-json\/wp\/v2\/product_cat?post=8098"},{"taxonomy":"product_tag","embeddable":true,"href":"https:\/\/zapateneo.net\/wordpress\/index.php\/wp-json\/wp\/v2\/product_tag?post=8098"}],"curies":[{"name":"wp","href":"https:\/\/api.w.org\/{rel}","templated":true}]}}