{"id":8086,"date":"2021-09-15T20:31:36","date_gmt":"2021-09-15T19:31:36","guid":{"rendered":"https:\/\/zapateneo.net\/wordpress\/?post_type=product&#038;p=8086"},"modified":"2021-09-15T20:36:04","modified_gmt":"2021-09-15T19:36:04","slug":"el-tiempo-de-los-investidos-ensayo-sobre-la-nueva-cuestion-social","status":"publish","type":"product","link":"https:\/\/zapateneo.net\/wordpress\/index.php\/producto\/el-tiempo-de-los-investidos-ensayo-sobre-la-nueva-cuestion-social\/","title":{"rendered":"El tiempo de los investidos. Ensayo sobre la nueva cuesti\u00f3n social"},"content":{"rendered":"<p>El control de las finanzas ha transformado las expectativas y las pr\u00e1cticas de todos los actores sociales. Las empresas han dado prioridad al valor de sus acciones, antes que a la naturaleza de sus negocios. Los gobiernos consideran m\u00e1s urgente disipar las preocupaciones de sus acreedores, que responder a las demandas de los ciudadanos. Incluso las personas corrientes conf\u00edan su seguridad material cada vez menos en los salarios y cada vez m\u00e1s en la apreciaci\u00f3n de sus activos, incluidas sus habilidades, relaciones y comportamientos.Seg\u00fan Michel Feher, al cambiar las condiciones de la cuesti\u00f3n social, estas nuevas prioridades obligan a la izquierda a reinventarse. La \u00abtitulizaci\u00f3n\u00bb de las relaciones humanas en los mercados financieros es por completo diferente de la mercantilizaci\u00f3n del trabajo en el mercado laboral. Aun cuando la relevancia de la redistribuci\u00f3n de beneficios no se debe desestimar, las luchas se est\u00e1n desplazando hacia las condiciones de asignaci\u00f3n del cr\u00e9dito. La explotaci\u00f3n que los empleadores contin\u00faan infligiendo a sus empleados refleja tambi\u00e9n el poder de selecci\u00f3n que los inversores ejercen sobre los \u00abinvestidos\u00bb. La resistencia a la hegemon\u00eda de las instituciones financieras tiene que encontrar los medios para influir en las evaluaciones de la gober-nanza empresarial y de las pol\u00edticas p\u00fablicas, \u00abespeculando\u00bb contra los criterios que rigen actualmente las elecciones de los financiadores. Si el objetivo es ahora promover otras formas de circulaci\u00f3n de capital, los activistas tendr\u00e1n que prefigurar los elementos de una imaginaci\u00f3n pol\u00edtica renovada<\/p>\n","protected":false},"excerpt":{"rendered":"<p><strong>Feher, Michel<\/strong><br \/>\n9788412276299 &#8211; Traficantes de sue\u00f1os &#8211; 2021 &#8211; 245 p\u00e1ginas \/orri.<\/p>\n","protected":false},"featured_media":8136,"template":"","meta":[],"product_brand":[],"product_cat":[16,173],"product_tag":[4531,72],"class_list":{"0":"post-8086","1":"product","2":"type-product","3":"status-publish","4":"has-post-thumbnail","6":"product_cat-libros","7":"product_cat-saiakera-ensayo","8":"product_tag-feher","9":"product_tag-traficantes-de-suenos","11":"first","12":"instock","13":"sold-individually","14":"shipping-taxable","15":"purchasable","16":"product-type-simple"},"yoast_head":"<!-- This site is optimized with the Yoast SEO plugin v27.3 - https:\/\/yoast.com\/product\/yoast-seo-wordpress\/ -->\n<title>El tiempo de los investidos. Ensayo sobre la nueva cuesti\u00f3n social &#8212; Zapateneo<\/title>\n<meta name=\"robots\" content=\"index, follow, max-snippet:-1, max-image-preview:large, max-video-preview:-1\" \/>\n<link rel=\"canonical\" href=\"https:\/\/zapateneo.net\/wordpress\/index.php\/producto\/el-tiempo-de-los-investidos-ensayo-sobre-la-nueva-cuestion-social\/\" \/>\n<meta property=\"og:locale\" content=\"es_ES\" \/>\n<meta property=\"og:type\" content=\"article\" \/>\n<meta property=\"og:title\" content=\"El tiempo de los investidos. Ensayo sobre la nueva cuesti\u00f3n social &#8212; Zapateneo\" \/>\n<meta property=\"og:description\" content=\"Feher, Michel 9788412276299 - Traficantes de sue\u00f1os - 2021 - 245 p\u00e1ginas \/orri.\" \/>\n<meta property=\"og:url\" content=\"https:\/\/zapateneo.net\/wordpress\/index.php\/producto\/el-tiempo-de-los-investidos-ensayo-sobre-la-nueva-cuestion-social\/\" \/>\n<meta property=\"og:site_name\" content=\"Zapateneo\" \/>\n<meta property=\"article:modified_time\" content=\"2021-09-15T19:36:04+00:00\" \/>\n<meta property=\"og:image\" content=\"https:\/\/zapateneo.net\/wordpress\/wp-content\/uploads\/2021\/09\/tiempo_investidos.png\" \/>\n\t<meta property=\"og:image:width\" content=\"230\" \/>\n\t<meta property=\"og:image:height\" content=\"400\" \/>\n\t<meta property=\"og:image:type\" content=\"image\/png\" \/>\n<meta name=\"twitter:card\" content=\"summary_large_image\" \/>\n<meta name=\"twitter:site\" content=\"@zapateneo\" \/>\n<meta name=\"twitter:label1\" content=\"Tiempo de lectura\" \/>\n\t<meta name=\"twitter:data1\" content=\"1 minuto\" \/>\n<script type=\"application\/ld+json\" class=\"yoast-schema-graph\">{\"@context\":\"https:\\\/\\\/schema.org\",\"@graph\":[{\"@type\":\"WebPage\",\"@id\":\"https:\\\/\\\/zapateneo.net\\\/wordpress\\\/index.php\\\/producto\\\/el-tiempo-de-los-investidos-ensayo-sobre-la-nueva-cuestion-social\\\/\",\"url\":\"https:\\\/\\\/zapateneo.net\\\/wordpress\\\/index.php\\\/producto\\\/el-tiempo-de-los-investidos-ensayo-sobre-la-nueva-cuestion-social\\\/\",\"name\":\"El tiempo de los investidos. Ensayo sobre la nueva cuesti\u00f3n social &#8212; Zapateneo\",\"isPartOf\":{\"@id\":\"https:\\\/\\\/zapateneo.net\\\/wordpress\\\/#website\"},\"primaryImageOfPage\":{\"@id\":\"https:\\\/\\\/zapateneo.net\\\/wordpress\\\/index.php\\\/producto\\\/el-tiempo-de-los-investidos-ensayo-sobre-la-nueva-cuestion-social\\\/#primaryimage\"},\"image\":{\"@id\":\"https:\\\/\\\/zapateneo.net\\\/wordpress\\\/index.php\\\/producto\\\/el-tiempo-de-los-investidos-ensayo-sobre-la-nueva-cuestion-social\\\/#primaryimage\"},\"thumbnailUrl\":\"https:\\\/\\\/zapateneo.net\\\/wordpress\\\/wp-content\\\/uploads\\\/2021\\\/09\\\/tiempo_investidos.png\",\"datePublished\":\"2021-09-15T19:31:36+00:00\",\"dateModified\":\"2021-09-15T19:36:04+00:00\",\"breadcrumb\":{\"@id\":\"https:\\\/\\\/zapateneo.net\\\/wordpress\\\/index.php\\\/producto\\\/el-tiempo-de-los-investidos-ensayo-sobre-la-nueva-cuestion-social\\\/#breadcrumb\"},\"inLanguage\":\"es\",\"potentialAction\":[{\"@type\":\"ReadAction\",\"target\":[\"https:\\\/\\\/zapateneo.net\\\/wordpress\\\/index.php\\\/producto\\\/el-tiempo-de-los-investidos-ensayo-sobre-la-nueva-cuestion-social\\\/\"]}]},{\"@type\":\"ImageObject\",\"inLanguage\":\"es\",\"@id\":\"https:\\\/\\\/zapateneo.net\\\/wordpress\\\/index.php\\\/producto\\\/el-tiempo-de-los-investidos-ensayo-sobre-la-nueva-cuestion-social\\\/#primaryimage\",\"url\":\"https:\\\/\\\/zapateneo.net\\\/wordpress\\\/wp-content\\\/uploads\\\/2021\\\/09\\\/tiempo_investidos.png\",\"contentUrl\":\"https:\\\/\\\/zapateneo.net\\\/wordpress\\\/wp-content\\\/uploads\\\/2021\\\/09\\\/tiempo_investidos.png\",\"width\":230,\"height\":400},{\"@type\":\"BreadcrumbList\",\"@id\":\"https:\\\/\\\/zapateneo.net\\\/wordpress\\\/index.php\\\/producto\\\/el-tiempo-de-los-investidos-ensayo-sobre-la-nueva-cuestion-social\\\/#breadcrumb\",\"itemListElement\":[{\"@type\":\"ListItem\",\"position\":1,\"name\":\"Portada\",\"item\":\"https:\\\/\\\/zapateneo.net\\\/wordpress\\\/\"},{\"@type\":\"ListItem\",\"position\":2,\"name\":\"Tienda\",\"item\":\"https:\\\/\\\/zapateneo.net\\\/wordpress\\\/\"},{\"@type\":\"ListItem\",\"position\":3,\"name\":\"El tiempo de los investidos. Ensayo sobre la nueva cuesti\u00f3n social\"}]},{\"@type\":\"WebSite\",\"@id\":\"https:\\\/\\\/zapateneo.net\\\/wordpress\\\/#website\",\"url\":\"https:\\\/\\\/zapateneo.net\\\/wordpress\\\/\",\"name\":\"Zapateneo\",\"description\":\"Zapateneoaren webgunea\",\"publisher\":{\"@id\":\"https:\\\/\\\/zapateneo.net\\\/wordpress\\\/#organization\"},\"potentialAction\":[{\"@type\":\"SearchAction\",\"target\":{\"@type\":\"EntryPoint\",\"urlTemplate\":\"https:\\\/\\\/zapateneo.net\\\/wordpress\\\/?s={search_term_string}\"},\"query-input\":{\"@type\":\"PropertyValueSpecification\",\"valueRequired\":true,\"valueName\":\"search_term_string\"}}],\"inLanguage\":\"es\"},{\"@type\":\"Organization\",\"@id\":\"https:\\\/\\\/zapateneo.net\\\/wordpress\\\/#organization\",\"name\":\"Zapateneo Kultur Elkartea\",\"url\":\"https:\\\/\\\/zapateneo.net\\\/wordpress\\\/\",\"logo\":{\"@type\":\"ImageObject\",\"inLanguage\":\"es\",\"@id\":\"https:\\\/\\\/zapateneo.net\\\/wordpress\\\/#\\\/schema\\\/logo\\\/image\\\/\",\"url\":\"https:\\\/\\\/zapateneo.net\\\/wordpress\\\/wp-content\\\/uploads\\\/2021\\\/04\\\/zap-libu-kolec.jpg\",\"contentUrl\":\"https:\\\/\\\/zapateneo.net\\\/wordpress\\\/wp-content\\\/uploads\\\/2021\\\/04\\\/zap-libu-kolec.jpg\",\"width\":2234,\"height\":398,\"caption\":\"Zapateneo Kultur Elkartea\"},\"image\":{\"@id\":\"https:\\\/\\\/zapateneo.net\\\/wordpress\\\/#\\\/schema\\\/logo\\\/image\\\/\"},\"sameAs\":[\"https:\\\/\\\/x.com\\\/zapateneo\"]}]}<\/script>\n<!-- \/ Yoast SEO plugin. -->","yoast_head_json":{"title":"El tiempo de los investidos. Ensayo sobre la nueva cuesti\u00f3n social &#8212; Zapateneo","robots":{"index":"index","follow":"follow","max-snippet":"max-snippet:-1","max-image-preview":"max-image-preview:large","max-video-preview":"max-video-preview:-1"},"canonical":"https:\/\/zapateneo.net\/wordpress\/index.php\/producto\/el-tiempo-de-los-investidos-ensayo-sobre-la-nueva-cuestion-social\/","og_locale":"es_ES","og_type":"article","og_title":"El tiempo de los investidos. Ensayo sobre la nueva cuesti\u00f3n social &#8212; Zapateneo","og_description":"Feher, Michel 9788412276299 - Traficantes de sue\u00f1os - 2021 - 245 p\u00e1ginas \/orri.","og_url":"https:\/\/zapateneo.net\/wordpress\/index.php\/producto\/el-tiempo-de-los-investidos-ensayo-sobre-la-nueva-cuestion-social\/","og_site_name":"Zapateneo","article_modified_time":"2021-09-15T19:36:04+00:00","og_image":[{"width":230,"height":400,"url":"https:\/\/zapateneo.net\/wordpress\/wp-content\/uploads\/2021\/09\/tiempo_investidos.png","type":"image\/png"}],"twitter_card":"summary_large_image","twitter_site":"@zapateneo","twitter_misc":{"Tiempo de lectura":"1 minuto"},"schema":{"@context":"https:\/\/schema.org","@graph":[{"@type":"WebPage","@id":"https:\/\/zapateneo.net\/wordpress\/index.php\/producto\/el-tiempo-de-los-investidos-ensayo-sobre-la-nueva-cuestion-social\/","url":"https:\/\/zapateneo.net\/wordpress\/index.php\/producto\/el-tiempo-de-los-investidos-ensayo-sobre-la-nueva-cuestion-social\/","name":"El tiempo de los investidos. Ensayo sobre la nueva cuesti\u00f3n social &#8212; Zapateneo","isPartOf":{"@id":"https:\/\/zapateneo.net\/wordpress\/#website"},"primaryImageOfPage":{"@id":"https:\/\/zapateneo.net\/wordpress\/index.php\/producto\/el-tiempo-de-los-investidos-ensayo-sobre-la-nueva-cuestion-social\/#primaryimage"},"image":{"@id":"https:\/\/zapateneo.net\/wordpress\/index.php\/producto\/el-tiempo-de-los-investidos-ensayo-sobre-la-nueva-cuestion-social\/#primaryimage"},"thumbnailUrl":"https:\/\/zapateneo.net\/wordpress\/wp-content\/uploads\/2021\/09\/tiempo_investidos.png","datePublished":"2021-09-15T19:31:36+00:00","dateModified":"2021-09-15T19:36:04+00:00","breadcrumb":{"@id":"https:\/\/zapateneo.net\/wordpress\/index.php\/producto\/el-tiempo-de-los-investidos-ensayo-sobre-la-nueva-cuestion-social\/#breadcrumb"},"inLanguage":"es","potentialAction":[{"@type":"ReadAction","target":["https:\/\/zapateneo.net\/wordpress\/index.php\/producto\/el-tiempo-de-los-investidos-ensayo-sobre-la-nueva-cuestion-social\/"]}]},{"@type":"ImageObject","inLanguage":"es","@id":"https:\/\/zapateneo.net\/wordpress\/index.php\/producto\/el-tiempo-de-los-investidos-ensayo-sobre-la-nueva-cuestion-social\/#primaryimage","url":"https:\/\/zapateneo.net\/wordpress\/wp-content\/uploads\/2021\/09\/tiempo_investidos.png","contentUrl":"https:\/\/zapateneo.net\/wordpress\/wp-content\/uploads\/2021\/09\/tiempo_investidos.png","width":230,"height":400},{"@type":"BreadcrumbList","@id":"https:\/\/zapateneo.net\/wordpress\/index.php\/producto\/el-tiempo-de-los-investidos-ensayo-sobre-la-nueva-cuestion-social\/#breadcrumb","itemListElement":[{"@type":"ListItem","position":1,"name":"Portada","item":"https:\/\/zapateneo.net\/wordpress\/"},{"@type":"ListItem","position":2,"name":"Tienda","item":"https:\/\/zapateneo.net\/wordpress\/"},{"@type":"ListItem","position":3,"name":"El tiempo de los investidos. Ensayo sobre la nueva cuesti\u00f3n social"}]},{"@type":"WebSite","@id":"https:\/\/zapateneo.net\/wordpress\/#website","url":"https:\/\/zapateneo.net\/wordpress\/","name":"Zapateneo","description":"Zapateneoaren webgunea","publisher":{"@id":"https:\/\/zapateneo.net\/wordpress\/#organization"},"potentialAction":[{"@type":"SearchAction","target":{"@type":"EntryPoint","urlTemplate":"https:\/\/zapateneo.net\/wordpress\/?s={search_term_string}"},"query-input":{"@type":"PropertyValueSpecification","valueRequired":true,"valueName":"search_term_string"}}],"inLanguage":"es"},{"@type":"Organization","@id":"https:\/\/zapateneo.net\/wordpress\/#organization","name":"Zapateneo Kultur Elkartea","url":"https:\/\/zapateneo.net\/wordpress\/","logo":{"@type":"ImageObject","inLanguage":"es","@id":"https:\/\/zapateneo.net\/wordpress\/#\/schema\/logo\/image\/","url":"https:\/\/zapateneo.net\/wordpress\/wp-content\/uploads\/2021\/04\/zap-libu-kolec.jpg","contentUrl":"https:\/\/zapateneo.net\/wordpress\/wp-content\/uploads\/2021\/04\/zap-libu-kolec.jpg","width":2234,"height":398,"caption":"Zapateneo Kultur Elkartea"},"image":{"@id":"https:\/\/zapateneo.net\/wordpress\/#\/schema\/logo\/image\/"},"sameAs":["https:\/\/x.com\/zapateneo"]}]}},"_links":{"self":[{"href":"https:\/\/zapateneo.net\/wordpress\/index.php\/wp-json\/wp\/v2\/product\/8086","targetHints":{"allow":["GET"]}}],"collection":[{"href":"https:\/\/zapateneo.net\/wordpress\/index.php\/wp-json\/wp\/v2\/product"}],"about":[{"href":"https:\/\/zapateneo.net\/wordpress\/index.php\/wp-json\/wp\/v2\/types\/product"}],"wp:featuredmedia":[{"embeddable":true,"href":"https:\/\/zapateneo.net\/wordpress\/index.php\/wp-json\/wp\/v2\/media\/8136"}],"wp:attachment":[{"href":"https:\/\/zapateneo.net\/wordpress\/index.php\/wp-json\/wp\/v2\/media?parent=8086"}],"wp:term":[{"taxonomy":"product_brand","embeddable":true,"href":"https:\/\/zapateneo.net\/wordpress\/index.php\/wp-json\/wp\/v2\/product_brand?post=8086"},{"taxonomy":"product_cat","embeddable":true,"href":"https:\/\/zapateneo.net\/wordpress\/index.php\/wp-json\/wp\/v2\/product_cat?post=8086"},{"taxonomy":"product_tag","embeddable":true,"href":"https:\/\/zapateneo.net\/wordpress\/index.php\/wp-json\/wp\/v2\/product_tag?post=8086"}],"curies":[{"name":"wp","href":"https:\/\/api.w.org\/{rel}","templated":true}]}}