{"id":8085,"date":"2021-09-15T20:31:34","date_gmt":"2021-09-15T19:31:34","guid":{"rendered":"https:\/\/zapateneo.net\/wordpress\/?post_type=product&#038;p=8085"},"modified":"2021-09-15T20:35:56","modified_gmt":"2021-09-15T19:35:56","slug":"desarrollo-desigual-naturaleza-capital-y-produccion-del-espacio","status":"publish","type":"product","link":"https:\/\/zapateneo.net\/wordpress\/index.php\/producto\/desarrollo-desigual-naturaleza-capital-y-produccion-del-espacio\/","title":{"rendered":"Desarrollo desigual. Naturaleza, Capital y Producci\u00f3n del Espacio"},"content":{"rendered":"<p>El campo de la geograf\u00eda cr\u00edtica ha experimentado una creativa explosi\u00f3n en las \u00faltimas d\u00e9cadas. La geograf\u00eda ha pasado de ser una disciplina presuntamente neutra, dedicada a espacializar fen\u00f3menos objetivos (los climas, la poblaci\u00f3n, las infraestructuras), a convertirse en un verdadero campo de batalla en la explicaci\u00f3n de la producci\u00f3n de las formas de dominio y, concretamente, del capitalismo contempor\u00e1neo. En Desarrollo desigual, un cl\u00e1sico en su campo, Neil Smith ofrece la primera teor\u00eda completa del desarrollo geogr\u00e1fico desigual, entrelazando teor\u00edas del espacio y lo que llama \u00abproducci\u00f3n de la naturaleza\u00bb con una cr\u00edtica del desarrollo capitalista. Con sus an\u00e1lisis pioneros, el trabajo de Smith anticip\u00f3 muchos de los contornos desiguales que ahora marcan la globalizaci\u00f3n neoliberal.<\/p>\n<p>Principal compa\u00f1ero de David Harvey (quien a su vez prologa este libro) en la reelaboraci\u00f3n cr\u00edtica de los estudios sobre el espacio, Neil Smith se ha convertido en una referencia obligada para cualquiera que est\u00e9 interesado en entender las geograf\u00edas contempor\u00e1neas del capitalismo. Esta tercera edici\u00f3n de Desarrollo desigual, traducida por primera vez al castellano, incluye un ep\u00edlogo que actualiza su an\u00e1lisis en el marco de la reciente crisis de la globalizaci\u00f3n neoliberal.<\/p>\n","protected":false},"excerpt":{"rendered":"<p><strong>Smith, Neil<\/strong><br \/>\n9788412125917 &#8211; Traficantes de sue\u00f1os &#8211; 2020 &#8211; 2020 p\u00e1ginas \/orri.<\/p>\n","protected":false},"featured_media":8135,"template":"","meta":[],"product_brand":[],"product_cat":[16,173],"product_tag":[1883,1882,72],"class_list":{"0":"post-8085","1":"product","2":"type-product","3":"status-publish","4":"has-post-thumbnail","6":"product_cat-libros","7":"product_cat-saiakera-ensayo","8":"product_tag-neil","9":"product_tag-smith","10":"product_tag-traficantes-de-suenos","12":"first","13":"instock","14":"sold-individually","15":"shipping-taxable","16":"purchasable","17":"product-type-simple"},"yoast_head":"<!-- This site is optimized with the Yoast SEO plugin v27.3 - https:\/\/yoast.com\/product\/yoast-seo-wordpress\/ -->\n<title>Desarrollo desigual. Naturaleza, Capital y Producci\u00f3n del Espacio &#8212; Zapateneo<\/title>\n<meta name=\"robots\" content=\"index, follow, max-snippet:-1, max-image-preview:large, max-video-preview:-1\" \/>\n<link rel=\"canonical\" href=\"https:\/\/zapateneo.net\/wordpress\/index.php\/producto\/desarrollo-desigual-naturaleza-capital-y-produccion-del-espacio\/\" \/>\n<meta property=\"og:locale\" content=\"es_ES\" \/>\n<meta property=\"og:type\" content=\"article\" \/>\n<meta property=\"og:title\" content=\"Desarrollo desigual. Naturaleza, Capital y Producci\u00f3n del Espacio &#8212; Zapateneo\" \/>\n<meta property=\"og:description\" content=\"Smith, Neil 9788412125917 - Traficantes de sue\u00f1os - 2020 - 2020 p\u00e1ginas \/orri.\" \/>\n<meta property=\"og:url\" content=\"https:\/\/zapateneo.net\/wordpress\/index.php\/producto\/desarrollo-desigual-naturaleza-capital-y-produccion-del-espacio\/\" \/>\n<meta property=\"og:site_name\" content=\"Zapateneo\" \/>\n<meta property=\"article:modified_time\" content=\"2021-09-15T19:35:56+00:00\" \/>\n<meta property=\"og:image\" content=\"https:\/\/zapateneo.net\/wordpress\/wp-content\/uploads\/2021\/09\/desarrollo_desigual.jpg\" \/>\n\t<meta property=\"og:image:width\" content=\"251\" \/>\n\t<meta property=\"og:image:height\" content=\"400\" \/>\n\t<meta property=\"og:image:type\" content=\"image\/jpeg\" \/>\n<meta name=\"twitter:card\" content=\"summary_large_image\" \/>\n<meta name=\"twitter:site\" content=\"@zapateneo\" \/>\n<meta name=\"twitter:label1\" content=\"Tiempo de lectura\" \/>\n\t<meta name=\"twitter:data1\" content=\"1 minuto\" \/>\n<script type=\"application\/ld+json\" class=\"yoast-schema-graph\">{\"@context\":\"https:\\\/\\\/schema.org\",\"@graph\":[{\"@type\":\"WebPage\",\"@id\":\"https:\\\/\\\/zapateneo.net\\\/wordpress\\\/index.php\\\/producto\\\/desarrollo-desigual-naturaleza-capital-y-produccion-del-espacio\\\/\",\"url\":\"https:\\\/\\\/zapateneo.net\\\/wordpress\\\/index.php\\\/producto\\\/desarrollo-desigual-naturaleza-capital-y-produccion-del-espacio\\\/\",\"name\":\"Desarrollo desigual. Naturaleza, Capital y Producci\u00f3n del Espacio &#8212; Zapateneo\",\"isPartOf\":{\"@id\":\"https:\\\/\\\/zapateneo.net\\\/wordpress\\\/#website\"},\"primaryImageOfPage\":{\"@id\":\"https:\\\/\\\/zapateneo.net\\\/wordpress\\\/index.php\\\/producto\\\/desarrollo-desigual-naturaleza-capital-y-produccion-del-espacio\\\/#primaryimage\"},\"image\":{\"@id\":\"https:\\\/\\\/zapateneo.net\\\/wordpress\\\/index.php\\\/producto\\\/desarrollo-desigual-naturaleza-capital-y-produccion-del-espacio\\\/#primaryimage\"},\"thumbnailUrl\":\"https:\\\/\\\/zapateneo.net\\\/wordpress\\\/wp-content\\\/uploads\\\/2021\\\/09\\\/desarrollo_desigual.jpg\",\"datePublished\":\"2021-09-15T19:31:34+00:00\",\"dateModified\":\"2021-09-15T19:35:56+00:00\",\"breadcrumb\":{\"@id\":\"https:\\\/\\\/zapateneo.net\\\/wordpress\\\/index.php\\\/producto\\\/desarrollo-desigual-naturaleza-capital-y-produccion-del-espacio\\\/#breadcrumb\"},\"inLanguage\":\"es\",\"potentialAction\":[{\"@type\":\"ReadAction\",\"target\":[\"https:\\\/\\\/zapateneo.net\\\/wordpress\\\/index.php\\\/producto\\\/desarrollo-desigual-naturaleza-capital-y-produccion-del-espacio\\\/\"]}]},{\"@type\":\"ImageObject\",\"inLanguage\":\"es\",\"@id\":\"https:\\\/\\\/zapateneo.net\\\/wordpress\\\/index.php\\\/producto\\\/desarrollo-desigual-naturaleza-capital-y-produccion-del-espacio\\\/#primaryimage\",\"url\":\"https:\\\/\\\/zapateneo.net\\\/wordpress\\\/wp-content\\\/uploads\\\/2021\\\/09\\\/desarrollo_desigual.jpg\",\"contentUrl\":\"https:\\\/\\\/zapateneo.net\\\/wordpress\\\/wp-content\\\/uploads\\\/2021\\\/09\\\/desarrollo_desigual.jpg\",\"width\":251,\"height\":400},{\"@type\":\"BreadcrumbList\",\"@id\":\"https:\\\/\\\/zapateneo.net\\\/wordpress\\\/index.php\\\/producto\\\/desarrollo-desigual-naturaleza-capital-y-produccion-del-espacio\\\/#breadcrumb\",\"itemListElement\":[{\"@type\":\"ListItem\",\"position\":1,\"name\":\"Portada\",\"item\":\"https:\\\/\\\/zapateneo.net\\\/wordpress\\\/\"},{\"@type\":\"ListItem\",\"position\":2,\"name\":\"Tienda\",\"item\":\"https:\\\/\\\/zapateneo.net\\\/wordpress\\\/\"},{\"@type\":\"ListItem\",\"position\":3,\"name\":\"Desarrollo desigual. Naturaleza, Capital y Producci\u00f3n del Espacio\"}]},{\"@type\":\"WebSite\",\"@id\":\"https:\\\/\\\/zapateneo.net\\\/wordpress\\\/#website\",\"url\":\"https:\\\/\\\/zapateneo.net\\\/wordpress\\\/\",\"name\":\"Zapateneo\",\"description\":\"Zapateneoaren webgunea\",\"publisher\":{\"@id\":\"https:\\\/\\\/zapateneo.net\\\/wordpress\\\/#organization\"},\"potentialAction\":[{\"@type\":\"SearchAction\",\"target\":{\"@type\":\"EntryPoint\",\"urlTemplate\":\"https:\\\/\\\/zapateneo.net\\\/wordpress\\\/?s={search_term_string}\"},\"query-input\":{\"@type\":\"PropertyValueSpecification\",\"valueRequired\":true,\"valueName\":\"search_term_string\"}}],\"inLanguage\":\"es\"},{\"@type\":\"Organization\",\"@id\":\"https:\\\/\\\/zapateneo.net\\\/wordpress\\\/#organization\",\"name\":\"Zapateneo Kultur Elkartea\",\"url\":\"https:\\\/\\\/zapateneo.net\\\/wordpress\\\/\",\"logo\":{\"@type\":\"ImageObject\",\"inLanguage\":\"es\",\"@id\":\"https:\\\/\\\/zapateneo.net\\\/wordpress\\\/#\\\/schema\\\/logo\\\/image\\\/\",\"url\":\"https:\\\/\\\/zapateneo.net\\\/wordpress\\\/wp-content\\\/uploads\\\/2021\\\/04\\\/zap-libu-kolec.jpg\",\"contentUrl\":\"https:\\\/\\\/zapateneo.net\\\/wordpress\\\/wp-content\\\/uploads\\\/2021\\\/04\\\/zap-libu-kolec.jpg\",\"width\":2234,\"height\":398,\"caption\":\"Zapateneo Kultur Elkartea\"},\"image\":{\"@id\":\"https:\\\/\\\/zapateneo.net\\\/wordpress\\\/#\\\/schema\\\/logo\\\/image\\\/\"},\"sameAs\":[\"https:\\\/\\\/x.com\\\/zapateneo\"]}]}<\/script>\n<!-- \/ Yoast SEO plugin. -->","yoast_head_json":{"title":"Desarrollo desigual. Naturaleza, Capital y Producci\u00f3n del Espacio &#8212; Zapateneo","robots":{"index":"index","follow":"follow","max-snippet":"max-snippet:-1","max-image-preview":"max-image-preview:large","max-video-preview":"max-video-preview:-1"},"canonical":"https:\/\/zapateneo.net\/wordpress\/index.php\/producto\/desarrollo-desigual-naturaleza-capital-y-produccion-del-espacio\/","og_locale":"es_ES","og_type":"article","og_title":"Desarrollo desigual. Naturaleza, Capital y Producci\u00f3n del Espacio &#8212; Zapateneo","og_description":"Smith, Neil 9788412125917 - Traficantes de sue\u00f1os - 2020 - 2020 p\u00e1ginas \/orri.","og_url":"https:\/\/zapateneo.net\/wordpress\/index.php\/producto\/desarrollo-desigual-naturaleza-capital-y-produccion-del-espacio\/","og_site_name":"Zapateneo","article_modified_time":"2021-09-15T19:35:56+00:00","og_image":[{"width":251,"height":400,"url":"https:\/\/zapateneo.net\/wordpress\/wp-content\/uploads\/2021\/09\/desarrollo_desigual.jpg","type":"image\/jpeg"}],"twitter_card":"summary_large_image","twitter_site":"@zapateneo","twitter_misc":{"Tiempo de lectura":"1 minuto"},"schema":{"@context":"https:\/\/schema.org","@graph":[{"@type":"WebPage","@id":"https:\/\/zapateneo.net\/wordpress\/index.php\/producto\/desarrollo-desigual-naturaleza-capital-y-produccion-del-espacio\/","url":"https:\/\/zapateneo.net\/wordpress\/index.php\/producto\/desarrollo-desigual-naturaleza-capital-y-produccion-del-espacio\/","name":"Desarrollo desigual. Naturaleza, Capital y Producci\u00f3n del Espacio &#8212; Zapateneo","isPartOf":{"@id":"https:\/\/zapateneo.net\/wordpress\/#website"},"primaryImageOfPage":{"@id":"https:\/\/zapateneo.net\/wordpress\/index.php\/producto\/desarrollo-desigual-naturaleza-capital-y-produccion-del-espacio\/#primaryimage"},"image":{"@id":"https:\/\/zapateneo.net\/wordpress\/index.php\/producto\/desarrollo-desigual-naturaleza-capital-y-produccion-del-espacio\/#primaryimage"},"thumbnailUrl":"https:\/\/zapateneo.net\/wordpress\/wp-content\/uploads\/2021\/09\/desarrollo_desigual.jpg","datePublished":"2021-09-15T19:31:34+00:00","dateModified":"2021-09-15T19:35:56+00:00","breadcrumb":{"@id":"https:\/\/zapateneo.net\/wordpress\/index.php\/producto\/desarrollo-desigual-naturaleza-capital-y-produccion-del-espacio\/#breadcrumb"},"inLanguage":"es","potentialAction":[{"@type":"ReadAction","target":["https:\/\/zapateneo.net\/wordpress\/index.php\/producto\/desarrollo-desigual-naturaleza-capital-y-produccion-del-espacio\/"]}]},{"@type":"ImageObject","inLanguage":"es","@id":"https:\/\/zapateneo.net\/wordpress\/index.php\/producto\/desarrollo-desigual-naturaleza-capital-y-produccion-del-espacio\/#primaryimage","url":"https:\/\/zapateneo.net\/wordpress\/wp-content\/uploads\/2021\/09\/desarrollo_desigual.jpg","contentUrl":"https:\/\/zapateneo.net\/wordpress\/wp-content\/uploads\/2021\/09\/desarrollo_desigual.jpg","width":251,"height":400},{"@type":"BreadcrumbList","@id":"https:\/\/zapateneo.net\/wordpress\/index.php\/producto\/desarrollo-desigual-naturaleza-capital-y-produccion-del-espacio\/#breadcrumb","itemListElement":[{"@type":"ListItem","position":1,"name":"Portada","item":"https:\/\/zapateneo.net\/wordpress\/"},{"@type":"ListItem","position":2,"name":"Tienda","item":"https:\/\/zapateneo.net\/wordpress\/"},{"@type":"ListItem","position":3,"name":"Desarrollo desigual. Naturaleza, Capital y Producci\u00f3n del Espacio"}]},{"@type":"WebSite","@id":"https:\/\/zapateneo.net\/wordpress\/#website","url":"https:\/\/zapateneo.net\/wordpress\/","name":"Zapateneo","description":"Zapateneoaren webgunea","publisher":{"@id":"https:\/\/zapateneo.net\/wordpress\/#organization"},"potentialAction":[{"@type":"SearchAction","target":{"@type":"EntryPoint","urlTemplate":"https:\/\/zapateneo.net\/wordpress\/?s={search_term_string}"},"query-input":{"@type":"PropertyValueSpecification","valueRequired":true,"valueName":"search_term_string"}}],"inLanguage":"es"},{"@type":"Organization","@id":"https:\/\/zapateneo.net\/wordpress\/#organization","name":"Zapateneo Kultur Elkartea","url":"https:\/\/zapateneo.net\/wordpress\/","logo":{"@type":"ImageObject","inLanguage":"es","@id":"https:\/\/zapateneo.net\/wordpress\/#\/schema\/logo\/image\/","url":"https:\/\/zapateneo.net\/wordpress\/wp-content\/uploads\/2021\/04\/zap-libu-kolec.jpg","contentUrl":"https:\/\/zapateneo.net\/wordpress\/wp-content\/uploads\/2021\/04\/zap-libu-kolec.jpg","width":2234,"height":398,"caption":"Zapateneo Kultur Elkartea"},"image":{"@id":"https:\/\/zapateneo.net\/wordpress\/#\/schema\/logo\/image\/"},"sameAs":["https:\/\/x.com\/zapateneo"]}]}},"_links":{"self":[{"href":"https:\/\/zapateneo.net\/wordpress\/index.php\/wp-json\/wp\/v2\/product\/8085","targetHints":{"allow":["GET"]}}],"collection":[{"href":"https:\/\/zapateneo.net\/wordpress\/index.php\/wp-json\/wp\/v2\/product"}],"about":[{"href":"https:\/\/zapateneo.net\/wordpress\/index.php\/wp-json\/wp\/v2\/types\/product"}],"wp:featuredmedia":[{"embeddable":true,"href":"https:\/\/zapateneo.net\/wordpress\/index.php\/wp-json\/wp\/v2\/media\/8135"}],"wp:attachment":[{"href":"https:\/\/zapateneo.net\/wordpress\/index.php\/wp-json\/wp\/v2\/media?parent=8085"}],"wp:term":[{"taxonomy":"product_brand","embeddable":true,"href":"https:\/\/zapateneo.net\/wordpress\/index.php\/wp-json\/wp\/v2\/product_brand?post=8085"},{"taxonomy":"product_cat","embeddable":true,"href":"https:\/\/zapateneo.net\/wordpress\/index.php\/wp-json\/wp\/v2\/product_cat?post=8085"},{"taxonomy":"product_tag","embeddable":true,"href":"https:\/\/zapateneo.net\/wordpress\/index.php\/wp-json\/wp\/v2\/product_tag?post=8085"}],"curies":[{"name":"wp","href":"https:\/\/api.w.org\/{rel}","templated":true}]}}