{"id":8059,"date":"2021-09-15T20:28:53","date_gmt":"2021-09-15T19:28:53","guid":{"rendered":"https:\/\/zapateneo.net\/wordpress\/?post_type=product&#038;p=8059"},"modified":"2021-09-15T20:33:53","modified_gmt":"2021-09-15T19:33:53","slug":"ciudad-feminista-la-lucha-por-el-espacio-en-un-mundo-disenado-po","status":"publish","type":"product","link":"https:\/\/zapateneo.net\/wordpress\/index.php\/producto\/ciudad-feminista-la-lucha-por-el-espacio-en-un-mundo-disenado-po\/","title":{"rendered":"Ciudad feminista. La lucha por el espacio en un mundo dise\u00f1ado po"},"content":{"rendered":"<p>iudad feminista es un experimento continuo para vivir de manera diferente, vivir mejor y vivir de manera m\u00e1s justa en un mundo urbano. Vivimos en la ciudad de los hombres. Nuestros espacios p\u00fablicos no est\u00e1n dise\u00f1ados para cuerpos femeninos. Hay poca consideraci\u00f3n por las mujeres como madres, trabajadoras o cuidadoras. Las calles urbanas suelen ser un lugar de amenazas m\u00e1s que de comunidad.<\/p>\n<p>La gentrificaci\u00f3n ha dificultado a\u00fan m\u00e1s la vida cotidiana de las mujeres. \u00bfC\u00f3mo ser\u00eda una metr\u00f3poli para mujeres trabajadoras? Una ciudad de amistades m\u00e1s all\u00e1 de Sex and the City. Un sistema de tr\u00e1nsito que acomode a las madres con cochecitos en el recorrido hacia la escuela. Un espacio p\u00fablico con suficientes ba\u00f1os. Un lugar donde las mujeres puedan caminar sin acoso.<\/p>\n<p>En Ciudad feminista, a trav\u00e9s de la historia, la experiencia personal y la cultura popular, Leslie Kern expone lo que est\u00e1 oculto a simple vista: las desigualdades sociales construidas en nuestras ciudades, hogares y vecindarios. Kern ofrece una visi\u00f3n alternativa de la ciudad feminista. Asumiendo el miedo, la maternidad, la amistad, el activismo y las alegr\u00edas y peligros de estar sola, Kern traza un mapa de la ciudad desde nuevos puntos de vista, presenta un enfoque feminista interseccional de las historias urbanas y propone que la ciudad es quiz\u00e1s tambi\u00e9n nuestra mejor esperanza para dar forma a un nuevo futuro urbano. Es hora de desmantelar lo que damos por sentado sobre las ciudades y de preguntarnos c\u00f3mo podemos construir juntas ciudades m\u00e1s justas, sostenibles y favorables a las mujeres.<\/p>\n<p>Leslie Kern: public\u00f3 Sex and the Revitalized City: Gender, Condominium Development, and Urban Citizenship (UBC Press, 2010). Obtuvo un Doctorado en Filosof\u00eda en Estudios sobre Mujeres de la Universidad de York. Profesora titular de geograf\u00eda y medioambiente y directora de estudios sobre mujeres y g\u00e9nero en la Universidad de Mount Allison de Sackville, en Canad\u00e1, Kern escribe sobre g\u00e9nero, gentrificaci\u00f3n y feminismo, y da clases sobre geograf\u00eda urbana, social y feminista. Por su trabajo, recibi\u00f3 una beca Fulbright y un National Housing Studies Achievement Award. Kern vive actualmente en territorio mi\u2019kmaq, una poblaci\u00f3n rural de cinco mil habitantes (en lo que actualmente se conoce como el este de Canad\u00e1), en Sackville, New Brunswick.<\/p>\n","protected":false},"excerpt":{"rendered":"<p><strong>Leslie Kern<\/strong><br \/>\n9788418684005 &#8211; Bellaterra &#8211; 2021 &#8211; 185 p\u00e1ginas \/orri.<\/p>\n","protected":false},"featured_media":8110,"template":"","meta":[],"product_brand":[],"product_cat":[174,16],"product_tag":[92,4521],"class_list":{"0":"post-8059","1":"product","2":"type-product","3":"status-publish","4":"has-post-thumbnail","6":"product_cat-generoak-generos","7":"product_cat-libros","8":"product_tag-bellaterra","9":"product_tag-leslie-kern","11":"first","12":"instock","13":"sold-individually","14":"shipping-taxable","15":"purchasable","16":"product-type-simple"},"yoast_head":"<!-- This site is optimized with the Yoast SEO plugin v27.4 - https:\/\/yoast.com\/product\/yoast-seo-wordpress\/ -->\n<title>Ciudad feminista. La lucha por el espacio en un mundo dise\u00f1ado po &#8212; Zapateneo<\/title>\n<meta name=\"robots\" content=\"index, follow, max-snippet:-1, max-image-preview:large, max-video-preview:-1\" \/>\n<link rel=\"canonical\" href=\"https:\/\/zapateneo.net\/wordpress\/index.php\/producto\/ciudad-feminista-la-lucha-por-el-espacio-en-un-mundo-disenado-po\/\" \/>\n<meta property=\"og:locale\" content=\"es_ES\" \/>\n<meta property=\"og:type\" content=\"article\" \/>\n<meta property=\"og:title\" content=\"Ciudad feminista. La lucha por el espacio en un mundo dise\u00f1ado po &#8212; Zapateneo\" \/>\n<meta property=\"og:description\" content=\"Leslie Kern 9788418684005 - Bellaterra - 2021 - 185 p\u00e1ginas \/orri.\" \/>\n<meta property=\"og:url\" content=\"https:\/\/zapateneo.net\/wordpress\/index.php\/producto\/ciudad-feminista-la-lucha-por-el-espacio-en-un-mundo-disenado-po\/\" \/>\n<meta property=\"og:site_name\" content=\"Zapateneo\" \/>\n<meta property=\"article:modified_time\" content=\"2021-09-15T19:33:53+00:00\" \/>\n<meta property=\"og:image\" content=\"https:\/\/zapateneo.net\/wordpress\/wp-content\/uploads\/2021\/09\/9788418684005.jpg\" \/>\n\t<meta property=\"og:image:width\" content=\"160\" \/>\n\t<meta property=\"og:image:height\" content=\"245\" \/>\n\t<meta property=\"og:image:type\" content=\"image\/jpeg\" \/>\n<meta name=\"twitter:card\" content=\"summary_large_image\" \/>\n<meta name=\"twitter:site\" content=\"@zapateneo\" \/>\n<meta name=\"twitter:label1\" content=\"Tiempo de lectura\" \/>\n\t<meta name=\"twitter:data1\" content=\"2 minutos\" \/>\n<script type=\"application\/ld+json\" class=\"yoast-schema-graph\">{\"@context\":\"https:\\\/\\\/schema.org\",\"@graph\":[{\"@type\":\"WebPage\",\"@id\":\"https:\\\/\\\/zapateneo.net\\\/wordpress\\\/index.php\\\/producto\\\/ciudad-feminista-la-lucha-por-el-espacio-en-un-mundo-disenado-po\\\/\",\"url\":\"https:\\\/\\\/zapateneo.net\\\/wordpress\\\/index.php\\\/producto\\\/ciudad-feminista-la-lucha-por-el-espacio-en-un-mundo-disenado-po\\\/\",\"name\":\"Ciudad feminista. La lucha por el espacio en un mundo dise\u00f1ado po &#8212; Zapateneo\",\"isPartOf\":{\"@id\":\"https:\\\/\\\/zapateneo.net\\\/wordpress\\\/#website\"},\"primaryImageOfPage\":{\"@id\":\"https:\\\/\\\/zapateneo.net\\\/wordpress\\\/index.php\\\/producto\\\/ciudad-feminista-la-lucha-por-el-espacio-en-un-mundo-disenado-po\\\/#primaryimage\"},\"image\":{\"@id\":\"https:\\\/\\\/zapateneo.net\\\/wordpress\\\/index.php\\\/producto\\\/ciudad-feminista-la-lucha-por-el-espacio-en-un-mundo-disenado-po\\\/#primaryimage\"},\"thumbnailUrl\":\"https:\\\/\\\/zapateneo.net\\\/wordpress\\\/wp-content\\\/uploads\\\/2021\\\/09\\\/9788418684005.jpg\",\"datePublished\":\"2021-09-15T19:28:53+00:00\",\"dateModified\":\"2021-09-15T19:33:53+00:00\",\"breadcrumb\":{\"@id\":\"https:\\\/\\\/zapateneo.net\\\/wordpress\\\/index.php\\\/producto\\\/ciudad-feminista-la-lucha-por-el-espacio-en-un-mundo-disenado-po\\\/#breadcrumb\"},\"inLanguage\":\"es\",\"potentialAction\":[{\"@type\":\"ReadAction\",\"target\":[\"https:\\\/\\\/zapateneo.net\\\/wordpress\\\/index.php\\\/producto\\\/ciudad-feminista-la-lucha-por-el-espacio-en-un-mundo-disenado-po\\\/\"]}]},{\"@type\":\"ImageObject\",\"inLanguage\":\"es\",\"@id\":\"https:\\\/\\\/zapateneo.net\\\/wordpress\\\/index.php\\\/producto\\\/ciudad-feminista-la-lucha-por-el-espacio-en-un-mundo-disenado-po\\\/#primaryimage\",\"url\":\"https:\\\/\\\/zapateneo.net\\\/wordpress\\\/wp-content\\\/uploads\\\/2021\\\/09\\\/9788418684005.jpg\",\"contentUrl\":\"https:\\\/\\\/zapateneo.net\\\/wordpress\\\/wp-content\\\/uploads\\\/2021\\\/09\\\/9788418684005.jpg\",\"width\":160,\"height\":245},{\"@type\":\"BreadcrumbList\",\"@id\":\"https:\\\/\\\/zapateneo.net\\\/wordpress\\\/index.php\\\/producto\\\/ciudad-feminista-la-lucha-por-el-espacio-en-un-mundo-disenado-po\\\/#breadcrumb\",\"itemListElement\":[{\"@type\":\"ListItem\",\"position\":1,\"name\":\"Portada\",\"item\":\"https:\\\/\\\/zapateneo.net\\\/wordpress\\\/\"},{\"@type\":\"ListItem\",\"position\":2,\"name\":\"Tienda\",\"item\":\"https:\\\/\\\/zapateneo.net\\\/wordpress\\\/\"},{\"@type\":\"ListItem\",\"position\":3,\"name\":\"Ciudad feminista. La lucha por el espacio en un mundo dise\u00f1ado po\"}]},{\"@type\":\"WebSite\",\"@id\":\"https:\\\/\\\/zapateneo.net\\\/wordpress\\\/#website\",\"url\":\"https:\\\/\\\/zapateneo.net\\\/wordpress\\\/\",\"name\":\"Zapateneo\",\"description\":\"Zapateneoaren webgunea\",\"publisher\":{\"@id\":\"https:\\\/\\\/zapateneo.net\\\/wordpress\\\/#organization\"},\"potentialAction\":[{\"@type\":\"SearchAction\",\"target\":{\"@type\":\"EntryPoint\",\"urlTemplate\":\"https:\\\/\\\/zapateneo.net\\\/wordpress\\\/?s={search_term_string}\"},\"query-input\":{\"@type\":\"PropertyValueSpecification\",\"valueRequired\":true,\"valueName\":\"search_term_string\"}}],\"inLanguage\":\"es\"},{\"@type\":\"Organization\",\"@id\":\"https:\\\/\\\/zapateneo.net\\\/wordpress\\\/#organization\",\"name\":\"Zapateneo Kultur Elkartea\",\"url\":\"https:\\\/\\\/zapateneo.net\\\/wordpress\\\/\",\"logo\":{\"@type\":\"ImageObject\",\"inLanguage\":\"es\",\"@id\":\"https:\\\/\\\/zapateneo.net\\\/wordpress\\\/#\\\/schema\\\/logo\\\/image\\\/\",\"url\":\"https:\\\/\\\/zapateneo.net\\\/wordpress\\\/wp-content\\\/uploads\\\/2021\\\/04\\\/zap-libu-kolec.jpg\",\"contentUrl\":\"https:\\\/\\\/zapateneo.net\\\/wordpress\\\/wp-content\\\/uploads\\\/2021\\\/04\\\/zap-libu-kolec.jpg\",\"width\":2234,\"height\":398,\"caption\":\"Zapateneo Kultur Elkartea\"},\"image\":{\"@id\":\"https:\\\/\\\/zapateneo.net\\\/wordpress\\\/#\\\/schema\\\/logo\\\/image\\\/\"},\"sameAs\":[\"https:\\\/\\\/x.com\\\/zapateneo\"]}]}<\/script>\n<!-- \/ Yoast SEO plugin. -->","yoast_head_json":{"title":"Ciudad feminista. La lucha por el espacio en un mundo dise\u00f1ado po &#8212; Zapateneo","robots":{"index":"index","follow":"follow","max-snippet":"max-snippet:-1","max-image-preview":"max-image-preview:large","max-video-preview":"max-video-preview:-1"},"canonical":"https:\/\/zapateneo.net\/wordpress\/index.php\/producto\/ciudad-feminista-la-lucha-por-el-espacio-en-un-mundo-disenado-po\/","og_locale":"es_ES","og_type":"article","og_title":"Ciudad feminista. La lucha por el espacio en un mundo dise\u00f1ado po &#8212; Zapateneo","og_description":"Leslie Kern 9788418684005 - Bellaterra - 2021 - 185 p\u00e1ginas \/orri.","og_url":"https:\/\/zapateneo.net\/wordpress\/index.php\/producto\/ciudad-feminista-la-lucha-por-el-espacio-en-un-mundo-disenado-po\/","og_site_name":"Zapateneo","article_modified_time":"2021-09-15T19:33:53+00:00","og_image":[{"width":160,"height":245,"url":"https:\/\/zapateneo.net\/wordpress\/wp-content\/uploads\/2021\/09\/9788418684005.jpg","type":"image\/jpeg"}],"twitter_card":"summary_large_image","twitter_site":"@zapateneo","twitter_misc":{"Tiempo de lectura":"2 minutos"},"schema":{"@context":"https:\/\/schema.org","@graph":[{"@type":"WebPage","@id":"https:\/\/zapateneo.net\/wordpress\/index.php\/producto\/ciudad-feminista-la-lucha-por-el-espacio-en-un-mundo-disenado-po\/","url":"https:\/\/zapateneo.net\/wordpress\/index.php\/producto\/ciudad-feminista-la-lucha-por-el-espacio-en-un-mundo-disenado-po\/","name":"Ciudad feminista. La lucha por el espacio en un mundo dise\u00f1ado po &#8212; Zapateneo","isPartOf":{"@id":"https:\/\/zapateneo.net\/wordpress\/#website"},"primaryImageOfPage":{"@id":"https:\/\/zapateneo.net\/wordpress\/index.php\/producto\/ciudad-feminista-la-lucha-por-el-espacio-en-un-mundo-disenado-po\/#primaryimage"},"image":{"@id":"https:\/\/zapateneo.net\/wordpress\/index.php\/producto\/ciudad-feminista-la-lucha-por-el-espacio-en-un-mundo-disenado-po\/#primaryimage"},"thumbnailUrl":"https:\/\/zapateneo.net\/wordpress\/wp-content\/uploads\/2021\/09\/9788418684005.jpg","datePublished":"2021-09-15T19:28:53+00:00","dateModified":"2021-09-15T19:33:53+00:00","breadcrumb":{"@id":"https:\/\/zapateneo.net\/wordpress\/index.php\/producto\/ciudad-feminista-la-lucha-por-el-espacio-en-un-mundo-disenado-po\/#breadcrumb"},"inLanguage":"es","potentialAction":[{"@type":"ReadAction","target":["https:\/\/zapateneo.net\/wordpress\/index.php\/producto\/ciudad-feminista-la-lucha-por-el-espacio-en-un-mundo-disenado-po\/"]}]},{"@type":"ImageObject","inLanguage":"es","@id":"https:\/\/zapateneo.net\/wordpress\/index.php\/producto\/ciudad-feminista-la-lucha-por-el-espacio-en-un-mundo-disenado-po\/#primaryimage","url":"https:\/\/zapateneo.net\/wordpress\/wp-content\/uploads\/2021\/09\/9788418684005.jpg","contentUrl":"https:\/\/zapateneo.net\/wordpress\/wp-content\/uploads\/2021\/09\/9788418684005.jpg","width":160,"height":245},{"@type":"BreadcrumbList","@id":"https:\/\/zapateneo.net\/wordpress\/index.php\/producto\/ciudad-feminista-la-lucha-por-el-espacio-en-un-mundo-disenado-po\/#breadcrumb","itemListElement":[{"@type":"ListItem","position":1,"name":"Portada","item":"https:\/\/zapateneo.net\/wordpress\/"},{"@type":"ListItem","position":2,"name":"Tienda","item":"https:\/\/zapateneo.net\/wordpress\/"},{"@type":"ListItem","position":3,"name":"Ciudad feminista. La lucha por el espacio en un mundo dise\u00f1ado po"}]},{"@type":"WebSite","@id":"https:\/\/zapateneo.net\/wordpress\/#website","url":"https:\/\/zapateneo.net\/wordpress\/","name":"Zapateneo","description":"Zapateneoaren webgunea","publisher":{"@id":"https:\/\/zapateneo.net\/wordpress\/#organization"},"potentialAction":[{"@type":"SearchAction","target":{"@type":"EntryPoint","urlTemplate":"https:\/\/zapateneo.net\/wordpress\/?s={search_term_string}"},"query-input":{"@type":"PropertyValueSpecification","valueRequired":true,"valueName":"search_term_string"}}],"inLanguage":"es"},{"@type":"Organization","@id":"https:\/\/zapateneo.net\/wordpress\/#organization","name":"Zapateneo Kultur Elkartea","url":"https:\/\/zapateneo.net\/wordpress\/","logo":{"@type":"ImageObject","inLanguage":"es","@id":"https:\/\/zapateneo.net\/wordpress\/#\/schema\/logo\/image\/","url":"https:\/\/zapateneo.net\/wordpress\/wp-content\/uploads\/2021\/04\/zap-libu-kolec.jpg","contentUrl":"https:\/\/zapateneo.net\/wordpress\/wp-content\/uploads\/2021\/04\/zap-libu-kolec.jpg","width":2234,"height":398,"caption":"Zapateneo Kultur Elkartea"},"image":{"@id":"https:\/\/zapateneo.net\/wordpress\/#\/schema\/logo\/image\/"},"sameAs":["https:\/\/x.com\/zapateneo"]}]}},"_links":{"self":[{"href":"https:\/\/zapateneo.net\/wordpress\/index.php\/wp-json\/wp\/v2\/product\/8059","targetHints":{"allow":["GET"]}}],"collection":[{"href":"https:\/\/zapateneo.net\/wordpress\/index.php\/wp-json\/wp\/v2\/product"}],"about":[{"href":"https:\/\/zapateneo.net\/wordpress\/index.php\/wp-json\/wp\/v2\/types\/product"}],"wp:featuredmedia":[{"embeddable":true,"href":"https:\/\/zapateneo.net\/wordpress\/index.php\/wp-json\/wp\/v2\/media\/8110"}],"wp:attachment":[{"href":"https:\/\/zapateneo.net\/wordpress\/index.php\/wp-json\/wp\/v2\/media?parent=8059"}],"wp:term":[{"taxonomy":"product_brand","embeddable":true,"href":"https:\/\/zapateneo.net\/wordpress\/index.php\/wp-json\/wp\/v2\/product_brand?post=8059"},{"taxonomy":"product_cat","embeddable":true,"href":"https:\/\/zapateneo.net\/wordpress\/index.php\/wp-json\/wp\/v2\/product_cat?post=8059"},{"taxonomy":"product_tag","embeddable":true,"href":"https:\/\/zapateneo.net\/wordpress\/index.php\/wp-json\/wp\/v2\/product_tag?post=8059"}],"curies":[{"name":"wp","href":"https:\/\/api.w.org\/{rel}","templated":true}]}}