{"id":8032,"date":"2021-09-15T20:25:42","date_gmt":"2021-09-15T19:25:42","guid":{"rendered":"https:\/\/zapateneo.net\/wordpress\/?post_type=product&#038;p=8032"},"modified":"2021-09-15T20:31:13","modified_gmt":"2021-09-15T19:31:13","slug":"feminismos-decoloniales-y-transformacion-social","status":"publish","type":"product","link":"https:\/\/zapateneo.net\/wordpress\/index.php\/producto\/feminismos-decoloniales-y-transformacion-social\/","title":{"rendered":"Feminismos decoloniales y transformaci\u00f3n social"},"content":{"rendered":"<p>Ochy Curiel y Diego Falcon\u00ed Tr\u00e1vez dialogan en este libro sobre los retos contempor\u00e1neos del feminismo decolonial centr\u00e1ndose, especialmente, en tres preguntas :\u00bfC\u00f3mo debe situarse este feminismo en el contexto actual de desigualdad entre el Norte y el Sur global? \u00bfSon solamente las mujeres lxs sujetos del feminismo decolonial o tambi\u00e9n otras corporalidades pueden encarnar esta propuesta pol\u00edtica, te\u00f3rica y vital? \u00bfCu\u00e1l es el rol del feminismo decolonial en las manifestaciones populares que, antes de la pandemia, explotaron en varios sitios del Abya Yala? Una propuesta para buscar maneras de \u00abdesengancharnos\u00bb de la colonialidad del saber, para articular una constelaci\u00f3n anticolonial colectiva que sirva como br\u00fajula, que apunta al Sur, en esta tan compleja \u00e9poca. \u00abEntender la importacia de la lucha comunitaria para enfrenar los efectos de todos los sistemas de opresi\u00f3n\u00bb Ochy Curiel<\/p>\n<p>Ochy-Curiel-9788498889949<\/p>\n<p>Rosa Yn\u00e9s Curiel Pichardo: (Santiago, Rep\u00fablica Dominicana; 15 de marzo de 1963) mejor conocida como Ochy Curiel, es una activista dominicana y te\u00f3rica del feminismo latinoamericano y caribe\u00f1o, antrop\u00f3loga social y cantautora. Es Doctora en Antropolog\u00eda social y portavoz del feminismo aut\u00f3nomo, l\u00e9sbico, antirracista y decolonial. Es una de las fundadoras del Grupo Latinoamericano de Estudios, Formaci\u00f3n y Acci\u00f3n Feminista (GLEFAS). Ha publicado varios art\u00edculos sobre la intersecci\u00f3n de raza, sexo y sexualidad, entre los cuales destacan La Naci\u00f3n Recta: An\u00e1lisis del discurso jur\u00eddico y el r\u00e9gimen heterosexual desde la antropolog\u00eda de la dominaci\u00f3n (GLEFAS, 2013) y Descolonizaci\u00f3n y Despatriarcalizaci\u00f3n de y desde los Feminismos de Abya Yala (ACSUR- Las Segovias, 2015). Experta en antropolog\u00eda social, actualmente es profesora en la Universidad Nacional de Colombia y la Universidad Javeriana, e integrante del equipo organizador del Festival sobre documentales con miradas cr\u00edticas y emancipadoras Globale-Bogot\u00e0. Diego Falcon\u00ed Tr\u00e1vez (Quito, 1979) es abogado especializado en derechos humanos y doctor en teor\u00eda de la literatura y literatura comparada (premio extraordinario de doctorado UAB, 2014). Es profesor de Derecho en la Universidad San Francisco de Quito y profesor asociado del \u00e1rea de Letras de la Universitat Aut\u00f2noma de Barcelona. Es director editorial de la Revista Iuris Dictio y co-director del grupo Intertextos. Es miembro del grupo Cuerpo y textualidad de la UAB. Sus l\u00edneas de investigaci\u00f3n giran en torno al comparatismo y an\u00e1lisis literario, el derecho y la normatividad, los estudios de g\u00e9nero, las teor\u00edas pos\/decoloniales y los estudios andinos, \u00e1reas donde cuenta con varias publicaciones individuales y en co-autor\u00eda. Es premio Casa de las Am\u00e9ricas 2016 en categor\u00eda de ensayo.<\/p>\n","protected":false},"excerpt":{"rendered":"<p><strong>Curiel, Ochy  Falcon\u00ed Tr\u00e1vez, Diego<\/strong><br \/>\n9788498889949 &#8211; Icaria &#8211; 2021 &#8211; 130 p\u00e1ginas \/orri.<\/p>\n","protected":false},"featured_media":8082,"template":"","meta":[],"product_brand":[],"product_cat":[174,16],"product_tag":[4504,643,4505],"class_list":{"0":"post-8032","1":"product","2":"type-product","3":"status-publish","4":"has-post-thumbnail","6":"product_cat-generoak-generos","7":"product_cat-libros","8":"product_tag-curiel","9":"product_tag-icaria","10":"product_tag-ochy-falconi-travez","12":"first","13":"instock","14":"sold-individually","15":"shipping-taxable","16":"purchasable","17":"product-type-simple"},"yoast_head":"<!-- This site is optimized with the Yoast SEO plugin v27.3 - https:\/\/yoast.com\/product\/yoast-seo-wordpress\/ -->\n<title>Feminismos decoloniales y transformaci\u00f3n social &#8212; Zapateneo<\/title>\n<meta name=\"robots\" content=\"index, follow, max-snippet:-1, max-image-preview:large, max-video-preview:-1\" \/>\n<link rel=\"canonical\" href=\"https:\/\/zapateneo.net\/wordpress\/index.php\/producto\/feminismos-decoloniales-y-transformacion-social\/\" \/>\n<meta property=\"og:locale\" content=\"es_ES\" \/>\n<meta property=\"og:type\" content=\"article\" \/>\n<meta property=\"og:title\" content=\"Feminismos decoloniales y transformaci\u00f3n social &#8212; Zapateneo\" \/>\n<meta property=\"og:description\" content=\"Curiel, Ochy Falcon\u00ed Tr\u00e1vez, Diego 9788498889949 - Icaria - 2021 - 130 p\u00e1ginas \/orri.\" \/>\n<meta property=\"og:url\" content=\"https:\/\/zapateneo.net\/wordpress\/index.php\/producto\/feminismos-decoloniales-y-transformacion-social\/\" \/>\n<meta property=\"og:site_name\" content=\"Zapateneo\" \/>\n<meta property=\"article:modified_time\" content=\"2021-09-15T19:31:13+00:00\" \/>\n<meta property=\"og:image\" content=\"https:\/\/zapateneo.net\/wordpress\/wp-content\/uploads\/2021\/09\/9788498889949.jpg\" \/>\n\t<meta property=\"og:image:width\" content=\"160\" \/>\n\t<meta property=\"og:image:height\" content=\"240\" \/>\n\t<meta property=\"og:image:type\" content=\"image\/jpeg\" \/>\n<meta name=\"twitter:card\" content=\"summary_large_image\" \/>\n<meta name=\"twitter:site\" content=\"@zapateneo\" \/>\n<meta name=\"twitter:label1\" content=\"Tiempo de lectura\" \/>\n\t<meta name=\"twitter:data1\" content=\"2 minutos\" \/>\n<script type=\"application\/ld+json\" class=\"yoast-schema-graph\">{\"@context\":\"https:\\\/\\\/schema.org\",\"@graph\":[{\"@type\":\"WebPage\",\"@id\":\"https:\\\/\\\/zapateneo.net\\\/wordpress\\\/index.php\\\/producto\\\/feminismos-decoloniales-y-transformacion-social\\\/\",\"url\":\"https:\\\/\\\/zapateneo.net\\\/wordpress\\\/index.php\\\/producto\\\/feminismos-decoloniales-y-transformacion-social\\\/\",\"name\":\"Feminismos decoloniales y transformaci\u00f3n social &#8212; Zapateneo\",\"isPartOf\":{\"@id\":\"https:\\\/\\\/zapateneo.net\\\/wordpress\\\/#website\"},\"primaryImageOfPage\":{\"@id\":\"https:\\\/\\\/zapateneo.net\\\/wordpress\\\/index.php\\\/producto\\\/feminismos-decoloniales-y-transformacion-social\\\/#primaryimage\"},\"image\":{\"@id\":\"https:\\\/\\\/zapateneo.net\\\/wordpress\\\/index.php\\\/producto\\\/feminismos-decoloniales-y-transformacion-social\\\/#primaryimage\"},\"thumbnailUrl\":\"https:\\\/\\\/zapateneo.net\\\/wordpress\\\/wp-content\\\/uploads\\\/2021\\\/09\\\/9788498889949.jpg\",\"datePublished\":\"2021-09-15T19:25:42+00:00\",\"dateModified\":\"2021-09-15T19:31:13+00:00\",\"breadcrumb\":{\"@id\":\"https:\\\/\\\/zapateneo.net\\\/wordpress\\\/index.php\\\/producto\\\/feminismos-decoloniales-y-transformacion-social\\\/#breadcrumb\"},\"inLanguage\":\"es\",\"potentialAction\":[{\"@type\":\"ReadAction\",\"target\":[\"https:\\\/\\\/zapateneo.net\\\/wordpress\\\/index.php\\\/producto\\\/feminismos-decoloniales-y-transformacion-social\\\/\"]}]},{\"@type\":\"ImageObject\",\"inLanguage\":\"es\",\"@id\":\"https:\\\/\\\/zapateneo.net\\\/wordpress\\\/index.php\\\/producto\\\/feminismos-decoloniales-y-transformacion-social\\\/#primaryimage\",\"url\":\"https:\\\/\\\/zapateneo.net\\\/wordpress\\\/wp-content\\\/uploads\\\/2021\\\/09\\\/9788498889949.jpg\",\"contentUrl\":\"https:\\\/\\\/zapateneo.net\\\/wordpress\\\/wp-content\\\/uploads\\\/2021\\\/09\\\/9788498889949.jpg\",\"width\":160,\"height\":240},{\"@type\":\"BreadcrumbList\",\"@id\":\"https:\\\/\\\/zapateneo.net\\\/wordpress\\\/index.php\\\/producto\\\/feminismos-decoloniales-y-transformacion-social\\\/#breadcrumb\",\"itemListElement\":[{\"@type\":\"ListItem\",\"position\":1,\"name\":\"Portada\",\"item\":\"https:\\\/\\\/zapateneo.net\\\/wordpress\\\/\"},{\"@type\":\"ListItem\",\"position\":2,\"name\":\"Tienda\",\"item\":\"https:\\\/\\\/zapateneo.net\\\/wordpress\\\/\"},{\"@type\":\"ListItem\",\"position\":3,\"name\":\"Feminismos decoloniales y transformaci\u00f3n social\"}]},{\"@type\":\"WebSite\",\"@id\":\"https:\\\/\\\/zapateneo.net\\\/wordpress\\\/#website\",\"url\":\"https:\\\/\\\/zapateneo.net\\\/wordpress\\\/\",\"name\":\"Zapateneo\",\"description\":\"Zapateneoaren webgunea\",\"publisher\":{\"@id\":\"https:\\\/\\\/zapateneo.net\\\/wordpress\\\/#organization\"},\"potentialAction\":[{\"@type\":\"SearchAction\",\"target\":{\"@type\":\"EntryPoint\",\"urlTemplate\":\"https:\\\/\\\/zapateneo.net\\\/wordpress\\\/?s={search_term_string}\"},\"query-input\":{\"@type\":\"PropertyValueSpecification\",\"valueRequired\":true,\"valueName\":\"search_term_string\"}}],\"inLanguage\":\"es\"},{\"@type\":\"Organization\",\"@id\":\"https:\\\/\\\/zapateneo.net\\\/wordpress\\\/#organization\",\"name\":\"Zapateneo Kultur Elkartea\",\"url\":\"https:\\\/\\\/zapateneo.net\\\/wordpress\\\/\",\"logo\":{\"@type\":\"ImageObject\",\"inLanguage\":\"es\",\"@id\":\"https:\\\/\\\/zapateneo.net\\\/wordpress\\\/#\\\/schema\\\/logo\\\/image\\\/\",\"url\":\"https:\\\/\\\/zapateneo.net\\\/wordpress\\\/wp-content\\\/uploads\\\/2021\\\/04\\\/zap-libu-kolec.jpg\",\"contentUrl\":\"https:\\\/\\\/zapateneo.net\\\/wordpress\\\/wp-content\\\/uploads\\\/2021\\\/04\\\/zap-libu-kolec.jpg\",\"width\":2234,\"height\":398,\"caption\":\"Zapateneo Kultur Elkartea\"},\"image\":{\"@id\":\"https:\\\/\\\/zapateneo.net\\\/wordpress\\\/#\\\/schema\\\/logo\\\/image\\\/\"},\"sameAs\":[\"https:\\\/\\\/x.com\\\/zapateneo\"]}]}<\/script>\n<!-- \/ Yoast SEO plugin. -->","yoast_head_json":{"title":"Feminismos decoloniales y transformaci\u00f3n social &#8212; Zapateneo","robots":{"index":"index","follow":"follow","max-snippet":"max-snippet:-1","max-image-preview":"max-image-preview:large","max-video-preview":"max-video-preview:-1"},"canonical":"https:\/\/zapateneo.net\/wordpress\/index.php\/producto\/feminismos-decoloniales-y-transformacion-social\/","og_locale":"es_ES","og_type":"article","og_title":"Feminismos decoloniales y transformaci\u00f3n social &#8212; Zapateneo","og_description":"Curiel, Ochy Falcon\u00ed Tr\u00e1vez, Diego 9788498889949 - Icaria - 2021 - 130 p\u00e1ginas \/orri.","og_url":"https:\/\/zapateneo.net\/wordpress\/index.php\/producto\/feminismos-decoloniales-y-transformacion-social\/","og_site_name":"Zapateneo","article_modified_time":"2021-09-15T19:31:13+00:00","og_image":[{"width":160,"height":240,"url":"https:\/\/zapateneo.net\/wordpress\/wp-content\/uploads\/2021\/09\/9788498889949.jpg","type":"image\/jpeg"}],"twitter_card":"summary_large_image","twitter_site":"@zapateneo","twitter_misc":{"Tiempo de lectura":"2 minutos"},"schema":{"@context":"https:\/\/schema.org","@graph":[{"@type":"WebPage","@id":"https:\/\/zapateneo.net\/wordpress\/index.php\/producto\/feminismos-decoloniales-y-transformacion-social\/","url":"https:\/\/zapateneo.net\/wordpress\/index.php\/producto\/feminismos-decoloniales-y-transformacion-social\/","name":"Feminismos decoloniales y transformaci\u00f3n social &#8212; Zapateneo","isPartOf":{"@id":"https:\/\/zapateneo.net\/wordpress\/#website"},"primaryImageOfPage":{"@id":"https:\/\/zapateneo.net\/wordpress\/index.php\/producto\/feminismos-decoloniales-y-transformacion-social\/#primaryimage"},"image":{"@id":"https:\/\/zapateneo.net\/wordpress\/index.php\/producto\/feminismos-decoloniales-y-transformacion-social\/#primaryimage"},"thumbnailUrl":"https:\/\/zapateneo.net\/wordpress\/wp-content\/uploads\/2021\/09\/9788498889949.jpg","datePublished":"2021-09-15T19:25:42+00:00","dateModified":"2021-09-15T19:31:13+00:00","breadcrumb":{"@id":"https:\/\/zapateneo.net\/wordpress\/index.php\/producto\/feminismos-decoloniales-y-transformacion-social\/#breadcrumb"},"inLanguage":"es","potentialAction":[{"@type":"ReadAction","target":["https:\/\/zapateneo.net\/wordpress\/index.php\/producto\/feminismos-decoloniales-y-transformacion-social\/"]}]},{"@type":"ImageObject","inLanguage":"es","@id":"https:\/\/zapateneo.net\/wordpress\/index.php\/producto\/feminismos-decoloniales-y-transformacion-social\/#primaryimage","url":"https:\/\/zapateneo.net\/wordpress\/wp-content\/uploads\/2021\/09\/9788498889949.jpg","contentUrl":"https:\/\/zapateneo.net\/wordpress\/wp-content\/uploads\/2021\/09\/9788498889949.jpg","width":160,"height":240},{"@type":"BreadcrumbList","@id":"https:\/\/zapateneo.net\/wordpress\/index.php\/producto\/feminismos-decoloniales-y-transformacion-social\/#breadcrumb","itemListElement":[{"@type":"ListItem","position":1,"name":"Portada","item":"https:\/\/zapateneo.net\/wordpress\/"},{"@type":"ListItem","position":2,"name":"Tienda","item":"https:\/\/zapateneo.net\/wordpress\/"},{"@type":"ListItem","position":3,"name":"Feminismos decoloniales y transformaci\u00f3n social"}]},{"@type":"WebSite","@id":"https:\/\/zapateneo.net\/wordpress\/#website","url":"https:\/\/zapateneo.net\/wordpress\/","name":"Zapateneo","description":"Zapateneoaren webgunea","publisher":{"@id":"https:\/\/zapateneo.net\/wordpress\/#organization"},"potentialAction":[{"@type":"SearchAction","target":{"@type":"EntryPoint","urlTemplate":"https:\/\/zapateneo.net\/wordpress\/?s={search_term_string}"},"query-input":{"@type":"PropertyValueSpecification","valueRequired":true,"valueName":"search_term_string"}}],"inLanguage":"es"},{"@type":"Organization","@id":"https:\/\/zapateneo.net\/wordpress\/#organization","name":"Zapateneo Kultur Elkartea","url":"https:\/\/zapateneo.net\/wordpress\/","logo":{"@type":"ImageObject","inLanguage":"es","@id":"https:\/\/zapateneo.net\/wordpress\/#\/schema\/logo\/image\/","url":"https:\/\/zapateneo.net\/wordpress\/wp-content\/uploads\/2021\/04\/zap-libu-kolec.jpg","contentUrl":"https:\/\/zapateneo.net\/wordpress\/wp-content\/uploads\/2021\/04\/zap-libu-kolec.jpg","width":2234,"height":398,"caption":"Zapateneo Kultur Elkartea"},"image":{"@id":"https:\/\/zapateneo.net\/wordpress\/#\/schema\/logo\/image\/"},"sameAs":["https:\/\/x.com\/zapateneo"]}]}},"_links":{"self":[{"href":"https:\/\/zapateneo.net\/wordpress\/index.php\/wp-json\/wp\/v2\/product\/8032","targetHints":{"allow":["GET"]}}],"collection":[{"href":"https:\/\/zapateneo.net\/wordpress\/index.php\/wp-json\/wp\/v2\/product"}],"about":[{"href":"https:\/\/zapateneo.net\/wordpress\/index.php\/wp-json\/wp\/v2\/types\/product"}],"wp:featuredmedia":[{"embeddable":true,"href":"https:\/\/zapateneo.net\/wordpress\/index.php\/wp-json\/wp\/v2\/media\/8082"}],"wp:attachment":[{"href":"https:\/\/zapateneo.net\/wordpress\/index.php\/wp-json\/wp\/v2\/media?parent=8032"}],"wp:term":[{"taxonomy":"product_brand","embeddable":true,"href":"https:\/\/zapateneo.net\/wordpress\/index.php\/wp-json\/wp\/v2\/product_brand?post=8032"},{"taxonomy":"product_cat","embeddable":true,"href":"https:\/\/zapateneo.net\/wordpress\/index.php\/wp-json\/wp\/v2\/product_cat?post=8032"},{"taxonomy":"product_tag","embeddable":true,"href":"https:\/\/zapateneo.net\/wordpress\/index.php\/wp-json\/wp\/v2\/product_tag?post=8032"}],"curies":[{"name":"wp","href":"https:\/\/api.w.org\/{rel}","templated":true}]}}