{"id":8009,"date":"2021-09-15T20:22:38","date_gmt":"2021-09-15T19:22:38","guid":{"rendered":"https:\/\/zapateneo.net\/wordpress\/?post_type=product&#038;p=8009"},"modified":"2021-09-15T20:29:10","modified_gmt":"2021-09-15T19:29:10","slug":"redistribucion-o-reconocimiento-un-debate-entre-marxismo-y-feminismo","status":"publish","type":"product","link":"https:\/\/zapateneo.net\/wordpress\/index.php\/producto\/redistribucion-o-reconocimiento-un-debate-entre-marxismo-y-feminismo\/","title":{"rendered":"\u00bfREDISTRIBUCI\u00d3N O RECONOCIMIENTO? UN DEBATE ENTRE MARXISMO Y FEMINISMO"},"content":{"rendered":"<p>\u00bfForma parte la regulaci\u00f3n heterosexual normativa del proceso de acumulaci\u00f3n capitalista hasta el punto de resultar imprescindible para su propia supervivencia? Esta puede ser la pregunta en torno a la cual se organiza el debate entre estas dos importantes te\u00f3ricas feministas a finales de los a\u00f1os noventa del siglo XX. Se trata de una pregunta eminentemente pol\u00edtica. La discusi\u00f3n comienza con la propuesta de Nancy Fraser de distinguir entre dos polos anal\u00edticos presentes en las luchas del momento: las luchas por el reconocimiento (protot\u00edpicamente, las luchas LGTB) y las luchas por la redistribuci\u00f3n (prot\u00edpicamente, las luchas de clase). La aguda contestaci\u00f3n de Judith Butler a Fraser, inspirada en la cr\u00edtica feminista y marxista a la familia, plantea una serie de cuestiones que todav\u00eda siguen presentes en el debate contempor\u00e1neo. Se trata del complejo problema de la relaci\u00f3n entre lo econ\u00f3mico y lo cultural en las formaciones capitalistas y de la hibridaci\u00f3n de estas dos dimensiones en lo que se refiere a la producci\u00f3n del g\u00e9nero y la sexualidad en esas mismas sociedades.<\/p>\n<p>Judith Butler, fil\u00f3sofa post-estructuralista, actualmente ocupa la c\u00e1tedra Maxine Elliot de Ret\u00f3rica, Literatura comparada y Estudios de la mujer, en la Universidad de California, Berkeley, tras haber sido profesora en la Universidad de Wesleyan de Ohio y Johns Hopkins. Esta te\u00f3rica ha realizado importantes aportes en el campo del feminismo, la teor\u00eda queer, la filosof\u00eda pol\u00edtica y la \u00e9tica. Autora entre otras de las siguientes obras: El g\u00e9nero en disputa. Feminismo y la subversi\u00f3n de la identidad (1990) y Cuerpos que importan. El l\u00edmite discursivo del sexo (1993).<\/p>\n<p>Nancy Fraser, titular de la c\u00e1tedra Henry A. and Louise Loeb de Ciencias Pol\u00edticas y Filosof\u00eda en la New School de Nueva York, ocupa la c\u00e1tedra de Justicia Global en el Coll\u00e8ge d&#8217;\u00c9tudes Mondiales de Par\u00eds y es profesora en el Centre for Gender Research de la Universidad de Oslo. Ha sido fundadora y durante muchos a\u00f1os coeditora de la revista Constellations, de cuyo consejo editorial sigue formando parte. Entre sus libros se incluyen: Feminist Contentions: A Philosophical Exchange (con Seyla Benhabib, Judith Butler y Drucilla Cornwall, 1994); The Radical Imagination: Between Redistribution and Recognition (2003) y Redistribution or Recognition? A Political-Philosophical Exchange (con Axel Honneth, 2003); Fortunas del feminismo, editado por Traficantes de Sue\u00f1os en 2015, re\u00fane algunos de sus mejores art\u00edculos.<\/p>\n","protected":false},"excerpt":{"rendered":"<p><strong>Butler,  Judith &#038;  Fraser,  Nancy<\/strong><br \/>\n9788494719622 &#8211; Traficantes De Sue\u00d1os &#8211; 2017 &#8211; 108 p\u00e1ginas \/orri.<\/p>\n","protected":false},"featured_media":8062,"template":"","meta":[],"product_brand":[],"product_cat":[174,16],"product_tag":[1937,4491,471,72],"class_list":{"0":"post-8009","1":"product","2":"type-product","3":"status-publish","4":"has-post-thumbnail","6":"product_cat-generoak-generos","7":"product_cat-libros","8":"product_tag-butler","9":"product_tag-judith-fraser","10":"product_tag-nancy","11":"product_tag-traficantes-de-suenos","13":"first","14":"instock","15":"sold-individually","16":"shipping-taxable","17":"purchasable","18":"product-type-simple"},"yoast_head":"<!-- This site is optimized with the Yoast SEO plugin v27.4 - https:\/\/yoast.com\/product\/yoast-seo-wordpress\/ -->\n<title>\u00bfREDISTRIBUCI\u00d3N O RECONOCIMIENTO? UN DEBATE ENTRE MARXISMO Y FEMINISMO &#8212; Zapateneo<\/title>\n<meta name=\"robots\" content=\"index, follow, max-snippet:-1, max-image-preview:large, max-video-preview:-1\" \/>\n<link rel=\"canonical\" href=\"https:\/\/zapateneo.net\/wordpress\/index.php\/producto\/redistribucion-o-reconocimiento-un-debate-entre-marxismo-y-feminismo\/\" \/>\n<meta property=\"og:locale\" content=\"es_ES\" \/>\n<meta property=\"og:type\" content=\"article\" \/>\n<meta property=\"og:title\" content=\"\u00bfREDISTRIBUCI\u00d3N O RECONOCIMIENTO? UN DEBATE ENTRE MARXISMO Y FEMINISMO &#8212; Zapateneo\" \/>\n<meta property=\"og:description\" content=\"Butler, Judith &amp; Fraser, Nancy 9788494719622 - Traficantes De Sue\u00d1os - 2017 - 108 p\u00e1ginas \/orri.\" \/>\n<meta property=\"og:url\" content=\"https:\/\/zapateneo.net\/wordpress\/index.php\/producto\/redistribucion-o-reconocimiento-un-debate-entre-marxismo-y-feminismo\/\" \/>\n<meta property=\"og:site_name\" content=\"Zapateneo\" \/>\n<meta property=\"article:modified_time\" content=\"2021-09-15T19:29:10+00:00\" \/>\n<meta property=\"og:image\" content=\"https:\/\/zapateneo.net\/wordpress\/wp-content\/uploads\/2021\/09\/reconocimiento.gif\" \/>\n\t<meta property=\"og:image:width\" content=\"232\" \/>\n\t<meta property=\"og:image:height\" content=\"400\" \/>\n\t<meta property=\"og:image:type\" content=\"image\/gif\" \/>\n<meta name=\"twitter:card\" content=\"summary_large_image\" \/>\n<meta name=\"twitter:site\" content=\"@zapateneo\" \/>\n<meta name=\"twitter:label1\" content=\"Tiempo de lectura\" \/>\n\t<meta name=\"twitter:data1\" content=\"2 minutos\" \/>\n<script type=\"application\/ld+json\" class=\"yoast-schema-graph\">{\"@context\":\"https:\\\/\\\/schema.org\",\"@graph\":[{\"@type\":\"WebPage\",\"@id\":\"https:\\\/\\\/zapateneo.net\\\/wordpress\\\/index.php\\\/producto\\\/redistribucion-o-reconocimiento-un-debate-entre-marxismo-y-feminismo\\\/\",\"url\":\"https:\\\/\\\/zapateneo.net\\\/wordpress\\\/index.php\\\/producto\\\/redistribucion-o-reconocimiento-un-debate-entre-marxismo-y-feminismo\\\/\",\"name\":\"\u00bfREDISTRIBUCI\u00d3N O RECONOCIMIENTO? UN DEBATE ENTRE MARXISMO Y FEMINISMO &#8212; Zapateneo\",\"isPartOf\":{\"@id\":\"https:\\\/\\\/zapateneo.net\\\/wordpress\\\/#website\"},\"primaryImageOfPage\":{\"@id\":\"https:\\\/\\\/zapateneo.net\\\/wordpress\\\/index.php\\\/producto\\\/redistribucion-o-reconocimiento-un-debate-entre-marxismo-y-feminismo\\\/#primaryimage\"},\"image\":{\"@id\":\"https:\\\/\\\/zapateneo.net\\\/wordpress\\\/index.php\\\/producto\\\/redistribucion-o-reconocimiento-un-debate-entre-marxismo-y-feminismo\\\/#primaryimage\"},\"thumbnailUrl\":\"https:\\\/\\\/zapateneo.net\\\/wordpress\\\/wp-content\\\/uploads\\\/2021\\\/09\\\/reconocimiento.gif\",\"datePublished\":\"2021-09-15T19:22:38+00:00\",\"dateModified\":\"2021-09-15T19:29:10+00:00\",\"breadcrumb\":{\"@id\":\"https:\\\/\\\/zapateneo.net\\\/wordpress\\\/index.php\\\/producto\\\/redistribucion-o-reconocimiento-un-debate-entre-marxismo-y-feminismo\\\/#breadcrumb\"},\"inLanguage\":\"es\",\"potentialAction\":[{\"@type\":\"ReadAction\",\"target\":[\"https:\\\/\\\/zapateneo.net\\\/wordpress\\\/index.php\\\/producto\\\/redistribucion-o-reconocimiento-un-debate-entre-marxismo-y-feminismo\\\/\"]}]},{\"@type\":\"ImageObject\",\"inLanguage\":\"es\",\"@id\":\"https:\\\/\\\/zapateneo.net\\\/wordpress\\\/index.php\\\/producto\\\/redistribucion-o-reconocimiento-un-debate-entre-marxismo-y-feminismo\\\/#primaryimage\",\"url\":\"https:\\\/\\\/zapateneo.net\\\/wordpress\\\/wp-content\\\/uploads\\\/2021\\\/09\\\/reconocimiento.gif\",\"contentUrl\":\"https:\\\/\\\/zapateneo.net\\\/wordpress\\\/wp-content\\\/uploads\\\/2021\\\/09\\\/reconocimiento.gif\",\"width\":232,\"height\":400},{\"@type\":\"BreadcrumbList\",\"@id\":\"https:\\\/\\\/zapateneo.net\\\/wordpress\\\/index.php\\\/producto\\\/redistribucion-o-reconocimiento-un-debate-entre-marxismo-y-feminismo\\\/#breadcrumb\",\"itemListElement\":[{\"@type\":\"ListItem\",\"position\":1,\"name\":\"Portada\",\"item\":\"https:\\\/\\\/zapateneo.net\\\/wordpress\\\/\"},{\"@type\":\"ListItem\",\"position\":2,\"name\":\"Tienda\",\"item\":\"https:\\\/\\\/zapateneo.net\\\/wordpress\\\/\"},{\"@type\":\"ListItem\",\"position\":3,\"name\":\"\u00bfREDISTRIBUCI\u00d3N O RECONOCIMIENTO? UN DEBATE ENTRE MARXISMO Y FEMINISMO\"}]},{\"@type\":\"WebSite\",\"@id\":\"https:\\\/\\\/zapateneo.net\\\/wordpress\\\/#website\",\"url\":\"https:\\\/\\\/zapateneo.net\\\/wordpress\\\/\",\"name\":\"Zapateneo\",\"description\":\"Zapateneoaren webgunea\",\"publisher\":{\"@id\":\"https:\\\/\\\/zapateneo.net\\\/wordpress\\\/#organization\"},\"potentialAction\":[{\"@type\":\"SearchAction\",\"target\":{\"@type\":\"EntryPoint\",\"urlTemplate\":\"https:\\\/\\\/zapateneo.net\\\/wordpress\\\/?s={search_term_string}\"},\"query-input\":{\"@type\":\"PropertyValueSpecification\",\"valueRequired\":true,\"valueName\":\"search_term_string\"}}],\"inLanguage\":\"es\"},{\"@type\":\"Organization\",\"@id\":\"https:\\\/\\\/zapateneo.net\\\/wordpress\\\/#organization\",\"name\":\"Zapateneo Kultur Elkartea\",\"url\":\"https:\\\/\\\/zapateneo.net\\\/wordpress\\\/\",\"logo\":{\"@type\":\"ImageObject\",\"inLanguage\":\"es\",\"@id\":\"https:\\\/\\\/zapateneo.net\\\/wordpress\\\/#\\\/schema\\\/logo\\\/image\\\/\",\"url\":\"https:\\\/\\\/zapateneo.net\\\/wordpress\\\/wp-content\\\/uploads\\\/2021\\\/04\\\/zap-libu-kolec.jpg\",\"contentUrl\":\"https:\\\/\\\/zapateneo.net\\\/wordpress\\\/wp-content\\\/uploads\\\/2021\\\/04\\\/zap-libu-kolec.jpg\",\"width\":2234,\"height\":398,\"caption\":\"Zapateneo Kultur Elkartea\"},\"image\":{\"@id\":\"https:\\\/\\\/zapateneo.net\\\/wordpress\\\/#\\\/schema\\\/logo\\\/image\\\/\"},\"sameAs\":[\"https:\\\/\\\/x.com\\\/zapateneo\"]}]}<\/script>\n<!-- \/ Yoast SEO plugin. -->","yoast_head_json":{"title":"\u00bfREDISTRIBUCI\u00d3N O RECONOCIMIENTO? UN DEBATE ENTRE MARXISMO Y FEMINISMO &#8212; Zapateneo","robots":{"index":"index","follow":"follow","max-snippet":"max-snippet:-1","max-image-preview":"max-image-preview:large","max-video-preview":"max-video-preview:-1"},"canonical":"https:\/\/zapateneo.net\/wordpress\/index.php\/producto\/redistribucion-o-reconocimiento-un-debate-entre-marxismo-y-feminismo\/","og_locale":"es_ES","og_type":"article","og_title":"\u00bfREDISTRIBUCI\u00d3N O RECONOCIMIENTO? UN DEBATE ENTRE MARXISMO Y FEMINISMO &#8212; Zapateneo","og_description":"Butler, Judith & Fraser, Nancy 9788494719622 - Traficantes De Sue\u00d1os - 2017 - 108 p\u00e1ginas \/orri.","og_url":"https:\/\/zapateneo.net\/wordpress\/index.php\/producto\/redistribucion-o-reconocimiento-un-debate-entre-marxismo-y-feminismo\/","og_site_name":"Zapateneo","article_modified_time":"2021-09-15T19:29:10+00:00","og_image":[{"width":232,"height":400,"url":"https:\/\/zapateneo.net\/wordpress\/wp-content\/uploads\/2021\/09\/reconocimiento.gif","type":"image\/gif"}],"twitter_card":"summary_large_image","twitter_site":"@zapateneo","twitter_misc":{"Tiempo de lectura":"2 minutos"},"schema":{"@context":"https:\/\/schema.org","@graph":[{"@type":"WebPage","@id":"https:\/\/zapateneo.net\/wordpress\/index.php\/producto\/redistribucion-o-reconocimiento-un-debate-entre-marxismo-y-feminismo\/","url":"https:\/\/zapateneo.net\/wordpress\/index.php\/producto\/redistribucion-o-reconocimiento-un-debate-entre-marxismo-y-feminismo\/","name":"\u00bfREDISTRIBUCI\u00d3N O RECONOCIMIENTO? UN DEBATE ENTRE MARXISMO Y FEMINISMO &#8212; Zapateneo","isPartOf":{"@id":"https:\/\/zapateneo.net\/wordpress\/#website"},"primaryImageOfPage":{"@id":"https:\/\/zapateneo.net\/wordpress\/index.php\/producto\/redistribucion-o-reconocimiento-un-debate-entre-marxismo-y-feminismo\/#primaryimage"},"image":{"@id":"https:\/\/zapateneo.net\/wordpress\/index.php\/producto\/redistribucion-o-reconocimiento-un-debate-entre-marxismo-y-feminismo\/#primaryimage"},"thumbnailUrl":"https:\/\/zapateneo.net\/wordpress\/wp-content\/uploads\/2021\/09\/reconocimiento.gif","datePublished":"2021-09-15T19:22:38+00:00","dateModified":"2021-09-15T19:29:10+00:00","breadcrumb":{"@id":"https:\/\/zapateneo.net\/wordpress\/index.php\/producto\/redistribucion-o-reconocimiento-un-debate-entre-marxismo-y-feminismo\/#breadcrumb"},"inLanguage":"es","potentialAction":[{"@type":"ReadAction","target":["https:\/\/zapateneo.net\/wordpress\/index.php\/producto\/redistribucion-o-reconocimiento-un-debate-entre-marxismo-y-feminismo\/"]}]},{"@type":"ImageObject","inLanguage":"es","@id":"https:\/\/zapateneo.net\/wordpress\/index.php\/producto\/redistribucion-o-reconocimiento-un-debate-entre-marxismo-y-feminismo\/#primaryimage","url":"https:\/\/zapateneo.net\/wordpress\/wp-content\/uploads\/2021\/09\/reconocimiento.gif","contentUrl":"https:\/\/zapateneo.net\/wordpress\/wp-content\/uploads\/2021\/09\/reconocimiento.gif","width":232,"height":400},{"@type":"BreadcrumbList","@id":"https:\/\/zapateneo.net\/wordpress\/index.php\/producto\/redistribucion-o-reconocimiento-un-debate-entre-marxismo-y-feminismo\/#breadcrumb","itemListElement":[{"@type":"ListItem","position":1,"name":"Portada","item":"https:\/\/zapateneo.net\/wordpress\/"},{"@type":"ListItem","position":2,"name":"Tienda","item":"https:\/\/zapateneo.net\/wordpress\/"},{"@type":"ListItem","position":3,"name":"\u00bfREDISTRIBUCI\u00d3N O RECONOCIMIENTO? UN DEBATE ENTRE MARXISMO Y FEMINISMO"}]},{"@type":"WebSite","@id":"https:\/\/zapateneo.net\/wordpress\/#website","url":"https:\/\/zapateneo.net\/wordpress\/","name":"Zapateneo","description":"Zapateneoaren webgunea","publisher":{"@id":"https:\/\/zapateneo.net\/wordpress\/#organization"},"potentialAction":[{"@type":"SearchAction","target":{"@type":"EntryPoint","urlTemplate":"https:\/\/zapateneo.net\/wordpress\/?s={search_term_string}"},"query-input":{"@type":"PropertyValueSpecification","valueRequired":true,"valueName":"search_term_string"}}],"inLanguage":"es"},{"@type":"Organization","@id":"https:\/\/zapateneo.net\/wordpress\/#organization","name":"Zapateneo Kultur Elkartea","url":"https:\/\/zapateneo.net\/wordpress\/","logo":{"@type":"ImageObject","inLanguage":"es","@id":"https:\/\/zapateneo.net\/wordpress\/#\/schema\/logo\/image\/","url":"https:\/\/zapateneo.net\/wordpress\/wp-content\/uploads\/2021\/04\/zap-libu-kolec.jpg","contentUrl":"https:\/\/zapateneo.net\/wordpress\/wp-content\/uploads\/2021\/04\/zap-libu-kolec.jpg","width":2234,"height":398,"caption":"Zapateneo Kultur Elkartea"},"image":{"@id":"https:\/\/zapateneo.net\/wordpress\/#\/schema\/logo\/image\/"},"sameAs":["https:\/\/x.com\/zapateneo"]}]}},"_links":{"self":[{"href":"https:\/\/zapateneo.net\/wordpress\/index.php\/wp-json\/wp\/v2\/product\/8009","targetHints":{"allow":["GET"]}}],"collection":[{"href":"https:\/\/zapateneo.net\/wordpress\/index.php\/wp-json\/wp\/v2\/product"}],"about":[{"href":"https:\/\/zapateneo.net\/wordpress\/index.php\/wp-json\/wp\/v2\/types\/product"}],"wp:featuredmedia":[{"embeddable":true,"href":"https:\/\/zapateneo.net\/wordpress\/index.php\/wp-json\/wp\/v2\/media\/8062"}],"wp:attachment":[{"href":"https:\/\/zapateneo.net\/wordpress\/index.php\/wp-json\/wp\/v2\/media?parent=8009"}],"wp:term":[{"taxonomy":"product_brand","embeddable":true,"href":"https:\/\/zapateneo.net\/wordpress\/index.php\/wp-json\/wp\/v2\/product_brand?post=8009"},{"taxonomy":"product_cat","embeddable":true,"href":"https:\/\/zapateneo.net\/wordpress\/index.php\/wp-json\/wp\/v2\/product_cat?post=8009"},{"taxonomy":"product_tag","embeddable":true,"href":"https:\/\/zapateneo.net\/wordpress\/index.php\/wp-json\/wp\/v2\/product_tag?post=8009"}],"curies":[{"name":"wp","href":"https:\/\/api.w.org\/{rel}","templated":true}]}}