{"id":7994,"date":"2021-09-15T20:20:59","date_gmt":"2021-09-15T19:20:59","guid":{"rendered":"https:\/\/zapateneo.net\/wordpress\/?post_type=product&#038;p=7994"},"modified":"2021-09-15T20:27:00","modified_gmt":"2021-09-15T19:27:00","slug":"comunidad-nacionalismos-y-capital-textos-ineditos","status":"publish","type":"product","link":"https:\/\/zapateneo.net\/wordpress\/index.php\/producto\/comunidad-nacionalismos-y-capital-textos-ineditos\/","title":{"rendered":"Comunidad, nacionalismos y capital. Textos in\u00e9ditos"},"content":{"rendered":"<p>Prologuista N\u00e9stor Kohan, \u00c1lvaro Garc\u00eda Linera, Enrique Dussel.<\/p>\n<p>\u00abEste libro re\u00fane materiales desconocidos, inhallables o in\u00e9ditos en castellano de uno de los grandes pensadores de la humanidad, constituye un aporte de relieve mundial. Este libro no agrupa papeles coyunturales ni consignistas, aglutina textos te\u00f3ricos y pol\u00edticos de largo aliento.\u00bb Estos textos nos permiten reconocer en Marx una visi\u00f3n m\u00e1s amplia que el Marx euroc\u00e9ntrico y poco preocupado por aspectos considerados \u00abperif\u00e9ricos\u00bb de la teor\u00eda social.<\/p>\n<p>N\u00e9stor Kohan Las modas se secan, caen y se las lleva el remolino del viento como las hojas tristes de los \u00e1rboles. El pensamiento revolucionario en cambio mantiene el fuego de la rebeli\u00f3n. Si \u00abgris es toda la teor\u00eda\u00bb, la obra de Karl Marx est\u00e1 m\u00e1s verde que nunca. Muchas veces sepultada, sigue incendiando corazones, pasiones, amores y odios. Nadie queda indiferente, a pesar de tantas actas de defunci\u00f3n este curioso \u00abcad\u00e1ver\u00bb renace cada vez con una nueva sonrisa. 200 a\u00f1os despu\u00e9s aparecen escritos suyos desconocidos y materiales in\u00e9ditos. Este volumen incorpora tres invitaciones al debate: El Cuaderno Kovalevsky sobre las comunidades de India, Argelia y Am\u00e9rica de 1879, la cr\u00edtica de Marx a Friederich List y a la antinomia proteccionismo\/librecambio de 1845, ambos acompa\u00f1ados por un estudio introductorio de \u00c1lvaro Garc\u00eda Linera, y los primeros cuadernos de la segunda redacci\u00f3n de El capital de 1861 a 1863 acompa\u00f1ados por un estudio de Enrique Dussel.<\/p>\n<p>Karl-Marx-9788418684012<\/p>\n<p>Karl Marx: 1818 Tr\u00e9veris (Prusia) &#8211; 1883 Londres (Inglaterra) Fil\u00f3sofo, economista, soci\u00f3logo, periodista, intelectual y militante comunista prusiano de origen jud\u00edo. En su vasta e influyente obra abarca diferentes campos del pensamiento en la filosof\u00eda, la historia, la ciencia pol\u00edtica, la sociolog\u00eda y la econom\u00eda; aunque no limit\u00f3 su trabajo solamente a la investigaci\u00f3n, pues adem\u00e1s incursion\u00f3 en la pr\u00e1ctica del periodismo y la pol\u00edtica, proponiendo siempre en su pensamiento una uni\u00f3n entre teor\u00eda y pr\u00e1ctica. Junto a Friedrich Engels, es el padre del socialismo cient\u00edfico, del comunismo moderno, del marxismo y del materialismo hist\u00f3rico. Sus escritos m\u00e1s conocidos son el Manifiesto del Partido Comunista (en coautor\u00eda con Engels), El Capital y El dieciocho Brumario de Luis Bonaparte.<\/p>\n","protected":false},"excerpt":{"rendered":"<p><strong>Karl Marx<\/strong><br \/>\n9788418684012 &#8211; Bellaterra &#8211; 2021 &#8211; 435 p\u00e1ginas \/orri.<\/p>\n","protected":false},"featured_media":8044,"template":"","meta":[],"product_brand":[],"product_cat":[16,175],"product_tag":[92,1713],"class_list":{"0":"post-7994","1":"product","2":"type-product","3":"status-publish","4":"has-post-thumbnail","6":"product_cat-libros","7":"product_cat-nazio-arazoa-cuestion-nacional","8":"product_tag-bellaterra","9":"product_tag-karl-marx","11":"first","12":"instock","13":"sold-individually","14":"shipping-taxable","15":"purchasable","16":"product-type-simple"},"yoast_head":"<!-- This site is optimized with the Yoast SEO plugin v27.3 - https:\/\/yoast.com\/product\/yoast-seo-wordpress\/ -->\n<title>Comunidad, nacionalismos y capital. Textos in\u00e9ditos &#8212; Zapateneo<\/title>\n<meta name=\"robots\" content=\"index, follow, max-snippet:-1, max-image-preview:large, max-video-preview:-1\" \/>\n<link rel=\"canonical\" href=\"https:\/\/zapateneo.net\/wordpress\/index.php\/producto\/comunidad-nacionalismos-y-capital-textos-ineditos\/\" \/>\n<meta property=\"og:locale\" content=\"es_ES\" \/>\n<meta property=\"og:type\" content=\"article\" \/>\n<meta property=\"og:title\" content=\"Comunidad, nacionalismos y capital. Textos in\u00e9ditos &#8212; Zapateneo\" \/>\n<meta property=\"og:description\" content=\"Karl Marx 9788418684012 - Bellaterra - 2021 - 435 p\u00e1ginas \/orri.\" \/>\n<meta property=\"og:url\" content=\"https:\/\/zapateneo.net\/wordpress\/index.php\/producto\/comunidad-nacionalismos-y-capital-textos-ineditos\/\" \/>\n<meta property=\"og:site_name\" content=\"Zapateneo\" \/>\n<meta property=\"article:modified_time\" content=\"2021-09-15T19:27:00+00:00\" \/>\n<meta property=\"og:image\" content=\"https:\/\/zapateneo.net\/wordpress\/wp-content\/uploads\/2021\/09\/9788418684012.jpg\" \/>\n\t<meta property=\"og:image:width\" content=\"160\" \/>\n\t<meta property=\"og:image:height\" content=\"249\" \/>\n\t<meta property=\"og:image:type\" content=\"image\/jpeg\" \/>\n<meta name=\"twitter:card\" content=\"summary_large_image\" \/>\n<meta name=\"twitter:site\" content=\"@zapateneo\" \/>\n<meta name=\"twitter:label1\" content=\"Tiempo de lectura\" \/>\n\t<meta name=\"twitter:data1\" content=\"2 minutos\" \/>\n<script type=\"application\/ld+json\" class=\"yoast-schema-graph\">{\"@context\":\"https:\\\/\\\/schema.org\",\"@graph\":[{\"@type\":\"WebPage\",\"@id\":\"https:\\\/\\\/zapateneo.net\\\/wordpress\\\/index.php\\\/producto\\\/comunidad-nacionalismos-y-capital-textos-ineditos\\\/\",\"url\":\"https:\\\/\\\/zapateneo.net\\\/wordpress\\\/index.php\\\/producto\\\/comunidad-nacionalismos-y-capital-textos-ineditos\\\/\",\"name\":\"Comunidad, nacionalismos y capital. Textos in\u00e9ditos &#8212; Zapateneo\",\"isPartOf\":{\"@id\":\"https:\\\/\\\/zapateneo.net\\\/wordpress\\\/#website\"},\"primaryImageOfPage\":{\"@id\":\"https:\\\/\\\/zapateneo.net\\\/wordpress\\\/index.php\\\/producto\\\/comunidad-nacionalismos-y-capital-textos-ineditos\\\/#primaryimage\"},\"image\":{\"@id\":\"https:\\\/\\\/zapateneo.net\\\/wordpress\\\/index.php\\\/producto\\\/comunidad-nacionalismos-y-capital-textos-ineditos\\\/#primaryimage\"},\"thumbnailUrl\":\"https:\\\/\\\/zapateneo.net\\\/wordpress\\\/wp-content\\\/uploads\\\/2021\\\/09\\\/9788418684012.jpg\",\"datePublished\":\"2021-09-15T19:20:59+00:00\",\"dateModified\":\"2021-09-15T19:27:00+00:00\",\"breadcrumb\":{\"@id\":\"https:\\\/\\\/zapateneo.net\\\/wordpress\\\/index.php\\\/producto\\\/comunidad-nacionalismos-y-capital-textos-ineditos\\\/#breadcrumb\"},\"inLanguage\":\"es\",\"potentialAction\":[{\"@type\":\"ReadAction\",\"target\":[\"https:\\\/\\\/zapateneo.net\\\/wordpress\\\/index.php\\\/producto\\\/comunidad-nacionalismos-y-capital-textos-ineditos\\\/\"]}]},{\"@type\":\"ImageObject\",\"inLanguage\":\"es\",\"@id\":\"https:\\\/\\\/zapateneo.net\\\/wordpress\\\/index.php\\\/producto\\\/comunidad-nacionalismos-y-capital-textos-ineditos\\\/#primaryimage\",\"url\":\"https:\\\/\\\/zapateneo.net\\\/wordpress\\\/wp-content\\\/uploads\\\/2021\\\/09\\\/9788418684012.jpg\",\"contentUrl\":\"https:\\\/\\\/zapateneo.net\\\/wordpress\\\/wp-content\\\/uploads\\\/2021\\\/09\\\/9788418684012.jpg\",\"width\":160,\"height\":249},{\"@type\":\"BreadcrumbList\",\"@id\":\"https:\\\/\\\/zapateneo.net\\\/wordpress\\\/index.php\\\/producto\\\/comunidad-nacionalismos-y-capital-textos-ineditos\\\/#breadcrumb\",\"itemListElement\":[{\"@type\":\"ListItem\",\"position\":1,\"name\":\"Portada\",\"item\":\"https:\\\/\\\/zapateneo.net\\\/wordpress\\\/\"},{\"@type\":\"ListItem\",\"position\":2,\"name\":\"Tienda\",\"item\":\"https:\\\/\\\/zapateneo.net\\\/wordpress\\\/\"},{\"@type\":\"ListItem\",\"position\":3,\"name\":\"Comunidad, nacionalismos y capital. Textos in\u00e9ditos\"}]},{\"@type\":\"WebSite\",\"@id\":\"https:\\\/\\\/zapateneo.net\\\/wordpress\\\/#website\",\"url\":\"https:\\\/\\\/zapateneo.net\\\/wordpress\\\/\",\"name\":\"Zapateneo\",\"description\":\"Zapateneoaren webgunea\",\"publisher\":{\"@id\":\"https:\\\/\\\/zapateneo.net\\\/wordpress\\\/#organization\"},\"potentialAction\":[{\"@type\":\"SearchAction\",\"target\":{\"@type\":\"EntryPoint\",\"urlTemplate\":\"https:\\\/\\\/zapateneo.net\\\/wordpress\\\/?s={search_term_string}\"},\"query-input\":{\"@type\":\"PropertyValueSpecification\",\"valueRequired\":true,\"valueName\":\"search_term_string\"}}],\"inLanguage\":\"es\"},{\"@type\":\"Organization\",\"@id\":\"https:\\\/\\\/zapateneo.net\\\/wordpress\\\/#organization\",\"name\":\"Zapateneo Kultur Elkartea\",\"url\":\"https:\\\/\\\/zapateneo.net\\\/wordpress\\\/\",\"logo\":{\"@type\":\"ImageObject\",\"inLanguage\":\"es\",\"@id\":\"https:\\\/\\\/zapateneo.net\\\/wordpress\\\/#\\\/schema\\\/logo\\\/image\\\/\",\"url\":\"https:\\\/\\\/zapateneo.net\\\/wordpress\\\/wp-content\\\/uploads\\\/2021\\\/04\\\/zap-libu-kolec.jpg\",\"contentUrl\":\"https:\\\/\\\/zapateneo.net\\\/wordpress\\\/wp-content\\\/uploads\\\/2021\\\/04\\\/zap-libu-kolec.jpg\",\"width\":2234,\"height\":398,\"caption\":\"Zapateneo Kultur Elkartea\"},\"image\":{\"@id\":\"https:\\\/\\\/zapateneo.net\\\/wordpress\\\/#\\\/schema\\\/logo\\\/image\\\/\"},\"sameAs\":[\"https:\\\/\\\/x.com\\\/zapateneo\"]}]}<\/script>\n<!-- \/ Yoast SEO plugin. -->","yoast_head_json":{"title":"Comunidad, nacionalismos y capital. Textos in\u00e9ditos &#8212; Zapateneo","robots":{"index":"index","follow":"follow","max-snippet":"max-snippet:-1","max-image-preview":"max-image-preview:large","max-video-preview":"max-video-preview:-1"},"canonical":"https:\/\/zapateneo.net\/wordpress\/index.php\/producto\/comunidad-nacionalismos-y-capital-textos-ineditos\/","og_locale":"es_ES","og_type":"article","og_title":"Comunidad, nacionalismos y capital. Textos in\u00e9ditos &#8212; Zapateneo","og_description":"Karl Marx 9788418684012 - Bellaterra - 2021 - 435 p\u00e1ginas \/orri.","og_url":"https:\/\/zapateneo.net\/wordpress\/index.php\/producto\/comunidad-nacionalismos-y-capital-textos-ineditos\/","og_site_name":"Zapateneo","article_modified_time":"2021-09-15T19:27:00+00:00","og_image":[{"width":160,"height":249,"url":"https:\/\/zapateneo.net\/wordpress\/wp-content\/uploads\/2021\/09\/9788418684012.jpg","type":"image\/jpeg"}],"twitter_card":"summary_large_image","twitter_site":"@zapateneo","twitter_misc":{"Tiempo de lectura":"2 minutos"},"schema":{"@context":"https:\/\/schema.org","@graph":[{"@type":"WebPage","@id":"https:\/\/zapateneo.net\/wordpress\/index.php\/producto\/comunidad-nacionalismos-y-capital-textos-ineditos\/","url":"https:\/\/zapateneo.net\/wordpress\/index.php\/producto\/comunidad-nacionalismos-y-capital-textos-ineditos\/","name":"Comunidad, nacionalismos y capital. Textos in\u00e9ditos &#8212; Zapateneo","isPartOf":{"@id":"https:\/\/zapateneo.net\/wordpress\/#website"},"primaryImageOfPage":{"@id":"https:\/\/zapateneo.net\/wordpress\/index.php\/producto\/comunidad-nacionalismos-y-capital-textos-ineditos\/#primaryimage"},"image":{"@id":"https:\/\/zapateneo.net\/wordpress\/index.php\/producto\/comunidad-nacionalismos-y-capital-textos-ineditos\/#primaryimage"},"thumbnailUrl":"https:\/\/zapateneo.net\/wordpress\/wp-content\/uploads\/2021\/09\/9788418684012.jpg","datePublished":"2021-09-15T19:20:59+00:00","dateModified":"2021-09-15T19:27:00+00:00","breadcrumb":{"@id":"https:\/\/zapateneo.net\/wordpress\/index.php\/producto\/comunidad-nacionalismos-y-capital-textos-ineditos\/#breadcrumb"},"inLanguage":"es","potentialAction":[{"@type":"ReadAction","target":["https:\/\/zapateneo.net\/wordpress\/index.php\/producto\/comunidad-nacionalismos-y-capital-textos-ineditos\/"]}]},{"@type":"ImageObject","inLanguage":"es","@id":"https:\/\/zapateneo.net\/wordpress\/index.php\/producto\/comunidad-nacionalismos-y-capital-textos-ineditos\/#primaryimage","url":"https:\/\/zapateneo.net\/wordpress\/wp-content\/uploads\/2021\/09\/9788418684012.jpg","contentUrl":"https:\/\/zapateneo.net\/wordpress\/wp-content\/uploads\/2021\/09\/9788418684012.jpg","width":160,"height":249},{"@type":"BreadcrumbList","@id":"https:\/\/zapateneo.net\/wordpress\/index.php\/producto\/comunidad-nacionalismos-y-capital-textos-ineditos\/#breadcrumb","itemListElement":[{"@type":"ListItem","position":1,"name":"Portada","item":"https:\/\/zapateneo.net\/wordpress\/"},{"@type":"ListItem","position":2,"name":"Tienda","item":"https:\/\/zapateneo.net\/wordpress\/"},{"@type":"ListItem","position":3,"name":"Comunidad, nacionalismos y capital. Textos in\u00e9ditos"}]},{"@type":"WebSite","@id":"https:\/\/zapateneo.net\/wordpress\/#website","url":"https:\/\/zapateneo.net\/wordpress\/","name":"Zapateneo","description":"Zapateneoaren webgunea","publisher":{"@id":"https:\/\/zapateneo.net\/wordpress\/#organization"},"potentialAction":[{"@type":"SearchAction","target":{"@type":"EntryPoint","urlTemplate":"https:\/\/zapateneo.net\/wordpress\/?s={search_term_string}"},"query-input":{"@type":"PropertyValueSpecification","valueRequired":true,"valueName":"search_term_string"}}],"inLanguage":"es"},{"@type":"Organization","@id":"https:\/\/zapateneo.net\/wordpress\/#organization","name":"Zapateneo Kultur Elkartea","url":"https:\/\/zapateneo.net\/wordpress\/","logo":{"@type":"ImageObject","inLanguage":"es","@id":"https:\/\/zapateneo.net\/wordpress\/#\/schema\/logo\/image\/","url":"https:\/\/zapateneo.net\/wordpress\/wp-content\/uploads\/2021\/04\/zap-libu-kolec.jpg","contentUrl":"https:\/\/zapateneo.net\/wordpress\/wp-content\/uploads\/2021\/04\/zap-libu-kolec.jpg","width":2234,"height":398,"caption":"Zapateneo Kultur Elkartea"},"image":{"@id":"https:\/\/zapateneo.net\/wordpress\/#\/schema\/logo\/image\/"},"sameAs":["https:\/\/x.com\/zapateneo"]}]}},"_links":{"self":[{"href":"https:\/\/zapateneo.net\/wordpress\/index.php\/wp-json\/wp\/v2\/product\/7994","targetHints":{"allow":["GET"]}}],"collection":[{"href":"https:\/\/zapateneo.net\/wordpress\/index.php\/wp-json\/wp\/v2\/product"}],"about":[{"href":"https:\/\/zapateneo.net\/wordpress\/index.php\/wp-json\/wp\/v2\/types\/product"}],"wp:featuredmedia":[{"embeddable":true,"href":"https:\/\/zapateneo.net\/wordpress\/index.php\/wp-json\/wp\/v2\/media\/8044"}],"wp:attachment":[{"href":"https:\/\/zapateneo.net\/wordpress\/index.php\/wp-json\/wp\/v2\/media?parent=7994"}],"wp:term":[{"taxonomy":"product_brand","embeddable":true,"href":"https:\/\/zapateneo.net\/wordpress\/index.php\/wp-json\/wp\/v2\/product_brand?post=7994"},{"taxonomy":"product_cat","embeddable":true,"href":"https:\/\/zapateneo.net\/wordpress\/index.php\/wp-json\/wp\/v2\/product_cat?post=7994"},{"taxonomy":"product_tag","embeddable":true,"href":"https:\/\/zapateneo.net\/wordpress\/index.php\/wp-json\/wp\/v2\/product_tag?post=7994"}],"curies":[{"name":"wp","href":"https:\/\/api.w.org\/{rel}","templated":true}]}}