{"id":7987,"date":"2021-09-15T20:20:17","date_gmt":"2021-09-15T19:20:17","guid":{"rendered":"https:\/\/zapateneo.net\/wordpress\/?post_type=product&#038;p=7987"},"modified":"2021-09-15T20:26:10","modified_gmt":"2021-09-15T19:26:10","slug":"el-diablo-y-el-fetichismo-de-la-mercancia-en-sudamerica","status":"publish","type":"product","link":"https:\/\/zapateneo.net\/wordpress\/index.php\/producto\/el-diablo-y-el-fetichismo-de-la-mercancia-en-sudamerica\/","title":{"rendered":"El diablo y el fetichismo de la mercanc\u00eda en Sudam\u00e9rica"},"content":{"rendered":"<p>La figura del diablo ocupa un lugar fascinante en la historia europea y una posici\u00f3n nada evidente en la transici\u00f3n del feudalismo a las primeras formas de producci\u00f3n capitalistas, tal y como muestran los siniestros cap\u00edtulos de persecuci\u00f3n de brujas y la erradicaci\u00f3n de las culturas comunitarias campesinas de base precristiana. En este libro ya cl\u00e1sico, Michael Taussig observa una trayectoria similar en la imposici\u00f3n de las formas de producci\u00f3n capitalistas entre las comunidades agrarias de Am\u00e9rica Latina, al tiempo que nos sumerge en el significado social del diablo en el folclore de los mineros bolivianos y los trabajadores del valle del Cauca en Colombia. Todo ello dentro del marco de una evoluci\u00f3n hist\u00f3rica que cubre desde la conquista espa\u00f1ola y el trabajo esclavo en las plantaciones hasta la miner\u00eda y la agroindustria modernas.<\/p>\n<p>A partir de un original empleo de ciertas categor\u00edas marxistas, Taussig nos muestra c\u00f3mo el fetichismo del diablo media en el conflicto entre los modos capitalistas y precapitalistas de objetivaci\u00f3n de la condici\u00f3n humana. Nos ense\u00f1a c\u00f3mo las narrativas del pacto con el diablo, en las que el alma se ve embargada por un poder temporal e ilusorio, est\u00e1n ligadas a la alienaci\u00f3n y extra\u00f1amiento de los trabajadores respecto de las mercanc\u00edas que producen en el modo de producci\u00f3n capitalista. Y al mismo tiempo, nos devuelve una imagen por completo desnaturalizada del particular fetichismo de nuestra sociedad capitalista, seg\u00fan el cual las mercanc\u00edas y el dinero pasan a tener una vida propia con independencia de la acci\u00f3n y la voluntad de los actores humanos.<\/p>\n<p>Esta edici\u00f3n se acompa\u00f1a de un extenso ep\u00edlogo del autor sobre el valor de su obra treinta a\u00f1os despu\u00e9s de su publicaci\u00f3n. Taussig valora as\u00ed algunas de sus ingenuidades originales, al tiempo que de la mano de Benjamin y Bataille nos ofrece una nueva luz sobre los contenidos de la met\u00e1fora del pacto con el diablo.<\/p>\n<p>Michael T. Taussig<br \/>\n(1940, Sidney, Australia) es profesor de antropolog\u00eda en la Universidad de Columbia. Su trabajo se ha concentrado en el impacto de las formas de dominio colonial y neocolonial sobre las formaciones comunitarias y populares de distintas \u00e9pocas hist\u00f3ricas, especialmente en Colombia. En castellano se puede leer ya una parte importante de su obra: La magia del Estado (2015), Un gigante en convulsiones: el mundo humano como sistema nervioso en emergencia permanente (1995) y Chamanismo, colonialismo y el hombre salvaje. Un estudio sobre el terror y la curaci\u00f3n (2012).<\/p>\n","protected":false},"excerpt":{"rendered":"<p><strong>Taussig, Michael<\/strong><br \/>\n9788412276244 &#8211; Traficantes de sue\u00f1os &#8211; 2021 &#8211; 352 p\u00e1ginas \/orri.<\/p>\n","protected":false},"featured_media":8037,"template":"","meta":[],"product_brand":[],"product_cat":[16,176],"product_tag":[4482,72],"class_list":{"0":"post-7987","1":"product","2":"type-product","3":"status-publish","4":"has-post-thumbnail","6":"product_cat-libros","7":"product_cat-marxismoa-marxismo","8":"product_tag-taussig","9":"product_tag-traficantes-de-suenos","11":"first","12":"instock","13":"sold-individually","14":"shipping-taxable","15":"purchasable","16":"product-type-simple"},"yoast_head":"<!-- This site is optimized with the Yoast SEO plugin v27.3 - https:\/\/yoast.com\/product\/yoast-seo-wordpress\/ -->\n<title>El diablo y el fetichismo de la mercanc\u00eda en Sudam\u00e9rica &#8212; Zapateneo<\/title>\n<meta name=\"robots\" content=\"index, follow, max-snippet:-1, max-image-preview:large, max-video-preview:-1\" \/>\n<link rel=\"canonical\" href=\"https:\/\/zapateneo.net\/wordpress\/index.php\/producto\/el-diablo-y-el-fetichismo-de-la-mercancia-en-sudamerica\/\" \/>\n<meta property=\"og:locale\" content=\"es_ES\" \/>\n<meta property=\"og:type\" content=\"article\" \/>\n<meta property=\"og:title\" content=\"El diablo y el fetichismo de la mercanc\u00eda en Sudam\u00e9rica &#8212; Zapateneo\" \/>\n<meta property=\"og:description\" content=\"Taussig, Michael 9788412276244 - Traficantes de sue\u00f1os - 2021 - 352 p\u00e1ginas \/orri.\" \/>\n<meta property=\"og:url\" content=\"https:\/\/zapateneo.net\/wordpress\/index.php\/producto\/el-diablo-y-el-fetichismo-de-la-mercancia-en-sudamerica\/\" \/>\n<meta property=\"og:site_name\" content=\"Zapateneo\" \/>\n<meta property=\"article:modified_time\" content=\"2021-09-15T19:26:10+00:00\" \/>\n<meta property=\"og:image\" content=\"https:\/\/zapateneo.net\/wordpress\/wp-content\/uploads\/2021\/09\/el_diablo_y_el_fetichismo_de_la_mercancia_en_sudamerica.jpg\" \/>\n\t<meta property=\"og:image:width\" content=\"274\" \/>\n\t<meta property=\"og:image:height\" content=\"400\" \/>\n\t<meta property=\"og:image:type\" content=\"image\/jpeg\" \/>\n<meta name=\"twitter:card\" content=\"summary_large_image\" \/>\n<meta name=\"twitter:site\" content=\"@zapateneo\" \/>\n<meta name=\"twitter:label1\" content=\"Tiempo de lectura\" \/>\n\t<meta name=\"twitter:data1\" content=\"2 minutos\" \/>\n<script type=\"application\/ld+json\" class=\"yoast-schema-graph\">{\"@context\":\"https:\\\/\\\/schema.org\",\"@graph\":[{\"@type\":\"WebPage\",\"@id\":\"https:\\\/\\\/zapateneo.net\\\/wordpress\\\/index.php\\\/producto\\\/el-diablo-y-el-fetichismo-de-la-mercancia-en-sudamerica\\\/\",\"url\":\"https:\\\/\\\/zapateneo.net\\\/wordpress\\\/index.php\\\/producto\\\/el-diablo-y-el-fetichismo-de-la-mercancia-en-sudamerica\\\/\",\"name\":\"El diablo y el fetichismo de la mercanc\u00eda en Sudam\u00e9rica &#8212; Zapateneo\",\"isPartOf\":{\"@id\":\"https:\\\/\\\/zapateneo.net\\\/wordpress\\\/#website\"},\"primaryImageOfPage\":{\"@id\":\"https:\\\/\\\/zapateneo.net\\\/wordpress\\\/index.php\\\/producto\\\/el-diablo-y-el-fetichismo-de-la-mercancia-en-sudamerica\\\/#primaryimage\"},\"image\":{\"@id\":\"https:\\\/\\\/zapateneo.net\\\/wordpress\\\/index.php\\\/producto\\\/el-diablo-y-el-fetichismo-de-la-mercancia-en-sudamerica\\\/#primaryimage\"},\"thumbnailUrl\":\"https:\\\/\\\/zapateneo.net\\\/wordpress\\\/wp-content\\\/uploads\\\/2021\\\/09\\\/el_diablo_y_el_fetichismo_de_la_mercancia_en_sudamerica.jpg\",\"datePublished\":\"2021-09-15T19:20:17+00:00\",\"dateModified\":\"2021-09-15T19:26:10+00:00\",\"breadcrumb\":{\"@id\":\"https:\\\/\\\/zapateneo.net\\\/wordpress\\\/index.php\\\/producto\\\/el-diablo-y-el-fetichismo-de-la-mercancia-en-sudamerica\\\/#breadcrumb\"},\"inLanguage\":\"es\",\"potentialAction\":[{\"@type\":\"ReadAction\",\"target\":[\"https:\\\/\\\/zapateneo.net\\\/wordpress\\\/index.php\\\/producto\\\/el-diablo-y-el-fetichismo-de-la-mercancia-en-sudamerica\\\/\"]}]},{\"@type\":\"ImageObject\",\"inLanguage\":\"es\",\"@id\":\"https:\\\/\\\/zapateneo.net\\\/wordpress\\\/index.php\\\/producto\\\/el-diablo-y-el-fetichismo-de-la-mercancia-en-sudamerica\\\/#primaryimage\",\"url\":\"https:\\\/\\\/zapateneo.net\\\/wordpress\\\/wp-content\\\/uploads\\\/2021\\\/09\\\/el_diablo_y_el_fetichismo_de_la_mercancia_en_sudamerica.jpg\",\"contentUrl\":\"https:\\\/\\\/zapateneo.net\\\/wordpress\\\/wp-content\\\/uploads\\\/2021\\\/09\\\/el_diablo_y_el_fetichismo_de_la_mercancia_en_sudamerica.jpg\",\"width\":274,\"height\":400},{\"@type\":\"BreadcrumbList\",\"@id\":\"https:\\\/\\\/zapateneo.net\\\/wordpress\\\/index.php\\\/producto\\\/el-diablo-y-el-fetichismo-de-la-mercancia-en-sudamerica\\\/#breadcrumb\",\"itemListElement\":[{\"@type\":\"ListItem\",\"position\":1,\"name\":\"Portada\",\"item\":\"https:\\\/\\\/zapateneo.net\\\/wordpress\\\/\"},{\"@type\":\"ListItem\",\"position\":2,\"name\":\"Tienda\",\"item\":\"https:\\\/\\\/zapateneo.net\\\/wordpress\\\/\"},{\"@type\":\"ListItem\",\"position\":3,\"name\":\"El diablo y el fetichismo de la mercanc\u00eda en Sudam\u00e9rica\"}]},{\"@type\":\"WebSite\",\"@id\":\"https:\\\/\\\/zapateneo.net\\\/wordpress\\\/#website\",\"url\":\"https:\\\/\\\/zapateneo.net\\\/wordpress\\\/\",\"name\":\"Zapateneo\",\"description\":\"Zapateneoaren webgunea\",\"publisher\":{\"@id\":\"https:\\\/\\\/zapateneo.net\\\/wordpress\\\/#organization\"},\"potentialAction\":[{\"@type\":\"SearchAction\",\"target\":{\"@type\":\"EntryPoint\",\"urlTemplate\":\"https:\\\/\\\/zapateneo.net\\\/wordpress\\\/?s={search_term_string}\"},\"query-input\":{\"@type\":\"PropertyValueSpecification\",\"valueRequired\":true,\"valueName\":\"search_term_string\"}}],\"inLanguage\":\"es\"},{\"@type\":\"Organization\",\"@id\":\"https:\\\/\\\/zapateneo.net\\\/wordpress\\\/#organization\",\"name\":\"Zapateneo Kultur Elkartea\",\"url\":\"https:\\\/\\\/zapateneo.net\\\/wordpress\\\/\",\"logo\":{\"@type\":\"ImageObject\",\"inLanguage\":\"es\",\"@id\":\"https:\\\/\\\/zapateneo.net\\\/wordpress\\\/#\\\/schema\\\/logo\\\/image\\\/\",\"url\":\"https:\\\/\\\/zapateneo.net\\\/wordpress\\\/wp-content\\\/uploads\\\/2021\\\/04\\\/zap-libu-kolec.jpg\",\"contentUrl\":\"https:\\\/\\\/zapateneo.net\\\/wordpress\\\/wp-content\\\/uploads\\\/2021\\\/04\\\/zap-libu-kolec.jpg\",\"width\":2234,\"height\":398,\"caption\":\"Zapateneo Kultur Elkartea\"},\"image\":{\"@id\":\"https:\\\/\\\/zapateneo.net\\\/wordpress\\\/#\\\/schema\\\/logo\\\/image\\\/\"},\"sameAs\":[\"https:\\\/\\\/x.com\\\/zapateneo\"]}]}<\/script>\n<!-- \/ Yoast SEO plugin. -->","yoast_head_json":{"title":"El diablo y el fetichismo de la mercanc\u00eda en Sudam\u00e9rica &#8212; Zapateneo","robots":{"index":"index","follow":"follow","max-snippet":"max-snippet:-1","max-image-preview":"max-image-preview:large","max-video-preview":"max-video-preview:-1"},"canonical":"https:\/\/zapateneo.net\/wordpress\/index.php\/producto\/el-diablo-y-el-fetichismo-de-la-mercancia-en-sudamerica\/","og_locale":"es_ES","og_type":"article","og_title":"El diablo y el fetichismo de la mercanc\u00eda en Sudam\u00e9rica &#8212; Zapateneo","og_description":"Taussig, Michael 9788412276244 - Traficantes de sue\u00f1os - 2021 - 352 p\u00e1ginas \/orri.","og_url":"https:\/\/zapateneo.net\/wordpress\/index.php\/producto\/el-diablo-y-el-fetichismo-de-la-mercancia-en-sudamerica\/","og_site_name":"Zapateneo","article_modified_time":"2021-09-15T19:26:10+00:00","og_image":[{"width":274,"height":400,"url":"https:\/\/zapateneo.net\/wordpress\/wp-content\/uploads\/2021\/09\/el_diablo_y_el_fetichismo_de_la_mercancia_en_sudamerica.jpg","type":"image\/jpeg"}],"twitter_card":"summary_large_image","twitter_site":"@zapateneo","twitter_misc":{"Tiempo de lectura":"2 minutos"},"schema":{"@context":"https:\/\/schema.org","@graph":[{"@type":"WebPage","@id":"https:\/\/zapateneo.net\/wordpress\/index.php\/producto\/el-diablo-y-el-fetichismo-de-la-mercancia-en-sudamerica\/","url":"https:\/\/zapateneo.net\/wordpress\/index.php\/producto\/el-diablo-y-el-fetichismo-de-la-mercancia-en-sudamerica\/","name":"El diablo y el fetichismo de la mercanc\u00eda en Sudam\u00e9rica &#8212; Zapateneo","isPartOf":{"@id":"https:\/\/zapateneo.net\/wordpress\/#website"},"primaryImageOfPage":{"@id":"https:\/\/zapateneo.net\/wordpress\/index.php\/producto\/el-diablo-y-el-fetichismo-de-la-mercancia-en-sudamerica\/#primaryimage"},"image":{"@id":"https:\/\/zapateneo.net\/wordpress\/index.php\/producto\/el-diablo-y-el-fetichismo-de-la-mercancia-en-sudamerica\/#primaryimage"},"thumbnailUrl":"https:\/\/zapateneo.net\/wordpress\/wp-content\/uploads\/2021\/09\/el_diablo_y_el_fetichismo_de_la_mercancia_en_sudamerica.jpg","datePublished":"2021-09-15T19:20:17+00:00","dateModified":"2021-09-15T19:26:10+00:00","breadcrumb":{"@id":"https:\/\/zapateneo.net\/wordpress\/index.php\/producto\/el-diablo-y-el-fetichismo-de-la-mercancia-en-sudamerica\/#breadcrumb"},"inLanguage":"es","potentialAction":[{"@type":"ReadAction","target":["https:\/\/zapateneo.net\/wordpress\/index.php\/producto\/el-diablo-y-el-fetichismo-de-la-mercancia-en-sudamerica\/"]}]},{"@type":"ImageObject","inLanguage":"es","@id":"https:\/\/zapateneo.net\/wordpress\/index.php\/producto\/el-diablo-y-el-fetichismo-de-la-mercancia-en-sudamerica\/#primaryimage","url":"https:\/\/zapateneo.net\/wordpress\/wp-content\/uploads\/2021\/09\/el_diablo_y_el_fetichismo_de_la_mercancia_en_sudamerica.jpg","contentUrl":"https:\/\/zapateneo.net\/wordpress\/wp-content\/uploads\/2021\/09\/el_diablo_y_el_fetichismo_de_la_mercancia_en_sudamerica.jpg","width":274,"height":400},{"@type":"BreadcrumbList","@id":"https:\/\/zapateneo.net\/wordpress\/index.php\/producto\/el-diablo-y-el-fetichismo-de-la-mercancia-en-sudamerica\/#breadcrumb","itemListElement":[{"@type":"ListItem","position":1,"name":"Portada","item":"https:\/\/zapateneo.net\/wordpress\/"},{"@type":"ListItem","position":2,"name":"Tienda","item":"https:\/\/zapateneo.net\/wordpress\/"},{"@type":"ListItem","position":3,"name":"El diablo y el fetichismo de la mercanc\u00eda en Sudam\u00e9rica"}]},{"@type":"WebSite","@id":"https:\/\/zapateneo.net\/wordpress\/#website","url":"https:\/\/zapateneo.net\/wordpress\/","name":"Zapateneo","description":"Zapateneoaren webgunea","publisher":{"@id":"https:\/\/zapateneo.net\/wordpress\/#organization"},"potentialAction":[{"@type":"SearchAction","target":{"@type":"EntryPoint","urlTemplate":"https:\/\/zapateneo.net\/wordpress\/?s={search_term_string}"},"query-input":{"@type":"PropertyValueSpecification","valueRequired":true,"valueName":"search_term_string"}}],"inLanguage":"es"},{"@type":"Organization","@id":"https:\/\/zapateneo.net\/wordpress\/#organization","name":"Zapateneo Kultur Elkartea","url":"https:\/\/zapateneo.net\/wordpress\/","logo":{"@type":"ImageObject","inLanguage":"es","@id":"https:\/\/zapateneo.net\/wordpress\/#\/schema\/logo\/image\/","url":"https:\/\/zapateneo.net\/wordpress\/wp-content\/uploads\/2021\/04\/zap-libu-kolec.jpg","contentUrl":"https:\/\/zapateneo.net\/wordpress\/wp-content\/uploads\/2021\/04\/zap-libu-kolec.jpg","width":2234,"height":398,"caption":"Zapateneo Kultur Elkartea"},"image":{"@id":"https:\/\/zapateneo.net\/wordpress\/#\/schema\/logo\/image\/"},"sameAs":["https:\/\/x.com\/zapateneo"]}]}},"_links":{"self":[{"href":"https:\/\/zapateneo.net\/wordpress\/index.php\/wp-json\/wp\/v2\/product\/7987","targetHints":{"allow":["GET"]}}],"collection":[{"href":"https:\/\/zapateneo.net\/wordpress\/index.php\/wp-json\/wp\/v2\/product"}],"about":[{"href":"https:\/\/zapateneo.net\/wordpress\/index.php\/wp-json\/wp\/v2\/types\/product"}],"wp:featuredmedia":[{"embeddable":true,"href":"https:\/\/zapateneo.net\/wordpress\/index.php\/wp-json\/wp\/v2\/media\/8037"}],"wp:attachment":[{"href":"https:\/\/zapateneo.net\/wordpress\/index.php\/wp-json\/wp\/v2\/media?parent=7987"}],"wp:term":[{"taxonomy":"product_brand","embeddable":true,"href":"https:\/\/zapateneo.net\/wordpress\/index.php\/wp-json\/wp\/v2\/product_brand?post=7987"},{"taxonomy":"product_cat","embeddable":true,"href":"https:\/\/zapateneo.net\/wordpress\/index.php\/wp-json\/wp\/v2\/product_cat?post=7987"},{"taxonomy":"product_tag","embeddable":true,"href":"https:\/\/zapateneo.net\/wordpress\/index.php\/wp-json\/wp\/v2\/product_tag?post=7987"}],"curies":[{"name":"wp","href":"https:\/\/api.w.org\/{rel}","templated":true}]}}