{"id":7986,"date":"2021-09-15T20:20:12","date_gmt":"2021-09-15T19:20:12","guid":{"rendered":"https:\/\/zapateneo.net\/wordpress\/?post_type=product&#038;p=7986"},"modified":"2021-09-15T20:26:05","modified_gmt":"2021-09-15T19:26:05","slug":"marxismo-negro-la-formacion-de-la-tradicion-radical-negra","status":"publish","type":"product","link":"https:\/\/zapateneo.net\/wordpress\/index.php\/producto\/marxismo-negro-la-formacion-de-la-tradicion-radical-negra\/","title":{"rendered":"Marxismo negro. La formaci\u00f3n de la tradici\u00f3n radical negra"},"content":{"rendered":"<p>Este ambicioso trabajo de C. J. Robinson constituye un monumental esfuerzo por comprender la historia de la resistencia del pueblo negro desde una perspectiva que se separa de las categor\u00edas de pensamiento de la tradici\u00f3n occidental, incluido el marxismo. Los an\u00e1lisis marxistas han tendido a presuponer los modelos hist\u00f3ricos y de pensamiento europeos, lo que minimiza la relevancia de las comunidades negras como agentes de cambio y resistencia. Marxismo negro sienta las bases para la recuperaci\u00f3n de una tradici\u00f3n radical negra que, si bien en continuo di\u00e1logo con otras corrientes, se desarrolla de forma aut\u00f3noma respecto del radicalismo occidental.<\/p>\n<p>Con el fin de ilustrar este argumento, Robinson recorre la historia de Europa desde sus mismos or\u00edgenes en la Edad Media. Muestra c\u00f3mo ciertas categor\u00edas raciales est\u00e1n insertas en sus formas culturales y pol\u00edticas, y c\u00f3mo estas se ampl\u00edan y desarrollan a partir de la formaci\u00f3n del capitalismo hist\u00f3rico y la expansi\u00f3n europea en el Nuevo Mundo. El capitalismo aparece as\u00ed, desde el principio, como una formaci\u00f3n social profundamente racista, todo lo cual impregna la tradici\u00f3n intelectual europea. A pesar de sus notables esfuerzos en pro de la emancipaci\u00f3n universal, el marxismo no logr\u00f3 escapar de esos modos de pensamiento. En este sentido, la reconstrucci\u00f3n de las luchas de resistencia de los negros, desde los palenques y las comunidades de cimarrones hasta la Revoluci\u00f3n haitiana y la emancipaci\u00f3n estadounidense, apunta a la recuperaci\u00f3n de una tradici\u00f3n radical propiamente negra. Es esta tradici\u00f3n lo que acabaron por redescubrir y formalizar grandes figuras intelectuales negras, como W. E. B. du Bois, C. L. R. James y Richard Wrigth, a las que Robinson dedica tambi\u00e9n un detallado estudio.<\/p>\n<p>Cedric J. Robinson (1940-2016) fue profesor en la Universidad de California. Activista y militante en diversas organizaciones radicales negras, ha sido una de las grandes figuras de los Estudios Negros en Estados Unidos y del di\u00e1logo de esta tradici\u00f3n con otras corrientes pol\u00edticas radicales, principalmente aquellas de inspiraci\u00f3n marxista. Libros suyos son The Termes of Order (1980), Black Movements in America (1997) y The Anthropology of Marxism (2001).<\/p>\n","protected":false},"excerpt":{"rendered":"<p><strong>Robinson, Cedric<\/strong><br \/>\n9788412276268 &#8211; Traficantes de sue\u00f1os &#8211; 2021 &#8211; 568 p\u00e1ginas \/orri.<\/p>\n","protected":false},"featured_media":8036,"template":"","meta":[],"product_brand":[],"product_cat":[16,176],"product_tag":[4481,72],"class_list":{"0":"post-7986","1":"product","2":"type-product","3":"status-publish","4":"has-post-thumbnail","6":"product_cat-libros","7":"product_cat-marxismoa-marxismo","8":"product_tag-robinson","9":"product_tag-traficantes-de-suenos","11":"first","12":"instock","13":"sold-individually","14":"shipping-taxable","15":"purchasable","16":"product-type-simple"},"yoast_head":"<!-- This site is optimized with the Yoast SEO plugin v27.3 - https:\/\/yoast.com\/product\/yoast-seo-wordpress\/ -->\n<title>Marxismo negro. La formaci\u00f3n de la tradici\u00f3n radical negra &#8212; Zapateneo<\/title>\n<meta name=\"robots\" content=\"index, follow, max-snippet:-1, max-image-preview:large, max-video-preview:-1\" \/>\n<link rel=\"canonical\" href=\"https:\/\/zapateneo.net\/wordpress\/index.php\/producto\/marxismo-negro-la-formacion-de-la-tradicion-radical-negra\/\" \/>\n<meta property=\"og:locale\" content=\"es_ES\" \/>\n<meta property=\"og:type\" content=\"article\" \/>\n<meta property=\"og:title\" content=\"Marxismo negro. La formaci\u00f3n de la tradici\u00f3n radical negra &#8212; Zapateneo\" \/>\n<meta property=\"og:description\" content=\"Robinson, Cedric 9788412276268 - Traficantes de sue\u00f1os - 2021 - 568 p\u00e1ginas \/orri.\" \/>\n<meta property=\"og:url\" content=\"https:\/\/zapateneo.net\/wordpress\/index.php\/producto\/marxismo-negro-la-formacion-de-la-tradicion-radical-negra\/\" \/>\n<meta property=\"og:site_name\" content=\"Zapateneo\" \/>\n<meta property=\"article:modified_time\" content=\"2021-09-15T19:26:05+00:00\" \/>\n<meta property=\"og:image\" content=\"https:\/\/zapateneo.net\/wordpress\/wp-content\/uploads\/2021\/09\/marxismo_negro.gif\" \/>\n\t<meta property=\"og:image:width\" content=\"240\" \/>\n\t<meta property=\"og:image:height\" content=\"384\" \/>\n\t<meta property=\"og:image:type\" content=\"image\/gif\" \/>\n<meta name=\"twitter:card\" content=\"summary_large_image\" \/>\n<meta name=\"twitter:site\" content=\"@zapateneo\" \/>\n<meta name=\"twitter:label1\" content=\"Tiempo de lectura\" \/>\n\t<meta name=\"twitter:data1\" content=\"2 minutos\" \/>\n<script type=\"application\/ld+json\" class=\"yoast-schema-graph\">{\"@context\":\"https:\\\/\\\/schema.org\",\"@graph\":[{\"@type\":\"WebPage\",\"@id\":\"https:\\\/\\\/zapateneo.net\\\/wordpress\\\/index.php\\\/producto\\\/marxismo-negro-la-formacion-de-la-tradicion-radical-negra\\\/\",\"url\":\"https:\\\/\\\/zapateneo.net\\\/wordpress\\\/index.php\\\/producto\\\/marxismo-negro-la-formacion-de-la-tradicion-radical-negra\\\/\",\"name\":\"Marxismo negro. La formaci\u00f3n de la tradici\u00f3n radical negra &#8212; Zapateneo\",\"isPartOf\":{\"@id\":\"https:\\\/\\\/zapateneo.net\\\/wordpress\\\/#website\"},\"primaryImageOfPage\":{\"@id\":\"https:\\\/\\\/zapateneo.net\\\/wordpress\\\/index.php\\\/producto\\\/marxismo-negro-la-formacion-de-la-tradicion-radical-negra\\\/#primaryimage\"},\"image\":{\"@id\":\"https:\\\/\\\/zapateneo.net\\\/wordpress\\\/index.php\\\/producto\\\/marxismo-negro-la-formacion-de-la-tradicion-radical-negra\\\/#primaryimage\"},\"thumbnailUrl\":\"https:\\\/\\\/zapateneo.net\\\/wordpress\\\/wp-content\\\/uploads\\\/2021\\\/09\\\/marxismo_negro.gif\",\"datePublished\":\"2021-09-15T19:20:12+00:00\",\"dateModified\":\"2021-09-15T19:26:05+00:00\",\"breadcrumb\":{\"@id\":\"https:\\\/\\\/zapateneo.net\\\/wordpress\\\/index.php\\\/producto\\\/marxismo-negro-la-formacion-de-la-tradicion-radical-negra\\\/#breadcrumb\"},\"inLanguage\":\"es\",\"potentialAction\":[{\"@type\":\"ReadAction\",\"target\":[\"https:\\\/\\\/zapateneo.net\\\/wordpress\\\/index.php\\\/producto\\\/marxismo-negro-la-formacion-de-la-tradicion-radical-negra\\\/\"]}]},{\"@type\":\"ImageObject\",\"inLanguage\":\"es\",\"@id\":\"https:\\\/\\\/zapateneo.net\\\/wordpress\\\/index.php\\\/producto\\\/marxismo-negro-la-formacion-de-la-tradicion-radical-negra\\\/#primaryimage\",\"url\":\"https:\\\/\\\/zapateneo.net\\\/wordpress\\\/wp-content\\\/uploads\\\/2021\\\/09\\\/marxismo_negro.gif\",\"contentUrl\":\"https:\\\/\\\/zapateneo.net\\\/wordpress\\\/wp-content\\\/uploads\\\/2021\\\/09\\\/marxismo_negro.gif\",\"width\":240,\"height\":384},{\"@type\":\"BreadcrumbList\",\"@id\":\"https:\\\/\\\/zapateneo.net\\\/wordpress\\\/index.php\\\/producto\\\/marxismo-negro-la-formacion-de-la-tradicion-radical-negra\\\/#breadcrumb\",\"itemListElement\":[{\"@type\":\"ListItem\",\"position\":1,\"name\":\"Portada\",\"item\":\"https:\\\/\\\/zapateneo.net\\\/wordpress\\\/\"},{\"@type\":\"ListItem\",\"position\":2,\"name\":\"Tienda\",\"item\":\"https:\\\/\\\/zapateneo.net\\\/wordpress\\\/\"},{\"@type\":\"ListItem\",\"position\":3,\"name\":\"Marxismo negro. La formaci\u00f3n de la tradici\u00f3n radical negra\"}]},{\"@type\":\"WebSite\",\"@id\":\"https:\\\/\\\/zapateneo.net\\\/wordpress\\\/#website\",\"url\":\"https:\\\/\\\/zapateneo.net\\\/wordpress\\\/\",\"name\":\"Zapateneo\",\"description\":\"Zapateneoaren webgunea\",\"publisher\":{\"@id\":\"https:\\\/\\\/zapateneo.net\\\/wordpress\\\/#organization\"},\"potentialAction\":[{\"@type\":\"SearchAction\",\"target\":{\"@type\":\"EntryPoint\",\"urlTemplate\":\"https:\\\/\\\/zapateneo.net\\\/wordpress\\\/?s={search_term_string}\"},\"query-input\":{\"@type\":\"PropertyValueSpecification\",\"valueRequired\":true,\"valueName\":\"search_term_string\"}}],\"inLanguage\":\"es\"},{\"@type\":\"Organization\",\"@id\":\"https:\\\/\\\/zapateneo.net\\\/wordpress\\\/#organization\",\"name\":\"Zapateneo Kultur Elkartea\",\"url\":\"https:\\\/\\\/zapateneo.net\\\/wordpress\\\/\",\"logo\":{\"@type\":\"ImageObject\",\"inLanguage\":\"es\",\"@id\":\"https:\\\/\\\/zapateneo.net\\\/wordpress\\\/#\\\/schema\\\/logo\\\/image\\\/\",\"url\":\"https:\\\/\\\/zapateneo.net\\\/wordpress\\\/wp-content\\\/uploads\\\/2021\\\/04\\\/zap-libu-kolec.jpg\",\"contentUrl\":\"https:\\\/\\\/zapateneo.net\\\/wordpress\\\/wp-content\\\/uploads\\\/2021\\\/04\\\/zap-libu-kolec.jpg\",\"width\":2234,\"height\":398,\"caption\":\"Zapateneo Kultur Elkartea\"},\"image\":{\"@id\":\"https:\\\/\\\/zapateneo.net\\\/wordpress\\\/#\\\/schema\\\/logo\\\/image\\\/\"},\"sameAs\":[\"https:\\\/\\\/x.com\\\/zapateneo\"]}]}<\/script>\n<!-- \/ Yoast SEO plugin. -->","yoast_head_json":{"title":"Marxismo negro. La formaci\u00f3n de la tradici\u00f3n radical negra &#8212; Zapateneo","robots":{"index":"index","follow":"follow","max-snippet":"max-snippet:-1","max-image-preview":"max-image-preview:large","max-video-preview":"max-video-preview:-1"},"canonical":"https:\/\/zapateneo.net\/wordpress\/index.php\/producto\/marxismo-negro-la-formacion-de-la-tradicion-radical-negra\/","og_locale":"es_ES","og_type":"article","og_title":"Marxismo negro. La formaci\u00f3n de la tradici\u00f3n radical negra &#8212; Zapateneo","og_description":"Robinson, Cedric 9788412276268 - Traficantes de sue\u00f1os - 2021 - 568 p\u00e1ginas \/orri.","og_url":"https:\/\/zapateneo.net\/wordpress\/index.php\/producto\/marxismo-negro-la-formacion-de-la-tradicion-radical-negra\/","og_site_name":"Zapateneo","article_modified_time":"2021-09-15T19:26:05+00:00","og_image":[{"width":240,"height":384,"url":"https:\/\/zapateneo.net\/wordpress\/wp-content\/uploads\/2021\/09\/marxismo_negro.gif","type":"image\/gif"}],"twitter_card":"summary_large_image","twitter_site":"@zapateneo","twitter_misc":{"Tiempo de lectura":"2 minutos"},"schema":{"@context":"https:\/\/schema.org","@graph":[{"@type":"WebPage","@id":"https:\/\/zapateneo.net\/wordpress\/index.php\/producto\/marxismo-negro-la-formacion-de-la-tradicion-radical-negra\/","url":"https:\/\/zapateneo.net\/wordpress\/index.php\/producto\/marxismo-negro-la-formacion-de-la-tradicion-radical-negra\/","name":"Marxismo negro. La formaci\u00f3n de la tradici\u00f3n radical negra &#8212; Zapateneo","isPartOf":{"@id":"https:\/\/zapateneo.net\/wordpress\/#website"},"primaryImageOfPage":{"@id":"https:\/\/zapateneo.net\/wordpress\/index.php\/producto\/marxismo-negro-la-formacion-de-la-tradicion-radical-negra\/#primaryimage"},"image":{"@id":"https:\/\/zapateneo.net\/wordpress\/index.php\/producto\/marxismo-negro-la-formacion-de-la-tradicion-radical-negra\/#primaryimage"},"thumbnailUrl":"https:\/\/zapateneo.net\/wordpress\/wp-content\/uploads\/2021\/09\/marxismo_negro.gif","datePublished":"2021-09-15T19:20:12+00:00","dateModified":"2021-09-15T19:26:05+00:00","breadcrumb":{"@id":"https:\/\/zapateneo.net\/wordpress\/index.php\/producto\/marxismo-negro-la-formacion-de-la-tradicion-radical-negra\/#breadcrumb"},"inLanguage":"es","potentialAction":[{"@type":"ReadAction","target":["https:\/\/zapateneo.net\/wordpress\/index.php\/producto\/marxismo-negro-la-formacion-de-la-tradicion-radical-negra\/"]}]},{"@type":"ImageObject","inLanguage":"es","@id":"https:\/\/zapateneo.net\/wordpress\/index.php\/producto\/marxismo-negro-la-formacion-de-la-tradicion-radical-negra\/#primaryimage","url":"https:\/\/zapateneo.net\/wordpress\/wp-content\/uploads\/2021\/09\/marxismo_negro.gif","contentUrl":"https:\/\/zapateneo.net\/wordpress\/wp-content\/uploads\/2021\/09\/marxismo_negro.gif","width":240,"height":384},{"@type":"BreadcrumbList","@id":"https:\/\/zapateneo.net\/wordpress\/index.php\/producto\/marxismo-negro-la-formacion-de-la-tradicion-radical-negra\/#breadcrumb","itemListElement":[{"@type":"ListItem","position":1,"name":"Portada","item":"https:\/\/zapateneo.net\/wordpress\/"},{"@type":"ListItem","position":2,"name":"Tienda","item":"https:\/\/zapateneo.net\/wordpress\/"},{"@type":"ListItem","position":3,"name":"Marxismo negro. La formaci\u00f3n de la tradici\u00f3n radical negra"}]},{"@type":"WebSite","@id":"https:\/\/zapateneo.net\/wordpress\/#website","url":"https:\/\/zapateneo.net\/wordpress\/","name":"Zapateneo","description":"Zapateneoaren webgunea","publisher":{"@id":"https:\/\/zapateneo.net\/wordpress\/#organization"},"potentialAction":[{"@type":"SearchAction","target":{"@type":"EntryPoint","urlTemplate":"https:\/\/zapateneo.net\/wordpress\/?s={search_term_string}"},"query-input":{"@type":"PropertyValueSpecification","valueRequired":true,"valueName":"search_term_string"}}],"inLanguage":"es"},{"@type":"Organization","@id":"https:\/\/zapateneo.net\/wordpress\/#organization","name":"Zapateneo Kultur Elkartea","url":"https:\/\/zapateneo.net\/wordpress\/","logo":{"@type":"ImageObject","inLanguage":"es","@id":"https:\/\/zapateneo.net\/wordpress\/#\/schema\/logo\/image\/","url":"https:\/\/zapateneo.net\/wordpress\/wp-content\/uploads\/2021\/04\/zap-libu-kolec.jpg","contentUrl":"https:\/\/zapateneo.net\/wordpress\/wp-content\/uploads\/2021\/04\/zap-libu-kolec.jpg","width":2234,"height":398,"caption":"Zapateneo Kultur Elkartea"},"image":{"@id":"https:\/\/zapateneo.net\/wordpress\/#\/schema\/logo\/image\/"},"sameAs":["https:\/\/x.com\/zapateneo"]}]}},"_links":{"self":[{"href":"https:\/\/zapateneo.net\/wordpress\/index.php\/wp-json\/wp\/v2\/product\/7986","targetHints":{"allow":["GET"]}}],"collection":[{"href":"https:\/\/zapateneo.net\/wordpress\/index.php\/wp-json\/wp\/v2\/product"}],"about":[{"href":"https:\/\/zapateneo.net\/wordpress\/index.php\/wp-json\/wp\/v2\/types\/product"}],"wp:featuredmedia":[{"embeddable":true,"href":"https:\/\/zapateneo.net\/wordpress\/index.php\/wp-json\/wp\/v2\/media\/8036"}],"wp:attachment":[{"href":"https:\/\/zapateneo.net\/wordpress\/index.php\/wp-json\/wp\/v2\/media?parent=7986"}],"wp:term":[{"taxonomy":"product_brand","embeddable":true,"href":"https:\/\/zapateneo.net\/wordpress\/index.php\/wp-json\/wp\/v2\/product_brand?post=7986"},{"taxonomy":"product_cat","embeddable":true,"href":"https:\/\/zapateneo.net\/wordpress\/index.php\/wp-json\/wp\/v2\/product_cat?post=7986"},{"taxonomy":"product_tag","embeddable":true,"href":"https:\/\/zapateneo.net\/wordpress\/index.php\/wp-json\/wp\/v2\/product_tag?post=7986"}],"curies":[{"name":"wp","href":"https:\/\/api.w.org\/{rel}","templated":true}]}}