{"id":7982,"date":"2021-09-15T20:19:36","date_gmt":"2021-09-15T19:19:36","guid":{"rendered":"https:\/\/zapateneo.net\/wordpress\/?post_type=product&#038;p=7982"},"modified":"2021-09-15T20:25:25","modified_gmt":"2021-09-15T19:25:25","slug":"horizontes-de-visibilidad-apuntes-latinoamericanos-marxistas","status":"publish","type":"product","link":"https:\/\/zapateneo.net\/wordpress\/index.php\/producto\/horizontes-de-visibilidad-apuntes-latinoamericanos-marxistas\/","title":{"rendered":"Horizontes de visibilidad. Apuntes latinoamericanos marxistas"},"content":{"rendered":"<p>En este volumen se re\u00fanen los trabajos m\u00e1s importantes del soci\u00f3logo boliviano Ren\u00e9 Zavaleta Mercado. En constante desarrollo creativo desde sus primeros textos, su pensamiento nace de la corriente del nacionalismo revolucionario latinoamericano, que en su Bolivia natal impregn\u00f3 la Revoluci\u00f3n de 1952. Posteriormente evolucion\u00f3 hacia el marxismo, si bien este vino r\u00e1pidamente desgarrado por una mirada cada vez m\u00e1s heterodoxa. La originalidad de los escritos de Zavaleta descansa, de hecho, en la apropiaci\u00f3n y reinvenci\u00f3n de las categor\u00edas marxistas aplicadas a una realidad que plantea preguntas sustantivas: sociedades a caballo entre formas sociales distintas (capitalistas y precapitalistas), en las que no hay ning\u00fan atisbo de la homogeneidad social que se reconoce en Europa y en las que los Estados aparecen tambi\u00e9n como entidades inacabadas o incompletas. A partir de estas particularidades, que describi\u00f3 con un nuevo conjunto de conceptos (\u00absociedad abigarrada\u00bb, \u00abparadoja se\u00f1orial\u00bb, \u00abmasa\u00bb), Zavaleta se pregunta sobre la eventualidad de la transformaci\u00f3n social en el continente, as\u00ed como sobre el papel en este proceso de la clase obrera local, los campesinos y las comunidades ind\u00edgenas. A la posibilidad de este conocimiento social, hist\u00f3ricamente situado y pol\u00edticamente implicado, es a lo que llam\u00f3 horizontes de visibilidad.<\/p>\n<p>En este libro se incluye la que es seguramente su obra m\u00e1s conocida, El poder dual en Am\u00e9rica Latina, y tambi\u00e9n la introducci\u00f3n y el plan de la que promet\u00eda ser su obra mayor, inconclusa debido a su temprana muerte, Lo nacional popular en Bolivia. Adem\u00e1s se ha incorporado una selecci\u00f3n de sus ensayos m\u00e1s significativos, que recorren la coyuntura pol\u00edtica de Am\u00e9rica Latina desde los a\u00f1os sesenta hasta la d\u00e9cada de 1980.<\/p>\n<p>Ren\u00e9 Zavaleta Mercado naci\u00f3 en 1937 en la ciudad de Oruro (Bolivia) y muri\u00f3 en 1984 en Ciudad de M\u00e9xico. Soci\u00f3logo, pol\u00edtico y militante, Zavaleta es uno de los principales te\u00f3ricos del marxismo latinoamericano del siglo XX. Su evoluci\u00f3n discurre en paralelo a los acontecimientos pol\u00edticos m\u00e1s importantes del continente. Testigo de los golpes de Estado de Hugo Banzer en 1971 y, mientras estaba en Chile, de Augusto Pinochet en 1973, Zavaleta acab\u00f3 por exiliarse a M\u00e9xico, donde desarroll\u00f3 la parte seguramente m\u00e1s interesante de su obra. En reconocimiento a su trabajo y creciente influencia, fue director de la Facultad Latinoamericana de Ciencias Sociales (FLACSO) de M\u00e9xico entre 1976 y 1984.<\/p>\n","protected":false},"excerpt":{"rendered":"<p><strong>Zavaleta Mercado, Ren\u00e9<\/strong><br \/>\n9788412276251 &#8211; Traficantes de sue\u00f1os &#8211; 2021 &#8211; 440 p\u00e1ginas \/orri.<\/p>\n","protected":false},"featured_media":8031,"template":"","meta":[],"product_brand":[],"product_cat":[16,176],"product_tag":[72,4480],"class_list":{"0":"post-7982","1":"product","2":"type-product","3":"status-publish","4":"has-post-thumbnail","6":"product_cat-libros","7":"product_cat-marxismoa-marxismo","8":"product_tag-traficantes-de-suenos","9":"product_tag-zavaleta-mercado","11":"first","12":"onbackorder","13":"sold-individually","14":"shipping-taxable","15":"purchasable","16":"product-type-simple"},"yoast_head":"<!-- This site is optimized with the Yoast SEO plugin v27.3 - https:\/\/yoast.com\/product\/yoast-seo-wordpress\/ -->\n<title>Horizontes de visibilidad. Apuntes latinoamericanos marxistas &#8212; Zapateneo<\/title>\n<meta name=\"robots\" content=\"index, follow, max-snippet:-1, max-image-preview:large, max-video-preview:-1\" \/>\n<link rel=\"canonical\" href=\"https:\/\/zapateneo.net\/wordpress\/index.php\/producto\/horizontes-de-visibilidad-apuntes-latinoamericanos-marxistas\/\" \/>\n<meta property=\"og:locale\" content=\"es_ES\" \/>\n<meta property=\"og:type\" content=\"article\" \/>\n<meta property=\"og:title\" content=\"Horizontes de visibilidad. Apuntes latinoamericanos marxistas &#8212; Zapateneo\" \/>\n<meta property=\"og:description\" content=\"Zavaleta Mercado, Ren\u00e9 9788412276251 - Traficantes de sue\u00f1os - 2021 - 440 p\u00e1ginas \/orri.\" \/>\n<meta property=\"og:url\" content=\"https:\/\/zapateneo.net\/wordpress\/index.php\/producto\/horizontes-de-visibilidad-apuntes-latinoamericanos-marxistas\/\" \/>\n<meta property=\"og:site_name\" content=\"Zapateneo\" \/>\n<meta property=\"article:modified_time\" content=\"2021-09-15T19:25:25+00:00\" \/>\n<meta property=\"og:image\" content=\"https:\/\/zapateneo.net\/wordpress\/wp-content\/uploads\/2021\/09\/horizontes_de_visibilidad.gif\" \/>\n\t<meta property=\"og:image:width\" content=\"240\" \/>\n\t<meta property=\"og:image:height\" content=\"385\" \/>\n\t<meta property=\"og:image:type\" content=\"image\/gif\" \/>\n<meta name=\"twitter:card\" content=\"summary_large_image\" \/>\n<meta name=\"twitter:site\" content=\"@zapateneo\" \/>\n<meta name=\"twitter:label1\" content=\"Tiempo de lectura\" \/>\n\t<meta name=\"twitter:data1\" content=\"2 minutos\" \/>\n<script type=\"application\/ld+json\" class=\"yoast-schema-graph\">{\"@context\":\"https:\\\/\\\/schema.org\",\"@graph\":[{\"@type\":\"WebPage\",\"@id\":\"https:\\\/\\\/zapateneo.net\\\/wordpress\\\/index.php\\\/producto\\\/horizontes-de-visibilidad-apuntes-latinoamericanos-marxistas\\\/\",\"url\":\"https:\\\/\\\/zapateneo.net\\\/wordpress\\\/index.php\\\/producto\\\/horizontes-de-visibilidad-apuntes-latinoamericanos-marxistas\\\/\",\"name\":\"Horizontes de visibilidad. Apuntes latinoamericanos marxistas &#8212; Zapateneo\",\"isPartOf\":{\"@id\":\"https:\\\/\\\/zapateneo.net\\\/wordpress\\\/#website\"},\"primaryImageOfPage\":{\"@id\":\"https:\\\/\\\/zapateneo.net\\\/wordpress\\\/index.php\\\/producto\\\/horizontes-de-visibilidad-apuntes-latinoamericanos-marxistas\\\/#primaryimage\"},\"image\":{\"@id\":\"https:\\\/\\\/zapateneo.net\\\/wordpress\\\/index.php\\\/producto\\\/horizontes-de-visibilidad-apuntes-latinoamericanos-marxistas\\\/#primaryimage\"},\"thumbnailUrl\":\"https:\\\/\\\/zapateneo.net\\\/wordpress\\\/wp-content\\\/uploads\\\/2021\\\/09\\\/horizontes_de_visibilidad.gif\",\"datePublished\":\"2021-09-15T19:19:36+00:00\",\"dateModified\":\"2021-09-15T19:25:25+00:00\",\"breadcrumb\":{\"@id\":\"https:\\\/\\\/zapateneo.net\\\/wordpress\\\/index.php\\\/producto\\\/horizontes-de-visibilidad-apuntes-latinoamericanos-marxistas\\\/#breadcrumb\"},\"inLanguage\":\"es\",\"potentialAction\":[{\"@type\":\"ReadAction\",\"target\":[\"https:\\\/\\\/zapateneo.net\\\/wordpress\\\/index.php\\\/producto\\\/horizontes-de-visibilidad-apuntes-latinoamericanos-marxistas\\\/\"]}]},{\"@type\":\"ImageObject\",\"inLanguage\":\"es\",\"@id\":\"https:\\\/\\\/zapateneo.net\\\/wordpress\\\/index.php\\\/producto\\\/horizontes-de-visibilidad-apuntes-latinoamericanos-marxistas\\\/#primaryimage\",\"url\":\"https:\\\/\\\/zapateneo.net\\\/wordpress\\\/wp-content\\\/uploads\\\/2021\\\/09\\\/horizontes_de_visibilidad.gif\",\"contentUrl\":\"https:\\\/\\\/zapateneo.net\\\/wordpress\\\/wp-content\\\/uploads\\\/2021\\\/09\\\/horizontes_de_visibilidad.gif\",\"width\":240,\"height\":385},{\"@type\":\"BreadcrumbList\",\"@id\":\"https:\\\/\\\/zapateneo.net\\\/wordpress\\\/index.php\\\/producto\\\/horizontes-de-visibilidad-apuntes-latinoamericanos-marxistas\\\/#breadcrumb\",\"itemListElement\":[{\"@type\":\"ListItem\",\"position\":1,\"name\":\"Portada\",\"item\":\"https:\\\/\\\/zapateneo.net\\\/wordpress\\\/\"},{\"@type\":\"ListItem\",\"position\":2,\"name\":\"Tienda\",\"item\":\"https:\\\/\\\/zapateneo.net\\\/wordpress\\\/\"},{\"@type\":\"ListItem\",\"position\":3,\"name\":\"Horizontes de visibilidad. Apuntes latinoamericanos marxistas\"}]},{\"@type\":\"WebSite\",\"@id\":\"https:\\\/\\\/zapateneo.net\\\/wordpress\\\/#website\",\"url\":\"https:\\\/\\\/zapateneo.net\\\/wordpress\\\/\",\"name\":\"Zapateneo\",\"description\":\"Zapateneoaren webgunea\",\"publisher\":{\"@id\":\"https:\\\/\\\/zapateneo.net\\\/wordpress\\\/#organization\"},\"potentialAction\":[{\"@type\":\"SearchAction\",\"target\":{\"@type\":\"EntryPoint\",\"urlTemplate\":\"https:\\\/\\\/zapateneo.net\\\/wordpress\\\/?s={search_term_string}\"},\"query-input\":{\"@type\":\"PropertyValueSpecification\",\"valueRequired\":true,\"valueName\":\"search_term_string\"}}],\"inLanguage\":\"es\"},{\"@type\":\"Organization\",\"@id\":\"https:\\\/\\\/zapateneo.net\\\/wordpress\\\/#organization\",\"name\":\"Zapateneo Kultur Elkartea\",\"url\":\"https:\\\/\\\/zapateneo.net\\\/wordpress\\\/\",\"logo\":{\"@type\":\"ImageObject\",\"inLanguage\":\"es\",\"@id\":\"https:\\\/\\\/zapateneo.net\\\/wordpress\\\/#\\\/schema\\\/logo\\\/image\\\/\",\"url\":\"https:\\\/\\\/zapateneo.net\\\/wordpress\\\/wp-content\\\/uploads\\\/2021\\\/04\\\/zap-libu-kolec.jpg\",\"contentUrl\":\"https:\\\/\\\/zapateneo.net\\\/wordpress\\\/wp-content\\\/uploads\\\/2021\\\/04\\\/zap-libu-kolec.jpg\",\"width\":2234,\"height\":398,\"caption\":\"Zapateneo Kultur Elkartea\"},\"image\":{\"@id\":\"https:\\\/\\\/zapateneo.net\\\/wordpress\\\/#\\\/schema\\\/logo\\\/image\\\/\"},\"sameAs\":[\"https:\\\/\\\/x.com\\\/zapateneo\"]}]}<\/script>\n<!-- \/ Yoast SEO plugin. -->","yoast_head_json":{"title":"Horizontes de visibilidad. Apuntes latinoamericanos marxistas &#8212; Zapateneo","robots":{"index":"index","follow":"follow","max-snippet":"max-snippet:-1","max-image-preview":"max-image-preview:large","max-video-preview":"max-video-preview:-1"},"canonical":"https:\/\/zapateneo.net\/wordpress\/index.php\/producto\/horizontes-de-visibilidad-apuntes-latinoamericanos-marxistas\/","og_locale":"es_ES","og_type":"article","og_title":"Horizontes de visibilidad. Apuntes latinoamericanos marxistas &#8212; Zapateneo","og_description":"Zavaleta Mercado, Ren\u00e9 9788412276251 - Traficantes de sue\u00f1os - 2021 - 440 p\u00e1ginas \/orri.","og_url":"https:\/\/zapateneo.net\/wordpress\/index.php\/producto\/horizontes-de-visibilidad-apuntes-latinoamericanos-marxistas\/","og_site_name":"Zapateneo","article_modified_time":"2021-09-15T19:25:25+00:00","og_image":[{"width":240,"height":385,"url":"https:\/\/zapateneo.net\/wordpress\/wp-content\/uploads\/2021\/09\/horizontes_de_visibilidad.gif","type":"image\/gif"}],"twitter_card":"summary_large_image","twitter_site":"@zapateneo","twitter_misc":{"Tiempo de lectura":"2 minutos"},"schema":{"@context":"https:\/\/schema.org","@graph":[{"@type":"WebPage","@id":"https:\/\/zapateneo.net\/wordpress\/index.php\/producto\/horizontes-de-visibilidad-apuntes-latinoamericanos-marxistas\/","url":"https:\/\/zapateneo.net\/wordpress\/index.php\/producto\/horizontes-de-visibilidad-apuntes-latinoamericanos-marxistas\/","name":"Horizontes de visibilidad. Apuntes latinoamericanos marxistas &#8212; Zapateneo","isPartOf":{"@id":"https:\/\/zapateneo.net\/wordpress\/#website"},"primaryImageOfPage":{"@id":"https:\/\/zapateneo.net\/wordpress\/index.php\/producto\/horizontes-de-visibilidad-apuntes-latinoamericanos-marxistas\/#primaryimage"},"image":{"@id":"https:\/\/zapateneo.net\/wordpress\/index.php\/producto\/horizontes-de-visibilidad-apuntes-latinoamericanos-marxistas\/#primaryimage"},"thumbnailUrl":"https:\/\/zapateneo.net\/wordpress\/wp-content\/uploads\/2021\/09\/horizontes_de_visibilidad.gif","datePublished":"2021-09-15T19:19:36+00:00","dateModified":"2021-09-15T19:25:25+00:00","breadcrumb":{"@id":"https:\/\/zapateneo.net\/wordpress\/index.php\/producto\/horizontes-de-visibilidad-apuntes-latinoamericanos-marxistas\/#breadcrumb"},"inLanguage":"es","potentialAction":[{"@type":"ReadAction","target":["https:\/\/zapateneo.net\/wordpress\/index.php\/producto\/horizontes-de-visibilidad-apuntes-latinoamericanos-marxistas\/"]}]},{"@type":"ImageObject","inLanguage":"es","@id":"https:\/\/zapateneo.net\/wordpress\/index.php\/producto\/horizontes-de-visibilidad-apuntes-latinoamericanos-marxistas\/#primaryimage","url":"https:\/\/zapateneo.net\/wordpress\/wp-content\/uploads\/2021\/09\/horizontes_de_visibilidad.gif","contentUrl":"https:\/\/zapateneo.net\/wordpress\/wp-content\/uploads\/2021\/09\/horizontes_de_visibilidad.gif","width":240,"height":385},{"@type":"BreadcrumbList","@id":"https:\/\/zapateneo.net\/wordpress\/index.php\/producto\/horizontes-de-visibilidad-apuntes-latinoamericanos-marxistas\/#breadcrumb","itemListElement":[{"@type":"ListItem","position":1,"name":"Portada","item":"https:\/\/zapateneo.net\/wordpress\/"},{"@type":"ListItem","position":2,"name":"Tienda","item":"https:\/\/zapateneo.net\/wordpress\/"},{"@type":"ListItem","position":3,"name":"Horizontes de visibilidad. Apuntes latinoamericanos marxistas"}]},{"@type":"WebSite","@id":"https:\/\/zapateneo.net\/wordpress\/#website","url":"https:\/\/zapateneo.net\/wordpress\/","name":"Zapateneo","description":"Zapateneoaren webgunea","publisher":{"@id":"https:\/\/zapateneo.net\/wordpress\/#organization"},"potentialAction":[{"@type":"SearchAction","target":{"@type":"EntryPoint","urlTemplate":"https:\/\/zapateneo.net\/wordpress\/?s={search_term_string}"},"query-input":{"@type":"PropertyValueSpecification","valueRequired":true,"valueName":"search_term_string"}}],"inLanguage":"es"},{"@type":"Organization","@id":"https:\/\/zapateneo.net\/wordpress\/#organization","name":"Zapateneo Kultur Elkartea","url":"https:\/\/zapateneo.net\/wordpress\/","logo":{"@type":"ImageObject","inLanguage":"es","@id":"https:\/\/zapateneo.net\/wordpress\/#\/schema\/logo\/image\/","url":"https:\/\/zapateneo.net\/wordpress\/wp-content\/uploads\/2021\/04\/zap-libu-kolec.jpg","contentUrl":"https:\/\/zapateneo.net\/wordpress\/wp-content\/uploads\/2021\/04\/zap-libu-kolec.jpg","width":2234,"height":398,"caption":"Zapateneo Kultur Elkartea"},"image":{"@id":"https:\/\/zapateneo.net\/wordpress\/#\/schema\/logo\/image\/"},"sameAs":["https:\/\/x.com\/zapateneo"]}]}},"_links":{"self":[{"href":"https:\/\/zapateneo.net\/wordpress\/index.php\/wp-json\/wp\/v2\/product\/7982","targetHints":{"allow":["GET"]}}],"collection":[{"href":"https:\/\/zapateneo.net\/wordpress\/index.php\/wp-json\/wp\/v2\/product"}],"about":[{"href":"https:\/\/zapateneo.net\/wordpress\/index.php\/wp-json\/wp\/v2\/types\/product"}],"wp:featuredmedia":[{"embeddable":true,"href":"https:\/\/zapateneo.net\/wordpress\/index.php\/wp-json\/wp\/v2\/media\/8031"}],"wp:attachment":[{"href":"https:\/\/zapateneo.net\/wordpress\/index.php\/wp-json\/wp\/v2\/media?parent=7982"}],"wp:term":[{"taxonomy":"product_brand","embeddable":true,"href":"https:\/\/zapateneo.net\/wordpress\/index.php\/wp-json\/wp\/v2\/product_brand?post=7982"},{"taxonomy":"product_cat","embeddable":true,"href":"https:\/\/zapateneo.net\/wordpress\/index.php\/wp-json\/wp\/v2\/product_cat?post=7982"},{"taxonomy":"product_tag","embeddable":true,"href":"https:\/\/zapateneo.net\/wordpress\/index.php\/wp-json\/wp\/v2\/product_tag?post=7982"}],"curies":[{"name":"wp","href":"https:\/\/api.w.org\/{rel}","templated":true}]}}