{"id":7972,"date":"2021-09-15T20:18:50","date_gmt":"2021-09-15T19:18:50","guid":{"rendered":"https:\/\/zapateneo.net\/wordpress\/?post_type=product&#038;p=7972"},"modified":"2022-01-02T20:44:24","modified_gmt":"2022-01-02T19:44:24","slug":"yo-soy-frontera-autoetnografia-de-un-viajero-ilegal","status":"publish","type":"product","link":"https:\/\/zapateneo.net\/wordpress\/index.php\/producto\/yo-soy-frontera-autoetnografia-de-un-viajero-ilegal\/","title":{"rendered":"Yo soy frontera. Autoetnograf\u00eda de un viajero ilegal"},"content":{"rendered":"<div>\n<p><em>\u00abLos cuerpos se usan como texto. Las pruebas de tortura que pueda haber en el cuerpo del solicitante de asilo se utilizan para evaluar su m\u00e9rito. Para probar la existencia de sufrimiento, se usan ex\u00e1menes m\u00e9dicos, fotograf\u00edas de heridas y cicatrices a\u00fan visibles. Pero a veces, y hasta me atrever\u00eda a decir que a menudo, estas heridas son pruebas insuficientes.\u00bb<\/em><\/p>\n<p>El libro que presentamos no es cualquier texto sobre migraciones. Se trata de una de las aportaciones m\u00e1s importantes sobre los reg\u00edmenes fronterizos actuales y las m\u00faltiples formas de violencia institucional, social, simb\u00f3lica o psicol\u00f3gica que estos descargan sobre las personas migrantes.<\/p>\n<p>Escrito como una autoetnograf\u00eda,\u00a0<em>Yo soy frontera<\/em>\u00a0derrumba aqu\u00ed la pared acad\u00e9mica y hace de su propia vivencia el trabajo de campo. Shahram Khosravi narra su propio viaje, que comienza con su hu\u00edda de Ir\u00e1n en 1987 y su llegada a Suecia en 1988, periplo que a\u00fan hoy no ha acabado, ya que su cuerpo es la representaci\u00f3n misma de la condici\u00f3n migrante y, por tanto, de la frontera.<\/p>\n<p>Complejo, descarnado y a menudo ir\u00f3nico, Khosravi trasciende la mera narraci\u00f3n individual, recoge las voces y las reflexiones de quienes han compartido con \u00e9l el viaje y la experiencia fronteriza, y denuncia la cosificaci\u00f3n de las personas migrantes, cuestionando conceptos como el de \u00abtraficante\u00bb, \u00abrefugiado\u00bb o \u00abilegal\u00bb.<\/p>\n<p><em>Yo soy frontera<\/em>\u00a0es una contribuci\u00f3n intelectual de primer orden, llamada a renovar las herramientas de cr\u00edtica a los reg\u00edmenes migratorios y fronterizos.<\/p>\n<p>&nbsp;<\/p>\n<\/div>\n<div class=\"row\">\n<div class=\"col-12 col-12-small\">\n<p><span class=\"image left autor\"><img decoding=\"async\" src=\"https:\/\/www.viruseditorial.net\/\/fotos-autor\/koshravi.jpg\" alt=\"shahram-khosravi\" \/><\/span><\/p>\n<p><strong>Shahram Khosravi<\/strong>\u00a0(Isfah\u00e1n, 1966). Antrop\u00f3logo e investigador, migr\u00f3 muy joven, hu\u00adyen\u00addo de Ir\u00e1n en 1987 para evitar el reclutamiento del Ej\u00e9rcito iran\u00ed para la guerra de Ir\u00e1n-Irak (1980-1988). Tras llegar a Suecia en 1988, en 1991 su\u00adfri\u00f3 un ataque islam\u00f3fobo, en el cual recibi\u00f3 un disparo por parte de un ultraderechista. Actualmente profe\u00adsor adjunto del departamento de Antropolog\u00eda So\u00adcial de la Universidad de Estocolmo, Khosravi ha realizado investigaciones antropol\u00f3gicas so\u00adbre Ir\u00e1n y Oriente Pr\u00f3ximo, las migraciones, los derechos humanos y los desplazamientos forzados. Ha estado a cargo de las investigaciones \u00abAfter the deportation\u00bb (so\u00adbre los procesos de solicitud de asilo en Suecia) y \u00abWaiting\u00bb (sobre las personas migrantes indo\u00adcu\u00admentadas a la espera de recibir el permiso de residencia). Adem\u00e1s de este libro, es autor de\u00a0<em>Young and Defiant in Tehran<\/em>\u00a0(University of Pennsylvania Press, 2008) y\u00a0<em>Precarious Lives. Waiting and Hope in Iran<\/em>\u00a0(University of Pennsylvania Press, 2017). Tam\u00adbi\u00e9n es editor del volumen\u00a0<em>After Deportation. Ethno\u00adgraphic Perspectives<\/em>\u00a0(Palgrave, 2017).<\/p>\n<p>&nbsp;<\/p>\n<\/div>\n<\/div>\n<div>\n<p>&nbsp;<\/p>\n<p>Pr\u00f3logo de\u00a0<strong>Eduardo Romero<\/strong>\u00a0| Traducci\u00f3n de\u00a0<strong>Laura Escorihuela<\/strong><\/p>\n<p>&nbsp;<\/p>\n<\/div>\n<p>&nbsp;<\/p>\n<p><iframe loading=\"lazy\" title=\"YouTube video player\" src=\"https:\/\/www.youtube.com\/embed\/SPgtCBxO3Io\" width=\"560\" height=\"315\" frameborder=\"0\" allowfullscreen=\"allowfullscreen\" data-ruffle-polyfilled=\"\" data-mce-fragment=\"1\"><\/iframe><\/p>\n<div>\n<h2><a href=\"https:\/\/www.viruseditorial.net\/es\/editorial\/descargar-pdf\" target=\"_blank\" rel=\"noopener\">Libro en libre descarga de Virus Editorial<\/a><\/h2>\n<\/div>\n<aside class=\"mashsb-container mashsb-main mashsb-stretched\">\n<div class=\"mashsb-box\">\n<div class=\"mashsb-count mash-large\"><\/div>\n<\/div>\n<\/aside>\n","protected":false},"excerpt":{"rendered":"<p><strong>Koshravi, Shahram<\/strong><br \/>\n9788417870089 &#8211; Virus &#8211; 2021 &#8211; 256 p\u00e1ginas \/orri.<\/p>\n","protected":false},"featured_media":8022,"template":"","meta":[],"product_brand":[],"product_cat":[177,16],"product_tag":[4626,4472,57],"class_list":{"0":"post-7972","1":"product","2":"type-product","3":"status-publish","4":"has-post-thumbnail","6":"product_cat-gizarte-mugimenduak-movimientos-sociales","7":"product_cat-libros","8":"product_tag-deskargak","9":"product_tag-koshravi","10":"product_tag-virus","12":"first","13":"instock","14":"sold-individually","15":"shipping-taxable","16":"purchasable","17":"product-type-simple"},"yoast_head":"<!-- This site is optimized with the Yoast SEO plugin v27.4 - https:\/\/yoast.com\/product\/yoast-seo-wordpress\/ -->\n<title>Yo soy frontera. Autoetnograf\u00eda de un viajero ilegal &#8212; Zapateneo<\/title>\n<meta name=\"robots\" content=\"index, follow, max-snippet:-1, max-image-preview:large, max-video-preview:-1\" \/>\n<link rel=\"canonical\" href=\"https:\/\/zapateneo.net\/wordpress\/index.php\/producto\/yo-soy-frontera-autoetnografia-de-un-viajero-ilegal\/\" \/>\n<meta property=\"og:locale\" content=\"es_ES\" \/>\n<meta property=\"og:type\" content=\"article\" \/>\n<meta property=\"og:title\" content=\"Yo soy frontera. Autoetnograf\u00eda de un viajero ilegal &#8212; Zapateneo\" \/>\n<meta property=\"og:description\" content=\"Koshravi, Shahram 9788417870089 - Virus - 2021 - 256 p\u00e1ginas \/orri.\" \/>\n<meta property=\"og:url\" content=\"https:\/\/zapateneo.net\/wordpress\/index.php\/producto\/yo-soy-frontera-autoetnografia-de-un-viajero-ilegal\/\" \/>\n<meta property=\"og:site_name\" content=\"Zapateneo\" \/>\n<meta property=\"article:modified_time\" content=\"2022-01-02T19:44:24+00:00\" \/>\n<meta property=\"og:image\" content=\"https:\/\/zapateneo.net\/wordpress\/wp-content\/uploads\/2021\/09\/frontera.gif\" \/>\n\t<meta property=\"og:image:width\" content=\"182\" \/>\n\t<meta property=\"og:image:height\" content=\"277\" \/>\n\t<meta property=\"og:image:type\" content=\"image\/gif\" \/>\n<meta name=\"twitter:card\" content=\"summary_large_image\" \/>\n<meta name=\"twitter:site\" content=\"@zapateneo\" \/>\n<meta name=\"twitter:label1\" content=\"Tiempo de lectura\" \/>\n\t<meta name=\"twitter:data1\" content=\"3 minutos\" \/>\n<script type=\"application\/ld+json\" class=\"yoast-schema-graph\">{\"@context\":\"https:\\\/\\\/schema.org\",\"@graph\":[{\"@type\":\"WebPage\",\"@id\":\"https:\\\/\\\/zapateneo.net\\\/wordpress\\\/index.php\\\/producto\\\/yo-soy-frontera-autoetnografia-de-un-viajero-ilegal\\\/\",\"url\":\"https:\\\/\\\/zapateneo.net\\\/wordpress\\\/index.php\\\/producto\\\/yo-soy-frontera-autoetnografia-de-un-viajero-ilegal\\\/\",\"name\":\"Yo soy frontera. Autoetnograf\u00eda de un viajero ilegal &#8212; Zapateneo\",\"isPartOf\":{\"@id\":\"https:\\\/\\\/zapateneo.net\\\/wordpress\\\/#website\"},\"primaryImageOfPage\":{\"@id\":\"https:\\\/\\\/zapateneo.net\\\/wordpress\\\/index.php\\\/producto\\\/yo-soy-frontera-autoetnografia-de-un-viajero-ilegal\\\/#primaryimage\"},\"image\":{\"@id\":\"https:\\\/\\\/zapateneo.net\\\/wordpress\\\/index.php\\\/producto\\\/yo-soy-frontera-autoetnografia-de-un-viajero-ilegal\\\/#primaryimage\"},\"thumbnailUrl\":\"https:\\\/\\\/zapateneo.net\\\/wordpress\\\/wp-content\\\/uploads\\\/2021\\\/09\\\/frontera.gif\",\"datePublished\":\"2021-09-15T19:18:50+00:00\",\"dateModified\":\"2022-01-02T19:44:24+00:00\",\"breadcrumb\":{\"@id\":\"https:\\\/\\\/zapateneo.net\\\/wordpress\\\/index.php\\\/producto\\\/yo-soy-frontera-autoetnografia-de-un-viajero-ilegal\\\/#breadcrumb\"},\"inLanguage\":\"es\",\"potentialAction\":[{\"@type\":\"ReadAction\",\"target\":[\"https:\\\/\\\/zapateneo.net\\\/wordpress\\\/index.php\\\/producto\\\/yo-soy-frontera-autoetnografia-de-un-viajero-ilegal\\\/\"]}]},{\"@type\":\"ImageObject\",\"inLanguage\":\"es\",\"@id\":\"https:\\\/\\\/zapateneo.net\\\/wordpress\\\/index.php\\\/producto\\\/yo-soy-frontera-autoetnografia-de-un-viajero-ilegal\\\/#primaryimage\",\"url\":\"https:\\\/\\\/zapateneo.net\\\/wordpress\\\/wp-content\\\/uploads\\\/2021\\\/09\\\/frontera.gif\",\"contentUrl\":\"https:\\\/\\\/zapateneo.net\\\/wordpress\\\/wp-content\\\/uploads\\\/2021\\\/09\\\/frontera.gif\",\"width\":182,\"height\":277},{\"@type\":\"BreadcrumbList\",\"@id\":\"https:\\\/\\\/zapateneo.net\\\/wordpress\\\/index.php\\\/producto\\\/yo-soy-frontera-autoetnografia-de-un-viajero-ilegal\\\/#breadcrumb\",\"itemListElement\":[{\"@type\":\"ListItem\",\"position\":1,\"name\":\"Portada\",\"item\":\"https:\\\/\\\/zapateneo.net\\\/wordpress\\\/\"},{\"@type\":\"ListItem\",\"position\":2,\"name\":\"Tienda\",\"item\":\"https:\\\/\\\/zapateneo.net\\\/wordpress\\\/\"},{\"@type\":\"ListItem\",\"position\":3,\"name\":\"Yo soy frontera. Autoetnograf\u00eda de un viajero ilegal\"}]},{\"@type\":\"WebSite\",\"@id\":\"https:\\\/\\\/zapateneo.net\\\/wordpress\\\/#website\",\"url\":\"https:\\\/\\\/zapateneo.net\\\/wordpress\\\/\",\"name\":\"Zapateneo\",\"description\":\"Zapateneoaren webgunea\",\"publisher\":{\"@id\":\"https:\\\/\\\/zapateneo.net\\\/wordpress\\\/#organization\"},\"potentialAction\":[{\"@type\":\"SearchAction\",\"target\":{\"@type\":\"EntryPoint\",\"urlTemplate\":\"https:\\\/\\\/zapateneo.net\\\/wordpress\\\/?s={search_term_string}\"},\"query-input\":{\"@type\":\"PropertyValueSpecification\",\"valueRequired\":true,\"valueName\":\"search_term_string\"}}],\"inLanguage\":\"es\"},{\"@type\":\"Organization\",\"@id\":\"https:\\\/\\\/zapateneo.net\\\/wordpress\\\/#organization\",\"name\":\"Zapateneo Kultur Elkartea\",\"url\":\"https:\\\/\\\/zapateneo.net\\\/wordpress\\\/\",\"logo\":{\"@type\":\"ImageObject\",\"inLanguage\":\"es\",\"@id\":\"https:\\\/\\\/zapateneo.net\\\/wordpress\\\/#\\\/schema\\\/logo\\\/image\\\/\",\"url\":\"https:\\\/\\\/zapateneo.net\\\/wordpress\\\/wp-content\\\/uploads\\\/2021\\\/04\\\/zap-libu-kolec.jpg\",\"contentUrl\":\"https:\\\/\\\/zapateneo.net\\\/wordpress\\\/wp-content\\\/uploads\\\/2021\\\/04\\\/zap-libu-kolec.jpg\",\"width\":2234,\"height\":398,\"caption\":\"Zapateneo Kultur Elkartea\"},\"image\":{\"@id\":\"https:\\\/\\\/zapateneo.net\\\/wordpress\\\/#\\\/schema\\\/logo\\\/image\\\/\"},\"sameAs\":[\"https:\\\/\\\/x.com\\\/zapateneo\"]}]}<\/script>\n<!-- \/ Yoast SEO plugin. -->","yoast_head_json":{"title":"Yo soy frontera. Autoetnograf\u00eda de un viajero ilegal &#8212; Zapateneo","robots":{"index":"index","follow":"follow","max-snippet":"max-snippet:-1","max-image-preview":"max-image-preview:large","max-video-preview":"max-video-preview:-1"},"canonical":"https:\/\/zapateneo.net\/wordpress\/index.php\/producto\/yo-soy-frontera-autoetnografia-de-un-viajero-ilegal\/","og_locale":"es_ES","og_type":"article","og_title":"Yo soy frontera. Autoetnograf\u00eda de un viajero ilegal &#8212; Zapateneo","og_description":"Koshravi, Shahram 9788417870089 - Virus - 2021 - 256 p\u00e1ginas \/orri.","og_url":"https:\/\/zapateneo.net\/wordpress\/index.php\/producto\/yo-soy-frontera-autoetnografia-de-un-viajero-ilegal\/","og_site_name":"Zapateneo","article_modified_time":"2022-01-02T19:44:24+00:00","og_image":[{"width":182,"height":277,"url":"https:\/\/zapateneo.net\/wordpress\/wp-content\/uploads\/2021\/09\/frontera.gif","type":"image\/gif"}],"twitter_card":"summary_large_image","twitter_site":"@zapateneo","twitter_misc":{"Tiempo de lectura":"3 minutos"},"schema":{"@context":"https:\/\/schema.org","@graph":[{"@type":"WebPage","@id":"https:\/\/zapateneo.net\/wordpress\/index.php\/producto\/yo-soy-frontera-autoetnografia-de-un-viajero-ilegal\/","url":"https:\/\/zapateneo.net\/wordpress\/index.php\/producto\/yo-soy-frontera-autoetnografia-de-un-viajero-ilegal\/","name":"Yo soy frontera. Autoetnograf\u00eda de un viajero ilegal &#8212; Zapateneo","isPartOf":{"@id":"https:\/\/zapateneo.net\/wordpress\/#website"},"primaryImageOfPage":{"@id":"https:\/\/zapateneo.net\/wordpress\/index.php\/producto\/yo-soy-frontera-autoetnografia-de-un-viajero-ilegal\/#primaryimage"},"image":{"@id":"https:\/\/zapateneo.net\/wordpress\/index.php\/producto\/yo-soy-frontera-autoetnografia-de-un-viajero-ilegal\/#primaryimage"},"thumbnailUrl":"https:\/\/zapateneo.net\/wordpress\/wp-content\/uploads\/2021\/09\/frontera.gif","datePublished":"2021-09-15T19:18:50+00:00","dateModified":"2022-01-02T19:44:24+00:00","breadcrumb":{"@id":"https:\/\/zapateneo.net\/wordpress\/index.php\/producto\/yo-soy-frontera-autoetnografia-de-un-viajero-ilegal\/#breadcrumb"},"inLanguage":"es","potentialAction":[{"@type":"ReadAction","target":["https:\/\/zapateneo.net\/wordpress\/index.php\/producto\/yo-soy-frontera-autoetnografia-de-un-viajero-ilegal\/"]}]},{"@type":"ImageObject","inLanguage":"es","@id":"https:\/\/zapateneo.net\/wordpress\/index.php\/producto\/yo-soy-frontera-autoetnografia-de-un-viajero-ilegal\/#primaryimage","url":"https:\/\/zapateneo.net\/wordpress\/wp-content\/uploads\/2021\/09\/frontera.gif","contentUrl":"https:\/\/zapateneo.net\/wordpress\/wp-content\/uploads\/2021\/09\/frontera.gif","width":182,"height":277},{"@type":"BreadcrumbList","@id":"https:\/\/zapateneo.net\/wordpress\/index.php\/producto\/yo-soy-frontera-autoetnografia-de-un-viajero-ilegal\/#breadcrumb","itemListElement":[{"@type":"ListItem","position":1,"name":"Portada","item":"https:\/\/zapateneo.net\/wordpress\/"},{"@type":"ListItem","position":2,"name":"Tienda","item":"https:\/\/zapateneo.net\/wordpress\/"},{"@type":"ListItem","position":3,"name":"Yo soy frontera. Autoetnograf\u00eda de un viajero ilegal"}]},{"@type":"WebSite","@id":"https:\/\/zapateneo.net\/wordpress\/#website","url":"https:\/\/zapateneo.net\/wordpress\/","name":"Zapateneo","description":"Zapateneoaren webgunea","publisher":{"@id":"https:\/\/zapateneo.net\/wordpress\/#organization"},"potentialAction":[{"@type":"SearchAction","target":{"@type":"EntryPoint","urlTemplate":"https:\/\/zapateneo.net\/wordpress\/?s={search_term_string}"},"query-input":{"@type":"PropertyValueSpecification","valueRequired":true,"valueName":"search_term_string"}}],"inLanguage":"es"},{"@type":"Organization","@id":"https:\/\/zapateneo.net\/wordpress\/#organization","name":"Zapateneo Kultur Elkartea","url":"https:\/\/zapateneo.net\/wordpress\/","logo":{"@type":"ImageObject","inLanguage":"es","@id":"https:\/\/zapateneo.net\/wordpress\/#\/schema\/logo\/image\/","url":"https:\/\/zapateneo.net\/wordpress\/wp-content\/uploads\/2021\/04\/zap-libu-kolec.jpg","contentUrl":"https:\/\/zapateneo.net\/wordpress\/wp-content\/uploads\/2021\/04\/zap-libu-kolec.jpg","width":2234,"height":398,"caption":"Zapateneo Kultur Elkartea"},"image":{"@id":"https:\/\/zapateneo.net\/wordpress\/#\/schema\/logo\/image\/"},"sameAs":["https:\/\/x.com\/zapateneo"]}]}},"_links":{"self":[{"href":"https:\/\/zapateneo.net\/wordpress\/index.php\/wp-json\/wp\/v2\/product\/7972","targetHints":{"allow":["GET"]}}],"collection":[{"href":"https:\/\/zapateneo.net\/wordpress\/index.php\/wp-json\/wp\/v2\/product"}],"about":[{"href":"https:\/\/zapateneo.net\/wordpress\/index.php\/wp-json\/wp\/v2\/types\/product"}],"wp:featuredmedia":[{"embeddable":true,"href":"https:\/\/zapateneo.net\/wordpress\/index.php\/wp-json\/wp\/v2\/media\/8022"}],"wp:attachment":[{"href":"https:\/\/zapateneo.net\/wordpress\/index.php\/wp-json\/wp\/v2\/media?parent=7972"}],"wp:term":[{"taxonomy":"product_brand","embeddable":true,"href":"https:\/\/zapateneo.net\/wordpress\/index.php\/wp-json\/wp\/v2\/product_brand?post=7972"},{"taxonomy":"product_cat","embeddable":true,"href":"https:\/\/zapateneo.net\/wordpress\/index.php\/wp-json\/wp\/v2\/product_cat?post=7972"},{"taxonomy":"product_tag","embeddable":true,"href":"https:\/\/zapateneo.net\/wordpress\/index.php\/wp-json\/wp\/v2\/product_tag?post=7972"}],"curies":[{"name":"wp","href":"https:\/\/api.w.org\/{rel}","templated":true}]}}