{"id":7962,"date":"2021-09-15T20:17:54","date_gmt":"2021-09-15T19:17:54","guid":{"rendered":"https:\/\/zapateneo.net\/wordpress\/?post_type=product&#038;p=7962"},"modified":"2023-04-11T19:22:15","modified_gmt":"2023-04-11T18:22:15","slug":"el-camino-de-pasion-de-zensl-muhsam-trece-anos-prisionera-de-stalin","status":"publish","type":"product","link":"https:\/\/zapateneo.net\/wordpress\/index.php\/producto\/el-camino-de-pasion-de-zensl-muhsam-trece-anos-prisionera-de-stalin\/","title":{"rendered":"El camino de pasi\u00f3n de Zensl M\u00fchsam. Trece a\u00f1os prisionera de Stalin"},"content":{"rendered":"<p>\u00abTodo el mundo libertario conoce el destino espantoso de Erich M\u00fcsahm, que supo soportar, con menosprecio estoico de la muerte, hasta el \u00faltimo minuto. Pero de Zensl M\u00fcsham no se habl\u00f3 apenas en p\u00fablico durante largos a\u00f1os. La mayor\u00eda ni siquiera sab\u00eda que se la mantiene prisionera en Rusia, y los pocos amigos que conoci\u00edan su destino, no se atrev\u00edan siquiera a recurrir a la opini\u00f3n p\u00fablica por temor a empeorar m\u00e1s a\u00fan la terrible situaci\u00f3n de esa mujer tan duramente puesta aprueba\u00bb.<\/p>\n","protected":false},"excerpt":{"rendered":"<p><strong>Rudolf Rocker<\/strong><br \/>\n978-84-121882-9-5 &#8211; Piedra Papel Libros &#8211; 2021 &#8211; 142 p\u00e1ginas \/orri.<\/p>\n","protected":false},"featured_media":8010,"template":"","meta":[],"product_brand":[],"product_cat":[1868,16],"product_tag":[6042,4467],"class_list":{"0":"post-7962","1":"product","2":"type-product","3":"status-publish","4":"has-post-thumbnail","6":"product_cat-anarkismoa-anarquismo","7":"product_cat-libros","8":"product_tag-piedra-papel-libros","9":"product_tag-rudolf-rocker","11":"first","12":"instock","13":"sold-individually","14":"shipping-taxable","15":"purchasable","16":"product-type-simple"},"yoast_head":"<!-- This site is optimized with the Yoast SEO plugin v27.3 - https:\/\/yoast.com\/product\/yoast-seo-wordpress\/ -->\n<title>El camino de pasi\u00f3n de Zensl M\u00fchsam. Trece a\u00f1os prisionera de Stalin &#8212; Zapateneo<\/title>\n<meta name=\"robots\" content=\"index, follow, max-snippet:-1, max-image-preview:large, max-video-preview:-1\" \/>\n<link rel=\"canonical\" href=\"https:\/\/zapateneo.net\/wordpress\/index.php\/producto\/el-camino-de-pasion-de-zensl-muhsam-trece-anos-prisionera-de-stalin\/\" \/>\n<meta property=\"og:locale\" content=\"es_ES\" \/>\n<meta property=\"og:type\" content=\"article\" \/>\n<meta property=\"og:title\" content=\"El camino de pasi\u00f3n de Zensl M\u00fchsam. Trece a\u00f1os prisionera de Stalin &#8212; Zapateneo\" \/>\n<meta property=\"og:description\" content=\"Rudolf Rocker 978-84-121882-9-5 - Piedra Papel Libros - 2021 - 142 p\u00e1ginas \/orri.\" \/>\n<meta property=\"og:url\" content=\"https:\/\/zapateneo.net\/wordpress\/index.php\/producto\/el-camino-de-pasion-de-zensl-muhsam-trece-anos-prisionera-de-stalin\/\" \/>\n<meta property=\"og:site_name\" content=\"Zapateneo\" \/>\n<meta property=\"article:modified_time\" content=\"2023-04-11T18:22:15+00:00\" \/>\n<meta property=\"og:image\" content=\"https:\/\/zapateneo.net\/wordpress\/wp-content\/uploads\/2021\/09\/captura_de_pantalla_2021-06-07_a_las_180645.png\" \/>\n\t<meta property=\"og:image:width\" content=\"258\" \/>\n\t<meta property=\"og:image:height\" content=\"400\" \/>\n\t<meta property=\"og:image:type\" content=\"image\/png\" \/>\n<meta name=\"twitter:card\" content=\"summary_large_image\" \/>\n<meta name=\"twitter:site\" content=\"@zapateneo\" \/>\n<script type=\"application\/ld+json\" class=\"yoast-schema-graph\">{\"@context\":\"https:\\\/\\\/schema.org\",\"@graph\":[{\"@type\":\"WebPage\",\"@id\":\"https:\\\/\\\/zapateneo.net\\\/wordpress\\\/index.php\\\/producto\\\/el-camino-de-pasion-de-zensl-muhsam-trece-anos-prisionera-de-stalin\\\/\",\"url\":\"https:\\\/\\\/zapateneo.net\\\/wordpress\\\/index.php\\\/producto\\\/el-camino-de-pasion-de-zensl-muhsam-trece-anos-prisionera-de-stalin\\\/\",\"name\":\"El camino de pasi\u00f3n de Zensl M\u00fchsam. Trece a\u00f1os prisionera de Stalin &#8212; Zapateneo\",\"isPartOf\":{\"@id\":\"https:\\\/\\\/zapateneo.net\\\/wordpress\\\/#website\"},\"primaryImageOfPage\":{\"@id\":\"https:\\\/\\\/zapateneo.net\\\/wordpress\\\/index.php\\\/producto\\\/el-camino-de-pasion-de-zensl-muhsam-trece-anos-prisionera-de-stalin\\\/#primaryimage\"},\"image\":{\"@id\":\"https:\\\/\\\/zapateneo.net\\\/wordpress\\\/index.php\\\/producto\\\/el-camino-de-pasion-de-zensl-muhsam-trece-anos-prisionera-de-stalin\\\/#primaryimage\"},\"thumbnailUrl\":\"https:\\\/\\\/zapateneo.net\\\/wordpress\\\/wp-content\\\/uploads\\\/2021\\\/09\\\/captura_de_pantalla_2021-06-07_a_las_180645.png\",\"datePublished\":\"2021-09-15T19:17:54+00:00\",\"dateModified\":\"2023-04-11T18:22:15+00:00\",\"breadcrumb\":{\"@id\":\"https:\\\/\\\/zapateneo.net\\\/wordpress\\\/index.php\\\/producto\\\/el-camino-de-pasion-de-zensl-muhsam-trece-anos-prisionera-de-stalin\\\/#breadcrumb\"},\"inLanguage\":\"es\",\"potentialAction\":[{\"@type\":\"ReadAction\",\"target\":[\"https:\\\/\\\/zapateneo.net\\\/wordpress\\\/index.php\\\/producto\\\/el-camino-de-pasion-de-zensl-muhsam-trece-anos-prisionera-de-stalin\\\/\"]}]},{\"@type\":\"ImageObject\",\"inLanguage\":\"es\",\"@id\":\"https:\\\/\\\/zapateneo.net\\\/wordpress\\\/index.php\\\/producto\\\/el-camino-de-pasion-de-zensl-muhsam-trece-anos-prisionera-de-stalin\\\/#primaryimage\",\"url\":\"https:\\\/\\\/zapateneo.net\\\/wordpress\\\/wp-content\\\/uploads\\\/2021\\\/09\\\/captura_de_pantalla_2021-06-07_a_las_180645.png\",\"contentUrl\":\"https:\\\/\\\/zapateneo.net\\\/wordpress\\\/wp-content\\\/uploads\\\/2021\\\/09\\\/captura_de_pantalla_2021-06-07_a_las_180645.png\",\"width\":258,\"height\":400},{\"@type\":\"BreadcrumbList\",\"@id\":\"https:\\\/\\\/zapateneo.net\\\/wordpress\\\/index.php\\\/producto\\\/el-camino-de-pasion-de-zensl-muhsam-trece-anos-prisionera-de-stalin\\\/#breadcrumb\",\"itemListElement\":[{\"@type\":\"ListItem\",\"position\":1,\"name\":\"Portada\",\"item\":\"https:\\\/\\\/zapateneo.net\\\/wordpress\\\/\"},{\"@type\":\"ListItem\",\"position\":2,\"name\":\"Tienda\",\"item\":\"https:\\\/\\\/zapateneo.net\\\/wordpress\\\/\"},{\"@type\":\"ListItem\",\"position\":3,\"name\":\"El camino de pasi\u00f3n de Zensl M\u00fchsam. Trece a\u00f1os prisionera de Stalin\"}]},{\"@type\":\"WebSite\",\"@id\":\"https:\\\/\\\/zapateneo.net\\\/wordpress\\\/#website\",\"url\":\"https:\\\/\\\/zapateneo.net\\\/wordpress\\\/\",\"name\":\"Zapateneo\",\"description\":\"Zapateneoaren webgunea\",\"publisher\":{\"@id\":\"https:\\\/\\\/zapateneo.net\\\/wordpress\\\/#organization\"},\"potentialAction\":[{\"@type\":\"SearchAction\",\"target\":{\"@type\":\"EntryPoint\",\"urlTemplate\":\"https:\\\/\\\/zapateneo.net\\\/wordpress\\\/?s={search_term_string}\"},\"query-input\":{\"@type\":\"PropertyValueSpecification\",\"valueRequired\":true,\"valueName\":\"search_term_string\"}}],\"inLanguage\":\"es\"},{\"@type\":\"Organization\",\"@id\":\"https:\\\/\\\/zapateneo.net\\\/wordpress\\\/#organization\",\"name\":\"Zapateneo Kultur Elkartea\",\"url\":\"https:\\\/\\\/zapateneo.net\\\/wordpress\\\/\",\"logo\":{\"@type\":\"ImageObject\",\"inLanguage\":\"es\",\"@id\":\"https:\\\/\\\/zapateneo.net\\\/wordpress\\\/#\\\/schema\\\/logo\\\/image\\\/\",\"url\":\"https:\\\/\\\/zapateneo.net\\\/wordpress\\\/wp-content\\\/uploads\\\/2021\\\/04\\\/zap-libu-kolec.jpg\",\"contentUrl\":\"https:\\\/\\\/zapateneo.net\\\/wordpress\\\/wp-content\\\/uploads\\\/2021\\\/04\\\/zap-libu-kolec.jpg\",\"width\":2234,\"height\":398,\"caption\":\"Zapateneo Kultur Elkartea\"},\"image\":{\"@id\":\"https:\\\/\\\/zapateneo.net\\\/wordpress\\\/#\\\/schema\\\/logo\\\/image\\\/\"},\"sameAs\":[\"https:\\\/\\\/x.com\\\/zapateneo\"]}]}<\/script>\n<!-- \/ Yoast SEO plugin. -->","yoast_head_json":{"title":"El camino de pasi\u00f3n de Zensl M\u00fchsam. Trece a\u00f1os prisionera de Stalin &#8212; Zapateneo","robots":{"index":"index","follow":"follow","max-snippet":"max-snippet:-1","max-image-preview":"max-image-preview:large","max-video-preview":"max-video-preview:-1"},"canonical":"https:\/\/zapateneo.net\/wordpress\/index.php\/producto\/el-camino-de-pasion-de-zensl-muhsam-trece-anos-prisionera-de-stalin\/","og_locale":"es_ES","og_type":"article","og_title":"El camino de pasi\u00f3n de Zensl M\u00fchsam. Trece a\u00f1os prisionera de Stalin &#8212; Zapateneo","og_description":"Rudolf Rocker 978-84-121882-9-5 - Piedra Papel Libros - 2021 - 142 p\u00e1ginas \/orri.","og_url":"https:\/\/zapateneo.net\/wordpress\/index.php\/producto\/el-camino-de-pasion-de-zensl-muhsam-trece-anos-prisionera-de-stalin\/","og_site_name":"Zapateneo","article_modified_time":"2023-04-11T18:22:15+00:00","og_image":[{"width":258,"height":400,"url":"https:\/\/zapateneo.net\/wordpress\/wp-content\/uploads\/2021\/09\/captura_de_pantalla_2021-06-07_a_las_180645.png","type":"image\/png"}],"twitter_card":"summary_large_image","twitter_site":"@zapateneo","schema":{"@context":"https:\/\/schema.org","@graph":[{"@type":"WebPage","@id":"https:\/\/zapateneo.net\/wordpress\/index.php\/producto\/el-camino-de-pasion-de-zensl-muhsam-trece-anos-prisionera-de-stalin\/","url":"https:\/\/zapateneo.net\/wordpress\/index.php\/producto\/el-camino-de-pasion-de-zensl-muhsam-trece-anos-prisionera-de-stalin\/","name":"El camino de pasi\u00f3n de Zensl M\u00fchsam. Trece a\u00f1os prisionera de Stalin &#8212; Zapateneo","isPartOf":{"@id":"https:\/\/zapateneo.net\/wordpress\/#website"},"primaryImageOfPage":{"@id":"https:\/\/zapateneo.net\/wordpress\/index.php\/producto\/el-camino-de-pasion-de-zensl-muhsam-trece-anos-prisionera-de-stalin\/#primaryimage"},"image":{"@id":"https:\/\/zapateneo.net\/wordpress\/index.php\/producto\/el-camino-de-pasion-de-zensl-muhsam-trece-anos-prisionera-de-stalin\/#primaryimage"},"thumbnailUrl":"https:\/\/zapateneo.net\/wordpress\/wp-content\/uploads\/2021\/09\/captura_de_pantalla_2021-06-07_a_las_180645.png","datePublished":"2021-09-15T19:17:54+00:00","dateModified":"2023-04-11T18:22:15+00:00","breadcrumb":{"@id":"https:\/\/zapateneo.net\/wordpress\/index.php\/producto\/el-camino-de-pasion-de-zensl-muhsam-trece-anos-prisionera-de-stalin\/#breadcrumb"},"inLanguage":"es","potentialAction":[{"@type":"ReadAction","target":["https:\/\/zapateneo.net\/wordpress\/index.php\/producto\/el-camino-de-pasion-de-zensl-muhsam-trece-anos-prisionera-de-stalin\/"]}]},{"@type":"ImageObject","inLanguage":"es","@id":"https:\/\/zapateneo.net\/wordpress\/index.php\/producto\/el-camino-de-pasion-de-zensl-muhsam-trece-anos-prisionera-de-stalin\/#primaryimage","url":"https:\/\/zapateneo.net\/wordpress\/wp-content\/uploads\/2021\/09\/captura_de_pantalla_2021-06-07_a_las_180645.png","contentUrl":"https:\/\/zapateneo.net\/wordpress\/wp-content\/uploads\/2021\/09\/captura_de_pantalla_2021-06-07_a_las_180645.png","width":258,"height":400},{"@type":"BreadcrumbList","@id":"https:\/\/zapateneo.net\/wordpress\/index.php\/producto\/el-camino-de-pasion-de-zensl-muhsam-trece-anos-prisionera-de-stalin\/#breadcrumb","itemListElement":[{"@type":"ListItem","position":1,"name":"Portada","item":"https:\/\/zapateneo.net\/wordpress\/"},{"@type":"ListItem","position":2,"name":"Tienda","item":"https:\/\/zapateneo.net\/wordpress\/"},{"@type":"ListItem","position":3,"name":"El camino de pasi\u00f3n de Zensl M\u00fchsam. Trece a\u00f1os prisionera de Stalin"}]},{"@type":"WebSite","@id":"https:\/\/zapateneo.net\/wordpress\/#website","url":"https:\/\/zapateneo.net\/wordpress\/","name":"Zapateneo","description":"Zapateneoaren webgunea","publisher":{"@id":"https:\/\/zapateneo.net\/wordpress\/#organization"},"potentialAction":[{"@type":"SearchAction","target":{"@type":"EntryPoint","urlTemplate":"https:\/\/zapateneo.net\/wordpress\/?s={search_term_string}"},"query-input":{"@type":"PropertyValueSpecification","valueRequired":true,"valueName":"search_term_string"}}],"inLanguage":"es"},{"@type":"Organization","@id":"https:\/\/zapateneo.net\/wordpress\/#organization","name":"Zapateneo Kultur Elkartea","url":"https:\/\/zapateneo.net\/wordpress\/","logo":{"@type":"ImageObject","inLanguage":"es","@id":"https:\/\/zapateneo.net\/wordpress\/#\/schema\/logo\/image\/","url":"https:\/\/zapateneo.net\/wordpress\/wp-content\/uploads\/2021\/04\/zap-libu-kolec.jpg","contentUrl":"https:\/\/zapateneo.net\/wordpress\/wp-content\/uploads\/2021\/04\/zap-libu-kolec.jpg","width":2234,"height":398,"caption":"Zapateneo Kultur Elkartea"},"image":{"@id":"https:\/\/zapateneo.net\/wordpress\/#\/schema\/logo\/image\/"},"sameAs":["https:\/\/x.com\/zapateneo"]}]}},"_links":{"self":[{"href":"https:\/\/zapateneo.net\/wordpress\/index.php\/wp-json\/wp\/v2\/product\/7962","targetHints":{"allow":["GET"]}}],"collection":[{"href":"https:\/\/zapateneo.net\/wordpress\/index.php\/wp-json\/wp\/v2\/product"}],"about":[{"href":"https:\/\/zapateneo.net\/wordpress\/index.php\/wp-json\/wp\/v2\/types\/product"}],"wp:featuredmedia":[{"embeddable":true,"href":"https:\/\/zapateneo.net\/wordpress\/index.php\/wp-json\/wp\/v2\/media\/8010"}],"wp:attachment":[{"href":"https:\/\/zapateneo.net\/wordpress\/index.php\/wp-json\/wp\/v2\/media?parent=7962"}],"wp:term":[{"taxonomy":"product_brand","embeddable":true,"href":"https:\/\/zapateneo.net\/wordpress\/index.php\/wp-json\/wp\/v2\/product_brand?post=7962"},{"taxonomy":"product_cat","embeddable":true,"href":"https:\/\/zapateneo.net\/wordpress\/index.php\/wp-json\/wp\/v2\/product_cat?post=7962"},{"taxonomy":"product_tag","embeddable":true,"href":"https:\/\/zapateneo.net\/wordpress\/index.php\/wp-json\/wp\/v2\/product_tag?post=7962"}],"curies":[{"name":"wp","href":"https:\/\/api.w.org\/{rel}","templated":true}]}}