{"id":7913,"date":"2021-09-15T20:12:29","date_gmt":"2021-09-15T19:12:29","guid":{"rendered":"https:\/\/zapateneo.net\/wordpress\/?post_type=product&#038;p=7913"},"modified":"2021-09-15T20:17:35","modified_gmt":"2021-09-15T19:17:35","slug":"a-la-caza-de-moby-dick-el-sueno-poshumano-y-el-crecimiento-infinito","status":"publish","type":"product","link":"https:\/\/zapateneo.net\/wordpress\/index.php\/producto\/a-la-caza-de-moby-dick-el-sueno-poshumano-y-el-crecimiento-infinito\/","title":{"rendered":"A la caza de Moby Dick. El sue\u00f1o poshumano y el crecimiento infinito"},"content":{"rendered":"<p>\u00bfEs el futuro un caballo desbocado e ingobernable o tenemos alguna oportunidad de domarlo? \u00bfSer\u00e1 tecnol\u00f3gico o espiritual (o ambas cosas)? \u00bfNos arrollar\u00e1 o podremos dirigirlo? \u00bfQu\u00e9 nos propone? \u00bfQu\u00e9 riesgos presenta? \u00bfQu\u00e9 oportunidades? \u00bfQu\u00e9 nos deja atisbar a trav\u00e9s de sus velos? \u00bfQu\u00e9 podemos imaginar? \u00bfHasta d\u00f3nde podemos elegir? \u00bfQu\u00e9 prometen y qu\u00e9 pueden hacer realmente las nuevas herramientas tecnol\u00f3gicas? \u00bfSupondr\u00e1n \u00abs\u00f3lo\u00bb profundos cambios sociales o transformar\u00e1n radicalmente nuestro estatuto ontol\u00f3gico? \u00bfHasta qu\u00e9 punto es posible una evoluci\u00f3n volitiva? Estas son algunas de las preguntas sobre las que reflexionaremos en las siguientes p\u00e1ginas. Habr\u00e1 m\u00e1s preguntas que certezas, pero cuando el panorama es realmente incierto, es m\u00e1s importante identificar los problemas, indagar en ellos e imaginar los diferentes escenarios que adelantar soluciones. La obsesi\u00f3n del capit\u00e1n Ahab por Moby Dick le condujo a su n\u00e9mesis. Nuestra civilizaci\u00f3n prometeica persigue ahora dos enormes leviatanes: el crecimiento infinito y el superhombre. El primero, le lleva a la misma suerte que al Pequod, el barco de Ahab; en cuanto al segundo, todav\u00eda no lo sabemos.<\/p>\n<p>A la caza de Moby Dick es una mirada sobre los apuros de la naturaleza humana para seguir el ritmo cada vez m\u00e1s exigente de una civilizaci\u00f3n muy alejada ya de nuestros or\u00edgenes. La humanidad se enfrenta a cambios radicales en su devenir. Por una parte, el modelo vigente de civilizaci\u00f3n presenta desequilibrios estructurales que conducen a un colapso general, a una crisis maltusiana que tendr\u00eda graves consecuencias en la vida de la gente. Por otra, la Inteligencia Artificial y la biotecnolog\u00eda est\u00e1n desarrollando herramientas que tienen el potencial de transformar la naturaleza humana, produciendo una nueva especie de poshumanos. Jos\u00e9 David Sacrist\u00e1n afronta abiertamente estos problemas del presente y aplica la mirada del arque\u00f3logo para situarlos en el amplio marco del devenir hist\u00f3rico.<\/p>\n","protected":false},"excerpt":{"rendered":"<p><strong>Jos\u00e9 David Sacrist\u00e1n de Lama<\/strong><br \/>\n978-84-120322-7-7 &#8211; Ediciones El Salm\u00f3n &#8211; 2020 &#8211; 322 p\u00e1ginas \/orri.<\/p>\n","protected":false},"featured_media":7960,"template":"","meta":[],"product_brand":[],"product_cat":[180,16],"product_tag":[443,4445],"class_list":{"0":"post-7913","1":"product","2":"type-product","3":"status-publish","4":"has-post-thumbnail","6":"product_cat-ekologia-ecologia","7":"product_cat-libros","8":"product_tag-ediciones-el-salmon","9":"product_tag-jose-david-sacristan-de-lama","11":"first","12":"instock","13":"sold-individually","14":"shipping-taxable","15":"purchasable","16":"product-type-simple"},"yoast_head":"<!-- This site is optimized with the Yoast SEO plugin v27.4 - https:\/\/yoast.com\/product\/yoast-seo-wordpress\/ -->\n<title>A la caza de Moby Dick. El sue\u00f1o poshumano y el crecimiento infinito &#8212; Zapateneo<\/title>\n<meta name=\"robots\" content=\"index, follow, max-snippet:-1, max-image-preview:large, max-video-preview:-1\" \/>\n<link rel=\"canonical\" href=\"https:\/\/zapateneo.net\/wordpress\/index.php\/producto\/a-la-caza-de-moby-dick-el-sueno-poshumano-y-el-crecimiento-infinito\/\" \/>\n<meta property=\"og:locale\" content=\"es_ES\" \/>\n<meta property=\"og:type\" content=\"article\" \/>\n<meta property=\"og:title\" content=\"A la caza de Moby Dick. El sue\u00f1o poshumano y el crecimiento infinito &#8212; Zapateneo\" \/>\n<meta property=\"og:description\" content=\"Jos\u00e9 David Sacrist\u00e1n de Lama 978-84-120322-7-7 - Ediciones El Salm\u00f3n - 2020 - 322 p\u00e1ginas \/orri.\" \/>\n<meta property=\"og:url\" content=\"https:\/\/zapateneo.net\/wordpress\/index.php\/producto\/a-la-caza-de-moby-dick-el-sueno-poshumano-y-el-crecimiento-infinito\/\" \/>\n<meta property=\"og:site_name\" content=\"Zapateneo\" \/>\n<meta property=\"article:modified_time\" content=\"2021-09-15T19:17:35+00:00\" \/>\n<meta property=\"og:image\" content=\"https:\/\/zapateneo.net\/wordpress\/wp-content\/uploads\/2021\/09\/moby_dick.jpg\" \/>\n\t<meta property=\"og:image:width\" content=\"254\" \/>\n\t<meta property=\"og:image:height\" content=\"400\" \/>\n\t<meta property=\"og:image:type\" content=\"image\/jpeg\" \/>\n<meta name=\"twitter:card\" content=\"summary_large_image\" \/>\n<meta name=\"twitter:site\" content=\"@zapateneo\" \/>\n<meta name=\"twitter:label1\" content=\"Tiempo de lectura\" \/>\n\t<meta name=\"twitter:data1\" content=\"2 minutos\" \/>\n<script type=\"application\/ld+json\" class=\"yoast-schema-graph\">{\"@context\":\"https:\\\/\\\/schema.org\",\"@graph\":[{\"@type\":\"WebPage\",\"@id\":\"https:\\\/\\\/zapateneo.net\\\/wordpress\\\/index.php\\\/producto\\\/a-la-caza-de-moby-dick-el-sueno-poshumano-y-el-crecimiento-infinito\\\/\",\"url\":\"https:\\\/\\\/zapateneo.net\\\/wordpress\\\/index.php\\\/producto\\\/a-la-caza-de-moby-dick-el-sueno-poshumano-y-el-crecimiento-infinito\\\/\",\"name\":\"A la caza de Moby Dick. El sue\u00f1o poshumano y el crecimiento infinito &#8212; Zapateneo\",\"isPartOf\":{\"@id\":\"https:\\\/\\\/zapateneo.net\\\/wordpress\\\/#website\"},\"primaryImageOfPage\":{\"@id\":\"https:\\\/\\\/zapateneo.net\\\/wordpress\\\/index.php\\\/producto\\\/a-la-caza-de-moby-dick-el-sueno-poshumano-y-el-crecimiento-infinito\\\/#primaryimage\"},\"image\":{\"@id\":\"https:\\\/\\\/zapateneo.net\\\/wordpress\\\/index.php\\\/producto\\\/a-la-caza-de-moby-dick-el-sueno-poshumano-y-el-crecimiento-infinito\\\/#primaryimage\"},\"thumbnailUrl\":\"https:\\\/\\\/zapateneo.net\\\/wordpress\\\/wp-content\\\/uploads\\\/2021\\\/09\\\/moby_dick.jpg\",\"datePublished\":\"2021-09-15T19:12:29+00:00\",\"dateModified\":\"2021-09-15T19:17:35+00:00\",\"breadcrumb\":{\"@id\":\"https:\\\/\\\/zapateneo.net\\\/wordpress\\\/index.php\\\/producto\\\/a-la-caza-de-moby-dick-el-sueno-poshumano-y-el-crecimiento-infinito\\\/#breadcrumb\"},\"inLanguage\":\"es\",\"potentialAction\":[{\"@type\":\"ReadAction\",\"target\":[\"https:\\\/\\\/zapateneo.net\\\/wordpress\\\/index.php\\\/producto\\\/a-la-caza-de-moby-dick-el-sueno-poshumano-y-el-crecimiento-infinito\\\/\"]}]},{\"@type\":\"ImageObject\",\"inLanguage\":\"es\",\"@id\":\"https:\\\/\\\/zapateneo.net\\\/wordpress\\\/index.php\\\/producto\\\/a-la-caza-de-moby-dick-el-sueno-poshumano-y-el-crecimiento-infinito\\\/#primaryimage\",\"url\":\"https:\\\/\\\/zapateneo.net\\\/wordpress\\\/wp-content\\\/uploads\\\/2021\\\/09\\\/moby_dick.jpg\",\"contentUrl\":\"https:\\\/\\\/zapateneo.net\\\/wordpress\\\/wp-content\\\/uploads\\\/2021\\\/09\\\/moby_dick.jpg\",\"width\":254,\"height\":400},{\"@type\":\"BreadcrumbList\",\"@id\":\"https:\\\/\\\/zapateneo.net\\\/wordpress\\\/index.php\\\/producto\\\/a-la-caza-de-moby-dick-el-sueno-poshumano-y-el-crecimiento-infinito\\\/#breadcrumb\",\"itemListElement\":[{\"@type\":\"ListItem\",\"position\":1,\"name\":\"Portada\",\"item\":\"https:\\\/\\\/zapateneo.net\\\/wordpress\\\/\"},{\"@type\":\"ListItem\",\"position\":2,\"name\":\"Tienda\",\"item\":\"https:\\\/\\\/zapateneo.net\\\/wordpress\\\/\"},{\"@type\":\"ListItem\",\"position\":3,\"name\":\"A la caza de Moby Dick. El sue\u00f1o poshumano y el crecimiento infinito\"}]},{\"@type\":\"WebSite\",\"@id\":\"https:\\\/\\\/zapateneo.net\\\/wordpress\\\/#website\",\"url\":\"https:\\\/\\\/zapateneo.net\\\/wordpress\\\/\",\"name\":\"Zapateneo\",\"description\":\"Zapateneoaren webgunea\",\"publisher\":{\"@id\":\"https:\\\/\\\/zapateneo.net\\\/wordpress\\\/#organization\"},\"potentialAction\":[{\"@type\":\"SearchAction\",\"target\":{\"@type\":\"EntryPoint\",\"urlTemplate\":\"https:\\\/\\\/zapateneo.net\\\/wordpress\\\/?s={search_term_string}\"},\"query-input\":{\"@type\":\"PropertyValueSpecification\",\"valueRequired\":true,\"valueName\":\"search_term_string\"}}],\"inLanguage\":\"es\"},{\"@type\":\"Organization\",\"@id\":\"https:\\\/\\\/zapateneo.net\\\/wordpress\\\/#organization\",\"name\":\"Zapateneo Kultur Elkartea\",\"url\":\"https:\\\/\\\/zapateneo.net\\\/wordpress\\\/\",\"logo\":{\"@type\":\"ImageObject\",\"inLanguage\":\"es\",\"@id\":\"https:\\\/\\\/zapateneo.net\\\/wordpress\\\/#\\\/schema\\\/logo\\\/image\\\/\",\"url\":\"https:\\\/\\\/zapateneo.net\\\/wordpress\\\/wp-content\\\/uploads\\\/2021\\\/04\\\/zap-libu-kolec.jpg\",\"contentUrl\":\"https:\\\/\\\/zapateneo.net\\\/wordpress\\\/wp-content\\\/uploads\\\/2021\\\/04\\\/zap-libu-kolec.jpg\",\"width\":2234,\"height\":398,\"caption\":\"Zapateneo Kultur Elkartea\"},\"image\":{\"@id\":\"https:\\\/\\\/zapateneo.net\\\/wordpress\\\/#\\\/schema\\\/logo\\\/image\\\/\"},\"sameAs\":[\"https:\\\/\\\/x.com\\\/zapateneo\"]}]}<\/script>\n<!-- \/ Yoast SEO plugin. -->","yoast_head_json":{"title":"A la caza de Moby Dick. El sue\u00f1o poshumano y el crecimiento infinito &#8212; Zapateneo","robots":{"index":"index","follow":"follow","max-snippet":"max-snippet:-1","max-image-preview":"max-image-preview:large","max-video-preview":"max-video-preview:-1"},"canonical":"https:\/\/zapateneo.net\/wordpress\/index.php\/producto\/a-la-caza-de-moby-dick-el-sueno-poshumano-y-el-crecimiento-infinito\/","og_locale":"es_ES","og_type":"article","og_title":"A la caza de Moby Dick. El sue\u00f1o poshumano y el crecimiento infinito &#8212; Zapateneo","og_description":"Jos\u00e9 David Sacrist\u00e1n de Lama 978-84-120322-7-7 - Ediciones El Salm\u00f3n - 2020 - 322 p\u00e1ginas \/orri.","og_url":"https:\/\/zapateneo.net\/wordpress\/index.php\/producto\/a-la-caza-de-moby-dick-el-sueno-poshumano-y-el-crecimiento-infinito\/","og_site_name":"Zapateneo","article_modified_time":"2021-09-15T19:17:35+00:00","og_image":[{"width":254,"height":400,"url":"https:\/\/zapateneo.net\/wordpress\/wp-content\/uploads\/2021\/09\/moby_dick.jpg","type":"image\/jpeg"}],"twitter_card":"summary_large_image","twitter_site":"@zapateneo","twitter_misc":{"Tiempo de lectura":"2 minutos"},"schema":{"@context":"https:\/\/schema.org","@graph":[{"@type":"WebPage","@id":"https:\/\/zapateneo.net\/wordpress\/index.php\/producto\/a-la-caza-de-moby-dick-el-sueno-poshumano-y-el-crecimiento-infinito\/","url":"https:\/\/zapateneo.net\/wordpress\/index.php\/producto\/a-la-caza-de-moby-dick-el-sueno-poshumano-y-el-crecimiento-infinito\/","name":"A la caza de Moby Dick. El sue\u00f1o poshumano y el crecimiento infinito &#8212; Zapateneo","isPartOf":{"@id":"https:\/\/zapateneo.net\/wordpress\/#website"},"primaryImageOfPage":{"@id":"https:\/\/zapateneo.net\/wordpress\/index.php\/producto\/a-la-caza-de-moby-dick-el-sueno-poshumano-y-el-crecimiento-infinito\/#primaryimage"},"image":{"@id":"https:\/\/zapateneo.net\/wordpress\/index.php\/producto\/a-la-caza-de-moby-dick-el-sueno-poshumano-y-el-crecimiento-infinito\/#primaryimage"},"thumbnailUrl":"https:\/\/zapateneo.net\/wordpress\/wp-content\/uploads\/2021\/09\/moby_dick.jpg","datePublished":"2021-09-15T19:12:29+00:00","dateModified":"2021-09-15T19:17:35+00:00","breadcrumb":{"@id":"https:\/\/zapateneo.net\/wordpress\/index.php\/producto\/a-la-caza-de-moby-dick-el-sueno-poshumano-y-el-crecimiento-infinito\/#breadcrumb"},"inLanguage":"es","potentialAction":[{"@type":"ReadAction","target":["https:\/\/zapateneo.net\/wordpress\/index.php\/producto\/a-la-caza-de-moby-dick-el-sueno-poshumano-y-el-crecimiento-infinito\/"]}]},{"@type":"ImageObject","inLanguage":"es","@id":"https:\/\/zapateneo.net\/wordpress\/index.php\/producto\/a-la-caza-de-moby-dick-el-sueno-poshumano-y-el-crecimiento-infinito\/#primaryimage","url":"https:\/\/zapateneo.net\/wordpress\/wp-content\/uploads\/2021\/09\/moby_dick.jpg","contentUrl":"https:\/\/zapateneo.net\/wordpress\/wp-content\/uploads\/2021\/09\/moby_dick.jpg","width":254,"height":400},{"@type":"BreadcrumbList","@id":"https:\/\/zapateneo.net\/wordpress\/index.php\/producto\/a-la-caza-de-moby-dick-el-sueno-poshumano-y-el-crecimiento-infinito\/#breadcrumb","itemListElement":[{"@type":"ListItem","position":1,"name":"Portada","item":"https:\/\/zapateneo.net\/wordpress\/"},{"@type":"ListItem","position":2,"name":"Tienda","item":"https:\/\/zapateneo.net\/wordpress\/"},{"@type":"ListItem","position":3,"name":"A la caza de Moby Dick. El sue\u00f1o poshumano y el crecimiento infinito"}]},{"@type":"WebSite","@id":"https:\/\/zapateneo.net\/wordpress\/#website","url":"https:\/\/zapateneo.net\/wordpress\/","name":"Zapateneo","description":"Zapateneoaren webgunea","publisher":{"@id":"https:\/\/zapateneo.net\/wordpress\/#organization"},"potentialAction":[{"@type":"SearchAction","target":{"@type":"EntryPoint","urlTemplate":"https:\/\/zapateneo.net\/wordpress\/?s={search_term_string}"},"query-input":{"@type":"PropertyValueSpecification","valueRequired":true,"valueName":"search_term_string"}}],"inLanguage":"es"},{"@type":"Organization","@id":"https:\/\/zapateneo.net\/wordpress\/#organization","name":"Zapateneo Kultur Elkartea","url":"https:\/\/zapateneo.net\/wordpress\/","logo":{"@type":"ImageObject","inLanguage":"es","@id":"https:\/\/zapateneo.net\/wordpress\/#\/schema\/logo\/image\/","url":"https:\/\/zapateneo.net\/wordpress\/wp-content\/uploads\/2021\/04\/zap-libu-kolec.jpg","contentUrl":"https:\/\/zapateneo.net\/wordpress\/wp-content\/uploads\/2021\/04\/zap-libu-kolec.jpg","width":2234,"height":398,"caption":"Zapateneo Kultur Elkartea"},"image":{"@id":"https:\/\/zapateneo.net\/wordpress\/#\/schema\/logo\/image\/"},"sameAs":["https:\/\/x.com\/zapateneo"]}]}},"_links":{"self":[{"href":"https:\/\/zapateneo.net\/wordpress\/index.php\/wp-json\/wp\/v2\/product\/7913","targetHints":{"allow":["GET"]}}],"collection":[{"href":"https:\/\/zapateneo.net\/wordpress\/index.php\/wp-json\/wp\/v2\/product"}],"about":[{"href":"https:\/\/zapateneo.net\/wordpress\/index.php\/wp-json\/wp\/v2\/types\/product"}],"wp:featuredmedia":[{"embeddable":true,"href":"https:\/\/zapateneo.net\/wordpress\/index.php\/wp-json\/wp\/v2\/media\/7960"}],"wp:attachment":[{"href":"https:\/\/zapateneo.net\/wordpress\/index.php\/wp-json\/wp\/v2\/media?parent=7913"}],"wp:term":[{"taxonomy":"product_brand","embeddable":true,"href":"https:\/\/zapateneo.net\/wordpress\/index.php\/wp-json\/wp\/v2\/product_brand?post=7913"},{"taxonomy":"product_cat","embeddable":true,"href":"https:\/\/zapateneo.net\/wordpress\/index.php\/wp-json\/wp\/v2\/product_cat?post=7913"},{"taxonomy":"product_tag","embeddable":true,"href":"https:\/\/zapateneo.net\/wordpress\/index.php\/wp-json\/wp\/v2\/product_tag?post=7913"}],"curies":[{"name":"wp","href":"https:\/\/api.w.org\/{rel}","templated":true}]}}