{"id":7894,"date":"2021-09-15T20:10:17","date_gmt":"2021-09-15T19:10:17","guid":{"rendered":"https:\/\/zapateneo.net\/wordpress\/?post_type=product&#038;p=7894"},"modified":"2021-09-15T20:15:42","modified_gmt":"2021-09-15T19:15:42","slug":"racismo-y-resistencia-en-la-europa-daltonica","status":"publish","type":"product","link":"https:\/\/zapateneo.net\/wordpress\/index.php\/producto\/racismo-y-resistencia-en-la-europa-daltonica\/","title":{"rendered":"Racismo y resistencia en la Europa dalt\u00f3nica"},"content":{"rendered":"<p>Racismo y resistencia en la Europa dalt\u00f3nica<br \/>\nFatima El-Tayeb<br \/>\n396 pags.<br \/>\nISBN: 9788412238648<br \/>\nLa Vor\u00e1gine<br \/>\nD\u00f3nde encontrarlo<\/p>\n<blockquote class=\"wp-embedded-content\" data-secret=\"8gBv32MFT8\"><p><a href=\"https:\/\/lavoragine.net\/\">Inicio<\/a><\/p><\/blockquote>\n<p><iframe loading=\"lazy\" class=\"wp-embedded-content\" sandbox=\"allow-scripts\" security=\"restricted\" style=\"position: absolute; clip: rect(1px, 1px, 1px, 1px);\" title=\"\u00abInicio\u00bb \u2014 la Vor\u00e1gine\" src=\"https:\/\/lavoragine.net\/embed\/#?secret=ByLlL89eN7#?secret=8gBv32MFT8\" data-secret=\"8gBv32MFT8\" width=\"600\" height=\"338\" frameborder=\"0\" marginwidth=\"0\" marginheight=\"0\" scrolling=\"no\"><\/iframe><br \/>\nAntropolog\u00eda y sociolog\u00eda |G\u00e9nero y Feminismo |Migraciones y racismo<\/p>\n<p> 18,00 \u20ac<br \/>\nEuropa se construye sobre el racismo estructural y negado por un discurso impostado de un continente \u201csin razas\u201d. Fatima El-Tayeb denuncia esa amnesia racial en Europa, la supresi\u00f3n intencional de los or\u00edgenes europeos del concepto de \u201craza\u201d y la oportunidad perdida de reconocer a los sujetos racializados europeos dentro del proyecto postnacional de la Uni\u00f3n Europea.<\/p>\n<p>Este libro estudia esta realidad desde los discursos y las pr\u00e1cticas de abajo, de los propios sujetos racializados y de las minor\u00edas que practican el queering de la etnicidad en un equilibrio complejo y conflictivo entre el esencialismo y el asimilacionismo.<\/p>\n<p>Racismo y resistencia en la Europa dalt\u00f3nica (cuya primera edici\u00f3n en ingl\u00e9s vio la luz en 2011 y se tradujo al alem\u00e1n en 2015) construye un relato coral de las resistencias y de la ceguera de la narrativa internalista europea cruzando diferentes enfoques innovadores: la teor\u00eda queer, el feminismo de las mujeres de color, la di\u00e1spora como hip\u00f3tesis no apegada a un origen o a una lengua, la creolizaci\u00f3n, la desidentificaci\u00f3n, o la ocupaci\u00f3n de los espacios p\u00fablicos desde el arte o el performance de comunidades minoritarias o migrantes que se identifican de una forma translocal. <\/p>\n<p>Fatima El-Tayeb: (1966, Uelzen, Alemania) es profesora de Literatura y Estudios \u00c9tnicos y directora de los Estudios Cr\u00edticos de G\u00e9nero en la Universidad de California, San Diego. Es autora de Undeutsch. Die Konstruktion des Anderen in der postmigrantischen Gesellschaft (No alem\u00e1n. La construcci\u00f3n del otro en la sociedad post-migrante), 2016, y de Schwarze Deutsche. Rasse und nationale Identit\u00e4t, 1890-1933 (Alemanes negros. Raza e identidad nacional, 1890-1933), Campus 2001. En 2002 impuls\u00f3 el equipo de investigaci\u00f3n Black European Studies (BEST) y ha colaborado con la directora Angelina Maccarone en el gui\u00f3n de la pel\u00edcula Everything will be fine (1997). Esta investigadora y activista afroalemana, antes de instalarse en Estados Unidos, vivi\u00f3 en Pa\u00edses Bajos, donde particip\u00f3 en organizaciones feministas negras, migrantes y queer de color.<\/p>\n","protected":false},"excerpt":{"rendered":"<p><strong>El-Tayeb, F\u00e1tima<\/strong><br \/>\n9788412238648 &#8211; Textos insurgentes &#8211; 2021 &#8211; 393 p\u00e1ginas \/orri.<\/p>\n","protected":false},"featured_media":7943,"template":"","meta":[],"product_brand":[],"product_cat":[181,16],"product_tag":[4434],"class_list":{"0":"post-7894","1":"product","2":"type-product","3":"status-publish","4":"has-post-thumbnail","6":"product_cat-bazterketa-soziala-eta-errepresioa-exclusion-social-y-represion","7":"product_cat-libros","8":"product_tag-el-tayeb","10":"first","11":"instock","12":"sold-individually","13":"shipping-taxable","14":"purchasable","15":"product-type-simple"},"yoast_head":"<!-- This site is optimized with the Yoast SEO plugin v27.4 - https:\/\/yoast.com\/product\/yoast-seo-wordpress\/ -->\n<title>Racismo y resistencia en la Europa dalt\u00f3nica &#8212; Zapateneo<\/title>\n<meta name=\"robots\" content=\"index, follow, max-snippet:-1, max-image-preview:large, max-video-preview:-1\" \/>\n<link rel=\"canonical\" href=\"https:\/\/zapateneo.net\/wordpress\/index.php\/producto\/racismo-y-resistencia-en-la-europa-daltonica\/\" \/>\n<meta property=\"og:locale\" content=\"es_ES\" \/>\n<meta property=\"og:type\" content=\"article\" \/>\n<meta property=\"og:title\" content=\"Racismo y resistencia en la Europa dalt\u00f3nica &#8212; Zapateneo\" \/>\n<meta property=\"og:description\" content=\"El-Tayeb, F\u00e1tima 9788412238648 - Textos insurgentes - 2021 - 393 p\u00e1ginas \/orri.\" \/>\n<meta property=\"og:url\" content=\"https:\/\/zapateneo.net\/wordpress\/index.php\/producto\/racismo-y-resistencia-en-la-europa-daltonica\/\" \/>\n<meta property=\"og:site_name\" content=\"Zapateneo\" \/>\n<meta property=\"article:modified_time\" content=\"2021-09-15T19:15:42+00:00\" \/>\n<meta property=\"og:image\" content=\"https:\/\/zapateneo.net\/wordpress\/wp-content\/uploads\/2021\/09\/9788412238648.jpg\" \/>\n\t<meta property=\"og:image:width\" content=\"160\" \/>\n\t<meta property=\"og:image:height\" content=\"249\" \/>\n\t<meta property=\"og:image:type\" content=\"image\/jpeg\" \/>\n<meta name=\"twitter:card\" content=\"summary_large_image\" \/>\n<meta name=\"twitter:site\" content=\"@zapateneo\" \/>\n<meta name=\"twitter:label1\" content=\"Tiempo de lectura\" \/>\n\t<meta name=\"twitter:data1\" content=\"2 minutos\" \/>\n<script type=\"application\/ld+json\" class=\"yoast-schema-graph\">{\"@context\":\"https:\\\/\\\/schema.org\",\"@graph\":[{\"@type\":\"WebPage\",\"@id\":\"https:\\\/\\\/zapateneo.net\\\/wordpress\\\/index.php\\\/producto\\\/racismo-y-resistencia-en-la-europa-daltonica\\\/\",\"url\":\"https:\\\/\\\/zapateneo.net\\\/wordpress\\\/index.php\\\/producto\\\/racismo-y-resistencia-en-la-europa-daltonica\\\/\",\"name\":\"Racismo y resistencia en la Europa dalt\u00f3nica &#8212; Zapateneo\",\"isPartOf\":{\"@id\":\"https:\\\/\\\/zapateneo.net\\\/wordpress\\\/#website\"},\"primaryImageOfPage\":{\"@id\":\"https:\\\/\\\/zapateneo.net\\\/wordpress\\\/index.php\\\/producto\\\/racismo-y-resistencia-en-la-europa-daltonica\\\/#primaryimage\"},\"image\":{\"@id\":\"https:\\\/\\\/zapateneo.net\\\/wordpress\\\/index.php\\\/producto\\\/racismo-y-resistencia-en-la-europa-daltonica\\\/#primaryimage\"},\"thumbnailUrl\":\"https:\\\/\\\/zapateneo.net\\\/wordpress\\\/wp-content\\\/uploads\\\/2021\\\/09\\\/9788412238648.jpg\",\"datePublished\":\"2021-09-15T19:10:17+00:00\",\"dateModified\":\"2021-09-15T19:15:42+00:00\",\"breadcrumb\":{\"@id\":\"https:\\\/\\\/zapateneo.net\\\/wordpress\\\/index.php\\\/producto\\\/racismo-y-resistencia-en-la-europa-daltonica\\\/#breadcrumb\"},\"inLanguage\":\"es\",\"potentialAction\":[{\"@type\":\"ReadAction\",\"target\":[\"https:\\\/\\\/zapateneo.net\\\/wordpress\\\/index.php\\\/producto\\\/racismo-y-resistencia-en-la-europa-daltonica\\\/\"]}]},{\"@type\":\"ImageObject\",\"inLanguage\":\"es\",\"@id\":\"https:\\\/\\\/zapateneo.net\\\/wordpress\\\/index.php\\\/producto\\\/racismo-y-resistencia-en-la-europa-daltonica\\\/#primaryimage\",\"url\":\"https:\\\/\\\/zapateneo.net\\\/wordpress\\\/wp-content\\\/uploads\\\/2021\\\/09\\\/9788412238648.jpg\",\"contentUrl\":\"https:\\\/\\\/zapateneo.net\\\/wordpress\\\/wp-content\\\/uploads\\\/2021\\\/09\\\/9788412238648.jpg\",\"width\":160,\"height\":249},{\"@type\":\"BreadcrumbList\",\"@id\":\"https:\\\/\\\/zapateneo.net\\\/wordpress\\\/index.php\\\/producto\\\/racismo-y-resistencia-en-la-europa-daltonica\\\/#breadcrumb\",\"itemListElement\":[{\"@type\":\"ListItem\",\"position\":1,\"name\":\"Portada\",\"item\":\"https:\\\/\\\/zapateneo.net\\\/wordpress\\\/\"},{\"@type\":\"ListItem\",\"position\":2,\"name\":\"Tienda\",\"item\":\"https:\\\/\\\/zapateneo.net\\\/wordpress\\\/\"},{\"@type\":\"ListItem\",\"position\":3,\"name\":\"Racismo y resistencia en la Europa dalt\u00f3nica\"}]},{\"@type\":\"WebSite\",\"@id\":\"https:\\\/\\\/zapateneo.net\\\/wordpress\\\/#website\",\"url\":\"https:\\\/\\\/zapateneo.net\\\/wordpress\\\/\",\"name\":\"Zapateneo\",\"description\":\"Zapateneoaren webgunea\",\"publisher\":{\"@id\":\"https:\\\/\\\/zapateneo.net\\\/wordpress\\\/#organization\"},\"potentialAction\":[{\"@type\":\"SearchAction\",\"target\":{\"@type\":\"EntryPoint\",\"urlTemplate\":\"https:\\\/\\\/zapateneo.net\\\/wordpress\\\/?s={search_term_string}\"},\"query-input\":{\"@type\":\"PropertyValueSpecification\",\"valueRequired\":true,\"valueName\":\"search_term_string\"}}],\"inLanguage\":\"es\"},{\"@type\":\"Organization\",\"@id\":\"https:\\\/\\\/zapateneo.net\\\/wordpress\\\/#organization\",\"name\":\"Zapateneo Kultur Elkartea\",\"url\":\"https:\\\/\\\/zapateneo.net\\\/wordpress\\\/\",\"logo\":{\"@type\":\"ImageObject\",\"inLanguage\":\"es\",\"@id\":\"https:\\\/\\\/zapateneo.net\\\/wordpress\\\/#\\\/schema\\\/logo\\\/image\\\/\",\"url\":\"https:\\\/\\\/zapateneo.net\\\/wordpress\\\/wp-content\\\/uploads\\\/2021\\\/04\\\/zap-libu-kolec.jpg\",\"contentUrl\":\"https:\\\/\\\/zapateneo.net\\\/wordpress\\\/wp-content\\\/uploads\\\/2021\\\/04\\\/zap-libu-kolec.jpg\",\"width\":2234,\"height\":398,\"caption\":\"Zapateneo Kultur Elkartea\"},\"image\":{\"@id\":\"https:\\\/\\\/zapateneo.net\\\/wordpress\\\/#\\\/schema\\\/logo\\\/image\\\/\"},\"sameAs\":[\"https:\\\/\\\/x.com\\\/zapateneo\"]}]}<\/script>\n<!-- \/ Yoast SEO plugin. -->","yoast_head_json":{"title":"Racismo y resistencia en la Europa dalt\u00f3nica &#8212; Zapateneo","robots":{"index":"index","follow":"follow","max-snippet":"max-snippet:-1","max-image-preview":"max-image-preview:large","max-video-preview":"max-video-preview:-1"},"canonical":"https:\/\/zapateneo.net\/wordpress\/index.php\/producto\/racismo-y-resistencia-en-la-europa-daltonica\/","og_locale":"es_ES","og_type":"article","og_title":"Racismo y resistencia en la Europa dalt\u00f3nica &#8212; Zapateneo","og_description":"El-Tayeb, F\u00e1tima 9788412238648 - Textos insurgentes - 2021 - 393 p\u00e1ginas \/orri.","og_url":"https:\/\/zapateneo.net\/wordpress\/index.php\/producto\/racismo-y-resistencia-en-la-europa-daltonica\/","og_site_name":"Zapateneo","article_modified_time":"2021-09-15T19:15:42+00:00","og_image":[{"width":160,"height":249,"url":"https:\/\/zapateneo.net\/wordpress\/wp-content\/uploads\/2021\/09\/9788412238648.jpg","type":"image\/jpeg"}],"twitter_card":"summary_large_image","twitter_site":"@zapateneo","twitter_misc":{"Tiempo de lectura":"2 minutos"},"schema":{"@context":"https:\/\/schema.org","@graph":[{"@type":"WebPage","@id":"https:\/\/zapateneo.net\/wordpress\/index.php\/producto\/racismo-y-resistencia-en-la-europa-daltonica\/","url":"https:\/\/zapateneo.net\/wordpress\/index.php\/producto\/racismo-y-resistencia-en-la-europa-daltonica\/","name":"Racismo y resistencia en la Europa dalt\u00f3nica &#8212; Zapateneo","isPartOf":{"@id":"https:\/\/zapateneo.net\/wordpress\/#website"},"primaryImageOfPage":{"@id":"https:\/\/zapateneo.net\/wordpress\/index.php\/producto\/racismo-y-resistencia-en-la-europa-daltonica\/#primaryimage"},"image":{"@id":"https:\/\/zapateneo.net\/wordpress\/index.php\/producto\/racismo-y-resistencia-en-la-europa-daltonica\/#primaryimage"},"thumbnailUrl":"https:\/\/zapateneo.net\/wordpress\/wp-content\/uploads\/2021\/09\/9788412238648.jpg","datePublished":"2021-09-15T19:10:17+00:00","dateModified":"2021-09-15T19:15:42+00:00","breadcrumb":{"@id":"https:\/\/zapateneo.net\/wordpress\/index.php\/producto\/racismo-y-resistencia-en-la-europa-daltonica\/#breadcrumb"},"inLanguage":"es","potentialAction":[{"@type":"ReadAction","target":["https:\/\/zapateneo.net\/wordpress\/index.php\/producto\/racismo-y-resistencia-en-la-europa-daltonica\/"]}]},{"@type":"ImageObject","inLanguage":"es","@id":"https:\/\/zapateneo.net\/wordpress\/index.php\/producto\/racismo-y-resistencia-en-la-europa-daltonica\/#primaryimage","url":"https:\/\/zapateneo.net\/wordpress\/wp-content\/uploads\/2021\/09\/9788412238648.jpg","contentUrl":"https:\/\/zapateneo.net\/wordpress\/wp-content\/uploads\/2021\/09\/9788412238648.jpg","width":160,"height":249},{"@type":"BreadcrumbList","@id":"https:\/\/zapateneo.net\/wordpress\/index.php\/producto\/racismo-y-resistencia-en-la-europa-daltonica\/#breadcrumb","itemListElement":[{"@type":"ListItem","position":1,"name":"Portada","item":"https:\/\/zapateneo.net\/wordpress\/"},{"@type":"ListItem","position":2,"name":"Tienda","item":"https:\/\/zapateneo.net\/wordpress\/"},{"@type":"ListItem","position":3,"name":"Racismo y resistencia en la Europa dalt\u00f3nica"}]},{"@type":"WebSite","@id":"https:\/\/zapateneo.net\/wordpress\/#website","url":"https:\/\/zapateneo.net\/wordpress\/","name":"Zapateneo","description":"Zapateneoaren webgunea","publisher":{"@id":"https:\/\/zapateneo.net\/wordpress\/#organization"},"potentialAction":[{"@type":"SearchAction","target":{"@type":"EntryPoint","urlTemplate":"https:\/\/zapateneo.net\/wordpress\/?s={search_term_string}"},"query-input":{"@type":"PropertyValueSpecification","valueRequired":true,"valueName":"search_term_string"}}],"inLanguage":"es"},{"@type":"Organization","@id":"https:\/\/zapateneo.net\/wordpress\/#organization","name":"Zapateneo Kultur Elkartea","url":"https:\/\/zapateneo.net\/wordpress\/","logo":{"@type":"ImageObject","inLanguage":"es","@id":"https:\/\/zapateneo.net\/wordpress\/#\/schema\/logo\/image\/","url":"https:\/\/zapateneo.net\/wordpress\/wp-content\/uploads\/2021\/04\/zap-libu-kolec.jpg","contentUrl":"https:\/\/zapateneo.net\/wordpress\/wp-content\/uploads\/2021\/04\/zap-libu-kolec.jpg","width":2234,"height":398,"caption":"Zapateneo Kultur Elkartea"},"image":{"@id":"https:\/\/zapateneo.net\/wordpress\/#\/schema\/logo\/image\/"},"sameAs":["https:\/\/x.com\/zapateneo"]}]}},"_links":{"self":[{"href":"https:\/\/zapateneo.net\/wordpress\/index.php\/wp-json\/wp\/v2\/product\/7894","targetHints":{"allow":["GET"]}}],"collection":[{"href":"https:\/\/zapateneo.net\/wordpress\/index.php\/wp-json\/wp\/v2\/product"}],"about":[{"href":"https:\/\/zapateneo.net\/wordpress\/index.php\/wp-json\/wp\/v2\/types\/product"}],"wp:featuredmedia":[{"embeddable":true,"href":"https:\/\/zapateneo.net\/wordpress\/index.php\/wp-json\/wp\/v2\/media\/7943"}],"wp:attachment":[{"href":"https:\/\/zapateneo.net\/wordpress\/index.php\/wp-json\/wp\/v2\/media?parent=7894"}],"wp:term":[{"taxonomy":"product_brand","embeddable":true,"href":"https:\/\/zapateneo.net\/wordpress\/index.php\/wp-json\/wp\/v2\/product_brand?post=7894"},{"taxonomy":"product_cat","embeddable":true,"href":"https:\/\/zapateneo.net\/wordpress\/index.php\/wp-json\/wp\/v2\/product_cat?post=7894"},{"taxonomy":"product_tag","embeddable":true,"href":"https:\/\/zapateneo.net\/wordpress\/index.php\/wp-json\/wp\/v2\/product_tag?post=7894"}],"curies":[{"name":"wp","href":"https:\/\/api.w.org\/{rel}","templated":true}]}}