{"id":788,"date":"2021-04-07T07:41:39","date_gmt":"2021-04-07T06:41:39","guid":{"rendered":"https:\/\/zapateneo.net\/wordpress\/?post_type=product&#038;p=788"},"modified":"2021-04-09T18:07:49","modified_gmt":"2021-04-09T17:07:49","slug":"arquitectura-sin-arquitectos-una-breve-introduccion-a-la-arquitectura-sin-pedigri","status":"publish","type":"product","link":"https:\/\/zapateneo.net\/wordpress\/index.php\/producto\/arquitectura-sin-arquitectos-una-breve-introduccion-a-la-arquitectura-sin-pedigri\/","title":{"rendered":"Arquitectura sin arquitectos Una breve introducci\u00f3n a la arquitectura sin pedigr\u00ed"},"content":{"rendered":"<p>En Arquitectura sin arquitectos, publicado originalmente en 1964 por el MoMA de Nueva York a partir de la exposici\u00f3n hom\u00f3nima comisariada por Bernard Rudofsky, el te\u00f3rico huye de la restringida disciplina que ha gobernado nuestro sentido de la historia de la arquitectura y analiza el arte de construir como un fen\u00f3meno universal. Dejando de lado los prejuicios geogr\u00e1ficos y sociales que han eclipsado lo que \u00e9l considera una panor\u00e1mica total de la arquitectura, Rudofsky nos ofrece atisbos de mundos que hasta ahora nos resultaban desconocidos e introduce al lector en la arquitectura vern\u00e1cula, una arquitectura producida no por especialistas, sino por la actividad espont\u00e1nea y continua de un pueblo con un patrimonio com\u00fan. Con frecuencia, la belleza de esta arquitectura \u00abprimitiva\u00bb no se ha tenido en cuenta por tratarse de un fen\u00f3meno accidental, pero en la actualidad reconocemos en ella una forma de arte que es el resultado de la inteligencia humana aplicada a modos de vida excepcionalmente humanos, que va m\u00e1s all\u00e1 de cualquier consideraci\u00f3n econ\u00f3mica o est\u00e9tica y que constituye una fuente de inspiraci\u00f3n inagotable para el hombre industrial atrapado en las ca\u00f3ticas ciudades.<\/p>\n","protected":false},"excerpt":{"rendered":"<p><strong>Bernard Rudofsky<\/strong><br \/>\nISBN 978-84-15862-55-9 &#8211; pepitas de calabaza &#8211; 2020 &#8211; 144 p\u00e1ginas \/orri.<\/p>\n","protected":false},"featured_media":813,"template":"","meta":[],"product_brand":[],"product_cat":[16,173],"product_tag":[669,47],"class_list":{"0":"post-788","1":"product","2":"type-product","3":"status-publish","4":"has-post-thumbnail","6":"product_cat-libros","7":"product_cat-saiakera-ensayo","8":"product_tag-bernard-rudofsky","9":"product_tag-pepitas-de-calabaza","11":"first","12":"onbackorder","13":"sold-individually","14":"shipping-taxable","15":"purchasable","16":"product-type-simple"},"yoast_head":"<!-- This site is optimized with the Yoast SEO plugin v27.3 - https:\/\/yoast.com\/product\/yoast-seo-wordpress\/ -->\n<title>Arquitectura sin arquitectos Una breve introducci\u00f3n a la arquitectura sin pedigr\u00ed &#8212; Zapateneo<\/title>\n<meta name=\"robots\" content=\"index, follow, max-snippet:-1, max-image-preview:large, max-video-preview:-1\" \/>\n<link rel=\"canonical\" href=\"https:\/\/zapateneo.net\/wordpress\/index.php\/producto\/arquitectura-sin-arquitectos-una-breve-introduccion-a-la-arquitectura-sin-pedigri\/\" \/>\n<meta property=\"og:locale\" content=\"es_ES\" \/>\n<meta property=\"og:type\" content=\"article\" \/>\n<meta property=\"og:title\" content=\"Arquitectura sin arquitectos Una breve introducci\u00f3n a la arquitectura sin pedigr\u00ed &#8212; Zapateneo\" \/>\n<meta property=\"og:description\" content=\"Bernard Rudofsky ISBN 978-84-15862-55-9 - pepitas de calabaza - 2020 - 144 p\u00e1ginas \/orri.\" \/>\n<meta property=\"og:url\" content=\"https:\/\/zapateneo.net\/wordpress\/index.php\/producto\/arquitectura-sin-arquitectos-una-breve-introduccion-a-la-arquitectura-sin-pedigri\/\" \/>\n<meta property=\"og:site_name\" content=\"Zapateneo\" \/>\n<meta property=\"article:modified_time\" content=\"2021-04-09T17:07:49+00:00\" \/>\n<meta property=\"og:image\" content=\"https:\/\/zapateneo.net\/wordpress\/wp-content\/uploads\/2021\/04\/arquitectura_sin.jpg\" \/>\n\t<meta property=\"og:image:width\" content=\"239\" \/>\n\t<meta property=\"og:image:height\" content=\"250\" \/>\n\t<meta property=\"og:image:type\" content=\"image\/jpeg\" \/>\n<meta name=\"twitter:card\" content=\"summary_large_image\" \/>\n<meta name=\"twitter:site\" content=\"@zapateneo\" \/>\n<meta name=\"twitter:label1\" content=\"Tiempo de lectura\" \/>\n\t<meta name=\"twitter:data1\" content=\"1 minuto\" \/>\n<script type=\"application\/ld+json\" class=\"yoast-schema-graph\">{\"@context\":\"https:\\\/\\\/schema.org\",\"@graph\":[{\"@type\":\"WebPage\",\"@id\":\"https:\\\/\\\/zapateneo.net\\\/wordpress\\\/index.php\\\/producto\\\/arquitectura-sin-arquitectos-una-breve-introduccion-a-la-arquitectura-sin-pedigri\\\/\",\"url\":\"https:\\\/\\\/zapateneo.net\\\/wordpress\\\/index.php\\\/producto\\\/arquitectura-sin-arquitectos-una-breve-introduccion-a-la-arquitectura-sin-pedigri\\\/\",\"name\":\"Arquitectura sin arquitectos Una breve introducci\u00f3n a la arquitectura sin pedigr\u00ed &#8212; Zapateneo\",\"isPartOf\":{\"@id\":\"https:\\\/\\\/zapateneo.net\\\/wordpress\\\/#website\"},\"primaryImageOfPage\":{\"@id\":\"https:\\\/\\\/zapateneo.net\\\/wordpress\\\/index.php\\\/producto\\\/arquitectura-sin-arquitectos-una-breve-introduccion-a-la-arquitectura-sin-pedigri\\\/#primaryimage\"},\"image\":{\"@id\":\"https:\\\/\\\/zapateneo.net\\\/wordpress\\\/index.php\\\/producto\\\/arquitectura-sin-arquitectos-una-breve-introduccion-a-la-arquitectura-sin-pedigri\\\/#primaryimage\"},\"thumbnailUrl\":\"https:\\\/\\\/zapateneo.net\\\/wordpress\\\/wp-content\\\/uploads\\\/2021\\\/04\\\/arquitectura_sin.jpg\",\"datePublished\":\"2021-04-07T06:41:39+00:00\",\"dateModified\":\"2021-04-09T17:07:49+00:00\",\"breadcrumb\":{\"@id\":\"https:\\\/\\\/zapateneo.net\\\/wordpress\\\/index.php\\\/producto\\\/arquitectura-sin-arquitectos-una-breve-introduccion-a-la-arquitectura-sin-pedigri\\\/#breadcrumb\"},\"inLanguage\":\"es\",\"potentialAction\":[{\"@type\":\"ReadAction\",\"target\":[\"https:\\\/\\\/zapateneo.net\\\/wordpress\\\/index.php\\\/producto\\\/arquitectura-sin-arquitectos-una-breve-introduccion-a-la-arquitectura-sin-pedigri\\\/\"]}]},{\"@type\":\"ImageObject\",\"inLanguage\":\"es\",\"@id\":\"https:\\\/\\\/zapateneo.net\\\/wordpress\\\/index.php\\\/producto\\\/arquitectura-sin-arquitectos-una-breve-introduccion-a-la-arquitectura-sin-pedigri\\\/#primaryimage\",\"url\":\"https:\\\/\\\/zapateneo.net\\\/wordpress\\\/wp-content\\\/uploads\\\/2021\\\/04\\\/arquitectura_sin.jpg\",\"contentUrl\":\"https:\\\/\\\/zapateneo.net\\\/wordpress\\\/wp-content\\\/uploads\\\/2021\\\/04\\\/arquitectura_sin.jpg\",\"width\":239,\"height\":250},{\"@type\":\"BreadcrumbList\",\"@id\":\"https:\\\/\\\/zapateneo.net\\\/wordpress\\\/index.php\\\/producto\\\/arquitectura-sin-arquitectos-una-breve-introduccion-a-la-arquitectura-sin-pedigri\\\/#breadcrumb\",\"itemListElement\":[{\"@type\":\"ListItem\",\"position\":1,\"name\":\"Portada\",\"item\":\"https:\\\/\\\/zapateneo.net\\\/wordpress\\\/\"},{\"@type\":\"ListItem\",\"position\":2,\"name\":\"Tienda\",\"item\":\"https:\\\/\\\/zapateneo.net\\\/wordpress\\\/\"},{\"@type\":\"ListItem\",\"position\":3,\"name\":\"Arquitectura sin arquitectos Una breve introducci\u00f3n a la arquitectura sin pedigr\u00ed\"}]},{\"@type\":\"WebSite\",\"@id\":\"https:\\\/\\\/zapateneo.net\\\/wordpress\\\/#website\",\"url\":\"https:\\\/\\\/zapateneo.net\\\/wordpress\\\/\",\"name\":\"Zapateneo\",\"description\":\"Zapateneoaren webgunea\",\"publisher\":{\"@id\":\"https:\\\/\\\/zapateneo.net\\\/wordpress\\\/#organization\"},\"potentialAction\":[{\"@type\":\"SearchAction\",\"target\":{\"@type\":\"EntryPoint\",\"urlTemplate\":\"https:\\\/\\\/zapateneo.net\\\/wordpress\\\/?s={search_term_string}\"},\"query-input\":{\"@type\":\"PropertyValueSpecification\",\"valueRequired\":true,\"valueName\":\"search_term_string\"}}],\"inLanguage\":\"es\"},{\"@type\":\"Organization\",\"@id\":\"https:\\\/\\\/zapateneo.net\\\/wordpress\\\/#organization\",\"name\":\"Zapateneo Kultur Elkartea\",\"url\":\"https:\\\/\\\/zapateneo.net\\\/wordpress\\\/\",\"logo\":{\"@type\":\"ImageObject\",\"inLanguage\":\"es\",\"@id\":\"https:\\\/\\\/zapateneo.net\\\/wordpress\\\/#\\\/schema\\\/logo\\\/image\\\/\",\"url\":\"https:\\\/\\\/zapateneo.net\\\/wordpress\\\/wp-content\\\/uploads\\\/2021\\\/04\\\/zap-libu-kolec.jpg\",\"contentUrl\":\"https:\\\/\\\/zapateneo.net\\\/wordpress\\\/wp-content\\\/uploads\\\/2021\\\/04\\\/zap-libu-kolec.jpg\",\"width\":2234,\"height\":398,\"caption\":\"Zapateneo Kultur Elkartea\"},\"image\":{\"@id\":\"https:\\\/\\\/zapateneo.net\\\/wordpress\\\/#\\\/schema\\\/logo\\\/image\\\/\"},\"sameAs\":[\"https:\\\/\\\/x.com\\\/zapateneo\"]}]}<\/script>\n<!-- \/ Yoast SEO plugin. -->","yoast_head_json":{"title":"Arquitectura sin arquitectos Una breve introducci\u00f3n a la arquitectura sin pedigr\u00ed &#8212; Zapateneo","robots":{"index":"index","follow":"follow","max-snippet":"max-snippet:-1","max-image-preview":"max-image-preview:large","max-video-preview":"max-video-preview:-1"},"canonical":"https:\/\/zapateneo.net\/wordpress\/index.php\/producto\/arquitectura-sin-arquitectos-una-breve-introduccion-a-la-arquitectura-sin-pedigri\/","og_locale":"es_ES","og_type":"article","og_title":"Arquitectura sin arquitectos Una breve introducci\u00f3n a la arquitectura sin pedigr\u00ed &#8212; Zapateneo","og_description":"Bernard Rudofsky ISBN 978-84-15862-55-9 - pepitas de calabaza - 2020 - 144 p\u00e1ginas \/orri.","og_url":"https:\/\/zapateneo.net\/wordpress\/index.php\/producto\/arquitectura-sin-arquitectos-una-breve-introduccion-a-la-arquitectura-sin-pedigri\/","og_site_name":"Zapateneo","article_modified_time":"2021-04-09T17:07:49+00:00","og_image":[{"width":239,"height":250,"url":"https:\/\/zapateneo.net\/wordpress\/wp-content\/uploads\/2021\/04\/arquitectura_sin.jpg","type":"image\/jpeg"}],"twitter_card":"summary_large_image","twitter_site":"@zapateneo","twitter_misc":{"Tiempo de lectura":"1 minuto"},"schema":{"@context":"https:\/\/schema.org","@graph":[{"@type":"WebPage","@id":"https:\/\/zapateneo.net\/wordpress\/index.php\/producto\/arquitectura-sin-arquitectos-una-breve-introduccion-a-la-arquitectura-sin-pedigri\/","url":"https:\/\/zapateneo.net\/wordpress\/index.php\/producto\/arquitectura-sin-arquitectos-una-breve-introduccion-a-la-arquitectura-sin-pedigri\/","name":"Arquitectura sin arquitectos Una breve introducci\u00f3n a la arquitectura sin pedigr\u00ed &#8212; Zapateneo","isPartOf":{"@id":"https:\/\/zapateneo.net\/wordpress\/#website"},"primaryImageOfPage":{"@id":"https:\/\/zapateneo.net\/wordpress\/index.php\/producto\/arquitectura-sin-arquitectos-una-breve-introduccion-a-la-arquitectura-sin-pedigri\/#primaryimage"},"image":{"@id":"https:\/\/zapateneo.net\/wordpress\/index.php\/producto\/arquitectura-sin-arquitectos-una-breve-introduccion-a-la-arquitectura-sin-pedigri\/#primaryimage"},"thumbnailUrl":"https:\/\/zapateneo.net\/wordpress\/wp-content\/uploads\/2021\/04\/arquitectura_sin.jpg","datePublished":"2021-04-07T06:41:39+00:00","dateModified":"2021-04-09T17:07:49+00:00","breadcrumb":{"@id":"https:\/\/zapateneo.net\/wordpress\/index.php\/producto\/arquitectura-sin-arquitectos-una-breve-introduccion-a-la-arquitectura-sin-pedigri\/#breadcrumb"},"inLanguage":"es","potentialAction":[{"@type":"ReadAction","target":["https:\/\/zapateneo.net\/wordpress\/index.php\/producto\/arquitectura-sin-arquitectos-una-breve-introduccion-a-la-arquitectura-sin-pedigri\/"]}]},{"@type":"ImageObject","inLanguage":"es","@id":"https:\/\/zapateneo.net\/wordpress\/index.php\/producto\/arquitectura-sin-arquitectos-una-breve-introduccion-a-la-arquitectura-sin-pedigri\/#primaryimage","url":"https:\/\/zapateneo.net\/wordpress\/wp-content\/uploads\/2021\/04\/arquitectura_sin.jpg","contentUrl":"https:\/\/zapateneo.net\/wordpress\/wp-content\/uploads\/2021\/04\/arquitectura_sin.jpg","width":239,"height":250},{"@type":"BreadcrumbList","@id":"https:\/\/zapateneo.net\/wordpress\/index.php\/producto\/arquitectura-sin-arquitectos-una-breve-introduccion-a-la-arquitectura-sin-pedigri\/#breadcrumb","itemListElement":[{"@type":"ListItem","position":1,"name":"Portada","item":"https:\/\/zapateneo.net\/wordpress\/"},{"@type":"ListItem","position":2,"name":"Tienda","item":"https:\/\/zapateneo.net\/wordpress\/"},{"@type":"ListItem","position":3,"name":"Arquitectura sin arquitectos Una breve introducci\u00f3n a la arquitectura sin pedigr\u00ed"}]},{"@type":"WebSite","@id":"https:\/\/zapateneo.net\/wordpress\/#website","url":"https:\/\/zapateneo.net\/wordpress\/","name":"Zapateneo","description":"Zapateneoaren webgunea","publisher":{"@id":"https:\/\/zapateneo.net\/wordpress\/#organization"},"potentialAction":[{"@type":"SearchAction","target":{"@type":"EntryPoint","urlTemplate":"https:\/\/zapateneo.net\/wordpress\/?s={search_term_string}"},"query-input":{"@type":"PropertyValueSpecification","valueRequired":true,"valueName":"search_term_string"}}],"inLanguage":"es"},{"@type":"Organization","@id":"https:\/\/zapateneo.net\/wordpress\/#organization","name":"Zapateneo Kultur Elkartea","url":"https:\/\/zapateneo.net\/wordpress\/","logo":{"@type":"ImageObject","inLanguage":"es","@id":"https:\/\/zapateneo.net\/wordpress\/#\/schema\/logo\/image\/","url":"https:\/\/zapateneo.net\/wordpress\/wp-content\/uploads\/2021\/04\/zap-libu-kolec.jpg","contentUrl":"https:\/\/zapateneo.net\/wordpress\/wp-content\/uploads\/2021\/04\/zap-libu-kolec.jpg","width":2234,"height":398,"caption":"Zapateneo Kultur Elkartea"},"image":{"@id":"https:\/\/zapateneo.net\/wordpress\/#\/schema\/logo\/image\/"},"sameAs":["https:\/\/x.com\/zapateneo"]}]}},"_links":{"self":[{"href":"https:\/\/zapateneo.net\/wordpress\/index.php\/wp-json\/wp\/v2\/product\/788","targetHints":{"allow":["GET"]}}],"collection":[{"href":"https:\/\/zapateneo.net\/wordpress\/index.php\/wp-json\/wp\/v2\/product"}],"about":[{"href":"https:\/\/zapateneo.net\/wordpress\/index.php\/wp-json\/wp\/v2\/types\/product"}],"wp:featuredmedia":[{"embeddable":true,"href":"https:\/\/zapateneo.net\/wordpress\/index.php\/wp-json\/wp\/v2\/media\/813"}],"wp:attachment":[{"href":"https:\/\/zapateneo.net\/wordpress\/index.php\/wp-json\/wp\/v2\/media?parent=788"}],"wp:term":[{"taxonomy":"product_brand","embeddable":true,"href":"https:\/\/zapateneo.net\/wordpress\/index.php\/wp-json\/wp\/v2\/product_brand?post=788"},{"taxonomy":"product_cat","embeddable":true,"href":"https:\/\/zapateneo.net\/wordpress\/index.php\/wp-json\/wp\/v2\/product_cat?post=788"},{"taxonomy":"product_tag","embeddable":true,"href":"https:\/\/zapateneo.net\/wordpress\/index.php\/wp-json\/wp\/v2\/product_tag?post=788"}],"curies":[{"name":"wp","href":"https:\/\/api.w.org\/{rel}","templated":true}]}}