{"id":7866,"date":"2021-09-15T20:06:19","date_gmt":"2021-09-15T19:06:19","guid":{"rendered":"https:\/\/zapateneo.net\/wordpress\/?post_type=product&#038;p=7866"},"modified":"2022-01-02T20:47:49","modified_gmt":"2022-01-02T19:47:49","slug":"pajaros-en-la-cabeza-activismo-en-salud-mental-desde-espana-y-ch","status":"publish","type":"product","link":"https:\/\/zapateneo.net\/wordpress\/index.php\/producto\/pajaros-en-la-cabeza-activismo-en-salud-mental-desde-espana-y-ch\/","title":{"rendered":"P\u00e1jaros en la cabeza. Activismo en salud mental desde Espa\u00f1a y Ch"},"content":{"rendered":"<div>\n<p><em>\u00abLa palabra \u201clocura\u201d denota nuestra experiencia. Con ella nos identificamos, aunque algunos la usen para ofendernos [&#8230;] Estamos orgullosos de haber resistido el maltrato que nos han dado desde la superioridad en n\u00famero y en brutalidad. Si otros movimientos, como el de las mujeres, el de los negros y el de las personas homosexuales, han podido sobreponerse a la ignorancia y a la desacreditaci\u00f3n, el nuestro tambi\u00e9n se levantar\u00e1 para reclamar nuestro derecho a ser lo que somos: \u201clocos\u201d y \u201clocas\u201d.\u00bb\u00a0<\/em><\/p>\n<p>El campo de la salud mental est\u00e1 siendo cada vez m\u00e1s cuestionado. Las etiquetas, el recorte de autonom\u00eda, el biologicismo, el paternalismo, las contenciones mec\u00e1nicas, el electroshock o la sobremedicaci\u00f3n son algunos de los aspectos que est\u00e1n dejando de disfrutar de una inercia incuestionable. En su lugar, crecen las propuestas relacionadas con el apoyo mutuo, la horizontalidad, la autogesti\u00f3n y la autonom\u00eda.<\/p>\n<p>Al frente de estos planteamientos est\u00e1 el movimiento activista en primera persona. Iniciativas como la organizaci\u00f3n en diferentes lugares del Mad Pride (\u00abOrgullo Loco\u00bb) o las experiencias de los Grupos de Apoyo Mutuo (GAM), formados por personas con sufrimiento ps\u00edquico, con experiencias inusuales o psiquiatrizadas, han abierto un horizonte de ruptura en el cual la autonom\u00eda de estos sujetos es la cuesti\u00f3n crucial y central.<\/p>\n<p>Javier Erro da a conocer, a trav\u00e9s de las reflexiones y las experiencias de sus protagonistas en diferentes grupos e iniciativas chilenas y espa\u00f1olas, los procesos de cuidado mutuo y estrategias compartidas, la autoorganizaci\u00f3n de mujeres que enmarcan el sufrimiento ps\u00edquico en t\u00e9rminos de g\u00e9nero o las afinidades entre el movimiento en primera persona y la lucha por la despatologizaci\u00f3n LGTBI+.<\/p>\n<p>Aunando con maestr\u00eda la reflexi\u00f3n y el testimonio de unas luchas vivas y en transformaci\u00f3n, P\u00e1jaros en la cabeza est\u00e1 llamado a ser un texto de referencia sobre el auge del movimiento en primera persona.<\/p>\n<p>&nbsp;<\/p>\n<\/div>\n<div class=\"row\">\n<div class=\"col-12 col-12-small\">\n<p><span class=\"image left autor\"><img decoding=\"async\" src=\"https:\/\/www.viruseditorial.net\/\/fotos-autor\/javier-erro.png\" alt=\"javier-erro\" \/><\/span><\/p>\n<p><strong>Javier Erro (Valencia, 1988)<\/strong>\u00a0Psic\u00f3logo e investigador, forma parte del Centro de Apoyo Psicol\u00f3gico Cambio de Valencia, y es estrecho colaborador de los grupos activistas en primera persona de la ciudad. Preocupado de manera permanente por abrir procesos y mecanismos destinados a fortalecer la autonom\u00eda y la legitimidad de las personas psiquiatrizadas o etiquetadas en diferente gra\u00addo como \u00ablocas\u00bb, Erro revisa de manera per\u00adma\u00adnente y sistem\u00e1tica los conceptos en torno a lo que llama \u00abcultura de la salud mental\u00bb. Con aportaciones directas de personas afectadas por experiencias de sufrimiento ps\u00edquico, en 2016 public\u00f3 la gu\u00eda\u00a0<em>Saldremos de esta. Gu\u00eda de salud mental para el entorno de la persona en crisis<\/em>\u00a0(Biblioteca Social Hermanos Quero), que se convertir\u00eda r\u00e1\u00adpi\u00addamente en una herramienta utili\u00adzada en diferentes \u00e1mbitos.<\/p>\n<p>&nbsp;<\/p>\n<\/div>\n<\/div>\n<div>\n<p>&nbsp;<\/p>\n<p>Pr\u00f3logo de Fernando Balius<\/p>\n<p>&nbsp;<\/p>\n<\/div>\n<p>&nbsp;<\/p>\n<p><iframe loading=\"lazy\" title=\"YouTube video player\" src=\"https:\/\/www.youtube.com\/embed\/XQED2EdzirM\" width=\"560\" height=\"315\" frameborder=\"0\" allowfullscreen=\"allowfullscreen\" data-ruffle-polyfilled=\"\" data-mce-fragment=\"1\"><\/iframe><\/p>\n<div>\n<h2><a href=\"https:\/\/www.viruseditorial.net\/es\/editorial\/descargar-pdf\" target=\"_blank\" rel=\"noopener\">Libro en libre descarga de Virus Editorial<\/a><\/h2>\n<\/div>\n<aside class=\"mashsb-container mashsb-main mashsb-stretched\">\n<div class=\"mashsb-box\">\n<div class=\"mashsb-count mash-large\"><\/div>\n<\/div>\n<\/aside>\n","protected":false},"excerpt":{"rendered":"<p><strong>Erro, Javier<\/strong><br \/>\n9788417870065 &#8211; Virus &#8211; 2021 &#8211; 252 p\u00e1ginas \/orri.<\/p>\n","protected":false},"featured_media":7916,"template":"","meta":[],"product_brand":[],"product_cat":[16,182],"product_tag":[4626,4410,4741,57],"class_list":{"0":"post-7866","1":"product","2":"type-product","3":"status-publish","4":"has-post-thumbnail","6":"product_cat-libros","7":"product_cat-osasuna-salud","8":"product_tag-deskargak","9":"product_tag-erro","10":"product_tag-javier-erro","11":"product_tag-virus","13":"first","14":"instock","15":"sold-individually","16":"shipping-taxable","17":"purchasable","18":"product-type-simple"},"yoast_head":"<!-- This site is optimized with the Yoast SEO plugin v27.3 - https:\/\/yoast.com\/product\/yoast-seo-wordpress\/ -->\n<title>P\u00e1jaros en la cabeza. Activismo en salud mental desde Espa\u00f1a y Ch &#8212; Zapateneo<\/title>\n<meta name=\"robots\" content=\"index, follow, max-snippet:-1, max-image-preview:large, max-video-preview:-1\" \/>\n<link rel=\"canonical\" href=\"https:\/\/zapateneo.net\/wordpress\/index.php\/producto\/pajaros-en-la-cabeza-activismo-en-salud-mental-desde-espana-y-ch\/\" \/>\n<meta property=\"og:locale\" content=\"es_ES\" \/>\n<meta property=\"og:type\" content=\"article\" \/>\n<meta property=\"og:title\" content=\"P\u00e1jaros en la cabeza. Activismo en salud mental desde Espa\u00f1a y Ch &#8212; Zapateneo\" \/>\n<meta property=\"og:description\" content=\"Erro, Javier 9788417870065 - Virus - 2021 - 252 p\u00e1ginas \/orri.\" \/>\n<meta property=\"og:url\" content=\"https:\/\/zapateneo.net\/wordpress\/index.php\/producto\/pajaros-en-la-cabeza-activismo-en-salud-mental-desde-espana-y-ch\/\" \/>\n<meta property=\"og:site_name\" content=\"Zapateneo\" \/>\n<meta property=\"article:modified_time\" content=\"2022-01-02T19:47:49+00:00\" \/>\n<meta property=\"og:image\" content=\"https:\/\/zapateneo.net\/wordpress\/wp-content\/uploads\/2021\/09\/pajaros.gif\" \/>\n\t<meta property=\"og:image:width\" content=\"240\" \/>\n\t<meta property=\"og:image:height\" content=\"355\" \/>\n\t<meta property=\"og:image:type\" content=\"image\/gif\" \/>\n<meta name=\"twitter:card\" content=\"summary_large_image\" \/>\n<meta name=\"twitter:site\" content=\"@zapateneo\" \/>\n<meta name=\"twitter:label1\" content=\"Tiempo de lectura\" \/>\n\t<meta name=\"twitter:data1\" content=\"3 minutos\" \/>\n<script type=\"application\/ld+json\" class=\"yoast-schema-graph\">{\"@context\":\"https:\\\/\\\/schema.org\",\"@graph\":[{\"@type\":\"WebPage\",\"@id\":\"https:\\\/\\\/zapateneo.net\\\/wordpress\\\/index.php\\\/producto\\\/pajaros-en-la-cabeza-activismo-en-salud-mental-desde-espana-y-ch\\\/\",\"url\":\"https:\\\/\\\/zapateneo.net\\\/wordpress\\\/index.php\\\/producto\\\/pajaros-en-la-cabeza-activismo-en-salud-mental-desde-espana-y-ch\\\/\",\"name\":\"P\u00e1jaros en la cabeza. Activismo en salud mental desde Espa\u00f1a y Ch &#8212; Zapateneo\",\"isPartOf\":{\"@id\":\"https:\\\/\\\/zapateneo.net\\\/wordpress\\\/#website\"},\"primaryImageOfPage\":{\"@id\":\"https:\\\/\\\/zapateneo.net\\\/wordpress\\\/index.php\\\/producto\\\/pajaros-en-la-cabeza-activismo-en-salud-mental-desde-espana-y-ch\\\/#primaryimage\"},\"image\":{\"@id\":\"https:\\\/\\\/zapateneo.net\\\/wordpress\\\/index.php\\\/producto\\\/pajaros-en-la-cabeza-activismo-en-salud-mental-desde-espana-y-ch\\\/#primaryimage\"},\"thumbnailUrl\":\"https:\\\/\\\/zapateneo.net\\\/wordpress\\\/wp-content\\\/uploads\\\/2021\\\/09\\\/pajaros.gif\",\"datePublished\":\"2021-09-15T19:06:19+00:00\",\"dateModified\":\"2022-01-02T19:47:49+00:00\",\"breadcrumb\":{\"@id\":\"https:\\\/\\\/zapateneo.net\\\/wordpress\\\/index.php\\\/producto\\\/pajaros-en-la-cabeza-activismo-en-salud-mental-desde-espana-y-ch\\\/#breadcrumb\"},\"inLanguage\":\"es\",\"potentialAction\":[{\"@type\":\"ReadAction\",\"target\":[\"https:\\\/\\\/zapateneo.net\\\/wordpress\\\/index.php\\\/producto\\\/pajaros-en-la-cabeza-activismo-en-salud-mental-desde-espana-y-ch\\\/\"]}]},{\"@type\":\"ImageObject\",\"inLanguage\":\"es\",\"@id\":\"https:\\\/\\\/zapateneo.net\\\/wordpress\\\/index.php\\\/producto\\\/pajaros-en-la-cabeza-activismo-en-salud-mental-desde-espana-y-ch\\\/#primaryimage\",\"url\":\"https:\\\/\\\/zapateneo.net\\\/wordpress\\\/wp-content\\\/uploads\\\/2021\\\/09\\\/pajaros.gif\",\"contentUrl\":\"https:\\\/\\\/zapateneo.net\\\/wordpress\\\/wp-content\\\/uploads\\\/2021\\\/09\\\/pajaros.gif\",\"width\":240,\"height\":355},{\"@type\":\"BreadcrumbList\",\"@id\":\"https:\\\/\\\/zapateneo.net\\\/wordpress\\\/index.php\\\/producto\\\/pajaros-en-la-cabeza-activismo-en-salud-mental-desde-espana-y-ch\\\/#breadcrumb\",\"itemListElement\":[{\"@type\":\"ListItem\",\"position\":1,\"name\":\"Portada\",\"item\":\"https:\\\/\\\/zapateneo.net\\\/wordpress\\\/\"},{\"@type\":\"ListItem\",\"position\":2,\"name\":\"Tienda\",\"item\":\"https:\\\/\\\/zapateneo.net\\\/wordpress\\\/\"},{\"@type\":\"ListItem\",\"position\":3,\"name\":\"P\u00e1jaros en la cabeza. Activismo en salud mental desde Espa\u00f1a y Ch\"}]},{\"@type\":\"WebSite\",\"@id\":\"https:\\\/\\\/zapateneo.net\\\/wordpress\\\/#website\",\"url\":\"https:\\\/\\\/zapateneo.net\\\/wordpress\\\/\",\"name\":\"Zapateneo\",\"description\":\"Zapateneoaren webgunea\",\"publisher\":{\"@id\":\"https:\\\/\\\/zapateneo.net\\\/wordpress\\\/#organization\"},\"potentialAction\":[{\"@type\":\"SearchAction\",\"target\":{\"@type\":\"EntryPoint\",\"urlTemplate\":\"https:\\\/\\\/zapateneo.net\\\/wordpress\\\/?s={search_term_string}\"},\"query-input\":{\"@type\":\"PropertyValueSpecification\",\"valueRequired\":true,\"valueName\":\"search_term_string\"}}],\"inLanguage\":\"es\"},{\"@type\":\"Organization\",\"@id\":\"https:\\\/\\\/zapateneo.net\\\/wordpress\\\/#organization\",\"name\":\"Zapateneo Kultur Elkartea\",\"url\":\"https:\\\/\\\/zapateneo.net\\\/wordpress\\\/\",\"logo\":{\"@type\":\"ImageObject\",\"inLanguage\":\"es\",\"@id\":\"https:\\\/\\\/zapateneo.net\\\/wordpress\\\/#\\\/schema\\\/logo\\\/image\\\/\",\"url\":\"https:\\\/\\\/zapateneo.net\\\/wordpress\\\/wp-content\\\/uploads\\\/2021\\\/04\\\/zap-libu-kolec.jpg\",\"contentUrl\":\"https:\\\/\\\/zapateneo.net\\\/wordpress\\\/wp-content\\\/uploads\\\/2021\\\/04\\\/zap-libu-kolec.jpg\",\"width\":2234,\"height\":398,\"caption\":\"Zapateneo Kultur Elkartea\"},\"image\":{\"@id\":\"https:\\\/\\\/zapateneo.net\\\/wordpress\\\/#\\\/schema\\\/logo\\\/image\\\/\"},\"sameAs\":[\"https:\\\/\\\/x.com\\\/zapateneo\"]}]}<\/script>\n<!-- \/ Yoast SEO plugin. -->","yoast_head_json":{"title":"P\u00e1jaros en la cabeza. Activismo en salud mental desde Espa\u00f1a y Ch &#8212; Zapateneo","robots":{"index":"index","follow":"follow","max-snippet":"max-snippet:-1","max-image-preview":"max-image-preview:large","max-video-preview":"max-video-preview:-1"},"canonical":"https:\/\/zapateneo.net\/wordpress\/index.php\/producto\/pajaros-en-la-cabeza-activismo-en-salud-mental-desde-espana-y-ch\/","og_locale":"es_ES","og_type":"article","og_title":"P\u00e1jaros en la cabeza. Activismo en salud mental desde Espa\u00f1a y Ch &#8212; Zapateneo","og_description":"Erro, Javier 9788417870065 - Virus - 2021 - 252 p\u00e1ginas \/orri.","og_url":"https:\/\/zapateneo.net\/wordpress\/index.php\/producto\/pajaros-en-la-cabeza-activismo-en-salud-mental-desde-espana-y-ch\/","og_site_name":"Zapateneo","article_modified_time":"2022-01-02T19:47:49+00:00","og_image":[{"width":240,"height":355,"url":"https:\/\/zapateneo.net\/wordpress\/wp-content\/uploads\/2021\/09\/pajaros.gif","type":"image\/gif"}],"twitter_card":"summary_large_image","twitter_site":"@zapateneo","twitter_misc":{"Tiempo de lectura":"3 minutos"},"schema":{"@context":"https:\/\/schema.org","@graph":[{"@type":"WebPage","@id":"https:\/\/zapateneo.net\/wordpress\/index.php\/producto\/pajaros-en-la-cabeza-activismo-en-salud-mental-desde-espana-y-ch\/","url":"https:\/\/zapateneo.net\/wordpress\/index.php\/producto\/pajaros-en-la-cabeza-activismo-en-salud-mental-desde-espana-y-ch\/","name":"P\u00e1jaros en la cabeza. Activismo en salud mental desde Espa\u00f1a y Ch &#8212; Zapateneo","isPartOf":{"@id":"https:\/\/zapateneo.net\/wordpress\/#website"},"primaryImageOfPage":{"@id":"https:\/\/zapateneo.net\/wordpress\/index.php\/producto\/pajaros-en-la-cabeza-activismo-en-salud-mental-desde-espana-y-ch\/#primaryimage"},"image":{"@id":"https:\/\/zapateneo.net\/wordpress\/index.php\/producto\/pajaros-en-la-cabeza-activismo-en-salud-mental-desde-espana-y-ch\/#primaryimage"},"thumbnailUrl":"https:\/\/zapateneo.net\/wordpress\/wp-content\/uploads\/2021\/09\/pajaros.gif","datePublished":"2021-09-15T19:06:19+00:00","dateModified":"2022-01-02T19:47:49+00:00","breadcrumb":{"@id":"https:\/\/zapateneo.net\/wordpress\/index.php\/producto\/pajaros-en-la-cabeza-activismo-en-salud-mental-desde-espana-y-ch\/#breadcrumb"},"inLanguage":"es","potentialAction":[{"@type":"ReadAction","target":["https:\/\/zapateneo.net\/wordpress\/index.php\/producto\/pajaros-en-la-cabeza-activismo-en-salud-mental-desde-espana-y-ch\/"]}]},{"@type":"ImageObject","inLanguage":"es","@id":"https:\/\/zapateneo.net\/wordpress\/index.php\/producto\/pajaros-en-la-cabeza-activismo-en-salud-mental-desde-espana-y-ch\/#primaryimage","url":"https:\/\/zapateneo.net\/wordpress\/wp-content\/uploads\/2021\/09\/pajaros.gif","contentUrl":"https:\/\/zapateneo.net\/wordpress\/wp-content\/uploads\/2021\/09\/pajaros.gif","width":240,"height":355},{"@type":"BreadcrumbList","@id":"https:\/\/zapateneo.net\/wordpress\/index.php\/producto\/pajaros-en-la-cabeza-activismo-en-salud-mental-desde-espana-y-ch\/#breadcrumb","itemListElement":[{"@type":"ListItem","position":1,"name":"Portada","item":"https:\/\/zapateneo.net\/wordpress\/"},{"@type":"ListItem","position":2,"name":"Tienda","item":"https:\/\/zapateneo.net\/wordpress\/"},{"@type":"ListItem","position":3,"name":"P\u00e1jaros en la cabeza. Activismo en salud mental desde Espa\u00f1a y Ch"}]},{"@type":"WebSite","@id":"https:\/\/zapateneo.net\/wordpress\/#website","url":"https:\/\/zapateneo.net\/wordpress\/","name":"Zapateneo","description":"Zapateneoaren webgunea","publisher":{"@id":"https:\/\/zapateneo.net\/wordpress\/#organization"},"potentialAction":[{"@type":"SearchAction","target":{"@type":"EntryPoint","urlTemplate":"https:\/\/zapateneo.net\/wordpress\/?s={search_term_string}"},"query-input":{"@type":"PropertyValueSpecification","valueRequired":true,"valueName":"search_term_string"}}],"inLanguage":"es"},{"@type":"Organization","@id":"https:\/\/zapateneo.net\/wordpress\/#organization","name":"Zapateneo Kultur Elkartea","url":"https:\/\/zapateneo.net\/wordpress\/","logo":{"@type":"ImageObject","inLanguage":"es","@id":"https:\/\/zapateneo.net\/wordpress\/#\/schema\/logo\/image\/","url":"https:\/\/zapateneo.net\/wordpress\/wp-content\/uploads\/2021\/04\/zap-libu-kolec.jpg","contentUrl":"https:\/\/zapateneo.net\/wordpress\/wp-content\/uploads\/2021\/04\/zap-libu-kolec.jpg","width":2234,"height":398,"caption":"Zapateneo Kultur Elkartea"},"image":{"@id":"https:\/\/zapateneo.net\/wordpress\/#\/schema\/logo\/image\/"},"sameAs":["https:\/\/x.com\/zapateneo"]}]}},"_links":{"self":[{"href":"https:\/\/zapateneo.net\/wordpress\/index.php\/wp-json\/wp\/v2\/product\/7866","targetHints":{"allow":["GET"]}}],"collection":[{"href":"https:\/\/zapateneo.net\/wordpress\/index.php\/wp-json\/wp\/v2\/product"}],"about":[{"href":"https:\/\/zapateneo.net\/wordpress\/index.php\/wp-json\/wp\/v2\/types\/product"}],"wp:featuredmedia":[{"embeddable":true,"href":"https:\/\/zapateneo.net\/wordpress\/index.php\/wp-json\/wp\/v2\/media\/7916"}],"wp:attachment":[{"href":"https:\/\/zapateneo.net\/wordpress\/index.php\/wp-json\/wp\/v2\/media?parent=7866"}],"wp:term":[{"taxonomy":"product_brand","embeddable":true,"href":"https:\/\/zapateneo.net\/wordpress\/index.php\/wp-json\/wp\/v2\/product_brand?post=7866"},{"taxonomy":"product_cat","embeddable":true,"href":"https:\/\/zapateneo.net\/wordpress\/index.php\/wp-json\/wp\/v2\/product_cat?post=7866"},{"taxonomy":"product_tag","embeddable":true,"href":"https:\/\/zapateneo.net\/wordpress\/index.php\/wp-json\/wp\/v2\/product_tag?post=7866"}],"curies":[{"name":"wp","href":"https:\/\/api.w.org\/{rel}","templated":true}]}}