{"id":7863,"date":"2021-09-15T20:05:42","date_gmt":"2021-09-15T19:05:42","guid":{"rendered":"https:\/\/zapateneo.net\/wordpress\/?post_type=product&#038;p=7863"},"modified":"2021-09-15T20:12:13","modified_gmt":"2021-09-15T19:12:13","slug":"nemesis-medica-la-expropiacion-de-la-salud-y-otros-escritos","status":"publish","type":"product","link":"https:\/\/zapateneo.net\/wordpress\/index.php\/producto\/nemesis-medica-la-expropiacion-de-la-salud-y-otros-escritos\/","title":{"rendered":"N\u00e9mesis m\u00e9dica. La expropiaci\u00f3n de la salud y otros escritos"},"content":{"rendered":"<p>La medicina actual no quiere plantearse las causas del aumento de enfermedades, ya que estas constituyen la base misma de la sociedad y del sistema econ\u00f3mico: ciudades masificadas, consumismo, trabajo precario y alienante, sobreproducci\u00f3n, contaminaci\u00f3n y falta de cohesi\u00f3n social, lo que genera estr\u00e9s, frustraci\u00f3n, angustia, falta de motivaci\u00f3n y de alegr\u00eda, etc. Las estrategias m\u00e9dicas fracasan porque concentran demasiados esfuerzos en atajar la enfermedad pero nunca las condiciones estructurales que las causan. Asimismo, la medicina moderna pone en pone en riesgo el conocimiento popular, el conocimiento que tiene cada persona sobre su propio cuerpo y la capacidad curativa de este. El sistema capitalista arrebata a las comunidades sus conocimientos y concepciones sobre la salud, la enfermedad y su tratamiento. Una verdadera invasi\u00f3n farmac\u00e9utica pretende convencernos de que no hay salud fuera de los procedimientos de la clase m\u00e9dica profesional. Un nuevo lenguaje, elaborado en las altas esferas sociales, impregna entonces la sociedad, reduciendo lo que constituye un punto esencial de la salud de cada invididuo: su autonom\u00eda personal.  Iv\u00e1n Illich define la medicina actual como el monopolio radical de los expertos: tecn\u00f3cratas como los que m\u00e1s, desde los ministros de salud y los gerifaltes de las multinacionales farmac\u00e9uticas y biotecnol\u00f3gicas, pasando por parte del personal de cl\u00ednicas y hospitales (como los m\u00e9dicos comprados por los visitadores de las farmac\u00e9uticas, sin pensamiento cr\u00edtico o sin vocaci\u00f3n). Illich aborda tambi\u00e9n temas como al diagn\u00f3stico y el estigma. Y analiza, desde la antropolog\u00eda social, c\u00f3mo percibimos y significamos el dolor o la muerte en nuestra cultura.  En el momento actual de pandemia decretada es m\u00e1s necesario que nunca recuperar las reflexiones de un pensador de la altura de Iv\u00e1n Illich. Esta nueva edici\u00f3n de N\u00e9mesis m\u00e9dica incluye una nueva introducci\u00f3n, un texto del autor reflexionando sobre el libro, y otros art\u00edculos; adem\u00e1s de un cap\u00edtulo de David Cayley, su principal disc\u00edpulo, sobre la pandemia del coronavirus. La medicina actual ha degenerado, quiere ser due\u00f1a de toda nuestra vida: su ideal es la prevenci\u00f3n absoluta, totalitaria; encomendar\u00e1 ilusamente a la gen\u00e9tica el crear un cuerpo mudo: pura fuerza de trabajo y de consumo, aun sabiendo que el precio de destruir la capacidad curativa innata es la enfermedad degenerativa (medicalizaci\u00f3n permanente: crear un enfermo incurable).<\/p>\n","protected":false},"excerpt":{"rendered":"<p><strong>Ivan Illich<\/strong><br \/>\n202106230013 &#8211; Irrecuperables &#8211; 2021 &#8211; 410 p\u00e1ginas \/orri.<\/p>\n","protected":false},"featured_media":7912,"template":"","meta":[],"product_brand":[],"product_cat":[16,182],"product_tag":[2960,4409],"class_list":{"0":"post-7863","1":"product","2":"type-product","3":"status-publish","4":"has-post-thumbnail","6":"product_cat-libros","7":"product_cat-osasuna-salud","8":"product_tag-irrecuperables","9":"product_tag-ivan-illich","11":"first","12":"instock","13":"sold-individually","14":"shipping-taxable","15":"purchasable","16":"product-type-simple"},"yoast_head":"<!-- This site is optimized with the Yoast SEO plugin v27.3 - https:\/\/yoast.com\/product\/yoast-seo-wordpress\/ -->\n<title>N\u00e9mesis m\u00e9dica. La expropiaci\u00f3n de la salud y otros escritos &#8212; Zapateneo<\/title>\n<meta name=\"robots\" content=\"index, follow, max-snippet:-1, max-image-preview:large, max-video-preview:-1\" \/>\n<link rel=\"canonical\" href=\"https:\/\/zapateneo.net\/wordpress\/index.php\/producto\/nemesis-medica-la-expropiacion-de-la-salud-y-otros-escritos\/\" \/>\n<meta property=\"og:locale\" content=\"es_ES\" \/>\n<meta property=\"og:type\" content=\"article\" \/>\n<meta property=\"og:title\" content=\"N\u00e9mesis m\u00e9dica. La expropiaci\u00f3n de la salud y otros escritos &#8212; Zapateneo\" \/>\n<meta property=\"og:description\" content=\"Ivan Illich 202106230013 - Irrecuperables - 2021 - 410 p\u00e1ginas \/orri.\" \/>\n<meta property=\"og:url\" content=\"https:\/\/zapateneo.net\/wordpress\/index.php\/producto\/nemesis-medica-la-expropiacion-de-la-salud-y-otros-escritos\/\" \/>\n<meta property=\"og:site_name\" content=\"Zapateneo\" \/>\n<meta property=\"article:modified_time\" content=\"2021-09-15T19:12:13+00:00\" \/>\n<meta property=\"og:image\" content=\"https:\/\/zapateneo.net\/wordpress\/wp-content\/uploads\/2021\/09\/nemesis-medica.png\" \/>\n\t<meta property=\"og:image:width\" content=\"278\" \/>\n\t<meta property=\"og:image:height\" content=\"400\" \/>\n\t<meta property=\"og:image:type\" content=\"image\/png\" \/>\n<meta name=\"twitter:card\" content=\"summary_large_image\" \/>\n<meta name=\"twitter:site\" content=\"@zapateneo\" \/>\n<meta name=\"twitter:label1\" content=\"Tiempo de lectura\" \/>\n\t<meta name=\"twitter:data1\" content=\"2 minutos\" \/>\n<script type=\"application\/ld+json\" class=\"yoast-schema-graph\">{\"@context\":\"https:\\\/\\\/schema.org\",\"@graph\":[{\"@type\":\"WebPage\",\"@id\":\"https:\\\/\\\/zapateneo.net\\\/wordpress\\\/index.php\\\/producto\\\/nemesis-medica-la-expropiacion-de-la-salud-y-otros-escritos\\\/\",\"url\":\"https:\\\/\\\/zapateneo.net\\\/wordpress\\\/index.php\\\/producto\\\/nemesis-medica-la-expropiacion-de-la-salud-y-otros-escritos\\\/\",\"name\":\"N\u00e9mesis m\u00e9dica. La expropiaci\u00f3n de la salud y otros escritos &#8212; Zapateneo\",\"isPartOf\":{\"@id\":\"https:\\\/\\\/zapateneo.net\\\/wordpress\\\/#website\"},\"primaryImageOfPage\":{\"@id\":\"https:\\\/\\\/zapateneo.net\\\/wordpress\\\/index.php\\\/producto\\\/nemesis-medica-la-expropiacion-de-la-salud-y-otros-escritos\\\/#primaryimage\"},\"image\":{\"@id\":\"https:\\\/\\\/zapateneo.net\\\/wordpress\\\/index.php\\\/producto\\\/nemesis-medica-la-expropiacion-de-la-salud-y-otros-escritos\\\/#primaryimage\"},\"thumbnailUrl\":\"https:\\\/\\\/zapateneo.net\\\/wordpress\\\/wp-content\\\/uploads\\\/2021\\\/09\\\/nemesis-medica.png\",\"datePublished\":\"2021-09-15T19:05:42+00:00\",\"dateModified\":\"2021-09-15T19:12:13+00:00\",\"breadcrumb\":{\"@id\":\"https:\\\/\\\/zapateneo.net\\\/wordpress\\\/index.php\\\/producto\\\/nemesis-medica-la-expropiacion-de-la-salud-y-otros-escritos\\\/#breadcrumb\"},\"inLanguage\":\"es\",\"potentialAction\":[{\"@type\":\"ReadAction\",\"target\":[\"https:\\\/\\\/zapateneo.net\\\/wordpress\\\/index.php\\\/producto\\\/nemesis-medica-la-expropiacion-de-la-salud-y-otros-escritos\\\/\"]}]},{\"@type\":\"ImageObject\",\"inLanguage\":\"es\",\"@id\":\"https:\\\/\\\/zapateneo.net\\\/wordpress\\\/index.php\\\/producto\\\/nemesis-medica-la-expropiacion-de-la-salud-y-otros-escritos\\\/#primaryimage\",\"url\":\"https:\\\/\\\/zapateneo.net\\\/wordpress\\\/wp-content\\\/uploads\\\/2021\\\/09\\\/nemesis-medica.png\",\"contentUrl\":\"https:\\\/\\\/zapateneo.net\\\/wordpress\\\/wp-content\\\/uploads\\\/2021\\\/09\\\/nemesis-medica.png\",\"width\":278,\"height\":400},{\"@type\":\"BreadcrumbList\",\"@id\":\"https:\\\/\\\/zapateneo.net\\\/wordpress\\\/index.php\\\/producto\\\/nemesis-medica-la-expropiacion-de-la-salud-y-otros-escritos\\\/#breadcrumb\",\"itemListElement\":[{\"@type\":\"ListItem\",\"position\":1,\"name\":\"Portada\",\"item\":\"https:\\\/\\\/zapateneo.net\\\/wordpress\\\/\"},{\"@type\":\"ListItem\",\"position\":2,\"name\":\"Tienda\",\"item\":\"https:\\\/\\\/zapateneo.net\\\/wordpress\\\/\"},{\"@type\":\"ListItem\",\"position\":3,\"name\":\"N\u00e9mesis m\u00e9dica. La expropiaci\u00f3n de la salud y otros escritos\"}]},{\"@type\":\"WebSite\",\"@id\":\"https:\\\/\\\/zapateneo.net\\\/wordpress\\\/#website\",\"url\":\"https:\\\/\\\/zapateneo.net\\\/wordpress\\\/\",\"name\":\"Zapateneo\",\"description\":\"Zapateneoaren webgunea\",\"publisher\":{\"@id\":\"https:\\\/\\\/zapateneo.net\\\/wordpress\\\/#organization\"},\"potentialAction\":[{\"@type\":\"SearchAction\",\"target\":{\"@type\":\"EntryPoint\",\"urlTemplate\":\"https:\\\/\\\/zapateneo.net\\\/wordpress\\\/?s={search_term_string}\"},\"query-input\":{\"@type\":\"PropertyValueSpecification\",\"valueRequired\":true,\"valueName\":\"search_term_string\"}}],\"inLanguage\":\"es\"},{\"@type\":\"Organization\",\"@id\":\"https:\\\/\\\/zapateneo.net\\\/wordpress\\\/#organization\",\"name\":\"Zapateneo Kultur Elkartea\",\"url\":\"https:\\\/\\\/zapateneo.net\\\/wordpress\\\/\",\"logo\":{\"@type\":\"ImageObject\",\"inLanguage\":\"es\",\"@id\":\"https:\\\/\\\/zapateneo.net\\\/wordpress\\\/#\\\/schema\\\/logo\\\/image\\\/\",\"url\":\"https:\\\/\\\/zapateneo.net\\\/wordpress\\\/wp-content\\\/uploads\\\/2021\\\/04\\\/zap-libu-kolec.jpg\",\"contentUrl\":\"https:\\\/\\\/zapateneo.net\\\/wordpress\\\/wp-content\\\/uploads\\\/2021\\\/04\\\/zap-libu-kolec.jpg\",\"width\":2234,\"height\":398,\"caption\":\"Zapateneo Kultur Elkartea\"},\"image\":{\"@id\":\"https:\\\/\\\/zapateneo.net\\\/wordpress\\\/#\\\/schema\\\/logo\\\/image\\\/\"},\"sameAs\":[\"https:\\\/\\\/x.com\\\/zapateneo\"]}]}<\/script>\n<!-- \/ Yoast SEO plugin. -->","yoast_head_json":{"title":"N\u00e9mesis m\u00e9dica. La expropiaci\u00f3n de la salud y otros escritos &#8212; Zapateneo","robots":{"index":"index","follow":"follow","max-snippet":"max-snippet:-1","max-image-preview":"max-image-preview:large","max-video-preview":"max-video-preview:-1"},"canonical":"https:\/\/zapateneo.net\/wordpress\/index.php\/producto\/nemesis-medica-la-expropiacion-de-la-salud-y-otros-escritos\/","og_locale":"es_ES","og_type":"article","og_title":"N\u00e9mesis m\u00e9dica. La expropiaci\u00f3n de la salud y otros escritos &#8212; Zapateneo","og_description":"Ivan Illich 202106230013 - Irrecuperables - 2021 - 410 p\u00e1ginas \/orri.","og_url":"https:\/\/zapateneo.net\/wordpress\/index.php\/producto\/nemesis-medica-la-expropiacion-de-la-salud-y-otros-escritos\/","og_site_name":"Zapateneo","article_modified_time":"2021-09-15T19:12:13+00:00","og_image":[{"width":278,"height":400,"url":"https:\/\/zapateneo.net\/wordpress\/wp-content\/uploads\/2021\/09\/nemesis-medica.png","type":"image\/png"}],"twitter_card":"summary_large_image","twitter_site":"@zapateneo","twitter_misc":{"Tiempo de lectura":"2 minutos"},"schema":{"@context":"https:\/\/schema.org","@graph":[{"@type":"WebPage","@id":"https:\/\/zapateneo.net\/wordpress\/index.php\/producto\/nemesis-medica-la-expropiacion-de-la-salud-y-otros-escritos\/","url":"https:\/\/zapateneo.net\/wordpress\/index.php\/producto\/nemesis-medica-la-expropiacion-de-la-salud-y-otros-escritos\/","name":"N\u00e9mesis m\u00e9dica. La expropiaci\u00f3n de la salud y otros escritos &#8212; Zapateneo","isPartOf":{"@id":"https:\/\/zapateneo.net\/wordpress\/#website"},"primaryImageOfPage":{"@id":"https:\/\/zapateneo.net\/wordpress\/index.php\/producto\/nemesis-medica-la-expropiacion-de-la-salud-y-otros-escritos\/#primaryimage"},"image":{"@id":"https:\/\/zapateneo.net\/wordpress\/index.php\/producto\/nemesis-medica-la-expropiacion-de-la-salud-y-otros-escritos\/#primaryimage"},"thumbnailUrl":"https:\/\/zapateneo.net\/wordpress\/wp-content\/uploads\/2021\/09\/nemesis-medica.png","datePublished":"2021-09-15T19:05:42+00:00","dateModified":"2021-09-15T19:12:13+00:00","breadcrumb":{"@id":"https:\/\/zapateneo.net\/wordpress\/index.php\/producto\/nemesis-medica-la-expropiacion-de-la-salud-y-otros-escritos\/#breadcrumb"},"inLanguage":"es","potentialAction":[{"@type":"ReadAction","target":["https:\/\/zapateneo.net\/wordpress\/index.php\/producto\/nemesis-medica-la-expropiacion-de-la-salud-y-otros-escritos\/"]}]},{"@type":"ImageObject","inLanguage":"es","@id":"https:\/\/zapateneo.net\/wordpress\/index.php\/producto\/nemesis-medica-la-expropiacion-de-la-salud-y-otros-escritos\/#primaryimage","url":"https:\/\/zapateneo.net\/wordpress\/wp-content\/uploads\/2021\/09\/nemesis-medica.png","contentUrl":"https:\/\/zapateneo.net\/wordpress\/wp-content\/uploads\/2021\/09\/nemesis-medica.png","width":278,"height":400},{"@type":"BreadcrumbList","@id":"https:\/\/zapateneo.net\/wordpress\/index.php\/producto\/nemesis-medica-la-expropiacion-de-la-salud-y-otros-escritos\/#breadcrumb","itemListElement":[{"@type":"ListItem","position":1,"name":"Portada","item":"https:\/\/zapateneo.net\/wordpress\/"},{"@type":"ListItem","position":2,"name":"Tienda","item":"https:\/\/zapateneo.net\/wordpress\/"},{"@type":"ListItem","position":3,"name":"N\u00e9mesis m\u00e9dica. La expropiaci\u00f3n de la salud y otros escritos"}]},{"@type":"WebSite","@id":"https:\/\/zapateneo.net\/wordpress\/#website","url":"https:\/\/zapateneo.net\/wordpress\/","name":"Zapateneo","description":"Zapateneoaren webgunea","publisher":{"@id":"https:\/\/zapateneo.net\/wordpress\/#organization"},"potentialAction":[{"@type":"SearchAction","target":{"@type":"EntryPoint","urlTemplate":"https:\/\/zapateneo.net\/wordpress\/?s={search_term_string}"},"query-input":{"@type":"PropertyValueSpecification","valueRequired":true,"valueName":"search_term_string"}}],"inLanguage":"es"},{"@type":"Organization","@id":"https:\/\/zapateneo.net\/wordpress\/#organization","name":"Zapateneo Kultur Elkartea","url":"https:\/\/zapateneo.net\/wordpress\/","logo":{"@type":"ImageObject","inLanguage":"es","@id":"https:\/\/zapateneo.net\/wordpress\/#\/schema\/logo\/image\/","url":"https:\/\/zapateneo.net\/wordpress\/wp-content\/uploads\/2021\/04\/zap-libu-kolec.jpg","contentUrl":"https:\/\/zapateneo.net\/wordpress\/wp-content\/uploads\/2021\/04\/zap-libu-kolec.jpg","width":2234,"height":398,"caption":"Zapateneo Kultur Elkartea"},"image":{"@id":"https:\/\/zapateneo.net\/wordpress\/#\/schema\/logo\/image\/"},"sameAs":["https:\/\/x.com\/zapateneo"]}]}},"_links":{"self":[{"href":"https:\/\/zapateneo.net\/wordpress\/index.php\/wp-json\/wp\/v2\/product\/7863","targetHints":{"allow":["GET"]}}],"collection":[{"href":"https:\/\/zapateneo.net\/wordpress\/index.php\/wp-json\/wp\/v2\/product"}],"about":[{"href":"https:\/\/zapateneo.net\/wordpress\/index.php\/wp-json\/wp\/v2\/types\/product"}],"wp:featuredmedia":[{"embeddable":true,"href":"https:\/\/zapateneo.net\/wordpress\/index.php\/wp-json\/wp\/v2\/media\/7912"}],"wp:attachment":[{"href":"https:\/\/zapateneo.net\/wordpress\/index.php\/wp-json\/wp\/v2\/media?parent=7863"}],"wp:term":[{"taxonomy":"product_brand","embeddable":true,"href":"https:\/\/zapateneo.net\/wordpress\/index.php\/wp-json\/wp\/v2\/product_brand?post=7863"},{"taxonomy":"product_cat","embeddable":true,"href":"https:\/\/zapateneo.net\/wordpress\/index.php\/wp-json\/wp\/v2\/product_cat?post=7863"},{"taxonomy":"product_tag","embeddable":true,"href":"https:\/\/zapateneo.net\/wordpress\/index.php\/wp-json\/wp\/v2\/product_tag?post=7863"}],"curies":[{"name":"wp","href":"https:\/\/api.w.org\/{rel}","templated":true}]}}