{"id":7849,"date":"2021-09-15T20:04:00","date_gmt":"2021-09-15T19:04:00","guid":{"rendered":"https:\/\/zapateneo.net\/wordpress\/?post_type=product&#038;p=7849"},"modified":"2021-09-15T20:10:44","modified_gmt":"2021-09-15T19:10:44","slug":"antisocial-la-extrema-derecha-y-la-libertad-de-expresion-en-internet","status":"publish","type":"product","link":"https:\/\/zapateneo.net\/wordpress\/index.php\/producto\/antisocial-la-extrema-derecha-y-la-libertad-de-expresion-en-internet\/","title":{"rendered":"Antisocial, la extrema derecha y la libertad de expresi\u00f3n en internet"},"content":{"rendered":"<p>Una cr\u00f3nica profundamente inmersiva de c\u00f3mo los empresarios de Silicon Valley se propusieron crear un Internet libre y democr\u00e1tico y c\u00f3mo los c\u00ednicos propagandistas de la extrema derecha explotaron esa libertad para impulsar estos extremismos en la masa social.<\/p>\n<p>Marantz explora dos mundos: el de los emprendedores de las redes sociales, que con ingenuidad y una imprudente ambici\u00f3n, cambiaron los medios tradicionales de recibir y transmitir informaci\u00f3n; y el de \u00ablos intrusos\u00bb: conspiradores, supremacistas blancos y trolls nihilistas, que se han hecho expertos en el uso de redes sociales para promover su corrosiva agenda.<\/p>\n<p>andrew-marantz-9788412281705<\/p>\n<p>Andrew Marantz. Redactor de la revista The New Yorker desde 2017, ha colaborado en ella desde 2011, escribiendo sobre tecnolog\u00eda, redes sociales, extrema derecha y prensa, as\u00ed como sobre comedia y cultura pop. Divide su tiempo entre la redacci\u00f3n de art\u00edculos que abordan temas como el purismo del hip-hop y el s\u00edndrome de Truman, y la edici\u00f3n de otras historias sobre clubes nocturnos de Las Vegas o se\u00f1ores de la guerra libaneses. El inter\u00e9s principal de Marantz no radica en ning\u00fan tema en particular, sino en c\u00f3mo las personas forman creencias y en qu\u00e9 circunstancias esas creencias pueden cambiar para mejor.<\/p>\n<p>Marantz tambi\u00e9n es colaborador de Radiolab y The New Yorker Radio Hour, y ha escrito para Harper\u2019s, Mother Jones, The New York Times y muchos otros medios. Desde 2016, ha estado trabajando en su libro Antisocial sobre los peligros de la viralidad, el mito del progreso lineal y la extrema derecha estadounidense. Para documentarse, pas\u00f3 varios a\u00f1os infiltrado en algunos grupos de conspiradores, supremacistas blancos y troles de internet. En el proceso, pudo comprobar c\u00f3mo algunos de los fundadores m\u00e1s tempranos e influyentes de las redes sociales comienzan ahora a ser conscientes de la fuerza que hab\u00edan desatado. Marantz tiene una licenciatura en Religi\u00f3n de la Universidad de Brown y un m\u00e1ster en No Ficci\u00f3n Literaria de la Universidad de Nueva York.<\/p>\n","protected":false},"excerpt":{"rendered":"<p><strong>Marantz, Andrew<\/strong><br \/>\n9788412281712 &#8211; Capitan Swing &#8211; 2021 &#8211; 536 p\u00e1ginas \/orri.<\/p>\n","protected":false},"featured_media":7898,"template":"","meta":[],"product_brand":[],"product_cat":[184,16],"product_tag":[102,4401],"class_list":{"0":"post-7849","1":"product","2":"type-product","3":"status-publish","4":"has-post-thumbnail","6":"product_cat-komunikazioa-comunicacion","7":"product_cat-libros","8":"product_tag-capitan-swing","9":"product_tag-marantz","11":"first","12":"instock","13":"sold-individually","14":"shipping-taxable","15":"purchasable","16":"product-type-simple"},"yoast_head":"<!-- This site is optimized with the Yoast SEO plugin v27.3 - https:\/\/yoast.com\/product\/yoast-seo-wordpress\/ -->\n<title>Antisocial, la extrema derecha y la libertad de expresi\u00f3n en internet &#8212; Zapateneo<\/title>\n<meta name=\"robots\" content=\"index, follow, max-snippet:-1, max-image-preview:large, max-video-preview:-1\" \/>\n<link rel=\"canonical\" href=\"https:\/\/zapateneo.net\/wordpress\/index.php\/producto\/antisocial-la-extrema-derecha-y-la-libertad-de-expresion-en-internet\/\" \/>\n<meta property=\"og:locale\" content=\"es_ES\" \/>\n<meta property=\"og:type\" content=\"article\" \/>\n<meta property=\"og:title\" content=\"Antisocial, la extrema derecha y la libertad de expresi\u00f3n en internet &#8212; Zapateneo\" \/>\n<meta property=\"og:description\" content=\"Marantz, Andrew 9788412281712 - Capitan Swing - 2021 - 536 p\u00e1ginas \/orri.\" \/>\n<meta property=\"og:url\" content=\"https:\/\/zapateneo.net\/wordpress\/index.php\/producto\/antisocial-la-extrema-derecha-y-la-libertad-de-expresion-en-internet\/\" \/>\n<meta property=\"og:site_name\" content=\"Zapateneo\" \/>\n<meta property=\"article:modified_time\" content=\"2021-09-15T19:10:44+00:00\" \/>\n<meta property=\"og:image\" content=\"https:\/\/zapateneo.net\/wordpress\/wp-content\/uploads\/2021\/09\/9788412281712.jpg\" \/>\n\t<meta property=\"og:image:width\" content=\"160\" \/>\n\t<meta property=\"og:image:height\" content=\"250\" \/>\n\t<meta property=\"og:image:type\" content=\"image\/jpeg\" \/>\n<meta name=\"twitter:card\" content=\"summary_large_image\" \/>\n<meta name=\"twitter:site\" content=\"@zapateneo\" \/>\n<meta name=\"twitter:label1\" content=\"Tiempo de lectura\" \/>\n\t<meta name=\"twitter:data1\" content=\"2 minutos\" \/>\n<script type=\"application\/ld+json\" class=\"yoast-schema-graph\">{\"@context\":\"https:\\\/\\\/schema.org\",\"@graph\":[{\"@type\":\"WebPage\",\"@id\":\"https:\\\/\\\/zapateneo.net\\\/wordpress\\\/index.php\\\/producto\\\/antisocial-la-extrema-derecha-y-la-libertad-de-expresion-en-internet\\\/\",\"url\":\"https:\\\/\\\/zapateneo.net\\\/wordpress\\\/index.php\\\/producto\\\/antisocial-la-extrema-derecha-y-la-libertad-de-expresion-en-internet\\\/\",\"name\":\"Antisocial, la extrema derecha y la libertad de expresi\u00f3n en internet &#8212; Zapateneo\",\"isPartOf\":{\"@id\":\"https:\\\/\\\/zapateneo.net\\\/wordpress\\\/#website\"},\"primaryImageOfPage\":{\"@id\":\"https:\\\/\\\/zapateneo.net\\\/wordpress\\\/index.php\\\/producto\\\/antisocial-la-extrema-derecha-y-la-libertad-de-expresion-en-internet\\\/#primaryimage\"},\"image\":{\"@id\":\"https:\\\/\\\/zapateneo.net\\\/wordpress\\\/index.php\\\/producto\\\/antisocial-la-extrema-derecha-y-la-libertad-de-expresion-en-internet\\\/#primaryimage\"},\"thumbnailUrl\":\"https:\\\/\\\/zapateneo.net\\\/wordpress\\\/wp-content\\\/uploads\\\/2021\\\/09\\\/9788412281712.jpg\",\"datePublished\":\"2021-09-15T19:04:00+00:00\",\"dateModified\":\"2021-09-15T19:10:44+00:00\",\"breadcrumb\":{\"@id\":\"https:\\\/\\\/zapateneo.net\\\/wordpress\\\/index.php\\\/producto\\\/antisocial-la-extrema-derecha-y-la-libertad-de-expresion-en-internet\\\/#breadcrumb\"},\"inLanguage\":\"es\",\"potentialAction\":[{\"@type\":\"ReadAction\",\"target\":[\"https:\\\/\\\/zapateneo.net\\\/wordpress\\\/index.php\\\/producto\\\/antisocial-la-extrema-derecha-y-la-libertad-de-expresion-en-internet\\\/\"]}]},{\"@type\":\"ImageObject\",\"inLanguage\":\"es\",\"@id\":\"https:\\\/\\\/zapateneo.net\\\/wordpress\\\/index.php\\\/producto\\\/antisocial-la-extrema-derecha-y-la-libertad-de-expresion-en-internet\\\/#primaryimage\",\"url\":\"https:\\\/\\\/zapateneo.net\\\/wordpress\\\/wp-content\\\/uploads\\\/2021\\\/09\\\/9788412281712.jpg\",\"contentUrl\":\"https:\\\/\\\/zapateneo.net\\\/wordpress\\\/wp-content\\\/uploads\\\/2021\\\/09\\\/9788412281712.jpg\",\"width\":160,\"height\":250},{\"@type\":\"BreadcrumbList\",\"@id\":\"https:\\\/\\\/zapateneo.net\\\/wordpress\\\/index.php\\\/producto\\\/antisocial-la-extrema-derecha-y-la-libertad-de-expresion-en-internet\\\/#breadcrumb\",\"itemListElement\":[{\"@type\":\"ListItem\",\"position\":1,\"name\":\"Portada\",\"item\":\"https:\\\/\\\/zapateneo.net\\\/wordpress\\\/\"},{\"@type\":\"ListItem\",\"position\":2,\"name\":\"Tienda\",\"item\":\"https:\\\/\\\/zapateneo.net\\\/wordpress\\\/\"},{\"@type\":\"ListItem\",\"position\":3,\"name\":\"Antisocial, la extrema derecha y la libertad de expresi\u00f3n en internet\"}]},{\"@type\":\"WebSite\",\"@id\":\"https:\\\/\\\/zapateneo.net\\\/wordpress\\\/#website\",\"url\":\"https:\\\/\\\/zapateneo.net\\\/wordpress\\\/\",\"name\":\"Zapateneo\",\"description\":\"Zapateneoaren webgunea\",\"publisher\":{\"@id\":\"https:\\\/\\\/zapateneo.net\\\/wordpress\\\/#organization\"},\"potentialAction\":[{\"@type\":\"SearchAction\",\"target\":{\"@type\":\"EntryPoint\",\"urlTemplate\":\"https:\\\/\\\/zapateneo.net\\\/wordpress\\\/?s={search_term_string}\"},\"query-input\":{\"@type\":\"PropertyValueSpecification\",\"valueRequired\":true,\"valueName\":\"search_term_string\"}}],\"inLanguage\":\"es\"},{\"@type\":\"Organization\",\"@id\":\"https:\\\/\\\/zapateneo.net\\\/wordpress\\\/#organization\",\"name\":\"Zapateneo Kultur Elkartea\",\"url\":\"https:\\\/\\\/zapateneo.net\\\/wordpress\\\/\",\"logo\":{\"@type\":\"ImageObject\",\"inLanguage\":\"es\",\"@id\":\"https:\\\/\\\/zapateneo.net\\\/wordpress\\\/#\\\/schema\\\/logo\\\/image\\\/\",\"url\":\"https:\\\/\\\/zapateneo.net\\\/wordpress\\\/wp-content\\\/uploads\\\/2021\\\/04\\\/zap-libu-kolec.jpg\",\"contentUrl\":\"https:\\\/\\\/zapateneo.net\\\/wordpress\\\/wp-content\\\/uploads\\\/2021\\\/04\\\/zap-libu-kolec.jpg\",\"width\":2234,\"height\":398,\"caption\":\"Zapateneo Kultur Elkartea\"},\"image\":{\"@id\":\"https:\\\/\\\/zapateneo.net\\\/wordpress\\\/#\\\/schema\\\/logo\\\/image\\\/\"},\"sameAs\":[\"https:\\\/\\\/x.com\\\/zapateneo\"]}]}<\/script>\n<!-- \/ Yoast SEO plugin. -->","yoast_head_json":{"title":"Antisocial, la extrema derecha y la libertad de expresi\u00f3n en internet &#8212; Zapateneo","robots":{"index":"index","follow":"follow","max-snippet":"max-snippet:-1","max-image-preview":"max-image-preview:large","max-video-preview":"max-video-preview:-1"},"canonical":"https:\/\/zapateneo.net\/wordpress\/index.php\/producto\/antisocial-la-extrema-derecha-y-la-libertad-de-expresion-en-internet\/","og_locale":"es_ES","og_type":"article","og_title":"Antisocial, la extrema derecha y la libertad de expresi\u00f3n en internet &#8212; Zapateneo","og_description":"Marantz, Andrew 9788412281712 - Capitan Swing - 2021 - 536 p\u00e1ginas \/orri.","og_url":"https:\/\/zapateneo.net\/wordpress\/index.php\/producto\/antisocial-la-extrema-derecha-y-la-libertad-de-expresion-en-internet\/","og_site_name":"Zapateneo","article_modified_time":"2021-09-15T19:10:44+00:00","og_image":[{"width":160,"height":250,"url":"https:\/\/zapateneo.net\/wordpress\/wp-content\/uploads\/2021\/09\/9788412281712.jpg","type":"image\/jpeg"}],"twitter_card":"summary_large_image","twitter_site":"@zapateneo","twitter_misc":{"Tiempo de lectura":"2 minutos"},"schema":{"@context":"https:\/\/schema.org","@graph":[{"@type":"WebPage","@id":"https:\/\/zapateneo.net\/wordpress\/index.php\/producto\/antisocial-la-extrema-derecha-y-la-libertad-de-expresion-en-internet\/","url":"https:\/\/zapateneo.net\/wordpress\/index.php\/producto\/antisocial-la-extrema-derecha-y-la-libertad-de-expresion-en-internet\/","name":"Antisocial, la extrema derecha y la libertad de expresi\u00f3n en internet &#8212; Zapateneo","isPartOf":{"@id":"https:\/\/zapateneo.net\/wordpress\/#website"},"primaryImageOfPage":{"@id":"https:\/\/zapateneo.net\/wordpress\/index.php\/producto\/antisocial-la-extrema-derecha-y-la-libertad-de-expresion-en-internet\/#primaryimage"},"image":{"@id":"https:\/\/zapateneo.net\/wordpress\/index.php\/producto\/antisocial-la-extrema-derecha-y-la-libertad-de-expresion-en-internet\/#primaryimage"},"thumbnailUrl":"https:\/\/zapateneo.net\/wordpress\/wp-content\/uploads\/2021\/09\/9788412281712.jpg","datePublished":"2021-09-15T19:04:00+00:00","dateModified":"2021-09-15T19:10:44+00:00","breadcrumb":{"@id":"https:\/\/zapateneo.net\/wordpress\/index.php\/producto\/antisocial-la-extrema-derecha-y-la-libertad-de-expresion-en-internet\/#breadcrumb"},"inLanguage":"es","potentialAction":[{"@type":"ReadAction","target":["https:\/\/zapateneo.net\/wordpress\/index.php\/producto\/antisocial-la-extrema-derecha-y-la-libertad-de-expresion-en-internet\/"]}]},{"@type":"ImageObject","inLanguage":"es","@id":"https:\/\/zapateneo.net\/wordpress\/index.php\/producto\/antisocial-la-extrema-derecha-y-la-libertad-de-expresion-en-internet\/#primaryimage","url":"https:\/\/zapateneo.net\/wordpress\/wp-content\/uploads\/2021\/09\/9788412281712.jpg","contentUrl":"https:\/\/zapateneo.net\/wordpress\/wp-content\/uploads\/2021\/09\/9788412281712.jpg","width":160,"height":250},{"@type":"BreadcrumbList","@id":"https:\/\/zapateneo.net\/wordpress\/index.php\/producto\/antisocial-la-extrema-derecha-y-la-libertad-de-expresion-en-internet\/#breadcrumb","itemListElement":[{"@type":"ListItem","position":1,"name":"Portada","item":"https:\/\/zapateneo.net\/wordpress\/"},{"@type":"ListItem","position":2,"name":"Tienda","item":"https:\/\/zapateneo.net\/wordpress\/"},{"@type":"ListItem","position":3,"name":"Antisocial, la extrema derecha y la libertad de expresi\u00f3n en internet"}]},{"@type":"WebSite","@id":"https:\/\/zapateneo.net\/wordpress\/#website","url":"https:\/\/zapateneo.net\/wordpress\/","name":"Zapateneo","description":"Zapateneoaren webgunea","publisher":{"@id":"https:\/\/zapateneo.net\/wordpress\/#organization"},"potentialAction":[{"@type":"SearchAction","target":{"@type":"EntryPoint","urlTemplate":"https:\/\/zapateneo.net\/wordpress\/?s={search_term_string}"},"query-input":{"@type":"PropertyValueSpecification","valueRequired":true,"valueName":"search_term_string"}}],"inLanguage":"es"},{"@type":"Organization","@id":"https:\/\/zapateneo.net\/wordpress\/#organization","name":"Zapateneo Kultur Elkartea","url":"https:\/\/zapateneo.net\/wordpress\/","logo":{"@type":"ImageObject","inLanguage":"es","@id":"https:\/\/zapateneo.net\/wordpress\/#\/schema\/logo\/image\/","url":"https:\/\/zapateneo.net\/wordpress\/wp-content\/uploads\/2021\/04\/zap-libu-kolec.jpg","contentUrl":"https:\/\/zapateneo.net\/wordpress\/wp-content\/uploads\/2021\/04\/zap-libu-kolec.jpg","width":2234,"height":398,"caption":"Zapateneo Kultur Elkartea"},"image":{"@id":"https:\/\/zapateneo.net\/wordpress\/#\/schema\/logo\/image\/"},"sameAs":["https:\/\/x.com\/zapateneo"]}]}},"_links":{"self":[{"href":"https:\/\/zapateneo.net\/wordpress\/index.php\/wp-json\/wp\/v2\/product\/7849","targetHints":{"allow":["GET"]}}],"collection":[{"href":"https:\/\/zapateneo.net\/wordpress\/index.php\/wp-json\/wp\/v2\/product"}],"about":[{"href":"https:\/\/zapateneo.net\/wordpress\/index.php\/wp-json\/wp\/v2\/types\/product"}],"wp:featuredmedia":[{"embeddable":true,"href":"https:\/\/zapateneo.net\/wordpress\/index.php\/wp-json\/wp\/v2\/media\/7898"}],"wp:attachment":[{"href":"https:\/\/zapateneo.net\/wordpress\/index.php\/wp-json\/wp\/v2\/media?parent=7849"}],"wp:term":[{"taxonomy":"product_brand","embeddable":true,"href":"https:\/\/zapateneo.net\/wordpress\/index.php\/wp-json\/wp\/v2\/product_brand?post=7849"},{"taxonomy":"product_cat","embeddable":true,"href":"https:\/\/zapateneo.net\/wordpress\/index.php\/wp-json\/wp\/v2\/product_cat?post=7849"},{"taxonomy":"product_tag","embeddable":true,"href":"https:\/\/zapateneo.net\/wordpress\/index.php\/wp-json\/wp\/v2\/product_tag?post=7849"}],"curies":[{"name":"wp","href":"https:\/\/api.w.org\/{rel}","templated":true}]}}