{"id":7847,"date":"2021-09-15T20:03:49","date_gmt":"2021-09-15T19:03:49","guid":{"rendered":"https:\/\/zapateneo.net\/wordpress\/?post_type=product&#038;p=7847"},"modified":"2021-09-15T20:10:26","modified_gmt":"2021-09-15T19:10:26","slug":"te-puedo-tocar-el-pelo-de-la-negacion-al-exotismo-experiencias","status":"publish","type":"product","link":"https:\/\/zapateneo.net\/wordpress\/index.php\/producto\/te-puedo-tocar-el-pelo-de-la-negacion-al-exotismo-experiencias\/","title":{"rendered":"\u00bfTe puedo tocar el pelo? De la negaci\u00f3n al exotismo: Experiencias"},"content":{"rendered":"<p>\u00bfPuedo tocarte el pelo? Es una pregunta que de primeras no deber\u00eda generar mayor controversia y que lo normal es interpretarla como una pregunta inocente, pero resulta que para las personas negras que llevan su pelo afro natural no es as\u00ed. Y es precisamente de lo que nos habla este libro.<\/p>\n<p>La idea es acercarnos a las experiencias de diferentes personas de realidades diversas pero que todas tienen en com\u00fan que llevan su pelo afro natural. Para poder entender bien los aportes de cada una de las personas que colaboraron en este proyecto, fue necesario realizar un trabajo previo de investigaci\u00f3n plasmado en el libro sobre la importancia hist\u00f3rica, pol\u00edtica, econ\u00f3mica y social del pelo y c\u00f3mo este se ha ido construyendo en un elemento pol\u00edtico para parte de la comunidad afrodescendiente y africana.<\/p>\n<p>Con una perspectiva hist\u00f3rica de la importancia del pelo tanto en sociedades africanas como en poblaciones afrodescendientes esclavizadas en Am\u00e9rica durante los siglos de la trata y posterior, se ha podido evidenciar que el pelo ha sido m\u00e1s que un mero objeto est\u00e9tico sino tambi\u00e9n una herramienta de lucha en Am\u00e9rica e incluso de estatus en diferentes sociedades del periodo precolonial en \u00c1frica. As\u00ed mismo, el pelo fue utilizado, y lo sigue siendo, como parte del cuerpo colonizado, sobre todo de la mujer, siendo en este caso un instrumento de sometimiento hacia la mujer negra a la que no se le permit\u00eda en ocasiones mostrar su pelo y en otras en las que no era bien visto que lo llevara de forma natural.<\/p>\n<p>De esta forma encontramos en la actualidad que el legado de unos c\u00e1nones de belleza blancos occidentales y hegem\u00f3nicos determinados por el racismo en gran parte del mundo siguen estableciendo que el pelo rizado de la poblaci\u00f3n afrodescendiente no est\u00e1 bien visto y se le acompa\u00f1a de connotaciones negativas. Esto tiene un efecto que condiciona en el acceso a recursos y derechos, as\u00ed como en la propia construcci\u00f3n de las identidades ya sea adoptando y aceptando estos c\u00e1nones o por el contrario enfrent\u00e1ndolos.<\/p>\n","protected":false},"excerpt":{"rendered":"<p><strong>Romero L\u00f3pez, Laura<\/strong><br \/>\n9788417150891 &#8211; Wan\u00e1frica &#8211; 2021 &#8211; 208 p\u00e1ginas \/orri.<\/p>\n","protected":false},"featured_media":7896,"template":"","meta":[],"product_brand":[],"product_cat":[185,16],"product_tag":[4397,4398],"class_list":{"0":"post-7847","1":"product","2":"type-product","3":"status-publish","4":"has-post-thumbnail","6":"product_cat-historia","7":"product_cat-libros","8":"product_tag-romero-lopez","9":"product_tag-wanafrica","10":"product_shipping_class-imoprtacion","12":"first","13":"instock","14":"sold-individually","15":"shipping-taxable","16":"purchasable","17":"product-type-simple"},"yoast_head":"<!-- This site is optimized with the Yoast SEO plugin v27.4 - https:\/\/yoast.com\/product\/yoast-seo-wordpress\/ -->\n<title>\u00bfTe puedo tocar el pelo? De la negaci\u00f3n al exotismo: Experiencias &#8212; Zapateneo<\/title>\n<meta name=\"robots\" content=\"index, follow, max-snippet:-1, max-image-preview:large, max-video-preview:-1\" \/>\n<link rel=\"canonical\" href=\"https:\/\/zapateneo.net\/wordpress\/index.php\/producto\/te-puedo-tocar-el-pelo-de-la-negacion-al-exotismo-experiencias\/\" \/>\n<meta property=\"og:locale\" content=\"es_ES\" \/>\n<meta property=\"og:type\" content=\"article\" \/>\n<meta property=\"og:title\" content=\"\u00bfTe puedo tocar el pelo? De la negaci\u00f3n al exotismo: Experiencias &#8212; Zapateneo\" \/>\n<meta property=\"og:description\" content=\"Romero L\u00f3pez, Laura 9788417150891 - Wan\u00e1frica - 2021 - 208 p\u00e1ginas \/orri.\" \/>\n<meta property=\"og:url\" content=\"https:\/\/zapateneo.net\/wordpress\/index.php\/producto\/te-puedo-tocar-el-pelo-de-la-negacion-al-exotismo-experiencias\/\" \/>\n<meta property=\"og:site_name\" content=\"Zapateneo\" \/>\n<meta property=\"article:modified_time\" content=\"2021-09-15T19:10:26+00:00\" \/>\n<meta property=\"og:image\" content=\"https:\/\/zapateneo.net\/wordpress\/wp-content\/uploads\/2021\/09\/9788417150891.jpg\" \/>\n\t<meta property=\"og:image:width\" content=\"160\" \/>\n\t<meta property=\"og:image:height\" content=\"247\" \/>\n\t<meta property=\"og:image:type\" content=\"image\/jpeg\" \/>\n<meta name=\"twitter:card\" content=\"summary_large_image\" \/>\n<meta name=\"twitter:site\" content=\"@zapateneo\" \/>\n<meta name=\"twitter:label1\" content=\"Tiempo de lectura\" \/>\n\t<meta name=\"twitter:data1\" content=\"2 minutos\" \/>\n<script type=\"application\/ld+json\" class=\"yoast-schema-graph\">{\"@context\":\"https:\\\/\\\/schema.org\",\"@graph\":[{\"@type\":\"WebPage\",\"@id\":\"https:\\\/\\\/zapateneo.net\\\/wordpress\\\/index.php\\\/producto\\\/te-puedo-tocar-el-pelo-de-la-negacion-al-exotismo-experiencias\\\/\",\"url\":\"https:\\\/\\\/zapateneo.net\\\/wordpress\\\/index.php\\\/producto\\\/te-puedo-tocar-el-pelo-de-la-negacion-al-exotismo-experiencias\\\/\",\"name\":\"\u00bfTe puedo tocar el pelo? De la negaci\u00f3n al exotismo: Experiencias &#8212; Zapateneo\",\"isPartOf\":{\"@id\":\"https:\\\/\\\/zapateneo.net\\\/wordpress\\\/#website\"},\"primaryImageOfPage\":{\"@id\":\"https:\\\/\\\/zapateneo.net\\\/wordpress\\\/index.php\\\/producto\\\/te-puedo-tocar-el-pelo-de-la-negacion-al-exotismo-experiencias\\\/#primaryimage\"},\"image\":{\"@id\":\"https:\\\/\\\/zapateneo.net\\\/wordpress\\\/index.php\\\/producto\\\/te-puedo-tocar-el-pelo-de-la-negacion-al-exotismo-experiencias\\\/#primaryimage\"},\"thumbnailUrl\":\"https:\\\/\\\/zapateneo.net\\\/wordpress\\\/wp-content\\\/uploads\\\/2021\\\/09\\\/9788417150891.jpg\",\"datePublished\":\"2021-09-15T19:03:49+00:00\",\"dateModified\":\"2021-09-15T19:10:26+00:00\",\"breadcrumb\":{\"@id\":\"https:\\\/\\\/zapateneo.net\\\/wordpress\\\/index.php\\\/producto\\\/te-puedo-tocar-el-pelo-de-la-negacion-al-exotismo-experiencias\\\/#breadcrumb\"},\"inLanguage\":\"es\",\"potentialAction\":[{\"@type\":\"ReadAction\",\"target\":[\"https:\\\/\\\/zapateneo.net\\\/wordpress\\\/index.php\\\/producto\\\/te-puedo-tocar-el-pelo-de-la-negacion-al-exotismo-experiencias\\\/\"]}]},{\"@type\":\"ImageObject\",\"inLanguage\":\"es\",\"@id\":\"https:\\\/\\\/zapateneo.net\\\/wordpress\\\/index.php\\\/producto\\\/te-puedo-tocar-el-pelo-de-la-negacion-al-exotismo-experiencias\\\/#primaryimage\",\"url\":\"https:\\\/\\\/zapateneo.net\\\/wordpress\\\/wp-content\\\/uploads\\\/2021\\\/09\\\/9788417150891.jpg\",\"contentUrl\":\"https:\\\/\\\/zapateneo.net\\\/wordpress\\\/wp-content\\\/uploads\\\/2021\\\/09\\\/9788417150891.jpg\",\"width\":160,\"height\":247},{\"@type\":\"BreadcrumbList\",\"@id\":\"https:\\\/\\\/zapateneo.net\\\/wordpress\\\/index.php\\\/producto\\\/te-puedo-tocar-el-pelo-de-la-negacion-al-exotismo-experiencias\\\/#breadcrumb\",\"itemListElement\":[{\"@type\":\"ListItem\",\"position\":1,\"name\":\"Portada\",\"item\":\"https:\\\/\\\/zapateneo.net\\\/wordpress\\\/\"},{\"@type\":\"ListItem\",\"position\":2,\"name\":\"Tienda\",\"item\":\"https:\\\/\\\/zapateneo.net\\\/wordpress\\\/\"},{\"@type\":\"ListItem\",\"position\":3,\"name\":\"\u00bfTe puedo tocar el pelo? De la negaci\u00f3n al exotismo: Experiencias\"}]},{\"@type\":\"WebSite\",\"@id\":\"https:\\\/\\\/zapateneo.net\\\/wordpress\\\/#website\",\"url\":\"https:\\\/\\\/zapateneo.net\\\/wordpress\\\/\",\"name\":\"Zapateneo\",\"description\":\"Zapateneoaren webgunea\",\"publisher\":{\"@id\":\"https:\\\/\\\/zapateneo.net\\\/wordpress\\\/#organization\"},\"potentialAction\":[{\"@type\":\"SearchAction\",\"target\":{\"@type\":\"EntryPoint\",\"urlTemplate\":\"https:\\\/\\\/zapateneo.net\\\/wordpress\\\/?s={search_term_string}\"},\"query-input\":{\"@type\":\"PropertyValueSpecification\",\"valueRequired\":true,\"valueName\":\"search_term_string\"}}],\"inLanguage\":\"es\"},{\"@type\":\"Organization\",\"@id\":\"https:\\\/\\\/zapateneo.net\\\/wordpress\\\/#organization\",\"name\":\"Zapateneo Kultur Elkartea\",\"url\":\"https:\\\/\\\/zapateneo.net\\\/wordpress\\\/\",\"logo\":{\"@type\":\"ImageObject\",\"inLanguage\":\"es\",\"@id\":\"https:\\\/\\\/zapateneo.net\\\/wordpress\\\/#\\\/schema\\\/logo\\\/image\\\/\",\"url\":\"https:\\\/\\\/zapateneo.net\\\/wordpress\\\/wp-content\\\/uploads\\\/2021\\\/04\\\/zap-libu-kolec.jpg\",\"contentUrl\":\"https:\\\/\\\/zapateneo.net\\\/wordpress\\\/wp-content\\\/uploads\\\/2021\\\/04\\\/zap-libu-kolec.jpg\",\"width\":2234,\"height\":398,\"caption\":\"Zapateneo Kultur Elkartea\"},\"image\":{\"@id\":\"https:\\\/\\\/zapateneo.net\\\/wordpress\\\/#\\\/schema\\\/logo\\\/image\\\/\"},\"sameAs\":[\"https:\\\/\\\/x.com\\\/zapateneo\"]}]}<\/script>\n<!-- \/ Yoast SEO plugin. -->","yoast_head_json":{"title":"\u00bfTe puedo tocar el pelo? De la negaci\u00f3n al exotismo: Experiencias &#8212; Zapateneo","robots":{"index":"index","follow":"follow","max-snippet":"max-snippet:-1","max-image-preview":"max-image-preview:large","max-video-preview":"max-video-preview:-1"},"canonical":"https:\/\/zapateneo.net\/wordpress\/index.php\/producto\/te-puedo-tocar-el-pelo-de-la-negacion-al-exotismo-experiencias\/","og_locale":"es_ES","og_type":"article","og_title":"\u00bfTe puedo tocar el pelo? De la negaci\u00f3n al exotismo: Experiencias &#8212; Zapateneo","og_description":"Romero L\u00f3pez, Laura 9788417150891 - Wan\u00e1frica - 2021 - 208 p\u00e1ginas \/orri.","og_url":"https:\/\/zapateneo.net\/wordpress\/index.php\/producto\/te-puedo-tocar-el-pelo-de-la-negacion-al-exotismo-experiencias\/","og_site_name":"Zapateneo","article_modified_time":"2021-09-15T19:10:26+00:00","og_image":[{"width":160,"height":247,"url":"https:\/\/zapateneo.net\/wordpress\/wp-content\/uploads\/2021\/09\/9788417150891.jpg","type":"image\/jpeg"}],"twitter_card":"summary_large_image","twitter_site":"@zapateneo","twitter_misc":{"Tiempo de lectura":"2 minutos"},"schema":{"@context":"https:\/\/schema.org","@graph":[{"@type":"WebPage","@id":"https:\/\/zapateneo.net\/wordpress\/index.php\/producto\/te-puedo-tocar-el-pelo-de-la-negacion-al-exotismo-experiencias\/","url":"https:\/\/zapateneo.net\/wordpress\/index.php\/producto\/te-puedo-tocar-el-pelo-de-la-negacion-al-exotismo-experiencias\/","name":"\u00bfTe puedo tocar el pelo? De la negaci\u00f3n al exotismo: Experiencias &#8212; Zapateneo","isPartOf":{"@id":"https:\/\/zapateneo.net\/wordpress\/#website"},"primaryImageOfPage":{"@id":"https:\/\/zapateneo.net\/wordpress\/index.php\/producto\/te-puedo-tocar-el-pelo-de-la-negacion-al-exotismo-experiencias\/#primaryimage"},"image":{"@id":"https:\/\/zapateneo.net\/wordpress\/index.php\/producto\/te-puedo-tocar-el-pelo-de-la-negacion-al-exotismo-experiencias\/#primaryimage"},"thumbnailUrl":"https:\/\/zapateneo.net\/wordpress\/wp-content\/uploads\/2021\/09\/9788417150891.jpg","datePublished":"2021-09-15T19:03:49+00:00","dateModified":"2021-09-15T19:10:26+00:00","breadcrumb":{"@id":"https:\/\/zapateneo.net\/wordpress\/index.php\/producto\/te-puedo-tocar-el-pelo-de-la-negacion-al-exotismo-experiencias\/#breadcrumb"},"inLanguage":"es","potentialAction":[{"@type":"ReadAction","target":["https:\/\/zapateneo.net\/wordpress\/index.php\/producto\/te-puedo-tocar-el-pelo-de-la-negacion-al-exotismo-experiencias\/"]}]},{"@type":"ImageObject","inLanguage":"es","@id":"https:\/\/zapateneo.net\/wordpress\/index.php\/producto\/te-puedo-tocar-el-pelo-de-la-negacion-al-exotismo-experiencias\/#primaryimage","url":"https:\/\/zapateneo.net\/wordpress\/wp-content\/uploads\/2021\/09\/9788417150891.jpg","contentUrl":"https:\/\/zapateneo.net\/wordpress\/wp-content\/uploads\/2021\/09\/9788417150891.jpg","width":160,"height":247},{"@type":"BreadcrumbList","@id":"https:\/\/zapateneo.net\/wordpress\/index.php\/producto\/te-puedo-tocar-el-pelo-de-la-negacion-al-exotismo-experiencias\/#breadcrumb","itemListElement":[{"@type":"ListItem","position":1,"name":"Portada","item":"https:\/\/zapateneo.net\/wordpress\/"},{"@type":"ListItem","position":2,"name":"Tienda","item":"https:\/\/zapateneo.net\/wordpress\/"},{"@type":"ListItem","position":3,"name":"\u00bfTe puedo tocar el pelo? De la negaci\u00f3n al exotismo: Experiencias"}]},{"@type":"WebSite","@id":"https:\/\/zapateneo.net\/wordpress\/#website","url":"https:\/\/zapateneo.net\/wordpress\/","name":"Zapateneo","description":"Zapateneoaren webgunea","publisher":{"@id":"https:\/\/zapateneo.net\/wordpress\/#organization"},"potentialAction":[{"@type":"SearchAction","target":{"@type":"EntryPoint","urlTemplate":"https:\/\/zapateneo.net\/wordpress\/?s={search_term_string}"},"query-input":{"@type":"PropertyValueSpecification","valueRequired":true,"valueName":"search_term_string"}}],"inLanguage":"es"},{"@type":"Organization","@id":"https:\/\/zapateneo.net\/wordpress\/#organization","name":"Zapateneo Kultur Elkartea","url":"https:\/\/zapateneo.net\/wordpress\/","logo":{"@type":"ImageObject","inLanguage":"es","@id":"https:\/\/zapateneo.net\/wordpress\/#\/schema\/logo\/image\/","url":"https:\/\/zapateneo.net\/wordpress\/wp-content\/uploads\/2021\/04\/zap-libu-kolec.jpg","contentUrl":"https:\/\/zapateneo.net\/wordpress\/wp-content\/uploads\/2021\/04\/zap-libu-kolec.jpg","width":2234,"height":398,"caption":"Zapateneo Kultur Elkartea"},"image":{"@id":"https:\/\/zapateneo.net\/wordpress\/#\/schema\/logo\/image\/"},"sameAs":["https:\/\/x.com\/zapateneo"]}]}},"_links":{"self":[{"href":"https:\/\/zapateneo.net\/wordpress\/index.php\/wp-json\/wp\/v2\/product\/7847","targetHints":{"allow":["GET"]}}],"collection":[{"href":"https:\/\/zapateneo.net\/wordpress\/index.php\/wp-json\/wp\/v2\/product"}],"about":[{"href":"https:\/\/zapateneo.net\/wordpress\/index.php\/wp-json\/wp\/v2\/types\/product"}],"wp:featuredmedia":[{"embeddable":true,"href":"https:\/\/zapateneo.net\/wordpress\/index.php\/wp-json\/wp\/v2\/media\/7896"}],"wp:attachment":[{"href":"https:\/\/zapateneo.net\/wordpress\/index.php\/wp-json\/wp\/v2\/media?parent=7847"}],"wp:term":[{"taxonomy":"product_brand","embeddable":true,"href":"https:\/\/zapateneo.net\/wordpress\/index.php\/wp-json\/wp\/v2\/product_brand?post=7847"},{"taxonomy":"product_cat","embeddable":true,"href":"https:\/\/zapateneo.net\/wordpress\/index.php\/wp-json\/wp\/v2\/product_cat?post=7847"},{"taxonomy":"product_tag","embeddable":true,"href":"https:\/\/zapateneo.net\/wordpress\/index.php\/wp-json\/wp\/v2\/product_tag?post=7847"}],"curies":[{"name":"wp","href":"https:\/\/api.w.org\/{rel}","templated":true}]}}