{"id":7841,"date":"2021-09-15T20:03:08","date_gmt":"2021-09-15T19:03:08","guid":{"rendered":"https:\/\/zapateneo.net\/wordpress\/?post_type=product&#038;p=7841"},"modified":"2021-09-15T20:09:42","modified_gmt":"2021-09-15T19:09:42","slug":"la-historia-de-la-comuna-de-paris-de-1871","status":"publish","type":"product","link":"https:\/\/zapateneo.net\/wordpress\/index.php\/producto\/la-historia-de-la-comuna-de-paris-de-1871\/","title":{"rendered":"La historia de la Comuna de Par\u00eds de 1871"},"content":{"rendered":"<p>En marzo de 1871, la clase trabajadora de Par\u00eds, indignada por su falta de poder pol\u00edtico y cansada de ser explotada, tom\u00f3 el control de la capital. Este libro es la excepcional historia de la Comuna, las heroicas batallas libradas en su defensa y la sangrienta masacre que acab\u00f3 con el levantamiento.<\/p>\n<p>Un apasionante experimento revolucionario que en pocos meses logr\u00f3 sustituir al ej\u00e9rcito por una milicia ciudadana, acabar con la injerencia eclesi\u00e1stica en los asuntos estatales, introducir el derecho universal a la educaci\u00f3n y reconocer a los funcionarios p\u00fablicos el mismo salario que percib\u00edan los trabajadores. Hasta que las fuerzas represoras desataron una ofensiva sin precedentes sobre la capital francesa. Un ba\u00f1o de sangre que cost\u00f3 la vida a decenas de miles de rebeldes, fusilados por soldados enemigos.<\/p>\n<p>Lissagaray, un joven periodista que no solo vivi\u00f3 los hechos, sino que luch\u00f3 por la Comuna en las barricadas, narra la gloria de la resistencia en Par\u00eds, los grandes logros alcanzados por la revoluci\u00f3n y el valor de las mujeres y hombres que dieron su vida por la causa de la libertad.<\/p>\n<p>Prosper-Olivier Lissagaray: periodista franc\u00e9s, republicano y socialista, conferenciante y miembro de la Comuna de Par\u00eds en 1871. Los inicios de su carrera est\u00e1n marcados por su oposici\u00f3n al gobierno imperial de Napole\u00f3n III, que le supuso varias encarcelaciones.<\/p>\n<p>Fund\u00f3 y colabor\u00f3 con varios diarios y revistas de la \u00e9poca y cre\u00f3 en 1860 una sociedad literaria y unos ciclos de conferencias literarias en Par\u00eds, Les conf\u00e9rences de la rue de la Paix. Tras su participaci\u00f3n en la Comuna, consigui\u00f3 huir de Francia y se exili\u00f3 en Londres y en Bruselas. En 1876, public\u00f3 la obra que le dio fama, Historia de la Comuna de Par\u00eds de 1871, reeditada en una versi\u00f3n ampliada en 1896. La obra es el resultado de una exhaustiva investigaci\u00f3n hist\u00f3rica en documentos de la \u00e9poca, as\u00ed como de entrevistas con antiguos comuneros exiliados.<\/p>\n<p>Durante su exilio en Londres estableci\u00f3 una gran amistad con Karl Marx y mantuvo un largo romance con su hija menor, Eleanor, quien recopil\u00f3 todos los textos y los tradujo al ingl\u00e9s, lo que permiti\u00f3 su difusi\u00f3n, prohibida en Francia. Al volver all\u00ed, tras la amnist\u00eda de los comuneros en 1880, fund\u00f3 el peri\u00f3dico La Bataille, un diario abierto a todas las tendencias dentro del movimiento socialista y dedicado en particular a la defensa de los trabajadores y a la lucha contra las diferencias sociales.<\/p>\n<p>En 1888 fund\u00f3, junto con Georges Clemenceau, Jules Joffrin y Arthur Ranc la Sociedad de los Derechos del Hombre y del Ciudadano.<\/p>\n","protected":false},"excerpt":{"rendered":"<p><strong>Lissagaray, H. Prosper-Olivier<\/strong><br \/>\n9788412281774 &#8211; Capitan Swing &#8211; 2021 &#8211; 656 p\u00e1ginas \/orri.<\/p>\n","protected":false},"featured_media":7890,"template":"","meta":[],"product_brand":[],"product_cat":[185,16],"product_tag":[102,3317,3316],"class_list":{"0":"post-7841","1":"product","2":"type-product","3":"status-publish","4":"has-post-thumbnail","6":"product_cat-historia","7":"product_cat-libros","8":"product_tag-capitan-swing","9":"product_tag-h-prosper-olivier","10":"product_tag-lissagaray","12":"first","13":"instock","14":"sold-individually","15":"shipping-taxable","16":"purchasable","17":"product-type-simple"},"yoast_head":"<!-- This site is optimized with the Yoast SEO plugin v27.4 - https:\/\/yoast.com\/product\/yoast-seo-wordpress\/ -->\n<title>La historia de la Comuna de Par\u00eds de 1871 &#8212; Zapateneo<\/title>\n<meta name=\"robots\" content=\"index, follow, max-snippet:-1, max-image-preview:large, max-video-preview:-1\" \/>\n<link rel=\"canonical\" href=\"https:\/\/zapateneo.net\/wordpress\/index.php\/producto\/la-historia-de-la-comuna-de-paris-de-1871\/\" \/>\n<meta property=\"og:locale\" content=\"es_ES\" \/>\n<meta property=\"og:type\" content=\"article\" \/>\n<meta property=\"og:title\" content=\"La historia de la Comuna de Par\u00eds de 1871 &#8212; Zapateneo\" \/>\n<meta property=\"og:description\" content=\"Lissagaray, H. Prosper-Olivier 9788412281774 - Capitan Swing - 2021 - 656 p\u00e1ginas \/orri.\" \/>\n<meta property=\"og:url\" content=\"https:\/\/zapateneo.net\/wordpress\/index.php\/producto\/la-historia-de-la-comuna-de-paris-de-1871\/\" \/>\n<meta property=\"og:site_name\" content=\"Zapateneo\" \/>\n<meta property=\"article:modified_time\" content=\"2021-09-15T19:09:42+00:00\" \/>\n<meta property=\"og:image\" content=\"https:\/\/zapateneo.net\/wordpress\/wp-content\/uploads\/2021\/09\/9788412281774.jpg\" \/>\n\t<meta property=\"og:image:width\" content=\"160\" \/>\n\t<meta property=\"og:image:height\" content=\"250\" \/>\n\t<meta property=\"og:image:type\" content=\"image\/jpeg\" \/>\n<meta name=\"twitter:card\" content=\"summary_large_image\" \/>\n<meta name=\"twitter:site\" content=\"@zapateneo\" \/>\n<meta name=\"twitter:label1\" content=\"Tiempo de lectura\" \/>\n\t<meta name=\"twitter:data1\" content=\"2 minutos\" \/>\n<script type=\"application\/ld+json\" class=\"yoast-schema-graph\">{\"@context\":\"https:\\\/\\\/schema.org\",\"@graph\":[{\"@type\":\"WebPage\",\"@id\":\"https:\\\/\\\/zapateneo.net\\\/wordpress\\\/index.php\\\/producto\\\/la-historia-de-la-comuna-de-paris-de-1871\\\/\",\"url\":\"https:\\\/\\\/zapateneo.net\\\/wordpress\\\/index.php\\\/producto\\\/la-historia-de-la-comuna-de-paris-de-1871\\\/\",\"name\":\"La historia de la Comuna de Par\u00eds de 1871 &#8212; Zapateneo\",\"isPartOf\":{\"@id\":\"https:\\\/\\\/zapateneo.net\\\/wordpress\\\/#website\"},\"primaryImageOfPage\":{\"@id\":\"https:\\\/\\\/zapateneo.net\\\/wordpress\\\/index.php\\\/producto\\\/la-historia-de-la-comuna-de-paris-de-1871\\\/#primaryimage\"},\"image\":{\"@id\":\"https:\\\/\\\/zapateneo.net\\\/wordpress\\\/index.php\\\/producto\\\/la-historia-de-la-comuna-de-paris-de-1871\\\/#primaryimage\"},\"thumbnailUrl\":\"https:\\\/\\\/zapateneo.net\\\/wordpress\\\/wp-content\\\/uploads\\\/2021\\\/09\\\/9788412281774.jpg\",\"datePublished\":\"2021-09-15T19:03:08+00:00\",\"dateModified\":\"2021-09-15T19:09:42+00:00\",\"breadcrumb\":{\"@id\":\"https:\\\/\\\/zapateneo.net\\\/wordpress\\\/index.php\\\/producto\\\/la-historia-de-la-comuna-de-paris-de-1871\\\/#breadcrumb\"},\"inLanguage\":\"es\",\"potentialAction\":[{\"@type\":\"ReadAction\",\"target\":[\"https:\\\/\\\/zapateneo.net\\\/wordpress\\\/index.php\\\/producto\\\/la-historia-de-la-comuna-de-paris-de-1871\\\/\"]}]},{\"@type\":\"ImageObject\",\"inLanguage\":\"es\",\"@id\":\"https:\\\/\\\/zapateneo.net\\\/wordpress\\\/index.php\\\/producto\\\/la-historia-de-la-comuna-de-paris-de-1871\\\/#primaryimage\",\"url\":\"https:\\\/\\\/zapateneo.net\\\/wordpress\\\/wp-content\\\/uploads\\\/2021\\\/09\\\/9788412281774.jpg\",\"contentUrl\":\"https:\\\/\\\/zapateneo.net\\\/wordpress\\\/wp-content\\\/uploads\\\/2021\\\/09\\\/9788412281774.jpg\",\"width\":160,\"height\":250},{\"@type\":\"BreadcrumbList\",\"@id\":\"https:\\\/\\\/zapateneo.net\\\/wordpress\\\/index.php\\\/producto\\\/la-historia-de-la-comuna-de-paris-de-1871\\\/#breadcrumb\",\"itemListElement\":[{\"@type\":\"ListItem\",\"position\":1,\"name\":\"Portada\",\"item\":\"https:\\\/\\\/zapateneo.net\\\/wordpress\\\/\"},{\"@type\":\"ListItem\",\"position\":2,\"name\":\"Tienda\",\"item\":\"https:\\\/\\\/zapateneo.net\\\/wordpress\\\/\"},{\"@type\":\"ListItem\",\"position\":3,\"name\":\"La historia de la Comuna de Par\u00eds de 1871\"}]},{\"@type\":\"WebSite\",\"@id\":\"https:\\\/\\\/zapateneo.net\\\/wordpress\\\/#website\",\"url\":\"https:\\\/\\\/zapateneo.net\\\/wordpress\\\/\",\"name\":\"Zapateneo\",\"description\":\"Zapateneoaren webgunea\",\"publisher\":{\"@id\":\"https:\\\/\\\/zapateneo.net\\\/wordpress\\\/#organization\"},\"potentialAction\":[{\"@type\":\"SearchAction\",\"target\":{\"@type\":\"EntryPoint\",\"urlTemplate\":\"https:\\\/\\\/zapateneo.net\\\/wordpress\\\/?s={search_term_string}\"},\"query-input\":{\"@type\":\"PropertyValueSpecification\",\"valueRequired\":true,\"valueName\":\"search_term_string\"}}],\"inLanguage\":\"es\"},{\"@type\":\"Organization\",\"@id\":\"https:\\\/\\\/zapateneo.net\\\/wordpress\\\/#organization\",\"name\":\"Zapateneo Kultur Elkartea\",\"url\":\"https:\\\/\\\/zapateneo.net\\\/wordpress\\\/\",\"logo\":{\"@type\":\"ImageObject\",\"inLanguage\":\"es\",\"@id\":\"https:\\\/\\\/zapateneo.net\\\/wordpress\\\/#\\\/schema\\\/logo\\\/image\\\/\",\"url\":\"https:\\\/\\\/zapateneo.net\\\/wordpress\\\/wp-content\\\/uploads\\\/2021\\\/04\\\/zap-libu-kolec.jpg\",\"contentUrl\":\"https:\\\/\\\/zapateneo.net\\\/wordpress\\\/wp-content\\\/uploads\\\/2021\\\/04\\\/zap-libu-kolec.jpg\",\"width\":2234,\"height\":398,\"caption\":\"Zapateneo Kultur Elkartea\"},\"image\":{\"@id\":\"https:\\\/\\\/zapateneo.net\\\/wordpress\\\/#\\\/schema\\\/logo\\\/image\\\/\"},\"sameAs\":[\"https:\\\/\\\/x.com\\\/zapateneo\"]}]}<\/script>\n<!-- \/ Yoast SEO plugin. -->","yoast_head_json":{"title":"La historia de la Comuna de Par\u00eds de 1871 &#8212; Zapateneo","robots":{"index":"index","follow":"follow","max-snippet":"max-snippet:-1","max-image-preview":"max-image-preview:large","max-video-preview":"max-video-preview:-1"},"canonical":"https:\/\/zapateneo.net\/wordpress\/index.php\/producto\/la-historia-de-la-comuna-de-paris-de-1871\/","og_locale":"es_ES","og_type":"article","og_title":"La historia de la Comuna de Par\u00eds de 1871 &#8212; Zapateneo","og_description":"Lissagaray, H. Prosper-Olivier 9788412281774 - Capitan Swing - 2021 - 656 p\u00e1ginas \/orri.","og_url":"https:\/\/zapateneo.net\/wordpress\/index.php\/producto\/la-historia-de-la-comuna-de-paris-de-1871\/","og_site_name":"Zapateneo","article_modified_time":"2021-09-15T19:09:42+00:00","og_image":[{"width":160,"height":250,"url":"https:\/\/zapateneo.net\/wordpress\/wp-content\/uploads\/2021\/09\/9788412281774.jpg","type":"image\/jpeg"}],"twitter_card":"summary_large_image","twitter_site":"@zapateneo","twitter_misc":{"Tiempo de lectura":"2 minutos"},"schema":{"@context":"https:\/\/schema.org","@graph":[{"@type":"WebPage","@id":"https:\/\/zapateneo.net\/wordpress\/index.php\/producto\/la-historia-de-la-comuna-de-paris-de-1871\/","url":"https:\/\/zapateneo.net\/wordpress\/index.php\/producto\/la-historia-de-la-comuna-de-paris-de-1871\/","name":"La historia de la Comuna de Par\u00eds de 1871 &#8212; Zapateneo","isPartOf":{"@id":"https:\/\/zapateneo.net\/wordpress\/#website"},"primaryImageOfPage":{"@id":"https:\/\/zapateneo.net\/wordpress\/index.php\/producto\/la-historia-de-la-comuna-de-paris-de-1871\/#primaryimage"},"image":{"@id":"https:\/\/zapateneo.net\/wordpress\/index.php\/producto\/la-historia-de-la-comuna-de-paris-de-1871\/#primaryimage"},"thumbnailUrl":"https:\/\/zapateneo.net\/wordpress\/wp-content\/uploads\/2021\/09\/9788412281774.jpg","datePublished":"2021-09-15T19:03:08+00:00","dateModified":"2021-09-15T19:09:42+00:00","breadcrumb":{"@id":"https:\/\/zapateneo.net\/wordpress\/index.php\/producto\/la-historia-de-la-comuna-de-paris-de-1871\/#breadcrumb"},"inLanguage":"es","potentialAction":[{"@type":"ReadAction","target":["https:\/\/zapateneo.net\/wordpress\/index.php\/producto\/la-historia-de-la-comuna-de-paris-de-1871\/"]}]},{"@type":"ImageObject","inLanguage":"es","@id":"https:\/\/zapateneo.net\/wordpress\/index.php\/producto\/la-historia-de-la-comuna-de-paris-de-1871\/#primaryimage","url":"https:\/\/zapateneo.net\/wordpress\/wp-content\/uploads\/2021\/09\/9788412281774.jpg","contentUrl":"https:\/\/zapateneo.net\/wordpress\/wp-content\/uploads\/2021\/09\/9788412281774.jpg","width":160,"height":250},{"@type":"BreadcrumbList","@id":"https:\/\/zapateneo.net\/wordpress\/index.php\/producto\/la-historia-de-la-comuna-de-paris-de-1871\/#breadcrumb","itemListElement":[{"@type":"ListItem","position":1,"name":"Portada","item":"https:\/\/zapateneo.net\/wordpress\/"},{"@type":"ListItem","position":2,"name":"Tienda","item":"https:\/\/zapateneo.net\/wordpress\/"},{"@type":"ListItem","position":3,"name":"La historia de la Comuna de Par\u00eds de 1871"}]},{"@type":"WebSite","@id":"https:\/\/zapateneo.net\/wordpress\/#website","url":"https:\/\/zapateneo.net\/wordpress\/","name":"Zapateneo","description":"Zapateneoaren webgunea","publisher":{"@id":"https:\/\/zapateneo.net\/wordpress\/#organization"},"potentialAction":[{"@type":"SearchAction","target":{"@type":"EntryPoint","urlTemplate":"https:\/\/zapateneo.net\/wordpress\/?s={search_term_string}"},"query-input":{"@type":"PropertyValueSpecification","valueRequired":true,"valueName":"search_term_string"}}],"inLanguage":"es"},{"@type":"Organization","@id":"https:\/\/zapateneo.net\/wordpress\/#organization","name":"Zapateneo Kultur Elkartea","url":"https:\/\/zapateneo.net\/wordpress\/","logo":{"@type":"ImageObject","inLanguage":"es","@id":"https:\/\/zapateneo.net\/wordpress\/#\/schema\/logo\/image\/","url":"https:\/\/zapateneo.net\/wordpress\/wp-content\/uploads\/2021\/04\/zap-libu-kolec.jpg","contentUrl":"https:\/\/zapateneo.net\/wordpress\/wp-content\/uploads\/2021\/04\/zap-libu-kolec.jpg","width":2234,"height":398,"caption":"Zapateneo Kultur Elkartea"},"image":{"@id":"https:\/\/zapateneo.net\/wordpress\/#\/schema\/logo\/image\/"},"sameAs":["https:\/\/x.com\/zapateneo"]}]}},"_links":{"self":[{"href":"https:\/\/zapateneo.net\/wordpress\/index.php\/wp-json\/wp\/v2\/product\/7841","targetHints":{"allow":["GET"]}}],"collection":[{"href":"https:\/\/zapateneo.net\/wordpress\/index.php\/wp-json\/wp\/v2\/product"}],"about":[{"href":"https:\/\/zapateneo.net\/wordpress\/index.php\/wp-json\/wp\/v2\/types\/product"}],"wp:featuredmedia":[{"embeddable":true,"href":"https:\/\/zapateneo.net\/wordpress\/index.php\/wp-json\/wp\/v2\/media\/7890"}],"wp:attachment":[{"href":"https:\/\/zapateneo.net\/wordpress\/index.php\/wp-json\/wp\/v2\/media?parent=7841"}],"wp:term":[{"taxonomy":"product_brand","embeddable":true,"href":"https:\/\/zapateneo.net\/wordpress\/index.php\/wp-json\/wp\/v2\/product_brand?post=7841"},{"taxonomy":"product_cat","embeddable":true,"href":"https:\/\/zapateneo.net\/wordpress\/index.php\/wp-json\/wp\/v2\/product_cat?post=7841"},{"taxonomy":"product_tag","embeddable":true,"href":"https:\/\/zapateneo.net\/wordpress\/index.php\/wp-json\/wp\/v2\/product_tag?post=7841"}],"curies":[{"name":"wp","href":"https:\/\/api.w.org\/{rel}","templated":true}]}}