{"id":7837,"date":"2021-09-15T20:02:31","date_gmt":"2021-09-15T19:02:31","guid":{"rendered":"https:\/\/zapateneo.net\/wordpress\/?post_type=product&#038;p=7837"},"modified":"2023-04-11T19:22:24","modified_gmt":"2023-04-11T18:22:24","slug":"psiquiatria-corrupcion-y-lucha-de-clases-la-huelga-del-manicomio-de-conxo-1933","status":"publish","type":"product","link":"https:\/\/zapateneo.net\/wordpress\/index.php\/producto\/psiquiatria-corrupcion-y-lucha-de-clases-la-huelga-del-manicomio-de-conxo-1933\/","title":{"rendered":"Psiquiatr\u00eda, corrupci\u00f3n y lucha de clases. La huelga del manicomio de Conxo (1933)"},"content":{"rendered":"<p>Se trata de un ensayo hist\u00f3rico sobre la hist\u00f3rica huelga del manicomio de Conxo, en Santiago de Compostela; un conflicto obrero que denunci\u00f3 las deplorables condiciones que soportaban los pacientes por culpa de la corrupci\u00f3n de los gestores del manicomio, consigui\u00f3 mejoras laborales para sus trabajadores y logr\u00f3 tumbar las maniobras de la patronal gracias a un impresionante despliegue de solidaridad que logr\u00f3 paralizar la ciudad compostelana.<\/p>\n","protected":false},"excerpt":{"rendered":"<p><strong>Eliseo Fern\u00e1ndez<\/strong><br \/>\n978-84-121882-7-1 &#8211; Piedra Papel Libros &#8211; 2021 &#8211; 92 p\u00e1ginas \/orri.<\/p>\n","protected":false},"featured_media":7886,"template":"","meta":[],"product_brand":[],"product_cat":[185,16],"product_tag":[4393,6042],"class_list":{"0":"post-7837","1":"product","2":"type-product","3":"status-publish","4":"has-post-thumbnail","6":"product_cat-historia","7":"product_cat-libros","8":"product_tag-eliseo-fernandez","9":"product_tag-piedra-papel-libros","11":"first","12":"instock","13":"sold-individually","14":"shipping-taxable","15":"purchasable","16":"product-type-simple"},"yoast_head":"<!-- This site is optimized with the Yoast SEO plugin v27.4 - https:\/\/yoast.com\/product\/yoast-seo-wordpress\/ -->\n<title>Psiquiatr\u00eda, corrupci\u00f3n y lucha de clases. La huelga del manicomio de Conxo (1933) &#8212; Zapateneo<\/title>\n<meta name=\"robots\" content=\"index, follow, max-snippet:-1, max-image-preview:large, max-video-preview:-1\" \/>\n<link rel=\"canonical\" href=\"https:\/\/zapateneo.net\/wordpress\/index.php\/producto\/psiquiatria-corrupcion-y-lucha-de-clases-la-huelga-del-manicomio-de-conxo-1933\/\" \/>\n<meta property=\"og:locale\" content=\"es_ES\" \/>\n<meta property=\"og:type\" content=\"article\" \/>\n<meta property=\"og:title\" content=\"Psiquiatr\u00eda, corrupci\u00f3n y lucha de clases. La huelga del manicomio de Conxo (1933) &#8212; Zapateneo\" \/>\n<meta property=\"og:description\" content=\"Eliseo Fern\u00e1ndez 978-84-121882-7-1 - Piedra Papel Libros - 2021 - 92 p\u00e1ginas \/orri.\" \/>\n<meta property=\"og:url\" content=\"https:\/\/zapateneo.net\/wordpress\/index.php\/producto\/psiquiatria-corrupcion-y-lucha-de-clases-la-huelga-del-manicomio-de-conxo-1933\/\" \/>\n<meta property=\"og:site_name\" content=\"Zapateneo\" \/>\n<meta property=\"article:modified_time\" content=\"2023-04-11T18:22:24+00:00\" \/>\n<meta property=\"og:image\" content=\"https:\/\/zapateneo.net\/wordpress\/wp-content\/uploads\/2021\/09\/captura_de_pantalla_2021-06-07_a_las_175256.png\" \/>\n\t<meta property=\"og:image:width\" content=\"241\" \/>\n\t<meta property=\"og:image:height\" content=\"400\" \/>\n\t<meta property=\"og:image:type\" content=\"image\/png\" \/>\n<meta name=\"twitter:card\" content=\"summary_large_image\" \/>\n<meta name=\"twitter:site\" content=\"@zapateneo\" \/>\n<script type=\"application\/ld+json\" class=\"yoast-schema-graph\">{\"@context\":\"https:\\\/\\\/schema.org\",\"@graph\":[{\"@type\":\"WebPage\",\"@id\":\"https:\\\/\\\/zapateneo.net\\\/wordpress\\\/index.php\\\/producto\\\/psiquiatria-corrupcion-y-lucha-de-clases-la-huelga-del-manicomio-de-conxo-1933\\\/\",\"url\":\"https:\\\/\\\/zapateneo.net\\\/wordpress\\\/index.php\\\/producto\\\/psiquiatria-corrupcion-y-lucha-de-clases-la-huelga-del-manicomio-de-conxo-1933\\\/\",\"name\":\"Psiquiatr\u00eda, corrupci\u00f3n y lucha de clases. La huelga del manicomio de Conxo (1933) &#8212; Zapateneo\",\"isPartOf\":{\"@id\":\"https:\\\/\\\/zapateneo.net\\\/wordpress\\\/#website\"},\"primaryImageOfPage\":{\"@id\":\"https:\\\/\\\/zapateneo.net\\\/wordpress\\\/index.php\\\/producto\\\/psiquiatria-corrupcion-y-lucha-de-clases-la-huelga-del-manicomio-de-conxo-1933\\\/#primaryimage\"},\"image\":{\"@id\":\"https:\\\/\\\/zapateneo.net\\\/wordpress\\\/index.php\\\/producto\\\/psiquiatria-corrupcion-y-lucha-de-clases-la-huelga-del-manicomio-de-conxo-1933\\\/#primaryimage\"},\"thumbnailUrl\":\"https:\\\/\\\/zapateneo.net\\\/wordpress\\\/wp-content\\\/uploads\\\/2021\\\/09\\\/captura_de_pantalla_2021-06-07_a_las_175256.png\",\"datePublished\":\"2021-09-15T19:02:31+00:00\",\"dateModified\":\"2023-04-11T18:22:24+00:00\",\"breadcrumb\":{\"@id\":\"https:\\\/\\\/zapateneo.net\\\/wordpress\\\/index.php\\\/producto\\\/psiquiatria-corrupcion-y-lucha-de-clases-la-huelga-del-manicomio-de-conxo-1933\\\/#breadcrumb\"},\"inLanguage\":\"es\",\"potentialAction\":[{\"@type\":\"ReadAction\",\"target\":[\"https:\\\/\\\/zapateneo.net\\\/wordpress\\\/index.php\\\/producto\\\/psiquiatria-corrupcion-y-lucha-de-clases-la-huelga-del-manicomio-de-conxo-1933\\\/\"]}]},{\"@type\":\"ImageObject\",\"inLanguage\":\"es\",\"@id\":\"https:\\\/\\\/zapateneo.net\\\/wordpress\\\/index.php\\\/producto\\\/psiquiatria-corrupcion-y-lucha-de-clases-la-huelga-del-manicomio-de-conxo-1933\\\/#primaryimage\",\"url\":\"https:\\\/\\\/zapateneo.net\\\/wordpress\\\/wp-content\\\/uploads\\\/2021\\\/09\\\/captura_de_pantalla_2021-06-07_a_las_175256.png\",\"contentUrl\":\"https:\\\/\\\/zapateneo.net\\\/wordpress\\\/wp-content\\\/uploads\\\/2021\\\/09\\\/captura_de_pantalla_2021-06-07_a_las_175256.png\",\"width\":241,\"height\":400},{\"@type\":\"BreadcrumbList\",\"@id\":\"https:\\\/\\\/zapateneo.net\\\/wordpress\\\/index.php\\\/producto\\\/psiquiatria-corrupcion-y-lucha-de-clases-la-huelga-del-manicomio-de-conxo-1933\\\/#breadcrumb\",\"itemListElement\":[{\"@type\":\"ListItem\",\"position\":1,\"name\":\"Portada\",\"item\":\"https:\\\/\\\/zapateneo.net\\\/wordpress\\\/\"},{\"@type\":\"ListItem\",\"position\":2,\"name\":\"Tienda\",\"item\":\"https:\\\/\\\/zapateneo.net\\\/wordpress\\\/\"},{\"@type\":\"ListItem\",\"position\":3,\"name\":\"Psiquiatr\u00eda, corrupci\u00f3n y lucha de clases. La huelga del manicomio de Conxo (1933)\"}]},{\"@type\":\"WebSite\",\"@id\":\"https:\\\/\\\/zapateneo.net\\\/wordpress\\\/#website\",\"url\":\"https:\\\/\\\/zapateneo.net\\\/wordpress\\\/\",\"name\":\"Zapateneo\",\"description\":\"Zapateneoaren webgunea\",\"publisher\":{\"@id\":\"https:\\\/\\\/zapateneo.net\\\/wordpress\\\/#organization\"},\"potentialAction\":[{\"@type\":\"SearchAction\",\"target\":{\"@type\":\"EntryPoint\",\"urlTemplate\":\"https:\\\/\\\/zapateneo.net\\\/wordpress\\\/?s={search_term_string}\"},\"query-input\":{\"@type\":\"PropertyValueSpecification\",\"valueRequired\":true,\"valueName\":\"search_term_string\"}}],\"inLanguage\":\"es\"},{\"@type\":\"Organization\",\"@id\":\"https:\\\/\\\/zapateneo.net\\\/wordpress\\\/#organization\",\"name\":\"Zapateneo Kultur Elkartea\",\"url\":\"https:\\\/\\\/zapateneo.net\\\/wordpress\\\/\",\"logo\":{\"@type\":\"ImageObject\",\"inLanguage\":\"es\",\"@id\":\"https:\\\/\\\/zapateneo.net\\\/wordpress\\\/#\\\/schema\\\/logo\\\/image\\\/\",\"url\":\"https:\\\/\\\/zapateneo.net\\\/wordpress\\\/wp-content\\\/uploads\\\/2021\\\/04\\\/zap-libu-kolec.jpg\",\"contentUrl\":\"https:\\\/\\\/zapateneo.net\\\/wordpress\\\/wp-content\\\/uploads\\\/2021\\\/04\\\/zap-libu-kolec.jpg\",\"width\":2234,\"height\":398,\"caption\":\"Zapateneo Kultur Elkartea\"},\"image\":{\"@id\":\"https:\\\/\\\/zapateneo.net\\\/wordpress\\\/#\\\/schema\\\/logo\\\/image\\\/\"},\"sameAs\":[\"https:\\\/\\\/x.com\\\/zapateneo\"]}]}<\/script>\n<!-- \/ Yoast SEO plugin. -->","yoast_head_json":{"title":"Psiquiatr\u00eda, corrupci\u00f3n y lucha de clases. La huelga del manicomio de Conxo (1933) &#8212; Zapateneo","robots":{"index":"index","follow":"follow","max-snippet":"max-snippet:-1","max-image-preview":"max-image-preview:large","max-video-preview":"max-video-preview:-1"},"canonical":"https:\/\/zapateneo.net\/wordpress\/index.php\/producto\/psiquiatria-corrupcion-y-lucha-de-clases-la-huelga-del-manicomio-de-conxo-1933\/","og_locale":"es_ES","og_type":"article","og_title":"Psiquiatr\u00eda, corrupci\u00f3n y lucha de clases. La huelga del manicomio de Conxo (1933) &#8212; Zapateneo","og_description":"Eliseo Fern\u00e1ndez 978-84-121882-7-1 - Piedra Papel Libros - 2021 - 92 p\u00e1ginas \/orri.","og_url":"https:\/\/zapateneo.net\/wordpress\/index.php\/producto\/psiquiatria-corrupcion-y-lucha-de-clases-la-huelga-del-manicomio-de-conxo-1933\/","og_site_name":"Zapateneo","article_modified_time":"2023-04-11T18:22:24+00:00","og_image":[{"width":241,"height":400,"url":"https:\/\/zapateneo.net\/wordpress\/wp-content\/uploads\/2021\/09\/captura_de_pantalla_2021-06-07_a_las_175256.png","type":"image\/png"}],"twitter_card":"summary_large_image","twitter_site":"@zapateneo","schema":{"@context":"https:\/\/schema.org","@graph":[{"@type":"WebPage","@id":"https:\/\/zapateneo.net\/wordpress\/index.php\/producto\/psiquiatria-corrupcion-y-lucha-de-clases-la-huelga-del-manicomio-de-conxo-1933\/","url":"https:\/\/zapateneo.net\/wordpress\/index.php\/producto\/psiquiatria-corrupcion-y-lucha-de-clases-la-huelga-del-manicomio-de-conxo-1933\/","name":"Psiquiatr\u00eda, corrupci\u00f3n y lucha de clases. La huelga del manicomio de Conxo (1933) &#8212; Zapateneo","isPartOf":{"@id":"https:\/\/zapateneo.net\/wordpress\/#website"},"primaryImageOfPage":{"@id":"https:\/\/zapateneo.net\/wordpress\/index.php\/producto\/psiquiatria-corrupcion-y-lucha-de-clases-la-huelga-del-manicomio-de-conxo-1933\/#primaryimage"},"image":{"@id":"https:\/\/zapateneo.net\/wordpress\/index.php\/producto\/psiquiatria-corrupcion-y-lucha-de-clases-la-huelga-del-manicomio-de-conxo-1933\/#primaryimage"},"thumbnailUrl":"https:\/\/zapateneo.net\/wordpress\/wp-content\/uploads\/2021\/09\/captura_de_pantalla_2021-06-07_a_las_175256.png","datePublished":"2021-09-15T19:02:31+00:00","dateModified":"2023-04-11T18:22:24+00:00","breadcrumb":{"@id":"https:\/\/zapateneo.net\/wordpress\/index.php\/producto\/psiquiatria-corrupcion-y-lucha-de-clases-la-huelga-del-manicomio-de-conxo-1933\/#breadcrumb"},"inLanguage":"es","potentialAction":[{"@type":"ReadAction","target":["https:\/\/zapateneo.net\/wordpress\/index.php\/producto\/psiquiatria-corrupcion-y-lucha-de-clases-la-huelga-del-manicomio-de-conxo-1933\/"]}]},{"@type":"ImageObject","inLanguage":"es","@id":"https:\/\/zapateneo.net\/wordpress\/index.php\/producto\/psiquiatria-corrupcion-y-lucha-de-clases-la-huelga-del-manicomio-de-conxo-1933\/#primaryimage","url":"https:\/\/zapateneo.net\/wordpress\/wp-content\/uploads\/2021\/09\/captura_de_pantalla_2021-06-07_a_las_175256.png","contentUrl":"https:\/\/zapateneo.net\/wordpress\/wp-content\/uploads\/2021\/09\/captura_de_pantalla_2021-06-07_a_las_175256.png","width":241,"height":400},{"@type":"BreadcrumbList","@id":"https:\/\/zapateneo.net\/wordpress\/index.php\/producto\/psiquiatria-corrupcion-y-lucha-de-clases-la-huelga-del-manicomio-de-conxo-1933\/#breadcrumb","itemListElement":[{"@type":"ListItem","position":1,"name":"Portada","item":"https:\/\/zapateneo.net\/wordpress\/"},{"@type":"ListItem","position":2,"name":"Tienda","item":"https:\/\/zapateneo.net\/wordpress\/"},{"@type":"ListItem","position":3,"name":"Psiquiatr\u00eda, corrupci\u00f3n y lucha de clases. La huelga del manicomio de Conxo (1933)"}]},{"@type":"WebSite","@id":"https:\/\/zapateneo.net\/wordpress\/#website","url":"https:\/\/zapateneo.net\/wordpress\/","name":"Zapateneo","description":"Zapateneoaren webgunea","publisher":{"@id":"https:\/\/zapateneo.net\/wordpress\/#organization"},"potentialAction":[{"@type":"SearchAction","target":{"@type":"EntryPoint","urlTemplate":"https:\/\/zapateneo.net\/wordpress\/?s={search_term_string}"},"query-input":{"@type":"PropertyValueSpecification","valueRequired":true,"valueName":"search_term_string"}}],"inLanguage":"es"},{"@type":"Organization","@id":"https:\/\/zapateneo.net\/wordpress\/#organization","name":"Zapateneo Kultur Elkartea","url":"https:\/\/zapateneo.net\/wordpress\/","logo":{"@type":"ImageObject","inLanguage":"es","@id":"https:\/\/zapateneo.net\/wordpress\/#\/schema\/logo\/image\/","url":"https:\/\/zapateneo.net\/wordpress\/wp-content\/uploads\/2021\/04\/zap-libu-kolec.jpg","contentUrl":"https:\/\/zapateneo.net\/wordpress\/wp-content\/uploads\/2021\/04\/zap-libu-kolec.jpg","width":2234,"height":398,"caption":"Zapateneo Kultur Elkartea"},"image":{"@id":"https:\/\/zapateneo.net\/wordpress\/#\/schema\/logo\/image\/"},"sameAs":["https:\/\/x.com\/zapateneo"]}]}},"_links":{"self":[{"href":"https:\/\/zapateneo.net\/wordpress\/index.php\/wp-json\/wp\/v2\/product\/7837","targetHints":{"allow":["GET"]}}],"collection":[{"href":"https:\/\/zapateneo.net\/wordpress\/index.php\/wp-json\/wp\/v2\/product"}],"about":[{"href":"https:\/\/zapateneo.net\/wordpress\/index.php\/wp-json\/wp\/v2\/types\/product"}],"wp:featuredmedia":[{"embeddable":true,"href":"https:\/\/zapateneo.net\/wordpress\/index.php\/wp-json\/wp\/v2\/media\/7886"}],"wp:attachment":[{"href":"https:\/\/zapateneo.net\/wordpress\/index.php\/wp-json\/wp\/v2\/media?parent=7837"}],"wp:term":[{"taxonomy":"product_brand","embeddable":true,"href":"https:\/\/zapateneo.net\/wordpress\/index.php\/wp-json\/wp\/v2\/product_brand?post=7837"},{"taxonomy":"product_cat","embeddable":true,"href":"https:\/\/zapateneo.net\/wordpress\/index.php\/wp-json\/wp\/v2\/product_cat?post=7837"},{"taxonomy":"product_tag","embeddable":true,"href":"https:\/\/zapateneo.net\/wordpress\/index.php\/wp-json\/wp\/v2\/product_tag?post=7837"}],"curies":[{"name":"wp","href":"https:\/\/api.w.org\/{rel}","templated":true}]}}