{"id":7822,"date":"2021-09-15T20:01:06","date_gmt":"2021-09-15T19:01:06","guid":{"rendered":"https:\/\/zapateneo.net\/wordpress\/?post_type=product&#038;p=7822"},"modified":"2023-04-12T15:54:05","modified_gmt":"2023-04-12T14:54:05","slug":"la-gran-trata-de-esclavos","status":"publish","type":"product","link":"https:\/\/zapateneo.net\/wordpress\/index.php\/producto\/la-gran-trata-de-esclavos\/","title":{"rendered":"La gran trata de esclavos"},"content":{"rendered":"<p>La espada de Damocles que la historiograf\u00eda del franquismo ha tenido con el nazismo ha desdibujado una maquinaria represiva que va mostrando su dimensi\u00f3n a medida que aparecen testimonios y estudios corroborativos. Al franquismo no le falt\u00f3 el asesoramiento de los nazis, que colaboraron con la victoria franquista en la guerra. Y despu\u00e9s de la misma, Franco sigui\u00f3 colaborando con la Alemania de Hitler. Y no solo fueron campos de concentraci\u00f3n. El franquismo se dot\u00f3 de una red de trabajadores esclavos, de una mano de obra barata, en colaboraci\u00f3n con grandes empresas del pa\u00eds, que sacaron adelante obra p\u00fablica a coste cero.<\/p>\n<p>Esa gran trata de esclavos fue vivida de primera mano por C\u00e9sar Broto. Esos batallones de trabajadores bajo un sistema de dominaci\u00f3n y represi\u00f3n no solo sirvieron para reconstruir zonas del pa\u00eds sino para humillar a los que hab\u00edan sido derrotados. Este libro de C\u00e9sar Broto Villegas viene a narrar lo expuesto desde las vivencias de un militante anarquista que, a pesar de todas las adversidades, siempre tuvo la valent\u00eda de mirar hacia adelante por sus ideales y sobrevivir a la larga noche de la dictadura que asol\u00f3 nuestro pa\u00eds.<\/p>\n<p>C\u00e9sar Broto Villegas. A los 11 a\u00f1os empez\u00f3 a trabajar en Lleida y se afili\u00f3 a la Sociedad de Impresores, tapadera de la Confederaci\u00f3n Nacional del Trabajo (CNT) en los a\u00f1os de clandestinidad con Primo de Rivera. Durante los a\u00f1os siguientes, militar\u00eda activamente en el anarcosindicalismo: secretario de la CNT leridana, fundador del peri\u00f3dico Acracia, cocreador del Ateneo Libertario, secretario de la Federaci\u00f3n Anarquista Ib\u00e9rica (FAI) de Lleida (1933-1936), secretario provincial de la CNT desde 1936, secretario de los Grupos de Defensa, etc. En 1936 se enrol\u00f3 en la Columna Durruti. Acabada la guerra, fue condenado a 15 a\u00f1os de prisi\u00f3n. All\u00ed colabor\u00f3 en la falsificaci\u00f3n y tr\u00e1fico de documentos para ayudar a compa\u00f1eros. Liberado despu\u00e9s de cuatro a\u00f1os, particip\u00f3 en la lucha clandestina, ocupando diferentes cargos. En 1945 fue secretario de la CNT catalana y posteriormente elegido secretario general de la CNT, detenido y transferido a Alcal\u00e1 de Henares. En 1947 es condenado a 30 a\u00f1os, pasando por las c\u00e1rceles de Alcal\u00e1, Oca\u00f1a, Dueso, Yeser\u00edas y San Miguel de los Reyes. Tras varios intentos de fuga, fue liberado en 1962. Nuevamente detenido en 1966, sufre varios d\u00edas de interrogatorios y finalmente se exilia a Francia. En 1980 volvi\u00f3 a la pen\u00ednsula y en los 90 se instala en La Pobla del Duc (Vall d&#8217;Albaida, Valencia). Colabor\u00f3 en El Chico, es autor de una autobiograf\u00eda, a cargo de Miguel \u00c1ngel Berg\u00e9s, La Lleida anarquista: memorias de un militante de la CNT durante la Rep\u00fablica, la guerra civil y el franquismo (2006). Dej\u00f3 in\u00e9dito el libro La gran trata de esclavos que ahora publicamos.<\/p>\n","protected":false},"excerpt":{"rendered":"<p><strong>Broto, C\u00e8sar<\/strong><br \/>\n9788412350708 &#8211; Anselmo Lorenzo &#8211; 2021 &#8211; 414 p\u00e1ginas \/orri.<\/p>\n","protected":false},"featured_media":7870,"template":"","meta":[],"product_brand":[],"product_cat":[185,16],"product_tag":[6095,561],"class_list":{"0":"post-7822","1":"product","2":"type-product","3":"status-publish","4":"has-post-thumbnail","6":"product_cat-historia","7":"product_cat-libros","8":"product_tag-cesar-broto","9":"product_tag-fundacion-anselmo-lorenzo","11":"first","12":"instock","13":"sold-individually","14":"shipping-taxable","15":"purchasable","16":"product-type-simple"},"yoast_head":"<!-- This site is optimized with the Yoast SEO plugin v27.3 - https:\/\/yoast.com\/product\/yoast-seo-wordpress\/ -->\n<title>La gran trata de esclavos &#8212; Zapateneo<\/title>\n<meta name=\"robots\" content=\"index, follow, max-snippet:-1, max-image-preview:large, max-video-preview:-1\" \/>\n<link rel=\"canonical\" href=\"https:\/\/zapateneo.net\/wordpress\/index.php\/producto\/la-gran-trata-de-esclavos\/\" \/>\n<meta property=\"og:locale\" content=\"es_ES\" \/>\n<meta property=\"og:type\" content=\"article\" \/>\n<meta property=\"og:title\" content=\"La gran trata de esclavos &#8212; Zapateneo\" \/>\n<meta property=\"og:description\" content=\"Broto, C\u00e8sar 9788412350708 - Anselmo Lorenzo - 2021 - 414 p\u00e1ginas \/orri.\" \/>\n<meta property=\"og:url\" content=\"https:\/\/zapateneo.net\/wordpress\/index.php\/producto\/la-gran-trata-de-esclavos\/\" \/>\n<meta property=\"og:site_name\" content=\"Zapateneo\" \/>\n<meta property=\"article:modified_time\" content=\"2023-04-12T14:54:05+00:00\" \/>\n<meta property=\"og:image\" content=\"https:\/\/zapateneo.net\/wordpress\/wp-content\/uploads\/2021\/09\/9788412350708.jpg\" \/>\n\t<meta property=\"og:image:width\" content=\"160\" \/>\n\t<meta property=\"og:image:height\" content=\"234\" \/>\n\t<meta property=\"og:image:type\" content=\"image\/jpeg\" \/>\n<meta name=\"twitter:card\" content=\"summary_large_image\" \/>\n<meta name=\"twitter:site\" content=\"@zapateneo\" \/>\n<meta name=\"twitter:label1\" content=\"Tiempo de lectura\" \/>\n\t<meta name=\"twitter:data1\" content=\"2 minutos\" \/>\n<script type=\"application\/ld+json\" class=\"yoast-schema-graph\">{\"@context\":\"https:\\\/\\\/schema.org\",\"@graph\":[{\"@type\":\"WebPage\",\"@id\":\"https:\\\/\\\/zapateneo.net\\\/wordpress\\\/index.php\\\/producto\\\/la-gran-trata-de-esclavos\\\/\",\"url\":\"https:\\\/\\\/zapateneo.net\\\/wordpress\\\/index.php\\\/producto\\\/la-gran-trata-de-esclavos\\\/\",\"name\":\"La gran trata de esclavos &#8212; Zapateneo\",\"isPartOf\":{\"@id\":\"https:\\\/\\\/zapateneo.net\\\/wordpress\\\/#website\"},\"primaryImageOfPage\":{\"@id\":\"https:\\\/\\\/zapateneo.net\\\/wordpress\\\/index.php\\\/producto\\\/la-gran-trata-de-esclavos\\\/#primaryimage\"},\"image\":{\"@id\":\"https:\\\/\\\/zapateneo.net\\\/wordpress\\\/index.php\\\/producto\\\/la-gran-trata-de-esclavos\\\/#primaryimage\"},\"thumbnailUrl\":\"https:\\\/\\\/zapateneo.net\\\/wordpress\\\/wp-content\\\/uploads\\\/2021\\\/09\\\/9788412350708.jpg\",\"datePublished\":\"2021-09-15T19:01:06+00:00\",\"dateModified\":\"2023-04-12T14:54:05+00:00\",\"breadcrumb\":{\"@id\":\"https:\\\/\\\/zapateneo.net\\\/wordpress\\\/index.php\\\/producto\\\/la-gran-trata-de-esclavos\\\/#breadcrumb\"},\"inLanguage\":\"es\",\"potentialAction\":[{\"@type\":\"ReadAction\",\"target\":[\"https:\\\/\\\/zapateneo.net\\\/wordpress\\\/index.php\\\/producto\\\/la-gran-trata-de-esclavos\\\/\"]}]},{\"@type\":\"ImageObject\",\"inLanguage\":\"es\",\"@id\":\"https:\\\/\\\/zapateneo.net\\\/wordpress\\\/index.php\\\/producto\\\/la-gran-trata-de-esclavos\\\/#primaryimage\",\"url\":\"https:\\\/\\\/zapateneo.net\\\/wordpress\\\/wp-content\\\/uploads\\\/2021\\\/09\\\/9788412350708.jpg\",\"contentUrl\":\"https:\\\/\\\/zapateneo.net\\\/wordpress\\\/wp-content\\\/uploads\\\/2021\\\/09\\\/9788412350708.jpg\",\"width\":160,\"height\":234},{\"@type\":\"BreadcrumbList\",\"@id\":\"https:\\\/\\\/zapateneo.net\\\/wordpress\\\/index.php\\\/producto\\\/la-gran-trata-de-esclavos\\\/#breadcrumb\",\"itemListElement\":[{\"@type\":\"ListItem\",\"position\":1,\"name\":\"Portada\",\"item\":\"https:\\\/\\\/zapateneo.net\\\/wordpress\\\/\"},{\"@type\":\"ListItem\",\"position\":2,\"name\":\"Tienda\",\"item\":\"https:\\\/\\\/zapateneo.net\\\/wordpress\\\/\"},{\"@type\":\"ListItem\",\"position\":3,\"name\":\"La gran trata de esclavos\"}]},{\"@type\":\"WebSite\",\"@id\":\"https:\\\/\\\/zapateneo.net\\\/wordpress\\\/#website\",\"url\":\"https:\\\/\\\/zapateneo.net\\\/wordpress\\\/\",\"name\":\"Zapateneo\",\"description\":\"Zapateneoaren webgunea\",\"publisher\":{\"@id\":\"https:\\\/\\\/zapateneo.net\\\/wordpress\\\/#organization\"},\"potentialAction\":[{\"@type\":\"SearchAction\",\"target\":{\"@type\":\"EntryPoint\",\"urlTemplate\":\"https:\\\/\\\/zapateneo.net\\\/wordpress\\\/?s={search_term_string}\"},\"query-input\":{\"@type\":\"PropertyValueSpecification\",\"valueRequired\":true,\"valueName\":\"search_term_string\"}}],\"inLanguage\":\"es\"},{\"@type\":\"Organization\",\"@id\":\"https:\\\/\\\/zapateneo.net\\\/wordpress\\\/#organization\",\"name\":\"Zapateneo Kultur Elkartea\",\"url\":\"https:\\\/\\\/zapateneo.net\\\/wordpress\\\/\",\"logo\":{\"@type\":\"ImageObject\",\"inLanguage\":\"es\",\"@id\":\"https:\\\/\\\/zapateneo.net\\\/wordpress\\\/#\\\/schema\\\/logo\\\/image\\\/\",\"url\":\"https:\\\/\\\/zapateneo.net\\\/wordpress\\\/wp-content\\\/uploads\\\/2021\\\/04\\\/zap-libu-kolec.jpg\",\"contentUrl\":\"https:\\\/\\\/zapateneo.net\\\/wordpress\\\/wp-content\\\/uploads\\\/2021\\\/04\\\/zap-libu-kolec.jpg\",\"width\":2234,\"height\":398,\"caption\":\"Zapateneo Kultur Elkartea\"},\"image\":{\"@id\":\"https:\\\/\\\/zapateneo.net\\\/wordpress\\\/#\\\/schema\\\/logo\\\/image\\\/\"},\"sameAs\":[\"https:\\\/\\\/x.com\\\/zapateneo\"]}]}<\/script>\n<!-- \/ Yoast SEO plugin. -->","yoast_head_json":{"title":"La gran trata de esclavos &#8212; Zapateneo","robots":{"index":"index","follow":"follow","max-snippet":"max-snippet:-1","max-image-preview":"max-image-preview:large","max-video-preview":"max-video-preview:-1"},"canonical":"https:\/\/zapateneo.net\/wordpress\/index.php\/producto\/la-gran-trata-de-esclavos\/","og_locale":"es_ES","og_type":"article","og_title":"La gran trata de esclavos &#8212; Zapateneo","og_description":"Broto, C\u00e8sar 9788412350708 - Anselmo Lorenzo - 2021 - 414 p\u00e1ginas \/orri.","og_url":"https:\/\/zapateneo.net\/wordpress\/index.php\/producto\/la-gran-trata-de-esclavos\/","og_site_name":"Zapateneo","article_modified_time":"2023-04-12T14:54:05+00:00","og_image":[{"width":160,"height":234,"url":"https:\/\/zapateneo.net\/wordpress\/wp-content\/uploads\/2021\/09\/9788412350708.jpg","type":"image\/jpeg"}],"twitter_card":"summary_large_image","twitter_site":"@zapateneo","twitter_misc":{"Tiempo de lectura":"2 minutos"},"schema":{"@context":"https:\/\/schema.org","@graph":[{"@type":"WebPage","@id":"https:\/\/zapateneo.net\/wordpress\/index.php\/producto\/la-gran-trata-de-esclavos\/","url":"https:\/\/zapateneo.net\/wordpress\/index.php\/producto\/la-gran-trata-de-esclavos\/","name":"La gran trata de esclavos &#8212; Zapateneo","isPartOf":{"@id":"https:\/\/zapateneo.net\/wordpress\/#website"},"primaryImageOfPage":{"@id":"https:\/\/zapateneo.net\/wordpress\/index.php\/producto\/la-gran-trata-de-esclavos\/#primaryimage"},"image":{"@id":"https:\/\/zapateneo.net\/wordpress\/index.php\/producto\/la-gran-trata-de-esclavos\/#primaryimage"},"thumbnailUrl":"https:\/\/zapateneo.net\/wordpress\/wp-content\/uploads\/2021\/09\/9788412350708.jpg","datePublished":"2021-09-15T19:01:06+00:00","dateModified":"2023-04-12T14:54:05+00:00","breadcrumb":{"@id":"https:\/\/zapateneo.net\/wordpress\/index.php\/producto\/la-gran-trata-de-esclavos\/#breadcrumb"},"inLanguage":"es","potentialAction":[{"@type":"ReadAction","target":["https:\/\/zapateneo.net\/wordpress\/index.php\/producto\/la-gran-trata-de-esclavos\/"]}]},{"@type":"ImageObject","inLanguage":"es","@id":"https:\/\/zapateneo.net\/wordpress\/index.php\/producto\/la-gran-trata-de-esclavos\/#primaryimage","url":"https:\/\/zapateneo.net\/wordpress\/wp-content\/uploads\/2021\/09\/9788412350708.jpg","contentUrl":"https:\/\/zapateneo.net\/wordpress\/wp-content\/uploads\/2021\/09\/9788412350708.jpg","width":160,"height":234},{"@type":"BreadcrumbList","@id":"https:\/\/zapateneo.net\/wordpress\/index.php\/producto\/la-gran-trata-de-esclavos\/#breadcrumb","itemListElement":[{"@type":"ListItem","position":1,"name":"Portada","item":"https:\/\/zapateneo.net\/wordpress\/"},{"@type":"ListItem","position":2,"name":"Tienda","item":"https:\/\/zapateneo.net\/wordpress\/"},{"@type":"ListItem","position":3,"name":"La gran trata de esclavos"}]},{"@type":"WebSite","@id":"https:\/\/zapateneo.net\/wordpress\/#website","url":"https:\/\/zapateneo.net\/wordpress\/","name":"Zapateneo","description":"Zapateneoaren webgunea","publisher":{"@id":"https:\/\/zapateneo.net\/wordpress\/#organization"},"potentialAction":[{"@type":"SearchAction","target":{"@type":"EntryPoint","urlTemplate":"https:\/\/zapateneo.net\/wordpress\/?s={search_term_string}"},"query-input":{"@type":"PropertyValueSpecification","valueRequired":true,"valueName":"search_term_string"}}],"inLanguage":"es"},{"@type":"Organization","@id":"https:\/\/zapateneo.net\/wordpress\/#organization","name":"Zapateneo Kultur Elkartea","url":"https:\/\/zapateneo.net\/wordpress\/","logo":{"@type":"ImageObject","inLanguage":"es","@id":"https:\/\/zapateneo.net\/wordpress\/#\/schema\/logo\/image\/","url":"https:\/\/zapateneo.net\/wordpress\/wp-content\/uploads\/2021\/04\/zap-libu-kolec.jpg","contentUrl":"https:\/\/zapateneo.net\/wordpress\/wp-content\/uploads\/2021\/04\/zap-libu-kolec.jpg","width":2234,"height":398,"caption":"Zapateneo Kultur Elkartea"},"image":{"@id":"https:\/\/zapateneo.net\/wordpress\/#\/schema\/logo\/image\/"},"sameAs":["https:\/\/x.com\/zapateneo"]}]}},"_links":{"self":[{"href":"https:\/\/zapateneo.net\/wordpress\/index.php\/wp-json\/wp\/v2\/product\/7822","targetHints":{"allow":["GET"]}}],"collection":[{"href":"https:\/\/zapateneo.net\/wordpress\/index.php\/wp-json\/wp\/v2\/product"}],"about":[{"href":"https:\/\/zapateneo.net\/wordpress\/index.php\/wp-json\/wp\/v2\/types\/product"}],"wp:featuredmedia":[{"embeddable":true,"href":"https:\/\/zapateneo.net\/wordpress\/index.php\/wp-json\/wp\/v2\/media\/7870"}],"wp:attachment":[{"href":"https:\/\/zapateneo.net\/wordpress\/index.php\/wp-json\/wp\/v2\/media?parent=7822"}],"wp:term":[{"taxonomy":"product_brand","embeddable":true,"href":"https:\/\/zapateneo.net\/wordpress\/index.php\/wp-json\/wp\/v2\/product_brand?post=7822"},{"taxonomy":"product_cat","embeddable":true,"href":"https:\/\/zapateneo.net\/wordpress\/index.php\/wp-json\/wp\/v2\/product_cat?post=7822"},{"taxonomy":"product_tag","embeddable":true,"href":"https:\/\/zapateneo.net\/wordpress\/index.php\/wp-json\/wp\/v2\/product_tag?post=7822"}],"curies":[{"name":"wp","href":"https:\/\/api.w.org\/{rel}","templated":true}]}}