{"id":7691,"date":"2021-05-07T17:35:59","date_gmt":"2021-05-07T16:35:59","guid":{"rendered":"https:\/\/zapateneo.net\/wordpress\/?post_type=product&#038;p=7691"},"modified":"2021-05-07T17:38:00","modified_gmt":"2021-05-07T16:38:00","slug":"la-contrarrevolucion-rusa-y-el-desarrollo-del-capitalismo","status":"publish","type":"product","link":"https:\/\/zapateneo.net\/wordpress\/index.php\/producto\/la-contrarrevolucion-rusa-y-el-desarrollo-del-capitalismo\/","title":{"rendered":"La contrarrevoluci\u00f3n rusa y el desarrollo del capitalismo"},"content":{"rendered":"<p>El mayor triunfo de la burgues\u00eda del siglo XX es haber hecho creer por doquier que lo que hab\u00eda en Rusia era socialismo, cuando en realidad la contrarrevoluci\u00f3n hab\u00eda triunfado y se desarrollaba el capitalismo. Este libro explica las bases conceptuales e hist\u00f3ricas de ese proceso que sigue pesando, en todo el mundo, contra la lucha revolucionaria para destruir el capitalismo, contra cualquier intento de abolir la explotaci\u00f3n del hombre por el hombre<\/p>\n<p>\u00cdndice:<br \/>\nPresentaci\u00f3n<br \/>\nLa concepci\u00f3n socialdem\u00f3crata de transici\u00f3n al socialismo<br \/>\n&#8211; La visi\u00f3n socialdem\u00f3crata<br \/>\n&#8211; Ideolog\u00edas economicistas y politicistas del pasaje al socialismo<br \/>\n&#8211; El gestionismo contra la revoluci\u00f3n<br \/>\n&#8211; El politicismo contra la revoluci\u00f3n<br \/>\n&#8211; Dictadura del proletariado &#8211; destrucci\u00f3n del Estado burgu\u00e9s<br \/>\n&#8211; Contra el utopismo<br \/>\n&#8211; La socialdemocracia y la cuesti\u00f3n rusa<br \/>\nContra el mito de la transformaci\u00f3n socialista:<br \/>\nLa pol\u00edtica econ\u00f3mica y social de los bolcheviques y la continuidad capitalista<br \/>\n&#8211; Introducci\u00f3n<br \/>\n&#8211; Dinero y comunidad<br \/>\n&#8211; Las debilidades de la revoluci\u00f3n<br \/>\n&#8211; La pol\u00edtica econ\u00f3mica y social de los bolcheviques en el poder. La orientaci\u00f3n general<br \/>\n&#8211; Las medidas concretas anunciadas por los bolcheviques. Significado, aplicaci\u00f3n y proyecci\u00f3n hist\u00f3rica<br \/>\n&#8211; Tentativa de controlar centralmente el capitalismo<br \/>\n&#8211; La lucha proletaria y las izquierdas comunistas contra la direcci\u00f3n del Estado<br \/>\n&#8211; La l\u00f3gica de conjunto que guiaba la pol\u00edtica econ\u00f3mica y social de los bolcheviques: Lenin y su visi\u00f3n apolog\u00e9tica del capitalismo<br \/>\n&#8211; Continuidad capitalista. Las confusiones de Lenin<br \/>\n&#8211; Dictadura sobre el capital o dictadura del capital<br \/>\n&#8211; Bolcheviques, revoluci\u00f3n y contrarrevoluci\u00f3n<br \/>\nTextos del Partido de los Socialistas-Revolucionarios de Izquierda (Internacionalistas)<br \/>\n&#8211; Presentaci\u00f3n<br \/>\n&#8211; Resoluci\u00f3n de los Socialistas-Revolucionarios sobre los acontecimientos de julio de 1918<br \/>\nLos acontecimientos del 4 al 7 de julio en Mosc\u00fa<br \/>\n&#8211; El terrorismo como medio de acci\u00f3n revolucionario<br \/>\nRevoluci\u00f3n y contrarrevoluci\u00f3n en Rusia<br \/>\n&#8211; Presentaci\u00f3n del texto de la Organizaci\u00f3n del Comunismo Revolucionario<br \/>\n&#8211; Revoluci\u00f3n y contrarrevoluci\u00f3n en Rusia. Publicado en el n\u00ba 10 de Le Proletaire (el proletario), \u00f3rgano del comunismo revolucionario.<br \/>\n&#8212;&#8211;<br \/>\n<a href=\"http:\/\/gci-icg.org\/books\/LaContrarrevolucionRusa.pdf\" target=\"_blank\" rel=\"noopener\">Descargar en pdf<\/a><\/p>\n","protected":false},"excerpt":{"rendered":"<p><strong>Grupo Comunista Internacionalista<\/strong><br \/>\n9789871523047 &#8211; Grupo Comunista internacionalista &#8211; 2009 &#8211; 143 p\u00e1ginas \/orri.<\/p>\n","protected":false},"featured_media":7701,"template":"","meta":[],"product_brand":[],"product_cat":[16,176],"product_tag":[1048],"class_list":{"0":"post-7691","1":"product","2":"type-product","3":"status-publish","4":"has-post-thumbnail","6":"product_cat-libros","7":"product_cat-marxismoa-marxismo","8":"product_tag-grupo-comunista-internacionalista","10":"first","11":"instock","12":"sold-individually","13":"shipping-taxable","14":"purchasable","15":"product-type-simple"},"yoast_head":"<!-- This site is optimized with the Yoast SEO plugin v27.3 - https:\/\/yoast.com\/product\/yoast-seo-wordpress\/ -->\n<title>La contrarrevoluci\u00f3n rusa y el desarrollo del capitalismo &#8212; Zapateneo<\/title>\n<meta name=\"robots\" content=\"index, follow, max-snippet:-1, max-image-preview:large, max-video-preview:-1\" \/>\n<link rel=\"canonical\" href=\"https:\/\/zapateneo.net\/wordpress\/index.php\/producto\/la-contrarrevolucion-rusa-y-el-desarrollo-del-capitalismo\/\" \/>\n<meta property=\"og:locale\" content=\"es_ES\" \/>\n<meta property=\"og:type\" content=\"article\" \/>\n<meta property=\"og:title\" content=\"La contrarrevoluci\u00f3n rusa y el desarrollo del capitalismo &#8212; Zapateneo\" \/>\n<meta property=\"og:description\" content=\"Grupo Comunista Internacionalista 9789871523047 - Grupo Comunista internacionalista - 2009 - 143 p\u00e1ginas \/orri.\" \/>\n<meta property=\"og:url\" content=\"https:\/\/zapateneo.net\/wordpress\/index.php\/producto\/la-contrarrevolucion-rusa-y-el-desarrollo-del-capitalismo\/\" \/>\n<meta property=\"og:site_name\" content=\"Zapateneo\" \/>\n<meta property=\"article:modified_time\" content=\"2021-05-07T16:38:00+00:00\" \/>\n<meta property=\"og:image\" content=\"https:\/\/zapateneo.net\/wordpress\/wp-content\/uploads\/2021\/05\/9789871523047.jpg\" \/>\n\t<meta property=\"og:image:width\" content=\"188\" \/>\n\t<meta property=\"og:image:height\" content=\"260\" \/>\n\t<meta property=\"og:image:type\" content=\"image\/jpeg\" \/>\n<meta name=\"twitter:card\" content=\"summary_large_image\" \/>\n<meta name=\"twitter:site\" content=\"@zapateneo\" \/>\n<meta name=\"twitter:label1\" content=\"Tiempo de lectura\" \/>\n\t<meta name=\"twitter:data1\" content=\"2 minutos\" \/>\n<script type=\"application\/ld+json\" class=\"yoast-schema-graph\">{\"@context\":\"https:\\\/\\\/schema.org\",\"@graph\":[{\"@type\":\"WebPage\",\"@id\":\"https:\\\/\\\/zapateneo.net\\\/wordpress\\\/index.php\\\/producto\\\/la-contrarrevolucion-rusa-y-el-desarrollo-del-capitalismo\\\/\",\"url\":\"https:\\\/\\\/zapateneo.net\\\/wordpress\\\/index.php\\\/producto\\\/la-contrarrevolucion-rusa-y-el-desarrollo-del-capitalismo\\\/\",\"name\":\"La contrarrevoluci\u00f3n rusa y el desarrollo del capitalismo &#8212; Zapateneo\",\"isPartOf\":{\"@id\":\"https:\\\/\\\/zapateneo.net\\\/wordpress\\\/#website\"},\"primaryImageOfPage\":{\"@id\":\"https:\\\/\\\/zapateneo.net\\\/wordpress\\\/index.php\\\/producto\\\/la-contrarrevolucion-rusa-y-el-desarrollo-del-capitalismo\\\/#primaryimage\"},\"image\":{\"@id\":\"https:\\\/\\\/zapateneo.net\\\/wordpress\\\/index.php\\\/producto\\\/la-contrarrevolucion-rusa-y-el-desarrollo-del-capitalismo\\\/#primaryimage\"},\"thumbnailUrl\":\"https:\\\/\\\/zapateneo.net\\\/wordpress\\\/wp-content\\\/uploads\\\/2021\\\/05\\\/9789871523047.jpg\",\"datePublished\":\"2021-05-07T16:35:59+00:00\",\"dateModified\":\"2021-05-07T16:38:00+00:00\",\"breadcrumb\":{\"@id\":\"https:\\\/\\\/zapateneo.net\\\/wordpress\\\/index.php\\\/producto\\\/la-contrarrevolucion-rusa-y-el-desarrollo-del-capitalismo\\\/#breadcrumb\"},\"inLanguage\":\"es\",\"potentialAction\":[{\"@type\":\"ReadAction\",\"target\":[\"https:\\\/\\\/zapateneo.net\\\/wordpress\\\/index.php\\\/producto\\\/la-contrarrevolucion-rusa-y-el-desarrollo-del-capitalismo\\\/\"]}]},{\"@type\":\"ImageObject\",\"inLanguage\":\"es\",\"@id\":\"https:\\\/\\\/zapateneo.net\\\/wordpress\\\/index.php\\\/producto\\\/la-contrarrevolucion-rusa-y-el-desarrollo-del-capitalismo\\\/#primaryimage\",\"url\":\"https:\\\/\\\/zapateneo.net\\\/wordpress\\\/wp-content\\\/uploads\\\/2021\\\/05\\\/9789871523047.jpg\",\"contentUrl\":\"https:\\\/\\\/zapateneo.net\\\/wordpress\\\/wp-content\\\/uploads\\\/2021\\\/05\\\/9789871523047.jpg\",\"width\":188,\"height\":260},{\"@type\":\"BreadcrumbList\",\"@id\":\"https:\\\/\\\/zapateneo.net\\\/wordpress\\\/index.php\\\/producto\\\/la-contrarrevolucion-rusa-y-el-desarrollo-del-capitalismo\\\/#breadcrumb\",\"itemListElement\":[{\"@type\":\"ListItem\",\"position\":1,\"name\":\"Portada\",\"item\":\"https:\\\/\\\/zapateneo.net\\\/wordpress\\\/\"},{\"@type\":\"ListItem\",\"position\":2,\"name\":\"Tienda\",\"item\":\"https:\\\/\\\/zapateneo.net\\\/wordpress\\\/\"},{\"@type\":\"ListItem\",\"position\":3,\"name\":\"La contrarrevoluci\u00f3n rusa y el desarrollo del capitalismo\"}]},{\"@type\":\"WebSite\",\"@id\":\"https:\\\/\\\/zapateneo.net\\\/wordpress\\\/#website\",\"url\":\"https:\\\/\\\/zapateneo.net\\\/wordpress\\\/\",\"name\":\"Zapateneo\",\"description\":\"Zapateneoaren webgunea\",\"publisher\":{\"@id\":\"https:\\\/\\\/zapateneo.net\\\/wordpress\\\/#organization\"},\"potentialAction\":[{\"@type\":\"SearchAction\",\"target\":{\"@type\":\"EntryPoint\",\"urlTemplate\":\"https:\\\/\\\/zapateneo.net\\\/wordpress\\\/?s={search_term_string}\"},\"query-input\":{\"@type\":\"PropertyValueSpecification\",\"valueRequired\":true,\"valueName\":\"search_term_string\"}}],\"inLanguage\":\"es\"},{\"@type\":\"Organization\",\"@id\":\"https:\\\/\\\/zapateneo.net\\\/wordpress\\\/#organization\",\"name\":\"Zapateneo Kultur Elkartea\",\"url\":\"https:\\\/\\\/zapateneo.net\\\/wordpress\\\/\",\"logo\":{\"@type\":\"ImageObject\",\"inLanguage\":\"es\",\"@id\":\"https:\\\/\\\/zapateneo.net\\\/wordpress\\\/#\\\/schema\\\/logo\\\/image\\\/\",\"url\":\"https:\\\/\\\/zapateneo.net\\\/wordpress\\\/wp-content\\\/uploads\\\/2021\\\/04\\\/zap-libu-kolec.jpg\",\"contentUrl\":\"https:\\\/\\\/zapateneo.net\\\/wordpress\\\/wp-content\\\/uploads\\\/2021\\\/04\\\/zap-libu-kolec.jpg\",\"width\":2234,\"height\":398,\"caption\":\"Zapateneo Kultur Elkartea\"},\"image\":{\"@id\":\"https:\\\/\\\/zapateneo.net\\\/wordpress\\\/#\\\/schema\\\/logo\\\/image\\\/\"},\"sameAs\":[\"https:\\\/\\\/x.com\\\/zapateneo\"]}]}<\/script>\n<!-- \/ Yoast SEO plugin. -->","yoast_head_json":{"title":"La contrarrevoluci\u00f3n rusa y el desarrollo del capitalismo &#8212; Zapateneo","robots":{"index":"index","follow":"follow","max-snippet":"max-snippet:-1","max-image-preview":"max-image-preview:large","max-video-preview":"max-video-preview:-1"},"canonical":"https:\/\/zapateneo.net\/wordpress\/index.php\/producto\/la-contrarrevolucion-rusa-y-el-desarrollo-del-capitalismo\/","og_locale":"es_ES","og_type":"article","og_title":"La contrarrevoluci\u00f3n rusa y el desarrollo del capitalismo &#8212; Zapateneo","og_description":"Grupo Comunista Internacionalista 9789871523047 - Grupo Comunista internacionalista - 2009 - 143 p\u00e1ginas \/orri.","og_url":"https:\/\/zapateneo.net\/wordpress\/index.php\/producto\/la-contrarrevolucion-rusa-y-el-desarrollo-del-capitalismo\/","og_site_name":"Zapateneo","article_modified_time":"2021-05-07T16:38:00+00:00","og_image":[{"width":188,"height":260,"url":"https:\/\/zapateneo.net\/wordpress\/wp-content\/uploads\/2021\/05\/9789871523047.jpg","type":"image\/jpeg"}],"twitter_card":"summary_large_image","twitter_site":"@zapateneo","twitter_misc":{"Tiempo de lectura":"2 minutos"},"schema":{"@context":"https:\/\/schema.org","@graph":[{"@type":"WebPage","@id":"https:\/\/zapateneo.net\/wordpress\/index.php\/producto\/la-contrarrevolucion-rusa-y-el-desarrollo-del-capitalismo\/","url":"https:\/\/zapateneo.net\/wordpress\/index.php\/producto\/la-contrarrevolucion-rusa-y-el-desarrollo-del-capitalismo\/","name":"La contrarrevoluci\u00f3n rusa y el desarrollo del capitalismo &#8212; Zapateneo","isPartOf":{"@id":"https:\/\/zapateneo.net\/wordpress\/#website"},"primaryImageOfPage":{"@id":"https:\/\/zapateneo.net\/wordpress\/index.php\/producto\/la-contrarrevolucion-rusa-y-el-desarrollo-del-capitalismo\/#primaryimage"},"image":{"@id":"https:\/\/zapateneo.net\/wordpress\/index.php\/producto\/la-contrarrevolucion-rusa-y-el-desarrollo-del-capitalismo\/#primaryimage"},"thumbnailUrl":"https:\/\/zapateneo.net\/wordpress\/wp-content\/uploads\/2021\/05\/9789871523047.jpg","datePublished":"2021-05-07T16:35:59+00:00","dateModified":"2021-05-07T16:38:00+00:00","breadcrumb":{"@id":"https:\/\/zapateneo.net\/wordpress\/index.php\/producto\/la-contrarrevolucion-rusa-y-el-desarrollo-del-capitalismo\/#breadcrumb"},"inLanguage":"es","potentialAction":[{"@type":"ReadAction","target":["https:\/\/zapateneo.net\/wordpress\/index.php\/producto\/la-contrarrevolucion-rusa-y-el-desarrollo-del-capitalismo\/"]}]},{"@type":"ImageObject","inLanguage":"es","@id":"https:\/\/zapateneo.net\/wordpress\/index.php\/producto\/la-contrarrevolucion-rusa-y-el-desarrollo-del-capitalismo\/#primaryimage","url":"https:\/\/zapateneo.net\/wordpress\/wp-content\/uploads\/2021\/05\/9789871523047.jpg","contentUrl":"https:\/\/zapateneo.net\/wordpress\/wp-content\/uploads\/2021\/05\/9789871523047.jpg","width":188,"height":260},{"@type":"BreadcrumbList","@id":"https:\/\/zapateneo.net\/wordpress\/index.php\/producto\/la-contrarrevolucion-rusa-y-el-desarrollo-del-capitalismo\/#breadcrumb","itemListElement":[{"@type":"ListItem","position":1,"name":"Portada","item":"https:\/\/zapateneo.net\/wordpress\/"},{"@type":"ListItem","position":2,"name":"Tienda","item":"https:\/\/zapateneo.net\/wordpress\/"},{"@type":"ListItem","position":3,"name":"La contrarrevoluci\u00f3n rusa y el desarrollo del capitalismo"}]},{"@type":"WebSite","@id":"https:\/\/zapateneo.net\/wordpress\/#website","url":"https:\/\/zapateneo.net\/wordpress\/","name":"Zapateneo","description":"Zapateneoaren webgunea","publisher":{"@id":"https:\/\/zapateneo.net\/wordpress\/#organization"},"potentialAction":[{"@type":"SearchAction","target":{"@type":"EntryPoint","urlTemplate":"https:\/\/zapateneo.net\/wordpress\/?s={search_term_string}"},"query-input":{"@type":"PropertyValueSpecification","valueRequired":true,"valueName":"search_term_string"}}],"inLanguage":"es"},{"@type":"Organization","@id":"https:\/\/zapateneo.net\/wordpress\/#organization","name":"Zapateneo Kultur Elkartea","url":"https:\/\/zapateneo.net\/wordpress\/","logo":{"@type":"ImageObject","inLanguage":"es","@id":"https:\/\/zapateneo.net\/wordpress\/#\/schema\/logo\/image\/","url":"https:\/\/zapateneo.net\/wordpress\/wp-content\/uploads\/2021\/04\/zap-libu-kolec.jpg","contentUrl":"https:\/\/zapateneo.net\/wordpress\/wp-content\/uploads\/2021\/04\/zap-libu-kolec.jpg","width":2234,"height":398,"caption":"Zapateneo Kultur Elkartea"},"image":{"@id":"https:\/\/zapateneo.net\/wordpress\/#\/schema\/logo\/image\/"},"sameAs":["https:\/\/x.com\/zapateneo"]}]}},"_links":{"self":[{"href":"https:\/\/zapateneo.net\/wordpress\/index.php\/wp-json\/wp\/v2\/product\/7691","targetHints":{"allow":["GET"]}}],"collection":[{"href":"https:\/\/zapateneo.net\/wordpress\/index.php\/wp-json\/wp\/v2\/product"}],"about":[{"href":"https:\/\/zapateneo.net\/wordpress\/index.php\/wp-json\/wp\/v2\/types\/product"}],"wp:featuredmedia":[{"embeddable":true,"href":"https:\/\/zapateneo.net\/wordpress\/index.php\/wp-json\/wp\/v2\/media\/7701"}],"wp:attachment":[{"href":"https:\/\/zapateneo.net\/wordpress\/index.php\/wp-json\/wp\/v2\/media?parent=7691"}],"wp:term":[{"taxonomy":"product_brand","embeddable":true,"href":"https:\/\/zapateneo.net\/wordpress\/index.php\/wp-json\/wp\/v2\/product_brand?post=7691"},{"taxonomy":"product_cat","embeddable":true,"href":"https:\/\/zapateneo.net\/wordpress\/index.php\/wp-json\/wp\/v2\/product_cat?post=7691"},{"taxonomy":"product_tag","embeddable":true,"href":"https:\/\/zapateneo.net\/wordpress\/index.php\/wp-json\/wp\/v2\/product_tag?post=7691"}],"curies":[{"name":"wp","href":"https:\/\/api.w.org\/{rel}","templated":true}]}}