{"id":7688,"date":"2021-05-07T17:35:58","date_gmt":"2021-05-07T16:35:58","guid":{"rendered":"https:\/\/zapateneo.net\/wordpress\/?post_type=product&#038;p=7688"},"modified":"2022-10-26T19:39:20","modified_gmt":"2022-10-26T18:39:20","slug":"el-papel-de-la-ideologia-bolchevique-en-la-aparicion-de-la-burocracia-la-oposicion-obrera","status":"publish","type":"product","link":"https:\/\/zapateneo.net\/wordpress\/index.php\/producto\/el-papel-de-la-ideologia-bolchevique-en-la-aparicion-de-la-burocracia-la-oposicion-obrera\/","title":{"rendered":"El papel de la ideolog\u00eda bolchevique en la aparici\u00f3n de la burocracia-La oposici\u00f3n obrera"},"content":{"rendered":"<p>El folleto de Alexandra Kollontai: La oposici\u00f3n obrera apareci\u00f3 en Mosc\u00fa en 1921, durante la violenta controversia que precedi\u00f3 al 20 Congreso del Partido Bolchevique y que el propio Congreso deb\u00eda cerrar igual que todas las dem\u00e1s. A\u00fan no se ha terminado de hablar acerca de la Revoluci\u00f3n Rusa, de sus problemas, de su degeneraci\u00f3n, del r\u00e9gimen que finalmente ha producido. \u00bfY c\u00f3mo habr\u00eda de terminarse de hablar? En ella comb\u00ednanse la \u00fanica revuelta victoriosa de cuantas ha protagonizado la clase obrera y, adem\u00e1s, el m\u00e1s hondo y revelador de todos sus fracasos.<\/p>\n","protected":false},"excerpt":{"rendered":"<p><strong>Paul Cardan &#8211; Alejandra Kolontai<\/strong><br \/>\n20151228000099 &#8211; castellote editor-colecci\u00f3n b\u00e1sica 15 &#8211; 1976 &#8211; 127 p\u00e1ginas \/orri.<\/p>\n","protected":false},"featured_media":7698,"template":"","meta":[],"product_brand":[],"product_cat":[16,176],"product_tag":[1733,1732],"class_list":{"0":"post-7688","1":"product","2":"type-product","3":"status-publish","4":"has-post-thumbnail","6":"product_cat-libros","7":"product_cat-marxismoa-marxismo","8":"product_tag-castellote-editor-coleccion-basica-15","9":"product_tag-paul-cardan-alejandra-kolontai","11":"first","12":"outofstock","13":"sold-individually","14":"shipping-taxable","15":"purchasable","16":"product-type-simple"},"yoast_head":"<!-- This site is optimized with the Yoast SEO plugin v27.3 - https:\/\/yoast.com\/product\/yoast-seo-wordpress\/ -->\n<title>El papel de la ideolog\u00eda bolchevique en la aparici\u00f3n de la burocracia-La oposici\u00f3n obrera &#8212; Zapateneo<\/title>\n<meta name=\"robots\" content=\"index, follow, max-snippet:-1, max-image-preview:large, max-video-preview:-1\" \/>\n<link rel=\"canonical\" href=\"https:\/\/zapateneo.net\/wordpress\/index.php\/producto\/el-papel-de-la-ideologia-bolchevique-en-la-aparicion-de-la-burocracia-la-oposicion-obrera\/\" \/>\n<meta property=\"og:locale\" content=\"es_ES\" \/>\n<meta property=\"og:type\" content=\"article\" \/>\n<meta property=\"og:title\" content=\"El papel de la ideolog\u00eda bolchevique en la aparici\u00f3n de la burocracia-La oposici\u00f3n obrera &#8212; Zapateneo\" \/>\n<meta property=\"og:description\" content=\"Paul Cardan - Alejandra Kolontai 20151228000099 - castellote editor-colecci\u00f3n b\u00e1sica 15 - 1976 - 127 p\u00e1ginas \/orri.\" \/>\n<meta property=\"og:url\" content=\"https:\/\/zapateneo.net\/wordpress\/index.php\/producto\/el-papel-de-la-ideologia-bolchevique-en-la-aparicion-de-la-burocracia-la-oposicion-obrera\/\" \/>\n<meta property=\"og:site_name\" content=\"Zapateneo\" \/>\n<meta property=\"article:modified_time\" content=\"2022-10-26T18:39:20+00:00\" \/>\n<meta property=\"og:image\" content=\"https:\/\/zapateneo.net\/wordpress\/wp-content\/uploads\/2021\/05\/978847259056.jpg\" \/>\n\t<meta property=\"og:image:width\" content=\"281\" \/>\n\t<meta property=\"og:image:height\" content=\"400\" \/>\n\t<meta property=\"og:image:type\" content=\"image\/jpeg\" \/>\n<meta name=\"twitter:card\" content=\"summary_large_image\" \/>\n<meta name=\"twitter:site\" content=\"@zapateneo\" \/>\n<meta name=\"twitter:label1\" content=\"Tiempo de lectura\" \/>\n\t<meta name=\"twitter:data1\" content=\"1 minuto\" \/>\n<script type=\"application\/ld+json\" class=\"yoast-schema-graph\">{\"@context\":\"https:\\\/\\\/schema.org\",\"@graph\":[{\"@type\":\"WebPage\",\"@id\":\"https:\\\/\\\/zapateneo.net\\\/wordpress\\\/index.php\\\/producto\\\/el-papel-de-la-ideologia-bolchevique-en-la-aparicion-de-la-burocracia-la-oposicion-obrera\\\/\",\"url\":\"https:\\\/\\\/zapateneo.net\\\/wordpress\\\/index.php\\\/producto\\\/el-papel-de-la-ideologia-bolchevique-en-la-aparicion-de-la-burocracia-la-oposicion-obrera\\\/\",\"name\":\"El papel de la ideolog\u00eda bolchevique en la aparici\u00f3n de la burocracia-La oposici\u00f3n obrera &#8212; Zapateneo\",\"isPartOf\":{\"@id\":\"https:\\\/\\\/zapateneo.net\\\/wordpress\\\/#website\"},\"primaryImageOfPage\":{\"@id\":\"https:\\\/\\\/zapateneo.net\\\/wordpress\\\/index.php\\\/producto\\\/el-papel-de-la-ideologia-bolchevique-en-la-aparicion-de-la-burocracia-la-oposicion-obrera\\\/#primaryimage\"},\"image\":{\"@id\":\"https:\\\/\\\/zapateneo.net\\\/wordpress\\\/index.php\\\/producto\\\/el-papel-de-la-ideologia-bolchevique-en-la-aparicion-de-la-burocracia-la-oposicion-obrera\\\/#primaryimage\"},\"thumbnailUrl\":\"https:\\\/\\\/zapateneo.net\\\/wordpress\\\/wp-content\\\/uploads\\\/2021\\\/05\\\/978847259056.jpg\",\"datePublished\":\"2021-05-07T16:35:58+00:00\",\"dateModified\":\"2022-10-26T18:39:20+00:00\",\"breadcrumb\":{\"@id\":\"https:\\\/\\\/zapateneo.net\\\/wordpress\\\/index.php\\\/producto\\\/el-papel-de-la-ideologia-bolchevique-en-la-aparicion-de-la-burocracia-la-oposicion-obrera\\\/#breadcrumb\"},\"inLanguage\":\"es\",\"potentialAction\":[{\"@type\":\"ReadAction\",\"target\":[\"https:\\\/\\\/zapateneo.net\\\/wordpress\\\/index.php\\\/producto\\\/el-papel-de-la-ideologia-bolchevique-en-la-aparicion-de-la-burocracia-la-oposicion-obrera\\\/\"]}]},{\"@type\":\"ImageObject\",\"inLanguage\":\"es\",\"@id\":\"https:\\\/\\\/zapateneo.net\\\/wordpress\\\/index.php\\\/producto\\\/el-papel-de-la-ideologia-bolchevique-en-la-aparicion-de-la-burocracia-la-oposicion-obrera\\\/#primaryimage\",\"url\":\"https:\\\/\\\/zapateneo.net\\\/wordpress\\\/wp-content\\\/uploads\\\/2021\\\/05\\\/978847259056.jpg\",\"contentUrl\":\"https:\\\/\\\/zapateneo.net\\\/wordpress\\\/wp-content\\\/uploads\\\/2021\\\/05\\\/978847259056.jpg\",\"width\":281,\"height\":400},{\"@type\":\"BreadcrumbList\",\"@id\":\"https:\\\/\\\/zapateneo.net\\\/wordpress\\\/index.php\\\/producto\\\/el-papel-de-la-ideologia-bolchevique-en-la-aparicion-de-la-burocracia-la-oposicion-obrera\\\/#breadcrumb\",\"itemListElement\":[{\"@type\":\"ListItem\",\"position\":1,\"name\":\"Portada\",\"item\":\"https:\\\/\\\/zapateneo.net\\\/wordpress\\\/\"},{\"@type\":\"ListItem\",\"position\":2,\"name\":\"Tienda\",\"item\":\"https:\\\/\\\/zapateneo.net\\\/wordpress\\\/\"},{\"@type\":\"ListItem\",\"position\":3,\"name\":\"El papel de la ideolog\u00eda bolchevique en la aparici\u00f3n de la burocracia-La oposici\u00f3n obrera\"}]},{\"@type\":\"WebSite\",\"@id\":\"https:\\\/\\\/zapateneo.net\\\/wordpress\\\/#website\",\"url\":\"https:\\\/\\\/zapateneo.net\\\/wordpress\\\/\",\"name\":\"Zapateneo\",\"description\":\"Zapateneoaren webgunea\",\"publisher\":{\"@id\":\"https:\\\/\\\/zapateneo.net\\\/wordpress\\\/#organization\"},\"potentialAction\":[{\"@type\":\"SearchAction\",\"target\":{\"@type\":\"EntryPoint\",\"urlTemplate\":\"https:\\\/\\\/zapateneo.net\\\/wordpress\\\/?s={search_term_string}\"},\"query-input\":{\"@type\":\"PropertyValueSpecification\",\"valueRequired\":true,\"valueName\":\"search_term_string\"}}],\"inLanguage\":\"es\"},{\"@type\":\"Organization\",\"@id\":\"https:\\\/\\\/zapateneo.net\\\/wordpress\\\/#organization\",\"name\":\"Zapateneo Kultur Elkartea\",\"url\":\"https:\\\/\\\/zapateneo.net\\\/wordpress\\\/\",\"logo\":{\"@type\":\"ImageObject\",\"inLanguage\":\"es\",\"@id\":\"https:\\\/\\\/zapateneo.net\\\/wordpress\\\/#\\\/schema\\\/logo\\\/image\\\/\",\"url\":\"https:\\\/\\\/zapateneo.net\\\/wordpress\\\/wp-content\\\/uploads\\\/2021\\\/04\\\/zap-libu-kolec.jpg\",\"contentUrl\":\"https:\\\/\\\/zapateneo.net\\\/wordpress\\\/wp-content\\\/uploads\\\/2021\\\/04\\\/zap-libu-kolec.jpg\",\"width\":2234,\"height\":398,\"caption\":\"Zapateneo Kultur Elkartea\"},\"image\":{\"@id\":\"https:\\\/\\\/zapateneo.net\\\/wordpress\\\/#\\\/schema\\\/logo\\\/image\\\/\"},\"sameAs\":[\"https:\\\/\\\/x.com\\\/zapateneo\"]}]}<\/script>\n<!-- \/ Yoast SEO plugin. -->","yoast_head_json":{"title":"El papel de la ideolog\u00eda bolchevique en la aparici\u00f3n de la burocracia-La oposici\u00f3n obrera &#8212; Zapateneo","robots":{"index":"index","follow":"follow","max-snippet":"max-snippet:-1","max-image-preview":"max-image-preview:large","max-video-preview":"max-video-preview:-1"},"canonical":"https:\/\/zapateneo.net\/wordpress\/index.php\/producto\/el-papel-de-la-ideologia-bolchevique-en-la-aparicion-de-la-burocracia-la-oposicion-obrera\/","og_locale":"es_ES","og_type":"article","og_title":"El papel de la ideolog\u00eda bolchevique en la aparici\u00f3n de la burocracia-La oposici\u00f3n obrera &#8212; Zapateneo","og_description":"Paul Cardan - Alejandra Kolontai 20151228000099 - castellote editor-colecci\u00f3n b\u00e1sica 15 - 1976 - 127 p\u00e1ginas \/orri.","og_url":"https:\/\/zapateneo.net\/wordpress\/index.php\/producto\/el-papel-de-la-ideologia-bolchevique-en-la-aparicion-de-la-burocracia-la-oposicion-obrera\/","og_site_name":"Zapateneo","article_modified_time":"2022-10-26T18:39:20+00:00","og_image":[{"width":281,"height":400,"url":"https:\/\/zapateneo.net\/wordpress\/wp-content\/uploads\/2021\/05\/978847259056.jpg","type":"image\/jpeg"}],"twitter_card":"summary_large_image","twitter_site":"@zapateneo","twitter_misc":{"Tiempo de lectura":"1 minuto"},"schema":{"@context":"https:\/\/schema.org","@graph":[{"@type":"WebPage","@id":"https:\/\/zapateneo.net\/wordpress\/index.php\/producto\/el-papel-de-la-ideologia-bolchevique-en-la-aparicion-de-la-burocracia-la-oposicion-obrera\/","url":"https:\/\/zapateneo.net\/wordpress\/index.php\/producto\/el-papel-de-la-ideologia-bolchevique-en-la-aparicion-de-la-burocracia-la-oposicion-obrera\/","name":"El papel de la ideolog\u00eda bolchevique en la aparici\u00f3n de la burocracia-La oposici\u00f3n obrera &#8212; Zapateneo","isPartOf":{"@id":"https:\/\/zapateneo.net\/wordpress\/#website"},"primaryImageOfPage":{"@id":"https:\/\/zapateneo.net\/wordpress\/index.php\/producto\/el-papel-de-la-ideologia-bolchevique-en-la-aparicion-de-la-burocracia-la-oposicion-obrera\/#primaryimage"},"image":{"@id":"https:\/\/zapateneo.net\/wordpress\/index.php\/producto\/el-papel-de-la-ideologia-bolchevique-en-la-aparicion-de-la-burocracia-la-oposicion-obrera\/#primaryimage"},"thumbnailUrl":"https:\/\/zapateneo.net\/wordpress\/wp-content\/uploads\/2021\/05\/978847259056.jpg","datePublished":"2021-05-07T16:35:58+00:00","dateModified":"2022-10-26T18:39:20+00:00","breadcrumb":{"@id":"https:\/\/zapateneo.net\/wordpress\/index.php\/producto\/el-papel-de-la-ideologia-bolchevique-en-la-aparicion-de-la-burocracia-la-oposicion-obrera\/#breadcrumb"},"inLanguage":"es","potentialAction":[{"@type":"ReadAction","target":["https:\/\/zapateneo.net\/wordpress\/index.php\/producto\/el-papel-de-la-ideologia-bolchevique-en-la-aparicion-de-la-burocracia-la-oposicion-obrera\/"]}]},{"@type":"ImageObject","inLanguage":"es","@id":"https:\/\/zapateneo.net\/wordpress\/index.php\/producto\/el-papel-de-la-ideologia-bolchevique-en-la-aparicion-de-la-burocracia-la-oposicion-obrera\/#primaryimage","url":"https:\/\/zapateneo.net\/wordpress\/wp-content\/uploads\/2021\/05\/978847259056.jpg","contentUrl":"https:\/\/zapateneo.net\/wordpress\/wp-content\/uploads\/2021\/05\/978847259056.jpg","width":281,"height":400},{"@type":"BreadcrumbList","@id":"https:\/\/zapateneo.net\/wordpress\/index.php\/producto\/el-papel-de-la-ideologia-bolchevique-en-la-aparicion-de-la-burocracia-la-oposicion-obrera\/#breadcrumb","itemListElement":[{"@type":"ListItem","position":1,"name":"Portada","item":"https:\/\/zapateneo.net\/wordpress\/"},{"@type":"ListItem","position":2,"name":"Tienda","item":"https:\/\/zapateneo.net\/wordpress\/"},{"@type":"ListItem","position":3,"name":"El papel de la ideolog\u00eda bolchevique en la aparici\u00f3n de la burocracia-La oposici\u00f3n obrera"}]},{"@type":"WebSite","@id":"https:\/\/zapateneo.net\/wordpress\/#website","url":"https:\/\/zapateneo.net\/wordpress\/","name":"Zapateneo","description":"Zapateneoaren webgunea","publisher":{"@id":"https:\/\/zapateneo.net\/wordpress\/#organization"},"potentialAction":[{"@type":"SearchAction","target":{"@type":"EntryPoint","urlTemplate":"https:\/\/zapateneo.net\/wordpress\/?s={search_term_string}"},"query-input":{"@type":"PropertyValueSpecification","valueRequired":true,"valueName":"search_term_string"}}],"inLanguage":"es"},{"@type":"Organization","@id":"https:\/\/zapateneo.net\/wordpress\/#organization","name":"Zapateneo Kultur Elkartea","url":"https:\/\/zapateneo.net\/wordpress\/","logo":{"@type":"ImageObject","inLanguage":"es","@id":"https:\/\/zapateneo.net\/wordpress\/#\/schema\/logo\/image\/","url":"https:\/\/zapateneo.net\/wordpress\/wp-content\/uploads\/2021\/04\/zap-libu-kolec.jpg","contentUrl":"https:\/\/zapateneo.net\/wordpress\/wp-content\/uploads\/2021\/04\/zap-libu-kolec.jpg","width":2234,"height":398,"caption":"Zapateneo Kultur Elkartea"},"image":{"@id":"https:\/\/zapateneo.net\/wordpress\/#\/schema\/logo\/image\/"},"sameAs":["https:\/\/x.com\/zapateneo"]}]}},"_links":{"self":[{"href":"https:\/\/zapateneo.net\/wordpress\/index.php\/wp-json\/wp\/v2\/product\/7688","targetHints":{"allow":["GET"]}}],"collection":[{"href":"https:\/\/zapateneo.net\/wordpress\/index.php\/wp-json\/wp\/v2\/product"}],"about":[{"href":"https:\/\/zapateneo.net\/wordpress\/index.php\/wp-json\/wp\/v2\/types\/product"}],"wp:featuredmedia":[{"embeddable":true,"href":"https:\/\/zapateneo.net\/wordpress\/index.php\/wp-json\/wp\/v2\/media\/7698"}],"wp:attachment":[{"href":"https:\/\/zapateneo.net\/wordpress\/index.php\/wp-json\/wp\/v2\/media?parent=7688"}],"wp:term":[{"taxonomy":"product_brand","embeddable":true,"href":"https:\/\/zapateneo.net\/wordpress\/index.php\/wp-json\/wp\/v2\/product_brand?post=7688"},{"taxonomy":"product_cat","embeddable":true,"href":"https:\/\/zapateneo.net\/wordpress\/index.php\/wp-json\/wp\/v2\/product_cat?post=7688"},{"taxonomy":"product_tag","embeddable":true,"href":"https:\/\/zapateneo.net\/wordpress\/index.php\/wp-json\/wp\/v2\/product_tag?post=7688"}],"curies":[{"name":"wp","href":"https:\/\/api.w.org\/{rel}","templated":true}]}}