{"id":7627,"date":"2021-05-04T11:33:17","date_gmt":"2021-05-04T10:33:17","guid":{"rendered":"https:\/\/zapateneo.net\/wordpress\/?post_type=product&#038;p=7627"},"modified":"2021-05-04T11:33:37","modified_gmt":"2021-05-04T10:33:37","slug":"la-ciencia-del-exterminio-psiquiatria-y-antropologia-nazis-1933-1945","status":"publish","type":"product","link":"https:\/\/zapateneo.net\/wordpress\/index.php\/producto\/la-ciencia-del-exterminio-psiquiatria-y-antropologia-nazis-1933-1945\/","title":{"rendered":"La ciencia del exterminio. Psiquiatr\u00eda y antropolog\u00eda nazis (1933-1945)"},"content":{"rendered":"<p>EXISTE UNA RAMA PARTICULAR DE LA GEN\u00c9TICA, que se relaciona exclusivamente con los hombres: la gen\u00e9tica humana. Pero la gen\u00e9tica se ha introducido tambi\u00e9n en muchas ciencias humanas, por ejemplo, en la antropolog\u00eda, la psiquiatr\u00eda y la psicolog\u00eda. En estas ciencias humanas, con frecuencia s\u00f3lo lo nuevo es verdadero. Cuando ahora pienso en la historia de los efectos de la gen\u00e9tica en la antropolog\u00eda y la psiquiatr\u00eda, contemplo desiertos de ruinas y destrucci\u00f3n. El derramamiento de sangre de millones de seres se olvid\u00f3 con la mayor celeridad. La historia m\u00e1s reciente de los efectos de estas ciencias humanas vinculadas a la gen\u00e9tica es confusa y est\u00e1 llena de actos delictivos; s\u00f3lo es comparable a una pesadilla. Desde esta pesadilla muchos genetistas, antrop\u00f3logos y psiquiatras se han deslizado en el sue\u00f1o profundo de la amnesia total.<br \/>\nYo mismo intento despertar de \u00e9l.<\/p>\n","protected":false},"excerpt":{"rendered":"<p><strong>M\u00fcller-Hill, Benno<\/strong><br \/>\n9788460867036 &#8211; Direcci\u00f3n \u00danica &#8211; 2016 &#8211; 306 p\u00e1ginas \/orri.<\/p>\n","protected":false},"featured_media":7644,"template":"","meta":[],"product_brand":[],"product_cat":[16,173],"product_tag":[802,803,801],"class_list":{"0":"post-7627","1":"product","2":"type-product","3":"status-publish","4":"has-post-thumbnail","6":"product_cat-libros","7":"product_cat-saiakera-ensayo","8":"product_tag-benno","9":"product_tag-direccion-unica","10":"product_tag-muller-hill","12":"first","13":"instock","14":"sold-individually","15":"shipping-taxable","16":"purchasable","17":"product-type-simple"},"yoast_head":"<!-- This site is optimized with the Yoast SEO plugin v27.3 - https:\/\/yoast.com\/product\/yoast-seo-wordpress\/ -->\n<title>La ciencia del exterminio. Psiquiatr\u00eda y antropolog\u00eda nazis (1933-1945) &#8212; Zapateneo<\/title>\n<meta name=\"robots\" content=\"index, follow, max-snippet:-1, max-image-preview:large, max-video-preview:-1\" \/>\n<link rel=\"canonical\" href=\"https:\/\/zapateneo.net\/wordpress\/index.php\/producto\/la-ciencia-del-exterminio-psiquiatria-y-antropologia-nazis-1933-1945\/\" \/>\n<meta property=\"og:locale\" content=\"es_ES\" \/>\n<meta property=\"og:type\" content=\"article\" \/>\n<meta property=\"og:title\" content=\"La ciencia del exterminio. Psiquiatr\u00eda y antropolog\u00eda nazis (1933-1945) &#8212; Zapateneo\" \/>\n<meta property=\"og:description\" content=\"M\u00fcller-Hill, Benno 9788460867036 - Direcci\u00f3n \u00danica - 2016 - 306 p\u00e1ginas \/orri.\" \/>\n<meta property=\"og:url\" content=\"https:\/\/zapateneo.net\/wordpress\/index.php\/producto\/la-ciencia-del-exterminio-psiquiatria-y-antropologia-nazis-1933-1945\/\" \/>\n<meta property=\"og:site_name\" content=\"Zapateneo\" \/>\n<meta property=\"article:modified_time\" content=\"2021-05-04T10:33:37+00:00\" \/>\n<meta property=\"og:image\" content=\"https:\/\/zapateneo.net\/wordpress\/wp-content\/uploads\/2021\/05\/9788460867036.jpg\" \/>\n\t<meta property=\"og:image:width\" content=\"269\" \/>\n\t<meta property=\"og:image:height\" content=\"400\" \/>\n\t<meta property=\"og:image:type\" content=\"image\/jpeg\" \/>\n<meta name=\"twitter:card\" content=\"summary_large_image\" \/>\n<meta name=\"twitter:site\" content=\"@zapateneo\" \/>\n<meta name=\"twitter:label1\" content=\"Tiempo de lectura\" \/>\n\t<meta name=\"twitter:data1\" content=\"1 minuto\" \/>\n<script type=\"application\/ld+json\" class=\"yoast-schema-graph\">{\"@context\":\"https:\\\/\\\/schema.org\",\"@graph\":[{\"@type\":\"WebPage\",\"@id\":\"https:\\\/\\\/zapateneo.net\\\/wordpress\\\/index.php\\\/producto\\\/la-ciencia-del-exterminio-psiquiatria-y-antropologia-nazis-1933-1945\\\/\",\"url\":\"https:\\\/\\\/zapateneo.net\\\/wordpress\\\/index.php\\\/producto\\\/la-ciencia-del-exterminio-psiquiatria-y-antropologia-nazis-1933-1945\\\/\",\"name\":\"La ciencia del exterminio. Psiquiatr\u00eda y antropolog\u00eda nazis (1933-1945) &#8212; Zapateneo\",\"isPartOf\":{\"@id\":\"https:\\\/\\\/zapateneo.net\\\/wordpress\\\/#website\"},\"primaryImageOfPage\":{\"@id\":\"https:\\\/\\\/zapateneo.net\\\/wordpress\\\/index.php\\\/producto\\\/la-ciencia-del-exterminio-psiquiatria-y-antropologia-nazis-1933-1945\\\/#primaryimage\"},\"image\":{\"@id\":\"https:\\\/\\\/zapateneo.net\\\/wordpress\\\/index.php\\\/producto\\\/la-ciencia-del-exterminio-psiquiatria-y-antropologia-nazis-1933-1945\\\/#primaryimage\"},\"thumbnailUrl\":\"https:\\\/\\\/zapateneo.net\\\/wordpress\\\/wp-content\\\/uploads\\\/2021\\\/05\\\/9788460867036.jpg\",\"datePublished\":\"2021-05-04T10:33:17+00:00\",\"dateModified\":\"2021-05-04T10:33:37+00:00\",\"breadcrumb\":{\"@id\":\"https:\\\/\\\/zapateneo.net\\\/wordpress\\\/index.php\\\/producto\\\/la-ciencia-del-exterminio-psiquiatria-y-antropologia-nazis-1933-1945\\\/#breadcrumb\"},\"inLanguage\":\"es\",\"potentialAction\":[{\"@type\":\"ReadAction\",\"target\":[\"https:\\\/\\\/zapateneo.net\\\/wordpress\\\/index.php\\\/producto\\\/la-ciencia-del-exterminio-psiquiatria-y-antropologia-nazis-1933-1945\\\/\"]}]},{\"@type\":\"ImageObject\",\"inLanguage\":\"es\",\"@id\":\"https:\\\/\\\/zapateneo.net\\\/wordpress\\\/index.php\\\/producto\\\/la-ciencia-del-exterminio-psiquiatria-y-antropologia-nazis-1933-1945\\\/#primaryimage\",\"url\":\"https:\\\/\\\/zapateneo.net\\\/wordpress\\\/wp-content\\\/uploads\\\/2021\\\/05\\\/9788460867036.jpg\",\"contentUrl\":\"https:\\\/\\\/zapateneo.net\\\/wordpress\\\/wp-content\\\/uploads\\\/2021\\\/05\\\/9788460867036.jpg\",\"width\":269,\"height\":400},{\"@type\":\"BreadcrumbList\",\"@id\":\"https:\\\/\\\/zapateneo.net\\\/wordpress\\\/index.php\\\/producto\\\/la-ciencia-del-exterminio-psiquiatria-y-antropologia-nazis-1933-1945\\\/#breadcrumb\",\"itemListElement\":[{\"@type\":\"ListItem\",\"position\":1,\"name\":\"Portada\",\"item\":\"https:\\\/\\\/zapateneo.net\\\/wordpress\\\/\"},{\"@type\":\"ListItem\",\"position\":2,\"name\":\"Tienda\",\"item\":\"https:\\\/\\\/zapateneo.net\\\/wordpress\\\/\"},{\"@type\":\"ListItem\",\"position\":3,\"name\":\"La ciencia del exterminio. Psiquiatr\u00eda y antropolog\u00eda nazis (1933-1945)\"}]},{\"@type\":\"WebSite\",\"@id\":\"https:\\\/\\\/zapateneo.net\\\/wordpress\\\/#website\",\"url\":\"https:\\\/\\\/zapateneo.net\\\/wordpress\\\/\",\"name\":\"Zapateneo\",\"description\":\"Zapateneoaren webgunea\",\"publisher\":{\"@id\":\"https:\\\/\\\/zapateneo.net\\\/wordpress\\\/#organization\"},\"potentialAction\":[{\"@type\":\"SearchAction\",\"target\":{\"@type\":\"EntryPoint\",\"urlTemplate\":\"https:\\\/\\\/zapateneo.net\\\/wordpress\\\/?s={search_term_string}\"},\"query-input\":{\"@type\":\"PropertyValueSpecification\",\"valueRequired\":true,\"valueName\":\"search_term_string\"}}],\"inLanguage\":\"es\"},{\"@type\":\"Organization\",\"@id\":\"https:\\\/\\\/zapateneo.net\\\/wordpress\\\/#organization\",\"name\":\"Zapateneo Kultur Elkartea\",\"url\":\"https:\\\/\\\/zapateneo.net\\\/wordpress\\\/\",\"logo\":{\"@type\":\"ImageObject\",\"inLanguage\":\"es\",\"@id\":\"https:\\\/\\\/zapateneo.net\\\/wordpress\\\/#\\\/schema\\\/logo\\\/image\\\/\",\"url\":\"https:\\\/\\\/zapateneo.net\\\/wordpress\\\/wp-content\\\/uploads\\\/2021\\\/04\\\/zap-libu-kolec.jpg\",\"contentUrl\":\"https:\\\/\\\/zapateneo.net\\\/wordpress\\\/wp-content\\\/uploads\\\/2021\\\/04\\\/zap-libu-kolec.jpg\",\"width\":2234,\"height\":398,\"caption\":\"Zapateneo Kultur Elkartea\"},\"image\":{\"@id\":\"https:\\\/\\\/zapateneo.net\\\/wordpress\\\/#\\\/schema\\\/logo\\\/image\\\/\"},\"sameAs\":[\"https:\\\/\\\/x.com\\\/zapateneo\"]}]}<\/script>\n<!-- \/ Yoast SEO plugin. -->","yoast_head_json":{"title":"La ciencia del exterminio. Psiquiatr\u00eda y antropolog\u00eda nazis (1933-1945) &#8212; Zapateneo","robots":{"index":"index","follow":"follow","max-snippet":"max-snippet:-1","max-image-preview":"max-image-preview:large","max-video-preview":"max-video-preview:-1"},"canonical":"https:\/\/zapateneo.net\/wordpress\/index.php\/producto\/la-ciencia-del-exterminio-psiquiatria-y-antropologia-nazis-1933-1945\/","og_locale":"es_ES","og_type":"article","og_title":"La ciencia del exterminio. Psiquiatr\u00eda y antropolog\u00eda nazis (1933-1945) &#8212; Zapateneo","og_description":"M\u00fcller-Hill, Benno 9788460867036 - Direcci\u00f3n \u00danica - 2016 - 306 p\u00e1ginas \/orri.","og_url":"https:\/\/zapateneo.net\/wordpress\/index.php\/producto\/la-ciencia-del-exterminio-psiquiatria-y-antropologia-nazis-1933-1945\/","og_site_name":"Zapateneo","article_modified_time":"2021-05-04T10:33:37+00:00","og_image":[{"width":269,"height":400,"url":"https:\/\/zapateneo.net\/wordpress\/wp-content\/uploads\/2021\/05\/9788460867036.jpg","type":"image\/jpeg"}],"twitter_card":"summary_large_image","twitter_site":"@zapateneo","twitter_misc":{"Tiempo de lectura":"1 minuto"},"schema":{"@context":"https:\/\/schema.org","@graph":[{"@type":"WebPage","@id":"https:\/\/zapateneo.net\/wordpress\/index.php\/producto\/la-ciencia-del-exterminio-psiquiatria-y-antropologia-nazis-1933-1945\/","url":"https:\/\/zapateneo.net\/wordpress\/index.php\/producto\/la-ciencia-del-exterminio-psiquiatria-y-antropologia-nazis-1933-1945\/","name":"La ciencia del exterminio. Psiquiatr\u00eda y antropolog\u00eda nazis (1933-1945) &#8212; Zapateneo","isPartOf":{"@id":"https:\/\/zapateneo.net\/wordpress\/#website"},"primaryImageOfPage":{"@id":"https:\/\/zapateneo.net\/wordpress\/index.php\/producto\/la-ciencia-del-exterminio-psiquiatria-y-antropologia-nazis-1933-1945\/#primaryimage"},"image":{"@id":"https:\/\/zapateneo.net\/wordpress\/index.php\/producto\/la-ciencia-del-exterminio-psiquiatria-y-antropologia-nazis-1933-1945\/#primaryimage"},"thumbnailUrl":"https:\/\/zapateneo.net\/wordpress\/wp-content\/uploads\/2021\/05\/9788460867036.jpg","datePublished":"2021-05-04T10:33:17+00:00","dateModified":"2021-05-04T10:33:37+00:00","breadcrumb":{"@id":"https:\/\/zapateneo.net\/wordpress\/index.php\/producto\/la-ciencia-del-exterminio-psiquiatria-y-antropologia-nazis-1933-1945\/#breadcrumb"},"inLanguage":"es","potentialAction":[{"@type":"ReadAction","target":["https:\/\/zapateneo.net\/wordpress\/index.php\/producto\/la-ciencia-del-exterminio-psiquiatria-y-antropologia-nazis-1933-1945\/"]}]},{"@type":"ImageObject","inLanguage":"es","@id":"https:\/\/zapateneo.net\/wordpress\/index.php\/producto\/la-ciencia-del-exterminio-psiquiatria-y-antropologia-nazis-1933-1945\/#primaryimage","url":"https:\/\/zapateneo.net\/wordpress\/wp-content\/uploads\/2021\/05\/9788460867036.jpg","contentUrl":"https:\/\/zapateneo.net\/wordpress\/wp-content\/uploads\/2021\/05\/9788460867036.jpg","width":269,"height":400},{"@type":"BreadcrumbList","@id":"https:\/\/zapateneo.net\/wordpress\/index.php\/producto\/la-ciencia-del-exterminio-psiquiatria-y-antropologia-nazis-1933-1945\/#breadcrumb","itemListElement":[{"@type":"ListItem","position":1,"name":"Portada","item":"https:\/\/zapateneo.net\/wordpress\/"},{"@type":"ListItem","position":2,"name":"Tienda","item":"https:\/\/zapateneo.net\/wordpress\/"},{"@type":"ListItem","position":3,"name":"La ciencia del exterminio. Psiquiatr\u00eda y antropolog\u00eda nazis (1933-1945)"}]},{"@type":"WebSite","@id":"https:\/\/zapateneo.net\/wordpress\/#website","url":"https:\/\/zapateneo.net\/wordpress\/","name":"Zapateneo","description":"Zapateneoaren webgunea","publisher":{"@id":"https:\/\/zapateneo.net\/wordpress\/#organization"},"potentialAction":[{"@type":"SearchAction","target":{"@type":"EntryPoint","urlTemplate":"https:\/\/zapateneo.net\/wordpress\/?s={search_term_string}"},"query-input":{"@type":"PropertyValueSpecification","valueRequired":true,"valueName":"search_term_string"}}],"inLanguage":"es"},{"@type":"Organization","@id":"https:\/\/zapateneo.net\/wordpress\/#organization","name":"Zapateneo Kultur Elkartea","url":"https:\/\/zapateneo.net\/wordpress\/","logo":{"@type":"ImageObject","inLanguage":"es","@id":"https:\/\/zapateneo.net\/wordpress\/#\/schema\/logo\/image\/","url":"https:\/\/zapateneo.net\/wordpress\/wp-content\/uploads\/2021\/04\/zap-libu-kolec.jpg","contentUrl":"https:\/\/zapateneo.net\/wordpress\/wp-content\/uploads\/2021\/04\/zap-libu-kolec.jpg","width":2234,"height":398,"caption":"Zapateneo Kultur Elkartea"},"image":{"@id":"https:\/\/zapateneo.net\/wordpress\/#\/schema\/logo\/image\/"},"sameAs":["https:\/\/x.com\/zapateneo"]}]}},"_links":{"self":[{"href":"https:\/\/zapateneo.net\/wordpress\/index.php\/wp-json\/wp\/v2\/product\/7627","targetHints":{"allow":["GET"]}}],"collection":[{"href":"https:\/\/zapateneo.net\/wordpress\/index.php\/wp-json\/wp\/v2\/product"}],"about":[{"href":"https:\/\/zapateneo.net\/wordpress\/index.php\/wp-json\/wp\/v2\/types\/product"}],"wp:featuredmedia":[{"embeddable":true,"href":"https:\/\/zapateneo.net\/wordpress\/index.php\/wp-json\/wp\/v2\/media\/7644"}],"wp:attachment":[{"href":"https:\/\/zapateneo.net\/wordpress\/index.php\/wp-json\/wp\/v2\/media?parent=7627"}],"wp:term":[{"taxonomy":"product_brand","embeddable":true,"href":"https:\/\/zapateneo.net\/wordpress\/index.php\/wp-json\/wp\/v2\/product_brand?post=7627"},{"taxonomy":"product_cat","embeddable":true,"href":"https:\/\/zapateneo.net\/wordpress\/index.php\/wp-json\/wp\/v2\/product_cat?post=7627"},{"taxonomy":"product_tag","embeddable":true,"href":"https:\/\/zapateneo.net\/wordpress\/index.php\/wp-json\/wp\/v2\/product_tag?post=7627"}],"curies":[{"name":"wp","href":"https:\/\/api.w.org\/{rel}","templated":true}]}}