{"id":7622,"date":"2021-05-04T11:33:15","date_gmt":"2021-05-04T10:33:15","guid":{"rendered":"https:\/\/zapateneo.net\/wordpress\/?post_type=product&#038;p=7622"},"modified":"2021-05-04T11:33:31","modified_gmt":"2021-05-04T10:33:31","slug":"una-historia-de-la-conciencia-ensayos-escogidos","status":"publish","type":"product","link":"https:\/\/zapateneo.net\/wordpress\/index.php\/producto\/una-historia-de-la-conciencia-ensayos-escogidos\/","title":{"rendered":"Una historia de la conciencia (ensayos escogidos)"},"content":{"rendered":"<p>La trayectoria vital e intelectual de Angela Davis se enmarca en la tradici\u00f3n estadounidense de la resistencia civil, que nace con las revueltas de los primeros africanos trasladados por la fuerza al hemisferio occidental. Como tantos militantes que pusieron en cuesti\u00f3n la legitimidad de las leyes del Estado, ha sido perseguida, encarcelada y difamada. En 1970, cuando salt\u00f3 a la escena p\u00fablica internacional al ser incluida entre los criminales m\u00e1s buscados por el FBI, se la present\u00f3 como una revolucionaria violenta y \u00abenemiga del Estado. En realidad, era una ciudadana consciente, que participaba en la organizaci\u00f3n de un movimiento cuyo objetivo era lograr la inconstitucionalidad de la pena de muerte y la liberaci\u00f3n de los presos pol\u00edticos. Profesora de Filosof\u00eda en la Universidad de California en Los \u00c1ngeles, nunca ocult\u00f3 su pertenencia al Partido Comunista, convencida de que el activismo pol\u00edtico no era incompatible con ser una educadora eficiente. Pero en 1969 Ronald Reagan, gobernador de California, preparaba su candidatura a la Casa Blanca y necesitaba demostrar a los conservadores que era capaz de aplastar a los activistas de izquierdas \u00b4especialmente a los negros, muy implicados en la reivindicaci\u00f3n de sus derechos civiles\u00b4. En consecuencia, forz\u00f3 la expulsi\u00f3n de la joven profesora, un suceso que resultar\u00eda mucho m\u00e1s medi\u00e1tico de lo previsto. Al recibir la noticia de su destituci\u00f3n, Angela Davis decidi\u00f3 continuar impartiendo sus clases al aire libre. A sus estudiantes habituales, se sumaron entonces cientos de otras disciplinas, que manifestaron su repulsa a lo que consideraban un despido injusto. Finalmente, fue readmitida. Sin embargo, empez\u00f3 a recibir cartas injuriosas y amenazas de muerte. Una de las dos armas que adquiri\u00f3 para defenderse, desencadenar\u00eda su persecuci\u00f3n por parte del FBI. Como activista en favor de los derechos de los presos y contra la pena de muerte, form\u00f3 parte de la defensa de Soledad Brothers, tres reclusos de la prisi\u00f3n californiana de Soledad acusados de promover huelgas y revueltas, en una de las cuales fallecieron dos presidiarios y un vigilante. El Estado ped\u00eda para ellos la pena capital. George Jackson, que llevaba diez a\u00f1os entre rejas por asalto a una gasolinera (70 d\u00f3lares de bot\u00edn), se hizo marxista, integrante del Black Panther Party y escritor. En uno de sus libros \u00b4Soledad Brother: The Prison Letters of George Jackson (1970)[1]\u00b4, incluy\u00f3 la correspondencia mantenida con la profesora universitaria. La visibilidad de Angela en la causa de los Hermanos Soledad y su acercamiento a los Black Panthers, desencadenaron su expulsi\u00f3n definitiva de la universidad (\u00abMe hab\u00eda convertido en un s\u00edmbolo a destruir). [&#8230;]<\/p>\n","protected":false},"excerpt":{"rendered":"<p><strong>Davis, Angela<\/strong><br \/>\n9788494393273 &#8211; Oriente y Mediterr\u00e1neo &#8211; 2016 &#8211; 332 p\u00e1ginas \/orri.<\/p>\n","protected":false},"featured_media":7639,"template":"","meta":[],"product_brand":[],"product_cat":[16,173],"product_tag":[100,668],"class_list":{"0":"post-7622","1":"product","2":"type-product","3":"status-publish","4":"has-post-thumbnail","6":"product_cat-libros","7":"product_cat-saiakera-ensayo","8":"product_tag-davis","9":"product_tag-oriente-y-mediterraneo","11":"first","12":"instock","13":"sold-individually","14":"shipping-taxable","15":"purchasable","16":"product-type-simple"},"yoast_head":"<!-- This site is optimized with the Yoast SEO plugin v27.3 - https:\/\/yoast.com\/product\/yoast-seo-wordpress\/ -->\n<title>Una historia de la conciencia (ensayos escogidos) &#8212; Zapateneo<\/title>\n<meta name=\"robots\" content=\"index, follow, max-snippet:-1, max-image-preview:large, max-video-preview:-1\" \/>\n<link rel=\"canonical\" href=\"https:\/\/zapateneo.net\/wordpress\/index.php\/producto\/una-historia-de-la-conciencia-ensayos-escogidos\/\" \/>\n<meta property=\"og:locale\" content=\"es_ES\" \/>\n<meta property=\"og:type\" content=\"article\" \/>\n<meta property=\"og:title\" content=\"Una historia de la conciencia (ensayos escogidos) &#8212; Zapateneo\" \/>\n<meta property=\"og:description\" content=\"Davis, Angela 9788494393273 - Oriente y Mediterr\u00e1neo - 2016 - 332 p\u00e1ginas \/orri.\" \/>\n<meta property=\"og:url\" content=\"https:\/\/zapateneo.net\/wordpress\/index.php\/producto\/una-historia-de-la-conciencia-ensayos-escogidos\/\" \/>\n<meta property=\"og:site_name\" content=\"Zapateneo\" \/>\n<meta property=\"article:modified_time\" content=\"2021-05-04T10:33:31+00:00\" \/>\n<meta property=\"og:image\" content=\"https:\/\/zapateneo.net\/wordpress\/wp-content\/uploads\/2021\/05\/9788494393273.jpg\" \/>\n\t<meta property=\"og:image:width\" content=\"120\" \/>\n\t<meta property=\"og:image:height\" content=\"208\" \/>\n\t<meta property=\"og:image:type\" content=\"image\/jpeg\" \/>\n<meta name=\"twitter:card\" content=\"summary_large_image\" \/>\n<meta name=\"twitter:site\" content=\"@zapateneo\" \/>\n<meta name=\"twitter:label1\" content=\"Tiempo de lectura\" \/>\n\t<meta name=\"twitter:data1\" content=\"2 minutos\" \/>\n<script type=\"application\/ld+json\" class=\"yoast-schema-graph\">{\"@context\":\"https:\\\/\\\/schema.org\",\"@graph\":[{\"@type\":\"WebPage\",\"@id\":\"https:\\\/\\\/zapateneo.net\\\/wordpress\\\/index.php\\\/producto\\\/una-historia-de-la-conciencia-ensayos-escogidos\\\/\",\"url\":\"https:\\\/\\\/zapateneo.net\\\/wordpress\\\/index.php\\\/producto\\\/una-historia-de-la-conciencia-ensayos-escogidos\\\/\",\"name\":\"Una historia de la conciencia (ensayos escogidos) &#8212; Zapateneo\",\"isPartOf\":{\"@id\":\"https:\\\/\\\/zapateneo.net\\\/wordpress\\\/#website\"},\"primaryImageOfPage\":{\"@id\":\"https:\\\/\\\/zapateneo.net\\\/wordpress\\\/index.php\\\/producto\\\/una-historia-de-la-conciencia-ensayos-escogidos\\\/#primaryimage\"},\"image\":{\"@id\":\"https:\\\/\\\/zapateneo.net\\\/wordpress\\\/index.php\\\/producto\\\/una-historia-de-la-conciencia-ensayos-escogidos\\\/#primaryimage\"},\"thumbnailUrl\":\"https:\\\/\\\/zapateneo.net\\\/wordpress\\\/wp-content\\\/uploads\\\/2021\\\/05\\\/9788494393273.jpg\",\"datePublished\":\"2021-05-04T10:33:15+00:00\",\"dateModified\":\"2021-05-04T10:33:31+00:00\",\"breadcrumb\":{\"@id\":\"https:\\\/\\\/zapateneo.net\\\/wordpress\\\/index.php\\\/producto\\\/una-historia-de-la-conciencia-ensayos-escogidos\\\/#breadcrumb\"},\"inLanguage\":\"es\",\"potentialAction\":[{\"@type\":\"ReadAction\",\"target\":[\"https:\\\/\\\/zapateneo.net\\\/wordpress\\\/index.php\\\/producto\\\/una-historia-de-la-conciencia-ensayos-escogidos\\\/\"]}]},{\"@type\":\"ImageObject\",\"inLanguage\":\"es\",\"@id\":\"https:\\\/\\\/zapateneo.net\\\/wordpress\\\/index.php\\\/producto\\\/una-historia-de-la-conciencia-ensayos-escogidos\\\/#primaryimage\",\"url\":\"https:\\\/\\\/zapateneo.net\\\/wordpress\\\/wp-content\\\/uploads\\\/2021\\\/05\\\/9788494393273.jpg\",\"contentUrl\":\"https:\\\/\\\/zapateneo.net\\\/wordpress\\\/wp-content\\\/uploads\\\/2021\\\/05\\\/9788494393273.jpg\",\"width\":120,\"height\":208},{\"@type\":\"BreadcrumbList\",\"@id\":\"https:\\\/\\\/zapateneo.net\\\/wordpress\\\/index.php\\\/producto\\\/una-historia-de-la-conciencia-ensayos-escogidos\\\/#breadcrumb\",\"itemListElement\":[{\"@type\":\"ListItem\",\"position\":1,\"name\":\"Portada\",\"item\":\"https:\\\/\\\/zapateneo.net\\\/wordpress\\\/\"},{\"@type\":\"ListItem\",\"position\":2,\"name\":\"Tienda\",\"item\":\"https:\\\/\\\/zapateneo.net\\\/wordpress\\\/\"},{\"@type\":\"ListItem\",\"position\":3,\"name\":\"Una historia de la conciencia (ensayos escogidos)\"}]},{\"@type\":\"WebSite\",\"@id\":\"https:\\\/\\\/zapateneo.net\\\/wordpress\\\/#website\",\"url\":\"https:\\\/\\\/zapateneo.net\\\/wordpress\\\/\",\"name\":\"Zapateneo\",\"description\":\"Zapateneoaren webgunea\",\"publisher\":{\"@id\":\"https:\\\/\\\/zapateneo.net\\\/wordpress\\\/#organization\"},\"potentialAction\":[{\"@type\":\"SearchAction\",\"target\":{\"@type\":\"EntryPoint\",\"urlTemplate\":\"https:\\\/\\\/zapateneo.net\\\/wordpress\\\/?s={search_term_string}\"},\"query-input\":{\"@type\":\"PropertyValueSpecification\",\"valueRequired\":true,\"valueName\":\"search_term_string\"}}],\"inLanguage\":\"es\"},{\"@type\":\"Organization\",\"@id\":\"https:\\\/\\\/zapateneo.net\\\/wordpress\\\/#organization\",\"name\":\"Zapateneo Kultur Elkartea\",\"url\":\"https:\\\/\\\/zapateneo.net\\\/wordpress\\\/\",\"logo\":{\"@type\":\"ImageObject\",\"inLanguage\":\"es\",\"@id\":\"https:\\\/\\\/zapateneo.net\\\/wordpress\\\/#\\\/schema\\\/logo\\\/image\\\/\",\"url\":\"https:\\\/\\\/zapateneo.net\\\/wordpress\\\/wp-content\\\/uploads\\\/2021\\\/04\\\/zap-libu-kolec.jpg\",\"contentUrl\":\"https:\\\/\\\/zapateneo.net\\\/wordpress\\\/wp-content\\\/uploads\\\/2021\\\/04\\\/zap-libu-kolec.jpg\",\"width\":2234,\"height\":398,\"caption\":\"Zapateneo Kultur Elkartea\"},\"image\":{\"@id\":\"https:\\\/\\\/zapateneo.net\\\/wordpress\\\/#\\\/schema\\\/logo\\\/image\\\/\"},\"sameAs\":[\"https:\\\/\\\/x.com\\\/zapateneo\"]}]}<\/script>\n<!-- \/ Yoast SEO plugin. -->","yoast_head_json":{"title":"Una historia de la conciencia (ensayos escogidos) &#8212; Zapateneo","robots":{"index":"index","follow":"follow","max-snippet":"max-snippet:-1","max-image-preview":"max-image-preview:large","max-video-preview":"max-video-preview:-1"},"canonical":"https:\/\/zapateneo.net\/wordpress\/index.php\/producto\/una-historia-de-la-conciencia-ensayos-escogidos\/","og_locale":"es_ES","og_type":"article","og_title":"Una historia de la conciencia (ensayos escogidos) &#8212; Zapateneo","og_description":"Davis, Angela 9788494393273 - Oriente y Mediterr\u00e1neo - 2016 - 332 p\u00e1ginas \/orri.","og_url":"https:\/\/zapateneo.net\/wordpress\/index.php\/producto\/una-historia-de-la-conciencia-ensayos-escogidos\/","og_site_name":"Zapateneo","article_modified_time":"2021-05-04T10:33:31+00:00","og_image":[{"width":120,"height":208,"url":"https:\/\/zapateneo.net\/wordpress\/wp-content\/uploads\/2021\/05\/9788494393273.jpg","type":"image\/jpeg"}],"twitter_card":"summary_large_image","twitter_site":"@zapateneo","twitter_misc":{"Tiempo de lectura":"2 minutos"},"schema":{"@context":"https:\/\/schema.org","@graph":[{"@type":"WebPage","@id":"https:\/\/zapateneo.net\/wordpress\/index.php\/producto\/una-historia-de-la-conciencia-ensayos-escogidos\/","url":"https:\/\/zapateneo.net\/wordpress\/index.php\/producto\/una-historia-de-la-conciencia-ensayos-escogidos\/","name":"Una historia de la conciencia (ensayos escogidos) &#8212; Zapateneo","isPartOf":{"@id":"https:\/\/zapateneo.net\/wordpress\/#website"},"primaryImageOfPage":{"@id":"https:\/\/zapateneo.net\/wordpress\/index.php\/producto\/una-historia-de-la-conciencia-ensayos-escogidos\/#primaryimage"},"image":{"@id":"https:\/\/zapateneo.net\/wordpress\/index.php\/producto\/una-historia-de-la-conciencia-ensayos-escogidos\/#primaryimage"},"thumbnailUrl":"https:\/\/zapateneo.net\/wordpress\/wp-content\/uploads\/2021\/05\/9788494393273.jpg","datePublished":"2021-05-04T10:33:15+00:00","dateModified":"2021-05-04T10:33:31+00:00","breadcrumb":{"@id":"https:\/\/zapateneo.net\/wordpress\/index.php\/producto\/una-historia-de-la-conciencia-ensayos-escogidos\/#breadcrumb"},"inLanguage":"es","potentialAction":[{"@type":"ReadAction","target":["https:\/\/zapateneo.net\/wordpress\/index.php\/producto\/una-historia-de-la-conciencia-ensayos-escogidos\/"]}]},{"@type":"ImageObject","inLanguage":"es","@id":"https:\/\/zapateneo.net\/wordpress\/index.php\/producto\/una-historia-de-la-conciencia-ensayos-escogidos\/#primaryimage","url":"https:\/\/zapateneo.net\/wordpress\/wp-content\/uploads\/2021\/05\/9788494393273.jpg","contentUrl":"https:\/\/zapateneo.net\/wordpress\/wp-content\/uploads\/2021\/05\/9788494393273.jpg","width":120,"height":208},{"@type":"BreadcrumbList","@id":"https:\/\/zapateneo.net\/wordpress\/index.php\/producto\/una-historia-de-la-conciencia-ensayos-escogidos\/#breadcrumb","itemListElement":[{"@type":"ListItem","position":1,"name":"Portada","item":"https:\/\/zapateneo.net\/wordpress\/"},{"@type":"ListItem","position":2,"name":"Tienda","item":"https:\/\/zapateneo.net\/wordpress\/"},{"@type":"ListItem","position":3,"name":"Una historia de la conciencia (ensayos escogidos)"}]},{"@type":"WebSite","@id":"https:\/\/zapateneo.net\/wordpress\/#website","url":"https:\/\/zapateneo.net\/wordpress\/","name":"Zapateneo","description":"Zapateneoaren webgunea","publisher":{"@id":"https:\/\/zapateneo.net\/wordpress\/#organization"},"potentialAction":[{"@type":"SearchAction","target":{"@type":"EntryPoint","urlTemplate":"https:\/\/zapateneo.net\/wordpress\/?s={search_term_string}"},"query-input":{"@type":"PropertyValueSpecification","valueRequired":true,"valueName":"search_term_string"}}],"inLanguage":"es"},{"@type":"Organization","@id":"https:\/\/zapateneo.net\/wordpress\/#organization","name":"Zapateneo Kultur Elkartea","url":"https:\/\/zapateneo.net\/wordpress\/","logo":{"@type":"ImageObject","inLanguage":"es","@id":"https:\/\/zapateneo.net\/wordpress\/#\/schema\/logo\/image\/","url":"https:\/\/zapateneo.net\/wordpress\/wp-content\/uploads\/2021\/04\/zap-libu-kolec.jpg","contentUrl":"https:\/\/zapateneo.net\/wordpress\/wp-content\/uploads\/2021\/04\/zap-libu-kolec.jpg","width":2234,"height":398,"caption":"Zapateneo Kultur Elkartea"},"image":{"@id":"https:\/\/zapateneo.net\/wordpress\/#\/schema\/logo\/image\/"},"sameAs":["https:\/\/x.com\/zapateneo"]}]}},"_links":{"self":[{"href":"https:\/\/zapateneo.net\/wordpress\/index.php\/wp-json\/wp\/v2\/product\/7622","targetHints":{"allow":["GET"]}}],"collection":[{"href":"https:\/\/zapateneo.net\/wordpress\/index.php\/wp-json\/wp\/v2\/product"}],"about":[{"href":"https:\/\/zapateneo.net\/wordpress\/index.php\/wp-json\/wp\/v2\/types\/product"}],"wp:featuredmedia":[{"embeddable":true,"href":"https:\/\/zapateneo.net\/wordpress\/index.php\/wp-json\/wp\/v2\/media\/7639"}],"wp:attachment":[{"href":"https:\/\/zapateneo.net\/wordpress\/index.php\/wp-json\/wp\/v2\/media?parent=7622"}],"wp:term":[{"taxonomy":"product_brand","embeddable":true,"href":"https:\/\/zapateneo.net\/wordpress\/index.php\/wp-json\/wp\/v2\/product_brand?post=7622"},{"taxonomy":"product_cat","embeddable":true,"href":"https:\/\/zapateneo.net\/wordpress\/index.php\/wp-json\/wp\/v2\/product_cat?post=7622"},{"taxonomy":"product_tag","embeddable":true,"href":"https:\/\/zapateneo.net\/wordpress\/index.php\/wp-json\/wp\/v2\/product_tag?post=7622"}],"curies":[{"name":"wp","href":"https:\/\/api.w.org\/{rel}","templated":true}]}}