{"id":7589,"date":"2021-05-03T14:45:46","date_gmt":"2021-05-03T13:45:46","guid":{"rendered":"https:\/\/zapateneo.net\/wordpress\/?post_type=product&#038;p=7589"},"modified":"2021-05-03T14:45:51","modified_gmt":"2021-05-03T13:45:51","slug":"revoluciones-campesinas","status":"publish","type":"product","link":"https:\/\/zapateneo.net\/wordpress\/index.php\/producto\/revoluciones-campesinas\/","title":{"rendered":"Revoluciones campesinas"},"content":{"rendered":"<p>Resumen<\/p>\n<p>Los autores de este libro son dos j\u00f3venes agr\u00f3nomos que han contrastado sus estudios con una actividad sobre el terreno -organizaci\u00f3n de cooperativas, ayuda t\u00e9cnica en varios pa\u00edses africanos-, y de esa experiencia directa han extra\u00eddo la presente reflexi\u00f3n sobre el funcionamiento de la agricultura y el comercio a escala mundial de las materias primas alimenticias, dedicando especial inter\u00e9s a las t\u00e9cnicas de cultivo, la utilizaci\u00f3n de los bienes naturales y la comercializaci\u00f3n de productos que podr\u00edan constituir una alternativa viable al actual sistema, caracterizado por la ruina acelerada de m\u00e9todos tradicionales de trabajo, la inutilizaci\u00f3n a gran escala de suelos perfectamente aptos para alimentar a las poblaciones que en ellos viven y la dependencia cada vez mayor de las econom\u00edas de los pa\u00edses sometidos a los intereses de las potencias que han incluido en su arsenal lo que ya se llama \u00abel arma alimenticia\u00bb.<\/p>\n<p>\u00abSin cambios pol\u00edticos en profundidad, el sistema econ\u00f3mico mundial no puede hacer otra cosa que instalarse en un estado de crisis permanente. Es urgente la constituci\u00f3n de una fuerza pol\u00edtica capaz de proponer algo distinto al cl\u00e1sico y lenificante \u00abmejor reparto de los frutos del crecimiento\u00bb. S\u00f3lo entonces las utop\u00edas de nuestras sociedades podr\u00e1n coincidir con la utop\u00eda de las revoluciones campesinas.<\/p>\n<p>De la solidaridad en la utop\u00eda puede surgir una solidaridad en la acci\u00f3n. Mas si es verdad que esta puerta da a un mundo nuevo, \u00e9ste no ser\u00e1 sin embargo el producto de una \u00abcivilizaci\u00f3n planetaria\u00bb. Pues tal ideolog\u00eda es sobre la que se basa el actual sistema que, agravando los desequilibrios, introduce en el mundo un foco de irracionalidad pol\u00edtica creciente; a las actuales guerras locales, signo evidente de tal irracionalidad, puede suceder la guerra cr\u00f3nica que tal vez desemboque, por accidente o deliberadamente, en la aniquilaci\u00f3n que hoy en d\u00eda hacen posible las \u00abcerillas nucleares\u00bb, tan f\u00e1ciles de encender.<\/p>\n<p>El mundo en que vivimos no necesita una civilizaci\u00f3n mundial prefabricada. No necesita hombres seguros de su destino y que, por consiguiente, se crean due\u00f1os del destino de los dem\u00e1s. Las doctas certezas a que estamos aferrados tal vez engendren nuevas certezas, pero impiden la confrontaci\u00f3n. Y el mundo de hoy necesita confrontaci\u00f3n, necesita descubrir en qu\u00e9 consiste escuchar. Y si lo consigue ya no podr\u00e1 ser un mundo unificado en la certeza. Ser\u00e1 por fuerza un mundo en plural. Mundo seguramente menos confortable que un mundo de certezas, pero en el que sigue siendo posible, sin embargo, la unidad de acci\u00f3n.\u00bb<\/p>\n<p>(Albert Provent y Fran\u00e7ois de Ravignan)<\/p>\n","protected":false},"excerpt":{"rendered":"<p><strong>Albert Provent y Fran\u00e7ois de Ravignan<\/strong><br \/>\n9788485361236 &#8211; Ruedo Ib\u00e9rico &#8211; 1980 &#8211; 122 p\u00e1ginas \/orri.<\/p>\n","protected":false},"featured_media":7598,"template":"","meta":[],"product_brand":[],"product_cat":[16,173],"product_tag":[431,432],"class_list":{"0":"post-7589","1":"product","2":"type-product","3":"status-publish","4":"has-post-thumbnail","6":"product_cat-libros","7":"product_cat-saiakera-ensayo","8":"product_tag-albert-provent-y-francois-de-ravignan","9":"product_tag-ruedo-iberico","11":"first","12":"instock","13":"sold-individually","14":"shipping-taxable","15":"purchasable","16":"product-type-simple"},"yoast_head":"<!-- This site is optimized with the Yoast SEO plugin v27.3 - https:\/\/yoast.com\/product\/yoast-seo-wordpress\/ -->\n<title>Revoluciones campesinas &#8212; Zapateneo<\/title>\n<meta name=\"robots\" content=\"index, follow, max-snippet:-1, max-image-preview:large, max-video-preview:-1\" \/>\n<link rel=\"canonical\" href=\"https:\/\/zapateneo.net\/wordpress\/index.php\/producto\/revoluciones-campesinas\/\" \/>\n<meta property=\"og:locale\" content=\"es_ES\" \/>\n<meta property=\"og:type\" content=\"article\" \/>\n<meta property=\"og:title\" content=\"Revoluciones campesinas &#8212; Zapateneo\" \/>\n<meta property=\"og:description\" content=\"Albert Provent y Fran\u00e7ois de Ravignan 9788485361236 - Ruedo Ib\u00e9rico - 1980 - 122 p\u00e1ginas \/orri.\" \/>\n<meta property=\"og:url\" content=\"https:\/\/zapateneo.net\/wordpress\/index.php\/producto\/revoluciones-campesinas\/\" \/>\n<meta property=\"og:site_name\" content=\"Zapateneo\" \/>\n<meta property=\"article:modified_time\" content=\"2021-05-03T13:45:51+00:00\" \/>\n<meta property=\"og:image\" content=\"https:\/\/zapateneo.net\/wordpress\/wp-content\/uploads\/2021\/05\/9788485361236.jpg\" \/>\n\t<meta property=\"og:image:width\" content=\"300\" \/>\n\t<meta property=\"og:image:height\" content=\"400\" \/>\n\t<meta property=\"og:image:type\" content=\"image\/jpeg\" \/>\n<meta name=\"twitter:card\" content=\"summary_large_image\" \/>\n<meta name=\"twitter:site\" content=\"@zapateneo\" \/>\n<meta name=\"twitter:label1\" content=\"Tiempo de lectura\" \/>\n\t<meta name=\"twitter:data1\" content=\"2 minutos\" \/>\n<script type=\"application\/ld+json\" class=\"yoast-schema-graph\">{\"@context\":\"https:\\\/\\\/schema.org\",\"@graph\":[{\"@type\":\"WebPage\",\"@id\":\"https:\\\/\\\/zapateneo.net\\\/wordpress\\\/index.php\\\/producto\\\/revoluciones-campesinas\\\/\",\"url\":\"https:\\\/\\\/zapateneo.net\\\/wordpress\\\/index.php\\\/producto\\\/revoluciones-campesinas\\\/\",\"name\":\"Revoluciones campesinas &#8212; Zapateneo\",\"isPartOf\":{\"@id\":\"https:\\\/\\\/zapateneo.net\\\/wordpress\\\/#website\"},\"primaryImageOfPage\":{\"@id\":\"https:\\\/\\\/zapateneo.net\\\/wordpress\\\/index.php\\\/producto\\\/revoluciones-campesinas\\\/#primaryimage\"},\"image\":{\"@id\":\"https:\\\/\\\/zapateneo.net\\\/wordpress\\\/index.php\\\/producto\\\/revoluciones-campesinas\\\/#primaryimage\"},\"thumbnailUrl\":\"https:\\\/\\\/zapateneo.net\\\/wordpress\\\/wp-content\\\/uploads\\\/2021\\\/05\\\/9788485361236.jpg\",\"datePublished\":\"2021-05-03T13:45:46+00:00\",\"dateModified\":\"2021-05-03T13:45:51+00:00\",\"breadcrumb\":{\"@id\":\"https:\\\/\\\/zapateneo.net\\\/wordpress\\\/index.php\\\/producto\\\/revoluciones-campesinas\\\/#breadcrumb\"},\"inLanguage\":\"es\",\"potentialAction\":[{\"@type\":\"ReadAction\",\"target\":[\"https:\\\/\\\/zapateneo.net\\\/wordpress\\\/index.php\\\/producto\\\/revoluciones-campesinas\\\/\"]}]},{\"@type\":\"ImageObject\",\"inLanguage\":\"es\",\"@id\":\"https:\\\/\\\/zapateneo.net\\\/wordpress\\\/index.php\\\/producto\\\/revoluciones-campesinas\\\/#primaryimage\",\"url\":\"https:\\\/\\\/zapateneo.net\\\/wordpress\\\/wp-content\\\/uploads\\\/2021\\\/05\\\/9788485361236.jpg\",\"contentUrl\":\"https:\\\/\\\/zapateneo.net\\\/wordpress\\\/wp-content\\\/uploads\\\/2021\\\/05\\\/9788485361236.jpg\",\"width\":300,\"height\":400},{\"@type\":\"BreadcrumbList\",\"@id\":\"https:\\\/\\\/zapateneo.net\\\/wordpress\\\/index.php\\\/producto\\\/revoluciones-campesinas\\\/#breadcrumb\",\"itemListElement\":[{\"@type\":\"ListItem\",\"position\":1,\"name\":\"Portada\",\"item\":\"https:\\\/\\\/zapateneo.net\\\/wordpress\\\/\"},{\"@type\":\"ListItem\",\"position\":2,\"name\":\"Tienda\",\"item\":\"https:\\\/\\\/zapateneo.net\\\/wordpress\\\/\"},{\"@type\":\"ListItem\",\"position\":3,\"name\":\"Revoluciones campesinas\"}]},{\"@type\":\"WebSite\",\"@id\":\"https:\\\/\\\/zapateneo.net\\\/wordpress\\\/#website\",\"url\":\"https:\\\/\\\/zapateneo.net\\\/wordpress\\\/\",\"name\":\"Zapateneo\",\"description\":\"Zapateneoaren webgunea\",\"publisher\":{\"@id\":\"https:\\\/\\\/zapateneo.net\\\/wordpress\\\/#organization\"},\"potentialAction\":[{\"@type\":\"SearchAction\",\"target\":{\"@type\":\"EntryPoint\",\"urlTemplate\":\"https:\\\/\\\/zapateneo.net\\\/wordpress\\\/?s={search_term_string}\"},\"query-input\":{\"@type\":\"PropertyValueSpecification\",\"valueRequired\":true,\"valueName\":\"search_term_string\"}}],\"inLanguage\":\"es\"},{\"@type\":\"Organization\",\"@id\":\"https:\\\/\\\/zapateneo.net\\\/wordpress\\\/#organization\",\"name\":\"Zapateneo Kultur Elkartea\",\"url\":\"https:\\\/\\\/zapateneo.net\\\/wordpress\\\/\",\"logo\":{\"@type\":\"ImageObject\",\"inLanguage\":\"es\",\"@id\":\"https:\\\/\\\/zapateneo.net\\\/wordpress\\\/#\\\/schema\\\/logo\\\/image\\\/\",\"url\":\"https:\\\/\\\/zapateneo.net\\\/wordpress\\\/wp-content\\\/uploads\\\/2021\\\/04\\\/zap-libu-kolec.jpg\",\"contentUrl\":\"https:\\\/\\\/zapateneo.net\\\/wordpress\\\/wp-content\\\/uploads\\\/2021\\\/04\\\/zap-libu-kolec.jpg\",\"width\":2234,\"height\":398,\"caption\":\"Zapateneo Kultur Elkartea\"},\"image\":{\"@id\":\"https:\\\/\\\/zapateneo.net\\\/wordpress\\\/#\\\/schema\\\/logo\\\/image\\\/\"},\"sameAs\":[\"https:\\\/\\\/x.com\\\/zapateneo\"]}]}<\/script>\n<!-- \/ Yoast SEO plugin. -->","yoast_head_json":{"title":"Revoluciones campesinas &#8212; Zapateneo","robots":{"index":"index","follow":"follow","max-snippet":"max-snippet:-1","max-image-preview":"max-image-preview:large","max-video-preview":"max-video-preview:-1"},"canonical":"https:\/\/zapateneo.net\/wordpress\/index.php\/producto\/revoluciones-campesinas\/","og_locale":"es_ES","og_type":"article","og_title":"Revoluciones campesinas &#8212; Zapateneo","og_description":"Albert Provent y Fran\u00e7ois de Ravignan 9788485361236 - Ruedo Ib\u00e9rico - 1980 - 122 p\u00e1ginas \/orri.","og_url":"https:\/\/zapateneo.net\/wordpress\/index.php\/producto\/revoluciones-campesinas\/","og_site_name":"Zapateneo","article_modified_time":"2021-05-03T13:45:51+00:00","og_image":[{"width":300,"height":400,"url":"https:\/\/zapateneo.net\/wordpress\/wp-content\/uploads\/2021\/05\/9788485361236.jpg","type":"image\/jpeg"}],"twitter_card":"summary_large_image","twitter_site":"@zapateneo","twitter_misc":{"Tiempo de lectura":"2 minutos"},"schema":{"@context":"https:\/\/schema.org","@graph":[{"@type":"WebPage","@id":"https:\/\/zapateneo.net\/wordpress\/index.php\/producto\/revoluciones-campesinas\/","url":"https:\/\/zapateneo.net\/wordpress\/index.php\/producto\/revoluciones-campesinas\/","name":"Revoluciones campesinas &#8212; Zapateneo","isPartOf":{"@id":"https:\/\/zapateneo.net\/wordpress\/#website"},"primaryImageOfPage":{"@id":"https:\/\/zapateneo.net\/wordpress\/index.php\/producto\/revoluciones-campesinas\/#primaryimage"},"image":{"@id":"https:\/\/zapateneo.net\/wordpress\/index.php\/producto\/revoluciones-campesinas\/#primaryimage"},"thumbnailUrl":"https:\/\/zapateneo.net\/wordpress\/wp-content\/uploads\/2021\/05\/9788485361236.jpg","datePublished":"2021-05-03T13:45:46+00:00","dateModified":"2021-05-03T13:45:51+00:00","breadcrumb":{"@id":"https:\/\/zapateneo.net\/wordpress\/index.php\/producto\/revoluciones-campesinas\/#breadcrumb"},"inLanguage":"es","potentialAction":[{"@type":"ReadAction","target":["https:\/\/zapateneo.net\/wordpress\/index.php\/producto\/revoluciones-campesinas\/"]}]},{"@type":"ImageObject","inLanguage":"es","@id":"https:\/\/zapateneo.net\/wordpress\/index.php\/producto\/revoluciones-campesinas\/#primaryimage","url":"https:\/\/zapateneo.net\/wordpress\/wp-content\/uploads\/2021\/05\/9788485361236.jpg","contentUrl":"https:\/\/zapateneo.net\/wordpress\/wp-content\/uploads\/2021\/05\/9788485361236.jpg","width":300,"height":400},{"@type":"BreadcrumbList","@id":"https:\/\/zapateneo.net\/wordpress\/index.php\/producto\/revoluciones-campesinas\/#breadcrumb","itemListElement":[{"@type":"ListItem","position":1,"name":"Portada","item":"https:\/\/zapateneo.net\/wordpress\/"},{"@type":"ListItem","position":2,"name":"Tienda","item":"https:\/\/zapateneo.net\/wordpress\/"},{"@type":"ListItem","position":3,"name":"Revoluciones campesinas"}]},{"@type":"WebSite","@id":"https:\/\/zapateneo.net\/wordpress\/#website","url":"https:\/\/zapateneo.net\/wordpress\/","name":"Zapateneo","description":"Zapateneoaren webgunea","publisher":{"@id":"https:\/\/zapateneo.net\/wordpress\/#organization"},"potentialAction":[{"@type":"SearchAction","target":{"@type":"EntryPoint","urlTemplate":"https:\/\/zapateneo.net\/wordpress\/?s={search_term_string}"},"query-input":{"@type":"PropertyValueSpecification","valueRequired":true,"valueName":"search_term_string"}}],"inLanguage":"es"},{"@type":"Organization","@id":"https:\/\/zapateneo.net\/wordpress\/#organization","name":"Zapateneo Kultur Elkartea","url":"https:\/\/zapateneo.net\/wordpress\/","logo":{"@type":"ImageObject","inLanguage":"es","@id":"https:\/\/zapateneo.net\/wordpress\/#\/schema\/logo\/image\/","url":"https:\/\/zapateneo.net\/wordpress\/wp-content\/uploads\/2021\/04\/zap-libu-kolec.jpg","contentUrl":"https:\/\/zapateneo.net\/wordpress\/wp-content\/uploads\/2021\/04\/zap-libu-kolec.jpg","width":2234,"height":398,"caption":"Zapateneo Kultur Elkartea"},"image":{"@id":"https:\/\/zapateneo.net\/wordpress\/#\/schema\/logo\/image\/"},"sameAs":["https:\/\/x.com\/zapateneo"]}]}},"_links":{"self":[{"href":"https:\/\/zapateneo.net\/wordpress\/index.php\/wp-json\/wp\/v2\/product\/7589","targetHints":{"allow":["GET"]}}],"collection":[{"href":"https:\/\/zapateneo.net\/wordpress\/index.php\/wp-json\/wp\/v2\/product"}],"about":[{"href":"https:\/\/zapateneo.net\/wordpress\/index.php\/wp-json\/wp\/v2\/types\/product"}],"wp:featuredmedia":[{"embeddable":true,"href":"https:\/\/zapateneo.net\/wordpress\/index.php\/wp-json\/wp\/v2\/media\/7598"}],"wp:attachment":[{"href":"https:\/\/zapateneo.net\/wordpress\/index.php\/wp-json\/wp\/v2\/media?parent=7589"}],"wp:term":[{"taxonomy":"product_brand","embeddable":true,"href":"https:\/\/zapateneo.net\/wordpress\/index.php\/wp-json\/wp\/v2\/product_brand?post=7589"},{"taxonomy":"product_cat","embeddable":true,"href":"https:\/\/zapateneo.net\/wordpress\/index.php\/wp-json\/wp\/v2\/product_cat?post=7589"},{"taxonomy":"product_tag","embeddable":true,"href":"https:\/\/zapateneo.net\/wordpress\/index.php\/wp-json\/wp\/v2\/product_tag?post=7589"}],"curies":[{"name":"wp","href":"https:\/\/api.w.org\/{rel}","templated":true}]}}