{"id":7508,"date":"2021-05-01T17:03:54","date_gmt":"2021-05-01T16:03:54","guid":{"rendered":"https:\/\/zapateneo.net\/wordpress\/?post_type=product&#038;p=7508"},"modified":"2021-05-01T17:13:06","modified_gmt":"2021-05-01T16:13:06","slug":"instinto-de-muerte","status":"publish","type":"product","link":"https:\/\/zapateneo.net\/wordpress\/index.php\/producto\/instinto-de-muerte\/","title":{"rendered":"Instinto de muerte"},"content":{"rendered":"<p>Autobiograf\u00eda de Jacques Mesrine, -enemigo oficial n\u00famero uno de Francia-.<br \/>\nRaras son las ocasiones en las que podemos tener entre las manos un documento como \u00e9ste, la narraci\u00f3n en primera persona de la vida y la actividad criminal de quien fuera considerado en Francia y Canad\u00e1, durante los a\u00f1os setenta, el \u00abenemigo p\u00fablico n\u00famero uno\u00bb: Jacques Mesrine (1939-1979). Haciendo gala de gran talento narrativo, Mesrine recapitula sus correr\u00edas por medio mundo (Francia, Espa\u00f1a, Italia, Suiza, Canad\u00e1, Estados Unidos) y relata, con todo lujo de detalles, lo mismo sus atracos, robos, asesinatos y espectaculares fugas, que sus amores, amistades, certezas y esperanzas.<\/p>\n<p>[\u2026] Hab\u00eda adquirido la costumbre de mirar a mi alrededor, de fijarme en todos los que se cruzaban conmigo en la calle, en el metro, en el peque\u00f1o restaurante donde com\u00eda al mediod\u00eda. \u00bfQu\u00e9 era lo que ve\u00eda? Caras tristes, miradas cansadas, individuos agotados por un trabajo mal pagado, pero constre\u00f1idos a hacerlo para sobrevivir y que no pod\u00edan permitirse m\u00e1s que el estricto m\u00ednimo. Seres condenados a la mediocridad perpetua. Seres que se asemejaban entre s\u00ed por la vestimenta y los problemas financieros de fin de mes. Seres incapaces de satisfacer sus menores deseos, condenados a ser eternos so\u00f1adores ante los escaparates de las tiendas de lujo y de las agencias de viajes. Est\u00f3magos acostumbrados al men\u00fa del d\u00eda y al vaso de tinto corriente. Seres que conocen su porvenir, porque no tienen. Aut\u00f3matas explotados y controlados, m\u00e1s respetuosos de las leyes por miedo que por integridad moral. Seres sometidos, vencidos, esclavos del despertador. Yo formaba parte de esa mayor\u00eda por obligaci\u00f3n, pero me sent\u00eda ajeno a ella. No la aceptaba. No quer\u00eda que mi vida estuviera reglamentada de antemano o decidida por otros. Si a las seis de la ma\u00f1ana ten\u00eda ganas de hacer el amor, quer\u00eda tomarme el tiempo de hacerlo sin tener que mirar al reloj. Quer\u00eda vivir sin horario fijo, pues estaba convencido de que la primera coacci\u00f3n del hombre comenz\u00f3 en el instante en que se puso a calcular el tiempo. En mi cerebro resonaban las frases habituales de la existencia de todos los d\u00edas. No tengo tiempo de Llegar a tiempo Ganar tiempo Perder el tiempo Yo quer\u00eda \u00abtener tiempo para vivir\u00bb y el \u00fanico medio de poder hacerlo era no ser su esclavo. Sab\u00eda que era una teor\u00eda irracional, inservible para fundar una sociedad. Pero \u00bfqu\u00e9 sociedad era aquella, con sus bonitos principios y sus leyes? [\u2026] [\u2026] Si bien he robado, nunca he despojado a los pobres. La mayor\u00eda de mis atracos han sido dirigidos contra bancos y empresas importantes. Nunca he utilizado la violencia contra un cajero ni contra alguien que transportara dinero. Estoy convencido de haber trabajado siempre con limpieza. No he violado a nadie, ni agredido a ancianos, ni explotado a una mujer. Si he abrazado la aventura, es porque amaba el peligro. Si muchos hombres perdieron la vida a causa de mis balas era porque no quedaba otra opci\u00f3n: o ellos o yo. Se arriesgaron tanto como yo al aceptar el cara a cara. [\u2026] [\u2026] Sabrina volvi\u00f3 de Montreal en el momento en que yo me pon\u00eda a escribir un libro sobre mi vida sin rehuir las graves consecuencias que el texto pod\u00eda depararme a la hora del juicio. Pero hab\u00eda alcanzado el \u00abpunto cero\u00bb, y como ya no ten\u00eda nada que perder, me decid\u00ed a lanzar \u00abmi verdad\u00bb a la cara de la sociedad que muy pronto se encargar\u00eda de juzgarme. Aquella verdad, sin embargo, podr\u00eda ser interpretada como un desaf\u00edo. Un asesino describiendo sus cr\u00edmenes indignar\u00eda quiz\u00e1 a los honrados ciudadanos. Las \u00faltimas p\u00e1ginas del libro amenazaban con convertirse en los primeros pelda\u00f1os de la guillotina. Pero no ten\u00eda la menor importancia. Una celda no es m\u00e1s que una tumba a la que de vez en cuando se le levanta la losa que la cubre para comprobar si el enterrado vivo sigue todav\u00eda all\u00ed<\/p>\n","protected":false},"excerpt":{"rendered":"<p><strong>Mesrine, Jacques<\/strong><br \/>\n9788493767105 &#8211; Pepitas de Calabaza &#8211; 2010 &#8211; 430 p\u00e1ginas \/orri.<\/p>\n","protected":false},"featured_media":7509,"template":"","meta":[],"product_brand":[],"product_cat":[160,16],"product_tag":[75,47],"class_list":{"0":"post-7508","1":"product","2":"type-product","3":"status-publish","4":"has-post-thumbnail","6":"product_cat-biografiak-biografias","7":"product_cat-libros","8":"product_tag-mesrine","9":"product_tag-pepitas-de-calabaza","11":"first","12":"instock","13":"sold-individually","14":"shipping-taxable","15":"purchasable","16":"product-type-simple"},"yoast_head":"<!-- This site is optimized with the Yoast SEO plugin v27.3 - https:\/\/yoast.com\/product\/yoast-seo-wordpress\/ -->\n<title>Instinto de muerte &#8212; Zapateneo<\/title>\n<meta name=\"robots\" content=\"index, follow, max-snippet:-1, max-image-preview:large, max-video-preview:-1\" \/>\n<link rel=\"canonical\" href=\"https:\/\/zapateneo.net\/wordpress\/index.php\/producto\/instinto-de-muerte\/\" \/>\n<meta property=\"og:locale\" content=\"es_ES\" \/>\n<meta property=\"og:type\" content=\"article\" \/>\n<meta property=\"og:title\" content=\"Instinto de muerte &#8212; Zapateneo\" \/>\n<meta property=\"og:description\" content=\"Mesrine, Jacques 9788493767105 - Pepitas de Calabaza - 2010 - 430 p\u00e1ginas \/orri.\" \/>\n<meta property=\"og:url\" content=\"https:\/\/zapateneo.net\/wordpress\/index.php\/producto\/instinto-de-muerte\/\" \/>\n<meta property=\"og:site_name\" content=\"Zapateneo\" \/>\n<meta property=\"article:modified_time\" content=\"2021-05-01T16:13:06+00:00\" \/>\n<meta property=\"og:image\" content=\"https:\/\/zapateneo.net\/wordpress\/wp-content\/uploads\/2021\/05\/instinto.jpeg\" \/>\n\t<meta property=\"og:image:width\" content=\"200\" \/>\n\t<meta property=\"og:image:height\" content=\"288\" \/>\n\t<meta property=\"og:image:type\" content=\"image\/jpeg\" \/>\n<meta name=\"twitter:card\" content=\"summary_large_image\" \/>\n<meta name=\"twitter:site\" content=\"@zapateneo\" \/>\n<meta name=\"twitter:label1\" content=\"Tiempo de lectura\" \/>\n\t<meta name=\"twitter:data1\" content=\"3 minutos\" \/>\n<script type=\"application\/ld+json\" class=\"yoast-schema-graph\">{\"@context\":\"https:\\\/\\\/schema.org\",\"@graph\":[{\"@type\":\"WebPage\",\"@id\":\"https:\\\/\\\/zapateneo.net\\\/wordpress\\\/index.php\\\/producto\\\/instinto-de-muerte\\\/\",\"url\":\"https:\\\/\\\/zapateneo.net\\\/wordpress\\\/index.php\\\/producto\\\/instinto-de-muerte\\\/\",\"name\":\"Instinto de muerte &#8212; Zapateneo\",\"isPartOf\":{\"@id\":\"https:\\\/\\\/zapateneo.net\\\/wordpress\\\/#website\"},\"primaryImageOfPage\":{\"@id\":\"https:\\\/\\\/zapateneo.net\\\/wordpress\\\/index.php\\\/producto\\\/instinto-de-muerte\\\/#primaryimage\"},\"image\":{\"@id\":\"https:\\\/\\\/zapateneo.net\\\/wordpress\\\/index.php\\\/producto\\\/instinto-de-muerte\\\/#primaryimage\"},\"thumbnailUrl\":\"https:\\\/\\\/zapateneo.net\\\/wordpress\\\/wp-content\\\/uploads\\\/2021\\\/05\\\/instinto.jpeg\",\"datePublished\":\"2021-05-01T16:03:54+00:00\",\"dateModified\":\"2021-05-01T16:13:06+00:00\",\"breadcrumb\":{\"@id\":\"https:\\\/\\\/zapateneo.net\\\/wordpress\\\/index.php\\\/producto\\\/instinto-de-muerte\\\/#breadcrumb\"},\"inLanguage\":\"es\",\"potentialAction\":[{\"@type\":\"ReadAction\",\"target\":[\"https:\\\/\\\/zapateneo.net\\\/wordpress\\\/index.php\\\/producto\\\/instinto-de-muerte\\\/\"]}]},{\"@type\":\"ImageObject\",\"inLanguage\":\"es\",\"@id\":\"https:\\\/\\\/zapateneo.net\\\/wordpress\\\/index.php\\\/producto\\\/instinto-de-muerte\\\/#primaryimage\",\"url\":\"https:\\\/\\\/zapateneo.net\\\/wordpress\\\/wp-content\\\/uploads\\\/2021\\\/05\\\/instinto.jpeg\",\"contentUrl\":\"https:\\\/\\\/zapateneo.net\\\/wordpress\\\/wp-content\\\/uploads\\\/2021\\\/05\\\/instinto.jpeg\",\"width\":200,\"height\":288},{\"@type\":\"BreadcrumbList\",\"@id\":\"https:\\\/\\\/zapateneo.net\\\/wordpress\\\/index.php\\\/producto\\\/instinto-de-muerte\\\/#breadcrumb\",\"itemListElement\":[{\"@type\":\"ListItem\",\"position\":1,\"name\":\"Portada\",\"item\":\"https:\\\/\\\/zapateneo.net\\\/wordpress\\\/\"},{\"@type\":\"ListItem\",\"position\":2,\"name\":\"Tienda\",\"item\":\"https:\\\/\\\/zapateneo.net\\\/wordpress\\\/\"},{\"@type\":\"ListItem\",\"position\":3,\"name\":\"Instinto de muerte\"}]},{\"@type\":\"WebSite\",\"@id\":\"https:\\\/\\\/zapateneo.net\\\/wordpress\\\/#website\",\"url\":\"https:\\\/\\\/zapateneo.net\\\/wordpress\\\/\",\"name\":\"Zapateneo\",\"description\":\"Zapateneoaren webgunea\",\"publisher\":{\"@id\":\"https:\\\/\\\/zapateneo.net\\\/wordpress\\\/#organization\"},\"potentialAction\":[{\"@type\":\"SearchAction\",\"target\":{\"@type\":\"EntryPoint\",\"urlTemplate\":\"https:\\\/\\\/zapateneo.net\\\/wordpress\\\/?s={search_term_string}\"},\"query-input\":{\"@type\":\"PropertyValueSpecification\",\"valueRequired\":true,\"valueName\":\"search_term_string\"}}],\"inLanguage\":\"es\"},{\"@type\":\"Organization\",\"@id\":\"https:\\\/\\\/zapateneo.net\\\/wordpress\\\/#organization\",\"name\":\"Zapateneo Kultur Elkartea\",\"url\":\"https:\\\/\\\/zapateneo.net\\\/wordpress\\\/\",\"logo\":{\"@type\":\"ImageObject\",\"inLanguage\":\"es\",\"@id\":\"https:\\\/\\\/zapateneo.net\\\/wordpress\\\/#\\\/schema\\\/logo\\\/image\\\/\",\"url\":\"https:\\\/\\\/zapateneo.net\\\/wordpress\\\/wp-content\\\/uploads\\\/2021\\\/04\\\/zap-libu-kolec.jpg\",\"contentUrl\":\"https:\\\/\\\/zapateneo.net\\\/wordpress\\\/wp-content\\\/uploads\\\/2021\\\/04\\\/zap-libu-kolec.jpg\",\"width\":2234,\"height\":398,\"caption\":\"Zapateneo Kultur Elkartea\"},\"image\":{\"@id\":\"https:\\\/\\\/zapateneo.net\\\/wordpress\\\/#\\\/schema\\\/logo\\\/image\\\/\"},\"sameAs\":[\"https:\\\/\\\/x.com\\\/zapateneo\"]}]}<\/script>\n<!-- \/ Yoast SEO plugin. -->","yoast_head_json":{"title":"Instinto de muerte &#8212; Zapateneo","robots":{"index":"index","follow":"follow","max-snippet":"max-snippet:-1","max-image-preview":"max-image-preview:large","max-video-preview":"max-video-preview:-1"},"canonical":"https:\/\/zapateneo.net\/wordpress\/index.php\/producto\/instinto-de-muerte\/","og_locale":"es_ES","og_type":"article","og_title":"Instinto de muerte &#8212; Zapateneo","og_description":"Mesrine, Jacques 9788493767105 - Pepitas de Calabaza - 2010 - 430 p\u00e1ginas \/orri.","og_url":"https:\/\/zapateneo.net\/wordpress\/index.php\/producto\/instinto-de-muerte\/","og_site_name":"Zapateneo","article_modified_time":"2021-05-01T16:13:06+00:00","og_image":[{"width":200,"height":288,"url":"https:\/\/zapateneo.net\/wordpress\/wp-content\/uploads\/2021\/05\/instinto.jpeg","type":"image\/jpeg"}],"twitter_card":"summary_large_image","twitter_site":"@zapateneo","twitter_misc":{"Tiempo de lectura":"3 minutos"},"schema":{"@context":"https:\/\/schema.org","@graph":[{"@type":"WebPage","@id":"https:\/\/zapateneo.net\/wordpress\/index.php\/producto\/instinto-de-muerte\/","url":"https:\/\/zapateneo.net\/wordpress\/index.php\/producto\/instinto-de-muerte\/","name":"Instinto de muerte &#8212; Zapateneo","isPartOf":{"@id":"https:\/\/zapateneo.net\/wordpress\/#website"},"primaryImageOfPage":{"@id":"https:\/\/zapateneo.net\/wordpress\/index.php\/producto\/instinto-de-muerte\/#primaryimage"},"image":{"@id":"https:\/\/zapateneo.net\/wordpress\/index.php\/producto\/instinto-de-muerte\/#primaryimage"},"thumbnailUrl":"https:\/\/zapateneo.net\/wordpress\/wp-content\/uploads\/2021\/05\/instinto.jpeg","datePublished":"2021-05-01T16:03:54+00:00","dateModified":"2021-05-01T16:13:06+00:00","breadcrumb":{"@id":"https:\/\/zapateneo.net\/wordpress\/index.php\/producto\/instinto-de-muerte\/#breadcrumb"},"inLanguage":"es","potentialAction":[{"@type":"ReadAction","target":["https:\/\/zapateneo.net\/wordpress\/index.php\/producto\/instinto-de-muerte\/"]}]},{"@type":"ImageObject","inLanguage":"es","@id":"https:\/\/zapateneo.net\/wordpress\/index.php\/producto\/instinto-de-muerte\/#primaryimage","url":"https:\/\/zapateneo.net\/wordpress\/wp-content\/uploads\/2021\/05\/instinto.jpeg","contentUrl":"https:\/\/zapateneo.net\/wordpress\/wp-content\/uploads\/2021\/05\/instinto.jpeg","width":200,"height":288},{"@type":"BreadcrumbList","@id":"https:\/\/zapateneo.net\/wordpress\/index.php\/producto\/instinto-de-muerte\/#breadcrumb","itemListElement":[{"@type":"ListItem","position":1,"name":"Portada","item":"https:\/\/zapateneo.net\/wordpress\/"},{"@type":"ListItem","position":2,"name":"Tienda","item":"https:\/\/zapateneo.net\/wordpress\/"},{"@type":"ListItem","position":3,"name":"Instinto de muerte"}]},{"@type":"WebSite","@id":"https:\/\/zapateneo.net\/wordpress\/#website","url":"https:\/\/zapateneo.net\/wordpress\/","name":"Zapateneo","description":"Zapateneoaren webgunea","publisher":{"@id":"https:\/\/zapateneo.net\/wordpress\/#organization"},"potentialAction":[{"@type":"SearchAction","target":{"@type":"EntryPoint","urlTemplate":"https:\/\/zapateneo.net\/wordpress\/?s={search_term_string}"},"query-input":{"@type":"PropertyValueSpecification","valueRequired":true,"valueName":"search_term_string"}}],"inLanguage":"es"},{"@type":"Organization","@id":"https:\/\/zapateneo.net\/wordpress\/#organization","name":"Zapateneo Kultur Elkartea","url":"https:\/\/zapateneo.net\/wordpress\/","logo":{"@type":"ImageObject","inLanguage":"es","@id":"https:\/\/zapateneo.net\/wordpress\/#\/schema\/logo\/image\/","url":"https:\/\/zapateneo.net\/wordpress\/wp-content\/uploads\/2021\/04\/zap-libu-kolec.jpg","contentUrl":"https:\/\/zapateneo.net\/wordpress\/wp-content\/uploads\/2021\/04\/zap-libu-kolec.jpg","width":2234,"height":398,"caption":"Zapateneo Kultur Elkartea"},"image":{"@id":"https:\/\/zapateneo.net\/wordpress\/#\/schema\/logo\/image\/"},"sameAs":["https:\/\/x.com\/zapateneo"]}]}},"_links":{"self":[{"href":"https:\/\/zapateneo.net\/wordpress\/index.php\/wp-json\/wp\/v2\/product\/7508","targetHints":{"allow":["GET"]}}],"collection":[{"href":"https:\/\/zapateneo.net\/wordpress\/index.php\/wp-json\/wp\/v2\/product"}],"about":[{"href":"https:\/\/zapateneo.net\/wordpress\/index.php\/wp-json\/wp\/v2\/types\/product"}],"wp:featuredmedia":[{"embeddable":true,"href":"https:\/\/zapateneo.net\/wordpress\/index.php\/wp-json\/wp\/v2\/media\/7509"}],"wp:attachment":[{"href":"https:\/\/zapateneo.net\/wordpress\/index.php\/wp-json\/wp\/v2\/media?parent=7508"}],"wp:term":[{"taxonomy":"product_brand","embeddable":true,"href":"https:\/\/zapateneo.net\/wordpress\/index.php\/wp-json\/wp\/v2\/product_brand?post=7508"},{"taxonomy":"product_cat","embeddable":true,"href":"https:\/\/zapateneo.net\/wordpress\/index.php\/wp-json\/wp\/v2\/product_cat?post=7508"},{"taxonomy":"product_tag","embeddable":true,"href":"https:\/\/zapateneo.net\/wordpress\/index.php\/wp-json\/wp\/v2\/product_tag?post=7508"}],"curies":[{"name":"wp","href":"https:\/\/api.w.org\/{rel}","templated":true}]}}