{"id":7505,"date":"2021-05-01T16:52:32","date_gmt":"2021-05-01T15:52:32","guid":{"rendered":"https:\/\/zapateneo.net\/wordpress\/?post_type=product&#038;p=7505"},"modified":"2023-04-11T09:19:55","modified_gmt":"2023-04-11T08:19:55","slug":"autobiografia-de-un-irreductible","status":"publish","type":"product","link":"https:\/\/zapateneo.net\/wordpress\/index.php\/producto\/autobiografia-de-un-irreductible\/","title":{"rendered":"Autobiograf\u00eda de un irreductible"},"content":{"rendered":"<p>Claudio Lavazza fue protagonista de los denominados \u201ca\u00f1os de plomo\u201d en Italia. Miembro de los grupos Proletarios Armados por el Comunismo (P.A.C.) y Comunistas Organizados por la Liberaci\u00f3n Proletaria (C.O.L.P.), tuvo que exiliarse en 1982 debido a la represi\u00f3n. Su pista se pierde hasta su detenci\u00f3n en C\u00f3rdoba (Espa\u00f1a) el 18 de Diciembre de 1996, tras el fallido atraco a la sucursal central del Banco Santander. Durante la persecuci\u00f3n policial murieron dos agentes de la polic\u00eda local de C\u00f3rdoba y Claudio y sus compa\u00f1eros recibieron m\u00faltiples heridas de bala. Desde la fecha permanece encarcelado, habiendo pasado muchos de estos a\u00f1os en los ilegales m\u00f3dulos de aislamiento FIES creados por el PSOE en 1991, donde particip\u00f3 en numerosas protestas, siendo fuertemente criminalizado por ello. En esta su autobiograf\u00eda, escrita en la c\u00e1rcel, apoy\u00e1ndose en cronolog\u00edas y documentos, nos describe su itinerario existencial, el de un irreductible, o sea, que no se rinde.<\/p>\n<p><!-- @page { margin: 2cm } P { margin-bottom: 0.21cm } --><\/p>\n<p>\u201cMi presencia en las manifestaciones de la Autonom\u00eda es cada vez m\u00e1s importante, trato de no perderme ni una, me siento a gusto en todas aquellas ciudades importantes del pa\u00eds mezclado con tantos\/as compa\u00f1eros\/as que piensan como yo, esperando el momento para calar el pasamonta\u00f1as y atacar a todos los s\u00edmbolos del sistema, sean \u00e9stos personas o cosas. Nos sentimos fuertes todos\/as juntos\/as, damos miedo, lo leemos en los ojos de las fuerzas del orden, de los comerciantes colaboradores, de los fachas\u2026 Se acabaron los tiempos de recibir palos sin poder devolverlos, ahora tambi\u00e9n nosotros\/as tenemos armas de fuego, con cada vez m\u00e1s insistencia se oye el grito \u201cPoliziotto, fai fagotto, \u00e9 arrivata la compagna P38\u201d (\u201cPolic\u00eda vete, ha llegado la compa\u00f1era P38\u201d), en referencia a la pistola semi-autom\u00e1tica Walter P38 del ej\u00e9rcito alem\u00e1n.\u201d<\/p>\n<p>Claudio Lavazza fue protagonista de los denominados \u201ca\u00f1os de plomo\u201d en Italia. Miembro de los grupos Proletarios Armados por el Comunismo (P.A.C.) y Comunistas Organizados por la Liberaci\u00f3n Proletaria (C.O.L.P.), tuvo que exiliarse en 1982 debido a la represi\u00f3n. Su pista se pierde hasta su detenci\u00f3n en C\u00f3rdoba (Espa\u00f1a) el 18 de Diciembre de 1996, tras el fallido atraco a la sucursal central del Banco Santander. Durante la persecuci\u00f3n policial murieron dos agentes de la polic\u00eda local de C\u00f3rdoba y Claudio y sus compa\u00f1eros recibieron m\u00faltiples heridas de bala. Desde la fecha permanece encarcelado, habiendo pasado muchos de estos a\u00f1os en los ilegales m\u00f3dulos de aislamiento FIES creados por el PSOE en 1991, donde particip\u00f3 en numerosas protestas, siendo fuertemente criminalizado por ello. En esta su autobiograf\u00eda, escrita en la c\u00e1rcel, apoy\u00e1ndose en cronolog\u00edas y documentos, nos describe su itinerario existencial, el de un irreductible, o sea, que no se rinde.<\/p>\n<p>\u201cAprovecho la oportunidad de hablar a este tribunal para dar una visi\u00f3n distinta de los hechos y de esta forma quitar esa imagen de fr\u00edo asesino que los medios de comunicaci\u00f3n me han colocado desde el primer d\u00eda. No deseo justificar mi actuaci\u00f3n en esta sala, no me importa en absoluto su opini\u00f3n o decisi\u00f3n, no quiero ninguna clase de trato de mis enemigos ni quiero justificarme ante la opini\u00f3n p\u00fablica, la misma que mira y permite la diaria miseria y eliminaci\u00f3n de miles de personas, y que se indigna por la muerte de dos polic\u00edas, que cuando nosotros disparamos piensa que somos asesinos y cuando es la polic\u00eda quien mata \u00abse hace justicia\u00bb. En la sangrienta guerra que impone el Capital miles de individuos caen cada d\u00eda bajo las balas de las fuerzas de seguridad del Estado, v\u00edctimas de las diferencias sociales y de la estrategia destructiva de la \u201ceconom\u00eda de mercado\u201d. Para mantener la seguridad de los ricos ese ej\u00e9rcito de mercenarios es reclutado, entrenado y puesto estrat\u00e9gicamente en la calle para vigilar, seguir y si es necesario eliminar a quien no obedece las reglas que ellos imponen. Siempre que se manifiesta una guerra, los bancos, los grupos burs\u00e1tiles, las multinacionales del armamento, los Estados y sus intereses est\u00e1n listos para invertir dinero en estos sucios negocios. Viven y proliferan para el beneficio de unos pocos a costa de la miseria y la muerte de muchos seres humanos. Atacar a ese grupo social para robarle algo da su inmenso tesoro es el punto m\u00e1s digno de lucha de cada proletario, es mucho mejor seguir este camino lleno de peligros (prisi\u00f3n, muerte) que llevar una vida de rodillas frente a los poderosos por un humillante salario.\u201d<\/p>\n","protected":false},"excerpt":{"rendered":"<p><strong>Lavazza, Claudio<\/strong><br \/>\n2010050500014 &#8211; Ediciones Autonomas &#8211; 2010 &#8211; 256 p\u00e1ginas \/orri.<\/p>\n","protected":false},"featured_media":7506,"template":"","meta":[],"product_brand":[],"product_cat":[181,16],"product_tag":[5703,4311,41],"class_list":{"0":"post-7505","1":"product","2":"type-product","3":"status-publish","4":"has-post-thumbnail","6":"product_cat-bazterketa-soziala-eta-errepresioa-exclusion-social-y-represion","7":"product_cat-libros","8":"product_tag-claudio-lavazza","9":"product_tag-ediciones-autonomas","10":"product_tag-lavazza","12":"first","13":"instock","14":"sold-individually","15":"shipping-taxable","16":"purchasable","17":"product-type-simple"},"yoast_head":"<!-- This site is optimized with the Yoast SEO plugin v27.3 - https:\/\/yoast.com\/product\/yoast-seo-wordpress\/ -->\n<title>Autobiograf\u00eda de un irreductible &#8212; Zapateneo<\/title>\n<meta name=\"robots\" content=\"index, follow, max-snippet:-1, max-image-preview:large, max-video-preview:-1\" \/>\n<link rel=\"canonical\" href=\"https:\/\/zapateneo.net\/wordpress\/index.php\/producto\/autobiografia-de-un-irreductible\/\" \/>\n<meta property=\"og:locale\" content=\"es_ES\" \/>\n<meta property=\"og:type\" content=\"article\" \/>\n<meta property=\"og:title\" content=\"Autobiograf\u00eda de un irreductible &#8212; Zapateneo\" \/>\n<meta property=\"og:description\" content=\"Lavazza, Claudio 2010050500014 - Ediciones Autonomas - 2010 - 256 p\u00e1ginas \/orri.\" \/>\n<meta property=\"og:url\" content=\"https:\/\/zapateneo.net\/wordpress\/index.php\/producto\/autobiografia-de-un-irreductible\/\" \/>\n<meta property=\"og:site_name\" content=\"Zapateneo\" \/>\n<meta property=\"article:modified_time\" content=\"2023-04-11T08:19:55+00:00\" \/>\n<meta property=\"og:image\" content=\"https:\/\/zapateneo.net\/wordpress\/wp-content\/uploads\/2021\/05\/autobiografia-de-un-irreductible.jpg\" \/>\n\t<meta property=\"og:image:width\" content=\"400\" \/>\n\t<meta property=\"og:image:height\" content=\"400\" \/>\n\t<meta property=\"og:image:type\" content=\"image\/jpeg\" \/>\n<meta name=\"twitter:card\" content=\"summary_large_image\" \/>\n<meta name=\"twitter:site\" content=\"@zapateneo\" \/>\n<meta name=\"twitter:label1\" content=\"Tiempo de lectura\" \/>\n\t<meta name=\"twitter:data1\" content=\"4 minutos\" \/>\n<script type=\"application\/ld+json\" class=\"yoast-schema-graph\">{\"@context\":\"https:\\\/\\\/schema.org\",\"@graph\":[{\"@type\":\"WebPage\",\"@id\":\"https:\\\/\\\/zapateneo.net\\\/wordpress\\\/index.php\\\/producto\\\/autobiografia-de-un-irreductible\\\/\",\"url\":\"https:\\\/\\\/zapateneo.net\\\/wordpress\\\/index.php\\\/producto\\\/autobiografia-de-un-irreductible\\\/\",\"name\":\"Autobiograf\u00eda de un irreductible &#8212; Zapateneo\",\"isPartOf\":{\"@id\":\"https:\\\/\\\/zapateneo.net\\\/wordpress\\\/#website\"},\"primaryImageOfPage\":{\"@id\":\"https:\\\/\\\/zapateneo.net\\\/wordpress\\\/index.php\\\/producto\\\/autobiografia-de-un-irreductible\\\/#primaryimage\"},\"image\":{\"@id\":\"https:\\\/\\\/zapateneo.net\\\/wordpress\\\/index.php\\\/producto\\\/autobiografia-de-un-irreductible\\\/#primaryimage\"},\"thumbnailUrl\":\"https:\\\/\\\/zapateneo.net\\\/wordpress\\\/wp-content\\\/uploads\\\/2021\\\/05\\\/autobiografia-de-un-irreductible.jpg\",\"datePublished\":\"2021-05-01T15:52:32+00:00\",\"dateModified\":\"2023-04-11T08:19:55+00:00\",\"breadcrumb\":{\"@id\":\"https:\\\/\\\/zapateneo.net\\\/wordpress\\\/index.php\\\/producto\\\/autobiografia-de-un-irreductible\\\/#breadcrumb\"},\"inLanguage\":\"es\",\"potentialAction\":[{\"@type\":\"ReadAction\",\"target\":[\"https:\\\/\\\/zapateneo.net\\\/wordpress\\\/index.php\\\/producto\\\/autobiografia-de-un-irreductible\\\/\"]}]},{\"@type\":\"ImageObject\",\"inLanguage\":\"es\",\"@id\":\"https:\\\/\\\/zapateneo.net\\\/wordpress\\\/index.php\\\/producto\\\/autobiografia-de-un-irreductible\\\/#primaryimage\",\"url\":\"https:\\\/\\\/zapateneo.net\\\/wordpress\\\/wp-content\\\/uploads\\\/2021\\\/05\\\/autobiografia-de-un-irreductible.jpg\",\"contentUrl\":\"https:\\\/\\\/zapateneo.net\\\/wordpress\\\/wp-content\\\/uploads\\\/2021\\\/05\\\/autobiografia-de-un-irreductible.jpg\",\"width\":400,\"height\":400},{\"@type\":\"BreadcrumbList\",\"@id\":\"https:\\\/\\\/zapateneo.net\\\/wordpress\\\/index.php\\\/producto\\\/autobiografia-de-un-irreductible\\\/#breadcrumb\",\"itemListElement\":[{\"@type\":\"ListItem\",\"position\":1,\"name\":\"Portada\",\"item\":\"https:\\\/\\\/zapateneo.net\\\/wordpress\\\/\"},{\"@type\":\"ListItem\",\"position\":2,\"name\":\"Tienda\",\"item\":\"https:\\\/\\\/zapateneo.net\\\/wordpress\\\/\"},{\"@type\":\"ListItem\",\"position\":3,\"name\":\"Autobiograf\u00eda de un irreductible\"}]},{\"@type\":\"WebSite\",\"@id\":\"https:\\\/\\\/zapateneo.net\\\/wordpress\\\/#website\",\"url\":\"https:\\\/\\\/zapateneo.net\\\/wordpress\\\/\",\"name\":\"Zapateneo\",\"description\":\"Zapateneoaren webgunea\",\"publisher\":{\"@id\":\"https:\\\/\\\/zapateneo.net\\\/wordpress\\\/#organization\"},\"potentialAction\":[{\"@type\":\"SearchAction\",\"target\":{\"@type\":\"EntryPoint\",\"urlTemplate\":\"https:\\\/\\\/zapateneo.net\\\/wordpress\\\/?s={search_term_string}\"},\"query-input\":{\"@type\":\"PropertyValueSpecification\",\"valueRequired\":true,\"valueName\":\"search_term_string\"}}],\"inLanguage\":\"es\"},{\"@type\":\"Organization\",\"@id\":\"https:\\\/\\\/zapateneo.net\\\/wordpress\\\/#organization\",\"name\":\"Zapateneo Kultur Elkartea\",\"url\":\"https:\\\/\\\/zapateneo.net\\\/wordpress\\\/\",\"logo\":{\"@type\":\"ImageObject\",\"inLanguage\":\"es\",\"@id\":\"https:\\\/\\\/zapateneo.net\\\/wordpress\\\/#\\\/schema\\\/logo\\\/image\\\/\",\"url\":\"https:\\\/\\\/zapateneo.net\\\/wordpress\\\/wp-content\\\/uploads\\\/2021\\\/04\\\/zap-libu-kolec.jpg\",\"contentUrl\":\"https:\\\/\\\/zapateneo.net\\\/wordpress\\\/wp-content\\\/uploads\\\/2021\\\/04\\\/zap-libu-kolec.jpg\",\"width\":2234,\"height\":398,\"caption\":\"Zapateneo Kultur Elkartea\"},\"image\":{\"@id\":\"https:\\\/\\\/zapateneo.net\\\/wordpress\\\/#\\\/schema\\\/logo\\\/image\\\/\"},\"sameAs\":[\"https:\\\/\\\/x.com\\\/zapateneo\"]}]}<\/script>\n<!-- \/ Yoast SEO plugin. -->","yoast_head_json":{"title":"Autobiograf\u00eda de un irreductible &#8212; Zapateneo","robots":{"index":"index","follow":"follow","max-snippet":"max-snippet:-1","max-image-preview":"max-image-preview:large","max-video-preview":"max-video-preview:-1"},"canonical":"https:\/\/zapateneo.net\/wordpress\/index.php\/producto\/autobiografia-de-un-irreductible\/","og_locale":"es_ES","og_type":"article","og_title":"Autobiograf\u00eda de un irreductible &#8212; Zapateneo","og_description":"Lavazza, Claudio 2010050500014 - Ediciones Autonomas - 2010 - 256 p\u00e1ginas \/orri.","og_url":"https:\/\/zapateneo.net\/wordpress\/index.php\/producto\/autobiografia-de-un-irreductible\/","og_site_name":"Zapateneo","article_modified_time":"2023-04-11T08:19:55+00:00","og_image":[{"width":400,"height":400,"url":"https:\/\/zapateneo.net\/wordpress\/wp-content\/uploads\/2021\/05\/autobiografia-de-un-irreductible.jpg","type":"image\/jpeg"}],"twitter_card":"summary_large_image","twitter_site":"@zapateneo","twitter_misc":{"Tiempo de lectura":"4 minutos"},"schema":{"@context":"https:\/\/schema.org","@graph":[{"@type":"WebPage","@id":"https:\/\/zapateneo.net\/wordpress\/index.php\/producto\/autobiografia-de-un-irreductible\/","url":"https:\/\/zapateneo.net\/wordpress\/index.php\/producto\/autobiografia-de-un-irreductible\/","name":"Autobiograf\u00eda de un irreductible &#8212; Zapateneo","isPartOf":{"@id":"https:\/\/zapateneo.net\/wordpress\/#website"},"primaryImageOfPage":{"@id":"https:\/\/zapateneo.net\/wordpress\/index.php\/producto\/autobiografia-de-un-irreductible\/#primaryimage"},"image":{"@id":"https:\/\/zapateneo.net\/wordpress\/index.php\/producto\/autobiografia-de-un-irreductible\/#primaryimage"},"thumbnailUrl":"https:\/\/zapateneo.net\/wordpress\/wp-content\/uploads\/2021\/05\/autobiografia-de-un-irreductible.jpg","datePublished":"2021-05-01T15:52:32+00:00","dateModified":"2023-04-11T08:19:55+00:00","breadcrumb":{"@id":"https:\/\/zapateneo.net\/wordpress\/index.php\/producto\/autobiografia-de-un-irreductible\/#breadcrumb"},"inLanguage":"es","potentialAction":[{"@type":"ReadAction","target":["https:\/\/zapateneo.net\/wordpress\/index.php\/producto\/autobiografia-de-un-irreductible\/"]}]},{"@type":"ImageObject","inLanguage":"es","@id":"https:\/\/zapateneo.net\/wordpress\/index.php\/producto\/autobiografia-de-un-irreductible\/#primaryimage","url":"https:\/\/zapateneo.net\/wordpress\/wp-content\/uploads\/2021\/05\/autobiografia-de-un-irreductible.jpg","contentUrl":"https:\/\/zapateneo.net\/wordpress\/wp-content\/uploads\/2021\/05\/autobiografia-de-un-irreductible.jpg","width":400,"height":400},{"@type":"BreadcrumbList","@id":"https:\/\/zapateneo.net\/wordpress\/index.php\/producto\/autobiografia-de-un-irreductible\/#breadcrumb","itemListElement":[{"@type":"ListItem","position":1,"name":"Portada","item":"https:\/\/zapateneo.net\/wordpress\/"},{"@type":"ListItem","position":2,"name":"Tienda","item":"https:\/\/zapateneo.net\/wordpress\/"},{"@type":"ListItem","position":3,"name":"Autobiograf\u00eda de un irreductible"}]},{"@type":"WebSite","@id":"https:\/\/zapateneo.net\/wordpress\/#website","url":"https:\/\/zapateneo.net\/wordpress\/","name":"Zapateneo","description":"Zapateneoaren webgunea","publisher":{"@id":"https:\/\/zapateneo.net\/wordpress\/#organization"},"potentialAction":[{"@type":"SearchAction","target":{"@type":"EntryPoint","urlTemplate":"https:\/\/zapateneo.net\/wordpress\/?s={search_term_string}"},"query-input":{"@type":"PropertyValueSpecification","valueRequired":true,"valueName":"search_term_string"}}],"inLanguage":"es"},{"@type":"Organization","@id":"https:\/\/zapateneo.net\/wordpress\/#organization","name":"Zapateneo Kultur Elkartea","url":"https:\/\/zapateneo.net\/wordpress\/","logo":{"@type":"ImageObject","inLanguage":"es","@id":"https:\/\/zapateneo.net\/wordpress\/#\/schema\/logo\/image\/","url":"https:\/\/zapateneo.net\/wordpress\/wp-content\/uploads\/2021\/04\/zap-libu-kolec.jpg","contentUrl":"https:\/\/zapateneo.net\/wordpress\/wp-content\/uploads\/2021\/04\/zap-libu-kolec.jpg","width":2234,"height":398,"caption":"Zapateneo Kultur Elkartea"},"image":{"@id":"https:\/\/zapateneo.net\/wordpress\/#\/schema\/logo\/image\/"},"sameAs":["https:\/\/x.com\/zapateneo"]}]}},"_links":{"self":[{"href":"https:\/\/zapateneo.net\/wordpress\/index.php\/wp-json\/wp\/v2\/product\/7505","targetHints":{"allow":["GET"]}}],"collection":[{"href":"https:\/\/zapateneo.net\/wordpress\/index.php\/wp-json\/wp\/v2\/product"}],"about":[{"href":"https:\/\/zapateneo.net\/wordpress\/index.php\/wp-json\/wp\/v2\/types\/product"}],"wp:featuredmedia":[{"embeddable":true,"href":"https:\/\/zapateneo.net\/wordpress\/index.php\/wp-json\/wp\/v2\/media\/7506"}],"wp:attachment":[{"href":"https:\/\/zapateneo.net\/wordpress\/index.php\/wp-json\/wp\/v2\/media?parent=7505"}],"wp:term":[{"taxonomy":"product_brand","embeddable":true,"href":"https:\/\/zapateneo.net\/wordpress\/index.php\/wp-json\/wp\/v2\/product_brand?post=7505"},{"taxonomy":"product_cat","embeddable":true,"href":"https:\/\/zapateneo.net\/wordpress\/index.php\/wp-json\/wp\/v2\/product_cat?post=7505"},{"taxonomy":"product_tag","embeddable":true,"href":"https:\/\/zapateneo.net\/wordpress\/index.php\/wp-json\/wp\/v2\/product_tag?post=7505"}],"curies":[{"name":"wp","href":"https:\/\/api.w.org\/{rel}","templated":true}]}}