{"id":7389,"date":"2021-04-09T10:17:39","date_gmt":"2021-04-09T09:17:39","guid":{"rendered":"https:\/\/zapateneo.net\/wordpress\/?post_type=product&#038;p=7389"},"modified":"2021-09-28T14:03:10","modified_gmt":"2021-09-28T13:03:10","slug":"ekintza-zuzena-n-30","status":"publish","type":"product","link":"https:\/\/zapateneo.net\/wordpress\/index.php\/producto\/ekintza-zuzena-n-30\/","title":{"rendered":"EKINTZA ZUZENA n.30"},"content":{"rendered":"<ul>\n<li>\u00bf1984 o Un mundo feliz? \u2013 1984 edo mundo zoriontsu bat?Laberintos y pantanos \u2013 labirintoak eta padurak<\/li>\n<li>Escenograf\u00eda represiva b\u00e1sica. An\u00e1lisis estrat\u00e9gico de los montajes<\/li>\n<li>Todo son montajes. Carta de los compa\u00f1eros detenidos en Valencia en octubre de 2002 bajo acusaci\u00f3n de delito de terrorismo<\/li>\n<li>Prestige. Los secretos de la adaptaci\u00f3n moderna (Los Amigos de Ludd)<\/li>\n<li>Desastre del Prestige o desastre de la conciencia (Los Amigos de Ludd)<\/li>\n<li>C\u00f3mic: \u201cLa invasi\u00f3n de las corporations\u201d (A. Singer)<\/li>\n<li>La sociedad transparente. Tecnolog\u00edas de control en la estructura empresarial moderna (C. H. Sierra)<\/li>\n<li>Desobedeciendo. La guerra de guerrillas contra el imperio (J. Garc\u00eda Blanca)<\/li>\n<li>!Todo el poder para las asambleas? (M. Mart\u00ednez)<\/li>\n<li>En contra de la ciencia, por la libertad (Colectivo Silvestre, Biotecnolog\u00eda, Pisa, Italia)<\/li>\n<li>Alienaci\u00f3n. El mapa de la desesperanza \u2013 Alienazioa: etsipenaren mapa (Extra\u00eddo del peri\u00f3dico <em>Heraldo<\/em>)<\/li>\n<li>Propuesta para una manera diferente de entender la organizaci\u00f3n \u2013 Eraketa ulertzeko modu ezberdin bat<\/li>\n<li>Argentina. Las asambleas barriales. Apuntes a modo de hip\u00f3tesis de trabajo (H. Ouvi\u00f1a, UBA, Argentina)<\/li>\n<li>Plan Puebla-Panam\u00e1. Desarrollo\u2026 \u00bfpara qui\u00e9n?<\/li>\n<li>Posible aun despu\u00e9s de Auschwitz. Para una cr\u00edtica radical de toda forma de escuela (P. Garc\u00eda Olivo)<\/li>\n<li>C\u00f3mic: \u201cEL hombre que nunca estuvo all\u00ed (E. P\u00e9rez)<\/li>\n<li>Grindcore: m\u00fasica de batidora (A. Olmedo \u2013 J. Arteaga)<\/li>\n<li>\u00a1Desratice su mente! Teatro breve mental \u2013 Desarratoitu zure burua! Buruko antzerki laburra (E. P\u00e9rez)<\/li>\n<\/ul>\n<p>Consultar on line en: <a href=\"https:\/\/www.nodo50.org\/ekintza\/seccion\/numeros\/numero30\/\" target=\"_blank\" rel=\"noopener\">https:\/\/www.nodo50.org\/ekintza\/seccion\/numeros\/numero30\/<\/a><\/p>\n<p>&nbsp;<\/p>\n","protected":false},"excerpt":{"rendered":"<p>2_199 &#8211; N\u00fam.\/Zbk.: 30 &#8211; EKINTZA ZUZENA &#8211; -2003<\/p>\n","protected":false},"featured_media":8384,"template":"","meta":[],"product_brand":[],"product_cat":[1868,164],"product_tag":[4626,4209],"class_list":{"0":"post-7389","1":"product","2":"type-product","3":"status-publish","4":"has-post-thumbnail","6":"product_cat-anarkismoa-anarquismo","7":"product_cat-revistas-aldizkariak","8":"product_tag-deskargak","9":"product_tag-ekintza-zuzena","11":"first","12":"instock","13":"sold-individually","14":"shipping-taxable","15":"purchasable","16":"product-type-simple"},"yoast_head":"<!-- This site is optimized with the Yoast SEO plugin v27.3 - https:\/\/yoast.com\/product\/yoast-seo-wordpress\/ -->\n<title>EKINTZA ZUZENA n.30 &#8212; Zapateneo<\/title>\n<meta name=\"robots\" content=\"index, follow, max-snippet:-1, max-image-preview:large, max-video-preview:-1\" \/>\n<link rel=\"canonical\" href=\"https:\/\/zapateneo.net\/wordpress\/index.php\/producto\/ekintza-zuzena-n-30\/\" \/>\n<meta property=\"og:locale\" content=\"es_ES\" \/>\n<meta property=\"og:type\" content=\"article\" \/>\n<meta property=\"og:title\" content=\"EKINTZA ZUZENA n.30 &#8212; Zapateneo\" \/>\n<meta property=\"og:description\" content=\"2_199 - N\u00fam.\/Zbk.: 30 - EKINTZA ZUZENA - -2003\" \/>\n<meta property=\"og:url\" content=\"https:\/\/zapateneo.net\/wordpress\/index.php\/producto\/ekintza-zuzena-n-30\/\" \/>\n<meta property=\"og:site_name\" content=\"Zapateneo\" \/>\n<meta property=\"article:modified_time\" content=\"2021-09-28T13:03:10+00:00\" \/>\n<meta property=\"og:image\" content=\"https:\/\/zapateneo.net\/wordpress\/wp-content\/uploads\/2021\/04\/30ezp.jpg\" \/>\n\t<meta property=\"og:image:width\" content=\"480\" \/>\n\t<meta property=\"og:image:height\" content=\"680\" \/>\n\t<meta property=\"og:image:type\" content=\"image\/jpeg\" \/>\n<meta name=\"twitter:card\" content=\"summary_large_image\" \/>\n<meta name=\"twitter:site\" content=\"@zapateneo\" \/>\n<meta name=\"twitter:label1\" content=\"Tiempo de lectura\" \/>\n\t<meta name=\"twitter:data1\" content=\"1 minuto\" \/>\n<script type=\"application\/ld+json\" class=\"yoast-schema-graph\">{\"@context\":\"https:\\\/\\\/schema.org\",\"@graph\":[{\"@type\":\"WebPage\",\"@id\":\"https:\\\/\\\/zapateneo.net\\\/wordpress\\\/index.php\\\/producto\\\/ekintza-zuzena-n-30\\\/\",\"url\":\"https:\\\/\\\/zapateneo.net\\\/wordpress\\\/index.php\\\/producto\\\/ekintza-zuzena-n-30\\\/\",\"name\":\"EKINTZA ZUZENA n.30 &#8212; Zapateneo\",\"isPartOf\":{\"@id\":\"https:\\\/\\\/zapateneo.net\\\/wordpress\\\/#website\"},\"primaryImageOfPage\":{\"@id\":\"https:\\\/\\\/zapateneo.net\\\/wordpress\\\/index.php\\\/producto\\\/ekintza-zuzena-n-30\\\/#primaryimage\"},\"image\":{\"@id\":\"https:\\\/\\\/zapateneo.net\\\/wordpress\\\/index.php\\\/producto\\\/ekintza-zuzena-n-30\\\/#primaryimage\"},\"thumbnailUrl\":\"https:\\\/\\\/zapateneo.net\\\/wordpress\\\/wp-content\\\/uploads\\\/2021\\\/04\\\/30ezp.jpg\",\"datePublished\":\"2021-04-09T09:17:39+00:00\",\"dateModified\":\"2021-09-28T13:03:10+00:00\",\"breadcrumb\":{\"@id\":\"https:\\\/\\\/zapateneo.net\\\/wordpress\\\/index.php\\\/producto\\\/ekintza-zuzena-n-30\\\/#breadcrumb\"},\"inLanguage\":\"es\",\"potentialAction\":[{\"@type\":\"ReadAction\",\"target\":[\"https:\\\/\\\/zapateneo.net\\\/wordpress\\\/index.php\\\/producto\\\/ekintza-zuzena-n-30\\\/\"]}]},{\"@type\":\"ImageObject\",\"inLanguage\":\"es\",\"@id\":\"https:\\\/\\\/zapateneo.net\\\/wordpress\\\/index.php\\\/producto\\\/ekintza-zuzena-n-30\\\/#primaryimage\",\"url\":\"https:\\\/\\\/zapateneo.net\\\/wordpress\\\/wp-content\\\/uploads\\\/2021\\\/04\\\/30ezp.jpg\",\"contentUrl\":\"https:\\\/\\\/zapateneo.net\\\/wordpress\\\/wp-content\\\/uploads\\\/2021\\\/04\\\/30ezp.jpg\",\"width\":480,\"height\":680},{\"@type\":\"BreadcrumbList\",\"@id\":\"https:\\\/\\\/zapateneo.net\\\/wordpress\\\/index.php\\\/producto\\\/ekintza-zuzena-n-30\\\/#breadcrumb\",\"itemListElement\":[{\"@type\":\"ListItem\",\"position\":1,\"name\":\"Portada\",\"item\":\"https:\\\/\\\/zapateneo.net\\\/wordpress\\\/\"},{\"@type\":\"ListItem\",\"position\":2,\"name\":\"Tienda\",\"item\":\"https:\\\/\\\/zapateneo.net\\\/wordpress\\\/\"},{\"@type\":\"ListItem\",\"position\":3,\"name\":\"EKINTZA ZUZENA n.30\"}]},{\"@type\":\"WebSite\",\"@id\":\"https:\\\/\\\/zapateneo.net\\\/wordpress\\\/#website\",\"url\":\"https:\\\/\\\/zapateneo.net\\\/wordpress\\\/\",\"name\":\"Zapateneo\",\"description\":\"Zapateneoaren webgunea\",\"publisher\":{\"@id\":\"https:\\\/\\\/zapateneo.net\\\/wordpress\\\/#organization\"},\"potentialAction\":[{\"@type\":\"SearchAction\",\"target\":{\"@type\":\"EntryPoint\",\"urlTemplate\":\"https:\\\/\\\/zapateneo.net\\\/wordpress\\\/?s={search_term_string}\"},\"query-input\":{\"@type\":\"PropertyValueSpecification\",\"valueRequired\":true,\"valueName\":\"search_term_string\"}}],\"inLanguage\":\"es\"},{\"@type\":\"Organization\",\"@id\":\"https:\\\/\\\/zapateneo.net\\\/wordpress\\\/#organization\",\"name\":\"Zapateneo Kultur Elkartea\",\"url\":\"https:\\\/\\\/zapateneo.net\\\/wordpress\\\/\",\"logo\":{\"@type\":\"ImageObject\",\"inLanguage\":\"es\",\"@id\":\"https:\\\/\\\/zapateneo.net\\\/wordpress\\\/#\\\/schema\\\/logo\\\/image\\\/\",\"url\":\"https:\\\/\\\/zapateneo.net\\\/wordpress\\\/wp-content\\\/uploads\\\/2021\\\/04\\\/zap-libu-kolec.jpg\",\"contentUrl\":\"https:\\\/\\\/zapateneo.net\\\/wordpress\\\/wp-content\\\/uploads\\\/2021\\\/04\\\/zap-libu-kolec.jpg\",\"width\":2234,\"height\":398,\"caption\":\"Zapateneo Kultur Elkartea\"},\"image\":{\"@id\":\"https:\\\/\\\/zapateneo.net\\\/wordpress\\\/#\\\/schema\\\/logo\\\/image\\\/\"},\"sameAs\":[\"https:\\\/\\\/x.com\\\/zapateneo\"]}]}<\/script>\n<!-- \/ Yoast SEO plugin. -->","yoast_head_json":{"title":"EKINTZA ZUZENA n.30 &#8212; Zapateneo","robots":{"index":"index","follow":"follow","max-snippet":"max-snippet:-1","max-image-preview":"max-image-preview:large","max-video-preview":"max-video-preview:-1"},"canonical":"https:\/\/zapateneo.net\/wordpress\/index.php\/producto\/ekintza-zuzena-n-30\/","og_locale":"es_ES","og_type":"article","og_title":"EKINTZA ZUZENA n.30 &#8212; Zapateneo","og_description":"2_199 - N\u00fam.\/Zbk.: 30 - EKINTZA ZUZENA - -2003","og_url":"https:\/\/zapateneo.net\/wordpress\/index.php\/producto\/ekintza-zuzena-n-30\/","og_site_name":"Zapateneo","article_modified_time":"2021-09-28T13:03:10+00:00","og_image":[{"width":480,"height":680,"url":"https:\/\/zapateneo.net\/wordpress\/wp-content\/uploads\/2021\/04\/30ezp.jpg","type":"image\/jpeg"}],"twitter_card":"summary_large_image","twitter_site":"@zapateneo","twitter_misc":{"Tiempo de lectura":"1 minuto"},"schema":{"@context":"https:\/\/schema.org","@graph":[{"@type":"WebPage","@id":"https:\/\/zapateneo.net\/wordpress\/index.php\/producto\/ekintza-zuzena-n-30\/","url":"https:\/\/zapateneo.net\/wordpress\/index.php\/producto\/ekintza-zuzena-n-30\/","name":"EKINTZA ZUZENA n.30 &#8212; Zapateneo","isPartOf":{"@id":"https:\/\/zapateneo.net\/wordpress\/#website"},"primaryImageOfPage":{"@id":"https:\/\/zapateneo.net\/wordpress\/index.php\/producto\/ekintza-zuzena-n-30\/#primaryimage"},"image":{"@id":"https:\/\/zapateneo.net\/wordpress\/index.php\/producto\/ekintza-zuzena-n-30\/#primaryimage"},"thumbnailUrl":"https:\/\/zapateneo.net\/wordpress\/wp-content\/uploads\/2021\/04\/30ezp.jpg","datePublished":"2021-04-09T09:17:39+00:00","dateModified":"2021-09-28T13:03:10+00:00","breadcrumb":{"@id":"https:\/\/zapateneo.net\/wordpress\/index.php\/producto\/ekintza-zuzena-n-30\/#breadcrumb"},"inLanguage":"es","potentialAction":[{"@type":"ReadAction","target":["https:\/\/zapateneo.net\/wordpress\/index.php\/producto\/ekintza-zuzena-n-30\/"]}]},{"@type":"ImageObject","inLanguage":"es","@id":"https:\/\/zapateneo.net\/wordpress\/index.php\/producto\/ekintza-zuzena-n-30\/#primaryimage","url":"https:\/\/zapateneo.net\/wordpress\/wp-content\/uploads\/2021\/04\/30ezp.jpg","contentUrl":"https:\/\/zapateneo.net\/wordpress\/wp-content\/uploads\/2021\/04\/30ezp.jpg","width":480,"height":680},{"@type":"BreadcrumbList","@id":"https:\/\/zapateneo.net\/wordpress\/index.php\/producto\/ekintza-zuzena-n-30\/#breadcrumb","itemListElement":[{"@type":"ListItem","position":1,"name":"Portada","item":"https:\/\/zapateneo.net\/wordpress\/"},{"@type":"ListItem","position":2,"name":"Tienda","item":"https:\/\/zapateneo.net\/wordpress\/"},{"@type":"ListItem","position":3,"name":"EKINTZA ZUZENA n.30"}]},{"@type":"WebSite","@id":"https:\/\/zapateneo.net\/wordpress\/#website","url":"https:\/\/zapateneo.net\/wordpress\/","name":"Zapateneo","description":"Zapateneoaren webgunea","publisher":{"@id":"https:\/\/zapateneo.net\/wordpress\/#organization"},"potentialAction":[{"@type":"SearchAction","target":{"@type":"EntryPoint","urlTemplate":"https:\/\/zapateneo.net\/wordpress\/?s={search_term_string}"},"query-input":{"@type":"PropertyValueSpecification","valueRequired":true,"valueName":"search_term_string"}}],"inLanguage":"es"},{"@type":"Organization","@id":"https:\/\/zapateneo.net\/wordpress\/#organization","name":"Zapateneo Kultur Elkartea","url":"https:\/\/zapateneo.net\/wordpress\/","logo":{"@type":"ImageObject","inLanguage":"es","@id":"https:\/\/zapateneo.net\/wordpress\/#\/schema\/logo\/image\/","url":"https:\/\/zapateneo.net\/wordpress\/wp-content\/uploads\/2021\/04\/zap-libu-kolec.jpg","contentUrl":"https:\/\/zapateneo.net\/wordpress\/wp-content\/uploads\/2021\/04\/zap-libu-kolec.jpg","width":2234,"height":398,"caption":"Zapateneo Kultur Elkartea"},"image":{"@id":"https:\/\/zapateneo.net\/wordpress\/#\/schema\/logo\/image\/"},"sameAs":["https:\/\/x.com\/zapateneo"]}]}},"_links":{"self":[{"href":"https:\/\/zapateneo.net\/wordpress\/index.php\/wp-json\/wp\/v2\/product\/7389","targetHints":{"allow":["GET"]}}],"collection":[{"href":"https:\/\/zapateneo.net\/wordpress\/index.php\/wp-json\/wp\/v2\/product"}],"about":[{"href":"https:\/\/zapateneo.net\/wordpress\/index.php\/wp-json\/wp\/v2\/types\/product"}],"wp:featuredmedia":[{"embeddable":true,"href":"https:\/\/zapateneo.net\/wordpress\/index.php\/wp-json\/wp\/v2\/media\/8384"}],"wp:attachment":[{"href":"https:\/\/zapateneo.net\/wordpress\/index.php\/wp-json\/wp\/v2\/media?parent=7389"}],"wp:term":[{"taxonomy":"product_brand","embeddable":true,"href":"https:\/\/zapateneo.net\/wordpress\/index.php\/wp-json\/wp\/v2\/product_brand?post=7389"},{"taxonomy":"product_cat","embeddable":true,"href":"https:\/\/zapateneo.net\/wordpress\/index.php\/wp-json\/wp\/v2\/product_cat?post=7389"},{"taxonomy":"product_tag","embeddable":true,"href":"https:\/\/zapateneo.net\/wordpress\/index.php\/wp-json\/wp\/v2\/product_tag?post=7389"}],"curies":[{"name":"wp","href":"https:\/\/api.w.org\/{rel}","templated":true}]}}