{"id":737,"date":"2021-04-07T07:41:00","date_gmt":"2021-04-07T06:41:00","guid":{"rendered":"https:\/\/zapateneo.net\/wordpress\/?post_type=product&#038;p=737"},"modified":"2021-04-07T07:41:40","modified_gmt":"2021-04-07T06:41:40","slug":"individualidades-comun-y-utopia-critca-libertaria-del-populismo-de-izquierda","status":"publish","type":"product","link":"https:\/\/zapateneo.net\/wordpress\/index.php\/producto\/individualidades-comun-y-utopia-critca-libertaria-del-populismo-de-izquierda\/","title":{"rendered":"Individualidades, comun y utop\u00eda. Cr\u00edtca libertaria del populismo de izquierda"},"content":{"rendered":"<p>Reinventar una izquierda emancipadora del siglo XXI exige reinventar una br\u00fajula que incluya a la vez referencias cr\u00edticas de ayer y pensadores enfrentados a los desaf\u00edos de hoy. Tal es la tarea que el soci\u00f3logo y fil\u00f3sofo franc\u00e9s Philippe Corcuff intenta en este libro, para lo cual se inspira tanto en la lectura her\u00e9tica de Marx como en la sociolog\u00eda cr\u00edtica de Pierre Bourdieu, o las filosof\u00edas de Michel Foucault y de Emmanuel Levinas. Fruto de esta conexi\u00f3n, es su intento de reivindicar el lugar de la individualidad en una teor\u00eda pol\u00edtica libertaria, en estrecha relaci\u00f3n con el com\u00fan. Lo cual tiene consecuencias para el an\u00e1lisis del capitalismo actual, haciendo de la contradicci\u00f3n capital\/individualidad una de sus principales zonas de fragilidad. Tambi\u00e9n supone comprender con Foucault las relaciones entre las limitaciones sociales estructurales y las posibilidades de subjetivaci\u00f3n individual. El horizonte ut\u00f3pico de la pol\u00edtica emancipadora se redefine gracias al pragmatismo filos\u00f3fico de John Dewey y a la fenomenolog\u00eda de la apertura del ser de Levinas. Todo ello lleva a Philippe Corcuff a criticar algunas falsas soluciones de moda, especialmente los usos del concepto de hegemon\u00eda de Antonio Gramsci y el populismo de izquierda de Ernesto Laclau y Chantal Mouffe. Asimismo, le permite contraponer una lectura anarquista de la serie Juego de Tronos a la lectura conformista de Pablo Iglesias.<\/p>\n<p>\nEl libro esboza, a lo largo de diversos cap\u00edtulos compuestos de escritos e intervenciones p\u00fablicas, una \u00e9tica de la fragilidad que rechace los sue\u00f1os de absoluto y de pureza, d\u00e1ndole el nombre parad\u00f3jico de socialdemocracia libertaria a ciertas pistas que van en esa direcci\u00f3n. Para tal fin, present\u00e1ndose como intelectual y militante intelectual, Philippe Corcuff identifica, en el espacio pol\u00edtico emergente de las experiencias socialistas y comunistas del siglo XX, dos grandes v\u00edas que trata de ampliar te\u00f3ricamente. Por una parte, la necesidad de renovar y ampliar las herramientas marxianas y \u00abmarxistas\u00bb de an\u00e1lisis cr\u00edtico del mundo con los recursos sociol\u00f3gicos \u00abposmarxistas\u00bb, y en particular con la cr\u00edtica de las dominaciones desarrolladas por Pierre Bourdieu, la sociolog\u00eda pragm\u00e1tica iniciada por Luc Boltanski y Laurent Th\u00e9venot, o las sociolog\u00edas cr\u00edticas y comprensivas del individualismo. Por otra parte, una filosof\u00eda pol\u00edtica emancipadora enfrentada a antinomias permanentes, tales como las que existen entre la consolidaci\u00f3n de un espacio com\u00fan de justicia y el desarrollo de las singularidades individuales, o entre las protecciones institucionales y la cr\u00edtica libertaria de las opresiones institucionales.<\/p>\n","protected":false},"excerpt":{"rendered":"<p><strong>Corcuff, Philippe<\/strong><br \/>\n9788494892295 &#8211; Dado Ediciones &#8211; 2020 &#8211; 210 p\u00e1ginas \/orri.<\/p>\n","protected":false},"featured_media":790,"template":"","meta":[],"product_brand":[],"product_cat":[16,173],"product_tag":[625,459],"class_list":{"0":"post-737","1":"product","2":"type-product","3":"status-publish","4":"has-post-thumbnail","6":"product_cat-libros","7":"product_cat-saiakera-ensayo","8":"product_tag-corcuff","9":"product_tag-dado-ediciones","11":"first","12":"instock","13":"sold-individually","14":"shipping-taxable","15":"purchasable","16":"product-type-simple"},"yoast_head":"<!-- This site is optimized with the Yoast SEO plugin v27.3 - https:\/\/yoast.com\/product\/yoast-seo-wordpress\/ -->\n<title>Individualidades, comun y utop\u00eda. Cr\u00edtca libertaria del populismo de izquierda &#8212; Zapateneo<\/title>\n<meta name=\"robots\" content=\"index, follow, max-snippet:-1, max-image-preview:large, max-video-preview:-1\" \/>\n<link rel=\"canonical\" href=\"https:\/\/zapateneo.net\/wordpress\/index.php\/producto\/individualidades-comun-y-utopia-critca-libertaria-del-populismo-de-izquierda\/\" \/>\n<meta property=\"og:locale\" content=\"es_ES\" \/>\n<meta property=\"og:type\" content=\"article\" \/>\n<meta property=\"og:title\" content=\"Individualidades, comun y utop\u00eda. Cr\u00edtca libertaria del populismo de izquierda &#8212; Zapateneo\" \/>\n<meta property=\"og:description\" content=\"Corcuff, Philippe 9788494892295 - Dado Ediciones - 2020 - 210 p\u00e1ginas \/orri.\" \/>\n<meta property=\"og:url\" content=\"https:\/\/zapateneo.net\/wordpress\/index.php\/producto\/individualidades-comun-y-utopia-critca-libertaria-del-populismo-de-izquierda\/\" \/>\n<meta property=\"og:site_name\" content=\"Zapateneo\" \/>\n<meta property=\"article:modified_time\" content=\"2021-04-07T06:41:40+00:00\" \/>\n<meta property=\"og:image\" content=\"https:\/\/zapateneo.net\/wordpress\/wp-content\/uploads\/2021\/04\/9788494892295.jpg\" \/>\n\t<meta property=\"og:image:width\" content=\"120\" \/>\n\t<meta property=\"og:image:height\" content=\"120\" \/>\n\t<meta property=\"og:image:type\" content=\"image\/jpeg\" \/>\n<meta name=\"twitter:card\" content=\"summary_large_image\" \/>\n<meta name=\"twitter:site\" content=\"@zapateneo\" \/>\n<meta name=\"twitter:label1\" content=\"Tiempo de lectura\" \/>\n\t<meta name=\"twitter:data1\" content=\"2 minutos\" \/>\n<script type=\"application\/ld+json\" class=\"yoast-schema-graph\">{\"@context\":\"https:\\\/\\\/schema.org\",\"@graph\":[{\"@type\":\"WebPage\",\"@id\":\"https:\\\/\\\/zapateneo.net\\\/wordpress\\\/index.php\\\/producto\\\/individualidades-comun-y-utopia-critca-libertaria-del-populismo-de-izquierda\\\/\",\"url\":\"https:\\\/\\\/zapateneo.net\\\/wordpress\\\/index.php\\\/producto\\\/individualidades-comun-y-utopia-critca-libertaria-del-populismo-de-izquierda\\\/\",\"name\":\"Individualidades, comun y utop\u00eda. Cr\u00edtca libertaria del populismo de izquierda &#8212; Zapateneo\",\"isPartOf\":{\"@id\":\"https:\\\/\\\/zapateneo.net\\\/wordpress\\\/#website\"},\"primaryImageOfPage\":{\"@id\":\"https:\\\/\\\/zapateneo.net\\\/wordpress\\\/index.php\\\/producto\\\/individualidades-comun-y-utopia-critca-libertaria-del-populismo-de-izquierda\\\/#primaryimage\"},\"image\":{\"@id\":\"https:\\\/\\\/zapateneo.net\\\/wordpress\\\/index.php\\\/producto\\\/individualidades-comun-y-utopia-critca-libertaria-del-populismo-de-izquierda\\\/#primaryimage\"},\"thumbnailUrl\":\"https:\\\/\\\/zapateneo.net\\\/wordpress\\\/wp-content\\\/uploads\\\/2021\\\/04\\\/9788494892295.jpg\",\"datePublished\":\"2021-04-07T06:41:00+00:00\",\"dateModified\":\"2021-04-07T06:41:40+00:00\",\"breadcrumb\":{\"@id\":\"https:\\\/\\\/zapateneo.net\\\/wordpress\\\/index.php\\\/producto\\\/individualidades-comun-y-utopia-critca-libertaria-del-populismo-de-izquierda\\\/#breadcrumb\"},\"inLanguage\":\"es\",\"potentialAction\":[{\"@type\":\"ReadAction\",\"target\":[\"https:\\\/\\\/zapateneo.net\\\/wordpress\\\/index.php\\\/producto\\\/individualidades-comun-y-utopia-critca-libertaria-del-populismo-de-izquierda\\\/\"]}]},{\"@type\":\"ImageObject\",\"inLanguage\":\"es\",\"@id\":\"https:\\\/\\\/zapateneo.net\\\/wordpress\\\/index.php\\\/producto\\\/individualidades-comun-y-utopia-critca-libertaria-del-populismo-de-izquierda\\\/#primaryimage\",\"url\":\"https:\\\/\\\/zapateneo.net\\\/wordpress\\\/wp-content\\\/uploads\\\/2021\\\/04\\\/9788494892295.jpg\",\"contentUrl\":\"https:\\\/\\\/zapateneo.net\\\/wordpress\\\/wp-content\\\/uploads\\\/2021\\\/04\\\/9788494892295.jpg\",\"width\":120,\"height\":120},{\"@type\":\"BreadcrumbList\",\"@id\":\"https:\\\/\\\/zapateneo.net\\\/wordpress\\\/index.php\\\/producto\\\/individualidades-comun-y-utopia-critca-libertaria-del-populismo-de-izquierda\\\/#breadcrumb\",\"itemListElement\":[{\"@type\":\"ListItem\",\"position\":1,\"name\":\"Portada\",\"item\":\"https:\\\/\\\/zapateneo.net\\\/wordpress\\\/\"},{\"@type\":\"ListItem\",\"position\":2,\"name\":\"Tienda\",\"item\":\"https:\\\/\\\/zapateneo.net\\\/wordpress\\\/\"},{\"@type\":\"ListItem\",\"position\":3,\"name\":\"Individualidades, comun y utop\u00eda. Cr\u00edtca libertaria del populismo de izquierda\"}]},{\"@type\":\"WebSite\",\"@id\":\"https:\\\/\\\/zapateneo.net\\\/wordpress\\\/#website\",\"url\":\"https:\\\/\\\/zapateneo.net\\\/wordpress\\\/\",\"name\":\"Zapateneo\",\"description\":\"Zapateneoaren webgunea\",\"publisher\":{\"@id\":\"https:\\\/\\\/zapateneo.net\\\/wordpress\\\/#organization\"},\"potentialAction\":[{\"@type\":\"SearchAction\",\"target\":{\"@type\":\"EntryPoint\",\"urlTemplate\":\"https:\\\/\\\/zapateneo.net\\\/wordpress\\\/?s={search_term_string}\"},\"query-input\":{\"@type\":\"PropertyValueSpecification\",\"valueRequired\":true,\"valueName\":\"search_term_string\"}}],\"inLanguage\":\"es\"},{\"@type\":\"Organization\",\"@id\":\"https:\\\/\\\/zapateneo.net\\\/wordpress\\\/#organization\",\"name\":\"Zapateneo Kultur Elkartea\",\"url\":\"https:\\\/\\\/zapateneo.net\\\/wordpress\\\/\",\"logo\":{\"@type\":\"ImageObject\",\"inLanguage\":\"es\",\"@id\":\"https:\\\/\\\/zapateneo.net\\\/wordpress\\\/#\\\/schema\\\/logo\\\/image\\\/\",\"url\":\"https:\\\/\\\/zapateneo.net\\\/wordpress\\\/wp-content\\\/uploads\\\/2021\\\/04\\\/zap-libu-kolec.jpg\",\"contentUrl\":\"https:\\\/\\\/zapateneo.net\\\/wordpress\\\/wp-content\\\/uploads\\\/2021\\\/04\\\/zap-libu-kolec.jpg\",\"width\":2234,\"height\":398,\"caption\":\"Zapateneo Kultur Elkartea\"},\"image\":{\"@id\":\"https:\\\/\\\/zapateneo.net\\\/wordpress\\\/#\\\/schema\\\/logo\\\/image\\\/\"},\"sameAs\":[\"https:\\\/\\\/x.com\\\/zapateneo\"]}]}<\/script>\n<!-- \/ Yoast SEO plugin. -->","yoast_head_json":{"title":"Individualidades, comun y utop\u00eda. Cr\u00edtca libertaria del populismo de izquierda &#8212; Zapateneo","robots":{"index":"index","follow":"follow","max-snippet":"max-snippet:-1","max-image-preview":"max-image-preview:large","max-video-preview":"max-video-preview:-1"},"canonical":"https:\/\/zapateneo.net\/wordpress\/index.php\/producto\/individualidades-comun-y-utopia-critca-libertaria-del-populismo-de-izquierda\/","og_locale":"es_ES","og_type":"article","og_title":"Individualidades, comun y utop\u00eda. Cr\u00edtca libertaria del populismo de izquierda &#8212; Zapateneo","og_description":"Corcuff, Philippe 9788494892295 - Dado Ediciones - 2020 - 210 p\u00e1ginas \/orri.","og_url":"https:\/\/zapateneo.net\/wordpress\/index.php\/producto\/individualidades-comun-y-utopia-critca-libertaria-del-populismo-de-izquierda\/","og_site_name":"Zapateneo","article_modified_time":"2021-04-07T06:41:40+00:00","og_image":[{"width":120,"height":120,"url":"https:\/\/zapateneo.net\/wordpress\/wp-content\/uploads\/2021\/04\/9788494892295.jpg","type":"image\/jpeg"}],"twitter_card":"summary_large_image","twitter_site":"@zapateneo","twitter_misc":{"Tiempo de lectura":"2 minutos"},"schema":{"@context":"https:\/\/schema.org","@graph":[{"@type":"WebPage","@id":"https:\/\/zapateneo.net\/wordpress\/index.php\/producto\/individualidades-comun-y-utopia-critca-libertaria-del-populismo-de-izquierda\/","url":"https:\/\/zapateneo.net\/wordpress\/index.php\/producto\/individualidades-comun-y-utopia-critca-libertaria-del-populismo-de-izquierda\/","name":"Individualidades, comun y utop\u00eda. Cr\u00edtca libertaria del populismo de izquierda &#8212; Zapateneo","isPartOf":{"@id":"https:\/\/zapateneo.net\/wordpress\/#website"},"primaryImageOfPage":{"@id":"https:\/\/zapateneo.net\/wordpress\/index.php\/producto\/individualidades-comun-y-utopia-critca-libertaria-del-populismo-de-izquierda\/#primaryimage"},"image":{"@id":"https:\/\/zapateneo.net\/wordpress\/index.php\/producto\/individualidades-comun-y-utopia-critca-libertaria-del-populismo-de-izquierda\/#primaryimage"},"thumbnailUrl":"https:\/\/zapateneo.net\/wordpress\/wp-content\/uploads\/2021\/04\/9788494892295.jpg","datePublished":"2021-04-07T06:41:00+00:00","dateModified":"2021-04-07T06:41:40+00:00","breadcrumb":{"@id":"https:\/\/zapateneo.net\/wordpress\/index.php\/producto\/individualidades-comun-y-utopia-critca-libertaria-del-populismo-de-izquierda\/#breadcrumb"},"inLanguage":"es","potentialAction":[{"@type":"ReadAction","target":["https:\/\/zapateneo.net\/wordpress\/index.php\/producto\/individualidades-comun-y-utopia-critca-libertaria-del-populismo-de-izquierda\/"]}]},{"@type":"ImageObject","inLanguage":"es","@id":"https:\/\/zapateneo.net\/wordpress\/index.php\/producto\/individualidades-comun-y-utopia-critca-libertaria-del-populismo-de-izquierda\/#primaryimage","url":"https:\/\/zapateneo.net\/wordpress\/wp-content\/uploads\/2021\/04\/9788494892295.jpg","contentUrl":"https:\/\/zapateneo.net\/wordpress\/wp-content\/uploads\/2021\/04\/9788494892295.jpg","width":120,"height":120},{"@type":"BreadcrumbList","@id":"https:\/\/zapateneo.net\/wordpress\/index.php\/producto\/individualidades-comun-y-utopia-critca-libertaria-del-populismo-de-izquierda\/#breadcrumb","itemListElement":[{"@type":"ListItem","position":1,"name":"Portada","item":"https:\/\/zapateneo.net\/wordpress\/"},{"@type":"ListItem","position":2,"name":"Tienda","item":"https:\/\/zapateneo.net\/wordpress\/"},{"@type":"ListItem","position":3,"name":"Individualidades, comun y utop\u00eda. Cr\u00edtca libertaria del populismo de izquierda"}]},{"@type":"WebSite","@id":"https:\/\/zapateneo.net\/wordpress\/#website","url":"https:\/\/zapateneo.net\/wordpress\/","name":"Zapateneo","description":"Zapateneoaren webgunea","publisher":{"@id":"https:\/\/zapateneo.net\/wordpress\/#organization"},"potentialAction":[{"@type":"SearchAction","target":{"@type":"EntryPoint","urlTemplate":"https:\/\/zapateneo.net\/wordpress\/?s={search_term_string}"},"query-input":{"@type":"PropertyValueSpecification","valueRequired":true,"valueName":"search_term_string"}}],"inLanguage":"es"},{"@type":"Organization","@id":"https:\/\/zapateneo.net\/wordpress\/#organization","name":"Zapateneo Kultur Elkartea","url":"https:\/\/zapateneo.net\/wordpress\/","logo":{"@type":"ImageObject","inLanguage":"es","@id":"https:\/\/zapateneo.net\/wordpress\/#\/schema\/logo\/image\/","url":"https:\/\/zapateneo.net\/wordpress\/wp-content\/uploads\/2021\/04\/zap-libu-kolec.jpg","contentUrl":"https:\/\/zapateneo.net\/wordpress\/wp-content\/uploads\/2021\/04\/zap-libu-kolec.jpg","width":2234,"height":398,"caption":"Zapateneo Kultur Elkartea"},"image":{"@id":"https:\/\/zapateneo.net\/wordpress\/#\/schema\/logo\/image\/"},"sameAs":["https:\/\/x.com\/zapateneo"]}]}},"_links":{"self":[{"href":"https:\/\/zapateneo.net\/wordpress\/index.php\/wp-json\/wp\/v2\/product\/737","targetHints":{"allow":["GET"]}}],"collection":[{"href":"https:\/\/zapateneo.net\/wordpress\/index.php\/wp-json\/wp\/v2\/product"}],"about":[{"href":"https:\/\/zapateneo.net\/wordpress\/index.php\/wp-json\/wp\/v2\/types\/product"}],"wp:featuredmedia":[{"embeddable":true,"href":"https:\/\/zapateneo.net\/wordpress\/index.php\/wp-json\/wp\/v2\/media\/790"}],"wp:attachment":[{"href":"https:\/\/zapateneo.net\/wordpress\/index.php\/wp-json\/wp\/v2\/media?parent=737"}],"wp:term":[{"taxonomy":"product_brand","embeddable":true,"href":"https:\/\/zapateneo.net\/wordpress\/index.php\/wp-json\/wp\/v2\/product_brand?post=737"},{"taxonomy":"product_cat","embeddable":true,"href":"https:\/\/zapateneo.net\/wordpress\/index.php\/wp-json\/wp\/v2\/product_cat?post=737"},{"taxonomy":"product_tag","embeddable":true,"href":"https:\/\/zapateneo.net\/wordpress\/index.php\/wp-json\/wp\/v2\/product_tag?post=737"}],"curies":[{"name":"wp","href":"https:\/\/api.w.org\/{rel}","templated":true}]}}