{"id":7347,"date":"2021-04-09T10:16:56","date_gmt":"2021-04-09T09:16:56","guid":{"rendered":"https:\/\/zapateneo.net\/wordpress\/?post_type=product&#038;p=7347"},"modified":"2021-09-29T13:21:00","modified_gmt":"2021-09-29T12:21:00","slug":"ekintza-zuzena-n-32","status":"publish","type":"product","link":"https:\/\/zapateneo.net\/wordpress\/index.php\/producto\/ekintza-zuzena-n-32\/","title":{"rendered":"EKINTZA ZUZENA n.32"},"content":{"rendered":"<ul>\n<li>Venta de cultura \u2013 Kultura Salmenta (A. Garc\u00eda Calvo)<\/li>\n<li>Pobres, pero rentables \u2013 Pobreak, baina errentagarriak (E. Mart\u00ednez Reguera)<\/li>\n<li>Urbanizaci\u00f3n y destrucci\u00f3n (M. Amor\u00f3s)<\/li>\n<li>TAV, dominaci\u00f3n a alta velocidad (Bilboko AHTren Aurkako Asanblada)<\/li>\n<li>Sobre las limitaciones y peligros de la red por un \u201ctren social\u201d (Miembro de la Asamblea contra el TAV)<\/li>\n<li>Comp\u00e1s de espera (Un impaciente) \/ C\u00f3mic \u201cMatr\u00edcula de Ruman\u00eda\u201d (Roger)<\/li>\n<li>El hurac\u00e1n de la Gran Transformaci\u00f3n (R. Germinal)<\/li>\n<li>C\u00f3mic: \u201cAcebes\u201d (Juarma)<\/li>\n<li>C\u00f3mic: \u201cPol\u00edtica penitenciaria\u201d (E. P\u00e9rez)<\/li>\n<li>Lenguas minorizadas y globalizaci\u00f3n. Elogio de lo peque\u00f1o \u2013 Txikitasunaren gorabeharrez. Hizkuntza txikituak eta globalizazioa (A. Zuberogoitia)<\/li>\n<li>La muerte de nuestro idioma. Sobre la situaci\u00f3n del idioma ga\u00e9lico en Escocia \u2013 Gaelikoaren heriotza. Gaeliko hizkuntzaren egoerari buruz Eskozian (S. Rootjuice)<\/li>\n<li>El desarrollo de la industrializaci\u00f3n y sus resistencias. Una introducci\u00f3n a la historia del Luddismo (Extra\u00eddo de <em>Contra Infos<\/em>, Valencia)<\/li>\n<li>Lo cort\u00e9s no quita lo valiente (Cerdas Agridulces, Valencia)<\/li>\n<li>Objeci\u00f3n escolar. Otra objeci\u00f3n de conciencia (I. Guti\u00e9rrez, Crecer sin Escuela)<\/li>\n<li>Internacionalismo. Sombras e ilusiones de un mundo globalizado (A. Landariz)<\/li>\n<li>Misterio y jerarqu\u00eda. Sobre la pervivencia del anarquismo (C. Ferrer, Argentina)<\/li>\n<li>M\u00fasica: Motorsex. Anarkia en el geri\u00e1trico (El amigo de la morralla)<\/li>\n<li>Teatro: Pr\u00f3ximo parada Auswich \u2013 Hurrengo geltokia Auswich (E. P\u00e9rez)<\/li>\n<li>Cine y pol\u00edtica en la Berlinale<\/li>\n<li>Relato: \u201cLa culpa de toda la tiene\u2026\u201d (Tato Bores)<\/li>\n<li>Incluye el cuadernillo: <strong>\u201cNaturismo libertario (1890-1939)\u201d<\/strong>, de Josep Maria Rosell\u00f3<\/li>\n<\/ul>\n<p>Deskarga:<a href=\"https:\/\/www.nodo50.org\/ekintza\/seccion\/numeros\/numero32\/\" target=\"_blank\" rel=\"noopener\"> https:\/\/www.nodo50.org\/ekintza\/seccion\/numeros\/numero32\/<\/a><\/p>\n","protected":false},"excerpt":{"rendered":"<p>2_381 &#8211; N\u00fam.\/Zbk.: 32 &#8211; EKINTZA ZUZENA &#8211; &#8211; 2005<\/p>\n","protected":false},"featured_media":8433,"template":"","meta":[],"product_brand":[],"product_cat":[1868,164],"product_tag":[4626,4209],"class_list":{"0":"post-7347","1":"product","2":"type-product","3":"status-publish","4":"has-post-thumbnail","6":"product_cat-anarkismoa-anarquismo","7":"product_cat-revistas-aldizkariak","8":"product_tag-deskargak","9":"product_tag-ekintza-zuzena","11":"first","12":"instock","13":"sold-individually","14":"shipping-taxable","15":"purchasable","16":"product-type-simple"},"yoast_head":"<!-- This site is optimized with the Yoast SEO plugin v27.3 - https:\/\/yoast.com\/product\/yoast-seo-wordpress\/ -->\n<title>EKINTZA ZUZENA n.32 &#8212; Zapateneo<\/title>\n<meta name=\"robots\" content=\"index, follow, max-snippet:-1, max-image-preview:large, max-video-preview:-1\" \/>\n<link rel=\"canonical\" href=\"https:\/\/zapateneo.net\/wordpress\/index.php\/producto\/ekintza-zuzena-n-32\/\" \/>\n<meta property=\"og:locale\" content=\"es_ES\" \/>\n<meta property=\"og:type\" content=\"article\" \/>\n<meta property=\"og:title\" content=\"EKINTZA ZUZENA n.32 &#8212; Zapateneo\" \/>\n<meta property=\"og:description\" content=\"2_381 - N\u00fam.\/Zbk.: 32 - EKINTZA ZUZENA - - 2005\" \/>\n<meta property=\"og:url\" content=\"https:\/\/zapateneo.net\/wordpress\/index.php\/producto\/ekintza-zuzena-n-32\/\" \/>\n<meta property=\"og:site_name\" content=\"Zapateneo\" \/>\n<meta property=\"article:modified_time\" content=\"2021-09-29T12:21:00+00:00\" \/>\n<meta property=\"og:image\" content=\"https:\/\/zapateneo.net\/wordpress\/wp-content\/uploads\/2021\/04\/ekintza-zuzena-32.jpg\" \/>\n\t<meta property=\"og:image:width\" content=\"481\" \/>\n\t<meta property=\"og:image:height\" content=\"680\" \/>\n\t<meta property=\"og:image:type\" content=\"image\/jpeg\" \/>\n<meta name=\"twitter:card\" content=\"summary_large_image\" \/>\n<meta name=\"twitter:site\" content=\"@zapateneo\" \/>\n<meta name=\"twitter:label1\" content=\"Tiempo de lectura\" \/>\n\t<meta name=\"twitter:data1\" content=\"1 minuto\" \/>\n<script type=\"application\/ld+json\" class=\"yoast-schema-graph\">{\"@context\":\"https:\\\/\\\/schema.org\",\"@graph\":[{\"@type\":\"WebPage\",\"@id\":\"https:\\\/\\\/zapateneo.net\\\/wordpress\\\/index.php\\\/producto\\\/ekintza-zuzena-n-32\\\/\",\"url\":\"https:\\\/\\\/zapateneo.net\\\/wordpress\\\/index.php\\\/producto\\\/ekintza-zuzena-n-32\\\/\",\"name\":\"EKINTZA ZUZENA n.32 &#8212; Zapateneo\",\"isPartOf\":{\"@id\":\"https:\\\/\\\/zapateneo.net\\\/wordpress\\\/#website\"},\"primaryImageOfPage\":{\"@id\":\"https:\\\/\\\/zapateneo.net\\\/wordpress\\\/index.php\\\/producto\\\/ekintza-zuzena-n-32\\\/#primaryimage\"},\"image\":{\"@id\":\"https:\\\/\\\/zapateneo.net\\\/wordpress\\\/index.php\\\/producto\\\/ekintza-zuzena-n-32\\\/#primaryimage\"},\"thumbnailUrl\":\"https:\\\/\\\/zapateneo.net\\\/wordpress\\\/wp-content\\\/uploads\\\/2021\\\/04\\\/ekintza-zuzena-32.jpg\",\"datePublished\":\"2021-04-09T09:16:56+00:00\",\"dateModified\":\"2021-09-29T12:21:00+00:00\",\"breadcrumb\":{\"@id\":\"https:\\\/\\\/zapateneo.net\\\/wordpress\\\/index.php\\\/producto\\\/ekintza-zuzena-n-32\\\/#breadcrumb\"},\"inLanguage\":\"es\",\"potentialAction\":[{\"@type\":\"ReadAction\",\"target\":[\"https:\\\/\\\/zapateneo.net\\\/wordpress\\\/index.php\\\/producto\\\/ekintza-zuzena-n-32\\\/\"]}]},{\"@type\":\"ImageObject\",\"inLanguage\":\"es\",\"@id\":\"https:\\\/\\\/zapateneo.net\\\/wordpress\\\/index.php\\\/producto\\\/ekintza-zuzena-n-32\\\/#primaryimage\",\"url\":\"https:\\\/\\\/zapateneo.net\\\/wordpress\\\/wp-content\\\/uploads\\\/2021\\\/04\\\/ekintza-zuzena-32.jpg\",\"contentUrl\":\"https:\\\/\\\/zapateneo.net\\\/wordpress\\\/wp-content\\\/uploads\\\/2021\\\/04\\\/ekintza-zuzena-32.jpg\",\"width\":481,\"height\":680},{\"@type\":\"BreadcrumbList\",\"@id\":\"https:\\\/\\\/zapateneo.net\\\/wordpress\\\/index.php\\\/producto\\\/ekintza-zuzena-n-32\\\/#breadcrumb\",\"itemListElement\":[{\"@type\":\"ListItem\",\"position\":1,\"name\":\"Portada\",\"item\":\"https:\\\/\\\/zapateneo.net\\\/wordpress\\\/\"},{\"@type\":\"ListItem\",\"position\":2,\"name\":\"Tienda\",\"item\":\"https:\\\/\\\/zapateneo.net\\\/wordpress\\\/\"},{\"@type\":\"ListItem\",\"position\":3,\"name\":\"EKINTZA ZUZENA n.32\"}]},{\"@type\":\"WebSite\",\"@id\":\"https:\\\/\\\/zapateneo.net\\\/wordpress\\\/#website\",\"url\":\"https:\\\/\\\/zapateneo.net\\\/wordpress\\\/\",\"name\":\"Zapateneo\",\"description\":\"Zapateneoaren webgunea\",\"publisher\":{\"@id\":\"https:\\\/\\\/zapateneo.net\\\/wordpress\\\/#organization\"},\"potentialAction\":[{\"@type\":\"SearchAction\",\"target\":{\"@type\":\"EntryPoint\",\"urlTemplate\":\"https:\\\/\\\/zapateneo.net\\\/wordpress\\\/?s={search_term_string}\"},\"query-input\":{\"@type\":\"PropertyValueSpecification\",\"valueRequired\":true,\"valueName\":\"search_term_string\"}}],\"inLanguage\":\"es\"},{\"@type\":\"Organization\",\"@id\":\"https:\\\/\\\/zapateneo.net\\\/wordpress\\\/#organization\",\"name\":\"Zapateneo Kultur Elkartea\",\"url\":\"https:\\\/\\\/zapateneo.net\\\/wordpress\\\/\",\"logo\":{\"@type\":\"ImageObject\",\"inLanguage\":\"es\",\"@id\":\"https:\\\/\\\/zapateneo.net\\\/wordpress\\\/#\\\/schema\\\/logo\\\/image\\\/\",\"url\":\"https:\\\/\\\/zapateneo.net\\\/wordpress\\\/wp-content\\\/uploads\\\/2021\\\/04\\\/zap-libu-kolec.jpg\",\"contentUrl\":\"https:\\\/\\\/zapateneo.net\\\/wordpress\\\/wp-content\\\/uploads\\\/2021\\\/04\\\/zap-libu-kolec.jpg\",\"width\":2234,\"height\":398,\"caption\":\"Zapateneo Kultur Elkartea\"},\"image\":{\"@id\":\"https:\\\/\\\/zapateneo.net\\\/wordpress\\\/#\\\/schema\\\/logo\\\/image\\\/\"},\"sameAs\":[\"https:\\\/\\\/x.com\\\/zapateneo\"]}]}<\/script>\n<!-- \/ Yoast SEO plugin. -->","yoast_head_json":{"title":"EKINTZA ZUZENA n.32 &#8212; Zapateneo","robots":{"index":"index","follow":"follow","max-snippet":"max-snippet:-1","max-image-preview":"max-image-preview:large","max-video-preview":"max-video-preview:-1"},"canonical":"https:\/\/zapateneo.net\/wordpress\/index.php\/producto\/ekintza-zuzena-n-32\/","og_locale":"es_ES","og_type":"article","og_title":"EKINTZA ZUZENA n.32 &#8212; Zapateneo","og_description":"2_381 - N\u00fam.\/Zbk.: 32 - EKINTZA ZUZENA - - 2005","og_url":"https:\/\/zapateneo.net\/wordpress\/index.php\/producto\/ekintza-zuzena-n-32\/","og_site_name":"Zapateneo","article_modified_time":"2021-09-29T12:21:00+00:00","og_image":[{"width":481,"height":680,"url":"https:\/\/zapateneo.net\/wordpress\/wp-content\/uploads\/2021\/04\/ekintza-zuzena-32.jpg","type":"image\/jpeg"}],"twitter_card":"summary_large_image","twitter_site":"@zapateneo","twitter_misc":{"Tiempo de lectura":"1 minuto"},"schema":{"@context":"https:\/\/schema.org","@graph":[{"@type":"WebPage","@id":"https:\/\/zapateneo.net\/wordpress\/index.php\/producto\/ekintza-zuzena-n-32\/","url":"https:\/\/zapateneo.net\/wordpress\/index.php\/producto\/ekintza-zuzena-n-32\/","name":"EKINTZA ZUZENA n.32 &#8212; Zapateneo","isPartOf":{"@id":"https:\/\/zapateneo.net\/wordpress\/#website"},"primaryImageOfPage":{"@id":"https:\/\/zapateneo.net\/wordpress\/index.php\/producto\/ekintza-zuzena-n-32\/#primaryimage"},"image":{"@id":"https:\/\/zapateneo.net\/wordpress\/index.php\/producto\/ekintza-zuzena-n-32\/#primaryimage"},"thumbnailUrl":"https:\/\/zapateneo.net\/wordpress\/wp-content\/uploads\/2021\/04\/ekintza-zuzena-32.jpg","datePublished":"2021-04-09T09:16:56+00:00","dateModified":"2021-09-29T12:21:00+00:00","breadcrumb":{"@id":"https:\/\/zapateneo.net\/wordpress\/index.php\/producto\/ekintza-zuzena-n-32\/#breadcrumb"},"inLanguage":"es","potentialAction":[{"@type":"ReadAction","target":["https:\/\/zapateneo.net\/wordpress\/index.php\/producto\/ekintza-zuzena-n-32\/"]}]},{"@type":"ImageObject","inLanguage":"es","@id":"https:\/\/zapateneo.net\/wordpress\/index.php\/producto\/ekintza-zuzena-n-32\/#primaryimage","url":"https:\/\/zapateneo.net\/wordpress\/wp-content\/uploads\/2021\/04\/ekintza-zuzena-32.jpg","contentUrl":"https:\/\/zapateneo.net\/wordpress\/wp-content\/uploads\/2021\/04\/ekintza-zuzena-32.jpg","width":481,"height":680},{"@type":"BreadcrumbList","@id":"https:\/\/zapateneo.net\/wordpress\/index.php\/producto\/ekintza-zuzena-n-32\/#breadcrumb","itemListElement":[{"@type":"ListItem","position":1,"name":"Portada","item":"https:\/\/zapateneo.net\/wordpress\/"},{"@type":"ListItem","position":2,"name":"Tienda","item":"https:\/\/zapateneo.net\/wordpress\/"},{"@type":"ListItem","position":3,"name":"EKINTZA ZUZENA n.32"}]},{"@type":"WebSite","@id":"https:\/\/zapateneo.net\/wordpress\/#website","url":"https:\/\/zapateneo.net\/wordpress\/","name":"Zapateneo","description":"Zapateneoaren webgunea","publisher":{"@id":"https:\/\/zapateneo.net\/wordpress\/#organization"},"potentialAction":[{"@type":"SearchAction","target":{"@type":"EntryPoint","urlTemplate":"https:\/\/zapateneo.net\/wordpress\/?s={search_term_string}"},"query-input":{"@type":"PropertyValueSpecification","valueRequired":true,"valueName":"search_term_string"}}],"inLanguage":"es"},{"@type":"Organization","@id":"https:\/\/zapateneo.net\/wordpress\/#organization","name":"Zapateneo Kultur Elkartea","url":"https:\/\/zapateneo.net\/wordpress\/","logo":{"@type":"ImageObject","inLanguage":"es","@id":"https:\/\/zapateneo.net\/wordpress\/#\/schema\/logo\/image\/","url":"https:\/\/zapateneo.net\/wordpress\/wp-content\/uploads\/2021\/04\/zap-libu-kolec.jpg","contentUrl":"https:\/\/zapateneo.net\/wordpress\/wp-content\/uploads\/2021\/04\/zap-libu-kolec.jpg","width":2234,"height":398,"caption":"Zapateneo Kultur Elkartea"},"image":{"@id":"https:\/\/zapateneo.net\/wordpress\/#\/schema\/logo\/image\/"},"sameAs":["https:\/\/x.com\/zapateneo"]}]}},"_links":{"self":[{"href":"https:\/\/zapateneo.net\/wordpress\/index.php\/wp-json\/wp\/v2\/product\/7347","targetHints":{"allow":["GET"]}}],"collection":[{"href":"https:\/\/zapateneo.net\/wordpress\/index.php\/wp-json\/wp\/v2\/product"}],"about":[{"href":"https:\/\/zapateneo.net\/wordpress\/index.php\/wp-json\/wp\/v2\/types\/product"}],"wp:featuredmedia":[{"embeddable":true,"href":"https:\/\/zapateneo.net\/wordpress\/index.php\/wp-json\/wp\/v2\/media\/8433"}],"wp:attachment":[{"href":"https:\/\/zapateneo.net\/wordpress\/index.php\/wp-json\/wp\/v2\/media?parent=7347"}],"wp:term":[{"taxonomy":"product_brand","embeddable":true,"href":"https:\/\/zapateneo.net\/wordpress\/index.php\/wp-json\/wp\/v2\/product_brand?post=7347"},{"taxonomy":"product_cat","embeddable":true,"href":"https:\/\/zapateneo.net\/wordpress\/index.php\/wp-json\/wp\/v2\/product_cat?post=7347"},{"taxonomy":"product_tag","embeddable":true,"href":"https:\/\/zapateneo.net\/wordpress\/index.php\/wp-json\/wp\/v2\/product_tag?post=7347"}],"curies":[{"name":"wp","href":"https:\/\/api.w.org\/{rel}","templated":true}]}}