{"id":7337,"date":"2021-04-09T10:16:53","date_gmt":"2021-04-09T09:16:53","guid":{"rendered":"https:\/\/zapateneo.net\/wordpress\/?post_type=product&#038;p=7337"},"modified":"2021-09-29T13:25:16","modified_gmt":"2021-09-29T12:25:16","slug":"ekintza-zuzena-33","status":"publish","type":"product","link":"https:\/\/zapateneo.net\/wordpress\/index.php\/producto\/ekintza-zuzena-33\/","title":{"rendered":"EKINTZA ZUZENA # 33"},"content":{"rendered":"<ul>\n<li>La eterna promesa de felicidad y placer \u2013 Zoriona eta plazerra, betiko agintza (Extra\u00eddo del fanzine: <em>El aislamiento masivo, desolador ocaso del universo<\/em>)<\/li>\n<li>Naci\u00f3n, estado, violencia (J. Balboa)<\/li>\n<li>Reculando sin descanso o que pintan las ideas aut\u00f3nomas en la desintegraci\u00f3n social de Euskal Herria (J. Aguirre)<\/li>\n<li>La urbe totalitaria (M. Amor\u00f3s)<\/li>\n<li>Unas palabras en memoria de la ciudad desaparecida (J. Montero)<\/li>\n<li>La cr\u00edtica antiindustrial y su futuro (J. Rodr\u00edguez Hidalgo)<\/li>\n<li>C\u00f3mic: \u201cUn d\u00eda lleg\u00f3 ese d\u00eda\u201d (Roger)<\/li>\n<li>Los malos tiempos arder\u00e1n. Consideraci\u00f3n sobre los recientes acontecimientos de Francia, y el brillante porvenir del que son heraldos (Grupo Surrealista de Madrid, Colectivo Trabajadores Culturales, La Felguera \u2013Madrid, Tenerife-, Ox\u00edgeno \u2013Logro\u00f1o-, Las malas compa\u00f1\u00edas de Durruti -Logro\u00f1o, Zaragoza-, Fahrenheit 451 \u2013Madrid-)<\/li>\n<li>Algunas notas sobre la militancia pol\u00edtica (A. Landariz)<\/li>\n<li>Lo Libertario<\/li>\n<li>Capitalismo contra ecolog\u00eda. La combinaci\u00f3n mortal de pobreza urbana y peligros naturales \u2013 Kapitalismoa ekologiaren aurka. Hiri pobrezia eta arrisku naturalen elkartze mortala (M. Davis, Extra\u00eddo de <em>Sin Permiso<\/em>)<\/li>\n<li>Contra la ley moral \u2013 Lege moralaren aurka (Resumen de un texto del Colectivo Crimental)<\/li>\n<li><strong>Dossier: La c\u00e1rcel desde dentro y desde fuera<\/strong>\n<ul>\n<li>1) Entrevista con Salhaketa<\/li>\n<li>2) Entrevista con el expreso Laudelino Iglesias<\/li>\n<li>3) \u00bfQu\u00e9 c\u00e1rcel tenemos?<\/li>\n<li>4) El imperio de la discriminaci\u00f3n impune<\/li>\n<li>5) C\u00e1rceles de menores \u00bflas c\u00e1rceles del futuro?<\/li>\n<li>6) Hay soluci\u00f3n a la c\u00e1rcel?<\/li>\n<li>7) Breve informaci\u00f3n sobre pres@s en lucha<\/li>\n<li>8) Algunos libros para conocer la c\u00e1rcel<\/li>\n<\/ul>\n<\/li>\n<li>Comunicado sobre el incendio de Guadalajara y los incendios en general (Los Amigos de Ludd \u2013Verano 2005-)<\/li>\n<li>Magonismo. Perspectivas hist\u00f3ricas de un modelo an\u00e1rquico mexicano. Entrevista a Hilario Topete autor de \u201cIdeas en movimiento\u201d<\/li>\n<li>Neomagonismo<\/li>\n<li>Haciendo un poco de historia. Distribuci\u00f3n alternativa y anticomercial<\/li>\n<li>Encuentros y desencuentros en la distribuci\u00f3n alternativa<\/li>\n<li>Elfo Negro. Jarkor contra Sauron y Melkor (Entrevista a Elfo Negro \u2013 J. Arteaga)<\/li>\n<\/ul>\n<p>Deskarga: <a href=\"https:\/\/www.nodo50.org\/ekintza\/seccion\/numeros\/numero33\/\" target=\"_blank\" rel=\"noopener\">https:\/\/www.nodo50.org\/ekintza\/seccion\/numeros\/numero33\/<\/a><\/p>\n","protected":false},"excerpt":{"rendered":"<p><strong>VVAA<\/strong><br \/>\n2006011900016 &#8211; N\u00fam.\/Zbk.: 33 &#8211; EKINTZA ZUZENA &#8211; 2006 &#8211; 100 p\u00e1ginas \/orri.<\/p>\n","protected":false},"featured_media":7733,"template":"","meta":[],"product_brand":[],"product_cat":[1868,164],"product_tag":[4626,4209],"class_list":{"0":"post-7337","1":"product","2":"type-product","3":"status-publish","4":"has-post-thumbnail","6":"product_cat-anarkismoa-anarquismo","7":"product_cat-revistas-aldizkariak","8":"product_tag-deskargak","9":"product_tag-ekintza-zuzena","11":"first","12":"instock","13":"sold-individually","14":"shipping-taxable","15":"purchasable","16":"product-type-simple"},"yoast_head":"<!-- This site is optimized with the Yoast SEO plugin v27.3 - https:\/\/yoast.com\/product\/yoast-seo-wordpress\/ -->\n<title>EKINTZA ZUZENA # 33 &#8212; Zapateneo<\/title>\n<meta name=\"robots\" content=\"index, follow, max-snippet:-1, max-image-preview:large, max-video-preview:-1\" \/>\n<link rel=\"canonical\" href=\"https:\/\/zapateneo.net\/wordpress\/index.php\/producto\/ekintza-zuzena-33\/\" \/>\n<meta property=\"og:locale\" content=\"es_ES\" \/>\n<meta property=\"og:type\" content=\"article\" \/>\n<meta property=\"og:title\" content=\"EKINTZA ZUZENA # 33 &#8212; Zapateneo\" \/>\n<meta property=\"og:description\" content=\"VVAA 2006011900016 - N\u00fam.\/Zbk.: 33 - EKINTZA ZUZENA - 2006 - 100 p\u00e1ginas \/orri.\" \/>\n<meta property=\"og:url\" content=\"https:\/\/zapateneo.net\/wordpress\/index.php\/producto\/ekintza-zuzena-33\/\" \/>\n<meta property=\"og:site_name\" content=\"Zapateneo\" \/>\n<meta property=\"article:modified_time\" content=\"2021-09-29T12:25:16+00:00\" \/>\n<meta property=\"og:image\" content=\"https:\/\/zapateneo.net\/wordpress\/wp-content\/uploads\/2021\/04\/33-ezp-209x300-1.jpg\" \/>\n\t<meta property=\"og:image:width\" content=\"209\" \/>\n\t<meta property=\"og:image:height\" content=\"300\" \/>\n\t<meta property=\"og:image:type\" content=\"image\/jpeg\" \/>\n<meta name=\"twitter:card\" content=\"summary_large_image\" \/>\n<meta name=\"twitter:site\" content=\"@zapateneo\" \/>\n<meta name=\"twitter:label1\" content=\"Tiempo de lectura\" \/>\n\t<meta name=\"twitter:data1\" content=\"2 minutos\" \/>\n<script type=\"application\/ld+json\" class=\"yoast-schema-graph\">{\"@context\":\"https:\\\/\\\/schema.org\",\"@graph\":[{\"@type\":\"WebPage\",\"@id\":\"https:\\\/\\\/zapateneo.net\\\/wordpress\\\/index.php\\\/producto\\\/ekintza-zuzena-33\\\/\",\"url\":\"https:\\\/\\\/zapateneo.net\\\/wordpress\\\/index.php\\\/producto\\\/ekintza-zuzena-33\\\/\",\"name\":\"EKINTZA ZUZENA # 33 &#8212; Zapateneo\",\"isPartOf\":{\"@id\":\"https:\\\/\\\/zapateneo.net\\\/wordpress\\\/#website\"},\"primaryImageOfPage\":{\"@id\":\"https:\\\/\\\/zapateneo.net\\\/wordpress\\\/index.php\\\/producto\\\/ekintza-zuzena-33\\\/#primaryimage\"},\"image\":{\"@id\":\"https:\\\/\\\/zapateneo.net\\\/wordpress\\\/index.php\\\/producto\\\/ekintza-zuzena-33\\\/#primaryimage\"},\"thumbnailUrl\":\"https:\\\/\\\/zapateneo.net\\\/wordpress\\\/wp-content\\\/uploads\\\/2021\\\/04\\\/33-ezp-209x300-1.jpg\",\"datePublished\":\"2021-04-09T09:16:53+00:00\",\"dateModified\":\"2021-09-29T12:25:16+00:00\",\"breadcrumb\":{\"@id\":\"https:\\\/\\\/zapateneo.net\\\/wordpress\\\/index.php\\\/producto\\\/ekintza-zuzena-33\\\/#breadcrumb\"},\"inLanguage\":\"es\",\"potentialAction\":[{\"@type\":\"ReadAction\",\"target\":[\"https:\\\/\\\/zapateneo.net\\\/wordpress\\\/index.php\\\/producto\\\/ekintza-zuzena-33\\\/\"]}]},{\"@type\":\"ImageObject\",\"inLanguage\":\"es\",\"@id\":\"https:\\\/\\\/zapateneo.net\\\/wordpress\\\/index.php\\\/producto\\\/ekintza-zuzena-33\\\/#primaryimage\",\"url\":\"https:\\\/\\\/zapateneo.net\\\/wordpress\\\/wp-content\\\/uploads\\\/2021\\\/04\\\/33-ezp-209x300-1.jpg\",\"contentUrl\":\"https:\\\/\\\/zapateneo.net\\\/wordpress\\\/wp-content\\\/uploads\\\/2021\\\/04\\\/33-ezp-209x300-1.jpg\",\"width\":209,\"height\":300},{\"@type\":\"BreadcrumbList\",\"@id\":\"https:\\\/\\\/zapateneo.net\\\/wordpress\\\/index.php\\\/producto\\\/ekintza-zuzena-33\\\/#breadcrumb\",\"itemListElement\":[{\"@type\":\"ListItem\",\"position\":1,\"name\":\"Portada\",\"item\":\"https:\\\/\\\/zapateneo.net\\\/wordpress\\\/\"},{\"@type\":\"ListItem\",\"position\":2,\"name\":\"Tienda\",\"item\":\"https:\\\/\\\/zapateneo.net\\\/wordpress\\\/\"},{\"@type\":\"ListItem\",\"position\":3,\"name\":\"EKINTZA ZUZENA # 33\"}]},{\"@type\":\"WebSite\",\"@id\":\"https:\\\/\\\/zapateneo.net\\\/wordpress\\\/#website\",\"url\":\"https:\\\/\\\/zapateneo.net\\\/wordpress\\\/\",\"name\":\"Zapateneo\",\"description\":\"Zapateneoaren webgunea\",\"publisher\":{\"@id\":\"https:\\\/\\\/zapateneo.net\\\/wordpress\\\/#organization\"},\"potentialAction\":[{\"@type\":\"SearchAction\",\"target\":{\"@type\":\"EntryPoint\",\"urlTemplate\":\"https:\\\/\\\/zapateneo.net\\\/wordpress\\\/?s={search_term_string}\"},\"query-input\":{\"@type\":\"PropertyValueSpecification\",\"valueRequired\":true,\"valueName\":\"search_term_string\"}}],\"inLanguage\":\"es\"},{\"@type\":\"Organization\",\"@id\":\"https:\\\/\\\/zapateneo.net\\\/wordpress\\\/#organization\",\"name\":\"Zapateneo Kultur Elkartea\",\"url\":\"https:\\\/\\\/zapateneo.net\\\/wordpress\\\/\",\"logo\":{\"@type\":\"ImageObject\",\"inLanguage\":\"es\",\"@id\":\"https:\\\/\\\/zapateneo.net\\\/wordpress\\\/#\\\/schema\\\/logo\\\/image\\\/\",\"url\":\"https:\\\/\\\/zapateneo.net\\\/wordpress\\\/wp-content\\\/uploads\\\/2021\\\/04\\\/zap-libu-kolec.jpg\",\"contentUrl\":\"https:\\\/\\\/zapateneo.net\\\/wordpress\\\/wp-content\\\/uploads\\\/2021\\\/04\\\/zap-libu-kolec.jpg\",\"width\":2234,\"height\":398,\"caption\":\"Zapateneo Kultur Elkartea\"},\"image\":{\"@id\":\"https:\\\/\\\/zapateneo.net\\\/wordpress\\\/#\\\/schema\\\/logo\\\/image\\\/\"},\"sameAs\":[\"https:\\\/\\\/x.com\\\/zapateneo\"]}]}<\/script>\n<!-- \/ Yoast SEO plugin. -->","yoast_head_json":{"title":"EKINTZA ZUZENA # 33 &#8212; Zapateneo","robots":{"index":"index","follow":"follow","max-snippet":"max-snippet:-1","max-image-preview":"max-image-preview:large","max-video-preview":"max-video-preview:-1"},"canonical":"https:\/\/zapateneo.net\/wordpress\/index.php\/producto\/ekintza-zuzena-33\/","og_locale":"es_ES","og_type":"article","og_title":"EKINTZA ZUZENA # 33 &#8212; Zapateneo","og_description":"VVAA 2006011900016 - N\u00fam.\/Zbk.: 33 - EKINTZA ZUZENA - 2006 - 100 p\u00e1ginas \/orri.","og_url":"https:\/\/zapateneo.net\/wordpress\/index.php\/producto\/ekintza-zuzena-33\/","og_site_name":"Zapateneo","article_modified_time":"2021-09-29T12:25:16+00:00","og_image":[{"width":209,"height":300,"url":"https:\/\/zapateneo.net\/wordpress\/wp-content\/uploads\/2021\/04\/33-ezp-209x300-1.jpg","type":"image\/jpeg"}],"twitter_card":"summary_large_image","twitter_site":"@zapateneo","twitter_misc":{"Tiempo de lectura":"2 minutos"},"schema":{"@context":"https:\/\/schema.org","@graph":[{"@type":"WebPage","@id":"https:\/\/zapateneo.net\/wordpress\/index.php\/producto\/ekintza-zuzena-33\/","url":"https:\/\/zapateneo.net\/wordpress\/index.php\/producto\/ekintza-zuzena-33\/","name":"EKINTZA ZUZENA # 33 &#8212; Zapateneo","isPartOf":{"@id":"https:\/\/zapateneo.net\/wordpress\/#website"},"primaryImageOfPage":{"@id":"https:\/\/zapateneo.net\/wordpress\/index.php\/producto\/ekintza-zuzena-33\/#primaryimage"},"image":{"@id":"https:\/\/zapateneo.net\/wordpress\/index.php\/producto\/ekintza-zuzena-33\/#primaryimage"},"thumbnailUrl":"https:\/\/zapateneo.net\/wordpress\/wp-content\/uploads\/2021\/04\/33-ezp-209x300-1.jpg","datePublished":"2021-04-09T09:16:53+00:00","dateModified":"2021-09-29T12:25:16+00:00","breadcrumb":{"@id":"https:\/\/zapateneo.net\/wordpress\/index.php\/producto\/ekintza-zuzena-33\/#breadcrumb"},"inLanguage":"es","potentialAction":[{"@type":"ReadAction","target":["https:\/\/zapateneo.net\/wordpress\/index.php\/producto\/ekintza-zuzena-33\/"]}]},{"@type":"ImageObject","inLanguage":"es","@id":"https:\/\/zapateneo.net\/wordpress\/index.php\/producto\/ekintza-zuzena-33\/#primaryimage","url":"https:\/\/zapateneo.net\/wordpress\/wp-content\/uploads\/2021\/04\/33-ezp-209x300-1.jpg","contentUrl":"https:\/\/zapateneo.net\/wordpress\/wp-content\/uploads\/2021\/04\/33-ezp-209x300-1.jpg","width":209,"height":300},{"@type":"BreadcrumbList","@id":"https:\/\/zapateneo.net\/wordpress\/index.php\/producto\/ekintza-zuzena-33\/#breadcrumb","itemListElement":[{"@type":"ListItem","position":1,"name":"Portada","item":"https:\/\/zapateneo.net\/wordpress\/"},{"@type":"ListItem","position":2,"name":"Tienda","item":"https:\/\/zapateneo.net\/wordpress\/"},{"@type":"ListItem","position":3,"name":"EKINTZA ZUZENA # 33"}]},{"@type":"WebSite","@id":"https:\/\/zapateneo.net\/wordpress\/#website","url":"https:\/\/zapateneo.net\/wordpress\/","name":"Zapateneo","description":"Zapateneoaren webgunea","publisher":{"@id":"https:\/\/zapateneo.net\/wordpress\/#organization"},"potentialAction":[{"@type":"SearchAction","target":{"@type":"EntryPoint","urlTemplate":"https:\/\/zapateneo.net\/wordpress\/?s={search_term_string}"},"query-input":{"@type":"PropertyValueSpecification","valueRequired":true,"valueName":"search_term_string"}}],"inLanguage":"es"},{"@type":"Organization","@id":"https:\/\/zapateneo.net\/wordpress\/#organization","name":"Zapateneo Kultur Elkartea","url":"https:\/\/zapateneo.net\/wordpress\/","logo":{"@type":"ImageObject","inLanguage":"es","@id":"https:\/\/zapateneo.net\/wordpress\/#\/schema\/logo\/image\/","url":"https:\/\/zapateneo.net\/wordpress\/wp-content\/uploads\/2021\/04\/zap-libu-kolec.jpg","contentUrl":"https:\/\/zapateneo.net\/wordpress\/wp-content\/uploads\/2021\/04\/zap-libu-kolec.jpg","width":2234,"height":398,"caption":"Zapateneo Kultur Elkartea"},"image":{"@id":"https:\/\/zapateneo.net\/wordpress\/#\/schema\/logo\/image\/"},"sameAs":["https:\/\/x.com\/zapateneo"]}]}},"_links":{"self":[{"href":"https:\/\/zapateneo.net\/wordpress\/index.php\/wp-json\/wp\/v2\/product\/7337","targetHints":{"allow":["GET"]}}],"collection":[{"href":"https:\/\/zapateneo.net\/wordpress\/index.php\/wp-json\/wp\/v2\/product"}],"about":[{"href":"https:\/\/zapateneo.net\/wordpress\/index.php\/wp-json\/wp\/v2\/types\/product"}],"wp:featuredmedia":[{"embeddable":true,"href":"https:\/\/zapateneo.net\/wordpress\/index.php\/wp-json\/wp\/v2\/media\/7733"}],"wp:attachment":[{"href":"https:\/\/zapateneo.net\/wordpress\/index.php\/wp-json\/wp\/v2\/media?parent=7337"}],"wp:term":[{"taxonomy":"product_brand","embeddable":true,"href":"https:\/\/zapateneo.net\/wordpress\/index.php\/wp-json\/wp\/v2\/product_brand?post=7337"},{"taxonomy":"product_cat","embeddable":true,"href":"https:\/\/zapateneo.net\/wordpress\/index.php\/wp-json\/wp\/v2\/product_cat?post=7337"},{"taxonomy":"product_tag","embeddable":true,"href":"https:\/\/zapateneo.net\/wordpress\/index.php\/wp-json\/wp\/v2\/product_tag?post=7337"}],"curies":[{"name":"wp","href":"https:\/\/api.w.org\/{rel}","templated":true}]}}