{"id":731,"date":"2021-04-07T07:40:58","date_gmt":"2021-04-07T06:40:58","guid":{"rendered":"https:\/\/zapateneo.net\/wordpress\/?post_type=product&#038;p=731"},"modified":"2021-04-07T07:41:17","modified_gmt":"2021-04-07T06:41:17","slug":"justicia-naturaleza-y-la-geografia-de-la-diferencia","status":"publish","type":"product","link":"https:\/\/zapateneo.net\/wordpress\/index.php\/producto\/justicia-naturaleza-y-la-geografia-de-la-diferencia\/","title":{"rendered":"Justicia, naturaleza y la geograf\u00eda de la diferencia"},"content":{"rendered":"<p>Este libro est\u00e1 escrito a partir de un hondo compromiso con la pol\u00edtica de la justicia social y medioambiental y para ello explora nuevas maneras de reflexionar sobre el futuro de la urbanizaci\u00f3n en el siglo XXI, las formas de producci\u00f3n de la naturaleza en el capitalismo, las din\u00e1micas espaciales y temporales de este y su relaci\u00f3n con la lucha de clases y el antagonismo pol\u00edtico expresados en la modernidad y la posmodernidad. El libro reflexiona sobre los conceptos fundacionales relacionados con estas problem\u00e1ticas para comprender c\u00f3mo el espacio, el tiempo, el lugar y la naturaleza, que constituyen los marcos materiales de la vida cotidiana, est\u00e1n constituidos y representados a trav\u00e9s de las pr\u00e1cticas sociales en el modo de producci\u00f3n capitalista. El an\u00e1lisis de David Harvey considera estas din\u00e1micas socioespaciales y socioecol\u00f3gicas no como elementos separados, sino como macroprocesos interrelacionados entre s\u00ed en la reproducci\u00f3n de la estructura de poder y dominaci\u00f3n de las sociedades capitalistas actuales. El libro describe tambi\u00e9n c\u00f3mo se producen las diferencias geogr\u00e1ficas y muestra c\u00f3mo estas resultan fundamentales para la exploraci\u00f3n de alternativas pol\u00edticas, econ\u00f3micas y ecol\u00f3gicas \u00fatiles para la transformaci\u00f3n de las relaciones econ\u00f3micas y pol\u00edticas contempor\u00e1neas.<BR><\/p>\n<p>El libro est\u00e1 dividido en cuatro partes. La Parte I describe la problem\u00e1tica naturaleza de la acci\u00f3n y del an\u00e1lisis a diferentes escalas de tiempo y espacio e introduce al lector en los modos del discurso y el pensamiento dial\u00e9cticos, que se utilizan a lo largo del resto de la obra. La Parte II examina c\u00f3mo se han entendido la \u00abnaturaleza\u00bb y el \u00abmedioambiente\u00bb en relaci\u00f3n con los procesos de cambio social y desde este z\u00f3calo aborda las cuestiones medioambientales contempor\u00e1neas.<BR><\/p>\n<p>La Parte III explora, mediante un amplio an\u00e1lisis hist\u00f3rico, geogr\u00e1fico y cultural, el significado de la \u00abproducci\u00f3n\u00bb social del espacio y del tiempo y clarifica los problemas relacionados con la \u00abotredad\u00bb y la \u00abdiferencia\u00bb. La Parte IV del libro despliega los argumentos fundamentales que ha elaborado el autor para reflexionar sobre los problemas contempor\u00e1neos ligados a una nueva concepci\u00f3n de la justicia social derivados de los cambios recientes acecidos en las divisiones geogr\u00e1ficas del trabajo, en la situaci\u00f3n del medioambiente y en el ritmo y la calidad de la urbanizaci\u00f3n registrada a escala global durante las \u00faltimas d\u00e9cadas.<BR><\/p>\n<p>Justicia, naturaleza y la geograf\u00eda de la diferencia explora los campos de la teor\u00eda social, cultural y espacial y las din\u00e1micas de la vida socioecon\u00f3mica y pol\u00edtica de las sociedades contempor\u00e1neas para reinvindicar la tesis pol\u00edtica de que es posible y necesario valorar la diferencia y simult\u00e1nemente construir las estrategias pol\u00edticas para lograr un orden social sustancialmente m\u00e1s justo.<\/p>\n","protected":false},"excerpt":{"rendered":"<p><strong>Harvey, David<\/strong><br \/>\n9788494806827 &#8211; Traficantes de Sue\u00f1os &#8211; 2018 &#8211; 578 p\u00e1ginas \/orri.<\/p>\n","protected":false},"featured_media":756,"template":"","meta":[],"product_brand":[],"product_cat":[16,173],"product_tag":[613,72],"class_list":{"0":"post-731","1":"product","2":"type-product","3":"status-publish","4":"has-post-thumbnail","6":"product_cat-libros","7":"product_cat-saiakera-ensayo","8":"product_tag-harvey","9":"product_tag-traficantes-de-suenos","11":"first","12":"instock","13":"sold-individually","14":"shipping-taxable","15":"purchasable","16":"product-type-simple"},"yoast_head":"<!-- This site is optimized with the Yoast SEO plugin v27.3 - https:\/\/yoast.com\/product\/yoast-seo-wordpress\/ -->\n<title>Justicia, naturaleza y la geograf\u00eda de la diferencia &#8212; Zapateneo<\/title>\n<meta name=\"robots\" content=\"index, follow, max-snippet:-1, max-image-preview:large, max-video-preview:-1\" \/>\n<link rel=\"canonical\" href=\"https:\/\/zapateneo.net\/wordpress\/index.php\/producto\/justicia-naturaleza-y-la-geografia-de-la-diferencia\/\" \/>\n<meta property=\"og:locale\" content=\"es_ES\" \/>\n<meta property=\"og:type\" content=\"article\" \/>\n<meta property=\"og:title\" content=\"Justicia, naturaleza y la geograf\u00eda de la diferencia &#8212; Zapateneo\" \/>\n<meta property=\"og:description\" content=\"Harvey, David 9788494806827 - Traficantes de Sue\u00f1os - 2018 - 578 p\u00e1ginas \/orri.\" \/>\n<meta property=\"og:url\" content=\"https:\/\/zapateneo.net\/wordpress\/index.php\/producto\/justicia-naturaleza-y-la-geografia-de-la-diferencia\/\" \/>\n<meta property=\"og:site_name\" content=\"Zapateneo\" \/>\n<meta property=\"article:modified_time\" content=\"2021-04-07T06:41:17+00:00\" \/>\n<meta property=\"og:image\" content=\"https:\/\/zapateneo.net\/wordpress\/wp-content\/uploads\/2021\/04\/9788494806827.jpg\" \/>\n\t<meta property=\"og:image:width\" content=\"120\" \/>\n\t<meta property=\"og:image:height\" content=\"192\" \/>\n\t<meta property=\"og:image:type\" content=\"image\/jpeg\" \/>\n<meta name=\"twitter:card\" content=\"summary_large_image\" \/>\n<meta name=\"twitter:site\" content=\"@zapateneo\" \/>\n<meta name=\"twitter:label1\" content=\"Tiempo de lectura\" \/>\n\t<meta name=\"twitter:data1\" content=\"2 minutos\" \/>\n<script type=\"application\/ld+json\" class=\"yoast-schema-graph\">{\"@context\":\"https:\\\/\\\/schema.org\",\"@graph\":[{\"@type\":\"WebPage\",\"@id\":\"https:\\\/\\\/zapateneo.net\\\/wordpress\\\/index.php\\\/producto\\\/justicia-naturaleza-y-la-geografia-de-la-diferencia\\\/\",\"url\":\"https:\\\/\\\/zapateneo.net\\\/wordpress\\\/index.php\\\/producto\\\/justicia-naturaleza-y-la-geografia-de-la-diferencia\\\/\",\"name\":\"Justicia, naturaleza y la geograf\u00eda de la diferencia &#8212; Zapateneo\",\"isPartOf\":{\"@id\":\"https:\\\/\\\/zapateneo.net\\\/wordpress\\\/#website\"},\"primaryImageOfPage\":{\"@id\":\"https:\\\/\\\/zapateneo.net\\\/wordpress\\\/index.php\\\/producto\\\/justicia-naturaleza-y-la-geografia-de-la-diferencia\\\/#primaryimage\"},\"image\":{\"@id\":\"https:\\\/\\\/zapateneo.net\\\/wordpress\\\/index.php\\\/producto\\\/justicia-naturaleza-y-la-geografia-de-la-diferencia\\\/#primaryimage\"},\"thumbnailUrl\":\"https:\\\/\\\/zapateneo.net\\\/wordpress\\\/wp-content\\\/uploads\\\/2021\\\/04\\\/9788494806827.jpg\",\"datePublished\":\"2021-04-07T06:40:58+00:00\",\"dateModified\":\"2021-04-07T06:41:17+00:00\",\"breadcrumb\":{\"@id\":\"https:\\\/\\\/zapateneo.net\\\/wordpress\\\/index.php\\\/producto\\\/justicia-naturaleza-y-la-geografia-de-la-diferencia\\\/#breadcrumb\"},\"inLanguage\":\"es\",\"potentialAction\":[{\"@type\":\"ReadAction\",\"target\":[\"https:\\\/\\\/zapateneo.net\\\/wordpress\\\/index.php\\\/producto\\\/justicia-naturaleza-y-la-geografia-de-la-diferencia\\\/\"]}]},{\"@type\":\"ImageObject\",\"inLanguage\":\"es\",\"@id\":\"https:\\\/\\\/zapateneo.net\\\/wordpress\\\/index.php\\\/producto\\\/justicia-naturaleza-y-la-geografia-de-la-diferencia\\\/#primaryimage\",\"url\":\"https:\\\/\\\/zapateneo.net\\\/wordpress\\\/wp-content\\\/uploads\\\/2021\\\/04\\\/9788494806827.jpg\",\"contentUrl\":\"https:\\\/\\\/zapateneo.net\\\/wordpress\\\/wp-content\\\/uploads\\\/2021\\\/04\\\/9788494806827.jpg\",\"width\":120,\"height\":192},{\"@type\":\"BreadcrumbList\",\"@id\":\"https:\\\/\\\/zapateneo.net\\\/wordpress\\\/index.php\\\/producto\\\/justicia-naturaleza-y-la-geografia-de-la-diferencia\\\/#breadcrumb\",\"itemListElement\":[{\"@type\":\"ListItem\",\"position\":1,\"name\":\"Portada\",\"item\":\"https:\\\/\\\/zapateneo.net\\\/wordpress\\\/\"},{\"@type\":\"ListItem\",\"position\":2,\"name\":\"Tienda\",\"item\":\"https:\\\/\\\/zapateneo.net\\\/wordpress\\\/\"},{\"@type\":\"ListItem\",\"position\":3,\"name\":\"Justicia, naturaleza y la geograf\u00eda de la diferencia\"}]},{\"@type\":\"WebSite\",\"@id\":\"https:\\\/\\\/zapateneo.net\\\/wordpress\\\/#website\",\"url\":\"https:\\\/\\\/zapateneo.net\\\/wordpress\\\/\",\"name\":\"Zapateneo\",\"description\":\"Zapateneoaren webgunea\",\"publisher\":{\"@id\":\"https:\\\/\\\/zapateneo.net\\\/wordpress\\\/#organization\"},\"potentialAction\":[{\"@type\":\"SearchAction\",\"target\":{\"@type\":\"EntryPoint\",\"urlTemplate\":\"https:\\\/\\\/zapateneo.net\\\/wordpress\\\/?s={search_term_string}\"},\"query-input\":{\"@type\":\"PropertyValueSpecification\",\"valueRequired\":true,\"valueName\":\"search_term_string\"}}],\"inLanguage\":\"es\"},{\"@type\":\"Organization\",\"@id\":\"https:\\\/\\\/zapateneo.net\\\/wordpress\\\/#organization\",\"name\":\"Zapateneo Kultur Elkartea\",\"url\":\"https:\\\/\\\/zapateneo.net\\\/wordpress\\\/\",\"logo\":{\"@type\":\"ImageObject\",\"inLanguage\":\"es\",\"@id\":\"https:\\\/\\\/zapateneo.net\\\/wordpress\\\/#\\\/schema\\\/logo\\\/image\\\/\",\"url\":\"https:\\\/\\\/zapateneo.net\\\/wordpress\\\/wp-content\\\/uploads\\\/2021\\\/04\\\/zap-libu-kolec.jpg\",\"contentUrl\":\"https:\\\/\\\/zapateneo.net\\\/wordpress\\\/wp-content\\\/uploads\\\/2021\\\/04\\\/zap-libu-kolec.jpg\",\"width\":2234,\"height\":398,\"caption\":\"Zapateneo Kultur Elkartea\"},\"image\":{\"@id\":\"https:\\\/\\\/zapateneo.net\\\/wordpress\\\/#\\\/schema\\\/logo\\\/image\\\/\"},\"sameAs\":[\"https:\\\/\\\/x.com\\\/zapateneo\"]}]}<\/script>\n<!-- \/ Yoast SEO plugin. -->","yoast_head_json":{"title":"Justicia, naturaleza y la geograf\u00eda de la diferencia &#8212; Zapateneo","robots":{"index":"index","follow":"follow","max-snippet":"max-snippet:-1","max-image-preview":"max-image-preview:large","max-video-preview":"max-video-preview:-1"},"canonical":"https:\/\/zapateneo.net\/wordpress\/index.php\/producto\/justicia-naturaleza-y-la-geografia-de-la-diferencia\/","og_locale":"es_ES","og_type":"article","og_title":"Justicia, naturaleza y la geograf\u00eda de la diferencia &#8212; Zapateneo","og_description":"Harvey, David 9788494806827 - Traficantes de Sue\u00f1os - 2018 - 578 p\u00e1ginas \/orri.","og_url":"https:\/\/zapateneo.net\/wordpress\/index.php\/producto\/justicia-naturaleza-y-la-geografia-de-la-diferencia\/","og_site_name":"Zapateneo","article_modified_time":"2021-04-07T06:41:17+00:00","og_image":[{"width":120,"height":192,"url":"https:\/\/zapateneo.net\/wordpress\/wp-content\/uploads\/2021\/04\/9788494806827.jpg","type":"image\/jpeg"}],"twitter_card":"summary_large_image","twitter_site":"@zapateneo","twitter_misc":{"Tiempo de lectura":"2 minutos"},"schema":{"@context":"https:\/\/schema.org","@graph":[{"@type":"WebPage","@id":"https:\/\/zapateneo.net\/wordpress\/index.php\/producto\/justicia-naturaleza-y-la-geografia-de-la-diferencia\/","url":"https:\/\/zapateneo.net\/wordpress\/index.php\/producto\/justicia-naturaleza-y-la-geografia-de-la-diferencia\/","name":"Justicia, naturaleza y la geograf\u00eda de la diferencia &#8212; Zapateneo","isPartOf":{"@id":"https:\/\/zapateneo.net\/wordpress\/#website"},"primaryImageOfPage":{"@id":"https:\/\/zapateneo.net\/wordpress\/index.php\/producto\/justicia-naturaleza-y-la-geografia-de-la-diferencia\/#primaryimage"},"image":{"@id":"https:\/\/zapateneo.net\/wordpress\/index.php\/producto\/justicia-naturaleza-y-la-geografia-de-la-diferencia\/#primaryimage"},"thumbnailUrl":"https:\/\/zapateneo.net\/wordpress\/wp-content\/uploads\/2021\/04\/9788494806827.jpg","datePublished":"2021-04-07T06:40:58+00:00","dateModified":"2021-04-07T06:41:17+00:00","breadcrumb":{"@id":"https:\/\/zapateneo.net\/wordpress\/index.php\/producto\/justicia-naturaleza-y-la-geografia-de-la-diferencia\/#breadcrumb"},"inLanguage":"es","potentialAction":[{"@type":"ReadAction","target":["https:\/\/zapateneo.net\/wordpress\/index.php\/producto\/justicia-naturaleza-y-la-geografia-de-la-diferencia\/"]}]},{"@type":"ImageObject","inLanguage":"es","@id":"https:\/\/zapateneo.net\/wordpress\/index.php\/producto\/justicia-naturaleza-y-la-geografia-de-la-diferencia\/#primaryimage","url":"https:\/\/zapateneo.net\/wordpress\/wp-content\/uploads\/2021\/04\/9788494806827.jpg","contentUrl":"https:\/\/zapateneo.net\/wordpress\/wp-content\/uploads\/2021\/04\/9788494806827.jpg","width":120,"height":192},{"@type":"BreadcrumbList","@id":"https:\/\/zapateneo.net\/wordpress\/index.php\/producto\/justicia-naturaleza-y-la-geografia-de-la-diferencia\/#breadcrumb","itemListElement":[{"@type":"ListItem","position":1,"name":"Portada","item":"https:\/\/zapateneo.net\/wordpress\/"},{"@type":"ListItem","position":2,"name":"Tienda","item":"https:\/\/zapateneo.net\/wordpress\/"},{"@type":"ListItem","position":3,"name":"Justicia, naturaleza y la geograf\u00eda de la diferencia"}]},{"@type":"WebSite","@id":"https:\/\/zapateneo.net\/wordpress\/#website","url":"https:\/\/zapateneo.net\/wordpress\/","name":"Zapateneo","description":"Zapateneoaren webgunea","publisher":{"@id":"https:\/\/zapateneo.net\/wordpress\/#organization"},"potentialAction":[{"@type":"SearchAction","target":{"@type":"EntryPoint","urlTemplate":"https:\/\/zapateneo.net\/wordpress\/?s={search_term_string}"},"query-input":{"@type":"PropertyValueSpecification","valueRequired":true,"valueName":"search_term_string"}}],"inLanguage":"es"},{"@type":"Organization","@id":"https:\/\/zapateneo.net\/wordpress\/#organization","name":"Zapateneo Kultur Elkartea","url":"https:\/\/zapateneo.net\/wordpress\/","logo":{"@type":"ImageObject","inLanguage":"es","@id":"https:\/\/zapateneo.net\/wordpress\/#\/schema\/logo\/image\/","url":"https:\/\/zapateneo.net\/wordpress\/wp-content\/uploads\/2021\/04\/zap-libu-kolec.jpg","contentUrl":"https:\/\/zapateneo.net\/wordpress\/wp-content\/uploads\/2021\/04\/zap-libu-kolec.jpg","width":2234,"height":398,"caption":"Zapateneo Kultur Elkartea"},"image":{"@id":"https:\/\/zapateneo.net\/wordpress\/#\/schema\/logo\/image\/"},"sameAs":["https:\/\/x.com\/zapateneo"]}]}},"_links":{"self":[{"href":"https:\/\/zapateneo.net\/wordpress\/index.php\/wp-json\/wp\/v2\/product\/731","targetHints":{"allow":["GET"]}}],"collection":[{"href":"https:\/\/zapateneo.net\/wordpress\/index.php\/wp-json\/wp\/v2\/product"}],"about":[{"href":"https:\/\/zapateneo.net\/wordpress\/index.php\/wp-json\/wp\/v2\/types\/product"}],"wp:featuredmedia":[{"embeddable":true,"href":"https:\/\/zapateneo.net\/wordpress\/index.php\/wp-json\/wp\/v2\/media\/756"}],"wp:attachment":[{"href":"https:\/\/zapateneo.net\/wordpress\/index.php\/wp-json\/wp\/v2\/media?parent=731"}],"wp:term":[{"taxonomy":"product_brand","embeddable":true,"href":"https:\/\/zapateneo.net\/wordpress\/index.php\/wp-json\/wp\/v2\/product_brand?post=731"},{"taxonomy":"product_cat","embeddable":true,"href":"https:\/\/zapateneo.net\/wordpress\/index.php\/wp-json\/wp\/v2\/product_cat?post=731"},{"taxonomy":"product_tag","embeddable":true,"href":"https:\/\/zapateneo.net\/wordpress\/index.php\/wp-json\/wp\/v2\/product_tag?post=731"}],"curies":[{"name":"wp","href":"https:\/\/api.w.org\/{rel}","templated":true}]}}