{"id":7273,"date":"2021-04-09T10:15:10","date_gmt":"2021-04-09T09:15:10","guid":{"rendered":"https:\/\/zapateneo.net\/wordpress\/?post_type=product&#038;p=7273"},"modified":"2021-09-29T14:01:49","modified_gmt":"2021-09-29T13:01:49","slug":"rescoldos-15-2o-semestre-2006","status":"publish","type":"product","link":"https:\/\/zapateneo.net\/wordpress\/index.php\/producto\/rescoldos-15-2o-semestre-2006\/","title":{"rendered":"Rescoldos # 15 (2\u00ba semestre 2006)"},"content":{"rendered":"<p>Para la reflexi\u00f3n<br \/>\nIntegraci\u00f3n de Inmigrantes y Educaci\u00f3n &#8230;&#8230;&#8230;&#8230;&#8230;&#8230;&#8230;&#8230;&#8230;&#8230;&#8230;&#8230;&#8230;&#8230;&#8230;&#8230;&#8230;&#8230;&#8230;&#8230;.. 7<br \/>\nAgust\u00edn Velloso<br \/>\nFrontera Sur: M\u00e1s de 10 a\u00f1os de violaci\u00f3n de los derechos humanos &#8230;&#8230;&#8230;&#8230;.. 19<br \/>\nDiego Lorente<br \/>\nA prop\u00f3sito del contexto de socializaci\u00f3n &#8230;&#8230;&#8230;&#8230;&#8230;&#8230;&#8230;&#8230;&#8230;&#8230;&#8230;&#8230;&#8230;&#8230;&#8230;&#8230;&#8230;&#8230;&#8230;&#8230; 35<br \/>\nDaniel Jim\u00e9nez<br \/>\nEstirando la Ley, acerc\u00e1ndonos a la Justicia. Una experiencia de defensa &#8230;&#8230;.. 41<br \/>\nde los menores inmigrantes<br \/>\nPatuca Fern\u00e1ndez y Pilar S\u00e1nchez<br \/>\nVoces como coces<br \/>\n\u00a1Violencia en las aulas&#8230;violencia social! Rastreando<br \/>\nel origen de la cr\u00f3nica del miedo &#8230;&#8230;&#8230;&#8230;&#8230;&#8230;&#8230;&#8230;&#8230;&#8230;.. 45<br \/>\nGonzalo Romero Izarra<br \/>\nDial\u00e9ctica de la Reconciliaci\u00f3n &#8230;&#8230;&#8230;&#8230;&#8230;&#8230;&#8230;&#8230;&#8230;&#8230;&#8230;&#8230;. 52<br \/>\nAgust\u00edn Mor\u00e1n<br \/>\nDe br uces con la realidad &#8230;&#8230;&#8230;&#8230;&#8230;&#8230;&#8230;&#8230;&#8230;&#8230;&#8230;&#8230;&#8230;&#8230;. 58<br \/>\nAna P\u00e9rez<br \/>\nNo quiero adoctrinar, quiero educar &#8230;&#8230;&#8230;&#8230;&#8230;&#8230;&#8230;&#8230;&#8230; 63<br \/>\nZoraya Sampedro<br \/>\nP o e s \u00ed a &#8230;&#8230;&#8230;&#8230;&#8230;&#8230;&#8230;&#8230;&#8230;&#8230;&#8230;&#8230;&#8230;&#8230;&#8230;&#8230;&#8230; 85<br \/>\nR e l a t o s d e s d e e l c a l l e j \u00f3 n .. . &#8230;&#8230;.. 89<br \/>\nEl alma de los inocentes.<br \/>\nMario de los Santos<br \/>\nH e m o s vi st o &#8230;&#8230;&#8230;&#8230;&#8230;&#8230;&#8230;&#8230;&#8230;&#8230;&#8230;&#8230;&#8230;. 91<br \/>\nCine e inmigraci\u00f3n en Espa\u00f1a: los \u00faltimos<br \/>\nflujos migratorios en la pantalla<br \/>\nLaura G\u00f3mez<br \/>\nHe m o s L e\u00ed d o &#8230;&#8230;&#8230;&#8230;&#8230;&#8230;&#8230;&#8230;&#8230;&#8230;&#8230;&#8230;.. 95<br \/>\nHe m o s O \u00ed d o &#8230;&#8230;&#8230;&#8230;&#8230;&#8230;&#8230;&#8230;&#8230;&#8230;&#8230;&#8230;&#8230;. 97<br \/>\n\u00cd n d i c e s de n \u00fa m e r os a t r a s a d o s &#8230;. 103<br \/>\nDe nuestros barrios<br \/>\nTalleres de Educaci\u00f3n Comunitaria en Bolivia. Una peque\u00f1a historia<br \/>\npre\u00f1ada de viaje&#8230; \u201cdid\u00e1ctico\u201d &#8230;&#8230;&#8230;&#8230;&#8230;&#8230;&#8230;&#8230;&#8230;&#8230;&#8230;&#8230;&#8230;&#8230;. 67<br \/>\nMar Gracia, Ra\u00fal G\u00f3mez Y Gonzalo Romero<br \/>\nEl taller de inserci\u00f3n laboral de Candela: La hierba crece<br \/>\nde noche\u2026o como los exc luidos toman las riendas de<br \/>\nun proyecto en apuros &#8230;&#8230;&#8230;&#8230;&#8230;&#8230;&#8230;&#8230;&#8230;&#8230;&#8230;&#8230;&#8230;&#8230;&#8230;&#8230;&#8230;&#8230;&#8230;&#8230; 75<br \/>\nA. P\u00e9rez<br \/>\nAnte la condena en costas por el Tribunal Supremo &#8230;&#8230;&#8230;&#8230;.. 77<br \/>\nCoordinadora de barrios<br \/>\n\u00a1Basta ya de doble lenguaje! \u00a1Coexistencia con transg\u00e9nicos, no,<br \/>\nno y no! &#8230;&#8230;&#8230;&#8230;&#8230;&#8230;&#8230;&#8230;&#8230;&#8230;&#8230;&#8230;&#8230;&#8230;&#8230;&#8230;&#8230;&#8230;&#8230;&#8230;&#8230;&#8230;&#8230;&#8230;&#8230;&#8230;&#8230;&#8230; 78<br \/>\nPilar Galindo<\/p>\n<p>&nbsp;<\/p>\n<p>Deskarga: <a href=\"http:\/\/www.asociacioncandela.org\/wp-content\/uploads\/2017\/02\/rescoldos-15.pdf\">http:\/\/www.asociacioncandela.org\/wp-content\/uploads\/2017\/02\/rescoldos-15.pdf<\/a><\/p>\n<p>&nbsp;<\/p>\n<p>&nbsp;<\/p>\n<p>&nbsp;<\/p>\n<p>&nbsp;<\/p>\n<p>&nbsp;<\/p>\n<p>Revista semestral de dialogo social. Educacion e inmigracion; Violencia en las aulas&#8230; violencia social;Talleres de educacion comunitaria en Bolivia&#8230;<\/p>\n<p>&nbsp;<\/p>\n<p>&nbsp;<\/p>\n<p>&nbsp;<\/p>\n<p>&nbsp;<\/p>\n<p>&nbsp;<\/p>\n<p>&nbsp;<\/p>\n<p>&nbsp;<\/p>\n","protected":false},"excerpt":{"rendered":"<p><strong>vvaa -R<\/strong><br \/>\n2007020700017 &#8211; N\u00fam.\/Zbk.: 15 &#8211; Asociacion Cultural Candela &#8211; 2006 &#8211; 110 p\u00e1ginas \/orri.<\/p>\n","protected":false},"featured_media":8445,"template":"","meta":[],"product_brand":[],"product_cat":[177,164],"product_tag":[1964,4626,4638,4639],"class_list":{"0":"post-7273","1":"product","2":"type-product","3":"status-publish","4":"has-post-thumbnail","6":"product_cat-gizarte-mugimenduak-movimientos-sociales","7":"product_cat-revistas-aldizkariak","8":"product_tag-asociacion-cultural-candela","9":"product_tag-deskargak","10":"product_tag-hezkuntza","11":"product_tag-rescoldos","13":"first","14":"instock","15":"sold-individually","16":"shipping-taxable","17":"purchasable","18":"product-type-simple"},"yoast_head":"<!-- This site is optimized with the Yoast SEO plugin v27.3 - https:\/\/yoast.com\/product\/yoast-seo-wordpress\/ -->\n<title>Rescoldos # 15 (2\u00ba semestre 2006) &#8212; Zapateneo<\/title>\n<meta name=\"robots\" content=\"index, follow, max-snippet:-1, max-image-preview:large, max-video-preview:-1\" \/>\n<link rel=\"canonical\" href=\"https:\/\/zapateneo.net\/wordpress\/index.php\/producto\/rescoldos-15-2o-semestre-2006\/\" \/>\n<meta property=\"og:locale\" content=\"es_ES\" \/>\n<meta property=\"og:type\" content=\"article\" \/>\n<meta property=\"og:title\" content=\"Rescoldos # 15 (2\u00ba semestre 2006) &#8212; Zapateneo\" \/>\n<meta property=\"og:description\" content=\"vvaa -R 2007020700017 - N\u00fam.\/Zbk.: 15 - Asociacion Cultural Candela - 2006 - 110 p\u00e1ginas \/orri.\" \/>\n<meta property=\"og:url\" content=\"https:\/\/zapateneo.net\/wordpress\/index.php\/producto\/rescoldos-15-2o-semestre-2006\/\" \/>\n<meta property=\"og:site_name\" content=\"Zapateneo\" \/>\n<meta property=\"article:modified_time\" content=\"2021-09-29T13:01:49+00:00\" \/>\n<meta property=\"og:image\" content=\"https:\/\/zapateneo.net\/wordpress\/wp-content\/uploads\/2021\/04\/rescoldos-n15-yo-en-ferry-tu-en-patera.jpg\" \/>\n\t<meta property=\"og:image:width\" content=\"452\" \/>\n\t<meta property=\"og:image:height\" content=\"452\" \/>\n\t<meta property=\"og:image:type\" content=\"image\/jpeg\" \/>\n<meta name=\"twitter:card\" content=\"summary_large_image\" \/>\n<meta name=\"twitter:site\" content=\"@zapateneo\" \/>\n<meta name=\"twitter:label1\" content=\"Tiempo de lectura\" \/>\n\t<meta name=\"twitter:data1\" content=\"2 minutos\" \/>\n<script type=\"application\/ld+json\" class=\"yoast-schema-graph\">{\"@context\":\"https:\\\/\\\/schema.org\",\"@graph\":[{\"@type\":\"WebPage\",\"@id\":\"https:\\\/\\\/zapateneo.net\\\/wordpress\\\/index.php\\\/producto\\\/rescoldos-15-2o-semestre-2006\\\/\",\"url\":\"https:\\\/\\\/zapateneo.net\\\/wordpress\\\/index.php\\\/producto\\\/rescoldos-15-2o-semestre-2006\\\/\",\"name\":\"Rescoldos # 15 (2\u00ba semestre 2006) &#8212; Zapateneo\",\"isPartOf\":{\"@id\":\"https:\\\/\\\/zapateneo.net\\\/wordpress\\\/#website\"},\"primaryImageOfPage\":{\"@id\":\"https:\\\/\\\/zapateneo.net\\\/wordpress\\\/index.php\\\/producto\\\/rescoldos-15-2o-semestre-2006\\\/#primaryimage\"},\"image\":{\"@id\":\"https:\\\/\\\/zapateneo.net\\\/wordpress\\\/index.php\\\/producto\\\/rescoldos-15-2o-semestre-2006\\\/#primaryimage\"},\"thumbnailUrl\":\"https:\\\/\\\/zapateneo.net\\\/wordpress\\\/wp-content\\\/uploads\\\/2021\\\/04\\\/rescoldos-n15-yo-en-ferry-tu-en-patera.jpg\",\"datePublished\":\"2021-04-09T09:15:10+00:00\",\"dateModified\":\"2021-09-29T13:01:49+00:00\",\"breadcrumb\":{\"@id\":\"https:\\\/\\\/zapateneo.net\\\/wordpress\\\/index.php\\\/producto\\\/rescoldos-15-2o-semestre-2006\\\/#breadcrumb\"},\"inLanguage\":\"es\",\"potentialAction\":[{\"@type\":\"ReadAction\",\"target\":[\"https:\\\/\\\/zapateneo.net\\\/wordpress\\\/index.php\\\/producto\\\/rescoldos-15-2o-semestre-2006\\\/\"]}]},{\"@type\":\"ImageObject\",\"inLanguage\":\"es\",\"@id\":\"https:\\\/\\\/zapateneo.net\\\/wordpress\\\/index.php\\\/producto\\\/rescoldos-15-2o-semestre-2006\\\/#primaryimage\",\"url\":\"https:\\\/\\\/zapateneo.net\\\/wordpress\\\/wp-content\\\/uploads\\\/2021\\\/04\\\/rescoldos-n15-yo-en-ferry-tu-en-patera.jpg\",\"contentUrl\":\"https:\\\/\\\/zapateneo.net\\\/wordpress\\\/wp-content\\\/uploads\\\/2021\\\/04\\\/rescoldos-n15-yo-en-ferry-tu-en-patera.jpg\",\"width\":452,\"height\":452},{\"@type\":\"BreadcrumbList\",\"@id\":\"https:\\\/\\\/zapateneo.net\\\/wordpress\\\/index.php\\\/producto\\\/rescoldos-15-2o-semestre-2006\\\/#breadcrumb\",\"itemListElement\":[{\"@type\":\"ListItem\",\"position\":1,\"name\":\"Portada\",\"item\":\"https:\\\/\\\/zapateneo.net\\\/wordpress\\\/\"},{\"@type\":\"ListItem\",\"position\":2,\"name\":\"Tienda\",\"item\":\"https:\\\/\\\/zapateneo.net\\\/wordpress\\\/\"},{\"@type\":\"ListItem\",\"position\":3,\"name\":\"Rescoldos # 15 (2\u00ba semestre 2006)\"}]},{\"@type\":\"WebSite\",\"@id\":\"https:\\\/\\\/zapateneo.net\\\/wordpress\\\/#website\",\"url\":\"https:\\\/\\\/zapateneo.net\\\/wordpress\\\/\",\"name\":\"Zapateneo\",\"description\":\"Zapateneoaren webgunea\",\"publisher\":{\"@id\":\"https:\\\/\\\/zapateneo.net\\\/wordpress\\\/#organization\"},\"potentialAction\":[{\"@type\":\"SearchAction\",\"target\":{\"@type\":\"EntryPoint\",\"urlTemplate\":\"https:\\\/\\\/zapateneo.net\\\/wordpress\\\/?s={search_term_string}\"},\"query-input\":{\"@type\":\"PropertyValueSpecification\",\"valueRequired\":true,\"valueName\":\"search_term_string\"}}],\"inLanguage\":\"es\"},{\"@type\":\"Organization\",\"@id\":\"https:\\\/\\\/zapateneo.net\\\/wordpress\\\/#organization\",\"name\":\"Zapateneo Kultur Elkartea\",\"url\":\"https:\\\/\\\/zapateneo.net\\\/wordpress\\\/\",\"logo\":{\"@type\":\"ImageObject\",\"inLanguage\":\"es\",\"@id\":\"https:\\\/\\\/zapateneo.net\\\/wordpress\\\/#\\\/schema\\\/logo\\\/image\\\/\",\"url\":\"https:\\\/\\\/zapateneo.net\\\/wordpress\\\/wp-content\\\/uploads\\\/2021\\\/04\\\/zap-libu-kolec.jpg\",\"contentUrl\":\"https:\\\/\\\/zapateneo.net\\\/wordpress\\\/wp-content\\\/uploads\\\/2021\\\/04\\\/zap-libu-kolec.jpg\",\"width\":2234,\"height\":398,\"caption\":\"Zapateneo Kultur Elkartea\"},\"image\":{\"@id\":\"https:\\\/\\\/zapateneo.net\\\/wordpress\\\/#\\\/schema\\\/logo\\\/image\\\/\"},\"sameAs\":[\"https:\\\/\\\/x.com\\\/zapateneo\"]}]}<\/script>\n<!-- \/ Yoast SEO plugin. -->","yoast_head_json":{"title":"Rescoldos # 15 (2\u00ba semestre 2006) &#8212; Zapateneo","robots":{"index":"index","follow":"follow","max-snippet":"max-snippet:-1","max-image-preview":"max-image-preview:large","max-video-preview":"max-video-preview:-1"},"canonical":"https:\/\/zapateneo.net\/wordpress\/index.php\/producto\/rescoldos-15-2o-semestre-2006\/","og_locale":"es_ES","og_type":"article","og_title":"Rescoldos # 15 (2\u00ba semestre 2006) &#8212; Zapateneo","og_description":"vvaa -R 2007020700017 - N\u00fam.\/Zbk.: 15 - Asociacion Cultural Candela - 2006 - 110 p\u00e1ginas \/orri.","og_url":"https:\/\/zapateneo.net\/wordpress\/index.php\/producto\/rescoldos-15-2o-semestre-2006\/","og_site_name":"Zapateneo","article_modified_time":"2021-09-29T13:01:49+00:00","og_image":[{"width":452,"height":452,"url":"https:\/\/zapateneo.net\/wordpress\/wp-content\/uploads\/2021\/04\/rescoldos-n15-yo-en-ferry-tu-en-patera.jpg","type":"image\/jpeg"}],"twitter_card":"summary_large_image","twitter_site":"@zapateneo","twitter_misc":{"Tiempo de lectura":"2 minutos"},"schema":{"@context":"https:\/\/schema.org","@graph":[{"@type":"WebPage","@id":"https:\/\/zapateneo.net\/wordpress\/index.php\/producto\/rescoldos-15-2o-semestre-2006\/","url":"https:\/\/zapateneo.net\/wordpress\/index.php\/producto\/rescoldos-15-2o-semestre-2006\/","name":"Rescoldos # 15 (2\u00ba semestre 2006) &#8212; Zapateneo","isPartOf":{"@id":"https:\/\/zapateneo.net\/wordpress\/#website"},"primaryImageOfPage":{"@id":"https:\/\/zapateneo.net\/wordpress\/index.php\/producto\/rescoldos-15-2o-semestre-2006\/#primaryimage"},"image":{"@id":"https:\/\/zapateneo.net\/wordpress\/index.php\/producto\/rescoldos-15-2o-semestre-2006\/#primaryimage"},"thumbnailUrl":"https:\/\/zapateneo.net\/wordpress\/wp-content\/uploads\/2021\/04\/rescoldos-n15-yo-en-ferry-tu-en-patera.jpg","datePublished":"2021-04-09T09:15:10+00:00","dateModified":"2021-09-29T13:01:49+00:00","breadcrumb":{"@id":"https:\/\/zapateneo.net\/wordpress\/index.php\/producto\/rescoldos-15-2o-semestre-2006\/#breadcrumb"},"inLanguage":"es","potentialAction":[{"@type":"ReadAction","target":["https:\/\/zapateneo.net\/wordpress\/index.php\/producto\/rescoldos-15-2o-semestre-2006\/"]}]},{"@type":"ImageObject","inLanguage":"es","@id":"https:\/\/zapateneo.net\/wordpress\/index.php\/producto\/rescoldos-15-2o-semestre-2006\/#primaryimage","url":"https:\/\/zapateneo.net\/wordpress\/wp-content\/uploads\/2021\/04\/rescoldos-n15-yo-en-ferry-tu-en-patera.jpg","contentUrl":"https:\/\/zapateneo.net\/wordpress\/wp-content\/uploads\/2021\/04\/rescoldos-n15-yo-en-ferry-tu-en-patera.jpg","width":452,"height":452},{"@type":"BreadcrumbList","@id":"https:\/\/zapateneo.net\/wordpress\/index.php\/producto\/rescoldos-15-2o-semestre-2006\/#breadcrumb","itemListElement":[{"@type":"ListItem","position":1,"name":"Portada","item":"https:\/\/zapateneo.net\/wordpress\/"},{"@type":"ListItem","position":2,"name":"Tienda","item":"https:\/\/zapateneo.net\/wordpress\/"},{"@type":"ListItem","position":3,"name":"Rescoldos # 15 (2\u00ba semestre 2006)"}]},{"@type":"WebSite","@id":"https:\/\/zapateneo.net\/wordpress\/#website","url":"https:\/\/zapateneo.net\/wordpress\/","name":"Zapateneo","description":"Zapateneoaren webgunea","publisher":{"@id":"https:\/\/zapateneo.net\/wordpress\/#organization"},"potentialAction":[{"@type":"SearchAction","target":{"@type":"EntryPoint","urlTemplate":"https:\/\/zapateneo.net\/wordpress\/?s={search_term_string}"},"query-input":{"@type":"PropertyValueSpecification","valueRequired":true,"valueName":"search_term_string"}}],"inLanguage":"es"},{"@type":"Organization","@id":"https:\/\/zapateneo.net\/wordpress\/#organization","name":"Zapateneo Kultur Elkartea","url":"https:\/\/zapateneo.net\/wordpress\/","logo":{"@type":"ImageObject","inLanguage":"es","@id":"https:\/\/zapateneo.net\/wordpress\/#\/schema\/logo\/image\/","url":"https:\/\/zapateneo.net\/wordpress\/wp-content\/uploads\/2021\/04\/zap-libu-kolec.jpg","contentUrl":"https:\/\/zapateneo.net\/wordpress\/wp-content\/uploads\/2021\/04\/zap-libu-kolec.jpg","width":2234,"height":398,"caption":"Zapateneo Kultur Elkartea"},"image":{"@id":"https:\/\/zapateneo.net\/wordpress\/#\/schema\/logo\/image\/"},"sameAs":["https:\/\/x.com\/zapateneo"]}]}},"_links":{"self":[{"href":"https:\/\/zapateneo.net\/wordpress\/index.php\/wp-json\/wp\/v2\/product\/7273","targetHints":{"allow":["GET"]}}],"collection":[{"href":"https:\/\/zapateneo.net\/wordpress\/index.php\/wp-json\/wp\/v2\/product"}],"about":[{"href":"https:\/\/zapateneo.net\/wordpress\/index.php\/wp-json\/wp\/v2\/types\/product"}],"wp:featuredmedia":[{"embeddable":true,"href":"https:\/\/zapateneo.net\/wordpress\/index.php\/wp-json\/wp\/v2\/media\/8445"}],"wp:attachment":[{"href":"https:\/\/zapateneo.net\/wordpress\/index.php\/wp-json\/wp\/v2\/media?parent=7273"}],"wp:term":[{"taxonomy":"product_brand","embeddable":true,"href":"https:\/\/zapateneo.net\/wordpress\/index.php\/wp-json\/wp\/v2\/product_brand?post=7273"},{"taxonomy":"product_cat","embeddable":true,"href":"https:\/\/zapateneo.net\/wordpress\/index.php\/wp-json\/wp\/v2\/product_cat?post=7273"},{"taxonomy":"product_tag","embeddable":true,"href":"https:\/\/zapateneo.net\/wordpress\/index.php\/wp-json\/wp\/v2\/product_tag?post=7273"}],"curies":[{"name":"wp","href":"https:\/\/api.w.org\/{rel}","templated":true}]}}